{"id":346,"date":"2022-08-28T10:49:05","date_gmt":"2022-08-28T09:49:05","guid":{"rendered":"http:\/\/arbouserecordings.com\/yakininizdaki-yerel-baglantilari-nasil-bulabilirim\/"},"modified":"2022-08-28T10:49:05","modified_gmt":"2022-08-28T09:49:05","slug":"yakininizdaki-yerel-baglantilari-nasil-bulabilirim","status":"publish","type":"page","link":"https:\/\/arbouserecordings.com\/tr\/yakininizdaki-yerel-baglantilari-nasil-bulabilirim\/","title":{"rendered":"Yak\u0131n\u0131n\u0131zdaki Yerel Ba\u011flant\u0131lar\u0131 Nas\u0131l Bulabilirim?"},"content":{"rendered":"<h1>Yak\u0131n\u0131n\u0131zdaki Yerel Ba\u011flant\u0131lar\u0131 Nas\u0131l Bulabilirim?<\/h1>\n<p>Web&#8217;deki en iyi \u00fccretsiz arkada\u015fl\u0131k uygulamas\u0131na ho\u015f geldiniz. \u00c7evrimi\u00e7i bulu\u015fman\u0131n bazen g\u00f6z korkutucu bir g\u00f6rev gibi hissedebilece\u011fini biliyoruz, \u00f6zellikle de yanl\u0131\u015f yerlerde a\u015fk\u0131 ar\u0131yorsan\u0131z. Bu y\u00fczden sitemizi yaln\u0131zca \u00e7evrimi\u00e7i bulu\u015fmay\u0131 herkes i\u00e7in \u00fccretsiz, kolay ve e\u011flenceli hale getirmek amac\u0131yla olu\u015fturduk. Umar\u0131z siz de bizim kadar keyif al\u0131rs\u0131n\u0131z. Herhangi bir sorunuz varsa bizimle ileti\u015fime ge\u00e7mekten \u00e7ekinmeyin. Size yard\u0131mc\u0131 olmak i\u00e7in buraday\u0131z!<\/p>\n<h2>Bir Ba\u011flant\u0131 \u0130\u00e7in Yerel Kad\u0131nlarla Tan\u0131\u015f\u0131n<\/h2>\n<p>NSA, di\u011fer \u00fcyelerle gezinmeyi ve ileti\u015fim kurmay\u0131 kolayla\u015ft\u0131ran temiz bir aray\u00fcz sa\u011flar. Ba\u015fka herhangi bir \u00e7evrimi\u00e7i tan\u0131\u015fma uygulamas\u0131nda bulmay\u0131 bekleyebilece\u011finiz standart \u00f6zelliklere ek olarak, site kalabal\u0131\u011f\u0131n aras\u0131ndan s\u0131yr\u0131lmas\u0131n\u0131 sa\u011flayan birka\u00e7 ekstra avantaj sunuyor.<\/p>\n<p>G\u00f6z\u00fcn\u00fcze \u00e7arpan bir profil se\u00e7tikten sonra, \u00fcyenin cinsiyeti, ya\u015f\u0131, konumu, ilgi alanlar\u0131 ve en \u00f6nemlisi foto\u011fraf galerisi de dahil olmak \u00fczere bilgilerini g\u00f6r\u00fcnt\u00fcleyebilece\u011finiz bir ekrana y\u00f6nlendirilirsiniz. Oradan, profillere g\u00f6z atmaya devam edebilir veya ba\u015fka bir \u00fcyeye g\u00f6z k\u0131rparak ileti\u015fim ba\u015flatabilirsiniz. Her iki durumda da, mesajlar neredeyse an\u0131nda teslim edildi\u011finden uzun s\u00fcre beklemeniz gerekmez.<\/p>\n<p>\u0130\u015fleri daha da ileri g\u00f6t\u00fcrmeye karar verirseniz, resim, video ve g\u00f6stermek istedi\u011finiz her \u015feyi de\u011fi\u015ftirebilece\u011finiz \u00f6zel bir <a href=\"http:\/\/arbouserecordings.com\/tr\/baglanti-siteleri-ile-ozel-birini-bulma\/\">sohbet odas\u0131<\/a> kurabilirsiniz. Facebook, Twitter, Instagram, Kik ve Viber \u00fczerinden arkada\u015f bile ekleyebilirsiniz. Ancak, bir\u00e7ok yeti\u015fkin arkada\u015fl\u0131k uygulamas\u0131n\u0131n aksine, NSa hesaplar\u0131n\u0131z\u0131 birbirine ba\u011flaman\u0131z\u0131 gerektirmez. Bunun yerine, sosyal a\u011flar\u0131n\u0131z\u0131 ayr\u0131 ayr\u0131 ba\u011flayabilirsiniz.<\/p>\n<h2>Bizim Tavsiyemiz<\/h2>\n<p>Bu, <a href=\"http:\/\/arbouserecordings.com\/tr\/yakindaki-bekarlarla-aski-bulma-rehberi\/\">\u00e7evrimi\u00e7i tan\u0131\u015fma siteleri<\/a> ve mobil uygulamalar i\u00e7in bir inceleme toplay\u0131c\u0131 ve kar\u015f\u0131la\u015ft\u0131rma arac\u0131d\u0131r. En iyi tan\u0131\u015fma sitelerini ve mobil uygulamalar\u0131 web&#8217;den, sosyal medyadan ve tarafs\u0131z \u00fc\u00e7\u00fcnc\u00fc taraflardan toplanan verilere dayanarak kar\u015f\u0131la\u015ft\u0131r\u0131yoruz.<\/p>\n<p>Fiyat, \u00fcyelik maliyeti, \u00fcye say\u0131s\u0131, ba\u015far\u0131 hikayeleri, m\u00fc\u015fteri deste\u011fi, g\u00fcvenlik, gizlilik politikas\u0131, geri \u00f6deme politikas\u0131, mobil uygulama kullan\u0131labilirli\u011fi ve \u00e7ok daha fazlas\u0131 dahil olmak \u00fczere 20&#8217;den fazla farkl\u0131 kriteri analiz ediyoruz.<\/p>\n<p>En iyi tan\u0131\u015fma sitelerini ve uygulamalar\u0131n\u0131 nas\u0131l se\u00e7ti\u011fimiz hakk\u0131nda daha fazla bilgi edinmek i\u00e7in buradaki metodolojimizi okuyun.<\/p>\n<h2>Seks siteleri mi yoksa arkada\u015fl\u0131k uygulamalar\u0131 m\u0131 kullanmal\u0131s\u0131n\u0131z?<\/h2>\n<p>\u00c7evrimi\u00e7i arkada\u015fl\u0131k uygulamalar\u0131 d\u00fcnyadaki bekarlar aras\u0131nda giderek daha pop\u00fcler hale geliyor. \u0130nsanlar onlar\u0131 a\u015fk, arkada\u015fl\u0131k, g\u00fcndelik seks ve hatta uzun vadeli ili\u015fkiler bulmak i\u00e7in kullan\u0131yorlar. Ayr\u0131ca e\u011flenceli bulu\u015fmalar, faydalar\u0131 olan arkada\u015flar ve sadece eski fl\u00f6rtler i\u00e7in kullan\u0131l\u0131yorlar. Bir tarih bulmak, potansiyel ortaklarla tan\u0131\u015fmak veya sadece ilgin\u00e7 insanlar\u0131 tan\u0131mak gibi belirli ama\u00e7lar i\u00e7in tasarlananlar da dahil olmak \u00fczere bir\u00e7ok farkl\u0131 \u00e7evrimi\u00e7i tan\u0131\u015fma uygulamas\u0131 t\u00fcr\u00fc vard\u0131r.<\/p>\n<p>Bu t\u00fcr uygulamalar giderek daha pop\u00fcler hale geliyor \u00e7\u00fcnk\u00fc sosyal medya profillerinde gezinmek i\u00e7in saatler harcamak zorunda kalmadan bir tarih bulmay\u0131 kolayla\u015ft\u0131r\u0131yorlar. Art\u0131k y\u00fczlerce farkl\u0131 tan\u0131\u015fma sitesi ve uygulamas\u0131 var, her biri biraz farkl\u0131 bir \u015fey sunuyor. Burada ne sunduklar\u0131na, ne kadara mal olduklar\u0131na ve bunlar\u0131 kullanman\u0131n ne kadar kolay oldu\u011funa bak\u0131yoruz.<\/p>\n<p>Yeni biriyle tan\u0131\u015fmak i\u00e7in harika bir yoldur, \u00f6zellikle de kimseyle randevuya \u00e7\u0131kmak istemiyorsan\u0131z.<\/p>\n","protected":false},"excerpt":{"rendered":"<p>Yak\u0131n\u0131n\u0131zdaki Yerel Ba\u011flant\u0131lar\u0131 Nas\u0131l Bulabilirim? Web&#8217;deki en iyi \u00fccretsiz arkada\u015fl\u0131k uygulamas\u0131na ho\u015f geldiniz. \u00c7evrimi\u00e7i bulu\u015fman\u0131n bazen g\u00f6z korkutucu bir g\u00f6rev gibi hissedebilece\u011fini biliyoruz, \u00f6zellikle de yanl\u0131\u015f yerlerde a\u015fk\u0131 ar\u0131yorsan\u0131z. Bu [&hellip;]<\/p>\n","protected":false},"author":1,"featured_media":279,"parent":0,"menu_order":0,"comment_status":"closed","ping_status":"closed","template":"","meta":[],"yoast_head":"<!-- This site is optimized with the Yoast SEO plugin v17.7.1 - https:\/\/yoast.com\/wordpress\/plugins\/seo\/ -->\n<title>Yak\u0131n\u0131n\u0131zdaki Yerel Ba\u011flant\u0131lar\u0131 Nas\u0131l Bulabilirim? - Adult Recordings<\/title>\n<meta name=\"robots\" content=\"index, follow, max-snippet:-1, max-image-preview:large, max-video-preview:-1\" \/>\n<link rel=\"canonical\" href=\"https:\/\/arbouserecordings.com\/tr\/yakininizdaki-yerel-baglantilari-nasil-bulabilirim\/\" \/>\n<meta property=\"og:locale\" content=\"tr_TR\" \/>\n<meta property=\"og:type\" content=\"article\" \/>\n<meta property=\"og:title\" content=\"Yak\u0131n\u0131n\u0131zdaki Yerel Ba\u011flant\u0131lar\u0131 Nas\u0131l Bulabilirim? - Adult Recordings\" \/>\n<meta property=\"og:description\" content=\"Yak\u0131n\u0131n\u0131zdaki Yerel Ba\u011flant\u0131lar\u0131 Nas\u0131l Bulabilirim? Web&#8217;deki en iyi \u00fccretsiz arkada\u015fl\u0131k uygulamas\u0131na ho\u015f geldiniz. \u00c7evrimi\u00e7i bulu\u015fman\u0131n bazen g\u00f6z korkutucu bir g\u00f6rev gibi hissedebilece\u011fini biliyoruz, \u00f6zellikle de yanl\u0131\u015f yerlerde a\u015fk\u0131 ar\u0131yorsan\u0131z. Bu [&hellip;]\" \/>\n<meta property=\"og:url\" content=\"https:\/\/arbouserecordings.com\/tr\/yakininizdaki-yerel-baglantilari-nasil-bulabilirim\/\" \/>\n<meta property=\"og:site_name\" content=\"Adult Recordings\" \/>\n<meta property=\"og:image\" content=\"https:\/\/arbouserecordings.com\/wp-content\/uploads\/2022\/08\/read-reviews.jpeg\" \/>\n\t<meta property=\"og:image:width\" content=\"2250\" \/>\n\t<meta property=\"og:image:height\" content=\"1500\" \/>\n<meta name=\"twitter:card\" content=\"summary_large_image\" \/>\n<meta name=\"twitter:label1\" content=\"Tahmini okuma s\u00fcresi\" \/>\n\t<meta name=\"twitter:data1\" content=\"3 dakika\" \/>\n<script type=\"application\/ld+json\" class=\"yoast-schema-graph\">{\"@context\":\"https:\/\/schema.org\",\"@graph\":[{\"@type\":\"WebSite\",\"@id\":\"https:\/\/arbouserecordings.com\/nl\/#website\",\"url\":\"https:\/\/arbouserecordings.com\/nl\/\",\"name\":\"Adult Recordings\",\"description\":\"Online Hookup Reviews\",\"potentialAction\":[{\"@type\":\"SearchAction\",\"target\":{\"@type\":\"EntryPoint\",\"urlTemplate\":\"https:\/\/arbouserecordings.com\/nl\/?s={search_term_string}\"},\"query-input\":\"required name=search_term_string\"}],\"inLanguage\":\"tr\"},{\"@type\":\"ImageObject\",\"@id\":\"https:\/\/arbouserecordings.com\/tr\/yakininizdaki-yerel-baglantilari-nasil-bulabilirim\/#primaryimage\",\"inLanguage\":\"tr\",\"url\":\"https:\/\/arbouserecordings.com\/wp-content\/uploads\/2022\/08\/read-reviews.jpeg\",\"contentUrl\":\"https:\/\/arbouserecordings.com\/wp-content\/uploads\/2022\/08\/read-reviews.jpeg\",\"width\":2250,\"height\":1500},{\"@type\":\"WebPage\",\"@id\":\"https:\/\/arbouserecordings.com\/tr\/yakininizdaki-yerel-baglantilari-nasil-bulabilirim\/#webpage\",\"url\":\"https:\/\/arbouserecordings.com\/tr\/yakininizdaki-yerel-baglantilari-nasil-bulabilirim\/\",\"name\":\"Yak\\u0131n\\u0131n\\u0131zdaki Yerel Ba\\u011flant\\u0131lar\\u0131 Nas\\u0131l Bulabilirim? - Adult Recordings\",\"isPartOf\":{\"@id\":\"https:\/\/arbouserecordings.com\/nl\/#website\"},\"primaryImageOfPage\":{\"@id\":\"https:\/\/arbouserecordings.com\/tr\/yakininizdaki-yerel-baglantilari-nasil-bulabilirim\/#primaryimage\"},\"datePublished\":\"2022-08-28T09:49:05+00:00\",\"dateModified\":\"2022-08-28T09:49:05+00:00\",\"breadcrumb\":{\"@id\":\"https:\/\/arbouserecordings.com\/tr\/yakininizdaki-yerel-baglantilari-nasil-bulabilirim\/#breadcrumb\"},\"inLanguage\":\"tr\",\"potentialAction\":[{\"@type\":\"ReadAction\",\"target\":[\"https:\/\/arbouserecordings.com\/tr\/yakininizdaki-yerel-baglantilari-nasil-bulabilirim\/\"]}]},{\"@type\":\"BreadcrumbList\",\"@id\":\"https:\/\/arbouserecordings.com\/tr\/yakininizdaki-yerel-baglantilari-nasil-bulabilirim\/#breadcrumb\",\"itemListElement\":[{\"@type\":\"ListItem\",\"position\":1,\"name\":\"Home\",\"item\":\"https:\/\/arbouserecordings.com\/tr\/\"},{\"@type\":\"ListItem\",\"position\":2,\"name\":\"Yak\\u0131n\\u0131n\\u0131zdaki Yerel Ba\\u011flant\\u0131lar\\u0131 Nas\\u0131l Bulabilirim?\"}]}]}<\/script>\n<!-- \/ Yoast SEO plugin. -->","yoast_head_json":{"title":"Yak\u0131n\u0131n\u0131zdaki Yerel Ba\u011flant\u0131lar\u0131 Nas\u0131l Bulabilirim? - Adult Recordings","robots":{"index":"index","follow":"follow","max-snippet":"max-snippet:-1","max-image-preview":"max-image-preview:large","max-video-preview":"max-video-preview:-1"},"canonical":"https:\/\/arbouserecordings.com\/tr\/yakininizdaki-yerel-baglantilari-nasil-bulabilirim\/","og_locale":"tr_TR","og_type":"article","og_title":"Yak\u0131n\u0131n\u0131zdaki Yerel Ba\u011flant\u0131lar\u0131 Nas\u0131l Bulabilirim? - Adult Recordings","og_description":"Yak\u0131n\u0131n\u0131zdaki Yerel Ba\u011flant\u0131lar\u0131 Nas\u0131l Bulabilirim? Web&#8217;deki en iyi \u00fccretsiz arkada\u015fl\u0131k uygulamas\u0131na ho\u015f geldiniz. \u00c7evrimi\u00e7i bulu\u015fman\u0131n bazen g\u00f6z korkutucu bir g\u00f6rev gibi hissedebilece\u011fini biliyoruz, \u00f6zellikle de yanl\u0131\u015f yerlerde a\u015fk\u0131 ar\u0131yorsan\u0131z. Bu [&hellip;]","og_url":"https:\/\/arbouserecordings.com\/tr\/yakininizdaki-yerel-baglantilari-nasil-bulabilirim\/","og_site_name":"Adult Recordings","og_image":[{"width":2250,"height":1500,"url":"https:\/\/arbouserecordings.com\/wp-content\/uploads\/2022\/08\/read-reviews.jpeg","type":"image\/jpeg"}],"twitter_card":"summary_large_image","twitter_misc":{"Tahmini okuma s\u00fcresi":"3 dakika"},"schema":{"@context":"https:\/\/schema.org","@graph":[{"@type":"WebSite","@id":"https:\/\/arbouserecordings.com\/nl\/#website","url":"https:\/\/arbouserecordings.com\/nl\/","name":"Adult Recordings","description":"Online Hookup Reviews","potentialAction":[{"@type":"SearchAction","target":{"@type":"EntryPoint","urlTemplate":"https:\/\/arbouserecordings.com\/nl\/?s={search_term_string}"},"query-input":"required name=search_term_string"}],"inLanguage":"tr"},{"@type":"ImageObject","@id":"https:\/\/arbouserecordings.com\/tr\/yakininizdaki-yerel-baglantilari-nasil-bulabilirim\/#primaryimage","inLanguage":"tr","url":"https:\/\/arbouserecordings.com\/wp-content\/uploads\/2022\/08\/read-reviews.jpeg","contentUrl":"https:\/\/arbouserecordings.com\/wp-content\/uploads\/2022\/08\/read-reviews.jpeg","width":2250,"height":1500},{"@type":"WebPage","@id":"https:\/\/arbouserecordings.com\/tr\/yakininizdaki-yerel-baglantilari-nasil-bulabilirim\/#webpage","url":"https:\/\/arbouserecordings.com\/tr\/yakininizdaki-yerel-baglantilari-nasil-bulabilirim\/","name":"Yak\u0131n\u0131n\u0131zdaki Yerel Ba\u011flant\u0131lar\u0131 Nas\u0131l Bulabilirim? - Adult Recordings","isPartOf":{"@id":"https:\/\/arbouserecordings.com\/nl\/#website"},"primaryImageOfPage":{"@id":"https:\/\/arbouserecordings.com\/tr\/yakininizdaki-yerel-baglantilari-nasil-bulabilirim\/#primaryimage"},"datePublished":"2022-08-28T09:49:05+00:00","dateModified":"2022-08-28T09:49:05+00:00","breadcrumb":{"@id":"https:\/\/arbouserecordings.com\/tr\/yakininizdaki-yerel-baglantilari-nasil-bulabilirim\/#breadcrumb"},"inLanguage":"tr","potentialAction":[{"@type":"ReadAction","target":["https:\/\/arbouserecordings.com\/tr\/yakininizdaki-yerel-baglantilari-nasil-bulabilirim\/"]}]},{"@type":"BreadcrumbList","@id":"https:\/\/arbouserecordings.com\/tr\/yakininizdaki-yerel-baglantilari-nasil-bulabilirim\/#breadcrumb","itemListElement":[{"@type":"ListItem","position":1,"name":"Home","item":"https:\/\/arbouserecordings.com\/tr\/"},{"@type":"ListItem","position":2,"name":"Yak\u0131n\u0131n\u0131zdaki Yerel Ba\u011flant\u0131lar\u0131 Nas\u0131l Bulabilirim?"}]}]}},"_links":{"self":[{"href":"https:\/\/arbouserecordings.com\/tr\/wp-json\/wp\/v2\/pages\/346"}],"collection":[{"href":"https:\/\/arbouserecordings.com\/tr\/wp-json\/wp\/v2\/pages"}],"about":[{"href":"https:\/\/arbouserecordings.com\/tr\/wp-json\/wp\/v2\/types\/page"}],"author":[{"embeddable":true,"href":"https:\/\/arbouserecordings.com\/tr\/wp-json\/wp\/v2\/users\/1"}],"replies":[{"embeddable":true,"href":"https:\/\/arbouserecordings.com\/tr\/wp-json\/wp\/v2\/comments?post=346"}],"version-history":[{"count":0,"href":"https:\/\/arbouserecordings.com\/tr\/wp-json\/wp\/v2\/pages\/346\/revisions"}],"wp:featuredmedia":[{"embeddable":true,"href":"https:\/\/arbouserecordings.com\/tr\/wp-json\/wp\/v2\/media\/279"}],"wp:attachment":[{"href":"https:\/\/arbouserecordings.com\/tr\/wp-json\/wp\/v2\/media?parent=346"}],"curies":[{"name":"wp","href":"https:\/\/api.w.org\/{rel}","templated":true}]}}