{"id":342,"date":"2022-08-28T11:00:46","date_gmt":"2022-08-28T10:00:46","guid":{"rendered":"http:\/\/arbouserecordings.com\/baglanti-siteleri-ile-ozel-birini-bulma\/"},"modified":"2022-08-28T11:00:46","modified_gmt":"2022-08-28T10:00:46","slug":"baglanti-siteleri-ile-ozel-birini-bulma","status":"publish","type":"page","link":"https:\/\/arbouserecordings.com\/tr\/baglanti-siteleri-ile-ozel-birini-bulma\/","title":{"rendered":"Ba\u011flant\u0131 Siteleri ile \u00d6zel Birini Bulma"},"content":{"rendered":"<h1>Ba\u011flant\u0131 Siteleri ile \u00d6zel Birini Bulma<\/h1>\n<p>Bir arkada\u015fl\u0131k uygulamas\u0131 kullanmak istemenizin bir\u00e7ok nedeni vard\u0131r, bunun nedeni \u00f6zel biriyle tan\u0131\u015fmak, a\u015fk\u0131 bulmak veya sadece arkada\u015f edinmek istemenizdir. Ancak do\u011fru olan\u0131 bulmak zor olabilir, \u00f6zellikle de orada \u00e7ok fazla se\u00e7enek oldu\u011fu i\u00e7in. \u0130\u015fte hangi arkada\u015fl\u0131k uygulamas\u0131n\u0131n sizin i\u00e7in en iyisi oldu\u011funa karar vermenize yard\u0131mc\u0131 olacak rehberimiz.<\/p>\n<h2>\u00d6zel Biriyle Tan\u0131\u015fmak \u0130stiyorsunuz<\/h2>\n<p>Belirli biriyle <a href=\"http:\/\/arbouserecordings.com\/tr\/online-bulusmada-nasil-basarili-olun-profilinizi-dogru-yapin\/\">\u00e7\u0131kmak<\/a> istiyorsan\u0131z, muhtemelen alan\u0131 daraltarak ba\u015flamak isteyeceksiniz. Bu \u015fekilde, sizi daha iyi tan\u0131makla ilgilenmeyen insanlarla e\u015fle\u015fmeler bulmaya \u00e7al\u0131\u015f\u0131rken \u00e7ok fazla zaman kaybetmezsiniz. Uzun vadeli bir ili\u015fki ar\u0131yorsan\u0131z, muhtemelen Tinder, Bumble, Hinge, OkCupid, PlentyOfFish, Match, Zoosk, Coffee Meets Simit, eHarmony, ChristianMingle, ve Match.com gibi uygulamalar\u0131 g\u00f6z \u00f6n\u00fcnde bulundurmak isteyeceksiniz. Ancak, sadece baz\u0131 g\u00fcndelik ba\u011flant\u0131lar kurmak istiyorsan\u0131z, Happn, Grinder, Badoo, Grindr, Hornet ve Tango gibi uygulamalar\u0131 deneyebilirsiniz.<\/p>\n<h3>Sadece biraz e\u011flence istiyorsun<\/h3>\n<p>Baz\u0131 arkada\u015fl\u0131k uygulamalar\u0131 arkada\u015f edinmeye y\u00f6neliktir, baz\u0131lar\u0131 ise ba\u011flant\u0131 kurmak i\u00e7in \u00f6zel olarak tasarlanm\u0131\u015ft\u0131r. Tinder, Bumble ve Whisper gibi uygulamalar arkada\u015f edinmek isteyenler i\u00e7in harikayken, Scruff, Growlr ve Blendr gibi uygulamalar cinsel olarak ba\u011flanmaya daha fazla odaklanm\u0131\u015ft\u0131r. Sosyal olarak ba\u011flanmak istiyorsan\u0131z, Facebook, Instagram, Snapchat, Twitter, LinkedIn, Viber, Kik, Whatsapp, WeChat, Line, Telegram, Skype, Yahoo Messenger, Pinterest, Tumblr, Reddit ve Tumblr gibi uygulamalara g\u00f6z atabilirsiniz.<\/p>\n<h3>Ne T\u00fcr Bir \u0130nsan Arad\u0131\u011f\u0131n\u0131z\u0131 Bilmiyorsunuz<\/h3>\n<p>Profiliniz ne kadar iyi olursa olsun, arad\u0131\u011f\u0131n\u0131z ki\u015fi t\u00fcr\u00fcn\u00fc otomatik olarak \u00e7ekece\u011finiz anlam\u0131na gelmez. Asl\u0131nda, \u00e7o\u011fu insan belirli insan t\u00fcrlerine ilgi duyduklar\u0131n\u0131n fark\u0131nda bile de\u011fildir. Bu nedenle, kim oldu\u011funuzu ve bir partnerde ne arad\u0131\u011f\u0131n\u0131z\u0131 ger\u00e7ekten d\u00fc\u015f\u00fcnmek i\u00e7in zaman ay\u0131rmak \u00f6nemlidir. Sonra, bunu anlad\u0131ktan sonra, i\u015fleri daha da daraltabilirsiniz.<\/p>\n<h2>Ciddi Bir \u0130li\u015fki \u0130\u00e7in En \u0130yi Uygulama: OkCupid<\/h2>\n<p>OkCupid, piyasadaki en pop\u00fcler \u00fccretsiz tan\u0131\u015fma sitelerinden biridir. 2007&#8217;den beri var ve d\u00fcnya \u00e7ap\u0131nda yakla\u015f\u0131k 30 milyon aktif \u00fcyesi var. Bir\u00e7ok ki\u015fi <a href=\"http:\/\/arbouserecordings.com\/tr\/yakininizdaki-yerel-baglantilari-nasil-bulabilirim\/\">\u00e7evrimi\u00e7i bulu\u015fma<\/a> konusunda \u015f\u00fcpheci olsa da, OkCupid asl\u0131nda olduk\u00e7a ba\u015far\u0131l\u0131. Sitelerinde binlerce g\u00fcnl\u00fck konu\u015fma oluyor ve ba\u015far\u0131lar\u0131n\u0131n tek bir \u015feye ba\u011fl\u0131 oldu\u011funu s\u00f6yl\u00fcyorlar: \u00e7ok fazla a\u015fk mektubu.<\/p>\n<p>Uygulama, basit \u015feylerden birisiyle yatmadan \u00f6nce genellikle ka\u00e7 randevu bekledi\u011finiz Ukrayna&#8217;ya kadar bir soru sitesi sorar. Bununla birlikte, ne kadar derine giderseniz, OkCupid&#8217;e g\u00f6re profilleriniz o kadar do\u011fru olur. Bu, sitenin e\u015fle\u015fmeleri yaln\u0131zca konumunuza g\u00f6re de\u011fil, istediklerinize g\u00f6re bulmas\u0131n\u0131 sa\u011flar.<\/p>\n<p>OkCupid, d\u00fcnya \u00e7ap\u0131nda 30 milyon aktif \u00fcyeden olu\u015fan \u00e7ok g\u00fc\u00e7l\u00fc bir kullan\u0131c\u0131 taban\u0131na sahip olsa da, ma\u00e7lar\u0131n kalitesi ya\u015fad\u0131\u011f\u0131n\u0131z yere ba\u011fl\u0131 olarak de\u011fi\u015fecektir. B\u00fcy\u00fck bir \u015fehirde de\u011filseniz, muhtemelen daha az se\u00e7enek g\u00f6receksiniz.<\/p>\n","protected":false},"excerpt":{"rendered":"<p>Ba\u011flant\u0131 Siteleri ile \u00d6zel Birini Bulma Bir arkada\u015fl\u0131k uygulamas\u0131 kullanmak istemenizin bir\u00e7ok nedeni vard\u0131r, bunun nedeni \u00f6zel biriyle tan\u0131\u015fmak, a\u015fk\u0131 bulmak veya sadece arkada\u015f edinmek istemenizdir. Ancak do\u011fru olan\u0131 bulmak [&hellip;]<\/p>\n","protected":false},"author":1,"featured_media":249,"parent":0,"menu_order":0,"comment_status":"closed","ping_status":"closed","template":"","meta":[],"yoast_head":"<!-- This site is optimized with the Yoast SEO plugin v17.7.1 - https:\/\/yoast.com\/wordpress\/plugins\/seo\/ -->\n<title>Ba\u011flant\u0131 Siteleri ile \u00d6zel Birini Bulma - Adult Recordings<\/title>\n<meta name=\"robots\" content=\"index, follow, max-snippet:-1, max-image-preview:large, max-video-preview:-1\" \/>\n<link rel=\"canonical\" href=\"https:\/\/arbouserecordings.com\/tr\/baglanti-siteleri-ile-ozel-birini-bulma\/\" \/>\n<meta property=\"og:locale\" content=\"tr_TR\" \/>\n<meta property=\"og:type\" content=\"article\" \/>\n<meta property=\"og:title\" content=\"Ba\u011flant\u0131 Siteleri ile \u00d6zel Birini Bulma - Adult Recordings\" \/>\n<meta property=\"og:description\" content=\"Ba\u011flant\u0131 Siteleri ile \u00d6zel Birini Bulma Bir arkada\u015fl\u0131k uygulamas\u0131 kullanmak istemenizin bir\u00e7ok nedeni vard\u0131r, bunun nedeni \u00f6zel biriyle tan\u0131\u015fmak, a\u015fk\u0131 bulmak veya sadece arkada\u015f edinmek istemenizdir. Ancak do\u011fru olan\u0131 bulmak [&hellip;]\" \/>\n<meta property=\"og:url\" content=\"https:\/\/arbouserecordings.com\/tr\/baglanti-siteleri-ile-ozel-birini-bulma\/\" \/>\n<meta property=\"og:site_name\" content=\"Adult Recordings\" \/>\n<meta property=\"og:image\" content=\"https:\/\/arbouserecordings.com\/wp-content\/uploads\/2022\/08\/free-adult-hookup-apps.jpeg\" \/>\n\t<meta property=\"og:image:width\" content=\"1125\" \/>\n\t<meta property=\"og:image:height\" content=\"750\" \/>\n<meta name=\"twitter:card\" content=\"summary_large_image\" \/>\n<meta name=\"twitter:label1\" content=\"Tahmini okuma s\u00fcresi\" \/>\n\t<meta name=\"twitter:data1\" content=\"3 dakika\" \/>\n<script type=\"application\/ld+json\" class=\"yoast-schema-graph\">{\"@context\":\"https:\/\/schema.org\",\"@graph\":[{\"@type\":\"WebSite\",\"@id\":\"https:\/\/arbouserecordings.com\/nl\/#website\",\"url\":\"https:\/\/arbouserecordings.com\/nl\/\",\"name\":\"Adult Recordings\",\"description\":\"Online Hookup Reviews\",\"potentialAction\":[{\"@type\":\"SearchAction\",\"target\":{\"@type\":\"EntryPoint\",\"urlTemplate\":\"https:\/\/arbouserecordings.com\/nl\/?s={search_term_string}\"},\"query-input\":\"required name=search_term_string\"}],\"inLanguage\":\"tr\"},{\"@type\":\"ImageObject\",\"@id\":\"https:\/\/arbouserecordings.com\/tr\/baglanti-siteleri-ile-ozel-birini-bulma\/#primaryimage\",\"inLanguage\":\"tr\",\"url\":\"https:\/\/arbouserecordings.com\/wp-content\/uploads\/2022\/08\/free-adult-hookup-apps.jpeg\",\"contentUrl\":\"https:\/\/arbouserecordings.com\/wp-content\/uploads\/2022\/08\/free-adult-hookup-apps.jpeg\",\"width\":1125,\"height\":750},{\"@type\":\"WebPage\",\"@id\":\"https:\/\/arbouserecordings.com\/tr\/baglanti-siteleri-ile-ozel-birini-bulma\/#webpage\",\"url\":\"https:\/\/arbouserecordings.com\/tr\/baglanti-siteleri-ile-ozel-birini-bulma\/\",\"name\":\"Ba\\u011flant\\u0131 Siteleri ile \\u00d6zel Birini Bulma - Adult Recordings\",\"isPartOf\":{\"@id\":\"https:\/\/arbouserecordings.com\/nl\/#website\"},\"primaryImageOfPage\":{\"@id\":\"https:\/\/arbouserecordings.com\/tr\/baglanti-siteleri-ile-ozel-birini-bulma\/#primaryimage\"},\"datePublished\":\"2022-08-28T10:00:46+00:00\",\"dateModified\":\"2022-08-28T10:00:46+00:00\",\"breadcrumb\":{\"@id\":\"https:\/\/arbouserecordings.com\/tr\/baglanti-siteleri-ile-ozel-birini-bulma\/#breadcrumb\"},\"inLanguage\":\"tr\",\"potentialAction\":[{\"@type\":\"ReadAction\",\"target\":[\"https:\/\/arbouserecordings.com\/tr\/baglanti-siteleri-ile-ozel-birini-bulma\/\"]}]},{\"@type\":\"BreadcrumbList\",\"@id\":\"https:\/\/arbouserecordings.com\/tr\/baglanti-siteleri-ile-ozel-birini-bulma\/#breadcrumb\",\"itemListElement\":[{\"@type\":\"ListItem\",\"position\":1,\"name\":\"Home\",\"item\":\"https:\/\/arbouserecordings.com\/tr\/\"},{\"@type\":\"ListItem\",\"position\":2,\"name\":\"Ba\\u011flant\\u0131 Siteleri ile \\u00d6zel Birini Bulma\"}]}]}<\/script>\n<!-- \/ Yoast SEO plugin. -->","yoast_head_json":{"title":"Ba\u011flant\u0131 Siteleri ile \u00d6zel Birini Bulma - Adult Recordings","robots":{"index":"index","follow":"follow","max-snippet":"max-snippet:-1","max-image-preview":"max-image-preview:large","max-video-preview":"max-video-preview:-1"},"canonical":"https:\/\/arbouserecordings.com\/tr\/baglanti-siteleri-ile-ozel-birini-bulma\/","og_locale":"tr_TR","og_type":"article","og_title":"Ba\u011flant\u0131 Siteleri ile \u00d6zel Birini Bulma - Adult Recordings","og_description":"Ba\u011flant\u0131 Siteleri ile \u00d6zel Birini Bulma Bir arkada\u015fl\u0131k uygulamas\u0131 kullanmak istemenizin bir\u00e7ok nedeni vard\u0131r, bunun nedeni \u00f6zel biriyle tan\u0131\u015fmak, a\u015fk\u0131 bulmak veya sadece arkada\u015f edinmek istemenizdir. Ancak do\u011fru olan\u0131 bulmak [&hellip;]","og_url":"https:\/\/arbouserecordings.com\/tr\/baglanti-siteleri-ile-ozel-birini-bulma\/","og_site_name":"Adult Recordings","og_image":[{"width":1125,"height":750,"url":"https:\/\/arbouserecordings.com\/wp-content\/uploads\/2022\/08\/free-adult-hookup-apps.jpeg","type":"image\/jpeg"}],"twitter_card":"summary_large_image","twitter_misc":{"Tahmini okuma s\u00fcresi":"3 dakika"},"schema":{"@context":"https:\/\/schema.org","@graph":[{"@type":"WebSite","@id":"https:\/\/arbouserecordings.com\/nl\/#website","url":"https:\/\/arbouserecordings.com\/nl\/","name":"Adult Recordings","description":"Online Hookup Reviews","potentialAction":[{"@type":"SearchAction","target":{"@type":"EntryPoint","urlTemplate":"https:\/\/arbouserecordings.com\/nl\/?s={search_term_string}"},"query-input":"required name=search_term_string"}],"inLanguage":"tr"},{"@type":"ImageObject","@id":"https:\/\/arbouserecordings.com\/tr\/baglanti-siteleri-ile-ozel-birini-bulma\/#primaryimage","inLanguage":"tr","url":"https:\/\/arbouserecordings.com\/wp-content\/uploads\/2022\/08\/free-adult-hookup-apps.jpeg","contentUrl":"https:\/\/arbouserecordings.com\/wp-content\/uploads\/2022\/08\/free-adult-hookup-apps.jpeg","width":1125,"height":750},{"@type":"WebPage","@id":"https:\/\/arbouserecordings.com\/tr\/baglanti-siteleri-ile-ozel-birini-bulma\/#webpage","url":"https:\/\/arbouserecordings.com\/tr\/baglanti-siteleri-ile-ozel-birini-bulma\/","name":"Ba\u011flant\u0131 Siteleri ile \u00d6zel Birini Bulma - Adult Recordings","isPartOf":{"@id":"https:\/\/arbouserecordings.com\/nl\/#website"},"primaryImageOfPage":{"@id":"https:\/\/arbouserecordings.com\/tr\/baglanti-siteleri-ile-ozel-birini-bulma\/#primaryimage"},"datePublished":"2022-08-28T10:00:46+00:00","dateModified":"2022-08-28T10:00:46+00:00","breadcrumb":{"@id":"https:\/\/arbouserecordings.com\/tr\/baglanti-siteleri-ile-ozel-birini-bulma\/#breadcrumb"},"inLanguage":"tr","potentialAction":[{"@type":"ReadAction","target":["https:\/\/arbouserecordings.com\/tr\/baglanti-siteleri-ile-ozel-birini-bulma\/"]}]},{"@type":"BreadcrumbList","@id":"https:\/\/arbouserecordings.com\/tr\/baglanti-siteleri-ile-ozel-birini-bulma\/#breadcrumb","itemListElement":[{"@type":"ListItem","position":1,"name":"Home","item":"https:\/\/arbouserecordings.com\/tr\/"},{"@type":"ListItem","position":2,"name":"Ba\u011flant\u0131 Siteleri ile \u00d6zel Birini Bulma"}]}]}},"_links":{"self":[{"href":"https:\/\/arbouserecordings.com\/tr\/wp-json\/wp\/v2\/pages\/342"}],"collection":[{"href":"https:\/\/arbouserecordings.com\/tr\/wp-json\/wp\/v2\/pages"}],"about":[{"href":"https:\/\/arbouserecordings.com\/tr\/wp-json\/wp\/v2\/types\/page"}],"author":[{"embeddable":true,"href":"https:\/\/arbouserecordings.com\/tr\/wp-json\/wp\/v2\/users\/1"}],"replies":[{"embeddable":true,"href":"https:\/\/arbouserecordings.com\/tr\/wp-json\/wp\/v2\/comments?post=342"}],"version-history":[{"count":0,"href":"https:\/\/arbouserecordings.com\/tr\/wp-json\/wp\/v2\/pages\/342\/revisions"}],"wp:featuredmedia":[{"embeddable":true,"href":"https:\/\/arbouserecordings.com\/tr\/wp-json\/wp\/v2\/media\/249"}],"wp:attachment":[{"href":"https:\/\/arbouserecordings.com\/tr\/wp-json\/wp\/v2\/media?parent=342"}],"curies":[{"name":"wp","href":"https:\/\/api.w.org\/{rel}","templated":true}]}}