{"id":329,"date":"2022-08-28T10:58:17","date_gmt":"2022-08-28T09:58:17","guid":{"rendered":"http:\/\/arbouserecordings.com\/online-bulusmada-nasil-basarili-olun-profilinizi-dogru-yapin\/"},"modified":"2022-08-28T10:58:17","modified_gmt":"2022-08-28T09:58:17","slug":"online-bulusmada-nasil-basarili-olun-profilinizi-dogru-yapin","status":"publish","type":"page","link":"https:\/\/arbouserecordings.com\/tr\/online-bulusmada-nasil-basarili-olun-profilinizi-dogru-yapin\/","title":{"rendered":"Online Bulu\u015fmada Nas\u0131l Ba\u015far\u0131l\u0131 Olun: Profilinizi Do\u011fru Yap\u0131n"},"content":{"rendered":"<h1>Online Bulu\u015fmada Nas\u0131l Ba\u015far\u0131l\u0131 Olun: Profilinizi Do\u011fru Yap\u0131n<\/h1>\n<p>En pop\u00fcler tan\u0131\u015fma siteleri aras\u0131nda eHarmony, Match, OkCupid, PlentyOfFish ve Tinder bulunur. Hepsi \u00f6zellikler, maliyetler ve gizlilik politikalar\u0131 a\u00e7\u0131s\u0131ndan farkl\u0131l\u0131k g\u00f6sterir. Ancak, genellikle benzer kurallar\u0131 izlerler. \u00d6rne\u011fin, bir\u00e7ok site, kullan\u0131c\u0131lar\u0131n ya\u015f, cinsiyet, e\u011fitim d\u00fczeyi, din, siyasi ba\u011flant\u0131, cinsel y\u00f6nelim vb. \u0130le ilgili sorular da dahil olmak \u00fczere kendileri hakk\u0131nda anketler doldurmalar\u0131n\u0131 gerektirir. Kullan\u0131c\u0131lar ayr\u0131ca ideal ortaklar\u0131yla ilgili sorular\u0131 da yan\u0131tlarlar. Bu sorular, sitenin her iki taraf i\u00e7in de uygun olup olmad\u0131\u011f\u0131n\u0131 belirlemesine yard\u0131mc\u0131 olur.<\/p>\n<h2>Nihai Arkada\u015fl\u0131k Profilleri Nas\u0131l Yap\u0131l\u0131r<\/h2>\n<p>Kaydolduktan sonra, yak\u0131nlarda yeni e\u015fle\u015fmeler oldu\u011funda e-posta bildirimleri al\u0131rs\u0131n\u0131z. Do\u011frudan uygulamadan profillere g\u00f6z atabilir ve mesaj g\u00f6nderebilirsiniz. \u00c7o\u011fu site profil resminizi, kapak foto\u011fraf\u0131n\u0131z\u0131, biyografinizi ve konumunuzu ayarlaman\u0131za izin verir. Siteye ba\u011fl\u0131 olarak farkl\u0131 gereksinimler olabilir. Baz\u0131 siteler sizden foto\u011fraf y\u00fcklemenizi isteyebilir. Di\u011ferleri sizden bir selfie \u00e7ekmenizi isteyebilir. Ve di\u011ferleri sizden \u015fehir ad\u0131n\u0131z\u0131 girmenizi isteyebilir. Bu sitelerden birini kullanmaya karar verirseniz, ayr\u0131nt\u0131l\u0131 bilgileri dikkatlice okudu\u011funuzdan emin olun.<\/p>\n<p>Baz\u0131 siteler potansiyel ortaklarla ileti\u015fim kurmak i\u00e7in \u00fccret al\u0131r. Bu \u00fccret ayda 0-10 dolar aras\u0131nda de\u011fi\u015febilir. Di\u011fer siteler, hi\u00e7bir \u015fey \u00f6demeden s\u0131n\u0131rs\u0131z mesajla\u015fmaya eri\u015fmenizi sa\u011flar. Yine de di\u011ferlerinin ayl\u0131k \u00fccreti yoktur. Herhangi bir gizli \u00fccret olup olmad\u0131\u011f\u0131n\u0131 g\u00f6rmek i\u00e7in sitenin SSS b\u00f6l\u00fcm\u00fcne bak\u0131n.<\/p>\n<p>Belirli ki\u015filerle ileti\u015fim kurmak i\u00e7in \u00f6deme yapman\u0131z gerekebilir. <a href=\"http:\/\/arbouserecordings.com\/tr\/yakindaki-bekarlarla-aski-bulma-rehberi\/\">Bir\u00e7ok site,<\/a> \u00fcyelik i\u00e7in \u00f6deme yapan \u00fcyelerle sohbet etmenizi sa\u011flayan premium hesaplar sunar. Genellikle, her bir ki\u015fiyle ayr\u0131 ayr\u0131 konu\u015fmak i\u00e7in k\u00fc\u00e7\u00fck bir miktar \u00f6demeniz gerekir. Di\u011fer siteler herkesle sohbet etmenize izin verebilir, ancak kimseye e-posta g\u00f6nderemezsiniz.<\/p>\n<p>Bir tan\u0131\u015fma sitesi aboneli\u011fine para harcamay\u0131 tercih etmiyorsan\u0131z, sosyal medya arac\u0131l\u0131\u011f\u0131yla bekarlarla ba\u011flant\u0131 kurmak i\u00e7in hala bir\u00e7ok f\u0131rsat bulabilirsiniz. Facebook gruplar\u0131, Twitter sohbetleri, Instagram hikayeleri ve YouTube videolar\u0131, yak\u0131n\u0131n\u0131zda ya\u015fayan di\u011fer insanlarla etkile\u015fim kurman\u0131n sadece birka\u00e7 yoludur.<\/p>\n<h2>Online Tan\u0131\u015fma Siteleri Nas\u0131l Kullan\u0131l\u0131r<\/h2>\n<p>\u00c7evrimi\u00e7i bir tan\u0131\u015fma sitesine kaydolmadan \u00f6nce, deneyiminizden ne istedi\u011finizi d\u00fc\u015f\u00fcnmek \u00f6nemlidir. S\u0131radan randevular\u0131 m\u0131 tercih edersiniz yoksa ciddi bir \u015fey mi istiyorsunuz? A\u015fk\u0131 bulmakla ilgileniyorsan\u0131z, orada bir\u00e7ok se\u00e7enek var. Baz\u0131lar\u0131 tek gecelik ili\u015fkiler i\u00e7in daha uygundur, baz\u0131lar\u0131 ise uzun vadeli ili\u015fkiler arayanlara hitap eder. Ya\u015fl\u0131lar veya k\u0131rsal alanlardaki insanlar gibi belirli demografilere odaklanan ni\u015f siteler bile var.<\/p>\n<p>Muhtemelen anlamak isteyece\u011finiz ilk \u015fey, ne t\u00fcr bir ili\u015fki bulmay\u0131 umdu\u011funuzdur. Sadece e\u011flenceli bir ka\u00e7\u0131\u015f m\u0131 demek istiyorsun yoksa daha ciddi bir \u015fey mi ar\u0131yorsun? Bu karar se\u00e7imlerinizi daraltman\u0131za yard\u0131mc\u0131 olacakt\u0131r. Ard\u0131ndan, hangi \u00f6zelliklerin sizin i\u00e7in \u00f6nemli oldu\u011funu d\u00fc\u015f\u00fcn\u00fcn. \u00d6rne\u011fin, sporla ilgileniyorsan\u0131z, ma\u00e7lar\u0131 favori tak\u0131m\u0131n\u0131za veya sporunuza g\u00f6re filtrelemenize olanak tan\u0131yan bir site arayabilirsiniz. Ya da belki de ilgi alanlar\u0131 a\u00e7\u0131s\u0131ndan size benzer biriyle \u00e7\u0131kmay\u0131 tercih edersiniz.<\/p>\n<h2>Buna De\u011fer mi?<\/h2>\n<p>Son olarak, oradaki farkl\u0131 tan\u0131\u015fma sitelerine bir g\u00f6z at\u0131n. Baz\u0131lar\u0131 <a href=\"http:\/\/arbouserecordings.com\/tr\/yakininizdaki-yerel-baglantilari-nasil-bulabilirim\/\">\u00f6zellikle k\u0131sa vadeli i\u015fler<\/a> i\u00e7in tasarlanm\u0131\u015fken, di\u011ferleri uzun vadeli ili\u015fkilere odaklanm\u0131\u015ft\u0131r. Her sitenin ka\u00e7 \u00fcyesi oldu\u011funu da not edin. Daha b\u00fcy\u00fck \u00fcyelik say\u0131lar\u0131na sahip siteler daha fazla dikkat \u00e7ekme e\u011filimindedir.<\/p>\n<p>Bir tan\u0131\u015fma uygulamas\u0131n\u0131n veya site aboneli\u011finin ortalama maliyeti, ka\u00e7 \u00f6zelli\u011fin dahil edildi\u011fine ba\u011fl\u0131 olarak ayda yakla\u015f\u0131k 15-200 ABD Dolar\u0131 aras\u0131nda de\u011fi\u015fmektedir. Tinder ve Bumble da dahil olmak \u00fczere baz\u0131 harika \u00fccretsiz se\u00e7enekler var, ancak her \u015feye eri\u015fmek istiyorsan\u0131z, \u00fccretli \u00fcyeli\u011fi tercih etmek genellikle en iyisidir.<\/p>\n<p>Bir tan\u0131\u015fma sitesine kat\u0131lman\u0131n hi\u00e7 ak\u0131ll\u0131ca olmad\u0131\u011f\u0131n\u0131 d\u00fc\u015f\u00fcnebilirsiniz &#8211; sonu\u00e7ta, herkes \u00e7evrimi\u00e7i a\u015fk\u0131 bulman\u0131n kolay oldu\u011funu bilir. Ancak bir \u015feyin kula\u011fa iyi bir fikir gibi gelmesi, asl\u0131nda \u00f6yle oldu\u011fu anlam\u0131na gelmez. Herhangi bir \u015feye kaydolmadan \u00f6nce, ara\u015ft\u0131rman\u0131z\u0131 yap\u0131n ve sitenin arad\u0131\u011f\u0131n\u0131z\u0131 sundu\u011fundan emin olun. Buna de\u011fmeyen bir abonelikte para harcamak istemezsiniz.<\/p>\n","protected":false},"excerpt":{"rendered":"<p>Online Bulu\u015fmada Nas\u0131l Ba\u015far\u0131l\u0131 Olun: Profilinizi Do\u011fru Yap\u0131n En pop\u00fcler tan\u0131\u015fma siteleri aras\u0131nda eHarmony, Match, OkCupid, PlentyOfFish ve Tinder bulunur. Hepsi \u00f6zellikler, maliyetler ve gizlilik politikalar\u0131 a\u00e7\u0131s\u0131ndan farkl\u0131l\u0131k g\u00f6sterir. Ancak, [&hellip;]<\/p>\n","protected":false},"author":1,"featured_media":234,"parent":0,"menu_order":0,"comment_status":"closed","ping_status":"closed","template":"","meta":[],"yoast_head":"<!-- This site is optimized with the Yoast SEO plugin v17.7.1 - https:\/\/yoast.com\/wordpress\/plugins\/seo\/ -->\n<title>Online Bulu\u015fmada Nas\u0131l Ba\u015far\u0131l\u0131 Olun: Profilinizi Do\u011fru Yap\u0131n - Adult Recordings<\/title>\n<meta name=\"robots\" content=\"index, follow, max-snippet:-1, max-image-preview:large, max-video-preview:-1\" \/>\n<link rel=\"canonical\" href=\"https:\/\/arbouserecordings.com\/tr\/online-bulusmada-nasil-basarili-olun-profilinizi-dogru-yapin\/\" \/>\n<meta property=\"og:locale\" content=\"tr_TR\" \/>\n<meta property=\"og:type\" content=\"article\" \/>\n<meta property=\"og:title\" content=\"Online Bulu\u015fmada Nas\u0131l Ba\u015far\u0131l\u0131 Olun: Profilinizi Do\u011fru Yap\u0131n - Adult Recordings\" \/>\n<meta property=\"og:description\" content=\"Online Bulu\u015fmada Nas\u0131l Ba\u015far\u0131l\u0131 Olun: Profilinizi Do\u011fru Yap\u0131n En pop\u00fcler tan\u0131\u015fma siteleri aras\u0131nda eHarmony, Match, OkCupid, PlentyOfFish ve Tinder bulunur. Hepsi \u00f6zellikler, maliyetler ve gizlilik politikalar\u0131 a\u00e7\u0131s\u0131ndan farkl\u0131l\u0131k g\u00f6sterir. Ancak, [&hellip;]\" \/>\n<meta property=\"og:url\" content=\"https:\/\/arbouserecordings.com\/tr\/online-bulusmada-nasil-basarili-olun-profilinizi-dogru-yapin\/\" \/>\n<meta property=\"og:site_name\" content=\"Adult Recordings\" \/>\n<meta property=\"og:image\" content=\"https:\/\/arbouserecordings.com\/wp-content\/uploads\/2022\/08\/online-dating.jpeg\" \/>\n\t<meta property=\"og:image:width\" content=\"500\" \/>\n\t<meta property=\"og:image:height\" content=\"750\" \/>\n<meta name=\"twitter:card\" content=\"summary_large_image\" \/>\n<meta name=\"twitter:label1\" content=\"Tahmini okuma s\u00fcresi\" \/>\n\t<meta name=\"twitter:data1\" content=\"4 dakika\" \/>\n<script type=\"application\/ld+json\" class=\"yoast-schema-graph\">{\"@context\":\"https:\/\/schema.org\",\"@graph\":[{\"@type\":\"WebSite\",\"@id\":\"https:\/\/arbouserecordings.com\/nl\/#website\",\"url\":\"https:\/\/arbouserecordings.com\/nl\/\",\"name\":\"Adult Recordings\",\"description\":\"Online Hookup Reviews\",\"potentialAction\":[{\"@type\":\"SearchAction\",\"target\":{\"@type\":\"EntryPoint\",\"urlTemplate\":\"https:\/\/arbouserecordings.com\/nl\/?s={search_term_string}\"},\"query-input\":\"required name=search_term_string\"}],\"inLanguage\":\"tr\"},{\"@type\":\"ImageObject\",\"@id\":\"https:\/\/arbouserecordings.com\/tr\/online-bulusmada-nasil-basarili-olun-profilinizi-dogru-yapin\/#primaryimage\",\"inLanguage\":\"tr\",\"url\":\"https:\/\/arbouserecordings.com\/wp-content\/uploads\/2022\/08\/online-dating.jpeg\",\"contentUrl\":\"https:\/\/arbouserecordings.com\/wp-content\/uploads\/2022\/08\/online-dating.jpeg\",\"width\":500,\"height\":750},{\"@type\":\"WebPage\",\"@id\":\"https:\/\/arbouserecordings.com\/tr\/online-bulusmada-nasil-basarili-olun-profilinizi-dogru-yapin\/#webpage\",\"url\":\"https:\/\/arbouserecordings.com\/tr\/online-bulusmada-nasil-basarili-olun-profilinizi-dogru-yapin\/\",\"name\":\"Online Bulu\\u015fmada Nas\\u0131l Ba\\u015far\\u0131l\\u0131 Olun: Profilinizi Do\\u011fru Yap\\u0131n - Adult Recordings\",\"isPartOf\":{\"@id\":\"https:\/\/arbouserecordings.com\/nl\/#website\"},\"primaryImageOfPage\":{\"@id\":\"https:\/\/arbouserecordings.com\/tr\/online-bulusmada-nasil-basarili-olun-profilinizi-dogru-yapin\/#primaryimage\"},\"datePublished\":\"2022-08-28T09:58:17+00:00\",\"dateModified\":\"2022-08-28T09:58:17+00:00\",\"breadcrumb\":{\"@id\":\"https:\/\/arbouserecordings.com\/tr\/online-bulusmada-nasil-basarili-olun-profilinizi-dogru-yapin\/#breadcrumb\"},\"inLanguage\":\"tr\",\"potentialAction\":[{\"@type\":\"ReadAction\",\"target\":[\"https:\/\/arbouserecordings.com\/tr\/online-bulusmada-nasil-basarili-olun-profilinizi-dogru-yapin\/\"]}]},{\"@type\":\"BreadcrumbList\",\"@id\":\"https:\/\/arbouserecordings.com\/tr\/online-bulusmada-nasil-basarili-olun-profilinizi-dogru-yapin\/#breadcrumb\",\"itemListElement\":[{\"@type\":\"ListItem\",\"position\":1,\"name\":\"Home\",\"item\":\"https:\/\/arbouserecordings.com\/tr\/\"},{\"@type\":\"ListItem\",\"position\":2,\"name\":\"Online Bulu\\u015fmada Nas\\u0131l Ba\\u015far\\u0131l\\u0131 Olun: Profilinizi Do\\u011fru Yap\\u0131n\"}]}]}<\/script>\n<!-- \/ Yoast SEO plugin. -->","yoast_head_json":{"title":"Online Bulu\u015fmada Nas\u0131l Ba\u015far\u0131l\u0131 Olun: Profilinizi Do\u011fru Yap\u0131n - Adult Recordings","robots":{"index":"index","follow":"follow","max-snippet":"max-snippet:-1","max-image-preview":"max-image-preview:large","max-video-preview":"max-video-preview:-1"},"canonical":"https:\/\/arbouserecordings.com\/tr\/online-bulusmada-nasil-basarili-olun-profilinizi-dogru-yapin\/","og_locale":"tr_TR","og_type":"article","og_title":"Online Bulu\u015fmada Nas\u0131l Ba\u015far\u0131l\u0131 Olun: Profilinizi Do\u011fru Yap\u0131n - Adult Recordings","og_description":"Online Bulu\u015fmada Nas\u0131l Ba\u015far\u0131l\u0131 Olun: Profilinizi Do\u011fru Yap\u0131n En pop\u00fcler tan\u0131\u015fma siteleri aras\u0131nda eHarmony, Match, OkCupid, PlentyOfFish ve Tinder bulunur. Hepsi \u00f6zellikler, maliyetler ve gizlilik politikalar\u0131 a\u00e7\u0131s\u0131ndan farkl\u0131l\u0131k g\u00f6sterir. Ancak, [&hellip;]","og_url":"https:\/\/arbouserecordings.com\/tr\/online-bulusmada-nasil-basarili-olun-profilinizi-dogru-yapin\/","og_site_name":"Adult Recordings","og_image":[{"width":500,"height":750,"url":"https:\/\/arbouserecordings.com\/wp-content\/uploads\/2022\/08\/online-dating.jpeg","type":"image\/jpeg"}],"twitter_card":"summary_large_image","twitter_misc":{"Tahmini okuma s\u00fcresi":"4 dakika"},"schema":{"@context":"https:\/\/schema.org","@graph":[{"@type":"WebSite","@id":"https:\/\/arbouserecordings.com\/nl\/#website","url":"https:\/\/arbouserecordings.com\/nl\/","name":"Adult Recordings","description":"Online Hookup Reviews","potentialAction":[{"@type":"SearchAction","target":{"@type":"EntryPoint","urlTemplate":"https:\/\/arbouserecordings.com\/nl\/?s={search_term_string}"},"query-input":"required name=search_term_string"}],"inLanguage":"tr"},{"@type":"ImageObject","@id":"https:\/\/arbouserecordings.com\/tr\/online-bulusmada-nasil-basarili-olun-profilinizi-dogru-yapin\/#primaryimage","inLanguage":"tr","url":"https:\/\/arbouserecordings.com\/wp-content\/uploads\/2022\/08\/online-dating.jpeg","contentUrl":"https:\/\/arbouserecordings.com\/wp-content\/uploads\/2022\/08\/online-dating.jpeg","width":500,"height":750},{"@type":"WebPage","@id":"https:\/\/arbouserecordings.com\/tr\/online-bulusmada-nasil-basarili-olun-profilinizi-dogru-yapin\/#webpage","url":"https:\/\/arbouserecordings.com\/tr\/online-bulusmada-nasil-basarili-olun-profilinizi-dogru-yapin\/","name":"Online Bulu\u015fmada Nas\u0131l Ba\u015far\u0131l\u0131 Olun: Profilinizi Do\u011fru Yap\u0131n - Adult Recordings","isPartOf":{"@id":"https:\/\/arbouserecordings.com\/nl\/#website"},"primaryImageOfPage":{"@id":"https:\/\/arbouserecordings.com\/tr\/online-bulusmada-nasil-basarili-olun-profilinizi-dogru-yapin\/#primaryimage"},"datePublished":"2022-08-28T09:58:17+00:00","dateModified":"2022-08-28T09:58:17+00:00","breadcrumb":{"@id":"https:\/\/arbouserecordings.com\/tr\/online-bulusmada-nasil-basarili-olun-profilinizi-dogru-yapin\/#breadcrumb"},"inLanguage":"tr","potentialAction":[{"@type":"ReadAction","target":["https:\/\/arbouserecordings.com\/tr\/online-bulusmada-nasil-basarili-olun-profilinizi-dogru-yapin\/"]}]},{"@type":"BreadcrumbList","@id":"https:\/\/arbouserecordings.com\/tr\/online-bulusmada-nasil-basarili-olun-profilinizi-dogru-yapin\/#breadcrumb","itemListElement":[{"@type":"ListItem","position":1,"name":"Home","item":"https:\/\/arbouserecordings.com\/tr\/"},{"@type":"ListItem","position":2,"name":"Online Bulu\u015fmada Nas\u0131l Ba\u015far\u0131l\u0131 Olun: Profilinizi Do\u011fru Yap\u0131n"}]}]}},"_links":{"self":[{"href":"https:\/\/arbouserecordings.com\/tr\/wp-json\/wp\/v2\/pages\/329"}],"collection":[{"href":"https:\/\/arbouserecordings.com\/tr\/wp-json\/wp\/v2\/pages"}],"about":[{"href":"https:\/\/arbouserecordings.com\/tr\/wp-json\/wp\/v2\/types\/page"}],"author":[{"embeddable":true,"href":"https:\/\/arbouserecordings.com\/tr\/wp-json\/wp\/v2\/users\/1"}],"replies":[{"embeddable":true,"href":"https:\/\/arbouserecordings.com\/tr\/wp-json\/wp\/v2\/comments?post=329"}],"version-history":[{"count":0,"href":"https:\/\/arbouserecordings.com\/tr\/wp-json\/wp\/v2\/pages\/329\/revisions"}],"wp:featuredmedia":[{"embeddable":true,"href":"https:\/\/arbouserecordings.com\/tr\/wp-json\/wp\/v2\/media\/234"}],"wp:attachment":[{"href":"https:\/\/arbouserecordings.com\/tr\/wp-json\/wp\/v2\/media?parent=329"}],"curies":[{"name":"wp","href":"https:\/\/api.w.org\/{rel}","templated":true}]}}