{"id":308,"date":"2022-08-28T11:16:24","date_gmt":"2022-08-28T10:16:24","guid":{"rendered":"http:\/\/arbouserecordings.com\/yakindaki-bekarlarla-aski-bulma-rehberi\/"},"modified":"2022-08-28T11:16:24","modified_gmt":"2022-08-28T10:16:24","slug":"yakindaki-bekarlarla-aski-bulma-rehberi","status":"publish","type":"page","link":"https:\/\/arbouserecordings.com\/tr\/yakindaki-bekarlarla-aski-bulma-rehberi\/","title":{"rendered":"Yak\u0131ndaki Bekarlarla A\u015fk\u0131 Bulma Rehberi"},"content":{"rendered":"<h1>Yak\u0131ndaki Bekarlarla A\u015fk\u0131 Bulma Rehberi<\/h1>\n<p>Bug\u00fcn bir\u00e7ok \u00e7evrimi\u00e7i tan\u0131\u015fma web sitesi var ve bunlar\u0131n \u00e7o\u011fu paraya mal oluyor. Hi\u00e7bir \u015fey \u00f6demeden denemek istiyorsan\u0131z, tamamen \u00fccretsiz bir tan\u0131\u015fma sitesi bulman\u0131z gerekir. Orada tamamen \u00fccretsiz tan\u0131\u015fma web siteleri var, ama \u00e7ok pop\u00fcler de\u011filler. Bu makalede, en iyileri de dahil olmak \u00fczere sekiz tanesi listelenmi\u015ftir.<\/p>\n<p>Bu siteler, ayda ne kadar \u00f6demek istedi\u011finize <a href=\"http:\/\/arbouserecordings.com\/tr\/online-bulusmada-nasil-basarili-olun-profilinizi-dogru-yapin\/\">ba\u011fl\u0131 olarak<\/a> \u00e7e\u015fitli \u00fcyelik seviyeleri sunar. Ayl\u0131k abonelik veya y\u0131ll\u0131k plan se\u00e7ebilirsiniz. \u00c7o\u011fu uygulamada gizli \u00fccret yoktur; her \u015fey a\u00e7\u0131k\u00e7a ortaya konmu\u015ftur. Bir \u00fcye olarak, \u00f6nceki \u00fcyeler taraf\u0131ndan yaz\u0131lan yorumlar\u0131 okuyabilir, potansiyel ma\u00e7lar\u0131n foto\u011fraflar\u0131n\u0131 g\u00f6r\u00fcnt\u00fcleyebilir ve hatta di\u011fer insanlarla canl\u0131 sohbet edebilirsiniz. \u00dccretli bir \u00fcyeli\u011fe kaydolmaya karar verirseniz, devam edip profilinizi herkese a\u00e7\u0131k hale getirebilirsiniz. Bu \u015fekilde, herkes foto\u011fraf galerinizi ve ki\u015fisel bilgilerinizi g\u00f6rebilir. Ayr\u0131ca konum, ya\u015f aral\u0131\u011f\u0131, cinsiyet ve etnik k\u00f6ken gibi belirli tercihleri de ayarlayabilirsiniz. Bununla birlikte, g\u00f6r\u00fcn\u00fc\u015flerine veya ki\u015filik \u00f6zelliklerine g\u00f6re birine olan ilginizi g\u00f6sterip g\u00f6stermeyece\u011finizi se\u00e7me se\u00e7ene\u011fi yoktur.<\/p>\n<h1>\u00c7evrimi\u00e7i \u00c7\u0131kmaya Ba\u015flamal\u0131s\u0131n\u0131z &#8211; Hangi Uygulamalar\u0131 Denemelisiniz?<\/h1>\n<p>\u00dccretsiz tan\u0131\u015fma siteleri ve uygulamalar\u0131 giderek daha pop\u00fcler hale geliyor \u00e7\u00fcnk\u00fc kredi kart\u0131 numaras\u0131 gerektirmiyorlar ve genellikle ayl\u0131k \u00fccret talep etmeden bir\u00e7ok avantaj sunuyorlar. Hatta baz\u0131lar\u0131 \u00f6nceden hi\u00e7bir \u015fey \u00f6demeden a\u015fk\u0131 bulman\u0131za izin verir. Ancak, \u00fccretsiz bir siteye veya uygulamaya kaydolman\u0131n baz\u0131 dezavantajlar\u0131 vard\u0131r \u2013 daha az e\u015fle\u015fmeye sahip olmak ve ilgi alanlar\u0131n\u0131z\u0131 payla\u015fan biriyle ba\u011flant\u0131 kurma olas\u0131l\u0131\u011f\u0131n\u0131z\u0131n daha d\u00fc\u015f\u00fck olmas\u0131 gibi.<\/p>\n<h2>SPK<\/h2>\n<p>Coffee Meets Bagel, \u00fcyelerin potansiyel tarihlerin profillerine ve mesajlar\u0131na saniyeler i\u00e7inde g\u00f6z atabilecekleri bir arkada\u015fl\u0131k uygulamas\u0131d\u0131r. Kullan\u0131c\u0131lar her profilin ka\u00e7 be\u011feni ald\u0131\u011f\u0131n\u0131 ve yak\u0131n zamanda herhangi bir mesaj olup olmad\u0131\u011f\u0131n\u0131 g\u00f6rebilir. Ayr\u0131ca bir ki\u015fiyle sohbet etmeye ba\u015flamak i\u00e7in bir mesaj g\u00f6nderebilirler. Uygulama ayr\u0131ca kullan\u0131c\u0131lara bir kahve randevusu ayarlama veya ba\u015fka bir \u00fcyeyle bulu\u015fma se\u00e7ene\u011fi sunar.<\/p>\n<p>Uygulama, ba\u015fka biriyle ba\u011flant\u0131 kurmak istiyorsan\u0131z sa\u011fa veya istemiyorsan\u0131z sola kayd\u0131rman\u0131za olanak tan\u0131r. Her iki taraf da ilgileniyorsa, sohbet ederler.<\/p>\n<p>Heteroseks\u00fcel \u00e7iftler i\u00e7in, kad\u0131n \u00f6nce profilini g\u00f6nderir. E\u015fcinsel \u00e7iftlerde, temas\u0131 ba\u015flatan ki\u015fi bunu yapar.<\/p>\n<p>Profillerde arama yapabilir, ba\u011flant\u0131 kurabilir ve mesaj g\u00f6nderebilirsiniz.<\/p>\n<h2>Kav<\/h2>\n<p>Tinder, kullan\u0131c\u0131lar\u0131n yak\u0131ndaki di\u011fer ki\u015filerle sohbet etmelerini ve metin veya emojiler arac\u0131l\u0131\u011f\u0131yla ba\u011flant\u0131 kurmalar\u0131n\u0131 sa\u011flayan konum tabanl\u0131 bir mobil uygulamad\u0131r. \u0130nsanlar uygulamay\u0131 ya\u015f veya cinsiyetten ba\u011f\u0131ms\u0131z olarak yak\u0131ndaki herkesle ba\u011flant\u0131 kurmak i\u00e7in kullan\u0131r. Kullan\u0131c\u0131lar kendileri hakk\u0131nda ilgi alanlar\u0131, e\u011fitim, kariyer ve hobiler gibi ek bilgiler ekleyebilirler. Ayr\u0131ca bir foto\u011fraf y\u00fckleyebilir ve ge\u00e7erli konumlar\u0131n\u0131 g\u00f6stermek i\u00e7in bir konum se\u00e7ebilirler. E\u015fle\u015ftirildikten sonra, kullan\u0131c\u0131lar mesajla\u015fmaya ba\u015flayabilir.<\/p>\n<h2>OkCupid<\/h2>\n<p>OkCupid, ki\u015filik \u00f6zellikleri, de\u011ferler, ya\u015fam tarz\u0131 ve payla\u015f\u0131lan aktiviteler gibi fakt\u00f6rlere dayal\u0131 uyumluluk e\u015fle\u015ftirmesi sunan <a href=\"http:\/\/arbouserecordings.com\/tr\/baglanti-siteleri-ile-ozel-birini-bulma\/\">\u00fccretsiz bir tan\u0131\u015fma uygulamas\u0131d\u0131r<\/a> . Tamam Cupid, kullan\u0131c\u0131lar\u0131n potansiyel ortaklar aras\u0131ndaki ortakl\u0131klar\u0131 ve farkl\u0131l\u0131klar\u0131 ke\u015ffetmelerine yard\u0131mc\u0131 olmak i\u00e7in bir anket kullan\u0131r. \u0130ki kullan\u0131c\u0131 e\u015fle\u015fti\u011finde, birbirlerinin profillerini g\u00f6r\u00fcnt\u00fcleyebilir ve \u00f6zel olarak ileti\u015fim kurabilirler. Bu \u00fccretsiz hizmetle, sizden ba\u015fka kimsenin g\u00f6remeyece\u011fi bir arkada\u015fl\u0131k profili olu\u015fturabileceksiniz. Profilinizi herkese a\u00e7\u0131k hale getirmeyi veya gizli tutmay\u0131 se\u00e7ebilirsiniz. Hatta bir kapak foto\u011fraf\u0131 bile ekleyebilirsiniz.<\/p>\n<h2>Mente\u015fe<\/h2>\n<p>Mente\u015fe, insanlar\u0131 ortak arkada\u015flara g\u00f6re birbirine ba\u011flayan bir mobil uygulamad\u0131r. Hinge, uyumlulu\u011fu belirlemek i\u00e7in Facebook verilerini kullan\u0131r. Kaydolduktan sonra, kullan\u0131c\u0131lar profillere g\u00f6z atabilir ve di\u011fer kullan\u0131c\u0131lara ileti g\u00f6nderebilir. \u0130ki kullan\u0131c\u0131 e\u015fle\u015fmeye karar verirse, telefon numaralar\u0131n\u0131 de\u011fi\u015ftirebilir ve y\u00fcz y\u00fcze bir toplant\u0131 d\u00fczenleyebilirler.<\/p>\n<p>Kullan\u0131c\u0131lar ayr\u0131ca ba\u015fkalar\u0131n\u0131n ba\u011flant\u0131 kurmas\u0131na yard\u0131mc\u0131 olmak i\u00e7in foto\u011fraf, video ve konum verileri ekleyebilir. Uygulama, kullan\u0131c\u0131lar\u0131n kapsaml\u0131 profilleri doldurmalar\u0131n\u0131 gerektirmese de, din, politika ve e\u011fitim gibi \u015feyler hakk\u0131nda sorular soruyor. Bunlar\u0131n hepsi olduk\u00e7a basit g\u00f6r\u00fcnebilir, ancak Hinge bunun farkl\u0131 oldu\u011funu s\u00f6yl\u00fcyor \u00e7\u00fcnk\u00fc insanlar\u0131n bu alanlarda a\u015fk\u0131 bulmaya odaklanmalar\u0131na izin vermek i\u00e7in tasarland\u0131.<\/p>\n<h2>Pof<\/h2>\n<p>Plenty of Fish, uzun vadeli ili\u015fkiler arayanlara hitap eden \u00fccretsiz bir \u00e7evrimi\u00e7i tan\u0131\u015fma sitesidir. Plenty of Fish, canl\u0131 sohbet, g\u00f6r\u00fcnt\u00fcl\u00fc sohbet ve e-posta gibi \u00f6zellikler i\u00e7erir. Kullan\u0131c\u0131lar ayr\u0131ca di\u011fer kullan\u0131c\u0131lar\u0131n herkese a\u00e7\u0131k yay\u0131nlar\u0131n\u0131 g\u00f6r\u00fcnt\u00fcleyebilir ve di\u011fer kullan\u0131c\u0131lar taraf\u0131ndan g\u00f6nderilen mesajlar\u0131 okuyabilir. D\u00fcnya \u00e7ap\u0131nda 40 milyondan fazla kay\u0131tl\u0131 kullan\u0131c\u0131 var.<\/p>\n<p>PlentyOfFish ba\u015fka bir eski ama goodie. 2003 y\u0131l\u0131nda kuruldu ve \u015fimdi ayl\u0131k 2 milyon ziyaret\u00e7iye sahip oldu\u011funu iddia ediyor. Sloganlar\u0131 &#8220;G\u00f6z Atmak \u0130\u00e7in \u00dccretsiz&#8221; dir ve sohbet odalar\u0131, g\u00f6r\u00fcnt\u00fcl\u00fc sohbetler vb. gibi tonlarca \u00f6zellik sunarlar.<\/p>\n<h2>Hayvanat bah\u00e7esi<\/h2>\n<p>Zoosk, kullan\u0131c\u0131lar\u0131n ger\u00e7ek a\u015fk\u0131 bulmalar\u0131na yard\u0131mc\u0131 olmaya odaklanan pop\u00fcler bir arkada\u015fl\u0131k uygulamas\u0131d\u0131r. Zoosk&#8217;u indirmek ve kaydolmak tamamen \u00fccretsizdir. Kullan\u0131c\u0131lar bir profil olu\u015fturabilir, birden fazla resim y\u00fckleyebilir ve kendileri hakk\u0131nda temel bilgiler ekleyebilir. Ayr\u0131ca, uyumlu e\u015fle\u015fmeleri daraltmaya yard\u0131mc\u0131 olmak i\u00e7in di\u011fer kullan\u0131c\u0131lar taraf\u0131ndan sorulan sorular\u0131 da yan\u0131tlayabilirler. Zoosk, \u00e7evrimi\u00e7i tan\u0131\u015fma oyununda nispeten yeni bir oyuncudur, ancak zaten en b\u00fcy\u00fck oyunculardan biri olmay\u0131 ba\u015farm\u0131\u015ft\u0131r. 2007 y\u0131l\u0131nda kuruldu ve bug\u00fcn 20 milyondan fazla kay\u0131tl\u0131 kullan\u0131c\u0131s\u0131 oldu\u011funu iddia ediyor.<\/p>\n","protected":false},"excerpt":{"rendered":"<p>Yak\u0131ndaki Bekarlarla A\u015fk\u0131 Bulma Rehberi Bug\u00fcn bir\u00e7ok \u00e7evrimi\u00e7i tan\u0131\u015fma web sitesi var ve bunlar\u0131n \u00e7o\u011fu paraya mal oluyor. Hi\u00e7bir \u015fey \u00f6demeden denemek istiyorsan\u0131z, tamamen \u00fccretsiz bir tan\u0131\u015fma sitesi bulman\u0131z gerekir. [&hellip;]<\/p>\n","protected":false},"author":1,"featured_media":264,"parent":0,"menu_order":0,"comment_status":"closed","ping_status":"closed","template":"","meta":[],"yoast_head":"<!-- This site is optimized with the Yoast SEO plugin v17.7.1 - https:\/\/yoast.com\/wordpress\/plugins\/seo\/ -->\n<title>Yak\u0131ndaki Bekarlarla A\u015fk\u0131 Bulma Rehberi - Adult Recordings<\/title>\n<meta name=\"robots\" content=\"index, follow, max-snippet:-1, max-image-preview:large, max-video-preview:-1\" \/>\n<link rel=\"canonical\" href=\"https:\/\/arbouserecordings.com\/tr\/yakindaki-bekarlarla-aski-bulma-rehberi\/\" \/>\n<meta property=\"og:locale\" content=\"tr_TR\" \/>\n<meta property=\"og:type\" content=\"article\" \/>\n<meta property=\"og:title\" content=\"Yak\u0131ndaki Bekarlarla A\u015fk\u0131 Bulma Rehberi - Adult Recordings\" \/>\n<meta property=\"og:description\" content=\"Yak\u0131ndaki Bekarlarla A\u015fk\u0131 Bulma Rehberi Bug\u00fcn bir\u00e7ok \u00e7evrimi\u00e7i tan\u0131\u015fma web sitesi var ve bunlar\u0131n \u00e7o\u011fu paraya mal oluyor. Hi\u00e7bir \u015fey \u00f6demeden denemek istiyorsan\u0131z, tamamen \u00fccretsiz bir tan\u0131\u015fma sitesi bulman\u0131z gerekir. [&hellip;]\" \/>\n<meta property=\"og:url\" content=\"https:\/\/arbouserecordings.com\/tr\/yakindaki-bekarlarla-aski-bulma-rehberi\/\" \/>\n<meta property=\"og:site_name\" content=\"Adult Recordings\" \/>\n<meta property=\"og:image\" content=\"https:\/\/arbouserecordings.com\/wp-content\/uploads\/2022\/08\/free-sexting.jpeg\" \/>\n\t<meta property=\"og:image:width\" content=\"1125\" \/>\n\t<meta property=\"og:image:height\" content=\"750\" \/>\n<meta name=\"twitter:card\" content=\"summary_large_image\" \/>\n<meta name=\"twitter:label1\" content=\"Tahmini okuma s\u00fcresi\" \/>\n\t<meta name=\"twitter:data1\" content=\"5 dakika\" \/>\n<script type=\"application\/ld+json\" class=\"yoast-schema-graph\">{\"@context\":\"https:\/\/schema.org\",\"@graph\":[{\"@type\":\"WebSite\",\"@id\":\"https:\/\/arbouserecordings.com\/nl\/#website\",\"url\":\"https:\/\/arbouserecordings.com\/nl\/\",\"name\":\"Adult Recordings\",\"description\":\"Online Hookup Reviews\",\"potentialAction\":[{\"@type\":\"SearchAction\",\"target\":{\"@type\":\"EntryPoint\",\"urlTemplate\":\"https:\/\/arbouserecordings.com\/nl\/?s={search_term_string}\"},\"query-input\":\"required name=search_term_string\"}],\"inLanguage\":\"tr\"},{\"@type\":\"ImageObject\",\"@id\":\"https:\/\/arbouserecordings.com\/tr\/yakindaki-bekarlarla-aski-bulma-rehberi\/#primaryimage\",\"inLanguage\":\"tr\",\"url\":\"https:\/\/arbouserecordings.com\/wp-content\/uploads\/2022\/08\/free-sexting.jpeg\",\"contentUrl\":\"https:\/\/arbouserecordings.com\/wp-content\/uploads\/2022\/08\/free-sexting.jpeg\",\"width\":1125,\"height\":750},{\"@type\":\"WebPage\",\"@id\":\"https:\/\/arbouserecordings.com\/tr\/yakindaki-bekarlarla-aski-bulma-rehberi\/#webpage\",\"url\":\"https:\/\/arbouserecordings.com\/tr\/yakindaki-bekarlarla-aski-bulma-rehberi\/\",\"name\":\"Yak\\u0131ndaki Bekarlarla A\\u015fk\\u0131 Bulma Rehberi - Adult Recordings\",\"isPartOf\":{\"@id\":\"https:\/\/arbouserecordings.com\/nl\/#website\"},\"primaryImageOfPage\":{\"@id\":\"https:\/\/arbouserecordings.com\/tr\/yakindaki-bekarlarla-aski-bulma-rehberi\/#primaryimage\"},\"datePublished\":\"2022-08-28T10:16:24+00:00\",\"dateModified\":\"2022-08-28T10:16:24+00:00\",\"breadcrumb\":{\"@id\":\"https:\/\/arbouserecordings.com\/tr\/yakindaki-bekarlarla-aski-bulma-rehberi\/#breadcrumb\"},\"inLanguage\":\"tr\",\"potentialAction\":[{\"@type\":\"ReadAction\",\"target\":[\"https:\/\/arbouserecordings.com\/tr\/yakindaki-bekarlarla-aski-bulma-rehberi\/\"]}]},{\"@type\":\"BreadcrumbList\",\"@id\":\"https:\/\/arbouserecordings.com\/tr\/yakindaki-bekarlarla-aski-bulma-rehberi\/#breadcrumb\",\"itemListElement\":[{\"@type\":\"ListItem\",\"position\":1,\"name\":\"Home\",\"item\":\"https:\/\/arbouserecordings.com\/tr\/\"},{\"@type\":\"ListItem\",\"position\":2,\"name\":\"Yak\\u0131ndaki Bekarlarla A\\u015fk\\u0131 Bulma Rehberi\"}]}]}<\/script>\n<!-- \/ Yoast SEO plugin. -->","yoast_head_json":{"title":"Yak\u0131ndaki Bekarlarla A\u015fk\u0131 Bulma Rehberi - Adult Recordings","robots":{"index":"index","follow":"follow","max-snippet":"max-snippet:-1","max-image-preview":"max-image-preview:large","max-video-preview":"max-video-preview:-1"},"canonical":"https:\/\/arbouserecordings.com\/tr\/yakindaki-bekarlarla-aski-bulma-rehberi\/","og_locale":"tr_TR","og_type":"article","og_title":"Yak\u0131ndaki Bekarlarla A\u015fk\u0131 Bulma Rehberi - Adult Recordings","og_description":"Yak\u0131ndaki Bekarlarla A\u015fk\u0131 Bulma Rehberi Bug\u00fcn bir\u00e7ok \u00e7evrimi\u00e7i tan\u0131\u015fma web sitesi var ve bunlar\u0131n \u00e7o\u011fu paraya mal oluyor. Hi\u00e7bir \u015fey \u00f6demeden denemek istiyorsan\u0131z, tamamen \u00fccretsiz bir tan\u0131\u015fma sitesi bulman\u0131z gerekir. [&hellip;]","og_url":"https:\/\/arbouserecordings.com\/tr\/yakindaki-bekarlarla-aski-bulma-rehberi\/","og_site_name":"Adult Recordings","og_image":[{"width":1125,"height":750,"url":"https:\/\/arbouserecordings.com\/wp-content\/uploads\/2022\/08\/free-sexting.jpeg","type":"image\/jpeg"}],"twitter_card":"summary_large_image","twitter_misc":{"Tahmini okuma s\u00fcresi":"5 dakika"},"schema":{"@context":"https:\/\/schema.org","@graph":[{"@type":"WebSite","@id":"https:\/\/arbouserecordings.com\/nl\/#website","url":"https:\/\/arbouserecordings.com\/nl\/","name":"Adult Recordings","description":"Online Hookup Reviews","potentialAction":[{"@type":"SearchAction","target":{"@type":"EntryPoint","urlTemplate":"https:\/\/arbouserecordings.com\/nl\/?s={search_term_string}"},"query-input":"required name=search_term_string"}],"inLanguage":"tr"},{"@type":"ImageObject","@id":"https:\/\/arbouserecordings.com\/tr\/yakindaki-bekarlarla-aski-bulma-rehberi\/#primaryimage","inLanguage":"tr","url":"https:\/\/arbouserecordings.com\/wp-content\/uploads\/2022\/08\/free-sexting.jpeg","contentUrl":"https:\/\/arbouserecordings.com\/wp-content\/uploads\/2022\/08\/free-sexting.jpeg","width":1125,"height":750},{"@type":"WebPage","@id":"https:\/\/arbouserecordings.com\/tr\/yakindaki-bekarlarla-aski-bulma-rehberi\/#webpage","url":"https:\/\/arbouserecordings.com\/tr\/yakindaki-bekarlarla-aski-bulma-rehberi\/","name":"Yak\u0131ndaki Bekarlarla A\u015fk\u0131 Bulma Rehberi - Adult Recordings","isPartOf":{"@id":"https:\/\/arbouserecordings.com\/nl\/#website"},"primaryImageOfPage":{"@id":"https:\/\/arbouserecordings.com\/tr\/yakindaki-bekarlarla-aski-bulma-rehberi\/#primaryimage"},"datePublished":"2022-08-28T10:16:24+00:00","dateModified":"2022-08-28T10:16:24+00:00","breadcrumb":{"@id":"https:\/\/arbouserecordings.com\/tr\/yakindaki-bekarlarla-aski-bulma-rehberi\/#breadcrumb"},"inLanguage":"tr","potentialAction":[{"@type":"ReadAction","target":["https:\/\/arbouserecordings.com\/tr\/yakindaki-bekarlarla-aski-bulma-rehberi\/"]}]},{"@type":"BreadcrumbList","@id":"https:\/\/arbouserecordings.com\/tr\/yakindaki-bekarlarla-aski-bulma-rehberi\/#breadcrumb","itemListElement":[{"@type":"ListItem","position":1,"name":"Home","item":"https:\/\/arbouserecordings.com\/tr\/"},{"@type":"ListItem","position":2,"name":"Yak\u0131ndaki Bekarlarla A\u015fk\u0131 Bulma Rehberi"}]}]}},"_links":{"self":[{"href":"https:\/\/arbouserecordings.com\/tr\/wp-json\/wp\/v2\/pages\/308"}],"collection":[{"href":"https:\/\/arbouserecordings.com\/tr\/wp-json\/wp\/v2\/pages"}],"about":[{"href":"https:\/\/arbouserecordings.com\/tr\/wp-json\/wp\/v2\/types\/page"}],"author":[{"embeddable":true,"href":"https:\/\/arbouserecordings.com\/tr\/wp-json\/wp\/v2\/users\/1"}],"replies":[{"embeddable":true,"href":"https:\/\/arbouserecordings.com\/tr\/wp-json\/wp\/v2\/comments?post=308"}],"version-history":[{"count":0,"href":"https:\/\/arbouserecordings.com\/tr\/wp-json\/wp\/v2\/pages\/308\/revisions"}],"wp:featuredmedia":[{"embeddable":true,"href":"https:\/\/arbouserecordings.com\/tr\/wp-json\/wp\/v2\/media\/264"}],"wp:attachment":[{"href":"https:\/\/arbouserecordings.com\/tr\/wp-json\/wp\/v2\/media?parent=308"}],"curies":[{"name":"wp","href":"https:\/\/api.w.org\/{rel}","templated":true}]}}