{"id":160,"date":"2022-08-27T12:42:49","date_gmt":"2022-08-27T11:42:49","guid":{"rendered":"http:\/\/arbouserecordings.com\/casual-dating-yorumlari-oyun-veya-odemesiz\/"},"modified":"2022-09-08T19:43:33","modified_gmt":"2022-09-08T18:43:33","slug":"casual-dating-yorumlari-oyun-veya-odemesiz","status":"publish","type":"page","link":"https:\/\/arbouserecordings.com\/tr\/","title":{"rendered":"Casual Dating Yorumlar\u0131 (Oyun veya \u00d6demesiz)"},"content":{"rendered":"<h1>Casual Dating Yorumlar\u0131 (Oyun veya \u00d6demesiz)<\/h1>\n<p>En iyi \u00e7evrimi\u00e7i tan\u0131\u015fma siteleri, size di\u011ferlerine k\u0131yasla benzersiz bir \u015fey sunanlard\u0131r. Size \u00f6zel biriyle tan\u0131\u015fmak i\u00e7in daha iyi bir \u015fans sunarlar \u00e7\u00fcnk\u00fc \u00f6zellikle bir partnerde ne istedi\u011finize hitap ederler. Her site sohbet odalar\u0131, g\u00f6r\u00fcnt\u00fcl\u00fc g\u00f6r\u00fc\u015fmeler ve etkinlikler gibi farkl\u0131 \u00f6zellikler sunar. Hatta baz\u0131lar\u0131 seyahat ederken a\u015fk\u0131 bulman\u0131za izin verir. \u0130ncelemelerimizi okuyun ve sizin i\u00e7in en uygun olan\u0131 se\u00e7in!<\/p>\n<p>T\u00fcm normal arkada\u015fl\u0131k uygulamalar\u0131yla a\u015fk\u0131 bulmaya \u00e7al\u0131\u015fmaktan s\u0131k\u0131ld\u0131n\u0131z m\u0131? Bunu kolayla\u015ft\u0131rd\u0131k!<\/p>\n<h2>G\u00fcndelik E\u011flence \u0130\u00e7in Arkada\u015fl\u0131k Uygulamalar\u0131 Kullanmal\u0131 m\u0131s\u0131n\u0131z?<\/h2>\n<p>Ba\u011flant\u0131lar harikad\u0131r \u00e7\u00fcnk\u00fc h\u0131zl\u0131, ucuz ve anonimdirler. Ancak ba\u011flant\u0131 kurmak herkes i\u00e7in de\u011fildir. Baz\u0131 insanlar bunun yerine \u00e7\u0131kmay\u0131 tercih eder.<\/p>\n<p>Fl\u00f6rtle ilgilenmiyorsan\u0131z, \u00e7evrimi\u00e7i tan\u0131\u015fma sitelerine bir\u00e7ok alternatif var. \u015eu se\u00e7eneklere g\u00f6z at\u0131n:<\/p>\n<ul>\n<li>Bulu\u015fma gruplar\u0131 \u2013 Bunlar, \u00fcyelerin genellikle ilgi alanlar\u0131n\u0131 payla\u015ft\u0131\u011f\u0131 yerel bulu\u015fmalard\u0131r. Genellikle etkinlikler, partiler ve ak\u015fam yemekleri d\u00fczenlerler.<\/li>\n<li>Sosyal medya &#8211; \u00d6zellikle insanlarla tan\u0131\u015fmaya hitap eden tonlarca sosyal a\u011f web sitesi var. Facebook, Twitter, Instagram, Snapchat vb.<\/li>\n<li>Arkada\u015fl\u0131k uygulamalar\u0131 &#8211; Tinder, Bumble, Happn, OkCupid, vb.<\/li>\n<li>\u00c7evrimi\u00e7i ki\u015filer &#8211; Craigslist, eHarmony, Match.com, PlentyOfFish, vb.<\/li>\n<li>Yerel barlar \/ kul\u00fcpler &#8211; Barlar ve kul\u00fcpler genellikle bekar gecelere sahiptir.<\/li>\n<\/ul>\n<p>G\u00fcndelik seks veya uzun vadeli ili\u015fkiler ar\u0131yorsan\u0131z, tarihleri bulman\u0131n bir\u00e7ok <a href=\"https:\/\/www.adultsexsites.org\/tr\/tanisin-ve-sikin-kayit-yok\/\">aldut seks<\/a> yolu vard\u0131r. Ve unutmay\u0131n, hangi y\u00f6ntemi se\u00e7erseniz se\u00e7in, g\u00fcvende olun!<\/p>\n<h2>Pop\u00fcler Se\u00e7imlerimiz<\/h2>\n<p><img loading=\"lazy\" class=\"aligncenter size-large wp-image-38\" src=\"http:\/\/arbouserecordings.com\/wp-content\/uploads\/2022\/08\/online-looking-for-love-1024x683.webp\" alt=\"\" width=\"790\" height=\"527\" srcset=\"https:\/\/arbouserecordings.com\/wp-content\/uploads\/2022\/08\/online-looking-for-love-1024x683.webp 1024w, https:\/\/arbouserecordings.com\/wp-content\/uploads\/2022\/08\/online-looking-for-love-300x200.webp 300w, https:\/\/arbouserecordings.com\/wp-content\/uploads\/2022\/08\/online-looking-for-love-768x512.webp 768w, https:\/\/arbouserecordings.com\/wp-content\/uploads\/2022\/08\/online-looking-for-love.webp 1125w\" sizes=\"(max-width: 790px) 100vw, 790px\" \/><\/p>\n<h2>eHarmony (eUyum)<\/h2>\n<p>D\u00fcnya \u00e7ap\u0131nda 30 milyondan fazla \u00fcyesi olan eHarmony, \u00e7evrimi\u00e7i bulu\u015fma d\u00fcnyas\u0131nda g\u00fcvenilir bir isimdir. E\u015fle\u015ftirme algoritmalar\u0131, uzun s\u00fcreli bir ili\u015fki bulman\u0131za yard\u0131mc\u0131 olmak i\u00e7in ki\u015filik, de\u011ferler, ilgi alanlar\u0131, e\u011fitim seviyesi, din ve siyasi g\u00f6r\u00fc\u015fler dahil olmak \u00fczere y\u00fczlerce ki\u015fisel \u00f6zelli\u011fi analiz eder. \u00dccretsiz \u00fcyeliklerini binlerce profili ke\u015ffetmek ve potansiyel e\u015fle\u015fmelere mesaj g\u00f6ndermek i\u00e7in kullanabilirsiniz. \u0130\u015fleri daha da ileri g\u00f6t\u00fcrmeye haz\u0131rsan\u0131z, premium \u00fcyeli\u011fe y\u00fckseltin ve s\u0131n\u0131rs\u0131z e\u015fle\u015fmelere eri\u015fim ve mesajla\u015fma gibi ek avantajlardan yararlan\u0131n.<\/p>\n<h3>Aran\u0131yor (\u015eeker Bulu\u015fmas\u0131)<\/h3>\n<p>Ciddi bir ili\u015fki ar\u0131yorsan\u0131z, Seeking gidilecek yerdir. D\u00fcnyan\u0131n d\u00f6rt bir yan\u0131ndaki milyonlarca \u00fcyesiyle, d\u00fcnyan\u0131n en b\u00fcy\u00fck arkada\u015fl\u0131k a\u011f\u0131d\u0131r. Site, \u00fcye profillerine g\u00f6z atman\u0131za ve kriterlerinize uyan ki\u015filer i\u00e7in uyar\u0131lar ayarlaman\u0131za olanak tan\u0131r. Biriyle tan\u0131\u015fmaya karar verdi\u011finizde, web kameras\u0131 ve metin arac\u0131l\u0131\u011f\u0131yla foto\u011fraf ve video al\u0131\u015fveri\u015finde bulunabilirsiniz. Ayr\u0131ca, tercihlerinize g\u00f6re uyumluluk puanlar\u0131n\u0131 g\u00f6r\u00fcnt\u00fcleyebilir ve tarihinizin n\u00fcfusun geri kalan\u0131na g\u00f6re ne kadar iyi y\u0131\u011f\u0131ld\u0131\u011f\u0131n\u0131 g\u00f6rebilirsiniz.<\/p>\n<p>Seeking&#8217;e kat\u0131lmak i\u00e7in olduk\u00e7a etkileyici olmal\u0131s\u0131n\u0131z. Kendinizi ve \u00f6nemli bir ba\u015fkas\u0131n\u0131 desteklemek i\u00e7in yeterli para kazand\u0131\u011f\u0131n\u0131z bir i\u015finiz olmal\u0131d\u0131r. \u0130kiniz de birlikte bulu\u015fmaya istekli olmal\u0131s\u0131n\u0131z. Ve gelirinizin bir kan\u0131t\u0131n\u0131 sunabilmelisiniz. Sonu\u00e7ta, kimsenin zaman\u0131n\u0131 bo\u015fa harcamak istemezsiniz. \u0130kiniz de ilk testleri ge\u00e7tikten sonra, uyumlulu\u011funuza ba\u011fl\u0131 olarak bir puan al\u0131rs\u0131n\u0131z. Puan\u0131n\u0131z ki\u015filik \u00f6zellikleriniz, hobileriniz, mesleki ge\u00e7mi\u015finiz, e\u011fitim seviyeniz ve hatta fiziksel g\u00f6r\u00fcn\u00fcm\u00fcn\u00fcz gibi fakt\u00f6rlere ba\u011fl\u0131 olacakt\u0131r.<\/p>\n<h3>Kav<\/h3>\n<p>Tinder, sizi yak\u0131ndaki yeni insanlarla bulu\u015fturan bir ba\u015fka pop\u00fcler <a href=\"http:\/\/www.bulletforcegame.com\/tr\/ucretsiz-cok-oyunculu-seks-oyunlari\/\">hentai oyunlar\u0131<\/a> arkada\u015fl\u0131k uygulamas\u0131d\u0131r. Bununla birlikte, OkCupid&#8217;in aksine, Tinder \u00f6ncelikle sizi fiziksel olarak size yak\u0131n olan insanlarla birle\u015ftirmeye odaklan\u0131r. Ba\u015flamak i\u00e7in uygulamay\u0131 indirin ve \u00fccretsiz bir hesap a\u00e7\u0131n. Ard\u0131ndan ge\u00e7erli konumunuzu girin ve istedi\u011finiz mesafe aral\u0131\u011f\u0131n\u0131 se\u00e7in. Ard\u0131ndan, ya\u015f\u0131n\u0131z, cinsiyetiniz, \u0131rk\u0131n\u0131z, dininiz ve cinsel y\u00f6neliminiz dahil olmak \u00fczere tercihlerinizle ilgili bir dizi soruyu cevaplayacaks\u0131n\u0131z. Yak\u0131n\u0131n\u0131zda ya\u015fayan biriyle ilgileniyorsan\u0131z, tercih etti\u011finiz mahalleyi se\u00e7erek araman\u0131z\u0131 daha da daraltabilirsiniz. Son olarak, potansiyel e\u015fle\u015fmelerin bir listesini g\u00f6receksiniz. Be\u011fendiklerinize dokunun ve onlarla metin, sesli aramalar ve g\u00f6r\u00fcnt\u00fcl\u00fc aramalar yoluyla ileti\u015fim kurabilirsiniz.<\/p>\n<h3>Hayvanat bah\u00e7esi<\/h3>\n<p>Zoosk, etraf\u0131ndaki en pop\u00fcler arkada\u015fl\u0131k uygulamalar\u0131ndan biridir. De\u011ferlerini ve inan\u00e7lar\u0131n\u0131 payla\u015fan biriyle \u00e7\u0131kmak isteyen insanlar i\u00e7in \u00f6zellikle iyidir. Ba\u015flamak i\u00e7in \u00f6nce uygulamay\u0131 indirmeniz ve bir hesap a\u00e7man\u0131z gerekir. Ard\u0131ndan, kendi de\u011ferlerinizi ve inan\u00e7lar\u0131n\u0131z\u0131 anlaman\u0131za yard\u0131mc\u0131 olacak bir dizi anketi cevaplayacaks\u0131n\u0131z. Ard\u0131ndan, politika, din, kariyer ve daha fazlas\u0131 dahil olmak \u00fczere farkl\u0131 kategorileri ke\u015ffetme f\u0131rsat\u0131na sahip olacaks\u0131n\u0131z. De\u011ferlerinizi payla\u015fan ve inanan birini buldu\u011funuzda, onu arkada\u015f m\u0131 yoksa potansiyel bir e\u015f olarak m\u0131 istedi\u011finizi belirtmek i\u00e7in sola veya sa\u011fa kayd\u0131rabilirsiniz.<\/p>\n<h3>Ashley Madison<\/h3>\n<p>AshleyMadison.com, i\u015f arayan evli insanlara hitap eden \u00e7evrimi\u00e7i bir <a href=\"http:\/\/www.free-sex-games-no-credit-card.com\/zh-hant\/\">www.free-sex-games-no-credit-card.com\/zh-hant<\/a> tan\u0131\u015fma sitesidir. Ashley Madison&#8217;un d\u00fcnya \u00e7ap\u0131nda 30 milyondan fazla \u00fcyesi oldu\u011fu bildirildi. Kullan\u0131labilir \u00e7e\u015fitli \u00fcyelik plan\u0131 t\u00fcrleri vard\u0131r. Bunlardan birine &#8220;Gold \u00dcyelik&#8221; denir. Bu plan\u0131n maliyeti $ 59.99 \/ ay. Bu plan, siteye haftan\u0131n 7 g\u00fcn\u00fc, g\u00fcn\u00fcn 24 saati eri\u015fmenizi sa\u011flar. Aboneli\u011finizi iptal etmeye karar verirseniz, 60 g\u00fcn i\u00e7inde geri \u00f6deme al\u0131rs\u0131n\u0131z.<\/p>\n<p>Ashley Madison, evli insanlara hizmet vermenin yan\u0131 s\u0131ra, sohbet odalar\u0131, forumlar, bloglar, foto\u011fraf alb\u00fcmleri, video klipler, web kameras\u0131 \u015fovlar\u0131, mobil uygulamalar ve e-posta hesaplar\u0131 gibi \u00e7e\u015fitli \u00f6zellikler sunmaktad\u0131r.<\/p>\n<p>T\u00fcm kullan\u0131c\u0131lar \u00fccretsiz deneme hesab\u0131na kaydolur. Kay\u0131t i\u015flemini tamamlad\u0131ktan sonra, size bir kullan\u0131c\u0131 ad\u0131 ve \u015fifre verilecektir. Kaydolduktan sonra bir profil doldurman\u0131z istenecektir. Buras\u0131 kendiniz hakk\u0131nda bilgi ekleyebilece\u011finiz yerdir. Giri\u015f yapt\u0131\u011f\u0131n\u0131zda, kontrol panelinizi g\u00f6receksiniz. Burada mesajlar\u0131n\u0131z\u0131 g\u00f6r\u00fcnt\u00fcleyebilir, e-posta g\u00f6nderebilir, profilleri arayabilir, \u00fcye resimlerine g\u00f6z atabilir ve \u00e7ok daha fazlas\u0131n\u0131 yapabilirsiniz.<\/p>\n<h2>G\u00fcndelik Seks \u0130\u00e7in En \u0130yisi &#8211; Yeti\u015fkin Arkada\u015f Bulucu<\/h2>\n<p>AdultFriendFinder, d\u00fcnyan\u0131n en b\u00fcy\u00fck seks ve ili\u015fki sitesidir. \u015eu anda sitede 10 milyondan fazla kay\u0131tl\u0131 kullan\u0131c\u0131 var.<\/p>\n<p>Bu kullan\u0131c\u0131lar\u0131n% 50&#8217;sinden fazlas\u0131n\u0131n kad\u0131n arkada\u015fl\u0131k arayan bekar erkekler oldu\u011fu tahmin edilmektedir. Di\u011fer bir %40&#8217;\u0131 ise gizli ili\u015fkiler arayan evli \u00e7iftlerdir. Ve geri kalan% 10&#8217;u romantik ili\u015fkiler arayan e\u015fcinsel veya lezbiyen bireylerdir.<\/p>\n<h3>AFF Nas\u0131l \u00c7al\u0131\u015f\u0131r?<\/h3>\n<p>AdultFriendFinder&#8217;a kaydoldu\u011funuzda bir kullan\u0131c\u0131 ad\u0131 ve \u015fifre al\u0131rs\u0131n\u0131z. Bu, sitenin \u00f6zel \u00fcye alan\u0131na eri\u015fmenizi sa\u011flar.<\/p>\n<p>Burada, \u015fu anda \u00e7evrimi\u00e7i olan t\u00fcm \u00fcyelerin bir listesini g\u00f6receksiniz. \u00dcyeleri konuma, cinsiyete, ilgi alanlar\u0131na, cinsel y\u00f6nelime ve \u00e7ok daha fazlas\u0131na g\u00f6re arayabilirsiniz.<\/p>\n<p>Potansiyel bir e\u015fle\u015fme bulduktan sonra, birbirinize do\u011frudan e-posta yoluyla mesaj g\u00f6nderebilirsiniz. Devam etmeye ve sohbet etmeye karar verirseniz, bunu \u00fcye alan\u0131nda \u00f6zel olarak yapabilirsiniz.<\/p>\n<p>Di\u011fer \u00fcyelerin resimlerini ve videolar\u0131n\u0131 da g\u00f6r\u00fcnt\u00fcleyebilirsiniz. Bu resimleri ve videolar\u0131 derecelendirebilir ve yorum b\u0131rakabilirsiniz.<\/p>\n<p>A\u015fk, seks ve ili\u015fkilerle ilgili konular\u0131 tart\u0131\u015fabilece\u011finiz forumlar da vard\u0131r.<\/p>\n<h3>Kaydolun<\/h3>\n<p>S\u0131radan kar\u015f\u0131la\u015fmalar bulmak i\u00e7in harika bir se\u00e7enektir. Kesinlikle Craigslist&#8217;ten daha iyi, ama m\u00fckemmel olmaktan uzak.<\/p>\n<p>Bir tan\u0131\u015fma sitesi i\u00e7in \u00f6deme yapmak \u00e7ok para gibi g\u00f6r\u00fcnse de, asl\u0131nda uzun vadede paradan tasarruf edersiniz. Yani, fl\u00f6rt\u00f6z konu\u015fmalar i\u00e7in \u00e7ekici kad\u0131nlarla veya erkeklerle tan\u0131\u015fmak istiyorsan\u0131z, AdultFriendFinder kontrol etmeye de\u011fer. Ancak ciddi bir \u015fey istiyorsan\u0131z, muhtemelen barlara, kul\u00fcplere veya kafelere gitmek gibi geleneksel y\u00f6ntemlere ba\u011fl\u0131 kalmal\u0131s\u0131n\u0131z.<\/p>\n<h3>\u00dccretli mi \u00dccretsiz mi?<\/h3>\n<p>Ba\u011flant\u0131lar, yeni insanlarla tan\u0131\u015fman\u0131n harika yollar\u0131d\u0131r. H\u0131zl\u0131, kullan\u0131\u015fl\u0131 ve genellikle \u00fccretsizdirler. Ama ba\u011flant\u0131lar i\u00e7in \u00f6deme yapmal\u0131 m\u0131s\u0131n\u0131z?<\/p>\n<p>Uzun vadeli bir ili\u015fki ar\u0131yorsan\u0131z, evet, ba\u011flant\u0131lar i\u00e7in \u00f6deme yapmak mant\u0131kl\u0131d\u0131r. Ancak, sadece h\u0131zl\u0131 bir ka\u00e7\u0131\u015f bulmak istiyorsan\u0131z, o zaman hay\u0131r, ba\u011flant\u0131lar i\u00e7in \u00f6deme yapmamal\u0131s\u0131n\u0131z.<\/p>\n<p>Ba\u011flant\u0131lar i\u00e7in \u00f6deme yapmak buna de\u011fmez \u00e7\u00fcnk\u00fc bu siteleri kullanan \u00e7o\u011fu erkek bir k\u0131z arkada\u015f bulma konusunda ciddi de\u011fildir. Bunun yerine, seks ar\u0131yorlar. Yani ba\u011flant\u0131lar i\u00e7in \u00f6deme yapt\u0131\u011f\u0131n\u0131zda, asl\u0131nda onlara bir indirim yap\u0131yorsunuz.<\/p>\n<p>Bu, \u00e7evrimi\u00e7i bulu\u015fma yoluyla \u00e7ekebilece\u011finiz ki\u015finin kalitesini elde edemedi\u011finiz anlam\u0131na gelir. Ve sadece yabanc\u0131larla tan\u0131\u015ft\u0131\u011f\u0131n\u0131z i\u00e7in, doland\u0131r\u0131lma riski daha y\u00fcksektir.<\/p>\n<p>Bunun yerine, ger\u00e7ek kad\u0131nlarla tan\u0131\u015fabilece\u011finiz \u00e7evrimi\u00e7i tan\u0131\u015fma web sitelerini deneyin. Bu siteler ba\u011flant\u0131 sitelerinden daha g\u00fcvenlidir, \u00e7\u00fcnk\u00fc k\u00f6t\u00fc adamlar\u0131 filtreleyebilirsiniz. Ayr\u0131ca, rastgele ba\u011flant\u0131lar yerine kar\u015f\u0131l\u0131kl\u0131 ilgi alanlar\u0131na dayal\u0131 olarak kad\u0131nlarla ba\u011flant\u0131 kurabilirsiniz.<\/p>\n","protected":false},"excerpt":{"rendered":"<p>Casual Dating Yorumlar\u0131 (Oyun veya \u00d6demesiz) En iyi \u00e7evrimi\u00e7i tan\u0131\u015fma siteleri, size di\u011ferlerine k\u0131yasla benzersiz bir \u015fey sunanlard\u0131r. Size \u00f6zel biriyle tan\u0131\u015fmak i\u00e7in daha iyi bir \u015fans sunarlar \u00e7\u00fcnk\u00fc \u00f6zellikle [&hellip;]<\/p>\n","protected":false},"author":1,"featured_media":99,"parent":0,"menu_order":0,"comment_status":"closed","ping_status":"closed","template":"","meta":[],"yoast_head":"<!-- This site is optimized with the Yoast SEO plugin v17.7.1 - https:\/\/yoast.com\/wordpress\/plugins\/seo\/ -->\n<title>Casual Dating Yorumlar\u0131 (Oyun veya \u00d6demesiz) - Adult Recordings<\/title>\n<meta name=\"description\" content=\"META A\u00e7\u0131klama\" \/>\n<meta name=\"robots\" content=\"index, follow, max-snippet:-1, max-image-preview:large, max-video-preview:-1\" \/>\n<link rel=\"canonical\" href=\"https:\/\/arbouserecordings.com\/tr\/\" \/>\n<meta property=\"og:locale\" content=\"tr_TR\" \/>\n<meta property=\"og:type\" content=\"article\" \/>\n<meta property=\"og:title\" content=\"Casual Dating Yorumlar\u0131 (Oyun veya \u00d6demesiz) - Adult Recordings\" \/>\n<meta property=\"og:description\" content=\"META A\u00e7\u0131klama\" \/>\n<meta property=\"og:url\" content=\"https:\/\/arbouserecordings.com\/tr\/\" \/>\n<meta property=\"og:site_name\" content=\"Adult Recordings\" \/>\n<meta property=\"article:modified_time\" content=\"2022-09-08T18:43:33+00:00\" \/>\n<meta property=\"og:image\" content=\"https:\/\/arbouserecordings.com\/wp-content\/uploads\/2022\/08\/best-adult-apps-for-casual-fun.jpeg\" \/>\n\t<meta property=\"og:image:width\" content=\"2250\" \/>\n\t<meta property=\"og:image:height\" content=\"1500\" \/>\n<meta name=\"twitter:card\" content=\"summary_large_image\" \/>\n<meta name=\"twitter:label1\" content=\"Tahmini okuma s\u00fcresi\" \/>\n\t<meta name=\"twitter:data1\" content=\"8 dakika\" \/>\n<script type=\"application\/ld+json\" class=\"yoast-schema-graph\">{\"@context\":\"https:\/\/schema.org\",\"@graph\":[{\"@type\":\"WebSite\",\"@id\":\"https:\/\/arbouserecordings.com\/#website\",\"url\":\"https:\/\/arbouserecordings.com\/\",\"name\":\"Adult Recordings\",\"description\":\"Online Hookup Reviews\",\"potentialAction\":[{\"@type\":\"SearchAction\",\"target\":{\"@type\":\"EntryPoint\",\"urlTemplate\":\"https:\/\/arbouserecordings.com\/?s={search_term_string}\"},\"query-input\":\"required name=search_term_string\"}],\"inLanguage\":\"tr\"},{\"@type\":\"ImageObject\",\"@id\":\"https:\/\/arbouserecordings.com\/tr\/#primaryimage\",\"inLanguage\":\"tr\",\"url\":\"https:\/\/arbouserecordings.com\/wp-content\/uploads\/2022\/08\/best-adult-apps-for-casual-fun.jpeg\",\"contentUrl\":\"https:\/\/arbouserecordings.com\/wp-content\/uploads\/2022\/08\/best-adult-apps-for-casual-fun.jpeg\",\"width\":2250,\"height\":1500},{\"@type\":\"WebPage\",\"@id\":\"https:\/\/arbouserecordings.com\/tr\/#webpage\",\"url\":\"https:\/\/arbouserecordings.com\/tr\/\",\"name\":\"Casual Dating Yorumlar\\u0131 (Oyun veya \\u00d6demesiz) - Adult Recordings\",\"isPartOf\":{\"@id\":\"https:\/\/arbouserecordings.com\/#website\"},\"primaryImageOfPage\":{\"@id\":\"https:\/\/arbouserecordings.com\/tr\/#primaryimage\"},\"datePublished\":\"2022-08-27T11:42:49+00:00\",\"dateModified\":\"2022-09-08T18:43:33+00:00\",\"description\":\"META A\\u00e7\\u0131klama\",\"breadcrumb\":{\"@id\":\"https:\/\/arbouserecordings.com\/tr\/#breadcrumb\"},\"inLanguage\":\"tr\",\"potentialAction\":[{\"@type\":\"ReadAction\",\"target\":[\"https:\/\/arbouserecordings.com\/tr\/\"]}]},{\"@type\":\"BreadcrumbList\",\"@id\":\"https:\/\/arbouserecordings.com\/tr\/#breadcrumb\",\"itemListElement\":[{\"@type\":\"ListItem\",\"position\":1,\"name\":\"Home\",\"item\":\"https:\/\/arbouserecordings.com\/tr\/\"},{\"@type\":\"ListItem\",\"position\":2,\"name\":\"Casual Dating Yorumlar\\u0131 (Oyun veya \\u00d6demesiz)\"}]}]}<\/script>\n<!-- \/ Yoast SEO plugin. -->","yoast_head_json":{"title":"Casual Dating Yorumlar\u0131 (Oyun veya \u00d6demesiz) - Adult Recordings","description":"META A\u00e7\u0131klama","robots":{"index":"index","follow":"follow","max-snippet":"max-snippet:-1","max-image-preview":"max-image-preview:large","max-video-preview":"max-video-preview:-1"},"canonical":"https:\/\/arbouserecordings.com\/tr\/","og_locale":"tr_TR","og_type":"article","og_title":"Casual Dating Yorumlar\u0131 (Oyun veya \u00d6demesiz) - Adult Recordings","og_description":"META A\u00e7\u0131klama","og_url":"https:\/\/arbouserecordings.com\/tr\/","og_site_name":"Adult Recordings","article_modified_time":"2022-09-08T18:43:33+00:00","og_image":[{"width":2250,"height":1500,"url":"https:\/\/arbouserecordings.com\/wp-content\/uploads\/2022\/08\/best-adult-apps-for-casual-fun.jpeg","type":"image\/jpeg"}],"twitter_card":"summary_large_image","twitter_misc":{"Tahmini okuma s\u00fcresi":"8 dakika"},"schema":{"@context":"https:\/\/schema.org","@graph":[{"@type":"WebSite","@id":"https:\/\/arbouserecordings.com\/#website","url":"https:\/\/arbouserecordings.com\/","name":"Adult Recordings","description":"Online Hookup Reviews","potentialAction":[{"@type":"SearchAction","target":{"@type":"EntryPoint","urlTemplate":"https:\/\/arbouserecordings.com\/?s={search_term_string}"},"query-input":"required name=search_term_string"}],"inLanguage":"tr"},{"@type":"ImageObject","@id":"https:\/\/arbouserecordings.com\/tr\/#primaryimage","inLanguage":"tr","url":"https:\/\/arbouserecordings.com\/wp-content\/uploads\/2022\/08\/best-adult-apps-for-casual-fun.jpeg","contentUrl":"https:\/\/arbouserecordings.com\/wp-content\/uploads\/2022\/08\/best-adult-apps-for-casual-fun.jpeg","width":2250,"height":1500},{"@type":"WebPage","@id":"https:\/\/arbouserecordings.com\/tr\/#webpage","url":"https:\/\/arbouserecordings.com\/tr\/","name":"Casual Dating Yorumlar\u0131 (Oyun veya \u00d6demesiz) - Adult Recordings","isPartOf":{"@id":"https:\/\/arbouserecordings.com\/#website"},"primaryImageOfPage":{"@id":"https:\/\/arbouserecordings.com\/tr\/#primaryimage"},"datePublished":"2022-08-27T11:42:49+00:00","dateModified":"2022-09-08T18:43:33+00:00","description":"META A\u00e7\u0131klama","breadcrumb":{"@id":"https:\/\/arbouserecordings.com\/tr\/#breadcrumb"},"inLanguage":"tr","potentialAction":[{"@type":"ReadAction","target":["https:\/\/arbouserecordings.com\/tr\/"]}]},{"@type":"BreadcrumbList","@id":"https:\/\/arbouserecordings.com\/tr\/#breadcrumb","itemListElement":[{"@type":"ListItem","position":1,"name":"Home","item":"https:\/\/arbouserecordings.com\/tr\/"},{"@type":"ListItem","position":2,"name":"Casual Dating Yorumlar\u0131 (Oyun veya \u00d6demesiz)"}]}]}},"_links":{"self":[{"href":"https:\/\/arbouserecordings.com\/tr\/wp-json\/wp\/v2\/pages\/160"}],"collection":[{"href":"https:\/\/arbouserecordings.com\/tr\/wp-json\/wp\/v2\/pages"}],"about":[{"href":"https:\/\/arbouserecordings.com\/tr\/wp-json\/wp\/v2\/types\/page"}],"author":[{"embeddable":true,"href":"https:\/\/arbouserecordings.com\/tr\/wp-json\/wp\/v2\/users\/1"}],"replies":[{"embeddable":true,"href":"https:\/\/arbouserecordings.com\/tr\/wp-json\/wp\/v2\/comments?post=160"}],"version-history":[{"count":2,"href":"https:\/\/arbouserecordings.com\/tr\/wp-json\/wp\/v2\/pages\/160\/revisions"}],"predecessor-version":[{"id":440,"href":"https:\/\/arbouserecordings.com\/tr\/wp-json\/wp\/v2\/pages\/160\/revisions\/440"}],"wp:featuredmedia":[{"embeddable":true,"href":"https:\/\/arbouserecordings.com\/tr\/wp-json\/wp\/v2\/media\/99"}],"wp:attachment":[{"href":"https:\/\/arbouserecordings.com\/tr\/wp-json\/wp\/v2\/media?parent=160"}],"curies":[{"name":"wp","href":"https:\/\/api.w.org\/{rel}","templated":true}]}}