{"id":350,"date":"2022-08-28T10:49:05","date_gmt":"2022-08-28T09:49:05","guid":{"rendered":"http:\/\/arbouserecordings.com\/hur-hittar-jag-lokala-anslutningar-nara-dig\/"},"modified":"2022-09-08T19:16:19","modified_gmt":"2022-09-08T18:16:19","slug":"hur-hittar-jag-lokala-anslutningar-nara-dig","status":"publish","type":"page","link":"https:\/\/arbouserecordings.com\/sv\/hur-hittar-jag-lokala-anslutningar-nara-dig\/","title":{"rendered":"Hur hittar jag lokala anslutningar n\u00e4ra dig?"},"content":{"rendered":"<h1>Hur hittar jag lokala anslutningar n\u00e4ra dig?<\/h1>\n<p>V\u00e4lkommen till den b\u00e4sta gratis dejtingsappen p\u00e5 webben. Vi vet att n\u00e4tdejting ibland kan k\u00e4nnas som en skr\u00e4mmande uppgift, s\u00e4rskilt om du letar efter k\u00e4rlek p\u00e5 alla fel st\u00e4llen. S\u00e5 vi byggde v\u00e5r webbplats med det enda syftet att g\u00f6ra online dating gratis, enkelt och roligt f\u00f6r alla. Vi hoppas att du tycker om det lika mycket som vi g\u00f6r. Om det finns <a href=\"https:\/\/wank.io\/sv\/fot-fetisch-dejting\/\">fot fetisch<\/a> n\u00e5gra fr\u00e5gor tveka inte att kontakta oss. Vi \u00e4r h\u00e4r f\u00f6r att hj\u00e4lpa dig!<\/p>\n<h2>Tr\u00e4ffa lokala kvinnor f\u00f6r en anslutning<\/h2>\n<p>NSA tillhandah\u00e5ller ett rent gr\u00e4nssnitt som g\u00f6r det enkelt att navigera och kommunicera med andra medlemmar. F\u00f6rutom de standardfunktioner som du kan f\u00f6rv\u00e4nta dig att hitta i n\u00e5gon annan online-dejtingapp, erbjuder webbplatsen n\u00e5gra extra f\u00f6rm\u00e5ner som g\u00f6r att den sticker ut fr\u00e5n m\u00e4ngden.<\/p>\n<p>N\u00e4r du v\u00e4l har valt en profil som f\u00e5ngar ditt \u00f6ga kommer du till en sk\u00e4rm d\u00e4r du kan se medlemmens information <a href=\"http:\/\/www.jerkoffforme.com\/sv\/gratis-porrchatt-webbplatser\/\">porrchat<\/a>, inklusive deras k\u00f6n, \u00e5lder, plats, intressen och viktigast av allt, deras fotogalleri. D\u00e4rifr\u00e5n kan du antingen forts\u00e4tta bl\u00e4ddra i profilerna eller s\u00e5 kan du initiera kontakt genom att skicka en blinkning till en annan medlem. Hur som helst beh\u00f6ver du inte v\u00e4nta l\u00e4nge eftersom meddelanden levereras n\u00e4stan omedelbart.<\/p>\n<p>Om du best\u00e4mmer dig f\u00f6r att ta saker vidare kan du skapa ett privat <a href=\"http:\/\/arbouserecordings.com\/sv\/hitta-nagon-speciell-med-anslutningswebbplatser\/\">chattrum<\/a> d\u00e4r du kan utbyta bilder, videor och allt annat du vill visa upp. Du kan till och med l\u00e4gga till v\u00e4nner via Facebook, Twitter, Instagram, Kik och Viber. Men till skillnad fr\u00e5n m\u00e5nga dejtingappar f\u00f6r vuxna kr\u00e4ver NSa inte att du l\u00e4nkar dina konton tillsammans. Ist\u00e4llet kan du helt enkelt ansluta dina sociala n\u00e4tverk separat.<\/p>\n<h2>V\u00e5ra r\u00e5d<\/h2>\n<p>Detta \u00e4r en granskningsaggregator och j\u00e4mf\u00f6relseverktyg f\u00f6r <a href=\"http:\/\/arbouserecordings.com\/sv\/guide-for-att-hitta-karlek-med-narliggande-singlar\/\">online-datingsidor<\/a> och mobilapplikationer. Vi j\u00e4mf\u00f6r de b\u00e4sta dejtingsajterna och mobilapparna baserat p\u00e5 data som samlats in fr\u00e5n webben, sociala medier och opartiska tredje parter.<\/p>\n<p>Vi analyserar \u00f6ver 20 olika kriterier inklusive pris, medlemskostnad, antal medlemmar, framg\u00e5ngshistorier, kundsupport, s\u00e4kerhet, sekretesspolicy, \u00e5terbetalningspolicy, tillg\u00e4nglighet f\u00f6r mobilappar och mycket mer.<\/p>\n<p>F\u00f6r att l\u00e4ra dig mer om hur vi v\u00e4ljer de b\u00e4sta dejtingsajterna och apparna, l\u00e4s v\u00e5r metod h\u00e4r.<\/p>\n<h2>Ska du anv\u00e4nda sextingsajter eller dejtingappar?<\/h2>\n<p>Online dating apps blir alltmer popul\u00e4ra bland singlar runt om i v\u00e4rlden. M\u00e4nniskor anv\u00e4nder dem f\u00f6r att hitta k\u00e4rlek, v\u00e4nskap, avslappnad sex och till och med l\u00e5ngsiktiga relationer. De anv\u00e4nds ocks\u00e5 f\u00f6r roliga dejter, v\u00e4nner med f\u00f6rdelar och helt enkelt gammal flirt. Det finns m\u00e5nga olika typer av online-dejtingsappar, inklusive de som \u00e4r utformade f\u00f6r specifika \u00e4ndam\u00e5l <a href=\"https:\/\/www.hotsexychat.net\/sv\/gratis-porr-spel-pa-app-store\/\">erotik spel<\/a>, som att hitta ett datum, tr\u00e4ffa potentiella partners eller helt enkelt l\u00e4ra k\u00e4nna intressanta m\u00e4nniskor.<\/p>\n<p>Denna typ av appar blir alltmer popul\u00e4ra eftersom de g\u00f6r det l\u00e4ttare att hitta ett datum utan att beh\u00f6va spendera timmar p\u00e5 att tr\u00e5la sociala medieprofiler. Det finns nu hundratals olika dejtingsajter och appar d\u00e4r ute, var och en erbjuder n\u00e5got lite annorlunda. H\u00e4r tittar vi p\u00e5 vad de erbjuder, hur mycket de kostar och hur l\u00e4tt det \u00e4r att anv\u00e4nda dem.<\/p>\n<p>De \u00e4r ett bra s\u00e4tt att tr\u00e4ffa n\u00e5gon ny, s\u00e4rskilt om du inte vill g\u00e5 ut p\u00e5 ett datum med vem som helst.<\/p>\n","protected":false},"excerpt":{"rendered":"<p>Hur hittar jag lokala anslutningar n\u00e4ra dig? V\u00e4lkommen till den b\u00e4sta gratis dejtingsappen p\u00e5 webben. Vi vet att n\u00e4tdejting ibland kan k\u00e4nnas som en skr\u00e4mmande uppgift, s\u00e4rskilt om du letar [&hellip;]<\/p>\n","protected":false},"author":1,"featured_media":278,"parent":0,"menu_order":0,"comment_status":"closed","ping_status":"closed","template":"","meta":[],"yoast_head":"<!-- This site is optimized with the Yoast SEO plugin v17.7.1 - https:\/\/yoast.com\/wordpress\/plugins\/seo\/ -->\n<title>Hur hittar jag lokala anslutningar n\u00e4ra dig? - Adult Recordings<\/title>\n<meta name=\"robots\" content=\"index, follow, max-snippet:-1, max-image-preview:large, max-video-preview:-1\" \/>\n<link rel=\"canonical\" href=\"https:\/\/arbouserecordings.com\/sv\/hur-hittar-jag-lokala-anslutningar-nara-dig\/\" \/>\n<meta property=\"og:locale\" content=\"sv_SE\" \/>\n<meta property=\"og:type\" content=\"article\" \/>\n<meta property=\"og:title\" content=\"Hur hittar jag lokala anslutningar n\u00e4ra dig? - Adult Recordings\" \/>\n<meta property=\"og:description\" content=\"Hur hittar jag lokala anslutningar n\u00e4ra dig? V\u00e4lkommen till den b\u00e4sta gratis dejtingsappen p\u00e5 webben. Vi vet att n\u00e4tdejting ibland kan k\u00e4nnas som en skr\u00e4mmande uppgift, s\u00e4rskilt om du letar [&hellip;]\" \/>\n<meta property=\"og:url\" content=\"https:\/\/arbouserecordings.com\/sv\/hur-hittar-jag-lokala-anslutningar-nara-dig\/\" \/>\n<meta property=\"og:site_name\" content=\"Adult Recordings\" \/>\n<meta property=\"article:modified_time\" content=\"2022-09-08T18:16:19+00:00\" \/>\n<meta property=\"og:image\" content=\"https:\/\/arbouserecordings.com\/wp-content\/uploads\/2022\/08\/read-reviews.jpeg\" \/>\n\t<meta property=\"og:image:width\" content=\"2250\" \/>\n\t<meta property=\"og:image:height\" content=\"1500\" \/>\n<meta name=\"twitter:card\" content=\"summary_large_image\" \/>\n<meta name=\"twitter:label1\" content=\"Ber\u00e4knad l\u00e4stid\" \/>\n\t<meta name=\"twitter:data1\" content=\"3 minuter\" \/>\n<script type=\"application\/ld+json\" class=\"yoast-schema-graph\">{\"@context\":\"https:\/\/schema.org\",\"@graph\":[{\"@type\":\"WebSite\",\"@id\":\"https:\/\/arbouserecordings.com\/nl\/#website\",\"url\":\"https:\/\/arbouserecordings.com\/nl\/\",\"name\":\"Adult Recordings\",\"description\":\"Online Hookup Reviews\",\"potentialAction\":[{\"@type\":\"SearchAction\",\"target\":{\"@type\":\"EntryPoint\",\"urlTemplate\":\"https:\/\/arbouserecordings.com\/nl\/?s={search_term_string}\"},\"query-input\":\"required name=search_term_string\"}],\"inLanguage\":\"sv-SE\"},{\"@type\":\"ImageObject\",\"@id\":\"https:\/\/arbouserecordings.com\/sv\/hur-hittar-jag-lokala-anslutningar-nara-dig\/#primaryimage\",\"inLanguage\":\"sv-SE\",\"url\":\"https:\/\/arbouserecordings.com\/wp-content\/uploads\/2022\/08\/read-reviews.jpeg\",\"contentUrl\":\"https:\/\/arbouserecordings.com\/wp-content\/uploads\/2022\/08\/read-reviews.jpeg\",\"width\":2250,\"height\":1500},{\"@type\":\"WebPage\",\"@id\":\"https:\/\/arbouserecordings.com\/sv\/hur-hittar-jag-lokala-anslutningar-nara-dig\/#webpage\",\"url\":\"https:\/\/arbouserecordings.com\/sv\/hur-hittar-jag-lokala-anslutningar-nara-dig\/\",\"name\":\"Hur hittar jag lokala anslutningar n\\u00e4ra dig? - Adult Recordings\",\"isPartOf\":{\"@id\":\"https:\/\/arbouserecordings.com\/nl\/#website\"},\"primaryImageOfPage\":{\"@id\":\"https:\/\/arbouserecordings.com\/sv\/hur-hittar-jag-lokala-anslutningar-nara-dig\/#primaryimage\"},\"datePublished\":\"2022-08-28T09:49:05+00:00\",\"dateModified\":\"2022-09-08T18:16:19+00:00\",\"breadcrumb\":{\"@id\":\"https:\/\/arbouserecordings.com\/sv\/hur-hittar-jag-lokala-anslutningar-nara-dig\/#breadcrumb\"},\"inLanguage\":\"sv-SE\",\"potentialAction\":[{\"@type\":\"ReadAction\",\"target\":[\"https:\/\/arbouserecordings.com\/sv\/hur-hittar-jag-lokala-anslutningar-nara-dig\/\"]}]},{\"@type\":\"BreadcrumbList\",\"@id\":\"https:\/\/arbouserecordings.com\/sv\/hur-hittar-jag-lokala-anslutningar-nara-dig\/#breadcrumb\",\"itemListElement\":[{\"@type\":\"ListItem\",\"position\":1,\"name\":\"Home\",\"item\":\"https:\/\/arbouserecordings.com\/sv\/\"},{\"@type\":\"ListItem\",\"position\":2,\"name\":\"Hur hittar jag lokala anslutningar n\\u00e4ra dig?\"}]}]}<\/script>\n<!-- \/ Yoast SEO plugin. -->","yoast_head_json":{"title":"Hur hittar jag lokala anslutningar n\u00e4ra dig? - Adult Recordings","robots":{"index":"index","follow":"follow","max-snippet":"max-snippet:-1","max-image-preview":"max-image-preview:large","max-video-preview":"max-video-preview:-1"},"canonical":"https:\/\/arbouserecordings.com\/sv\/hur-hittar-jag-lokala-anslutningar-nara-dig\/","og_locale":"sv_SE","og_type":"article","og_title":"Hur hittar jag lokala anslutningar n\u00e4ra dig? - Adult Recordings","og_description":"Hur hittar jag lokala anslutningar n\u00e4ra dig? V\u00e4lkommen till den b\u00e4sta gratis dejtingsappen p\u00e5 webben. Vi vet att n\u00e4tdejting ibland kan k\u00e4nnas som en skr\u00e4mmande uppgift, s\u00e4rskilt om du letar [&hellip;]","og_url":"https:\/\/arbouserecordings.com\/sv\/hur-hittar-jag-lokala-anslutningar-nara-dig\/","og_site_name":"Adult Recordings","article_modified_time":"2022-09-08T18:16:19+00:00","og_image":[{"width":2250,"height":1500,"url":"https:\/\/arbouserecordings.com\/wp-content\/uploads\/2022\/08\/read-reviews.jpeg","type":"image\/jpeg"}],"twitter_card":"summary_large_image","twitter_misc":{"Ber\u00e4knad l\u00e4stid":"3 minuter"},"schema":{"@context":"https:\/\/schema.org","@graph":[{"@type":"WebSite","@id":"https:\/\/arbouserecordings.com\/nl\/#website","url":"https:\/\/arbouserecordings.com\/nl\/","name":"Adult Recordings","description":"Online Hookup Reviews","potentialAction":[{"@type":"SearchAction","target":{"@type":"EntryPoint","urlTemplate":"https:\/\/arbouserecordings.com\/nl\/?s={search_term_string}"},"query-input":"required name=search_term_string"}],"inLanguage":"sv-SE"},{"@type":"ImageObject","@id":"https:\/\/arbouserecordings.com\/sv\/hur-hittar-jag-lokala-anslutningar-nara-dig\/#primaryimage","inLanguage":"sv-SE","url":"https:\/\/arbouserecordings.com\/wp-content\/uploads\/2022\/08\/read-reviews.jpeg","contentUrl":"https:\/\/arbouserecordings.com\/wp-content\/uploads\/2022\/08\/read-reviews.jpeg","width":2250,"height":1500},{"@type":"WebPage","@id":"https:\/\/arbouserecordings.com\/sv\/hur-hittar-jag-lokala-anslutningar-nara-dig\/#webpage","url":"https:\/\/arbouserecordings.com\/sv\/hur-hittar-jag-lokala-anslutningar-nara-dig\/","name":"Hur hittar jag lokala anslutningar n\u00e4ra dig? - Adult Recordings","isPartOf":{"@id":"https:\/\/arbouserecordings.com\/nl\/#website"},"primaryImageOfPage":{"@id":"https:\/\/arbouserecordings.com\/sv\/hur-hittar-jag-lokala-anslutningar-nara-dig\/#primaryimage"},"datePublished":"2022-08-28T09:49:05+00:00","dateModified":"2022-09-08T18:16:19+00:00","breadcrumb":{"@id":"https:\/\/arbouserecordings.com\/sv\/hur-hittar-jag-lokala-anslutningar-nara-dig\/#breadcrumb"},"inLanguage":"sv-SE","potentialAction":[{"@type":"ReadAction","target":["https:\/\/arbouserecordings.com\/sv\/hur-hittar-jag-lokala-anslutningar-nara-dig\/"]}]},{"@type":"BreadcrumbList","@id":"https:\/\/arbouserecordings.com\/sv\/hur-hittar-jag-lokala-anslutningar-nara-dig\/#breadcrumb","itemListElement":[{"@type":"ListItem","position":1,"name":"Home","item":"https:\/\/arbouserecordings.com\/sv\/"},{"@type":"ListItem","position":2,"name":"Hur hittar jag lokala anslutningar n\u00e4ra dig?"}]}]}},"_links":{"self":[{"href":"https:\/\/arbouserecordings.com\/sv\/wp-json\/wp\/v2\/pages\/350"}],"collection":[{"href":"https:\/\/arbouserecordings.com\/sv\/wp-json\/wp\/v2\/pages"}],"about":[{"href":"https:\/\/arbouserecordings.com\/sv\/wp-json\/wp\/v2\/types\/page"}],"author":[{"embeddable":true,"href":"https:\/\/arbouserecordings.com\/sv\/wp-json\/wp\/v2\/users\/1"}],"replies":[{"embeddable":true,"href":"https:\/\/arbouserecordings.com\/sv\/wp-json\/wp\/v2\/comments?post=350"}],"version-history":[{"count":1,"href":"https:\/\/arbouserecordings.com\/sv\/wp-json\/wp\/v2\/pages\/350\/revisions"}],"predecessor-version":[{"id":436,"href":"https:\/\/arbouserecordings.com\/sv\/wp-json\/wp\/v2\/pages\/350\/revisions\/436"}],"wp:featuredmedia":[{"embeddable":true,"href":"https:\/\/arbouserecordings.com\/sv\/wp-json\/wp\/v2\/media\/278"}],"wp:attachment":[{"href":"https:\/\/arbouserecordings.com\/sv\/wp-json\/wp\/v2\/media?parent=350"}],"curies":[{"name":"wp","href":"https:\/\/api.w.org\/{rel}","templated":true}]}}