{"id":341,"date":"2022-08-28T11:00:46","date_gmt":"2022-08-28T10:00:46","guid":{"rendered":"http:\/\/arbouserecordings.com\/hitta-nagon-speciell-med-anslutningswebbplatser\/"},"modified":"2022-08-28T11:00:46","modified_gmt":"2022-08-28T10:00:46","slug":"hitta-nagon-speciell-med-anslutningswebbplatser","status":"publish","type":"page","link":"https:\/\/arbouserecordings.com\/sv\/hitta-nagon-speciell-med-anslutningswebbplatser\/","title":{"rendered":"Hitta n\u00e5gon speciell med anslutningswebbplatser"},"content":{"rendered":"<h1>Hitta n\u00e5gon speciell med anslutningswebbplatser<\/h1>\n<p>Det finns m\u00e5nga anledningar till varf\u00f6r du vill anv\u00e4nda en dejtingsapp, oavsett om det \u00e4r f\u00f6r att du vill tr\u00e4ffa n\u00e5gon speciell, hitta k\u00e4rlek eller helt enkelt f\u00e5 n\u00e5gra v\u00e4nner. Men att hitta r\u00e4tt kan vara sv\u00e5rt, s\u00e4rskilt eftersom det finns s\u00e5 m\u00e5nga alternativ d\u00e4r ute. S\u00e5 h\u00e4r \u00e4r v\u00e5r guide som hj\u00e4lper dig att best\u00e4mma vilken dejtingapp som \u00e4r b\u00e4st f\u00f6r dig.<\/p>\n<h2>Du vill tr\u00e4ffa n\u00e5gon speciell<\/h2>\n<p>Om du <a href=\"http:\/\/arbouserecordings.com\/sv\/hur-man-lyckas-med-online-dating-fa-din-profil-ratt\/\">vill tr\u00e4ffa<\/a> n\u00e5gon specifik vill du f\u00f6rmodligen b\u00f6rja med att begr\u00e4nsa f\u00e4ltet. P\u00e5 s\u00e5 s\u00e4tt sl\u00f6sar du inte f\u00f6r mycket tid p\u00e5 att f\u00f6rs\u00f6ka hitta matchningar med m\u00e4nniskor som faktiskt inte \u00e4r intresserade av att l\u00e4ra k\u00e4nna dig b\u00e4ttre. Om du letar efter ett l\u00e5ngsiktigt f\u00f6rh\u00e5llande vill du f\u00f6rmodligen \u00f6verv\u00e4ga appar som Tinder, Bumble, Hinge, OkCupid, PlentyOfFish, Match, Zoosk, Coffee Meets Bagel, eHarmony, ChristianMingle och Match.com. Men om du bara vill g\u00f6ra n\u00e5gra avslappnade anslutningar kan du prova appar som Happn, Grinder, Badoo, Grindr, Hornet och Tango.<\/p>\n<h3>Du vill bara ha kul<\/h3>\n<p>Vissa dejtingsappar \u00e4r inriktade p\u00e5 att f\u00e5 v\u00e4nner, medan andra \u00e4r speciellt utformade f\u00f6r att ansluta. Appar som Tinder, Bumble och Whisper \u00e4r bra f\u00f6r dem som vill f\u00e5 v\u00e4nner, medan appar som Scruff, Growlr och Blendr \u00e4r mer fokuserade p\u00e5 att ansluta sexuellt. Om du vill ansluta socialt kan du kolla in appar som Facebook, Instagram, Snapchat, Twitter, LinkedIn, Viber, Kik, Whatsapp, WeChat, Line, Telegram, Skype, Yahoo Messenger, Pinterest, Tumblr, Reddit och Tumblr.<\/p>\n<h3>Du vet inte vilken typ av person du letar efter<\/h3>\n<p>Oavsett hur bra din profil \u00e4r betyder det inte att du automatiskt lockar den typ av person du s\u00f6ker. Faktum \u00e4r att de flesta inte ens inser att de lockas till vissa typer av m\u00e4nniskor. S\u00e5 det \u00e4r viktigt att ta sig tid att verkligen t\u00e4nka p\u00e5 vem du \u00e4r och vad du letar efter hos en partner. Sedan, n\u00e4r du v\u00e4l har r\u00e4knat ut det, kan du begr\u00e4nsa saker ytterligare.<\/p>\n<h2>B\u00e4sta appen f\u00f6r ett seri\u00f6st f\u00f6rh\u00e5llande: OkCupid<\/h2>\n<p>OkCupid \u00e4r en av de mest popul\u00e4ra gratis dejtingsajterna d\u00e4r ute. Det har funnits sedan 2007 och det har cirka 30 miljoner aktiva medlemmar \u00f6ver hela v\u00e4rlden. Medan m\u00e5nga m\u00e4nniskor \u00e4r skeptiska till <a href=\"http:\/\/arbouserecordings.com\/sv\/hur-hittar-jag-lokala-anslutningar-nara-dig\/\">online dating<\/a>, \u00e4r OkCupid faktiskt ganska framg\u00e5ngsrik. De har tusentals dagliga konversationer som h\u00e4nder p\u00e5 deras webbplats, och de s\u00e4ger att deras framg\u00e5ng kokar ner till en sak: m\u00e5nga k\u00e4rleksbrev.<\/p>\n<p>Appen st\u00e4ller en webbplats med fr\u00e5gor fr\u00e5n enkla saker till om, hur m\u00e5nga datum du vanligtvis ukraina v\u00e4ntar innan du sover med n\u00e5gon. Ju djupare du g\u00e5r, desto mer exakta blir dina profiler, enligt OkCupid. Detta g\u00f6r att webbplatsen kan hitta matchningar baserat p\u00e5 vad du vill ha snarare \u00e4n bara din plats.<\/p>\n<p>Medan OkCupid har en mycket stark anv\u00e4ndarbas p\u00e5 30 miljoner aktiva medlemmar \u00f6ver hela v\u00e4rlden, kommer kvaliteten p\u00e5 matcherna att variera beroende p\u00e5 var du bor. Om du inte \u00e4r i en st\u00f6rre stad ser du f\u00f6rmodligen f\u00e4rre alternativ.<\/p>\n","protected":false},"excerpt":{"rendered":"<p>Hitta n\u00e5gon speciell med anslutningswebbplatser Det finns m\u00e5nga anledningar till varf\u00f6r du vill anv\u00e4nda en dejtingsapp, oavsett om det \u00e4r f\u00f6r att du vill tr\u00e4ffa n\u00e5gon speciell, hitta k\u00e4rlek eller [&hellip;]<\/p>\n","protected":false},"author":1,"featured_media":248,"parent":0,"menu_order":0,"comment_status":"closed","ping_status":"closed","template":"","meta":[],"yoast_head":"<!-- This site is optimized with the Yoast SEO plugin v17.7.1 - https:\/\/yoast.com\/wordpress\/plugins\/seo\/ -->\n<title>Hitta n\u00e5gon speciell med anslutningswebbplatser - Adult Recordings<\/title>\n<meta name=\"robots\" content=\"index, follow, max-snippet:-1, max-image-preview:large, max-video-preview:-1\" \/>\n<link rel=\"canonical\" href=\"https:\/\/arbouserecordings.com\/sv\/hitta-nagon-speciell-med-anslutningswebbplatser\/\" \/>\n<meta property=\"og:locale\" content=\"sv_SE\" \/>\n<meta property=\"og:type\" content=\"article\" \/>\n<meta property=\"og:title\" content=\"Hitta n\u00e5gon speciell med anslutningswebbplatser - Adult Recordings\" \/>\n<meta property=\"og:description\" content=\"Hitta n\u00e5gon speciell med anslutningswebbplatser Det finns m\u00e5nga anledningar till varf\u00f6r du vill anv\u00e4nda en dejtingsapp, oavsett om det \u00e4r f\u00f6r att du vill tr\u00e4ffa n\u00e5gon speciell, hitta k\u00e4rlek eller [&hellip;]\" \/>\n<meta property=\"og:url\" content=\"https:\/\/arbouserecordings.com\/sv\/hitta-nagon-speciell-med-anslutningswebbplatser\/\" \/>\n<meta property=\"og:site_name\" content=\"Adult Recordings\" \/>\n<meta property=\"og:image\" content=\"https:\/\/arbouserecordings.com\/wp-content\/uploads\/2022\/08\/free-adult-hookup-apps.jpeg\" \/>\n\t<meta property=\"og:image:width\" content=\"1125\" \/>\n\t<meta property=\"og:image:height\" content=\"750\" \/>\n<meta name=\"twitter:card\" content=\"summary_large_image\" \/>\n<meta name=\"twitter:label1\" content=\"Ber\u00e4knad l\u00e4stid\" \/>\n\t<meta name=\"twitter:data1\" content=\"3 minuter\" \/>\n<script type=\"application\/ld+json\" class=\"yoast-schema-graph\">{\"@context\":\"https:\/\/schema.org\",\"@graph\":[{\"@type\":\"WebSite\",\"@id\":\"https:\/\/arbouserecordings.com\/nl\/#website\",\"url\":\"https:\/\/arbouserecordings.com\/nl\/\",\"name\":\"Adult Recordings\",\"description\":\"Online Hookup Reviews\",\"potentialAction\":[{\"@type\":\"SearchAction\",\"target\":{\"@type\":\"EntryPoint\",\"urlTemplate\":\"https:\/\/arbouserecordings.com\/nl\/?s={search_term_string}\"},\"query-input\":\"required name=search_term_string\"}],\"inLanguage\":\"sv-SE\"},{\"@type\":\"ImageObject\",\"@id\":\"https:\/\/arbouserecordings.com\/sv\/hitta-nagon-speciell-med-anslutningswebbplatser\/#primaryimage\",\"inLanguage\":\"sv-SE\",\"url\":\"https:\/\/arbouserecordings.com\/wp-content\/uploads\/2022\/08\/free-adult-hookup-apps.jpeg\",\"contentUrl\":\"https:\/\/arbouserecordings.com\/wp-content\/uploads\/2022\/08\/free-adult-hookup-apps.jpeg\",\"width\":1125,\"height\":750},{\"@type\":\"WebPage\",\"@id\":\"https:\/\/arbouserecordings.com\/sv\/hitta-nagon-speciell-med-anslutningswebbplatser\/#webpage\",\"url\":\"https:\/\/arbouserecordings.com\/sv\/hitta-nagon-speciell-med-anslutningswebbplatser\/\",\"name\":\"Hitta n\\u00e5gon speciell med anslutningswebbplatser - Adult Recordings\",\"isPartOf\":{\"@id\":\"https:\/\/arbouserecordings.com\/nl\/#website\"},\"primaryImageOfPage\":{\"@id\":\"https:\/\/arbouserecordings.com\/sv\/hitta-nagon-speciell-med-anslutningswebbplatser\/#primaryimage\"},\"datePublished\":\"2022-08-28T10:00:46+00:00\",\"dateModified\":\"2022-08-28T10:00:46+00:00\",\"breadcrumb\":{\"@id\":\"https:\/\/arbouserecordings.com\/sv\/hitta-nagon-speciell-med-anslutningswebbplatser\/#breadcrumb\"},\"inLanguage\":\"sv-SE\",\"potentialAction\":[{\"@type\":\"ReadAction\",\"target\":[\"https:\/\/arbouserecordings.com\/sv\/hitta-nagon-speciell-med-anslutningswebbplatser\/\"]}]},{\"@type\":\"BreadcrumbList\",\"@id\":\"https:\/\/arbouserecordings.com\/sv\/hitta-nagon-speciell-med-anslutningswebbplatser\/#breadcrumb\",\"itemListElement\":[{\"@type\":\"ListItem\",\"position\":1,\"name\":\"Home\",\"item\":\"https:\/\/arbouserecordings.com\/sv\/\"},{\"@type\":\"ListItem\",\"position\":2,\"name\":\"Hitta n\\u00e5gon speciell med anslutningswebbplatser\"}]}]}<\/script>\n<!-- \/ Yoast SEO plugin. -->","yoast_head_json":{"title":"Hitta n\u00e5gon speciell med anslutningswebbplatser - Adult Recordings","robots":{"index":"index","follow":"follow","max-snippet":"max-snippet:-1","max-image-preview":"max-image-preview:large","max-video-preview":"max-video-preview:-1"},"canonical":"https:\/\/arbouserecordings.com\/sv\/hitta-nagon-speciell-med-anslutningswebbplatser\/","og_locale":"sv_SE","og_type":"article","og_title":"Hitta n\u00e5gon speciell med anslutningswebbplatser - Adult Recordings","og_description":"Hitta n\u00e5gon speciell med anslutningswebbplatser Det finns m\u00e5nga anledningar till varf\u00f6r du vill anv\u00e4nda en dejtingsapp, oavsett om det \u00e4r f\u00f6r att du vill tr\u00e4ffa n\u00e5gon speciell, hitta k\u00e4rlek eller [&hellip;]","og_url":"https:\/\/arbouserecordings.com\/sv\/hitta-nagon-speciell-med-anslutningswebbplatser\/","og_site_name":"Adult Recordings","og_image":[{"width":1125,"height":750,"url":"https:\/\/arbouserecordings.com\/wp-content\/uploads\/2022\/08\/free-adult-hookup-apps.jpeg","type":"image\/jpeg"}],"twitter_card":"summary_large_image","twitter_misc":{"Ber\u00e4knad l\u00e4stid":"3 minuter"},"schema":{"@context":"https:\/\/schema.org","@graph":[{"@type":"WebSite","@id":"https:\/\/arbouserecordings.com\/nl\/#website","url":"https:\/\/arbouserecordings.com\/nl\/","name":"Adult Recordings","description":"Online Hookup Reviews","potentialAction":[{"@type":"SearchAction","target":{"@type":"EntryPoint","urlTemplate":"https:\/\/arbouserecordings.com\/nl\/?s={search_term_string}"},"query-input":"required name=search_term_string"}],"inLanguage":"sv-SE"},{"@type":"ImageObject","@id":"https:\/\/arbouserecordings.com\/sv\/hitta-nagon-speciell-med-anslutningswebbplatser\/#primaryimage","inLanguage":"sv-SE","url":"https:\/\/arbouserecordings.com\/wp-content\/uploads\/2022\/08\/free-adult-hookup-apps.jpeg","contentUrl":"https:\/\/arbouserecordings.com\/wp-content\/uploads\/2022\/08\/free-adult-hookup-apps.jpeg","width":1125,"height":750},{"@type":"WebPage","@id":"https:\/\/arbouserecordings.com\/sv\/hitta-nagon-speciell-med-anslutningswebbplatser\/#webpage","url":"https:\/\/arbouserecordings.com\/sv\/hitta-nagon-speciell-med-anslutningswebbplatser\/","name":"Hitta n\u00e5gon speciell med anslutningswebbplatser - Adult Recordings","isPartOf":{"@id":"https:\/\/arbouserecordings.com\/nl\/#website"},"primaryImageOfPage":{"@id":"https:\/\/arbouserecordings.com\/sv\/hitta-nagon-speciell-med-anslutningswebbplatser\/#primaryimage"},"datePublished":"2022-08-28T10:00:46+00:00","dateModified":"2022-08-28T10:00:46+00:00","breadcrumb":{"@id":"https:\/\/arbouserecordings.com\/sv\/hitta-nagon-speciell-med-anslutningswebbplatser\/#breadcrumb"},"inLanguage":"sv-SE","potentialAction":[{"@type":"ReadAction","target":["https:\/\/arbouserecordings.com\/sv\/hitta-nagon-speciell-med-anslutningswebbplatser\/"]}]},{"@type":"BreadcrumbList","@id":"https:\/\/arbouserecordings.com\/sv\/hitta-nagon-speciell-med-anslutningswebbplatser\/#breadcrumb","itemListElement":[{"@type":"ListItem","position":1,"name":"Home","item":"https:\/\/arbouserecordings.com\/sv\/"},{"@type":"ListItem","position":2,"name":"Hitta n\u00e5gon speciell med anslutningswebbplatser"}]}]}},"_links":{"self":[{"href":"https:\/\/arbouserecordings.com\/sv\/wp-json\/wp\/v2\/pages\/341"}],"collection":[{"href":"https:\/\/arbouserecordings.com\/sv\/wp-json\/wp\/v2\/pages"}],"about":[{"href":"https:\/\/arbouserecordings.com\/sv\/wp-json\/wp\/v2\/types\/page"}],"author":[{"embeddable":true,"href":"https:\/\/arbouserecordings.com\/sv\/wp-json\/wp\/v2\/users\/1"}],"replies":[{"embeddable":true,"href":"https:\/\/arbouserecordings.com\/sv\/wp-json\/wp\/v2\/comments?post=341"}],"version-history":[{"count":0,"href":"https:\/\/arbouserecordings.com\/sv\/wp-json\/wp\/v2\/pages\/341\/revisions"}],"wp:featuredmedia":[{"embeddable":true,"href":"https:\/\/arbouserecordings.com\/sv\/wp-json\/wp\/v2\/media\/248"}],"wp:attachment":[{"href":"https:\/\/arbouserecordings.com\/sv\/wp-json\/wp\/v2\/media?parent=341"}],"curies":[{"name":"wp","href":"https:\/\/api.w.org\/{rel}","templated":true}]}}