{"id":322,"date":"2022-08-28T10:58:17","date_gmt":"2022-08-28T09:58:17","guid":{"rendered":"http:\/\/arbouserecordings.com\/hur-man-lyckas-med-online-dating-fa-din-profil-ratt\/"},"modified":"2022-09-08T19:15:48","modified_gmt":"2022-09-08T18:15:48","slug":"hur-man-lyckas-med-online-dating-fa-din-profil-ratt","status":"publish","type":"page","link":"https:\/\/arbouserecordings.com\/sv\/hur-man-lyckas-med-online-dating-fa-din-profil-ratt\/","title":{"rendered":"Hur man lyckas med online dating: F\u00e5 din profil r\u00e4tt"},"content":{"rendered":"<h1>Hur man lyckas med online dating: F\u00e5 din profil r\u00e4tt<\/h1>\n<p>De mest popul\u00e4ra dejtingsajterna inkluderar eHarmony, Match, OkCupid, PlentyOfFish och Tinder. De varierar alla n\u00e4r det g\u00e4ller funktioner <a href=\"https:\/\/www.hookup-now.com\/sv\/gratis-sex-med-mogna-kvinnor\/\">mogna damer gratis<\/a>, kostnader och sekretesspolicyer. Men de f\u00f6ljer i allm\u00e4nhet liknande regler. Till exempel kr\u00e4ver m\u00e5nga webbplatser att anv\u00e4ndare fyller i fr\u00e5geformul\u00e4r om sig sj\u00e4lva, inklusive fr\u00e5gor om \u00e5lder, k\u00f6n, utbildningsniv\u00e5, religion, politisk tillh\u00f6righet, sexuell l\u00e4ggning etc. Anv\u00e4ndare svarar ocks\u00e5 p\u00e5 fr\u00e5gor om sin ideala partner. Dessa fr\u00e5gor hj\u00e4lper webbplatsen att avg\u00f6ra om den passar b\u00e5da parter.<\/p>\n<h2>Hur man g\u00f6r de ultimata dejtingprofilerna<\/h2>\n<p>N\u00e4r du har registrerat dig f\u00e5r du e-postmeddelanden n\u00e4r det finns nya matchningar i n\u00e4rheten. Du kan bl\u00e4ddra bland profiler och skicka meddelanden direkt fr\u00e5n appen. De flesta webbplatser l\u00e5ter dig st\u00e4lla in din profilbild, omslagsfoto, bio och plats. Det kan finnas olika krav beroende p\u00e5 webbplats. Vissa webbplatser kan be dig att ladda upp foton. Andra kan be dig att ta en selfie. Och andra kan helt enkelt be dig att ange ditt stadsnamn. Om du best\u00e4mmer dig f\u00f6r att anv\u00e4nda en av dessa webbplatser, se till att l\u00e4sa det finstilta noggrant.<\/p>\n<p>Vissa webbplatser tar ut avgifter f\u00f6r att kontakta potentiella partners. Denna avgift kan variera var som helst fr\u00e5n $ 0 &#8211; $ 10 per m\u00e5nad. Andra webbplatser ger dig tillg\u00e5ng till obegr\u00e4nsade meddelanden utan att betala n\u00e5got. Ytterligare andra har inga m\u00e5nadsavgifter alls. Kontrollera webbplatsens FAQ-avsnitt f\u00f6r att se om det finns n\u00e5gra dolda avgifter.<\/p>\n<p>Du kan beh\u00f6va betala f\u00f6r att kommunicera med specifika individer. <a href=\"http:\/\/arbouserecordings.com\/sv\/guide-for-att-hitta-karlek-med-narliggande-singlar\/\">M\u00e5nga webbplatser erbjuder premiumkonton<\/a> som l\u00e5ter dig chatta med medlemmar som har betalat f\u00f6r medlemskap. Vanligtvis m\u00e5ste du betala en liten summa f\u00f6r att prata med varje person individuellt. Andra webbplatser kan l\u00e5ta dig chatta med alla, men du kommer inte att kunna skicka e-post till n\u00e5gon.<\/p>\n<p>Om du hellre inte vill spendera pengar p\u00e5 en prenumeration p\u00e5 en dejtingsajt <a href=\"http:\/\/www.adult-sex-meet.com\/sv\/gratis-sexsidor-inget-kreditkort\/\">sexsidor<\/a> kan du fortfarande hitta m\u00e5nga m\u00f6jligheter att f\u00e5 kontakt med singlar via sociala medier. Facebook-grupper, Twitter-chattar, Instagram-ber\u00e4ttelser och YouTube-videor \u00e4r bara n\u00e5gra s\u00e4tt att interagera med andra m\u00e4nniskor som bor n\u00e4ra dig.<\/p>\n<h2>Hur man anv\u00e4nder online dating webbplatser<\/h2>\n<p>Innan du registrerar dig f\u00f6r en online dejtingsajt \u00e4r det viktigt att \u00f6verv\u00e4ga vad du vill ha ut av din upplevelse. F\u00f6redrar du avslappnade datum eller vill du ha n\u00e5got seri\u00f6st? Om du \u00e4r intresserad av att hitta k\u00e4rlek finns det m\u00e5nga alternativ d\u00e4r ute. Vissa \u00e4r b\u00e4ttre l\u00e4mpade f\u00f6r one-night stands, medan andra tillgodoser dem som s\u00f6ker l\u00e5ngsiktiga relationer. Det finns till och med nischade webbplatser som fokuserar p\u00e5 specifik demografi som seniorer eller m\u00e4nniskor p\u00e5 landsbygden.<\/p>\n<p>Det f\u00f6rsta du f\u00f6rmodligen vill ta reda p\u00e5 \u00e4r vilken typ av relation <a href=\"https:\/\/www.singles-sites.com\/pl\/darmowe-meet-and-fuck\/\">meet and fuck<\/a> du hoppas hitta. \u00c4r det t\u00e4nkt att bara vara en rolig fling eller letar du efter n\u00e5got mer seri\u00f6st? Detta beslut hj\u00e4lper dig att begr\u00e4nsa dina val. T\u00e4nk sedan p\u00e5 vilka funktioner som \u00e4r viktiga f\u00f6r dig. Om du till exempel gillar sport kan du leta efter en webbplats som l\u00e5ter dig filtrera matcher baserat p\u00e5 ditt favoritlag eller din favoritsport. Eller kanske du hellre vill tr\u00e4ffa n\u00e5gon som liknar dig n\u00e4r det g\u00e4ller intressen.<\/p>\n<h2>\u00c4r de v\u00e4rda det?<\/h2>\n<p>Slutligen, ta en titt p\u00e5 de olika typerna av dejtingsajter d\u00e4r ute. Vissa \u00e4r speciellt utformade f\u00f6r <a href=\"http:\/\/arbouserecordings.com\/sv\/hur-hittar-jag-lokala-anslutningar-nara-dig\/\">kortsiktiga angel\u00e4genheter<\/a>, medan andra \u00e4r inriktade p\u00e5 l\u00e5ngsiktiga relationer. Notera ocks\u00e5 hur m\u00e5nga medlemmar varje webbplats har. Webbplatser med st\u00f6rre medlemsantal tenderar att locka mer uppm\u00e4rksamhet.<\/p>\n<p>Den genomsnittliga kostnaden f\u00f6r en dejtingapp eller webbplatsprenumeration varierar fr\u00e5n cirka $ 15 &#8211; $ 200 per m\u00e5nad, beroende p\u00e5 hur m\u00e5nga funktioner som ing\u00e5r. Det finns n\u00e5gra fantastiska gratisalternativ d\u00e4r ute, inklusive Tinder och Bumble, men om du vill ha tillg\u00e5ng till allt \u00e4r det vanligtvis b\u00e4st att v\u00e4lja betalt medlemskap.<\/p>\n<p>Du kanske tror att det \u00e4r en bra id\u00e9 att g\u00e5 med p\u00e5 en dejtingsajt &#8211; trots allt vet alla att det \u00e4r enkelt att hitta k\u00e4rlek online. Men bara f\u00f6r att n\u00e5got l\u00e5ter som en bra id\u00e9 betyder det inte att det faktiskt \u00e4r det. Innan du registrerar dig f\u00f6r n\u00e5got, g\u00f6r din forskning och se till att webbplatsen erbjuder det du letar efter. Du vill inte sl\u00f6sa bort pengar p\u00e5 en prenumeration som inte \u00e4r v\u00e4rt det.<\/p>\n","protected":false},"excerpt":{"rendered":"<p>Hur man lyckas med online dating: F\u00e5 din profil r\u00e4tt De mest popul\u00e4ra dejtingsajterna inkluderar eHarmony, Match, OkCupid, PlentyOfFish och Tinder. De varierar alla n\u00e4r det g\u00e4ller funktioner mogna damer [&hellip;]<\/p>\n","protected":false},"author":1,"featured_media":233,"parent":0,"menu_order":0,"comment_status":"closed","ping_status":"closed","template":"","meta":[],"yoast_head":"<!-- This site is optimized with the Yoast SEO plugin v17.7.1 - https:\/\/yoast.com\/wordpress\/plugins\/seo\/ -->\n<title>Hur man lyckas med online dating: F\u00e5 din profil r\u00e4tt - Adult Recordings<\/title>\n<meta name=\"robots\" content=\"index, follow, max-snippet:-1, max-image-preview:large, max-video-preview:-1\" \/>\n<link rel=\"canonical\" href=\"https:\/\/arbouserecordings.com\/sv\/hur-man-lyckas-med-online-dating-fa-din-profil-ratt\/\" \/>\n<meta property=\"og:locale\" content=\"sv_SE\" \/>\n<meta property=\"og:type\" content=\"article\" \/>\n<meta property=\"og:title\" content=\"Hur man lyckas med online dating: F\u00e5 din profil r\u00e4tt - Adult Recordings\" \/>\n<meta property=\"og:description\" content=\"Hur man lyckas med online dating: F\u00e5 din profil r\u00e4tt De mest popul\u00e4ra dejtingsajterna inkluderar eHarmony, Match, OkCupid, PlentyOfFish och Tinder. De varierar alla n\u00e4r det g\u00e4ller funktioner mogna damer [&hellip;]\" \/>\n<meta property=\"og:url\" content=\"https:\/\/arbouserecordings.com\/sv\/hur-man-lyckas-med-online-dating-fa-din-profil-ratt\/\" \/>\n<meta property=\"og:site_name\" content=\"Adult Recordings\" \/>\n<meta property=\"article:modified_time\" content=\"2022-09-08T18:15:48+00:00\" \/>\n<meta property=\"og:image\" content=\"https:\/\/arbouserecordings.com\/wp-content\/uploads\/2022\/08\/online-dating.jpeg\" \/>\n\t<meta property=\"og:image:width\" content=\"500\" \/>\n\t<meta property=\"og:image:height\" content=\"750\" \/>\n<meta name=\"twitter:card\" content=\"summary_large_image\" \/>\n<meta name=\"twitter:label1\" content=\"Ber\u00e4knad l\u00e4stid\" \/>\n\t<meta name=\"twitter:data1\" content=\"4 minuter\" \/>\n<script type=\"application\/ld+json\" class=\"yoast-schema-graph\">{\"@context\":\"https:\/\/schema.org\",\"@graph\":[{\"@type\":\"WebSite\",\"@id\":\"https:\/\/arbouserecordings.com\/nl\/#website\",\"url\":\"https:\/\/arbouserecordings.com\/nl\/\",\"name\":\"Adult Recordings\",\"description\":\"Online Hookup Reviews\",\"potentialAction\":[{\"@type\":\"SearchAction\",\"target\":{\"@type\":\"EntryPoint\",\"urlTemplate\":\"https:\/\/arbouserecordings.com\/nl\/?s={search_term_string}\"},\"query-input\":\"required name=search_term_string\"}],\"inLanguage\":\"sv-SE\"},{\"@type\":\"ImageObject\",\"@id\":\"https:\/\/arbouserecordings.com\/sv\/hur-man-lyckas-med-online-dating-fa-din-profil-ratt\/#primaryimage\",\"inLanguage\":\"sv-SE\",\"url\":\"https:\/\/arbouserecordings.com\/wp-content\/uploads\/2022\/08\/online-dating.jpeg\",\"contentUrl\":\"https:\/\/arbouserecordings.com\/wp-content\/uploads\/2022\/08\/online-dating.jpeg\",\"width\":500,\"height\":750},{\"@type\":\"WebPage\",\"@id\":\"https:\/\/arbouserecordings.com\/sv\/hur-man-lyckas-med-online-dating-fa-din-profil-ratt\/#webpage\",\"url\":\"https:\/\/arbouserecordings.com\/sv\/hur-man-lyckas-med-online-dating-fa-din-profil-ratt\/\",\"name\":\"Hur man lyckas med online dating: F\\u00e5 din profil r\\u00e4tt - Adult Recordings\",\"isPartOf\":{\"@id\":\"https:\/\/arbouserecordings.com\/nl\/#website\"},\"primaryImageOfPage\":{\"@id\":\"https:\/\/arbouserecordings.com\/sv\/hur-man-lyckas-med-online-dating-fa-din-profil-ratt\/#primaryimage\"},\"datePublished\":\"2022-08-28T09:58:17+00:00\",\"dateModified\":\"2022-09-08T18:15:48+00:00\",\"breadcrumb\":{\"@id\":\"https:\/\/arbouserecordings.com\/sv\/hur-man-lyckas-med-online-dating-fa-din-profil-ratt\/#breadcrumb\"},\"inLanguage\":\"sv-SE\",\"potentialAction\":[{\"@type\":\"ReadAction\",\"target\":[\"https:\/\/arbouserecordings.com\/sv\/hur-man-lyckas-med-online-dating-fa-din-profil-ratt\/\"]}]},{\"@type\":\"BreadcrumbList\",\"@id\":\"https:\/\/arbouserecordings.com\/sv\/hur-man-lyckas-med-online-dating-fa-din-profil-ratt\/#breadcrumb\",\"itemListElement\":[{\"@type\":\"ListItem\",\"position\":1,\"name\":\"Home\",\"item\":\"https:\/\/arbouserecordings.com\/sv\/\"},{\"@type\":\"ListItem\",\"position\":2,\"name\":\"Hur man lyckas med online dating: F\\u00e5 din profil r\\u00e4tt\"}]}]}<\/script>\n<!-- \/ Yoast SEO plugin. -->","yoast_head_json":{"title":"Hur man lyckas med online dating: F\u00e5 din profil r\u00e4tt - Adult Recordings","robots":{"index":"index","follow":"follow","max-snippet":"max-snippet:-1","max-image-preview":"max-image-preview:large","max-video-preview":"max-video-preview:-1"},"canonical":"https:\/\/arbouserecordings.com\/sv\/hur-man-lyckas-med-online-dating-fa-din-profil-ratt\/","og_locale":"sv_SE","og_type":"article","og_title":"Hur man lyckas med online dating: F\u00e5 din profil r\u00e4tt - Adult Recordings","og_description":"Hur man lyckas med online dating: F\u00e5 din profil r\u00e4tt De mest popul\u00e4ra dejtingsajterna inkluderar eHarmony, Match, OkCupid, PlentyOfFish och Tinder. De varierar alla n\u00e4r det g\u00e4ller funktioner mogna damer [&hellip;]","og_url":"https:\/\/arbouserecordings.com\/sv\/hur-man-lyckas-med-online-dating-fa-din-profil-ratt\/","og_site_name":"Adult Recordings","article_modified_time":"2022-09-08T18:15:48+00:00","og_image":[{"width":500,"height":750,"url":"https:\/\/arbouserecordings.com\/wp-content\/uploads\/2022\/08\/online-dating.jpeg","type":"image\/jpeg"}],"twitter_card":"summary_large_image","twitter_misc":{"Ber\u00e4knad l\u00e4stid":"4 minuter"},"schema":{"@context":"https:\/\/schema.org","@graph":[{"@type":"WebSite","@id":"https:\/\/arbouserecordings.com\/nl\/#website","url":"https:\/\/arbouserecordings.com\/nl\/","name":"Adult Recordings","description":"Online Hookup Reviews","potentialAction":[{"@type":"SearchAction","target":{"@type":"EntryPoint","urlTemplate":"https:\/\/arbouserecordings.com\/nl\/?s={search_term_string}"},"query-input":"required name=search_term_string"}],"inLanguage":"sv-SE"},{"@type":"ImageObject","@id":"https:\/\/arbouserecordings.com\/sv\/hur-man-lyckas-med-online-dating-fa-din-profil-ratt\/#primaryimage","inLanguage":"sv-SE","url":"https:\/\/arbouserecordings.com\/wp-content\/uploads\/2022\/08\/online-dating.jpeg","contentUrl":"https:\/\/arbouserecordings.com\/wp-content\/uploads\/2022\/08\/online-dating.jpeg","width":500,"height":750},{"@type":"WebPage","@id":"https:\/\/arbouserecordings.com\/sv\/hur-man-lyckas-med-online-dating-fa-din-profil-ratt\/#webpage","url":"https:\/\/arbouserecordings.com\/sv\/hur-man-lyckas-med-online-dating-fa-din-profil-ratt\/","name":"Hur man lyckas med online dating: F\u00e5 din profil r\u00e4tt - Adult Recordings","isPartOf":{"@id":"https:\/\/arbouserecordings.com\/nl\/#website"},"primaryImageOfPage":{"@id":"https:\/\/arbouserecordings.com\/sv\/hur-man-lyckas-med-online-dating-fa-din-profil-ratt\/#primaryimage"},"datePublished":"2022-08-28T09:58:17+00:00","dateModified":"2022-09-08T18:15:48+00:00","breadcrumb":{"@id":"https:\/\/arbouserecordings.com\/sv\/hur-man-lyckas-med-online-dating-fa-din-profil-ratt\/#breadcrumb"},"inLanguage":"sv-SE","potentialAction":[{"@type":"ReadAction","target":["https:\/\/arbouserecordings.com\/sv\/hur-man-lyckas-med-online-dating-fa-din-profil-ratt\/"]}]},{"@type":"BreadcrumbList","@id":"https:\/\/arbouserecordings.com\/sv\/hur-man-lyckas-med-online-dating-fa-din-profil-ratt\/#breadcrumb","itemListElement":[{"@type":"ListItem","position":1,"name":"Home","item":"https:\/\/arbouserecordings.com\/sv\/"},{"@type":"ListItem","position":2,"name":"Hur man lyckas med online dating: F\u00e5 din profil r\u00e4tt"}]}]}},"_links":{"self":[{"href":"https:\/\/arbouserecordings.com\/sv\/wp-json\/wp\/v2\/pages\/322"}],"collection":[{"href":"https:\/\/arbouserecordings.com\/sv\/wp-json\/wp\/v2\/pages"}],"about":[{"href":"https:\/\/arbouserecordings.com\/sv\/wp-json\/wp\/v2\/types\/page"}],"author":[{"embeddable":true,"href":"https:\/\/arbouserecordings.com\/sv\/wp-json\/wp\/v2\/users\/1"}],"replies":[{"embeddable":true,"href":"https:\/\/arbouserecordings.com\/sv\/wp-json\/wp\/v2\/comments?post=322"}],"version-history":[{"count":1,"href":"https:\/\/arbouserecordings.com\/sv\/wp-json\/wp\/v2\/pages\/322\/revisions"}],"predecessor-version":[{"id":435,"href":"https:\/\/arbouserecordings.com\/sv\/wp-json\/wp\/v2\/pages\/322\/revisions\/435"}],"wp:featuredmedia":[{"embeddable":true,"href":"https:\/\/arbouserecordings.com\/sv\/wp-json\/wp\/v2\/media\/233"}],"wp:attachment":[{"href":"https:\/\/arbouserecordings.com\/sv\/wp-json\/wp\/v2\/media?parent=322"}],"curies":[{"name":"wp","href":"https:\/\/api.w.org\/{rel}","templated":true}]}}