{"id":303,"date":"2022-08-28T11:16:24","date_gmt":"2022-08-28T10:16:24","guid":{"rendered":"http:\/\/arbouserecordings.com\/guide-for-att-hitta-karlek-med-narliggande-singlar\/"},"modified":"2022-08-28T11:16:24","modified_gmt":"2022-08-28T10:16:24","slug":"guide-for-att-hitta-karlek-med-narliggande-singlar","status":"publish","type":"page","link":"https:\/\/arbouserecordings.com\/sv\/guide-for-att-hitta-karlek-med-narliggande-singlar\/","title":{"rendered":"Guide f\u00f6r att hitta k\u00e4rlek med n\u00e4rliggande singlar"},"content":{"rendered":"<h1>Guide f\u00f6r att hitta k\u00e4rlek med n\u00e4rliggande singlar<\/h1>\n<p>Det finns massor av online dating webbplatser idag, och de flesta av dem kostar pengar. Om du vill prova det utan att betala n\u00e5got m\u00e5ste du hitta en helt gratis dejtingsajt. Det finns n\u00e5gra helt gratis dejtingsajter d\u00e4r ute, men de \u00e4r inte s\u00e4rskilt popul\u00e4ra. Den h\u00e4r artikeln listar \u00e5tta av dem, inklusive de b\u00e4sta.<\/p>\n<p>Dessa webbplatser erbjuder flera medlemsniv\u00e5er <a href=\"http:\/\/arbouserecordings.com\/sv\/hur-man-lyckas-med-online-dating-fa-din-profil-ratt\/\">beroende<\/a> p\u00e5 hur mycket du vill betala per m\u00e5nad. Du kan v\u00e4lja antingen en m\u00e5nadsprenumeration eller en \u00e5rsplan. Det finns inga dolda avgifter p\u00e5 de flesta appar; allt \u00e4r tydligt utlagt p\u00e5 f\u00f6rhand. Som medlem kan du l\u00e4sa recensioner skrivna av tidigare medlemmar, se foton av potentiella matchningar och till och med chatta live med andra m\u00e4nniskor. Om du best\u00e4mmer dig f\u00f6r att registrera dig f\u00f6r ett betalt medlemskap kan du g\u00e5 vidare och g\u00f6ra din profil offentlig. P\u00e5 s\u00e5 s\u00e4tt kan vem som helst se ditt fotogalleri och din personliga information. Du kan ocks\u00e5 st\u00e4lla in vissa inst\u00e4llningar som plats, \u00e5ldersintervall, k\u00f6n och etnicitet. Det finns dock inget alternativ f\u00f6r att v\u00e4lja om du vill visa ditt intresse f\u00f6r n\u00e5gon baserat p\u00e5 deras utseende eller personlighetsdrag.<\/p>\n<h1>Ska du b\u00f6rja dejta online &#8211; vilka appar du ska prova?<\/h1>\n<p>Gratis dejtingsajter och appar blir alltmer popul\u00e4ra eftersom de inte kr\u00e4ver ett kreditkortsnummer och vanligtvis erbjuder m\u00e5nga f\u00f6rm\u00e5ner utan att ta ut m\u00e5nadsavgifter. Vissa l\u00e5ter dig till och med hitta k\u00e4rlek utan att betala n\u00e5got i f\u00f6rskott. Men det finns n\u00e5gra nackdelar med att registrera sig f\u00f6r en gratis webbplats eller app &#8211; som att ha f\u00e4rre matchningar och vara mindre ben\u00e4gna att f\u00e5 kontakt med n\u00e5gon som delar dina intressen.<\/p>\n<h2>Cmb<\/h2>\n<p>Coffee Meets Bagel \u00e4r en dejtingapp d\u00e4r medlemmar kan bl\u00e4ddra bland potentiella datumprofiler och meddelanden inom n\u00e5gra sekunder. Anv\u00e4ndare kan se hur m\u00e5nga gillanden varje profil har f\u00e5tt och om det finns n\u00e5gra senaste meddelanden. De kan ocks\u00e5 skicka ett meddelande f\u00f6r att b\u00f6rja chatta med en person. Appen ger ocks\u00e5 anv\u00e4ndarna m\u00f6jlighet att st\u00e4lla in ett kaffedatum eller m\u00f6te med en annan medlem.<\/p>\n<p>Appen l\u00e5ter dig svepa \u00e5t h\u00f6ger om du vill ansluta till n\u00e5gon annan, eller v\u00e4nster om du inte g\u00f6r det. Om b\u00e5da parter \u00e4r intresserade kommer de att chatta.<\/p>\n<p>F\u00f6r heterosexuella par skickar kvinnan sin profil f\u00f6rst. Med samk\u00f6nade par f\u00e5r den som initierar kontakt g\u00f6ra det.<\/p>\n<p>Du kan s\u00f6ka profiler, skapa anslutningar och skicka meddelanden.<\/p>\n<h2>Fn\u00f6ske<\/h2>\n<p>Tinder \u00e4r en platsbaserad mobilapp som till\u00e5ter anv\u00e4ndare att chatta med andra i n\u00e4rheten och skapa anslutningar via text eller emojis. M\u00e4nniskor anv\u00e4nder appen f\u00f6r att f\u00e5 kontakt med alla i n\u00e4rheten, oavsett \u00e5lder eller k\u00f6n. Anv\u00e4ndare kan l\u00e4gga till ytterligare information om sig sj\u00e4lva som intressen, utbildning, karri\u00e4r och hobbyer. De kan ocks\u00e5 ladda upp ett foto och v\u00e4lja en plats f\u00f6r att visa sin nuvarande plats. N\u00e4r de har matchats kan anv\u00e4ndarna b\u00f6rja skicka meddelanden.<\/p>\n<h2>OkCupid<\/h2>\n<p>OkCupid \u00e4r en <a href=\"http:\/\/arbouserecordings.com\/sv\/hitta-nagon-speciell-med-anslutningswebbplatser\/\">gratis dejtingsapp<\/a> som erbjuder kompatibilitetsmatchning baserat p\u00e5 faktorer som personlighetsdrag, v\u00e4rderingar, livsstil och delade aktiviteter. Ok Cupid anv\u00e4nder ett fr\u00e5geformul\u00e4r f\u00f6r att hj\u00e4lpa anv\u00e4ndare att uppt\u00e4cka likheter och skillnader mellan potentiella partners. N\u00e4r tv\u00e5 anv\u00e4ndare matchar kan de visa varandras profiler och kommunicera privat. Med den h\u00e4r kostnadsfria tj\u00e4nsten kan du skapa en dejtingsprofil som inte \u00e4r synlig f\u00f6r n\u00e5gon annan \u00e4n dig. Du kan v\u00e4lja att g\u00f6ra din profil offentlig eller h\u00e5lla den dold. Du kan till och med l\u00e4gga till ett omslagsfoto.<\/p>\n<h2>G\u00e5ngj\u00e4rn<\/h2>\n<p>Hinge \u00e4r en mobilapplikation som ansluter m\u00e4nniskor baserat p\u00e5 gemensamma v\u00e4nner. Hinge anv\u00e4nder Facebook-data f\u00f6r att avg\u00f6ra kompatibilitet. N\u00e4r du har registrerat dig kan anv\u00e4ndare bl\u00e4ddra bland profiler och skicka meddelanden till andra anv\u00e4ndare. Om tv\u00e5 anv\u00e4ndare best\u00e4mmer sig f\u00f6r att bli en matchning kan de utbyta telefonnummer och ordna ett m\u00f6te ansikte mot ansikte.<\/p>\n<p>Anv\u00e4ndare kan ocks\u00e5 l\u00e4gga till foton, videor och platsdata f\u00f6r att hj\u00e4lpa andra att skapa anslutningar. Och \u00e4ven om appen inte kr\u00e4ver att anv\u00e4ndare fyller i omfattande profiler, st\u00e4ller den fr\u00e5gor om saker som religion, politik och utbildning. Allt detta kan verka ganska grundl\u00e4ggande, men Hinge s\u00e4ger att det \u00e4r annorlunda eftersom det \u00e4r utformat f\u00f6r att l\u00e5ta m\u00e4nniskor fokusera p\u00e5 att hitta k\u00e4rlek inom dessa omr\u00e5den.<\/p>\n<h2>POF<\/h2>\n<p>Plenty of Fish \u00e4r en gratis online dating webbplats som v\u00e4nder sig till dem som s\u00f6ker l\u00e5ngsiktiga relationer. Plenty of Fish inneh\u00e5ller funktioner som livechatt, videochatt och e-post. Anv\u00e4ndare kan ocks\u00e5 visa andra anv\u00e4ndares offentliga inl\u00e4gg och l\u00e4sa meddelanden som skickats av andra anv\u00e4ndare. Det finns \u00f6ver 40 miljoner registrerade anv\u00e4ndare \u00f6ver hela v\u00e4rlden.<\/p>\n<p>PlentyOfFish \u00e4r en annan oldie men goodie. Det grundades 2003, och nu h\u00e4vdar det att det har 2 miljoner bes\u00f6kare varje m\u00e5nad. Deras motto \u00e4r &#8221;Free To Browse&#8221;, och de erbjuder massor av funktioner som chattrum, videochattar etc.<\/p>\n<h2>Zoosk<\/h2>\n<p>Zoosk \u00e4r en popul\u00e4r dejtingsapp som fokuserar p\u00e5 att hj\u00e4lpa anv\u00e4ndare att hitta sann k\u00e4rlek. Zoosk \u00e4r helt gratis att ladda ner och registrera sig. Anv\u00e4ndare kan skapa en profil, ladda upp flera bilder och inkludera grundl\u00e4ggande information om sig sj\u00e4lva. De kan ocks\u00e5 svara p\u00e5 fr\u00e5gor fr\u00e5n andra anv\u00e4ndare f\u00f6r att begr\u00e4nsa kompatibla matchningar. Zoosk \u00e4r en relativt ny spelare i online-datingspelet, men det har redan lyckats bli en av de st\u00f6rsta akt\u00f6rerna. Det grundades 2007 och idag h\u00e4vdar det att det har \u00f6ver 20 miljoner registrerade anv\u00e4ndare.<\/p>\n","protected":false},"excerpt":{"rendered":"<p>Guide f\u00f6r att hitta k\u00e4rlek med n\u00e4rliggande singlar Det finns massor av online dating webbplatser idag, och de flesta av dem kostar pengar. Om du vill prova det utan att [&hellip;]<\/p>\n","protected":false},"author":1,"featured_media":263,"parent":0,"menu_order":0,"comment_status":"closed","ping_status":"closed","template":"","meta":[],"yoast_head":"<!-- This site is optimized with the Yoast SEO plugin v17.7.1 - https:\/\/yoast.com\/wordpress\/plugins\/seo\/ -->\n<title>Guide f\u00f6r att hitta k\u00e4rlek med n\u00e4rliggande singlar - Adult Recordings<\/title>\n<meta name=\"robots\" content=\"index, follow, max-snippet:-1, max-image-preview:large, max-video-preview:-1\" \/>\n<link rel=\"canonical\" href=\"https:\/\/arbouserecordings.com\/sv\/guide-for-att-hitta-karlek-med-narliggande-singlar\/\" \/>\n<meta property=\"og:locale\" content=\"sv_SE\" \/>\n<meta property=\"og:type\" content=\"article\" \/>\n<meta property=\"og:title\" content=\"Guide f\u00f6r att hitta k\u00e4rlek med n\u00e4rliggande singlar - Adult Recordings\" \/>\n<meta property=\"og:description\" content=\"Guide f\u00f6r att hitta k\u00e4rlek med n\u00e4rliggande singlar Det finns massor av online dating webbplatser idag, och de flesta av dem kostar pengar. Om du vill prova det utan att [&hellip;]\" \/>\n<meta property=\"og:url\" content=\"https:\/\/arbouserecordings.com\/sv\/guide-for-att-hitta-karlek-med-narliggande-singlar\/\" \/>\n<meta property=\"og:site_name\" content=\"Adult Recordings\" \/>\n<meta property=\"og:image\" content=\"https:\/\/arbouserecordings.com\/wp-content\/uploads\/2022\/08\/free-sexting.jpeg\" \/>\n\t<meta property=\"og:image:width\" content=\"1125\" \/>\n\t<meta property=\"og:image:height\" content=\"750\" \/>\n<meta name=\"twitter:card\" content=\"summary_large_image\" \/>\n<meta name=\"twitter:label1\" content=\"Ber\u00e4knad l\u00e4stid\" \/>\n\t<meta name=\"twitter:data1\" content=\"5 minuter\" \/>\n<script type=\"application\/ld+json\" class=\"yoast-schema-graph\">{\"@context\":\"https:\/\/schema.org\",\"@graph\":[{\"@type\":\"WebSite\",\"@id\":\"https:\/\/arbouserecordings.com\/nl\/#website\",\"url\":\"https:\/\/arbouserecordings.com\/nl\/\",\"name\":\"Adult Recordings\",\"description\":\"Online Hookup Reviews\",\"potentialAction\":[{\"@type\":\"SearchAction\",\"target\":{\"@type\":\"EntryPoint\",\"urlTemplate\":\"https:\/\/arbouserecordings.com\/nl\/?s={search_term_string}\"},\"query-input\":\"required name=search_term_string\"}],\"inLanguage\":\"sv-SE\"},{\"@type\":\"ImageObject\",\"@id\":\"https:\/\/arbouserecordings.com\/sv\/guide-for-att-hitta-karlek-med-narliggande-singlar\/#primaryimage\",\"inLanguage\":\"sv-SE\",\"url\":\"https:\/\/arbouserecordings.com\/wp-content\/uploads\/2022\/08\/free-sexting.jpeg\",\"contentUrl\":\"https:\/\/arbouserecordings.com\/wp-content\/uploads\/2022\/08\/free-sexting.jpeg\",\"width\":1125,\"height\":750},{\"@type\":\"WebPage\",\"@id\":\"https:\/\/arbouserecordings.com\/sv\/guide-for-att-hitta-karlek-med-narliggande-singlar\/#webpage\",\"url\":\"https:\/\/arbouserecordings.com\/sv\/guide-for-att-hitta-karlek-med-narliggande-singlar\/\",\"name\":\"Guide f\\u00f6r att hitta k\\u00e4rlek med n\\u00e4rliggande singlar - Adult Recordings\",\"isPartOf\":{\"@id\":\"https:\/\/arbouserecordings.com\/nl\/#website\"},\"primaryImageOfPage\":{\"@id\":\"https:\/\/arbouserecordings.com\/sv\/guide-for-att-hitta-karlek-med-narliggande-singlar\/#primaryimage\"},\"datePublished\":\"2022-08-28T10:16:24+00:00\",\"dateModified\":\"2022-08-28T10:16:24+00:00\",\"breadcrumb\":{\"@id\":\"https:\/\/arbouserecordings.com\/sv\/guide-for-att-hitta-karlek-med-narliggande-singlar\/#breadcrumb\"},\"inLanguage\":\"sv-SE\",\"potentialAction\":[{\"@type\":\"ReadAction\",\"target\":[\"https:\/\/arbouserecordings.com\/sv\/guide-for-att-hitta-karlek-med-narliggande-singlar\/\"]}]},{\"@type\":\"BreadcrumbList\",\"@id\":\"https:\/\/arbouserecordings.com\/sv\/guide-for-att-hitta-karlek-med-narliggande-singlar\/#breadcrumb\",\"itemListElement\":[{\"@type\":\"ListItem\",\"position\":1,\"name\":\"Home\",\"item\":\"https:\/\/arbouserecordings.com\/sv\/\"},{\"@type\":\"ListItem\",\"position\":2,\"name\":\"Guide f\\u00f6r att hitta k\\u00e4rlek med n\\u00e4rliggande singlar\"}]}]}<\/script>\n<!-- \/ Yoast SEO plugin. -->","yoast_head_json":{"title":"Guide f\u00f6r att hitta k\u00e4rlek med n\u00e4rliggande singlar - Adult Recordings","robots":{"index":"index","follow":"follow","max-snippet":"max-snippet:-1","max-image-preview":"max-image-preview:large","max-video-preview":"max-video-preview:-1"},"canonical":"https:\/\/arbouserecordings.com\/sv\/guide-for-att-hitta-karlek-med-narliggande-singlar\/","og_locale":"sv_SE","og_type":"article","og_title":"Guide f\u00f6r att hitta k\u00e4rlek med n\u00e4rliggande singlar - Adult Recordings","og_description":"Guide f\u00f6r att hitta k\u00e4rlek med n\u00e4rliggande singlar Det finns massor av online dating webbplatser idag, och de flesta av dem kostar pengar. Om du vill prova det utan att [&hellip;]","og_url":"https:\/\/arbouserecordings.com\/sv\/guide-for-att-hitta-karlek-med-narliggande-singlar\/","og_site_name":"Adult Recordings","og_image":[{"width":1125,"height":750,"url":"https:\/\/arbouserecordings.com\/wp-content\/uploads\/2022\/08\/free-sexting.jpeg","type":"image\/jpeg"}],"twitter_card":"summary_large_image","twitter_misc":{"Ber\u00e4knad l\u00e4stid":"5 minuter"},"schema":{"@context":"https:\/\/schema.org","@graph":[{"@type":"WebSite","@id":"https:\/\/arbouserecordings.com\/nl\/#website","url":"https:\/\/arbouserecordings.com\/nl\/","name":"Adult Recordings","description":"Online Hookup Reviews","potentialAction":[{"@type":"SearchAction","target":{"@type":"EntryPoint","urlTemplate":"https:\/\/arbouserecordings.com\/nl\/?s={search_term_string}"},"query-input":"required name=search_term_string"}],"inLanguage":"sv-SE"},{"@type":"ImageObject","@id":"https:\/\/arbouserecordings.com\/sv\/guide-for-att-hitta-karlek-med-narliggande-singlar\/#primaryimage","inLanguage":"sv-SE","url":"https:\/\/arbouserecordings.com\/wp-content\/uploads\/2022\/08\/free-sexting.jpeg","contentUrl":"https:\/\/arbouserecordings.com\/wp-content\/uploads\/2022\/08\/free-sexting.jpeg","width":1125,"height":750},{"@type":"WebPage","@id":"https:\/\/arbouserecordings.com\/sv\/guide-for-att-hitta-karlek-med-narliggande-singlar\/#webpage","url":"https:\/\/arbouserecordings.com\/sv\/guide-for-att-hitta-karlek-med-narliggande-singlar\/","name":"Guide f\u00f6r att hitta k\u00e4rlek med n\u00e4rliggande singlar - Adult Recordings","isPartOf":{"@id":"https:\/\/arbouserecordings.com\/nl\/#website"},"primaryImageOfPage":{"@id":"https:\/\/arbouserecordings.com\/sv\/guide-for-att-hitta-karlek-med-narliggande-singlar\/#primaryimage"},"datePublished":"2022-08-28T10:16:24+00:00","dateModified":"2022-08-28T10:16:24+00:00","breadcrumb":{"@id":"https:\/\/arbouserecordings.com\/sv\/guide-for-att-hitta-karlek-med-narliggande-singlar\/#breadcrumb"},"inLanguage":"sv-SE","potentialAction":[{"@type":"ReadAction","target":["https:\/\/arbouserecordings.com\/sv\/guide-for-att-hitta-karlek-med-narliggande-singlar\/"]}]},{"@type":"BreadcrumbList","@id":"https:\/\/arbouserecordings.com\/sv\/guide-for-att-hitta-karlek-med-narliggande-singlar\/#breadcrumb","itemListElement":[{"@type":"ListItem","position":1,"name":"Home","item":"https:\/\/arbouserecordings.com\/sv\/"},{"@type":"ListItem","position":2,"name":"Guide f\u00f6r att hitta k\u00e4rlek med n\u00e4rliggande singlar"}]}]}},"_links":{"self":[{"href":"https:\/\/arbouserecordings.com\/sv\/wp-json\/wp\/v2\/pages\/303"}],"collection":[{"href":"https:\/\/arbouserecordings.com\/sv\/wp-json\/wp\/v2\/pages"}],"about":[{"href":"https:\/\/arbouserecordings.com\/sv\/wp-json\/wp\/v2\/types\/page"}],"author":[{"embeddable":true,"href":"https:\/\/arbouserecordings.com\/sv\/wp-json\/wp\/v2\/users\/1"}],"replies":[{"embeddable":true,"href":"https:\/\/arbouserecordings.com\/sv\/wp-json\/wp\/v2\/comments?post=303"}],"version-history":[{"count":0,"href":"https:\/\/arbouserecordings.com\/sv\/wp-json\/wp\/v2\/pages\/303\/revisions"}],"wp:featuredmedia":[{"embeddable":true,"href":"https:\/\/arbouserecordings.com\/sv\/wp-json\/wp\/v2\/media\/263"}],"wp:attachment":[{"href":"https:\/\/arbouserecordings.com\/sv\/wp-json\/wp\/v2\/media?parent=303"}],"curies":[{"name":"wp","href":"https:\/\/api.w.org\/{rel}","templated":true}]}}