{"id":171,"date":"2022-08-27T12:42:49","date_gmt":"2022-08-27T11:42:49","guid":{"rendered":"http:\/\/arbouserecordings.com\/casual-dating-recensioner-inga-spel-eller-betalningar\/"},"modified":"2022-08-27T12:42:49","modified_gmt":"2022-08-27T11:42:49","slug":"casual-dating-recensioner-inga-spel-eller-betalningar","status":"publish","type":"page","link":"https:\/\/arbouserecordings.com\/sv\/","title":{"rendered":"Casual Dating Recensioner (Inga spel eller betalningar)"},"content":{"rendered":"<h1>Casual Dating Recensioner (Inga spel eller betalningar)<\/h1>\n<p>De b\u00e4sta online dating webbplatser \u00e4r de som erbjuder dig n\u00e5got unikt j\u00e4mf\u00f6rt med andra. De ger dig en b\u00e4ttre chans att tr\u00e4ffa n\u00e5gon speciell eftersom de tillgodoser specifikt vad du vill ha i en partner. Varje webbplats erbjuder olika funktioner som chattrum, videosamtal och evenemang. Vissa l\u00e5ter dig till och med hitta k\u00e4rlek n\u00e4r du reser. L\u00e4s v\u00e5ra recensioner och v\u00e4lj den som fungerar b\u00e4st f\u00f6r dig!<\/p>\n<p>\u00c4r du uttr\u00e5kad av att f\u00f6rs\u00f6ka hitta k\u00e4rlek med alla vanliga dejtingappar? Vi har gjort det enkelt!<\/p>\n<h2>Ska du anv\u00e4nda dejtingappar f\u00f6r avslappnad kul?<\/h2>\n<p>Anslutningar \u00e4r bra eftersom de \u00e4r snabba, billiga och anonyma. Men att ansluta sig \u00e4r inte f\u00f6r alla. Vissa m\u00e4nniskor f\u00f6redrar att dejta ist\u00e4llet.<\/p>\n<p>Om du inte \u00e4r intresserad av dejting finns det gott om alternativ till online dating webbplatser. Kolla in dessa alternativ:<\/p>\n<ul>\n<li>Meetup-grupper &#8211; Det h\u00e4r \u00e4r lokala m\u00f6ten d\u00e4r medlemmar vanligtvis delar intressen. De organiserar ofta evenemang, fester och middagar.<\/li>\n<li>Sociala medier &#8211; Det finns massor av sociala n\u00e4tverkswebbplatser som tillgodoser specifikt att tr\u00e4ffa m\u00e4nniskor. Facebook, Twitter, Instagram, Snapchat, etc.<\/li>\n<li>Dejtingappar &#8211; Tinder, Bumble, Happn, OkCupid, etc.<\/li>\n<li>Online kontaktannonser &#8211; Craigslist, eHarmony, Match.com, PlentyOfFish, etc.<\/li>\n<li>Lokala barer \/klubbar &#8211; Barer och klubbar har vanligtvis singelkv\u00e4llar.<\/li>\n<\/ul>\n<p>Det finns m\u00e5nga s\u00e4tt att hitta datum, oavsett om du letar efter avslappnad sex eller l\u00e5ngsiktiga relationer. Och kom ih\u00e5g, oavsett vilken metod du v\u00e4ljer, var s\u00e4ker!<\/p>\n<h2>V\u00e5ra toppval<\/h2>\n<p><img loading=\"lazy\" class=\"aligncenter size-large wp-image-38\" src=\"http:\/\/arbouserecordings.com\/wp-content\/uploads\/2022\/08\/online-looking-for-love-1024x683.webp\" alt=\"\" width=\"790\" height=\"527\" srcset=\"https:\/\/arbouserecordings.com\/wp-content\/uploads\/2022\/08\/online-looking-for-love-1024x683.webp 1024w, https:\/\/arbouserecordings.com\/wp-content\/uploads\/2022\/08\/online-looking-for-love-300x200.webp 300w, https:\/\/arbouserecordings.com\/wp-content\/uploads\/2022\/08\/online-looking-for-love-768x512.webp 768w, https:\/\/arbouserecordings.com\/wp-content\/uploads\/2022\/08\/online-looking-for-love.webp 1125w\" sizes=\"(max-width: 790px) 100vw, 790px\" \/><\/p>\n<h2>eHarmony<\/h2>\n<p>Med \u00f6ver 30 miljoner medlemmar \u00f6ver hela v\u00e4rlden \u00e4r eHarmony ett p\u00e5litligt namn i v\u00e4rlden av online dating. Deras matchningsalgoritm analyserar hundratals personliga egenskaper, inklusive personlighet, v\u00e4rderingar, intressen, utbildningsniv\u00e5, religion och politiska \u00e5sikter, f\u00f6r att hj\u00e4lpa dig att hitta en l\u00e5ngvarig relation. Du kan anv\u00e4nda deras gratis medlemskap f\u00f6r att utforska tusentals profiler och skicka meddelanden till potentiella matchningar. Om du \u00e4r redo att ta saker vidare, uppgradera till premiummedlemskap och njut av ytterligare f\u00f6rdelar som tillg\u00e5ng till obegr\u00e4nsade matchningar och meddelanden.<\/p>\n<h3>S\u00f6ker (Sugar Dating)<\/h3>\n<p>Om du letar efter ett seri\u00f6st f\u00f6rh\u00e5llande \u00e4r Seeking platsen att g\u00e5. Med miljontals medlemmar runt om i v\u00e4rlden \u00e4r det det st\u00f6rsta dejtingn\u00e4tverket i v\u00e4rlden. Webbplatsen l\u00e5ter dig bl\u00e4ddra bland medlemsprofiler och st\u00e4lla in varningar f\u00f6r personer som passar dina kriterier. N\u00e4r du best\u00e4mmer dig f\u00f6r att tr\u00e4ffa n\u00e5gon kan du utbyta foton och videor via webbkamera och text. Dessutom kan du se kompatibilitetspo\u00e4ng baserat p\u00e5 dina preferenser och se hur bra ditt datum st\u00e5r sig mot resten av befolkningen.<\/p>\n<p>F\u00f6r att g\u00e5 med i Seeking m\u00e5ste du vara ganska imponerande. Du m\u00e5ste ha ett jobb d\u00e4r du tj\u00e4nar tillr\u00e4ckligt med pengar f\u00f6r att f\u00f6rs\u00f6rja dig sj\u00e4lv och en betydande annan. Ni m\u00e5ste b\u00e5da vara villiga att g\u00e5 p\u00e5 dejter tillsammans. Och du m\u00e5ste kunna ge n\u00e5gra bevis p\u00e5 din inkomst. N\u00e4r allt kommer omkring vill du inte sl\u00f6sa bort n\u00e5gons tid. N\u00e4r ni b\u00e5da har klarat de f\u00f6rsta testerna f\u00e5r du en po\u00e4ng baserat p\u00e5 din kompatibilitet. Din po\u00e4ng beror p\u00e5 faktorer som dina personlighetsdrag, hobbyer, yrkesbakgrund, utbildningsniv\u00e5 och till och med ditt fysiska utseende.<\/p>\n<h3>Fn\u00f6ske<\/h3>\n<p>Tinder \u00e4r en annan popul\u00e4r dejtingsapp som ansluter dig till nya m\u00e4nniskor i n\u00e4rheten. Till skillnad fr\u00e5n OkCupid fokuserar Tinder dock fr\u00e4mst p\u00e5 att ansluta dig till m\u00e4nniskor som \u00e4r fysiskt n\u00e4ra dig. F\u00f6r att b\u00f6rja, ladda ner appen och registrera ett gratis konto. Ange sedan din nuvarande plats och v\u00e4lj \u00f6nskat avst\u00e5ndsintervall. D\u00e4refter svarar du p\u00e5 en rad fr\u00e5gor om dina preferenser, inklusive din \u00e5lder, k\u00f6n, ras, religion och sexuella l\u00e4ggning. Om du \u00e4r intresserad av n\u00e5gon som bor n\u00e4ra dig kan du begr\u00e4nsa din s\u00f6kning ytterligare genom att v\u00e4lja \u00f6nskat grannskap. Slutligen ser du en lista \u00f6ver potentiella matchningar. Tryck p\u00e5 de du gillar s\u00e5 kan du kommunicera med dem via text, r\u00f6stsamtal och videosamtal.<\/p>\n<h3>Zoosk<\/h3>\n<p>Zoosk \u00e4r en av de mest popul\u00e4ra dejtingapparna som finns. Det \u00e4r s\u00e4rskilt bra f\u00f6r m\u00e4nniskor som vill tr\u00e4ffa n\u00e5gon som delar deras v\u00e4rderingar och \u00f6vertygelser. Till att b\u00f6rja med m\u00e5ste du f\u00f6rst ladda ner appen och registrera ett konto. D\u00e4refter svarar du p\u00e5 en serie fr\u00e5geformul\u00e4r som hj\u00e4lper dig att f\u00f6rst\u00e5 dina egna v\u00e4rderingar och \u00f6vertygelser. D\u00e5 har du m\u00f6jlighet att utforska olika kategorier, inklusive politik, religion, karri\u00e4r och mer. N\u00e4r du hittar n\u00e5gon som delar dina v\u00e4rderingar och tror kan du svepa \u00e5t v\u00e4nster eller h\u00f6ger f\u00f6r att ange om du vill ha honom \/ henne som en v\u00e4n eller en potentiell kompis.<\/p>\n<h3>Ashley Madison<\/h3>\n<p>AshleyMadison.com \u00e4r en online dating webbplats som v\u00e4nder sig till gifta m\u00e4nniskor som s\u00f6ker aff\u00e4rer. Det har rapporterats att Ashley Madison hade mer \u00e4n 30 miljoner medlemmar \u00f6ver hela v\u00e4rlden. Det finns flera typer av medlemsplaner tillg\u00e4ngliga. En av dessa kallas &#8221;Guldmedlemskap&#8221;. Denna plan kostar $ 59.99 \/ m\u00e5nad. Denna plan ger dig tillg\u00e5ng till webbplatsen 24 timmar om dygnet 7 dagar i veckan. Om du best\u00e4mmer dig f\u00f6r att s\u00e4ga upp din prenumeration f\u00e5r du en \u00e5terbetalning inom 60 dagar.<\/p>\n<p>F\u00f6rutom att tillhandah\u00e5lla sina tj\u00e4nster till gifta m\u00e4nniskor erbjuder Ashley Madison en m\u00e4ngd olika funktioner som chattrum, forum, bloggar, fotoalbum, videoklipp, webbkameraprogram, mobilappar och e-postkonton.<\/p>\n<p>Alla anv\u00e4ndare registrerar sig f\u00f6r ett gratis testkonto. N\u00e4r du har slutf\u00f6rt registreringsprocessen f\u00e5r du ett anv\u00e4ndarnamn och l\u00f6senord. N\u00e4r du har registrerat dig kommer du att bli ombedd att fylla i en profil. Det \u00e4r h\u00e4r du kan l\u00e4gga till information om dig sj\u00e4lv. N\u00e4r du loggar in ser du din instrumentpanel. H\u00e4r kan du se dina meddelanden, skicka e-post, s\u00f6ka profiler, bl\u00e4ddra bland medlemsbilder och mycket mer.<\/p>\n<h2>B\u00e4st f\u00f6r avslappnad sex &#8211; Adult Friend Finder<\/h2>\n<p>AdultFriendFinder \u00e4r den st\u00f6rsta sex- och relationswebbplatsen i v\u00e4rlden. Det finns f\u00f6r n\u00e4rvarande \u00f6ver 10 miljoner registrerade anv\u00e4ndare p\u00e5 webbplatsen.<\/p>\n<p>Det uppskattas att \u00f6ver 50% av dessa anv\u00e4ndare \u00e4r ensamst\u00e5ende m\u00e4n som s\u00f6ker kvinnligt s\u00e4llskap. Ytterligare 40% \u00e4r gifta par som letar efter diskreta aff\u00e4rer. Och de \u00e5terst\u00e5ende 10% \u00e4r antingen homosexuella eller lesbiska individer som letar efter romantiska relationer.<\/p>\n<h3>Hur fungerar AFF?<\/h3>\n<p>N\u00e4r du registrerar dig f\u00f6r AdultFriendFinder f\u00e5r du ett anv\u00e4ndarnamn och l\u00f6senord. Detta ger dig tillg\u00e5ng till webbplatsens privata medlemsomr\u00e5de.<\/p>\n<p>H\u00e4r ser du en lista \u00f6ver alla medlemmar som f\u00f6r n\u00e4rvarande \u00e4r online. Du kan s\u00f6ka efter medlemmar baserat p\u00e5 plats, k\u00f6n, intressen, sexuell l\u00e4ggning och mycket mer.<\/p>\n<p>N\u00e4r du har hittat en potentiell matchning kan du skicka meddelanden till varandra direkt via e-post. Om du best\u00e4mmer dig f\u00f6r att g\u00e5 vidare och chatta kan du g\u00f6ra det privat inom medlemsomr\u00e5det.<\/p>\n<p>Du kan ocks\u00e5 se bilder och videor av andra medlemmar. Du kan betygs\u00e4tta dessa bilder och videor och l\u00e4mna kommentarer.<\/p>\n<p>Det finns ocks\u00e5 forum tillg\u00e4ngliga d\u00e4r du kan diskutera \u00e4mnen relaterade till k\u00e4rlek, sex och relationer.<\/p>\n<h3>Registrera dig<\/h3>\n<p>Det \u00e4r ett fantastiskt alternativ f\u00f6r att hitta avslappnade m\u00f6ten. Det \u00e4r verkligen b\u00e4ttre \u00e4n Craigslist, men det \u00e4r l\u00e5ngt ifr\u00e5n perfekt.<\/p>\n<p>\u00c4ven om det kan verka som mycket pengar att betala f\u00f6r en dejtingsajt, sparar du faktiskt pengar p\u00e5 l\u00e5ng sikt. S\u00e5 om du vill tr\u00e4ffa attraktiva kvinnor eller m\u00e4n f\u00f6r flirtiga konversationer \u00e4r AdultFriendFinder v\u00e4rt att kolla in. Men om du vill ha n\u00e5got seri\u00f6st b\u00f6r du f\u00f6rmodligen h\u00e5lla fast vid traditionella metoder som att g\u00e5 till barer, klubbar eller kaf\u00e9er.<\/p>\n<h3>Betald vs. gratis?<\/h3>\n<p>Anslutningar \u00e4r bra s\u00e4tt att tr\u00e4ffa nya m\u00e4nniskor. De \u00e4r snabba, bekv\u00e4ma och vanligtvis gratis. Men ska du betala f\u00f6r anslutningar?<\/p>\n<p>Om du letar efter ett l\u00e5ngsiktigt f\u00f6rh\u00e5llande, ja, att betala f\u00f6r anslutningar \u00e4r vettigt. Men om du bara vill hitta en snabb fling, s\u00e5 nej, du borde inte betala f\u00f6r anslutningar.<\/p>\n<p>Att betala f\u00f6r anslutningar \u00e4r inte v\u00e4rt det eftersom de flesta m\u00e4n som anv\u00e4nder dessa webbplatser inte menar allvar med att hitta en flickv\u00e4n. Ist\u00e4llet letar de efter sex. S\u00e5 n\u00e4r du betalar f\u00f6r anslutningar ger du dem faktiskt rabatt.<\/p>\n<p>Det betyder att du inte f\u00e5r kvaliteten p\u00e5 den person du skulle kunna locka genom online-dating. Och eftersom du bara tr\u00e4ffar fr\u00e4mlingar finns det en st\u00f6rre risk att bli lurad.<\/p>\n<p>Prova ist\u00e4llet online dating webbplatser d\u00e4r du kan tr\u00e4ffa riktiga kvinnor. Dessa webbplatser \u00e4r s\u00e4krare \u00e4n anslutningswebbplatser eftersom du kan filtrera bort skurkarna. Dessutom kan du ansluta till kvinnor baserat p\u00e5 \u00f6msesidiga intressen ist\u00e4llet f\u00f6r slumpm\u00e4ssiga anslutningar.<\/p>\n","protected":false},"excerpt":{"rendered":"<p>Casual Dating Recensioner (Inga spel eller betalningar) De b\u00e4sta online dating webbplatser \u00e4r de som erbjuder dig n\u00e5got unikt j\u00e4mf\u00f6rt med andra. De ger dig en b\u00e4ttre chans att tr\u00e4ffa [&hellip;]<\/p>\n","protected":false},"author":1,"featured_media":98,"parent":0,"menu_order":0,"comment_status":"closed","ping_status":"closed","template":"","meta":[],"yoast_head":"<!-- This site is optimized with the Yoast SEO plugin v17.7.1 - https:\/\/yoast.com\/wordpress\/plugins\/seo\/ -->\n<title>Casual Dating Recensioner (Inga spel eller betalningar) - Adult Recordings<\/title>\n<meta name=\"description\" content=\"META Beskrivning\" \/>\n<meta name=\"robots\" content=\"index, follow, max-snippet:-1, max-image-preview:large, max-video-preview:-1\" \/>\n<link rel=\"canonical\" href=\"https:\/\/arbouserecordings.com\/sv\/\" \/>\n<meta property=\"og:locale\" content=\"sv_SE\" \/>\n<meta property=\"og:type\" content=\"article\" \/>\n<meta property=\"og:title\" content=\"Casual Dating Recensioner (Inga spel eller betalningar) - Adult Recordings\" \/>\n<meta property=\"og:description\" content=\"META Beskrivning\" \/>\n<meta property=\"og:url\" content=\"https:\/\/arbouserecordings.com\/sv\/\" \/>\n<meta property=\"og:site_name\" content=\"Adult Recordings\" \/>\n<meta property=\"og:image\" content=\"https:\/\/arbouserecordings.com\/wp-content\/uploads\/2022\/08\/best-adult-apps-for-casual-fun.jpeg\" \/>\n\t<meta property=\"og:image:width\" content=\"2250\" \/>\n\t<meta property=\"og:image:height\" content=\"1500\" \/>\n<meta name=\"twitter:card\" content=\"summary_large_image\" \/>\n<meta name=\"twitter:label1\" content=\"Ber\u00e4knad l\u00e4stid\" \/>\n\t<meta name=\"twitter:data1\" content=\"8 minuter\" \/>\n<script type=\"application\/ld+json\" class=\"yoast-schema-graph\">{\"@context\":\"https:\/\/schema.org\",\"@graph\":[{\"@type\":\"WebSite\",\"@id\":\"https:\/\/arbouserecordings.com\/#website\",\"url\":\"https:\/\/arbouserecordings.com\/\",\"name\":\"Adult Recordings\",\"description\":\"Online Hookup Reviews\",\"potentialAction\":[{\"@type\":\"SearchAction\",\"target\":{\"@type\":\"EntryPoint\",\"urlTemplate\":\"https:\/\/arbouserecordings.com\/?s={search_term_string}\"},\"query-input\":\"required name=search_term_string\"}],\"inLanguage\":\"sv-SE\"},{\"@type\":\"ImageObject\",\"@id\":\"https:\/\/arbouserecordings.com\/sv\/#primaryimage\",\"inLanguage\":\"sv-SE\",\"url\":\"https:\/\/arbouserecordings.com\/wp-content\/uploads\/2022\/08\/best-adult-apps-for-casual-fun.jpeg\",\"contentUrl\":\"https:\/\/arbouserecordings.com\/wp-content\/uploads\/2022\/08\/best-adult-apps-for-casual-fun.jpeg\",\"width\":2250,\"height\":1500},{\"@type\":\"WebPage\",\"@id\":\"https:\/\/arbouserecordings.com\/sv\/#webpage\",\"url\":\"https:\/\/arbouserecordings.com\/sv\/\",\"name\":\"Casual Dating Recensioner (Inga spel eller betalningar) - Adult Recordings\",\"isPartOf\":{\"@id\":\"https:\/\/arbouserecordings.com\/#website\"},\"primaryImageOfPage\":{\"@id\":\"https:\/\/arbouserecordings.com\/sv\/#primaryimage\"},\"datePublished\":\"2022-08-27T11:42:49+00:00\",\"dateModified\":\"2022-08-27T11:42:49+00:00\",\"description\":\"META Beskrivning\",\"breadcrumb\":{\"@id\":\"https:\/\/arbouserecordings.com\/sv\/#breadcrumb\"},\"inLanguage\":\"sv-SE\",\"potentialAction\":[{\"@type\":\"ReadAction\",\"target\":[\"https:\/\/arbouserecordings.com\/sv\/\"]}]},{\"@type\":\"BreadcrumbList\",\"@id\":\"https:\/\/arbouserecordings.com\/sv\/#breadcrumb\",\"itemListElement\":[{\"@type\":\"ListItem\",\"position\":1,\"name\":\"Home\",\"item\":\"https:\/\/arbouserecordings.com\/sv\/\"},{\"@type\":\"ListItem\",\"position\":2,\"name\":\"Casual Dating Recensioner (Inga spel eller betalningar)\"}]}]}<\/script>\n<!-- \/ Yoast SEO plugin. -->","yoast_head_json":{"title":"Casual Dating Recensioner (Inga spel eller betalningar) - Adult Recordings","description":"META Beskrivning","robots":{"index":"index","follow":"follow","max-snippet":"max-snippet:-1","max-image-preview":"max-image-preview:large","max-video-preview":"max-video-preview:-1"},"canonical":"https:\/\/arbouserecordings.com\/sv\/","og_locale":"sv_SE","og_type":"article","og_title":"Casual Dating Recensioner (Inga spel eller betalningar) - Adult Recordings","og_description":"META Beskrivning","og_url":"https:\/\/arbouserecordings.com\/sv\/","og_site_name":"Adult Recordings","og_image":[{"width":2250,"height":1500,"url":"https:\/\/arbouserecordings.com\/wp-content\/uploads\/2022\/08\/best-adult-apps-for-casual-fun.jpeg","type":"image\/jpeg"}],"twitter_card":"summary_large_image","twitter_misc":{"Ber\u00e4knad l\u00e4stid":"8 minuter"},"schema":{"@context":"https:\/\/schema.org","@graph":[{"@type":"WebSite","@id":"https:\/\/arbouserecordings.com\/#website","url":"https:\/\/arbouserecordings.com\/","name":"Adult Recordings","description":"Online Hookup Reviews","potentialAction":[{"@type":"SearchAction","target":{"@type":"EntryPoint","urlTemplate":"https:\/\/arbouserecordings.com\/?s={search_term_string}"},"query-input":"required name=search_term_string"}],"inLanguage":"sv-SE"},{"@type":"ImageObject","@id":"https:\/\/arbouserecordings.com\/sv\/#primaryimage","inLanguage":"sv-SE","url":"https:\/\/arbouserecordings.com\/wp-content\/uploads\/2022\/08\/best-adult-apps-for-casual-fun.jpeg","contentUrl":"https:\/\/arbouserecordings.com\/wp-content\/uploads\/2022\/08\/best-adult-apps-for-casual-fun.jpeg","width":2250,"height":1500},{"@type":"WebPage","@id":"https:\/\/arbouserecordings.com\/sv\/#webpage","url":"https:\/\/arbouserecordings.com\/sv\/","name":"Casual Dating Recensioner (Inga spel eller betalningar) - Adult Recordings","isPartOf":{"@id":"https:\/\/arbouserecordings.com\/#website"},"primaryImageOfPage":{"@id":"https:\/\/arbouserecordings.com\/sv\/#primaryimage"},"datePublished":"2022-08-27T11:42:49+00:00","dateModified":"2022-08-27T11:42:49+00:00","description":"META Beskrivning","breadcrumb":{"@id":"https:\/\/arbouserecordings.com\/sv\/#breadcrumb"},"inLanguage":"sv-SE","potentialAction":[{"@type":"ReadAction","target":["https:\/\/arbouserecordings.com\/sv\/"]}]},{"@type":"BreadcrumbList","@id":"https:\/\/arbouserecordings.com\/sv\/#breadcrumb","itemListElement":[{"@type":"ListItem","position":1,"name":"Home","item":"https:\/\/arbouserecordings.com\/sv\/"},{"@type":"ListItem","position":2,"name":"Casual Dating Recensioner (Inga spel eller betalningar)"}]}]}},"_links":{"self":[{"href":"https:\/\/arbouserecordings.com\/sv\/wp-json\/wp\/v2\/pages\/171"}],"collection":[{"href":"https:\/\/arbouserecordings.com\/sv\/wp-json\/wp\/v2\/pages"}],"about":[{"href":"https:\/\/arbouserecordings.com\/sv\/wp-json\/wp\/v2\/types\/page"}],"author":[{"embeddable":true,"href":"https:\/\/arbouserecordings.com\/sv\/wp-json\/wp\/v2\/users\/1"}],"replies":[{"embeddable":true,"href":"https:\/\/arbouserecordings.com\/sv\/wp-json\/wp\/v2\/comments?post=171"}],"version-history":[{"count":0,"href":"https:\/\/arbouserecordings.com\/sv\/wp-json\/wp\/v2\/pages\/171\/revisions"}],"wp:featuredmedia":[{"embeddable":true,"href":"https:\/\/arbouserecordings.com\/sv\/wp-json\/wp\/v2\/media\/98"}],"wp:attachment":[{"href":"https:\/\/arbouserecordings.com\/sv\/wp-json\/wp\/v2\/media?parent=171"}],"curies":[{"name":"wp","href":"https:\/\/api.w.org\/{rel}","templated":true}]}}