{"id":347,"date":"2022-08-28T10:49:05","date_gmt":"2022-08-28T09:49:05","guid":{"rendered":"http:\/\/arbouserecordings.com\/como-encontrar-encontros-locais-perto-de-si\/"},"modified":"2022-08-28T10:49:05","modified_gmt":"2022-08-28T09:49:05","slug":"como-encontrar-encontros-locais-perto-de-si","status":"publish","type":"page","link":"https:\/\/arbouserecordings.com\/pt-pt\/como-encontrar-encontros-locais-perto-de-si\/","title":{"rendered":"Como encontrar encontros locais perto de si?"},"content":{"rendered":"<h1>Como encontrar encontros locais perto de si?<\/h1>\n<p>Bem-vindo \u00e0 melhor aplica\u00e7\u00e3o de encontros gr\u00e1tis na web. Sabemos que namorar online \u00e0s vezes pode parecer uma tarefa assustadora, especialmente se voc\u00ea estiver procurando por amor em todos os lugares errados. Por isso constru\u00edmos o nosso site com o \u00fanico objetivo de tornar o namoro online gratuito, f\u00e1cil e divertido para todos. Esperamos que goste tanto como n\u00f3s. Se houver alguma pergunta, n\u00e3o hesite em contactar-nos. Estamos aqui para ajudar!<\/p>\n<h2>Conhe\u00e7a as mulheres locais para um engate<\/h2>\n<p>A NSA fornece uma interface limpa que facilita a navega\u00e7\u00e3o e a comunica\u00e7\u00e3o com outros membros. Al\u00e9m das funcionalidades padr\u00e3o que pode esperar encontrar em qualquer outra aplica\u00e7\u00e3o de encontros online, o site oferece algumas regalias extra que a fazem sobressa\u00ed em toda a multid\u00e3o.<\/p>\n<p>Assim que selecionares um perfil que te chame a aten\u00e7\u00e3o, ser\u00e1s levado para um ecr\u00e3 onde podes ver as informa\u00e7\u00f5es do membro, incluindo o seu sexo, idade, localiza\u00e7\u00e3o, interesses e, mais importante, a sua galeria de fotos. A partir da\u00ed, pode continuar a navegar nos perfis ou pode iniciar contacto enviando um piscar de olhos a outro membro. Seja como for, n\u00e3o ter\u00e1s de esperar muito porque as mensagens s\u00e3o entregues quase imediatamente.<\/p>\n<p>Se decidir levar as coisas mais longe, pode criar uma <a href=\"http:\/\/arbouserecordings.com\/pt-pt\/encontrar-alguem-especial-com-sites-de-ligacao\/\">sala de chat<\/a> privada onde pode trocar imagens, v\u00eddeos e tudo o mais que queira mostrar. Pode at\u00e9 adicionar amigos atrav\u00e9s do Facebook, Twitter, Instagram, Kik e Viber. No entanto, ao contr\u00e1rio de muitas aplica\u00e7\u00f5es de namoro para adultos, a NSa n\u00e3o exige que ligue as suas contas. Em vez disso, pode simplesmente ligar as suas redes sociais separadamente.<\/p>\n<h2>Os Nossos Conselhos<\/h2>\n<p>Esta \u00e9 uma ferramenta agregadora de coment\u00e1rios e compara\u00e7\u00e3o para <a href=\"http:\/\/arbouserecordings.com\/pt-pt\/guia-para-encontrar-o-amor-com-solteiros-proximos\/\">sites de encontros online<\/a> e aplica\u00e7\u00f5es m\u00f3veis. Comparamos os melhores sites de encontros e aplica\u00e7\u00f5es m\u00f3veis com base em dados recolhidos a partir da web, redes sociais e terceiros imparcial.<\/p>\n<p>Analisamos mais de 20 crit\u00e9rios diferentes, incluindo pre\u00e7o, custo de ades\u00e3o, n\u00famero de membros, hist\u00f3rias de sucesso, apoio ao cliente, seguran\u00e7a, pol\u00edtica de privacidade, pol\u00edtica de reembolso, disponibilidade de aplicativos m\u00f3veis, e muito mais.<\/p>\n<p>Para saber mais sobre como selecionamos os melhores sites e aplicativos de namoro, leia a nossa metodologia aqui.<\/p>\n<h2>Deve usar sites de sexting ou aplicativos de namoro?<\/h2>\n<p>As aplica\u00e7\u00f5es de encontros online est\u00e3o a tornar-se cada vez mais populares entre os solteiros em todo o mundo. As pessoas est\u00e3o a us\u00e1-las para encontrar amor, amizade, sexo casual e at\u00e9 relacionamentos de longo prazo. Tamb\u00e9m est\u00e3o a ser usados para encontros divertidos, amigos com benef\u00edcios, e simplesmente velhos a namoriscar. Existem muitos tipos diferentes de aplica\u00e7\u00f5es de encontros online, incluindo aquelas projetadas para fins espec\u00edficos, como encontrar uma data, conhecer potenciais parceiros ou simplesmente conhecer pessoas interessantes.<\/p>\n<p>Este tipo de apps est\u00e3o a tornar-se cada vez mais populares porque facilitam a procura de uma data sem terem de passar horas a pesquisar perfis nas redes sociais. Existem agora centenas de diferentes sites de encontros e aplicativos l\u00e1 fora, cada um oferecendo algo ligeiramente diferente. Aqui olhamos para o que oferecem, quanto custam e como \u00e9 f\u00e1cil us\u00e1-los.<\/p>\n<p>S\u00e3o uma \u00f3tima maneira de conhecer algu\u00e9m novo, especialmente se n\u00e3o quiseres sair com qualquer um.<\/p>\n","protected":false},"excerpt":{"rendered":"<p>Como encontrar encontros locais perto de si? Bem-vindo \u00e0 melhor aplica\u00e7\u00e3o de encontros gr\u00e1tis na web. Sabemos que namorar online \u00e0s vezes pode parecer uma tarefa assustadora, especialmente se voc\u00ea [&hellip;]<\/p>\n","protected":false},"author":1,"featured_media":275,"parent":0,"menu_order":0,"comment_status":"closed","ping_status":"closed","template":"","meta":[],"yoast_head":"<!-- This site is optimized with the Yoast SEO plugin v17.7.1 - https:\/\/yoast.com\/wordpress\/plugins\/seo\/ -->\n<title>Como encontrar encontros locais perto de si? - Adult Recordings<\/title>\n<meta name=\"robots\" content=\"index, follow, max-snippet:-1, max-image-preview:large, max-video-preview:-1\" \/>\n<link rel=\"canonical\" href=\"https:\/\/arbouserecordings.com\/pt-pt\/como-encontrar-encontros-locais-perto-de-si\/\" \/>\n<meta property=\"og:locale\" content=\"pt_PT\" \/>\n<meta property=\"og:type\" content=\"article\" \/>\n<meta property=\"og:title\" content=\"Como encontrar encontros locais perto de si? - Adult Recordings\" \/>\n<meta property=\"og:description\" content=\"Como encontrar encontros locais perto de si? Bem-vindo \u00e0 melhor aplica\u00e7\u00e3o de encontros gr\u00e1tis na web. Sabemos que namorar online \u00e0s vezes pode parecer uma tarefa assustadora, especialmente se voc\u00ea [&hellip;]\" \/>\n<meta property=\"og:url\" content=\"https:\/\/arbouserecordings.com\/pt-pt\/como-encontrar-encontros-locais-perto-de-si\/\" \/>\n<meta property=\"og:site_name\" content=\"Adult Recordings\" \/>\n<meta property=\"og:image\" content=\"http:\/\/arbouserecordings.com\/wp-content\/uploads\/2022\/08\/read-reviews.jpeg\" \/>\n\t<meta property=\"og:image:width\" content=\"2250\" \/>\n\t<meta property=\"og:image:height\" content=\"1500\" \/>\n<meta name=\"twitter:card\" content=\"summary_large_image\" \/>\n<meta name=\"twitter:label1\" content=\"Tempo estimado de leitura\" \/>\n\t<meta name=\"twitter:data1\" content=\"3 minutos\" \/>\n<script type=\"application\/ld+json\" class=\"yoast-schema-graph\">{\"@context\":\"https:\/\/schema.org\",\"@graph\":[{\"@type\":\"WebSite\",\"@id\":\"https:\/\/arbouserecordings.com\/#website\",\"url\":\"https:\/\/arbouserecordings.com\/\",\"name\":\"Adult Recordings\",\"description\":\"Online Hookup Reviews\",\"potentialAction\":[{\"@type\":\"SearchAction\",\"target\":{\"@type\":\"EntryPoint\",\"urlTemplate\":\"https:\/\/arbouserecordings.com\/?s={search_term_string}\"},\"query-input\":\"required name=search_term_string\"}],\"inLanguage\":\"pt-PT\"},{\"@type\":\"ImageObject\",\"@id\":\"https:\/\/arbouserecordings.com\/pt-pt\/como-encontrar-encontros-locais-perto-de-si\/#primaryimage\",\"inLanguage\":\"pt-PT\",\"url\":\"https:\/\/arbouserecordings.com\/wp-content\/uploads\/2022\/08\/read-reviews.jpeg\",\"contentUrl\":\"https:\/\/arbouserecordings.com\/wp-content\/uploads\/2022\/08\/read-reviews.jpeg\",\"width\":2250,\"height\":1500},{\"@type\":\"WebPage\",\"@id\":\"https:\/\/arbouserecordings.com\/pt-pt\/como-encontrar-encontros-locais-perto-de-si\/#webpage\",\"url\":\"https:\/\/arbouserecordings.com\/pt-pt\/como-encontrar-encontros-locais-perto-de-si\/\",\"name\":\"Como encontrar encontros locais perto de si? - Adult Recordings\",\"isPartOf\":{\"@id\":\"https:\/\/arbouserecordings.com\/#website\"},\"primaryImageOfPage\":{\"@id\":\"https:\/\/arbouserecordings.com\/pt-pt\/como-encontrar-encontros-locais-perto-de-si\/#primaryimage\"},\"datePublished\":\"2022-08-28T09:49:05+00:00\",\"dateModified\":\"2022-08-28T09:49:05+00:00\",\"breadcrumb\":{\"@id\":\"https:\/\/arbouserecordings.com\/pt-pt\/como-encontrar-encontros-locais-perto-de-si\/#breadcrumb\"},\"inLanguage\":\"pt-PT\",\"potentialAction\":[{\"@type\":\"ReadAction\",\"target\":[\"https:\/\/arbouserecordings.com\/pt-pt\/como-encontrar-encontros-locais-perto-de-si\/\"]}]},{\"@type\":\"BreadcrumbList\",\"@id\":\"https:\/\/arbouserecordings.com\/pt-pt\/como-encontrar-encontros-locais-perto-de-si\/#breadcrumb\",\"itemListElement\":[{\"@type\":\"ListItem\",\"position\":1,\"name\":\"Home\",\"item\":\"https:\/\/arbouserecordings.com\/pt-pt\/\"},{\"@type\":\"ListItem\",\"position\":2,\"name\":\"Como encontrar encontros locais perto de si?\"}]}]}<\/script>\n<!-- \/ Yoast SEO plugin. -->","yoast_head_json":{"title":"Como encontrar encontros locais perto de si? - Adult Recordings","robots":{"index":"index","follow":"follow","max-snippet":"max-snippet:-1","max-image-preview":"max-image-preview:large","max-video-preview":"max-video-preview:-1"},"canonical":"https:\/\/arbouserecordings.com\/pt-pt\/como-encontrar-encontros-locais-perto-de-si\/","og_locale":"pt_PT","og_type":"article","og_title":"Como encontrar encontros locais perto de si? - Adult Recordings","og_description":"Como encontrar encontros locais perto de si? Bem-vindo \u00e0 melhor aplica\u00e7\u00e3o de encontros gr\u00e1tis na web. Sabemos que namorar online \u00e0s vezes pode parecer uma tarefa assustadora, especialmente se voc\u00ea [&hellip;]","og_url":"https:\/\/arbouserecordings.com\/pt-pt\/como-encontrar-encontros-locais-perto-de-si\/","og_site_name":"Adult Recordings","og_image":[{"width":2250,"height":1500,"url":"http:\/\/arbouserecordings.com\/wp-content\/uploads\/2022\/08\/read-reviews.jpeg","type":"image\/jpeg"}],"twitter_card":"summary_large_image","twitter_misc":{"Tempo estimado de leitura":"3 minutos"},"schema":{"@context":"https:\/\/schema.org","@graph":[{"@type":"WebSite","@id":"https:\/\/arbouserecordings.com\/#website","url":"https:\/\/arbouserecordings.com\/","name":"Adult Recordings","description":"Online Hookup Reviews","potentialAction":[{"@type":"SearchAction","target":{"@type":"EntryPoint","urlTemplate":"https:\/\/arbouserecordings.com\/?s={search_term_string}"},"query-input":"required name=search_term_string"}],"inLanguage":"pt-PT"},{"@type":"ImageObject","@id":"https:\/\/arbouserecordings.com\/pt-pt\/como-encontrar-encontros-locais-perto-de-si\/#primaryimage","inLanguage":"pt-PT","url":"https:\/\/arbouserecordings.com\/wp-content\/uploads\/2022\/08\/read-reviews.jpeg","contentUrl":"https:\/\/arbouserecordings.com\/wp-content\/uploads\/2022\/08\/read-reviews.jpeg","width":2250,"height":1500},{"@type":"WebPage","@id":"https:\/\/arbouserecordings.com\/pt-pt\/como-encontrar-encontros-locais-perto-de-si\/#webpage","url":"https:\/\/arbouserecordings.com\/pt-pt\/como-encontrar-encontros-locais-perto-de-si\/","name":"Como encontrar encontros locais perto de si? - Adult Recordings","isPartOf":{"@id":"https:\/\/arbouserecordings.com\/#website"},"primaryImageOfPage":{"@id":"https:\/\/arbouserecordings.com\/pt-pt\/como-encontrar-encontros-locais-perto-de-si\/#primaryimage"},"datePublished":"2022-08-28T09:49:05+00:00","dateModified":"2022-08-28T09:49:05+00:00","breadcrumb":{"@id":"https:\/\/arbouserecordings.com\/pt-pt\/como-encontrar-encontros-locais-perto-de-si\/#breadcrumb"},"inLanguage":"pt-PT","potentialAction":[{"@type":"ReadAction","target":["https:\/\/arbouserecordings.com\/pt-pt\/como-encontrar-encontros-locais-perto-de-si\/"]}]},{"@type":"BreadcrumbList","@id":"https:\/\/arbouserecordings.com\/pt-pt\/como-encontrar-encontros-locais-perto-de-si\/#breadcrumb","itemListElement":[{"@type":"ListItem","position":1,"name":"Home","item":"https:\/\/arbouserecordings.com\/pt-pt\/"},{"@type":"ListItem","position":2,"name":"Como encontrar encontros locais perto de si?"}]}]}},"_links":{"self":[{"href":"https:\/\/arbouserecordings.com\/pt-pt\/wp-json\/wp\/v2\/pages\/347"}],"collection":[{"href":"https:\/\/arbouserecordings.com\/pt-pt\/wp-json\/wp\/v2\/pages"}],"about":[{"href":"https:\/\/arbouserecordings.com\/pt-pt\/wp-json\/wp\/v2\/types\/page"}],"author":[{"embeddable":true,"href":"https:\/\/arbouserecordings.com\/pt-pt\/wp-json\/wp\/v2\/users\/1"}],"replies":[{"embeddable":true,"href":"https:\/\/arbouserecordings.com\/pt-pt\/wp-json\/wp\/v2\/comments?post=347"}],"version-history":[{"count":0,"href":"https:\/\/arbouserecordings.com\/pt-pt\/wp-json\/wp\/v2\/pages\/347\/revisions"}],"wp:featuredmedia":[{"embeddable":true,"href":"https:\/\/arbouserecordings.com\/pt-pt\/wp-json\/wp\/v2\/media\/275"}],"wp:attachment":[{"href":"https:\/\/arbouserecordings.com\/pt-pt\/wp-json\/wp\/v2\/media?parent=347"}],"curies":[{"name":"wp","href":"https:\/\/api.w.org\/{rel}","templated":true}]}}