{"id":326,"date":"2022-08-28T10:58:17","date_gmt":"2022-08-28T09:58:17","guid":{"rendered":"http:\/\/arbouserecordings.com\/como-ter-sucesso-no-namoro-online-acertar-o-seu-perfil\/"},"modified":"2022-08-28T10:58:17","modified_gmt":"2022-08-28T09:58:17","slug":"como-ter-sucesso-no-namoro-online-acertar-o-seu-perfil","status":"publish","type":"page","link":"https:\/\/arbouserecordings.com\/pt-pt\/como-ter-sucesso-no-namoro-online-acertar-o-seu-perfil\/","title":{"rendered":"Como ter sucesso no namoro online: acertar o seu perfil"},"content":{"rendered":"<h1>Como ter sucesso no namoro online: acertar o seu perfil<\/h1>\n<p>Os sites de encontros mais populares incluem eHarmony, Match, OkCupid, PlentyOfFish e Tinder. Todos variam em termos de funcionalidades, custos e pol\u00edticas de privacidade. No entanto, geralmente seguem regras semelhantes. Por exemplo, muitos sites exigem que os utilizadores preencham question\u00e1rios sobre si mesmos, incluindo quest\u00f5es sobre idade, sexo, n\u00edvel de educa\u00e7\u00e3o, religi\u00e3o, afilia\u00e7\u00e3o pol\u00edtica, orienta\u00e7\u00e3o sexual, etc. Os utilizadores tamb\u00e9m respondem a perguntas sobre o seu parceiro ideal. Estas perguntas ajudam o site a determinar se \u00e9 um bom ajuste para ambas as partes.<\/p>\n<h2>Como fazer os perfis de namoro finais<\/h2>\n<p>Assim que se inscrever, receber\u00e1 notifica\u00e7\u00f5es por e-mail sempre que houver novos jogos nas proximidades. Pode navegar nos perfis e enviar mensagens diretamente a partir da aplica\u00e7\u00e3o. A maioria dos sites permite-lhe configurar a sua foto de perfil, foto de capa, biografia e localiza\u00e7\u00e3o. Pode haver diferentes requisitos dependendo do site. Alguns sites podem pedir-lhe para fazer upload de fotos. Outros podem pedir-lhe para tirar uma selfie. E outros podem simplesmente pedir-lhe para introduzir o nome da cidade. Se decidir utilizar um destes sites, leia atentamente as letras min\u00fasculas.<\/p>\n<p>Alguns sites cobram taxas para contactar potenciais parceiros. Esta taxa pode variar entre $0 e $10 por m\u00eas. Outros sites d\u00e3o-lhe acesso a mensagens ilimitadas sem pagar nada. Ainda outros n\u00e3o t\u00eam mensalidades. Consulte a sec\u00e7\u00e3o de PERGUNTAS Frequentes do site para ver se existem alguma carga escondida.<\/p>\n<p>Pode ter de pagar para comunicar com indiv\u00edduos espec\u00edficos. <a href=\"http:\/\/arbouserecordings.com\/pt-pt\/guia-para-encontrar-o-amor-com-solteiros-proximos\/\">Muitos sites oferecem contas premium<\/a> que lhe permitem conversar com membros que pagaram pela ades\u00e3o. Normalmente, tem de pagar uma pequena quantia para falar com cada pessoa individualmente. Outros sites podem permitir-lhe conversar com todos, mas n\u00e3o poder\u00e1 enviar e-mails a ningu\u00e9m.<\/p>\n<p>Se preferir n\u00e3o gastar dinheiro numa subscri\u00e7\u00e3o de site de encontros, ainda pode encontrar muitas oportunidades para se conectar com solteiros atrav\u00e9s das redes sociais. Grupos de Facebook, conversas no Twitter, hist\u00f3rias de Instagram e v\u00eddeos do YouTube s\u00e3o apenas algumas formas de interagir com outras pessoas que vivem perto de si.<\/p>\n<h2>Como usar sites de encontros online<\/h2>\n<p>Antes de se inscrever num site de encontros online, \u00e9 importante considerar o que quer da sua experi\u00eancia. Prefere encontros casuais ou algo s\u00e9rio? Se est\u00e1 interessado em encontrar o amor, h\u00e1 muitas op\u00e7\u00f5es l\u00e1 fora. Alguns s\u00e3o mais adequados para encontros de uma noite, enquanto outros atendem \u00e0queles que procuram relacionamentos a longo prazo. H\u00e1 at\u00e9 nichos de nicho que se concentram em demografia espec\u00edfica, como idosos ou pessoas nas \u00e1reas rurais.<\/p>\n<p>A primeira coisa que provavelmente vai querer descobrir \u00e9 que tipo de rela\u00e7\u00e3o espera encontrar. \u00c9 para ser apenas um caso divertido ou est\u00e1s \u00e0 procura de algo mais s\u00e9rio? Esta decis\u00e3o ajudar\u00e1 a reduzir as suas escolhas. Em seguida, pense em quais caracter\u00edsticas s\u00e3o importantes para si. Por exemplo, se gosta de desporto, pode procurar um site que lhe permita filtrar jogos com base na sua equipa ou desporto favoritos. Ou talvez prefira sair com algu\u00e9m parecido contigo em termos de interesses.<\/p>\n<h2>Valem a pena?<\/h2>\n<p>Finalmente, d\u00ea uma olhada nos diferentes tipos de sites de encontros l\u00e1 fora. Alguns s\u00e3o especificamente <a href=\"http:\/\/arbouserecordings.com\/pt-pt\/como-encontrar-encontros-locais-perto-de-si\/\">concebidos para assuntos de curto prazo<\/a>, enquanto outros est\u00e3o focados em rela\u00e7\u00f5es de longo prazo. Tome nota de quantos membros cada site tem, tamb\u00e9m. Sites com maior n\u00famero de membros tendem a atrair mais aten\u00e7\u00e3o.<\/p>\n<p>O custo m\u00e9dio de uma aplica\u00e7\u00e3o de encontros ou subscri\u00e7\u00e3o de site varia entre $15 e $200 por m\u00eas, dependendo de quantas funcionalidades est\u00e3o inclu\u00eddas. Existem algumas \u00f3timas op\u00e7\u00f5es gratuitas l\u00e1 fora, incluindo Tinder e Bumble, mas se voc\u00ea quiser ter acesso a tudo, normalmente \u00e9 melhor optar por uma ades\u00e3o paga.<\/p>\n<p>Voc\u00ea pode pensar que juntar-se a um site de encontros \u00e9 um sem c\u00e9rebro &#8211; afinal, todos sabem que encontrar o amor online \u00e9 f\u00e1cil. Mas s\u00f3 porque algo soa como uma boa ideia n\u00e3o significa que realmente \u00e9. Antes de se inscrever para qualquer coisa, fa\u00e7a a sua pesquisa e certifique-se de que o site oferece o que procura. N\u00e3o queres acabar por desperdi\u00e7ar dinheiro numa assinatura que n\u00e3o vale a pena.<\/p>\n","protected":false},"excerpt":{"rendered":"<p>Como ter sucesso no namoro online: acertar o seu perfil Os sites de encontros mais populares incluem eHarmony, Match, OkCupid, PlentyOfFish e Tinder. Todos variam em termos de funcionalidades, custos [&hellip;]<\/p>\n","protected":false},"author":1,"featured_media":230,"parent":0,"menu_order":0,"comment_status":"closed","ping_status":"closed","template":"","meta":[],"yoast_head":"<!-- This site is optimized with the Yoast SEO plugin v17.7.1 - https:\/\/yoast.com\/wordpress\/plugins\/seo\/ -->\n<title>Como ter sucesso no namoro online: acertar o seu perfil - Adult Recordings<\/title>\n<meta name=\"robots\" content=\"index, follow, max-snippet:-1, max-image-preview:large, max-video-preview:-1\" \/>\n<link rel=\"canonical\" href=\"https:\/\/arbouserecordings.com\/pt-pt\/como-ter-sucesso-no-namoro-online-acertar-o-seu-perfil\/\" \/>\n<meta property=\"og:locale\" content=\"pt_PT\" \/>\n<meta property=\"og:type\" content=\"article\" \/>\n<meta property=\"og:title\" content=\"Como ter sucesso no namoro online: acertar o seu perfil - Adult Recordings\" \/>\n<meta property=\"og:description\" content=\"Como ter sucesso no namoro online: acertar o seu perfil Os sites de encontros mais populares incluem eHarmony, Match, OkCupid, PlentyOfFish e Tinder. Todos variam em termos de funcionalidades, custos [&hellip;]\" \/>\n<meta property=\"og:url\" content=\"https:\/\/arbouserecordings.com\/pt-pt\/como-ter-sucesso-no-namoro-online-acertar-o-seu-perfil\/\" \/>\n<meta property=\"og:site_name\" content=\"Adult Recordings\" \/>\n<meta property=\"og:image\" content=\"https:\/\/arbouserecordings.com\/wp-content\/uploads\/2022\/08\/online-dating.jpeg\" \/>\n\t<meta property=\"og:image:width\" content=\"500\" \/>\n\t<meta property=\"og:image:height\" content=\"750\" \/>\n<meta name=\"twitter:card\" content=\"summary_large_image\" \/>\n<meta name=\"twitter:label1\" content=\"Tempo estimado de leitura\" \/>\n\t<meta name=\"twitter:data1\" content=\"4 minutos\" \/>\n<script type=\"application\/ld+json\" class=\"yoast-schema-graph\">{\"@context\":\"https:\/\/schema.org\",\"@graph\":[{\"@type\":\"WebSite\",\"@id\":\"https:\/\/arbouserecordings.com\/#website\",\"url\":\"https:\/\/arbouserecordings.com\/\",\"name\":\"Adult Recordings\",\"description\":\"Online Hookup Reviews\",\"potentialAction\":[{\"@type\":\"SearchAction\",\"target\":{\"@type\":\"EntryPoint\",\"urlTemplate\":\"https:\/\/arbouserecordings.com\/?s={search_term_string}\"},\"query-input\":\"required name=search_term_string\"}],\"inLanguage\":\"pt-PT\"},{\"@type\":\"ImageObject\",\"@id\":\"https:\/\/arbouserecordings.com\/pt-pt\/como-ter-sucesso-no-namoro-online-acertar-o-seu-perfil\/#primaryimage\",\"inLanguage\":\"pt-PT\",\"url\":\"https:\/\/arbouserecordings.com\/wp-content\/uploads\/2022\/08\/online-dating.jpeg\",\"contentUrl\":\"https:\/\/arbouserecordings.com\/wp-content\/uploads\/2022\/08\/online-dating.jpeg\",\"width\":500,\"height\":750},{\"@type\":\"WebPage\",\"@id\":\"https:\/\/arbouserecordings.com\/pt-pt\/como-ter-sucesso-no-namoro-online-acertar-o-seu-perfil\/#webpage\",\"url\":\"https:\/\/arbouserecordings.com\/pt-pt\/como-ter-sucesso-no-namoro-online-acertar-o-seu-perfil\/\",\"name\":\"Como ter sucesso no namoro online: acertar o seu perfil - Adult Recordings\",\"isPartOf\":{\"@id\":\"https:\/\/arbouserecordings.com\/#website\"},\"primaryImageOfPage\":{\"@id\":\"https:\/\/arbouserecordings.com\/pt-pt\/como-ter-sucesso-no-namoro-online-acertar-o-seu-perfil\/#primaryimage\"},\"datePublished\":\"2022-08-28T09:58:17+00:00\",\"dateModified\":\"2022-08-28T09:58:17+00:00\",\"breadcrumb\":{\"@id\":\"https:\/\/arbouserecordings.com\/pt-pt\/como-ter-sucesso-no-namoro-online-acertar-o-seu-perfil\/#breadcrumb\"},\"inLanguage\":\"pt-PT\",\"potentialAction\":[{\"@type\":\"ReadAction\",\"target\":[\"https:\/\/arbouserecordings.com\/pt-pt\/como-ter-sucesso-no-namoro-online-acertar-o-seu-perfil\/\"]}]},{\"@type\":\"BreadcrumbList\",\"@id\":\"https:\/\/arbouserecordings.com\/pt-pt\/como-ter-sucesso-no-namoro-online-acertar-o-seu-perfil\/#breadcrumb\",\"itemListElement\":[{\"@type\":\"ListItem\",\"position\":1,\"name\":\"Home\",\"item\":\"https:\/\/arbouserecordings.com\/pt-pt\/\"},{\"@type\":\"ListItem\",\"position\":2,\"name\":\"Como ter sucesso no namoro online: acertar o seu perfil\"}]}]}<\/script>\n<!-- \/ Yoast SEO plugin. -->","yoast_head_json":{"title":"Como ter sucesso no namoro online: acertar o seu perfil - Adult Recordings","robots":{"index":"index","follow":"follow","max-snippet":"max-snippet:-1","max-image-preview":"max-image-preview:large","max-video-preview":"max-video-preview:-1"},"canonical":"https:\/\/arbouserecordings.com\/pt-pt\/como-ter-sucesso-no-namoro-online-acertar-o-seu-perfil\/","og_locale":"pt_PT","og_type":"article","og_title":"Como ter sucesso no namoro online: acertar o seu perfil - Adult Recordings","og_description":"Como ter sucesso no namoro online: acertar o seu perfil Os sites de encontros mais populares incluem eHarmony, Match, OkCupid, PlentyOfFish e Tinder. Todos variam em termos de funcionalidades, custos [&hellip;]","og_url":"https:\/\/arbouserecordings.com\/pt-pt\/como-ter-sucesso-no-namoro-online-acertar-o-seu-perfil\/","og_site_name":"Adult Recordings","og_image":[{"width":500,"height":750,"url":"https:\/\/arbouserecordings.com\/wp-content\/uploads\/2022\/08\/online-dating.jpeg","type":"image\/jpeg"}],"twitter_card":"summary_large_image","twitter_misc":{"Tempo estimado de leitura":"4 minutos"},"schema":{"@context":"https:\/\/schema.org","@graph":[{"@type":"WebSite","@id":"https:\/\/arbouserecordings.com\/#website","url":"https:\/\/arbouserecordings.com\/","name":"Adult Recordings","description":"Online Hookup Reviews","potentialAction":[{"@type":"SearchAction","target":{"@type":"EntryPoint","urlTemplate":"https:\/\/arbouserecordings.com\/?s={search_term_string}"},"query-input":"required name=search_term_string"}],"inLanguage":"pt-PT"},{"@type":"ImageObject","@id":"https:\/\/arbouserecordings.com\/pt-pt\/como-ter-sucesso-no-namoro-online-acertar-o-seu-perfil\/#primaryimage","inLanguage":"pt-PT","url":"https:\/\/arbouserecordings.com\/wp-content\/uploads\/2022\/08\/online-dating.jpeg","contentUrl":"https:\/\/arbouserecordings.com\/wp-content\/uploads\/2022\/08\/online-dating.jpeg","width":500,"height":750},{"@type":"WebPage","@id":"https:\/\/arbouserecordings.com\/pt-pt\/como-ter-sucesso-no-namoro-online-acertar-o-seu-perfil\/#webpage","url":"https:\/\/arbouserecordings.com\/pt-pt\/como-ter-sucesso-no-namoro-online-acertar-o-seu-perfil\/","name":"Como ter sucesso no namoro online: acertar o seu perfil - Adult Recordings","isPartOf":{"@id":"https:\/\/arbouserecordings.com\/#website"},"primaryImageOfPage":{"@id":"https:\/\/arbouserecordings.com\/pt-pt\/como-ter-sucesso-no-namoro-online-acertar-o-seu-perfil\/#primaryimage"},"datePublished":"2022-08-28T09:58:17+00:00","dateModified":"2022-08-28T09:58:17+00:00","breadcrumb":{"@id":"https:\/\/arbouserecordings.com\/pt-pt\/como-ter-sucesso-no-namoro-online-acertar-o-seu-perfil\/#breadcrumb"},"inLanguage":"pt-PT","potentialAction":[{"@type":"ReadAction","target":["https:\/\/arbouserecordings.com\/pt-pt\/como-ter-sucesso-no-namoro-online-acertar-o-seu-perfil\/"]}]},{"@type":"BreadcrumbList","@id":"https:\/\/arbouserecordings.com\/pt-pt\/como-ter-sucesso-no-namoro-online-acertar-o-seu-perfil\/#breadcrumb","itemListElement":[{"@type":"ListItem","position":1,"name":"Home","item":"https:\/\/arbouserecordings.com\/pt-pt\/"},{"@type":"ListItem","position":2,"name":"Como ter sucesso no namoro online: acertar o seu perfil"}]}]}},"_links":{"self":[{"href":"https:\/\/arbouserecordings.com\/pt-pt\/wp-json\/wp\/v2\/pages\/326"}],"collection":[{"href":"https:\/\/arbouserecordings.com\/pt-pt\/wp-json\/wp\/v2\/pages"}],"about":[{"href":"https:\/\/arbouserecordings.com\/pt-pt\/wp-json\/wp\/v2\/types\/page"}],"author":[{"embeddable":true,"href":"https:\/\/arbouserecordings.com\/pt-pt\/wp-json\/wp\/v2\/users\/1"}],"replies":[{"embeddable":true,"href":"https:\/\/arbouserecordings.com\/pt-pt\/wp-json\/wp\/v2\/comments?post=326"}],"version-history":[{"count":0,"href":"https:\/\/arbouserecordings.com\/pt-pt\/wp-json\/wp\/v2\/pages\/326\/revisions"}],"wp:featuredmedia":[{"embeddable":true,"href":"https:\/\/arbouserecordings.com\/pt-pt\/wp-json\/wp\/v2\/media\/230"}],"wp:attachment":[{"href":"https:\/\/arbouserecordings.com\/pt-pt\/wp-json\/wp\/v2\/media?parent=326"}],"curies":[{"name":"wp","href":"https:\/\/api.w.org\/{rel}","templated":true}]}}