{"id":317,"date":"2022-08-28T11:16:24","date_gmt":"2022-08-28T10:16:24","guid":{"rendered":"http:\/\/arbouserecordings.com\/guia-para-encontrar-o-amor-com-solteiros-proximos\/"},"modified":"2022-08-28T11:16:24","modified_gmt":"2022-08-28T10:16:24","slug":"guia-para-encontrar-o-amor-com-solteiros-proximos","status":"publish","type":"page","link":"https:\/\/arbouserecordings.com\/pt-pt\/guia-para-encontrar-o-amor-com-solteiros-proximos\/","title":{"rendered":"Guia para encontrar o amor com solteiros pr\u00f3ximos"},"content":{"rendered":"<h1>Guia para encontrar o amor com solteiros pr\u00f3ximos<\/h1>\n<p>H\u00e1 muitos sites de encontros online hoje em dia, e a maioria deles custam dinheiro. Se quiser experimentar sem pagar nada, ent\u00e3o precisa encontrar um site de encontros totalmente gratuito. Existem alguns sites de encontros completamente gratuitos l\u00e1 fora, mas eles n\u00e3o s\u00e3o muito populares. Este artigo lista oito deles, incluindo os melhores.<\/p>\n<p>Estes sites oferecem v\u00e1rios n\u00edveis de ades\u00e3o <a href=\"http:\/\/arbouserecordings.com\/pt-pt\/como-ter-sucesso-no-namoro-online-acertar-o-seu-perfil\/\">dependendo do<\/a> pre\u00e7o que voc\u00ea quer pagar por m\u00eas. Pode escolher uma subscri\u00e7\u00e3o mensal ou um plano anual. N\u00e3o h\u00e1 taxas escondidas na maioria das aplica\u00e7\u00f5es; tudo \u00e9 claramente definido frontalmente. Como membro, pode ler coment\u00e1rios escritos por membros anteriores, ver fotos de potenciais partidas e at\u00e9 conversar ao vivo com outras pessoas. Se decidir inscrever-se para uma ades\u00e3o paga, pode ir em frente e tornar o seu perfil p\u00fablico. Desta forma, qualquer pessoa pode ver a sua galeria de fotos e informa\u00e7\u00f5es pessoais. Tamb\u00e9m pode definir certas prefer\u00eancias, tais como localiza\u00e7\u00e3o, faixa et\u00e1ria, sexo e etnia. No entanto, n\u00e3o h\u00e1 op\u00e7\u00e3o para escolher se mostra o seu interesse em algu\u00e9m com base na sua apar\u00eancia ou tra\u00e7os de personalidade.<\/p>\n<h1>Deve come\u00e7ar a namorar online &#8211; Que aplicativos experimentar?<\/h1>\n<p>Sites e aplicativos de encontros gratuitos s\u00e3o cada vez mais populares porque n\u00e3o requerem um n\u00famero de cart\u00e3o de cr\u00e9dito e geralmente oferecem muitas regalias sem cobrar taxas mensais. Alguns at\u00e9 te deixam encontrar o amor sem pagar nada adiantado. Mas existem alguns inconvenientes para se inscrever para um site ou app gratuitos \u2013 como ter menos f\u00f3sforos e ser menos propenso a se conectar com algu\u00e9m que partilha os seus interesses.<\/p>\n<h2>CMB<\/h2>\n<p>Coffee Meets Bagel \u00e9 uma aplica\u00e7\u00e3o de encontros onde os membros podem navegar em perfis e mensagens de datas potenciais em segundos. Os utilizadores podem ver quantos gostos cada perfil recebeu e se existem mensagens recentes. Tamb\u00e9m podem enviar uma mensagem para come\u00e7ar a conversar com uma pessoa. A aplica\u00e7\u00e3o tamb\u00e9m d\u00e1 aos utilizadores a op\u00e7\u00e3o de marcar uma data de caf\u00e9 ou encontrar-se com outro membro.<\/p>\n<p>A aplica\u00e7\u00e3o permite-lhe passar para a direita se quiser ligar-se a outra pessoa, ou se n\u00e3o o fizer. Se ambas as partes estiverem interessadas, v\u00e3o conversar.<\/p>\n<p>Para casais heterossexuais, a mulher envia o seu perfil primeiro. Com casais do mesmo sexo, quem iniciar contacto pode faz\u00ea-lo.<\/p>\n<p>Pode pesquisar perfis, fazer liga\u00e7\u00f5es e enviar mensagens.<\/p>\n<h2>Rio Tinder<\/h2>\n<p>O Tinder \u00e9 uma aplica\u00e7\u00e3o m\u00f3vel baseada em localiza\u00e7\u00e3o que permite aos utilizadores conversar com outros nas proximidades e fazer liga\u00e7\u00f5es atrav\u00e9s de texto ou emojis. As pessoas usam a app para se conectarem com qualquer pessoa pr\u00f3xima, independentemente da idade ou sexo. Os utilizadores podem adicionar informa\u00e7\u00f5es adicionais sobre si mesmos como interesses, educa\u00e7\u00e3o, carreira e passatempos. Tamb\u00e9m podem fazer o upload de uma fotografia e selecionar um local para mostrar a sua localiza\u00e7\u00e3o atual. Uma vez combinados, os utilizadores podem come\u00e7ar a enviar mensagens.<\/p>\n<h2>OkCupid<\/h2>\n<p>OkCupid \u00e9 uma <a href=\"http:\/\/arbouserecordings.com\/pt-pt\/encontrar-alguem-especial-com-sites-de-ligacao\/\">aplica\u00e7\u00e3o de encontros gratuitos<\/a> que oferece compatibilidade com base em fatores como tra\u00e7os de personalidade, valores, estilo de vida e atividades partilhadas. Ok Cupid usa um question\u00e1rio para ajudar os utilizadores a descobrir as comunh\u00f5es e diferen\u00e7as entre potenciais parceiros. Quando dois utilizadores correspondem, podem ver os perfis uns dos outros e comunicar em privado. Com este servi\u00e7o gratuito, poder\u00e1 configurar um perfil de namoro que n\u00e3o seja vis\u00edvel para mais ningu\u00e9m a n\u00e3o ser para si. Pode optar por tornar o seu perfil p\u00fablico ou mant\u00ea-lo escondido. Pode at\u00e9 adicionar uma foto de capa.<\/p>\n<h2>Dobradi\u00e7a<\/h2>\n<p>Hinge \u00e9 uma aplica\u00e7\u00e3o m\u00f3vel que conecta pessoas com base em amigos m\u00fatuos. A Hinge usa os dados do Facebook para determinar a compatibilidade. Depois de se inscrever, os utilizadores podem navegar nos perfis e enviar mensagens para outros utilizadores. Se dois utilizadores decidirem se tornar um f\u00f3sforo, podem trocar n\u00fameros de telefone e organizar uma reuni\u00e3o presencial.<\/p>\n<p>Os utilizadores tamb\u00e9m podem adicionar fotos, v\u00eddeos e dados de localiza\u00e7\u00e3o para ajudar outros a fazer liga\u00e7\u00f5es. E embora a aplica\u00e7\u00e3o n\u00e3o exija que os utilizadores preencham perfis extensivos, faz perguntas sobre coisas como religi\u00e3o, pol\u00edtica e educa\u00e7\u00e3o. Tudo isso pode parecer bastante b\u00e1sico, mas Hinge diz que \u00e9 diferente porque \u00e9 projetado para deixar as pessoas se concentrarem em encontrar o amor nessas \u00e1reas.<\/p>\n<h2>POF<\/h2>\n<p>Plenty of Fish \u00e9 um site de encontros online gratuito que atende a quem procura relacionamentos de longo prazo. A abund\u00e2ncia de Fish inclui funcionalidades como chat ao vivo, chat de v\u00eddeo e e-mail. Os utilizadores tamb\u00e9m podem ver as publica\u00e7\u00f5es p\u00fablicas de outros utilizadores e ler mensagens enviadas por outros utilizadores. H\u00e1 mais de 40 milh\u00f5es de utilizadores registados em todo o mundo.<\/p>\n<p>PlentyOfFish \u00e9 outra velha, mas goodie. Foi fundada em 2003, e agora afirma ter 2 milh\u00f5es de visitantes mensais. O seu lema \u00e9 &#8220;Free To Browse&#8221;, e oferecem toneladas de funcionalidades como salas de chat, chats de v\u00eddeo, etc.<\/p>\n<h2>Zoosk<\/h2>\n<p>Zoosk \u00e9 uma popular aplica\u00e7\u00e3o de encontros que se foca em ajudar os utilizadores a encontrar o verdadeiro amor. Zoosk \u00e9 completamente gratuito para baixar e se inscrever. Os utilizadores podem criar um perfil, fazer upload de v\u00e1rias imagens e incluir informa\u00e7\u00f5es b\u00e1sicas sobre si mesmos. Tamb\u00e9m podem responder a perguntas colocadas por outros utilizadores para ajudar a reduzir os jogos compat\u00edveis. Zoosk \u00e9 um jogador relativamente novo no jogo de namoro online, mas j\u00e1 conseguiu tornar-se um dos maiores jogadores. Foi fundada em 2007 e hoje afirma ter mais de 20 milh\u00f5es de utilizadores registados.<\/p>\n","protected":false},"excerpt":{"rendered":"<p>Guia para encontrar o amor com solteiros pr\u00f3ximos H\u00e1 muitos sites de encontros online hoje em dia, e a maioria deles custam dinheiro. Se quiser experimentar sem pagar nada, ent\u00e3o [&hellip;]<\/p>\n","protected":false},"author":1,"featured_media":260,"parent":0,"menu_order":0,"comment_status":"closed","ping_status":"closed","template":"","meta":[],"yoast_head":"<!-- This site is optimized with the Yoast SEO plugin v17.7.1 - https:\/\/yoast.com\/wordpress\/plugins\/seo\/ -->\n<title>Guia para encontrar o amor com solteiros pr\u00f3ximos - Adult Recordings<\/title>\n<meta name=\"robots\" content=\"index, follow, max-snippet:-1, max-image-preview:large, max-video-preview:-1\" \/>\n<link rel=\"canonical\" href=\"https:\/\/arbouserecordings.com\/pt-pt\/guia-para-encontrar-o-amor-com-solteiros-proximos\/\" \/>\n<meta property=\"og:locale\" content=\"pt_PT\" \/>\n<meta property=\"og:type\" content=\"article\" \/>\n<meta property=\"og:title\" content=\"Guia para encontrar o amor com solteiros pr\u00f3ximos - Adult Recordings\" \/>\n<meta property=\"og:description\" content=\"Guia para encontrar o amor com solteiros pr\u00f3ximos H\u00e1 muitos sites de encontros online hoje em dia, e a maioria deles custam dinheiro. Se quiser experimentar sem pagar nada, ent\u00e3o [&hellip;]\" \/>\n<meta property=\"og:url\" content=\"https:\/\/arbouserecordings.com\/pt-pt\/guia-para-encontrar-o-amor-com-solteiros-proximos\/\" \/>\n<meta property=\"og:site_name\" content=\"Adult Recordings\" \/>\n<meta property=\"og:image\" content=\"https:\/\/arbouserecordings.com\/wp-content\/uploads\/2022\/08\/free-sexting.jpeg\" \/>\n\t<meta property=\"og:image:width\" content=\"1125\" \/>\n\t<meta property=\"og:image:height\" content=\"750\" \/>\n<meta name=\"twitter:card\" content=\"summary_large_image\" \/>\n<meta name=\"twitter:label1\" content=\"Tempo estimado de leitura\" \/>\n\t<meta name=\"twitter:data1\" content=\"5 minutos\" \/>\n<script type=\"application\/ld+json\" class=\"yoast-schema-graph\">{\"@context\":\"https:\/\/schema.org\",\"@graph\":[{\"@type\":\"WebSite\",\"@id\":\"https:\/\/arbouserecordings.com\/#website\",\"url\":\"https:\/\/arbouserecordings.com\/\",\"name\":\"Adult Recordings\",\"description\":\"Online Hookup Reviews\",\"potentialAction\":[{\"@type\":\"SearchAction\",\"target\":{\"@type\":\"EntryPoint\",\"urlTemplate\":\"https:\/\/arbouserecordings.com\/?s={search_term_string}\"},\"query-input\":\"required name=search_term_string\"}],\"inLanguage\":\"pt-PT\"},{\"@type\":\"ImageObject\",\"@id\":\"https:\/\/arbouserecordings.com\/pt-pt\/guia-para-encontrar-o-amor-com-solteiros-proximos\/#primaryimage\",\"inLanguage\":\"pt-PT\",\"url\":\"https:\/\/arbouserecordings.com\/wp-content\/uploads\/2022\/08\/free-sexting.jpeg\",\"contentUrl\":\"https:\/\/arbouserecordings.com\/wp-content\/uploads\/2022\/08\/free-sexting.jpeg\",\"width\":1125,\"height\":750},{\"@type\":\"WebPage\",\"@id\":\"https:\/\/arbouserecordings.com\/pt-pt\/guia-para-encontrar-o-amor-com-solteiros-proximos\/#webpage\",\"url\":\"https:\/\/arbouserecordings.com\/pt-pt\/guia-para-encontrar-o-amor-com-solteiros-proximos\/\",\"name\":\"Guia para encontrar o amor com solteiros pr\\u00f3ximos - Adult Recordings\",\"isPartOf\":{\"@id\":\"https:\/\/arbouserecordings.com\/#website\"},\"primaryImageOfPage\":{\"@id\":\"https:\/\/arbouserecordings.com\/pt-pt\/guia-para-encontrar-o-amor-com-solteiros-proximos\/#primaryimage\"},\"datePublished\":\"2022-08-28T10:16:24+00:00\",\"dateModified\":\"2022-08-28T10:16:24+00:00\",\"breadcrumb\":{\"@id\":\"https:\/\/arbouserecordings.com\/pt-pt\/guia-para-encontrar-o-amor-com-solteiros-proximos\/#breadcrumb\"},\"inLanguage\":\"pt-PT\",\"potentialAction\":[{\"@type\":\"ReadAction\",\"target\":[\"https:\/\/arbouserecordings.com\/pt-pt\/guia-para-encontrar-o-amor-com-solteiros-proximos\/\"]}]},{\"@type\":\"BreadcrumbList\",\"@id\":\"https:\/\/arbouserecordings.com\/pt-pt\/guia-para-encontrar-o-amor-com-solteiros-proximos\/#breadcrumb\",\"itemListElement\":[{\"@type\":\"ListItem\",\"position\":1,\"name\":\"Home\",\"item\":\"https:\/\/arbouserecordings.com\/pt-pt\/\"},{\"@type\":\"ListItem\",\"position\":2,\"name\":\"Guia para encontrar o amor com solteiros pr\\u00f3ximos\"}]}]}<\/script>\n<!-- \/ Yoast SEO plugin. -->","yoast_head_json":{"title":"Guia para encontrar o amor com solteiros pr\u00f3ximos - Adult Recordings","robots":{"index":"index","follow":"follow","max-snippet":"max-snippet:-1","max-image-preview":"max-image-preview:large","max-video-preview":"max-video-preview:-1"},"canonical":"https:\/\/arbouserecordings.com\/pt-pt\/guia-para-encontrar-o-amor-com-solteiros-proximos\/","og_locale":"pt_PT","og_type":"article","og_title":"Guia para encontrar o amor com solteiros pr\u00f3ximos - Adult Recordings","og_description":"Guia para encontrar o amor com solteiros pr\u00f3ximos H\u00e1 muitos sites de encontros online hoje em dia, e a maioria deles custam dinheiro. Se quiser experimentar sem pagar nada, ent\u00e3o [&hellip;]","og_url":"https:\/\/arbouserecordings.com\/pt-pt\/guia-para-encontrar-o-amor-com-solteiros-proximos\/","og_site_name":"Adult Recordings","og_image":[{"width":1125,"height":750,"url":"https:\/\/arbouserecordings.com\/wp-content\/uploads\/2022\/08\/free-sexting.jpeg","type":"image\/jpeg"}],"twitter_card":"summary_large_image","twitter_misc":{"Tempo estimado de leitura":"5 minutos"},"schema":{"@context":"https:\/\/schema.org","@graph":[{"@type":"WebSite","@id":"https:\/\/arbouserecordings.com\/#website","url":"https:\/\/arbouserecordings.com\/","name":"Adult Recordings","description":"Online Hookup Reviews","potentialAction":[{"@type":"SearchAction","target":{"@type":"EntryPoint","urlTemplate":"https:\/\/arbouserecordings.com\/?s={search_term_string}"},"query-input":"required name=search_term_string"}],"inLanguage":"pt-PT"},{"@type":"ImageObject","@id":"https:\/\/arbouserecordings.com\/pt-pt\/guia-para-encontrar-o-amor-com-solteiros-proximos\/#primaryimage","inLanguage":"pt-PT","url":"https:\/\/arbouserecordings.com\/wp-content\/uploads\/2022\/08\/free-sexting.jpeg","contentUrl":"https:\/\/arbouserecordings.com\/wp-content\/uploads\/2022\/08\/free-sexting.jpeg","width":1125,"height":750},{"@type":"WebPage","@id":"https:\/\/arbouserecordings.com\/pt-pt\/guia-para-encontrar-o-amor-com-solteiros-proximos\/#webpage","url":"https:\/\/arbouserecordings.com\/pt-pt\/guia-para-encontrar-o-amor-com-solteiros-proximos\/","name":"Guia para encontrar o amor com solteiros pr\u00f3ximos - Adult Recordings","isPartOf":{"@id":"https:\/\/arbouserecordings.com\/#website"},"primaryImageOfPage":{"@id":"https:\/\/arbouserecordings.com\/pt-pt\/guia-para-encontrar-o-amor-com-solteiros-proximos\/#primaryimage"},"datePublished":"2022-08-28T10:16:24+00:00","dateModified":"2022-08-28T10:16:24+00:00","breadcrumb":{"@id":"https:\/\/arbouserecordings.com\/pt-pt\/guia-para-encontrar-o-amor-com-solteiros-proximos\/#breadcrumb"},"inLanguage":"pt-PT","potentialAction":[{"@type":"ReadAction","target":["https:\/\/arbouserecordings.com\/pt-pt\/guia-para-encontrar-o-amor-com-solteiros-proximos\/"]}]},{"@type":"BreadcrumbList","@id":"https:\/\/arbouserecordings.com\/pt-pt\/guia-para-encontrar-o-amor-com-solteiros-proximos\/#breadcrumb","itemListElement":[{"@type":"ListItem","position":1,"name":"Home","item":"https:\/\/arbouserecordings.com\/pt-pt\/"},{"@type":"ListItem","position":2,"name":"Guia para encontrar o amor com solteiros pr\u00f3ximos"}]}]}},"_links":{"self":[{"href":"https:\/\/arbouserecordings.com\/pt-pt\/wp-json\/wp\/v2\/pages\/317"}],"collection":[{"href":"https:\/\/arbouserecordings.com\/pt-pt\/wp-json\/wp\/v2\/pages"}],"about":[{"href":"https:\/\/arbouserecordings.com\/pt-pt\/wp-json\/wp\/v2\/types\/page"}],"author":[{"embeddable":true,"href":"https:\/\/arbouserecordings.com\/pt-pt\/wp-json\/wp\/v2\/users\/1"}],"replies":[{"embeddable":true,"href":"https:\/\/arbouserecordings.com\/pt-pt\/wp-json\/wp\/v2\/comments?post=317"}],"version-history":[{"count":0,"href":"https:\/\/arbouserecordings.com\/pt-pt\/wp-json\/wp\/v2\/pages\/317\/revisions"}],"wp:featuredmedia":[{"embeddable":true,"href":"https:\/\/arbouserecordings.com\/pt-pt\/wp-json\/wp\/v2\/media\/260"}],"wp:attachment":[{"href":"https:\/\/arbouserecordings.com\/pt-pt\/wp-json\/wp\/v2\/media?parent=317"}],"curies":[{"name":"wp","href":"https:\/\/api.w.org\/{rel}","templated":true}]}}