{"id":315,"date":"2022-08-28T11:00:46","date_gmt":"2022-08-28T10:00:46","guid":{"rendered":"http:\/\/arbouserecordings.com\/encontrar-alguem-especial-com-sites-de-ligacao\/"},"modified":"2022-08-28T11:00:46","modified_gmt":"2022-08-28T10:00:46","slug":"encontrar-alguem-especial-com-sites-de-ligacao","status":"publish","type":"page","link":"https:\/\/arbouserecordings.com\/pt-pt\/encontrar-alguem-especial-com-sites-de-ligacao\/","title":{"rendered":"Encontrar algu\u00e9m especial com sites de liga\u00e7\u00e3o"},"content":{"rendered":"<h1>Encontrar algu\u00e9m especial com sites de liga\u00e7\u00e3o<\/h1>\n<p>H\u00e1 muitas raz\u00f5es pelas quais voc\u00ea gostaria de usar uma app de encontros, seja porque voc\u00ea est\u00e1 procurando conhecer algu\u00e9m especial, encontrar amor, ou simplesmente fazer alguns amigos. Mas encontrar o certo pode ser dif\u00edcil, especialmente porque h\u00e1 tantas op\u00e7\u00f5es l\u00e1 fora. Ent\u00e3o aqui est\u00e1 o nosso guia para ajud\u00e1-lo a decidir qual app de encontros \u00e9 o melhor para voc\u00ea.<\/p>\n<h2>Voc\u00ea quer conhecer algu\u00e9m especial<\/h2>\n<p>Se procura <a href=\"http:\/\/arbouserecordings.com\/pt-pt\/como-ter-sucesso-no-namoro-online-acertar-o-seu-perfil\/\">sair com<\/a> algu\u00e9m espec\u00edfico, provavelmente vai querer come\u00e7ar reduzindo o campo. Assim, n\u00e3o vais perder muito tempo a tentar encontrar f\u00f3sforos com pessoas que n\u00e3o est\u00e3o interessadas em conhecer-te melhor. Se procura uma rela\u00e7\u00e3o de longo prazo, provavelmente ir\u00e1 querer considerar apps como Tinder, Bumble, Hinge, OkCupid, PlentyOfFish, Match, Zoosk, Coffee Meets Bagel, eHarmony, ChristianMingle e Match.com. No entanto, se voc\u00ea apenas quiser fazer algumas liga\u00e7\u00f5es casuais, voc\u00ea pode experimentar aplicativos como Happn, Grinder, Badoo, Grindr, Hornet e Tango.<\/p>\n<h3>Voc\u00ea s\u00f3 quer um pouco de divers\u00e3o<\/h3>\n<p>Algumas aplica\u00e7\u00f5es de namoro s\u00e3o direcionadas para fazer amigos, enquanto outras s\u00e3o especificamente projetadas para se ligarem. Apps como Tinder, Bumble e Whisper s\u00e3o \u00f3timas para quem quer fazer amigos, enquanto apps como Scruff, Growlr e Blendr est\u00e3o mais focadas em se conectar sexualmente. Se procura ligar-se socialmente, pode consultar apps como Facebook, Instagram, Snapchat, Twitter, LinkedIn, Viber, Kik, Whatsapp, WeChat, Line, Telegram, Skype, Yahoo Messenger, Pinterest, Tumblr, Reddit e Tumblr.<\/p>\n<h3>Voc\u00ea n\u00e3o sabe que tipo de pessoa voc\u00ea est\u00e1 procurando<\/h3>\n<p>Por muito bom que seja o teu perfil, n\u00e3o significa que atraias automaticamente o tipo de pessoa que procuras. Na verdade, a maioria das pessoas nem se apercebe que se sente atra\u00edda por certos tipos de pessoas. Por isso, \u00e9 importante ter tempo para pensar realmente em quem \u00e9s e no que procuras num parceiro. Depois, assim que descobrires isso, podes reduzir ainda mais as coisas.<\/p>\n<h2>Melhor app para uma rela\u00e7\u00e3o s\u00e9ria: OkCupid<\/h2>\n<p>OkCupid \u00e9 um dos sites de encontros gratuitos mais populares l\u00e1 fora. Existe desde 2007 e tem cerca de 30 milh\u00f5es de membros ativos em todo o mundo. Embora muitas pessoas estejam c\u00e9ticas sobre <a href=\"http:\/\/arbouserecordings.com\/pt-pt\/como-encontrar-encontros-locais-perto-de-si\/\">encontros online<\/a>, okCupid \u00e9 realmente muito bem sucedido. T\u00eam milhares de conversas di\u00e1rias a acontecer no seu site, e dizem que o seu sucesso resume-se a uma coisa: muitas cartas de amor.<\/p>\n<p>A aplica\u00e7\u00e3o faz um site de perguntas de coisas simples para se, quantas datas voc\u00ea normalmente ucr\u00e2nia espera antes de dormir com algu\u00e9m. Quanto mais fundo fores, mais precisos ser\u00e3o os teus perfis, de acordo com o OkCupid. Isto permite que o site encontre f\u00f3sforos com base no que voc\u00ea quer e n\u00e3o apenas a sua localiza\u00e7\u00e3o.<\/p>\n<p>Embora o OkCupid tenha uma base de utilizadores muito forte de 30 milh\u00f5es de membros ativos em todo o mundo, a qualidade dos jogos variar\u00e1 consoante o local onde vive. Se n\u00e3o estiver numa grande cidade, provavelmente ver\u00e1 menos op\u00e7\u00f5es.<\/p>\n","protected":false},"excerpt":{"rendered":"<p>Encontrar algu\u00e9m especial com sites de liga\u00e7\u00e3o H\u00e1 muitas raz\u00f5es pelas quais voc\u00ea gostaria de usar uma app de encontros, seja porque voc\u00ea est\u00e1 procurando conhecer algu\u00e9m especial, encontrar amor, [&hellip;]<\/p>\n","protected":false},"author":1,"featured_media":245,"parent":0,"menu_order":0,"comment_status":"closed","ping_status":"closed","template":"","meta":[],"yoast_head":"<!-- This site is optimized with the Yoast SEO plugin v17.7.1 - https:\/\/yoast.com\/wordpress\/plugins\/seo\/ -->\n<title>Encontrar algu\u00e9m especial com sites de liga\u00e7\u00e3o - Adult Recordings<\/title>\n<meta name=\"robots\" content=\"index, follow, max-snippet:-1, max-image-preview:large, max-video-preview:-1\" \/>\n<link rel=\"canonical\" href=\"https:\/\/arbouserecordings.com\/pt-pt\/encontrar-alguem-especial-com-sites-de-ligacao\/\" \/>\n<meta property=\"og:locale\" content=\"pt_PT\" \/>\n<meta property=\"og:type\" content=\"article\" \/>\n<meta property=\"og:title\" content=\"Encontrar algu\u00e9m especial com sites de liga\u00e7\u00e3o - Adult Recordings\" \/>\n<meta property=\"og:description\" content=\"Encontrar algu\u00e9m especial com sites de liga\u00e7\u00e3o H\u00e1 muitas raz\u00f5es pelas quais voc\u00ea gostaria de usar uma app de encontros, seja porque voc\u00ea est\u00e1 procurando conhecer algu\u00e9m especial, encontrar amor, [&hellip;]\" \/>\n<meta property=\"og:url\" content=\"https:\/\/arbouserecordings.com\/pt-pt\/encontrar-alguem-especial-com-sites-de-ligacao\/\" \/>\n<meta property=\"og:site_name\" content=\"Adult Recordings\" \/>\n<meta property=\"og:image\" content=\"https:\/\/arbouserecordings.com\/wp-content\/uploads\/2022\/08\/free-adult-hookup-apps.jpeg\" \/>\n\t<meta property=\"og:image:width\" content=\"1125\" \/>\n\t<meta property=\"og:image:height\" content=\"750\" \/>\n<meta name=\"twitter:card\" content=\"summary_large_image\" \/>\n<meta name=\"twitter:label1\" content=\"Tempo estimado de leitura\" \/>\n\t<meta name=\"twitter:data1\" content=\"3 minutos\" \/>\n<script type=\"application\/ld+json\" class=\"yoast-schema-graph\">{\"@context\":\"https:\/\/schema.org\",\"@graph\":[{\"@type\":\"WebSite\",\"@id\":\"https:\/\/arbouserecordings.com\/nl\/#website\",\"url\":\"https:\/\/arbouserecordings.com\/nl\/\",\"name\":\"Adult Recordings\",\"description\":\"Online Hookup Reviews\",\"potentialAction\":[{\"@type\":\"SearchAction\",\"target\":{\"@type\":\"EntryPoint\",\"urlTemplate\":\"https:\/\/arbouserecordings.com\/nl\/?s={search_term_string}\"},\"query-input\":\"required name=search_term_string\"}],\"inLanguage\":\"pt-PT\"},{\"@type\":\"ImageObject\",\"@id\":\"https:\/\/arbouserecordings.com\/pt-pt\/encontrar-alguem-especial-com-sites-de-ligacao\/#primaryimage\",\"inLanguage\":\"pt-PT\",\"url\":\"https:\/\/arbouserecordings.com\/wp-content\/uploads\/2022\/08\/free-adult-hookup-apps.jpeg\",\"contentUrl\":\"https:\/\/arbouserecordings.com\/wp-content\/uploads\/2022\/08\/free-adult-hookup-apps.jpeg\",\"width\":1125,\"height\":750},{\"@type\":\"WebPage\",\"@id\":\"https:\/\/arbouserecordings.com\/pt-pt\/encontrar-alguem-especial-com-sites-de-ligacao\/#webpage\",\"url\":\"https:\/\/arbouserecordings.com\/pt-pt\/encontrar-alguem-especial-com-sites-de-ligacao\/\",\"name\":\"Encontrar algu\\u00e9m especial com sites de liga\\u00e7\\u00e3o - Adult Recordings\",\"isPartOf\":{\"@id\":\"https:\/\/arbouserecordings.com\/nl\/#website\"},\"primaryImageOfPage\":{\"@id\":\"https:\/\/arbouserecordings.com\/pt-pt\/encontrar-alguem-especial-com-sites-de-ligacao\/#primaryimage\"},\"datePublished\":\"2022-08-28T10:00:46+00:00\",\"dateModified\":\"2022-08-28T10:00:46+00:00\",\"breadcrumb\":{\"@id\":\"https:\/\/arbouserecordings.com\/pt-pt\/encontrar-alguem-especial-com-sites-de-ligacao\/#breadcrumb\"},\"inLanguage\":\"pt-PT\",\"potentialAction\":[{\"@type\":\"ReadAction\",\"target\":[\"https:\/\/arbouserecordings.com\/pt-pt\/encontrar-alguem-especial-com-sites-de-ligacao\/\"]}]},{\"@type\":\"BreadcrumbList\",\"@id\":\"https:\/\/arbouserecordings.com\/pt-pt\/encontrar-alguem-especial-com-sites-de-ligacao\/#breadcrumb\",\"itemListElement\":[{\"@type\":\"ListItem\",\"position\":1,\"name\":\"Home\",\"item\":\"http:\/\/arbouserecordings.com\/pt-pt\/\"},{\"@type\":\"ListItem\",\"position\":2,\"name\":\"Encontrar algu\\u00e9m especial com sites de liga\\u00e7\\u00e3o\"}]}]}<\/script>\n<!-- \/ Yoast SEO plugin. -->","yoast_head_json":{"title":"Encontrar algu\u00e9m especial com sites de liga\u00e7\u00e3o - Adult Recordings","robots":{"index":"index","follow":"follow","max-snippet":"max-snippet:-1","max-image-preview":"max-image-preview:large","max-video-preview":"max-video-preview:-1"},"canonical":"https:\/\/arbouserecordings.com\/pt-pt\/encontrar-alguem-especial-com-sites-de-ligacao\/","og_locale":"pt_PT","og_type":"article","og_title":"Encontrar algu\u00e9m especial com sites de liga\u00e7\u00e3o - Adult Recordings","og_description":"Encontrar algu\u00e9m especial com sites de liga\u00e7\u00e3o H\u00e1 muitas raz\u00f5es pelas quais voc\u00ea gostaria de usar uma app de encontros, seja porque voc\u00ea est\u00e1 procurando conhecer algu\u00e9m especial, encontrar amor, [&hellip;]","og_url":"https:\/\/arbouserecordings.com\/pt-pt\/encontrar-alguem-especial-com-sites-de-ligacao\/","og_site_name":"Adult Recordings","og_image":[{"width":1125,"height":750,"url":"https:\/\/arbouserecordings.com\/wp-content\/uploads\/2022\/08\/free-adult-hookup-apps.jpeg","type":"image\/jpeg"}],"twitter_card":"summary_large_image","twitter_misc":{"Tempo estimado de leitura":"3 minutos"},"schema":{"@context":"https:\/\/schema.org","@graph":[{"@type":"WebSite","@id":"https:\/\/arbouserecordings.com\/nl\/#website","url":"https:\/\/arbouserecordings.com\/nl\/","name":"Adult Recordings","description":"Online Hookup Reviews","potentialAction":[{"@type":"SearchAction","target":{"@type":"EntryPoint","urlTemplate":"https:\/\/arbouserecordings.com\/nl\/?s={search_term_string}"},"query-input":"required name=search_term_string"}],"inLanguage":"pt-PT"},{"@type":"ImageObject","@id":"https:\/\/arbouserecordings.com\/pt-pt\/encontrar-alguem-especial-com-sites-de-ligacao\/#primaryimage","inLanguage":"pt-PT","url":"https:\/\/arbouserecordings.com\/wp-content\/uploads\/2022\/08\/free-adult-hookup-apps.jpeg","contentUrl":"https:\/\/arbouserecordings.com\/wp-content\/uploads\/2022\/08\/free-adult-hookup-apps.jpeg","width":1125,"height":750},{"@type":"WebPage","@id":"https:\/\/arbouserecordings.com\/pt-pt\/encontrar-alguem-especial-com-sites-de-ligacao\/#webpage","url":"https:\/\/arbouserecordings.com\/pt-pt\/encontrar-alguem-especial-com-sites-de-ligacao\/","name":"Encontrar algu\u00e9m especial com sites de liga\u00e7\u00e3o - Adult Recordings","isPartOf":{"@id":"https:\/\/arbouserecordings.com\/nl\/#website"},"primaryImageOfPage":{"@id":"https:\/\/arbouserecordings.com\/pt-pt\/encontrar-alguem-especial-com-sites-de-ligacao\/#primaryimage"},"datePublished":"2022-08-28T10:00:46+00:00","dateModified":"2022-08-28T10:00:46+00:00","breadcrumb":{"@id":"https:\/\/arbouserecordings.com\/pt-pt\/encontrar-alguem-especial-com-sites-de-ligacao\/#breadcrumb"},"inLanguage":"pt-PT","potentialAction":[{"@type":"ReadAction","target":["https:\/\/arbouserecordings.com\/pt-pt\/encontrar-alguem-especial-com-sites-de-ligacao\/"]}]},{"@type":"BreadcrumbList","@id":"https:\/\/arbouserecordings.com\/pt-pt\/encontrar-alguem-especial-com-sites-de-ligacao\/#breadcrumb","itemListElement":[{"@type":"ListItem","position":1,"name":"Home","item":"http:\/\/arbouserecordings.com\/pt-pt\/"},{"@type":"ListItem","position":2,"name":"Encontrar algu\u00e9m especial com sites de liga\u00e7\u00e3o"}]}]}},"_links":{"self":[{"href":"https:\/\/arbouserecordings.com\/pt-pt\/wp-json\/wp\/v2\/pages\/315"}],"collection":[{"href":"https:\/\/arbouserecordings.com\/pt-pt\/wp-json\/wp\/v2\/pages"}],"about":[{"href":"https:\/\/arbouserecordings.com\/pt-pt\/wp-json\/wp\/v2\/types\/page"}],"author":[{"embeddable":true,"href":"https:\/\/arbouserecordings.com\/pt-pt\/wp-json\/wp\/v2\/users\/1"}],"replies":[{"embeddable":true,"href":"https:\/\/arbouserecordings.com\/pt-pt\/wp-json\/wp\/v2\/comments?post=315"}],"version-history":[{"count":0,"href":"https:\/\/arbouserecordings.com\/pt-pt\/wp-json\/wp\/v2\/pages\/315\/revisions"}],"wp:featuredmedia":[{"embeddable":true,"href":"https:\/\/arbouserecordings.com\/pt-pt\/wp-json\/wp\/v2\/media\/245"}],"wp:attachment":[{"href":"https:\/\/arbouserecordings.com\/pt-pt\/wp-json\/wp\/v2\/media?parent=315"}],"curies":[{"name":"wp","href":"https:\/\/api.w.org\/{rel}","templated":true}]}}