{"id":163,"date":"2022-08-27T12:42:49","date_gmt":"2022-08-27T11:42:49","guid":{"rendered":"http:\/\/arbouserecordings.com\/comentarios-de-encontros-casuais-sem-jogos-ou-pagamentos\/"},"modified":"2022-08-27T12:42:49","modified_gmt":"2022-08-27T11:42:49","slug":"comentarios-de-encontros-casuais-sem-jogos-ou-pagamentos","status":"publish","type":"page","link":"https:\/\/arbouserecordings.com\/pt-pt\/","title":{"rendered":"Coment\u00e1rios de encontros casuais (sem jogos ou pagamentos)"},"content":{"rendered":"<h1>Coment\u00e1rios de encontros casuais (sem jogos ou pagamentos)<\/h1>\n<p>Os melhores sites de encontros online s\u00e3o aqueles que lhe oferecem algo \u00fanico em compara\u00e7\u00e3o com outros. Eles d\u00e3o-lhe uma melhor chance de conhecer algu\u00e9m especial porque eles atendem especificamente ao que voc\u00ea quer em um parceiro. Cada site oferece diferentes funcionalidades, como salas de chat, chamadas de v\u00eddeo e eventos. Alguns at\u00e9 permitem encontrar o amor durante a viagem. Leia as nossas opini\u00f5es e escolha a que funciona melhor para si!<\/p>\n<p>Est\u00e1s farto de tentar encontrar o amor com todas as aplica\u00e7\u00f5es normais de namoro? Facilit\u00e1mos as coisas!<\/p>\n<h2>Deve usar aplicativos de namoro para divers\u00e3o casual?<\/h2>\n<p>Os encontros s\u00e3o \u00f3timos porque s\u00e3o r\u00e1pidos, baratos e an\u00f3nimos. Mas namorar n\u00e3o \u00e9 para todos. Algumas pessoas preferem namorar.<\/p>\n<p>Se voc\u00ea n\u00e3o est\u00e1 interessado em namorar, existem muitas alternativas para sites de encontros on-line. Confira estas op\u00e7\u00f5es:<\/p>\n<ul>\n<li>Grupos de encontros \u2013 Estes s\u00e3o encontros locais onde os membros normalmente partilham interesses. Organizam frequentemente eventos, festas e jantares.<\/li>\n<li>Redes sociais \u2013 Existem toneladas de sites de redes sociais que atendem especificamente a pessoas que se encontram. Facebook, Twitter, Instagram, Snapchat, etc.<\/li>\n<li>Aplicativos de encontros &#8211; Tinder, Bumble, Happn, OkCupid, etc.<\/li>\n<li>Pessoal online &#8211; Craigslist, eHarmony, Match.com, PlentyOfFish, etc.<\/li>\n<li>Bares\/clubes locais &#8211; Bares e clubes geralmente t\u00eam noites de solteiros.<\/li>\n<\/ul>\n<p>H\u00e1 muitas maneiras de encontrar datas, quer estejas \u00e0 procura de sexo casual ou de relacionamentos a longo prazo. E lembrem-se, n\u00e3o importa o m\u00e9todo que escolham, estejam seguros!<\/p>\n<h2>As nossas melhores escolhas<\/h2>\n<p><img loading=\"lazy\" class=\"aligncenter size-large wp-image-38\" src=\"http:\/\/arbouserecordings.com\/wp-content\/uploads\/2022\/08\/online-looking-for-love-1024x683.webp\" alt=\"\" width=\"790\" height=\"527\" srcset=\"https:\/\/arbouserecordings.com\/wp-content\/uploads\/2022\/08\/online-looking-for-love-1024x683.webp 1024w, https:\/\/arbouserecordings.com\/wp-content\/uploads\/2022\/08\/online-looking-for-love-300x200.webp 300w, https:\/\/arbouserecordings.com\/wp-content\/uploads\/2022\/08\/online-looking-for-love-768x512.webp 768w, https:\/\/arbouserecordings.com\/wp-content\/uploads\/2022\/08\/online-looking-for-love.webp 1125w\" sizes=\"(max-width: 790px) 100vw, 790px\" \/><\/p>\n<h2>eHarmony<\/h2>\n<p>Com mais de 30 milh\u00f5es de membros em todo o mundo, o eHarmony \u00e9 um nome de confian\u00e7a no mundo do namoro online. O seu algoritmo correspondente analisa centenas de tra\u00e7os pessoais, incluindo personalidade, valores, interesses, n\u00edvel de educa\u00e7\u00e3o, religi\u00e3o e pontos de vista pol\u00edticos, para ajud\u00e1-lo a encontrar uma rela\u00e7\u00e3o duradoura. Pode usar a sua filia\u00e7\u00e3o gratuita para explorar milhares de perfis e enviar mensagens para potenciais partidas. Se estiver pronto para levar as coisas mais longe, atualize para a ades\u00e3o premium e beneficie de benef\u00edcios adicionais como o acesso a jogos ilimitados e mensagens.<\/p>\n<h3>Procurando (Data\u00e7\u00e3o com A\u00e7\u00facar)<\/h3>\n<p>Se procura uma rela\u00e7\u00e3o s\u00e9ria, procurar \u00e9 o lugar para ir. Com milh\u00f5es de membros em todo o mundo, \u00e9 a maior rede de encontros do mundo. O site permite-lhe navegar nos perfis dos membros e configurar alertas para pessoas que se adequam aos seus crit\u00e9rios. Quando decidir conhecer algu\u00e9m, pode trocar fotos e v\u00eddeos atrav\u00e9s da webcam e texto. Al\u00e9m disso, pode ver pontua\u00e7\u00f5es de compatibilidade com base nas suas prefer\u00eancias e ver como a sua data se acumula contra o resto da popula\u00e7\u00e3o.<\/p>\n<p>Para te juntares ao Seekking, tens de ser bastante impressionante. Deve ter um emprego onde est\u00e1 a ganhar dinheiro suficiente para se sustentar e um outro significativo. Devem estar dispostos a sair juntos. E deve ser capaz de fornecer alguma prova do seu rendimento. Afinal, n\u00e3o queres desperdi\u00e7ar o tempo de ningu\u00e9m. Assim que ambos passarem nos testes iniciais, receber\u00e3o uma pontua\u00e7\u00e3o com base na sua compatibilidade. A sua pontua\u00e7\u00e3o depender\u00e1 de fatores como os seus tra\u00e7os de personalidade, passatempos, forma\u00e7\u00e3o profissional, n\u00edvel de educa\u00e7\u00e3o e at\u00e9 mesmo a sua apar\u00eancia f\u00edsica.<\/p>\n<h3>Rio Tinder<\/h3>\n<p>O Tinder \u00e9 outra aplica\u00e7\u00e3o de encontros popular que o conecta com novas pessoas nas proximidades. Ao contr\u00e1rio do OkCupid, no entanto, o Tinder foca-se principalmente em conect\u00e1-lo a pessoas que est\u00e3o fisicamente pr\u00f3ximas de si. Para come\u00e7ar, fa\u00e7a o download da app e registe uma conta gratuita. Em seguida, insira a sua localiza\u00e7\u00e3o atual e selecione o alcance de dist\u00e2ncia pretendido. Em seguida, responder\u00e1 uma s\u00e9rie de perguntas sobre as suas prefer\u00eancias, incluindo a sua idade, sexo, ra\u00e7a, religi\u00e3o e orienta\u00e7\u00e3o sexual. Se estiver interessado em algu\u00e9m que vive perto de si, pode reduzir ainda mais a sua procura selecionando o seu bairro preferido. Finalmente, ver\u00e1 uma lista de potenciais f\u00f3sforos. Toque nas que quiser e poder\u00e1 comunicar com eles atrav\u00e9s de chamadas de texto, chamadas de voz e v\u00eddeo.<\/p>\n<h3>Zoosk<\/h3>\n<p>Zoosk \u00e9 uma das aplica\u00e7\u00f5es de namoro mais populares por aqui. \u00c9 particularmente bom para pessoas que procuram namorar algu\u00e9m que partilha os seus valores e cren\u00e7as. Para come\u00e7ar, tem primeiro de descarregar a app e registar uma conta. Em seguida, responder\u00e1 uma s\u00e9rie de question\u00e1rios para ajud\u00e1-lo a entender os seus pr\u00f3prios valores e cren\u00e7as. Depois, ter\u00e1 a oportunidade de explorar diferentes categorias, incluindo pol\u00edtica, religi\u00e3o, carreira e muito mais. Quando encontrar algu\u00e9m que partilhe os seus valores e acredite, pode passar para a esquerda ou direita para indicar se gostaria dele como amigo ou como companheiro em potencial.<\/p>\n<h3>Ashley Madison<\/h3>\n<p>AshleyMadison.com \u00e9 um site de encontros online que atende pessoas casadas \u00e0 procura de casos. Foi noticiado que Ashley Madison tinha mais de 30 milh\u00f5es de membros em todo o mundo. Existem v\u00e1rios tipos de planos de ades\u00e3o dispon\u00edveis. Um deles chama-se &#8220;Gold Membership&#8221;. Este plano custa $59,99\/m\u00eas. Este plano permite-lhe o acesso ao site 24 horas por dia 7 dias por semana. Se decidir cancelar a sua subscri\u00e7\u00e3o, receber\u00e1 um reembolso no prazo de 60 dias.<\/p>\n<p>Al\u00e9m de fornecer os seus servi\u00e7os a pessoas casadas, Ashley Madison oferece uma variedade de funcionalidades, tais como salas de chat, f\u00f3runs, blogs, \u00e1lbuns de fotos, videoclips, shows de webcam, aplica\u00e7\u00f5es m\u00f3veis e contas de e-mail.<\/p>\n<p>Todos os utilizadores se inscrevem para uma conta de teste gratuita. Assim que concluir o processo de registo, ser\u00e1-lhe dado um nome de utilizador e senha. Depois de se inscrever, ser-lhe-\u00e1 pedido que preencha um perfil. \u00c9 aqui que pode adicionar informa\u00e7\u00f5es sobre si mesmo. Quando fizer o login, ver\u00e1 o seu painel de instrumentos. Aqui pode ver as suas mensagens, enviar e-mails, perfis de pesquisa, procurar fotografias de membros e muito mais.<\/p>\n<h2>Melhor para sexo casual &#8211; Adult Friend Finder<\/h2>\n<p>AdultFriendFinder \u00e9 o maior site de sexo e relacionamento do mundo. Atualmente existem mais de 10 milh\u00f5es de utilizadores registados no site.<\/p>\n<p>Estima-se que mais de 50% desses utilizadores s\u00e3o homens solteiros \u00e0 procura de companhia feminina. Outros 40% s\u00e3o casais \u00e0 procura de casos discretos. E os restantes 10% s\u00e3o gays ou l\u00e9sbicas \u00e0 procura de relacionamentos rom\u00e2nticos.<\/p>\n<h3>Como funciona a AFF?<\/h3>\n<p>Quando se inscreve no AdultFriendFinder, receber\u00e1 um nome de utilizador e senha. Isto permite-lhe aceder \u00e0 \u00e1rea de membros privados do site.<\/p>\n<p>Aqui, voc\u00ea ver\u00e1 uma lista de todos os membros que est\u00e3o atualmente on-line. Voc\u00ea pode procurar membros com base na localiza\u00e7\u00e3o, sexo, interesses, orienta\u00e7\u00e3o sexual, e muito mais.<\/p>\n<p>Depois de encontrar uma correspond\u00eancia potencial, pode enviar mensagens um ao outro diretamente por e-mail. Se decidir ir em frente e conversar, pode faz\u00ea-lo em privado dentro da \u00e1rea dos membros.<\/p>\n<p>Tamb\u00e9m pode ver imagens e v\u00eddeos de outros membros. Pode avaliar estas imagens e v\u00eddeos e deixar coment\u00e1rios.<\/p>\n<p>H\u00e1 tamb\u00e9m f\u00f3runs dispon\u00edveis onde voc\u00ea pode discutir t\u00f3picos relacionados com o amor, sexo e relacionamentos.<\/p>\n<h3>Se inscrever<\/h3>\n<p>\u00c9 uma op\u00e7\u00e3o incr\u00edvel para encontrar encontros casuais. \u00c9 certamente melhor que craigslist, mas est\u00e1 longe de ser perfeito.<\/p>\n<p>Embora possa parecer muito dinheiro para pagar um site de encontros, voc\u00ea realmente economizar\u00e1 dinheiro a longo prazo. Por isso, se queres conhecer mulheres ou homens atraentes para conversas de namoro, ent\u00e3o o AdultFriendFinder vale a pena verificar. Mas se quer algo s\u00e9rio, ent\u00e3o deve ficar com m\u00e9todos tradicionais como ir a bares, clubes ou caf\u00e9s.<\/p>\n<h3>Pago vs. gr\u00e1tis?<\/h3>\n<p>Encontros s\u00e3o \u00f3timas maneiras de conhecer novas pessoas. S\u00e3o r\u00e1pidos, convenientes e geralmente livres. Mas deve pagar por encontros?<\/p>\n<p>Se est\u00e1s \u00e0 procura de uma rela\u00e7\u00e3o a longo prazo, ent\u00e3o sim, pagar por encontros faz sentido. No entanto, se s\u00f3 queres encontrar uma aventura r\u00e1pida, ent\u00e3o n\u00e3o, n\u00e3o devias pagar por encontros.<\/p>\n<p>Pagar por encontros n\u00e3o vale a pena porque a maioria dos homens que usam estes sites n\u00e3o est\u00e3o a falar a s\u00e9rio sobre encontrar uma namorada. Em vez disso, est\u00e3o \u00e0 procura de sexo. Por isso, quando pagas por encontros, est\u00e1s a dar-lhes um desconto.<\/p>\n<p>Isso significa que n\u00e3o est\u00e1s a ter a qualidade de pessoa que serias capaz de atrair atrav\u00e9s de encontros online. E como s\u00f3 conheces estranhos, h\u00e1 um maior risco de ser enganado.<\/p>\n<p>Em vez disso, experimente sites de encontros online onde pode conhecer mulheres reais. Estes sites s\u00e3o mais seguros do que sites de encontros porque voc\u00ea pode filtrar os caras maus. Al\u00e9m disso, podes ligar-te a mulheres baseadas em interesses m\u00fatuos em vez de encontros aleat\u00f3rios.<\/p>\n","protected":false},"excerpt":{"rendered":"<p>Coment\u00e1rios de encontros casuais (sem jogos ou pagamentos) Os melhores sites de encontros online s\u00e3o aqueles que lhe oferecem algo \u00fanico em compara\u00e7\u00e3o com outros. Eles d\u00e3o-lhe uma melhor chance [&hellip;]<\/p>\n","protected":false},"author":1,"featured_media":95,"parent":0,"menu_order":0,"comment_status":"closed","ping_status":"closed","template":"","meta":[],"yoast_head":"<!-- This site is optimized with the Yoast SEO plugin v17.7.1 - https:\/\/yoast.com\/wordpress\/plugins\/seo\/ -->\n<title>Coment\u00e1rios de encontros casuais (sem jogos ou pagamentos) - Adult Recordings<\/title>\n<meta name=\"description\" content=\"Descri\u00e7\u00e3o DA META\" \/>\n<meta name=\"robots\" content=\"index, follow, max-snippet:-1, max-image-preview:large, max-video-preview:-1\" \/>\n<link rel=\"canonical\" href=\"https:\/\/arbouserecordings.com\/pt-pt\/\" \/>\n<meta property=\"og:locale\" content=\"pt_PT\" \/>\n<meta property=\"og:type\" content=\"article\" \/>\n<meta property=\"og:title\" content=\"Coment\u00e1rios de encontros casuais (sem jogos ou pagamentos) - Adult Recordings\" \/>\n<meta property=\"og:description\" content=\"Descri\u00e7\u00e3o DA META\" \/>\n<meta property=\"og:url\" content=\"https:\/\/arbouserecordings.com\/pt-pt\/\" \/>\n<meta property=\"og:site_name\" content=\"Adult Recordings\" \/>\n<meta property=\"og:image\" content=\"https:\/\/arbouserecordings.com\/wp-content\/uploads\/2022\/08\/best-adult-apps-for-casual-fun.jpeg\" \/>\n\t<meta property=\"og:image:width\" content=\"2250\" \/>\n\t<meta property=\"og:image:height\" content=\"1500\" \/>\n<meta name=\"twitter:card\" content=\"summary_large_image\" \/>\n<meta name=\"twitter:label1\" content=\"Tempo estimado de leitura\" \/>\n\t<meta name=\"twitter:data1\" content=\"8 minutos\" \/>\n<script type=\"application\/ld+json\" class=\"yoast-schema-graph\">{\"@context\":\"https:\/\/schema.org\",\"@graph\":[{\"@type\":\"WebSite\",\"@id\":\"https:\/\/arbouserecordings.com\/#website\",\"url\":\"https:\/\/arbouserecordings.com\/\",\"name\":\"Adult Recordings\",\"description\":\"Online Hookup Reviews\",\"potentialAction\":[{\"@type\":\"SearchAction\",\"target\":{\"@type\":\"EntryPoint\",\"urlTemplate\":\"https:\/\/arbouserecordings.com\/?s={search_term_string}\"},\"query-input\":\"required name=search_term_string\"}],\"inLanguage\":\"pt-PT\"},{\"@type\":\"ImageObject\",\"@id\":\"https:\/\/arbouserecordings.com\/pt-pt\/#primaryimage\",\"inLanguage\":\"pt-PT\",\"url\":\"https:\/\/arbouserecordings.com\/wp-content\/uploads\/2022\/08\/best-adult-apps-for-casual-fun.jpeg\",\"contentUrl\":\"https:\/\/arbouserecordings.com\/wp-content\/uploads\/2022\/08\/best-adult-apps-for-casual-fun.jpeg\",\"width\":2250,\"height\":1500},{\"@type\":\"WebPage\",\"@id\":\"https:\/\/arbouserecordings.com\/pt-pt\/#webpage\",\"url\":\"https:\/\/arbouserecordings.com\/pt-pt\/\",\"name\":\"Coment\\u00e1rios de encontros casuais (sem jogos ou pagamentos) - Adult Recordings\",\"isPartOf\":{\"@id\":\"https:\/\/arbouserecordings.com\/#website\"},\"primaryImageOfPage\":{\"@id\":\"https:\/\/arbouserecordings.com\/pt-pt\/#primaryimage\"},\"datePublished\":\"2022-08-27T11:42:49+00:00\",\"dateModified\":\"2022-08-27T11:42:49+00:00\",\"description\":\"Descri\\u00e7\\u00e3o DA META\",\"breadcrumb\":{\"@id\":\"https:\/\/arbouserecordings.com\/pt-pt\/#breadcrumb\"},\"inLanguage\":\"pt-PT\",\"potentialAction\":[{\"@type\":\"ReadAction\",\"target\":[\"https:\/\/arbouserecordings.com\/pt-pt\/\"]}]},{\"@type\":\"BreadcrumbList\",\"@id\":\"https:\/\/arbouserecordings.com\/pt-pt\/#breadcrumb\",\"itemListElement\":[{\"@type\":\"ListItem\",\"position\":1,\"name\":\"Home\",\"item\":\"https:\/\/arbouserecordings.com\/pt-pt\/\"},{\"@type\":\"ListItem\",\"position\":2,\"name\":\"Coment\\u00e1rios de encontros casuais (sem jogos ou pagamentos)\"}]}]}<\/script>\n<!-- \/ Yoast SEO plugin. -->","yoast_head_json":{"title":"Coment\u00e1rios de encontros casuais (sem jogos ou pagamentos) - Adult Recordings","description":"Descri\u00e7\u00e3o DA META","robots":{"index":"index","follow":"follow","max-snippet":"max-snippet:-1","max-image-preview":"max-image-preview:large","max-video-preview":"max-video-preview:-1"},"canonical":"https:\/\/arbouserecordings.com\/pt-pt\/","og_locale":"pt_PT","og_type":"article","og_title":"Coment\u00e1rios de encontros casuais (sem jogos ou pagamentos) - Adult Recordings","og_description":"Descri\u00e7\u00e3o DA META","og_url":"https:\/\/arbouserecordings.com\/pt-pt\/","og_site_name":"Adult Recordings","og_image":[{"width":2250,"height":1500,"url":"https:\/\/arbouserecordings.com\/wp-content\/uploads\/2022\/08\/best-adult-apps-for-casual-fun.jpeg","type":"image\/jpeg"}],"twitter_card":"summary_large_image","twitter_misc":{"Tempo estimado de leitura":"8 minutos"},"schema":{"@context":"https:\/\/schema.org","@graph":[{"@type":"WebSite","@id":"https:\/\/arbouserecordings.com\/#website","url":"https:\/\/arbouserecordings.com\/","name":"Adult Recordings","description":"Online Hookup Reviews","potentialAction":[{"@type":"SearchAction","target":{"@type":"EntryPoint","urlTemplate":"https:\/\/arbouserecordings.com\/?s={search_term_string}"},"query-input":"required name=search_term_string"}],"inLanguage":"pt-PT"},{"@type":"ImageObject","@id":"https:\/\/arbouserecordings.com\/pt-pt\/#primaryimage","inLanguage":"pt-PT","url":"https:\/\/arbouserecordings.com\/wp-content\/uploads\/2022\/08\/best-adult-apps-for-casual-fun.jpeg","contentUrl":"https:\/\/arbouserecordings.com\/wp-content\/uploads\/2022\/08\/best-adult-apps-for-casual-fun.jpeg","width":2250,"height":1500},{"@type":"WebPage","@id":"https:\/\/arbouserecordings.com\/pt-pt\/#webpage","url":"https:\/\/arbouserecordings.com\/pt-pt\/","name":"Coment\u00e1rios de encontros casuais (sem jogos ou pagamentos) - Adult Recordings","isPartOf":{"@id":"https:\/\/arbouserecordings.com\/#website"},"primaryImageOfPage":{"@id":"https:\/\/arbouserecordings.com\/pt-pt\/#primaryimage"},"datePublished":"2022-08-27T11:42:49+00:00","dateModified":"2022-08-27T11:42:49+00:00","description":"Descri\u00e7\u00e3o DA META","breadcrumb":{"@id":"https:\/\/arbouserecordings.com\/pt-pt\/#breadcrumb"},"inLanguage":"pt-PT","potentialAction":[{"@type":"ReadAction","target":["https:\/\/arbouserecordings.com\/pt-pt\/"]}]},{"@type":"BreadcrumbList","@id":"https:\/\/arbouserecordings.com\/pt-pt\/#breadcrumb","itemListElement":[{"@type":"ListItem","position":1,"name":"Home","item":"https:\/\/arbouserecordings.com\/pt-pt\/"},{"@type":"ListItem","position":2,"name":"Coment\u00e1rios de encontros casuais (sem jogos ou pagamentos)"}]}]}},"_links":{"self":[{"href":"https:\/\/arbouserecordings.com\/pt-pt\/wp-json\/wp\/v2\/pages\/163"}],"collection":[{"href":"https:\/\/arbouserecordings.com\/pt-pt\/wp-json\/wp\/v2\/pages"}],"about":[{"href":"https:\/\/arbouserecordings.com\/pt-pt\/wp-json\/wp\/v2\/types\/page"}],"author":[{"embeddable":true,"href":"https:\/\/arbouserecordings.com\/pt-pt\/wp-json\/wp\/v2\/users\/1"}],"replies":[{"embeddable":true,"href":"https:\/\/arbouserecordings.com\/pt-pt\/wp-json\/wp\/v2\/comments?post=163"}],"version-history":[{"count":0,"href":"https:\/\/arbouserecordings.com\/pt-pt\/wp-json\/wp\/v2\/pages\/163\/revisions"}],"wp:featuredmedia":[{"embeddable":true,"href":"https:\/\/arbouserecordings.com\/pt-pt\/wp-json\/wp\/v2\/media\/95"}],"wp:attachment":[{"href":"https:\/\/arbouserecordings.com\/pt-pt\/wp-json\/wp\/v2\/media?parent=163"}],"curies":[{"name":"wp","href":"https:\/\/api.w.org\/{rel}","templated":true}]}}