{"id":345,"date":"2022-08-28T10:49:05","date_gmt":"2022-08-28T09:49:05","guid":{"rendered":"http:\/\/arbouserecordings.com\/jak-znalezc-lokalne-polaczenia-w-poblizu\/"},"modified":"2022-08-28T10:49:05","modified_gmt":"2022-08-28T09:49:05","slug":"jak-znalezc-lokalne-polaczenia-w-poblizu","status":"publish","type":"page","link":"https:\/\/arbouserecordings.com\/pl\/jak-znalezc-lokalne-polaczenia-w-poblizu\/","title":{"rendered":"Jak znale\u017a\u0107 lokalne po\u0142\u0105czenia w pobli\u017cu?"},"content":{"rendered":"<h1>Jak znale\u017a\u0107 lokalne po\u0142\u0105czenia w pobli\u017cu?<\/h1>\n<p>Witamy w najlepszej darmowej aplikacji randkowej w Internecie. Wiemy, \u017ce randki online mog\u0105 czasami wydawa\u0107 si\u0119 trudnym zadaniem, zw\u0142aszcza je\u015bli szukasz mi\u0142o\u015bci we wszystkich niew\u0142a\u015bciwych miejscach. Dlatego zbudowali\u015bmy nasz\u0105 stron\u0119 wy\u0142\u0105cznie w celu uczynienia randek online darmowymi, \u0142atwymi i przyjemnymi dla wszystkich. Mamy nadziej\u0119, \u017ce spodoba Ci si\u0119 tak samo jak nam. Je\u015bli masz jakie\u015b pytania, nie wahaj si\u0119 z nami skontaktowa\u0107. Jeste\u015bmy tutaj, aby Ci pom\u00f3c!<\/p>\n<h2>Poznaj lokalne kobiety na po\u0142\u0105czenie<\/h2>\n<p>NSA zapewnia przejrzysty interfejs, kt\u00f3ry u\u0142atwia nawigacj\u0119 i komunikacj\u0119 z innymi cz\u0142onkami. Opr\u00f3cz standardowych funkcji, kt\u00f3rych mo\u017cna si\u0119 spodziewa\u0107 w ka\u017cdej innej aplikacji randkowej online, strona oferuje kilka dodatkowych korzy\u015bci, kt\u00f3re wyr\u00f3\u017cniaj\u0105 j\u0105 z t\u0142umu.<\/p>\n<p>Po wybraniu profilu, kt\u00f3ry przyci\u0105ga wzrok, zostaniesz przeniesiony do ekranu, na kt\u00f3rym mo\u017cesz wy\u015bwietli\u0107 informacje o cz\u0142onku, w tym jego p\u0142e\u0107, wiek, lokalizacj\u0119, zainteresowania i, co najwa\u017cniejsze, galeri\u0119 zdj\u0119\u0107. Stamt\u0105d mo\u017cesz kontynuowa\u0107 przegl\u0105danie profili lub zainicjowa\u0107 kontakt, wysy\u0142aj\u0105c mrugni\u0119cie do innego cz\u0142onka. Tak czy inaczej, nie b\u0119dziesz musia\u0142 d\u0142ugo czeka\u0107, poniewa\u017c wiadomo\u015bci s\u0105 dostarczane niemal natychmiast.<\/p>\n<p>Je\u015bli zdecydujesz si\u0119 p\u00f3j\u015b\u0107 dalej, mo\u017cesz skonfigurowa\u0107 prywatny <a href=\"http:\/\/arbouserecordings.com\/pl\/znajdowanie-kogos-wyjatkowego-dzieki-witrynom-z-podlaczeniami\/\">pok\u00f3j rozm\u00f3w<\/a> , w kt\u00f3rym mo\u017cesz wymienia\u0107 si\u0119 zdj\u0119ciami, filmami i czymkolwiek innym, czym chcesz si\u0119 pochwali\u0107. Mo\u017cesz nawet dodawa\u0107 znajomych za po\u015brednictwem Facebooka, Twittera, Instagrama, Kik i Viber. Jednak w przeciwie\u0144stwie do wielu aplikacji randkowych dla doros\u0142ych, NSa nie wymaga \u0142\u0105czenia kont. Zamiast tego mo\u017cesz po prostu po\u0142\u0105czy\u0107 swoje sieci spo\u0142eczno\u015bciowe osobno.<\/p>\n<h2>Nasze porady<\/h2>\n<p>Jest to agregator recenzji i narz\u0119dzie por\u00f3wnawcze dla <a href=\"http:\/\/arbouserecordings.com\/pl\/przewodnik-po-znajdowaniu-milosci-z-pobliskimi-singlami\/\">internetowych serwis\u00f3w randkowych<\/a> i aplikacji mobilnych. Por\u00f3wnujemy najlepsze serwisy randkowe i aplikacje mobilne na podstawie danych zebranych z Internetu, medi\u00f3w spo\u0142eczno\u015bciowych i bezstronnych stron trzecich.<\/p>\n<p>Analizujemy ponad 20 r\u00f3\u017cnych kryteri\u00f3w, w tym cen\u0119, koszt cz\u0142onkostwa, liczb\u0119 cz\u0142onk\u00f3w, historie sukcesu, obs\u0142ug\u0119 klienta, bezpiecze\u0144stwo, polityk\u0119 prywatno\u015bci, polityk\u0119 zwrot\u00f3w, dost\u0119pno\u015b\u0107 aplikacji mobilnych i wiele innych.<\/p>\n<p>Aby dowiedzie\u0107 si\u0119 wi\u0119cej o tym, jak wybieramy najlepsze serwisy randkowe i aplikacje, przeczytaj nasz\u0105 metodologi\u0119 tutaj.<\/p>\n<h2>Czy powiniene\u015b korzysta\u0107 z witryn erotycznych lub aplikacji randkowych?<\/h2>\n<p>Aplikacje randkowe online staj\u0105 si\u0119 coraz bardziej popularne w\u015br\u00f3d singli na ca\u0142ym \u015bwiecie. Ludzie u\u017cywaj\u0105 ich do znalezienia mi\u0142o\u015bci, przyja\u017ani, przypadkowego seksu, a nawet d\u0142ugoterminowych zwi\u0105zk\u00f3w. S\u0105 r\u00f3wnie\u017c u\u017cywane do zabawnych randek, przyjaci\u00f3\u0142 z korzy\u015bciami i po prostu starego flirtowania. Istnieje wiele r\u00f3\u017cnych rodzaj\u00f3w aplikacji randkowych online, w tym te przeznaczone do konkretnych cel\u00f3w, takich jak znalezienie randki, spotkanie z potencjalnymi partnerami lub po prostu poznanie interesuj\u0105cych ludzi.<\/p>\n<p>Tego typu aplikacje staj\u0105 si\u0119 coraz bardziej popularne, poniewa\u017c u\u0142atwiaj\u0105 znalezienie daty bez konieczno\u015bci sp\u0119dzania godzin na przeszukiwaniu profili w mediach spo\u0142eczno\u015bciowych. Obecnie istniej\u0105 setki r\u00f3\u017cnych serwis\u00f3w randkowych i aplikacji, z kt\u00f3rych ka\u017cda oferuje co\u015b nieco innego. Tutaj patrzymy na to, co oferuj\u0105, ile kosztuj\u0105 i jak \u0142atwo jest z nich korzysta\u0107.<\/p>\n<p>S\u0105 \u015bwietnym sposobem na poznanie kogo\u015b nowego, zw\u0142aszcza je\u015bli nie chcesz wychodzi\u0107 na randk\u0119 z kimkolwiek.<\/p>\n","protected":false},"excerpt":{"rendered":"<p>Jak znale\u017a\u0107 lokalne po\u0142\u0105czenia w pobli\u017cu? Witamy w najlepszej darmowej aplikacji randkowej w Internecie. Wiemy, \u017ce randki online mog\u0105 czasami wydawa\u0107 si\u0119 trudnym zadaniem, zw\u0142aszcza je\u015bli szukasz mi\u0142o\u015bci we wszystkich [&hellip;]<\/p>\n","protected":false},"author":1,"featured_media":274,"parent":0,"menu_order":0,"comment_status":"closed","ping_status":"closed","template":"","meta":[],"yoast_head":"<!-- This site is optimized with the Yoast SEO plugin v17.7.1 - https:\/\/yoast.com\/wordpress\/plugins\/seo\/ -->\n<title>Jak znale\u017a\u0107 lokalne po\u0142\u0105czenia w pobli\u017cu? - Adult Recordings<\/title>\n<meta name=\"robots\" content=\"index, follow, max-snippet:-1, max-image-preview:large, max-video-preview:-1\" \/>\n<link rel=\"canonical\" href=\"https:\/\/arbouserecordings.com\/pl\/jak-znalezc-lokalne-polaczenia-w-poblizu\/\" \/>\n<meta property=\"og:locale\" content=\"pl_PL\" \/>\n<meta property=\"og:type\" content=\"article\" \/>\n<meta property=\"og:title\" content=\"Jak znale\u017a\u0107 lokalne po\u0142\u0105czenia w pobli\u017cu? - Adult Recordings\" \/>\n<meta property=\"og:description\" content=\"Jak znale\u017a\u0107 lokalne po\u0142\u0105czenia w pobli\u017cu? Witamy w najlepszej darmowej aplikacji randkowej w Internecie. Wiemy, \u017ce randki online mog\u0105 czasami wydawa\u0107 si\u0119 trudnym zadaniem, zw\u0142aszcza je\u015bli szukasz mi\u0142o\u015bci we wszystkich [&hellip;]\" \/>\n<meta property=\"og:url\" content=\"https:\/\/arbouserecordings.com\/pl\/jak-znalezc-lokalne-polaczenia-w-poblizu\/\" \/>\n<meta property=\"og:site_name\" content=\"Adult Recordings\" \/>\n<meta property=\"og:image\" content=\"https:\/\/arbouserecordings.com\/wp-content\/uploads\/2022\/08\/read-reviews.jpeg\" \/>\n\t<meta property=\"og:image:width\" content=\"2250\" \/>\n\t<meta property=\"og:image:height\" content=\"1500\" \/>\n<meta name=\"twitter:card\" content=\"summary_large_image\" \/>\n<meta name=\"twitter:label1\" content=\"Szacowany czas czytania\" \/>\n\t<meta name=\"twitter:data1\" content=\"3 minuty\" \/>\n<script type=\"application\/ld+json\" class=\"yoast-schema-graph\">{\"@context\":\"https:\/\/schema.org\",\"@graph\":[{\"@type\":\"WebSite\",\"@id\":\"https:\/\/arbouserecordings.com\/nl\/#website\",\"url\":\"https:\/\/arbouserecordings.com\/nl\/\",\"name\":\"Adult Recordings\",\"description\":\"Online Hookup Reviews\",\"potentialAction\":[{\"@type\":\"SearchAction\",\"target\":{\"@type\":\"EntryPoint\",\"urlTemplate\":\"https:\/\/arbouserecordings.com\/nl\/?s={search_term_string}\"},\"query-input\":\"required name=search_term_string\"}],\"inLanguage\":\"pl-PL\"},{\"@type\":\"ImageObject\",\"@id\":\"https:\/\/arbouserecordings.com\/pl\/jak-znalezc-lokalne-polaczenia-w-poblizu\/#primaryimage\",\"inLanguage\":\"pl-PL\",\"url\":\"https:\/\/arbouserecordings.com\/wp-content\/uploads\/2022\/08\/read-reviews.jpeg\",\"contentUrl\":\"https:\/\/arbouserecordings.com\/wp-content\/uploads\/2022\/08\/read-reviews.jpeg\",\"width\":2250,\"height\":1500},{\"@type\":\"WebPage\",\"@id\":\"https:\/\/arbouserecordings.com\/pl\/jak-znalezc-lokalne-polaczenia-w-poblizu\/#webpage\",\"url\":\"https:\/\/arbouserecordings.com\/pl\/jak-znalezc-lokalne-polaczenia-w-poblizu\/\",\"name\":\"Jak znale\\u017a\\u0107 lokalne po\\u0142\\u0105czenia w pobli\\u017cu? - Adult Recordings\",\"isPartOf\":{\"@id\":\"https:\/\/arbouserecordings.com\/nl\/#website\"},\"primaryImageOfPage\":{\"@id\":\"https:\/\/arbouserecordings.com\/pl\/jak-znalezc-lokalne-polaczenia-w-poblizu\/#primaryimage\"},\"datePublished\":\"2022-08-28T09:49:05+00:00\",\"dateModified\":\"2022-08-28T09:49:05+00:00\",\"breadcrumb\":{\"@id\":\"https:\/\/arbouserecordings.com\/pl\/jak-znalezc-lokalne-polaczenia-w-poblizu\/#breadcrumb\"},\"inLanguage\":\"pl-PL\",\"potentialAction\":[{\"@type\":\"ReadAction\",\"target\":[\"https:\/\/arbouserecordings.com\/pl\/jak-znalezc-lokalne-polaczenia-w-poblizu\/\"]}]},{\"@type\":\"BreadcrumbList\",\"@id\":\"https:\/\/arbouserecordings.com\/pl\/jak-znalezc-lokalne-polaczenia-w-poblizu\/#breadcrumb\",\"itemListElement\":[{\"@type\":\"ListItem\",\"position\":1,\"name\":\"Home\",\"item\":\"https:\/\/arbouserecordings.com\/pl\/\"},{\"@type\":\"ListItem\",\"position\":2,\"name\":\"Jak znale\\u017a\\u0107 lokalne po\\u0142\\u0105czenia w pobli\\u017cu?\"}]}]}<\/script>\n<!-- \/ Yoast SEO plugin. -->","yoast_head_json":{"title":"Jak znale\u017a\u0107 lokalne po\u0142\u0105czenia w pobli\u017cu? - Adult Recordings","robots":{"index":"index","follow":"follow","max-snippet":"max-snippet:-1","max-image-preview":"max-image-preview:large","max-video-preview":"max-video-preview:-1"},"canonical":"https:\/\/arbouserecordings.com\/pl\/jak-znalezc-lokalne-polaczenia-w-poblizu\/","og_locale":"pl_PL","og_type":"article","og_title":"Jak znale\u017a\u0107 lokalne po\u0142\u0105czenia w pobli\u017cu? - Adult Recordings","og_description":"Jak znale\u017a\u0107 lokalne po\u0142\u0105czenia w pobli\u017cu? Witamy w najlepszej darmowej aplikacji randkowej w Internecie. Wiemy, \u017ce randki online mog\u0105 czasami wydawa\u0107 si\u0119 trudnym zadaniem, zw\u0142aszcza je\u015bli szukasz mi\u0142o\u015bci we wszystkich [&hellip;]","og_url":"https:\/\/arbouserecordings.com\/pl\/jak-znalezc-lokalne-polaczenia-w-poblizu\/","og_site_name":"Adult Recordings","og_image":[{"width":2250,"height":1500,"url":"https:\/\/arbouserecordings.com\/wp-content\/uploads\/2022\/08\/read-reviews.jpeg","type":"image\/jpeg"}],"twitter_card":"summary_large_image","twitter_misc":{"Szacowany czas czytania":"3 minuty"},"schema":{"@context":"https:\/\/schema.org","@graph":[{"@type":"WebSite","@id":"https:\/\/arbouserecordings.com\/nl\/#website","url":"https:\/\/arbouserecordings.com\/nl\/","name":"Adult Recordings","description":"Online Hookup Reviews","potentialAction":[{"@type":"SearchAction","target":{"@type":"EntryPoint","urlTemplate":"https:\/\/arbouserecordings.com\/nl\/?s={search_term_string}"},"query-input":"required name=search_term_string"}],"inLanguage":"pl-PL"},{"@type":"ImageObject","@id":"https:\/\/arbouserecordings.com\/pl\/jak-znalezc-lokalne-polaczenia-w-poblizu\/#primaryimage","inLanguage":"pl-PL","url":"https:\/\/arbouserecordings.com\/wp-content\/uploads\/2022\/08\/read-reviews.jpeg","contentUrl":"https:\/\/arbouserecordings.com\/wp-content\/uploads\/2022\/08\/read-reviews.jpeg","width":2250,"height":1500},{"@type":"WebPage","@id":"https:\/\/arbouserecordings.com\/pl\/jak-znalezc-lokalne-polaczenia-w-poblizu\/#webpage","url":"https:\/\/arbouserecordings.com\/pl\/jak-znalezc-lokalne-polaczenia-w-poblizu\/","name":"Jak znale\u017a\u0107 lokalne po\u0142\u0105czenia w pobli\u017cu? - Adult Recordings","isPartOf":{"@id":"https:\/\/arbouserecordings.com\/nl\/#website"},"primaryImageOfPage":{"@id":"https:\/\/arbouserecordings.com\/pl\/jak-znalezc-lokalne-polaczenia-w-poblizu\/#primaryimage"},"datePublished":"2022-08-28T09:49:05+00:00","dateModified":"2022-08-28T09:49:05+00:00","breadcrumb":{"@id":"https:\/\/arbouserecordings.com\/pl\/jak-znalezc-lokalne-polaczenia-w-poblizu\/#breadcrumb"},"inLanguage":"pl-PL","potentialAction":[{"@type":"ReadAction","target":["https:\/\/arbouserecordings.com\/pl\/jak-znalezc-lokalne-polaczenia-w-poblizu\/"]}]},{"@type":"BreadcrumbList","@id":"https:\/\/arbouserecordings.com\/pl\/jak-znalezc-lokalne-polaczenia-w-poblizu\/#breadcrumb","itemListElement":[{"@type":"ListItem","position":1,"name":"Home","item":"https:\/\/arbouserecordings.com\/pl\/"},{"@type":"ListItem","position":2,"name":"Jak znale\u017a\u0107 lokalne po\u0142\u0105czenia w pobli\u017cu?"}]}]}},"_links":{"self":[{"href":"https:\/\/arbouserecordings.com\/pl\/wp-json\/wp\/v2\/pages\/345"}],"collection":[{"href":"https:\/\/arbouserecordings.com\/pl\/wp-json\/wp\/v2\/pages"}],"about":[{"href":"https:\/\/arbouserecordings.com\/pl\/wp-json\/wp\/v2\/types\/page"}],"author":[{"embeddable":true,"href":"https:\/\/arbouserecordings.com\/pl\/wp-json\/wp\/v2\/users\/1"}],"replies":[{"embeddable":true,"href":"https:\/\/arbouserecordings.com\/pl\/wp-json\/wp\/v2\/comments?post=345"}],"version-history":[{"count":0,"href":"https:\/\/arbouserecordings.com\/pl\/wp-json\/wp\/v2\/pages\/345\/revisions"}],"wp:featuredmedia":[{"embeddable":true,"href":"https:\/\/arbouserecordings.com\/pl\/wp-json\/wp\/v2\/media\/274"}],"wp:attachment":[{"href":"https:\/\/arbouserecordings.com\/pl\/wp-json\/wp\/v2\/media?parent=345"}],"curies":[{"name":"wp","href":"https:\/\/api.w.org\/{rel}","templated":true}]}}