{"id":324,"date":"2022-08-28T10:58:17","date_gmt":"2022-08-28T09:58:17","guid":{"rendered":"http:\/\/arbouserecordings.com\/jak-odniesc-sukces-w-randkach-online-popraw-swoj-profil\/"},"modified":"2022-08-28T10:58:17","modified_gmt":"2022-08-28T09:58:17","slug":"jak-odniesc-sukces-w-randkach-online-popraw-swoj-profil","status":"publish","type":"page","link":"https:\/\/arbouserecordings.com\/pl\/jak-odniesc-sukces-w-randkach-online-popraw-swoj-profil\/","title":{"rendered":"Jak odnie\u015b\u0107 sukces w randkach online: popraw sw\u00f3j profil"},"content":{"rendered":"<h1>Jak odnie\u015b\u0107 sukces w randkach online: popraw sw\u00f3j profil<\/h1>\n<p>Najpopularniejsze serwisy randkowe to eHarmony, Match, OkCupid, PlentyOfFish i Tinder. Wszystkie r\u00f3\u017cni\u0105 si\u0119 pod wzgl\u0119dem funkcji, koszt\u00f3w i polityki prywatno\u015bci. Jednak na og\u00f3\u0142 przestrzegaj\u0105 podobnych zasad. Na przyk\u0142ad wiele witryn wymaga od u\u017cytkownik\u00f3w wype\u0142niania kwestionariuszy na sw\u00f3j temat, w tym pyta\u0144 dotycz\u0105cych wieku, p\u0142ci, poziomu wykszta\u0142cenia, religii, przynale\u017cno\u015bci politycznej, orientacji seksualnej itp. U\u017cytkownicy odpowiadaj\u0105 r\u00f3wnie\u017c na pytania dotycz\u0105ce ich idealnego partnera. Te pytania pomagaj\u0105 witrynie ustali\u0107, czy jest ona odpowiednia dla obu stron.<\/p>\n<h2>Jak tworzy\u0107 najlepsze profile randkowe<\/h2>\n<p>Po zarejestrowaniu si\u0119 b\u0119dziesz otrzymywa\u0107 powiadomienia e-mail, gdy w pobli\u017cu pojawi\u0105 si\u0119 nowe mecze. Mo\u017cesz przegl\u0105da\u0107 profile i wysy\u0142a\u0107 wiadomo\u015bci bezpo\u015brednio z aplikacji. Wi\u0119kszo\u015b\u0107 witryn umo\u017cliwia skonfigurowanie zdj\u0119cia profilowego, zdj\u0119cia w tle, biografii i lokalizacji. W zale\u017cno\u015bci od witryny mog\u0105 istnie\u0107 r\u00f3\u017cne wymagania. Niekt\u00f3re witryny mog\u0105 prosi\u0107 o przes\u0142anie zdj\u0119\u0107. Inni mog\u0105 poprosi\u0107 Ci\u0119 o zrobienie selfie. A inni mog\u0105 po prostu poprosi\u0107 o podanie nazwy miasta. Je\u015bli zdecydujesz si\u0119 skorzysta\u0107 z jednej z tych witryn, przeczytaj uwa\u017cnie drobny druk.<\/p>\n<p>Niekt\u00f3re witryny pobieraj\u0105 op\u0142aty za kontakt z potencjalnymi partnerami. Op\u0142ata ta mo\u017ce wynosi\u0107 od 0 do 10 USD miesi\u0119cznie. Inne witryny zapewniaj\u0105 dost\u0119p do nieograniczonej liczby wiadomo\u015bci bez p\u0142acenia czegokolwiek. Jeszcze inni nie maj\u0105 \u017cadnych miesi\u0119cznych op\u0142at. Sprawd\u017a sekcj\u0119 FAQ witryny, aby sprawdzi\u0107, czy s\u0105 jakie\u015b ukryte op\u0142aty.<\/p>\n<p>By\u0107 mo\u017ce b\u0119dziesz musia\u0142 zap\u0142aci\u0107 za komunikacj\u0119 z konkretnymi osobami. <a href=\"http:\/\/arbouserecordings.com\/pl\/przewodnik-po-znajdowaniu-milosci-z-pobliskimi-singlami\/\">Wiele witryn oferuje konta premium<\/a> , kt\u00f3re umo\u017cliwiaj\u0105 czatowanie z cz\u0142onkami, kt\u00f3rzy zap\u0142acili za cz\u0142onkostwo. Zazwyczaj musisz zap\u0142aci\u0107 niewielk\u0105 kwot\u0119, aby porozmawia\u0107 z ka\u017cd\u0105 osob\u0105 indywidualnie. Inne witryny mog\u0105 zezwala\u0107 na czatowanie ze wszystkimi, ale nie b\u0119dziesz mie\u0107 mo\u017cliwo\u015bci wysy\u0142ania e-maili do nikogo.<\/p>\n<p>Je\u015bli wolisz nie wydawa\u0107 pieni\u0119dzy na subskrypcj\u0119 serwisu randkowego, nadal mo\u017cesz znale\u017a\u0107 wiele okazji do nawi\u0105zania kontaktu z singlami za po\u015brednictwem medi\u00f3w spo\u0142eczno\u015bciowych. Grupy na Facebooku, czaty na Twitterze, historie na Instagramie i filmy z YouTube to tylko kilka sposob\u00f3w interakcji z innymi osobami mieszkaj\u0105cymi w pobli\u017cu.<\/p>\n<h2>Jak korzysta\u0107 z internetowych serwis\u00f3w randkowych<\/h2>\n<p>Przed zarejestrowaniem si\u0119 w internetowym serwisie randkowym wa\u017cne jest, aby zastanowi\u0107 si\u0119, czego chcesz od swojego do\u015bwiadczenia. Wolisz przypadkowe randki, czy chcesz czego\u015b powa\u017cnego? Je\u015bli jeste\u015b zainteresowany znalezieniem mi\u0142o\u015bci, istnieje wiele opcji. Niekt\u00f3re lepiej nadaj\u0105 si\u0119 na jednonocne stoiska, podczas gdy inne zaspokajaj\u0105 potrzeby os\u00f3b poszukuj\u0105cych d\u0142ugoterminowych zwi\u0105zk\u00f3w. Istniej\u0105 nawet niszowe witryny, kt\u00f3re koncentruj\u0105 si\u0119 na konkretnych grupach demograficznych, takich jak seniorzy lub ludzie na obszarach wiejskich.<\/p>\n<p>Pierwsz\u0105 rzecz\u0105, kt\u00f3r\u0105 prawdopodobnie b\u0119dziesz chcia\u0142 dowiedzie\u0107 si\u0119, jaki rodzaj relacji masz nadziej\u0119 znale\u017a\u0107. Czy ma to by\u0107 tylko zabawa, czy szukasz czego\u015b powa\u017cniejszego? Ta decyzja pomo\u017ce zaw\u0119zi\u0107 twoje wybory. Nast\u0119pnie zastan\u00f3w si\u0119, jakie funkcje s\u0105 dla Ciebie wa\u017cne. Je\u015bli na przyk\u0142ad uprawiasz sport, mo\u017cesz poszuka\u0107 witryny, kt\u00f3ra umo\u017cliwia filtrowanie mecz\u00f3w na podstawie ulubionej dru\u017cyny lub sportu. A mo\u017ce wolisz um\u00f3wi\u0107 si\u0119 z kim\u015b podobnym do ciebie pod wzgl\u0119dem zainteresowa\u0144.<\/p>\n<h2>Czy s\u0105 tego warte?<\/h2>\n<p>Na koniec sp\u00f3jrz na r\u00f3\u017cne rodzaje serwis\u00f3w randkowych. Niekt\u00f3re s\u0105 specjalnie zaprojektowane do <a href=\"http:\/\/arbouserecordings.com\/pl\/jak-znalezc-lokalne-polaczenia-w-poblizu\/\">spraw kr\u00f3tkoterminowych<\/a>, podczas gdy inne koncentruj\u0105 si\u0119 na d\u0142ugoterminowych relacjach. Zwr\u00f3\u0107 r\u00f3wnie\u017c uwag\u0119 na to, ilu cz\u0142onk\u00f3w ma ka\u017cda witryna. Witryny o wi\u0119kszej liczbie cz\u0142onk\u00f3w przyci\u0105gaj\u0105 wi\u0119cej uwagi.<\/p>\n<p>\u015aredni koszt subskrypcji aplikacji randkowej lub witryny waha si\u0119 od oko\u0142o 15 do 200 USD miesi\u0119cznie, w zale\u017cno\u015bci od tego, ile funkcji jest wliczonych w cen\u0119. Istnieje kilka \u015bwietnych bezp\u0142atnych opcji, w tym Tinder i Bumble, ale je\u015bli chcesz uzyska\u0107 dost\u0119p do wszystkiego, zwykle najlepiej jest wybra\u0107 p\u0142atne cz\u0142onkostwo.<\/p>\n<p>Mo\u017cesz pomy\u015ble\u0107, \u017ce do\u0142\u0105czenie do serwisu randkowego jest oczywiste &#8211; w ko\u0144cu wszyscy wiedz\u0105, \u017ce znalezienie mi\u0142o\u015bci w Internecie jest \u0142atwe. Ale tylko dlatego, \u017ce co\u015b brzmi jak dobry pomys\u0142, nie oznacza, \u017ce tak jest. Zanim zarejestrujesz si\u0119 w czymkolwiek, przeprowad\u017a badania i upewnij si\u0119, \u017ce witryna oferuje to, czego szukasz. Nie chcesz marnowa\u0107 pieni\u0119dzy na subskrypcj\u0119, kt\u00f3ra nie jest tego warta.<\/p>\n","protected":false},"excerpt":{"rendered":"<p>Jak odnie\u015b\u0107 sukces w randkach online: popraw sw\u00f3j profil Najpopularniejsze serwisy randkowe to eHarmony, Match, OkCupid, PlentyOfFish i Tinder. Wszystkie r\u00f3\u017cni\u0105 si\u0119 pod wzgl\u0119dem funkcji, koszt\u00f3w i polityki prywatno\u015bci. Jednak [&hellip;]<\/p>\n","protected":false},"author":1,"featured_media":229,"parent":0,"menu_order":0,"comment_status":"closed","ping_status":"closed","template":"","meta":[],"yoast_head":"<!-- This site is optimized with the Yoast SEO plugin v17.7.1 - https:\/\/yoast.com\/wordpress\/plugins\/seo\/ -->\n<title>Jak odnie\u015b\u0107 sukces w randkach online: popraw sw\u00f3j profil - Adult Recordings<\/title>\n<meta name=\"robots\" content=\"index, follow, max-snippet:-1, max-image-preview:large, max-video-preview:-1\" \/>\n<link rel=\"canonical\" href=\"https:\/\/arbouserecordings.com\/pl\/jak-odniesc-sukces-w-randkach-online-popraw-swoj-profil\/\" \/>\n<meta property=\"og:locale\" content=\"pl_PL\" \/>\n<meta property=\"og:type\" content=\"article\" \/>\n<meta property=\"og:title\" content=\"Jak odnie\u015b\u0107 sukces w randkach online: popraw sw\u00f3j profil - Adult Recordings\" \/>\n<meta property=\"og:description\" content=\"Jak odnie\u015b\u0107 sukces w randkach online: popraw sw\u00f3j profil Najpopularniejsze serwisy randkowe to eHarmony, Match, OkCupid, PlentyOfFish i Tinder. Wszystkie r\u00f3\u017cni\u0105 si\u0119 pod wzgl\u0119dem funkcji, koszt\u00f3w i polityki prywatno\u015bci. Jednak [&hellip;]\" \/>\n<meta property=\"og:url\" content=\"https:\/\/arbouserecordings.com\/pl\/jak-odniesc-sukces-w-randkach-online-popraw-swoj-profil\/\" \/>\n<meta property=\"og:site_name\" content=\"Adult Recordings\" \/>\n<meta property=\"og:image\" content=\"https:\/\/arbouserecordings.com\/wp-content\/uploads\/2022\/08\/online-dating.jpeg\" \/>\n\t<meta property=\"og:image:width\" content=\"500\" \/>\n\t<meta property=\"og:image:height\" content=\"750\" \/>\n<meta name=\"twitter:card\" content=\"summary_large_image\" \/>\n<meta name=\"twitter:label1\" content=\"Szacowany czas czytania\" \/>\n\t<meta name=\"twitter:data1\" content=\"4 minuty\" \/>\n<script type=\"application\/ld+json\" class=\"yoast-schema-graph\">{\"@context\":\"https:\/\/schema.org\",\"@graph\":[{\"@type\":\"WebSite\",\"@id\":\"https:\/\/arbouserecordings.com\/nl\/#website\",\"url\":\"https:\/\/arbouserecordings.com\/nl\/\",\"name\":\"Adult Recordings\",\"description\":\"Online Hookup Reviews\",\"potentialAction\":[{\"@type\":\"SearchAction\",\"target\":{\"@type\":\"EntryPoint\",\"urlTemplate\":\"https:\/\/arbouserecordings.com\/nl\/?s={search_term_string}\"},\"query-input\":\"required name=search_term_string\"}],\"inLanguage\":\"pl-PL\"},{\"@type\":\"ImageObject\",\"@id\":\"https:\/\/arbouserecordings.com\/pl\/jak-odniesc-sukces-w-randkach-online-popraw-swoj-profil\/#primaryimage\",\"inLanguage\":\"pl-PL\",\"url\":\"https:\/\/arbouserecordings.com\/wp-content\/uploads\/2022\/08\/online-dating.jpeg\",\"contentUrl\":\"https:\/\/arbouserecordings.com\/wp-content\/uploads\/2022\/08\/online-dating.jpeg\",\"width\":500,\"height\":750},{\"@type\":\"WebPage\",\"@id\":\"https:\/\/arbouserecordings.com\/pl\/jak-odniesc-sukces-w-randkach-online-popraw-swoj-profil\/#webpage\",\"url\":\"https:\/\/arbouserecordings.com\/pl\/jak-odniesc-sukces-w-randkach-online-popraw-swoj-profil\/\",\"name\":\"Jak odnie\\u015b\\u0107 sukces w randkach online: popraw sw\\u00f3j profil - Adult Recordings\",\"isPartOf\":{\"@id\":\"https:\/\/arbouserecordings.com\/nl\/#website\"},\"primaryImageOfPage\":{\"@id\":\"https:\/\/arbouserecordings.com\/pl\/jak-odniesc-sukces-w-randkach-online-popraw-swoj-profil\/#primaryimage\"},\"datePublished\":\"2022-08-28T09:58:17+00:00\",\"dateModified\":\"2022-08-28T09:58:17+00:00\",\"breadcrumb\":{\"@id\":\"https:\/\/arbouserecordings.com\/pl\/jak-odniesc-sukces-w-randkach-online-popraw-swoj-profil\/#breadcrumb\"},\"inLanguage\":\"pl-PL\",\"potentialAction\":[{\"@type\":\"ReadAction\",\"target\":[\"https:\/\/arbouserecordings.com\/pl\/jak-odniesc-sukces-w-randkach-online-popraw-swoj-profil\/\"]}]},{\"@type\":\"BreadcrumbList\",\"@id\":\"https:\/\/arbouserecordings.com\/pl\/jak-odniesc-sukces-w-randkach-online-popraw-swoj-profil\/#breadcrumb\",\"itemListElement\":[{\"@type\":\"ListItem\",\"position\":1,\"name\":\"Home\",\"item\":\"https:\/\/arbouserecordings.com\/pl\/\"},{\"@type\":\"ListItem\",\"position\":2,\"name\":\"Jak odnie\\u015b\\u0107 sukces w randkach online: popraw sw\\u00f3j profil\"}]}]}<\/script>\n<!-- \/ Yoast SEO plugin. -->","yoast_head_json":{"title":"Jak odnie\u015b\u0107 sukces w randkach online: popraw sw\u00f3j profil - Adult Recordings","robots":{"index":"index","follow":"follow","max-snippet":"max-snippet:-1","max-image-preview":"max-image-preview:large","max-video-preview":"max-video-preview:-1"},"canonical":"https:\/\/arbouserecordings.com\/pl\/jak-odniesc-sukces-w-randkach-online-popraw-swoj-profil\/","og_locale":"pl_PL","og_type":"article","og_title":"Jak odnie\u015b\u0107 sukces w randkach online: popraw sw\u00f3j profil - Adult Recordings","og_description":"Jak odnie\u015b\u0107 sukces w randkach online: popraw sw\u00f3j profil Najpopularniejsze serwisy randkowe to eHarmony, Match, OkCupid, PlentyOfFish i Tinder. Wszystkie r\u00f3\u017cni\u0105 si\u0119 pod wzgl\u0119dem funkcji, koszt\u00f3w i polityki prywatno\u015bci. Jednak [&hellip;]","og_url":"https:\/\/arbouserecordings.com\/pl\/jak-odniesc-sukces-w-randkach-online-popraw-swoj-profil\/","og_site_name":"Adult Recordings","og_image":[{"width":500,"height":750,"url":"https:\/\/arbouserecordings.com\/wp-content\/uploads\/2022\/08\/online-dating.jpeg","type":"image\/jpeg"}],"twitter_card":"summary_large_image","twitter_misc":{"Szacowany czas czytania":"4 minuty"},"schema":{"@context":"https:\/\/schema.org","@graph":[{"@type":"WebSite","@id":"https:\/\/arbouserecordings.com\/nl\/#website","url":"https:\/\/arbouserecordings.com\/nl\/","name":"Adult Recordings","description":"Online Hookup Reviews","potentialAction":[{"@type":"SearchAction","target":{"@type":"EntryPoint","urlTemplate":"https:\/\/arbouserecordings.com\/nl\/?s={search_term_string}"},"query-input":"required name=search_term_string"}],"inLanguage":"pl-PL"},{"@type":"ImageObject","@id":"https:\/\/arbouserecordings.com\/pl\/jak-odniesc-sukces-w-randkach-online-popraw-swoj-profil\/#primaryimage","inLanguage":"pl-PL","url":"https:\/\/arbouserecordings.com\/wp-content\/uploads\/2022\/08\/online-dating.jpeg","contentUrl":"https:\/\/arbouserecordings.com\/wp-content\/uploads\/2022\/08\/online-dating.jpeg","width":500,"height":750},{"@type":"WebPage","@id":"https:\/\/arbouserecordings.com\/pl\/jak-odniesc-sukces-w-randkach-online-popraw-swoj-profil\/#webpage","url":"https:\/\/arbouserecordings.com\/pl\/jak-odniesc-sukces-w-randkach-online-popraw-swoj-profil\/","name":"Jak odnie\u015b\u0107 sukces w randkach online: popraw sw\u00f3j profil - Adult Recordings","isPartOf":{"@id":"https:\/\/arbouserecordings.com\/nl\/#website"},"primaryImageOfPage":{"@id":"https:\/\/arbouserecordings.com\/pl\/jak-odniesc-sukces-w-randkach-online-popraw-swoj-profil\/#primaryimage"},"datePublished":"2022-08-28T09:58:17+00:00","dateModified":"2022-08-28T09:58:17+00:00","breadcrumb":{"@id":"https:\/\/arbouserecordings.com\/pl\/jak-odniesc-sukces-w-randkach-online-popraw-swoj-profil\/#breadcrumb"},"inLanguage":"pl-PL","potentialAction":[{"@type":"ReadAction","target":["https:\/\/arbouserecordings.com\/pl\/jak-odniesc-sukces-w-randkach-online-popraw-swoj-profil\/"]}]},{"@type":"BreadcrumbList","@id":"https:\/\/arbouserecordings.com\/pl\/jak-odniesc-sukces-w-randkach-online-popraw-swoj-profil\/#breadcrumb","itemListElement":[{"@type":"ListItem","position":1,"name":"Home","item":"https:\/\/arbouserecordings.com\/pl\/"},{"@type":"ListItem","position":2,"name":"Jak odnie\u015b\u0107 sukces w randkach online: popraw sw\u00f3j profil"}]}]}},"_links":{"self":[{"href":"https:\/\/arbouserecordings.com\/pl\/wp-json\/wp\/v2\/pages\/324"}],"collection":[{"href":"https:\/\/arbouserecordings.com\/pl\/wp-json\/wp\/v2\/pages"}],"about":[{"href":"https:\/\/arbouserecordings.com\/pl\/wp-json\/wp\/v2\/types\/page"}],"author":[{"embeddable":true,"href":"https:\/\/arbouserecordings.com\/pl\/wp-json\/wp\/v2\/users\/1"}],"replies":[{"embeddable":true,"href":"https:\/\/arbouserecordings.com\/pl\/wp-json\/wp\/v2\/comments?post=324"}],"version-history":[{"count":0,"href":"https:\/\/arbouserecordings.com\/pl\/wp-json\/wp\/v2\/pages\/324\/revisions"}],"wp:featuredmedia":[{"embeddable":true,"href":"https:\/\/arbouserecordings.com\/pl\/wp-json\/wp\/v2\/media\/229"}],"wp:attachment":[{"href":"https:\/\/arbouserecordings.com\/pl\/wp-json\/wp\/v2\/media?parent=324"}],"curies":[{"name":"wp","href":"https:\/\/api.w.org\/{rel}","templated":true}]}}