{"id":314,"date":"2022-08-28T11:16:24","date_gmt":"2022-08-28T10:16:24","guid":{"rendered":"http:\/\/arbouserecordings.com\/przewodnik-po-znajdowaniu-milosci-z-pobliskimi-singlami\/"},"modified":"2022-08-28T11:16:24","modified_gmt":"2022-08-28T10:16:24","slug":"przewodnik-po-znajdowaniu-milosci-z-pobliskimi-singlami","status":"publish","type":"page","link":"https:\/\/arbouserecordings.com\/pl\/przewodnik-po-znajdowaniu-milosci-z-pobliskimi-singlami\/","title":{"rendered":"Przewodnik po znajdowaniu mi\u0142o\u015bci z pobliskimi singlami"},"content":{"rendered":"<h1>Przewodnik po znajdowaniu mi\u0142o\u015bci z pobliskimi singlami<\/h1>\n<p>Obecnie istnieje wiele internetowych serwis\u00f3w randkowych, a wi\u0119kszo\u015b\u0107 z nich kosztuje. Je\u015bli chcesz spr\u00f3bowa\u0107 bez p\u0142acenia czegokolwiek, musisz znale\u017a\u0107 ca\u0142kowicie darmowy serwis randkowy. Istnieje kilka ca\u0142kowicie darmowych serwis\u00f3w randkowych, ale nie s\u0105 one zbyt popularne. W tym artykule wymieniono osiem z nich, w tym najlepsze.<\/p>\n<p>Witryny te oferuj\u0105 kilka poziom\u00f3w cz\u0142onkostwa <a href=\"http:\/\/arbouserecordings.com\/pl\/jak-odniesc-sukces-w-randkach-online-popraw-swoj-profil\/\">w zale\u017cno\u015bci od tego<\/a> , ile chcesz p\u0142aci\u0107 miesi\u0119cznie. Mo\u017cesz wybra\u0107 subskrypcj\u0119 miesi\u0119czn\u0105 lub plan roczny. W wi\u0119kszo\u015bci aplikacji nie ma \u017cadnych ukrytych op\u0142at; wszystko jest jasno okre\u015blone z g\u00f3ry. Jako cz\u0142onek mo\u017cesz czyta\u0107 recenzje napisane przez poprzednich cz\u0142onk\u00f3w, przegl\u0105da\u0107 zdj\u0119cia potencjalnych mecz\u00f3w, a nawet rozmawia\u0107 na \u017cywo z innymi osobami. Je\u015bli zdecydujesz si\u0119 zarejestrowa\u0107 w p\u0142atnym cz\u0142onkostwie, mo\u017cesz \u015bmia\u0142o upubliczni\u0107 sw\u00f3j profil. W ten spos\u00f3b ka\u017cdy mo\u017ce zobaczy\u0107 Twoj\u0105 galeri\u0119 zdj\u0119\u0107 i dane osobowe. Mo\u017cesz tak\u017ce ustawi\u0107 okre\u015blone preferencje, takie jak lokalizacja, przedzia\u0142 wiekowy, p\u0142e\u0107 i pochodzenie etniczne. Nie ma jednak opcji wyboru, czy okaza\u0107 zainteresowanie kim\u015b na podstawie jego wygl\u0105du lub cech osobowo\u015bci.<\/p>\n<h1>Czy powiniene\u015b zacz\u0105\u0107 randkowa\u0107 online &#8211; jakie aplikacje wypr\u00f3bowa\u0107?<\/h1>\n<p>Darmowe serwisy randkowe i aplikacje s\u0105 coraz bardziej popularne, poniewa\u017c nie wymagaj\u0105 numeru karty kredytowej i zwykle oferuj\u0105 wiele korzy\u015bci bez pobierania miesi\u0119cznych op\u0142at. Niekt\u00f3re pozwalaj\u0105 nawet znale\u017a\u0107 mi\u0142o\u015b\u0107, nie p\u0142ac\u0105c nic z g\u00f3ry. Istniej\u0105 jednak pewne wady rejestracji w bezp\u0142atnej witrynie lub aplikacji &#8211; takie jak mniej dopasowa\u0144 i mniejsze prawdopodobie\u0144stwo nawi\u0105zania kontaktu z kim\u015b, kto podziela Twoje zainteresowania.<\/p>\n<h2>CMB<\/h2>\n<p>Coffee Meets Bagel to aplikacja randkowa, w kt\u00f3rej cz\u0142onkowie mog\u0105 przegl\u0105da\u0107 profile i wiadomo\u015bci potencjalnych dat w ci\u0105gu kilku sekund. U\u017cytkownicy mog\u0105 zobaczy\u0107, ile polubie\u0144 otrzyma\u0142 ka\u017cdy profil i czy s\u0105 jakie\u015b ostatnie wiadomo\u015bci. Mog\u0105 r\u00f3wnie\u017c wys\u0142a\u0107 wiadomo\u015b\u0107, aby rozpocz\u0105\u0107 rozmow\u0119 z osob\u0105. Aplikacja daje r\u00f3wnie\u017c u\u017cytkownikom mo\u017cliwo\u015b\u0107 ustawienia daty kawy lub spotkania z innym cz\u0142onkiem.<\/p>\n<p>Aplikacja umo\u017cliwia przesuni\u0119cie palcem w prawo, je\u015bli chcesz po\u0142\u0105czy\u0107 si\u0119 z kim\u015b innym, lub w lewo, je\u015bli tego nie zrobisz. Je\u015bli obie strony s\u0105 zainteresowane, b\u0119d\u0105 rozmawia\u0107.<\/p>\n<p>W przypadku par heteroseksualnych kobieta najpierw wysy\u0142a sw\u00f3j profil. W przypadku par tej samej p\u0142ci ka\u017cdy, kto inicjuje kontakt, mo\u017ce to zrobi\u0107.<\/p>\n<p>Mo\u017cesz wyszukiwa\u0107 profile, nawi\u0105zywa\u0107 po\u0142\u0105czenia i wysy\u0142a\u0107 wiadomo\u015bci.<\/p>\n<h2>Hubka<\/h2>\n<p>Tinder to aplikacja mobilna oparta na lokalizacji, kt\u00f3ra pozwala u\u017cytkownikom rozmawia\u0107 z innymi osobami w pobli\u017cu i nawi\u0105zywa\u0107 po\u0142\u0105czenia za pomoc\u0105 tekstu lub emotikon\u00f3w. U\u017cytkownicy u\u017cywaj\u0105 aplikacji do \u0142\u0105czenia si\u0119 z dowolnymi osobami w pobli\u017cu, niezale\u017cnie od wieku i p\u0142ci. U\u017cytkownicy mog\u0105 dodawa\u0107 dodatkowe informacje o sobie, takie jak zainteresowania, wykszta\u0142cenie, kariera i hobby. Mog\u0105 r\u00f3wnie\u017c przes\u0142a\u0107 zdj\u0119cie i wybra\u0107 lokalizacj\u0119, aby pokaza\u0107 swoj\u0105 bie\u017c\u0105c\u0105 lokalizacj\u0119. Po dopasowaniu u\u017cytkownicy mog\u0105 rozpocz\u0105\u0107 wysy\u0142anie wiadomo\u015bci.<\/p>\n<h2>OkCupid<\/h2>\n<p>OkCupid to <a href=\"http:\/\/arbouserecordings.com\/pl\/znajdowanie-kogos-wyjatkowego-dzieki-witrynom-z-podlaczeniami\/\">bezp\u0142atna aplikacja randkowa<\/a> , kt\u00f3ra oferuje dopasowanie kompatybilno\u015bci w oparciu o takie czynniki, jak cechy osobowo\u015bci, warto\u015bci, styl \u017cycia i wsp\u00f3lne dzia\u0142ania. Ok Cupid u\u017cywa kwestionariusza, aby pom\u00f3c u\u017cytkownikom odkry\u0107 podobie\u0144stwa i r\u00f3\u017cnice mi\u0119dzy potencjalnymi partnerami. Gdy dw\u00f3ch u\u017cytkownik\u00f3w pasuje do siebie, mog\u0105 przegl\u0105da\u0107 swoje profile i komunikowa\u0107 si\u0119 prywatnie. Dzi\u0119ki tej bezp\u0142atnej us\u0142udze b\u0119dziesz m\u00f3g\u0142 skonfigurowa\u0107 profil randkowy, kt\u00f3ry nie jest widoczny dla nikogo innego poza Tob\u0105. Mo\u017cesz ustawi\u0107 sw\u00f3j profil jako publiczny lub ukry\u0107 go. Mo\u017cesz nawet doda\u0107 zdj\u0119cie w tle.<\/p>\n<h2>Zawias<\/h2>\n<p>Hinge to aplikacja mobilna, kt\u00f3ra \u0142\u0105czy ludzi w oparciu o wsp\u00f3lnych znajomych. Hinge wykorzystuje dane z Facebooka do okre\u015blenia zgodno\u015bci. Po zarejestrowaniu si\u0119 u\u017cytkownicy mog\u0105 przegl\u0105da\u0107 profile i wysy\u0142a\u0107 wiadomo\u015bci do innych u\u017cytkownik\u00f3w. Je\u015bli dw\u00f3ch u\u017cytkownik\u00f3w zdecyduje si\u0119 zosta\u0107 dopasowanymi, mog\u0105 wymieni\u0107 numery telefon\u00f3w i um\u00f3wi\u0107 si\u0119 na spotkanie twarz\u0105 w twarz.<\/p>\n<p>U\u017cytkownicy mog\u0105 r\u00f3wnie\u017c dodawa\u0107 zdj\u0119cia, filmy i dane o lokalizacji, aby pom\u00f3c innym w nawi\u0105zywaniu po\u0142\u0105cze\u0144. I chocia\u017c aplikacja nie wymaga od u\u017cytkownik\u00f3w wype\u0142niania obszernych profili, zadaje pytania dotycz\u0105ce takich rzeczy, jak religia, polityka i edukacja. Wszystko to mo\u017ce wydawa\u0107 si\u0119 do\u015b\u0107 proste, ale Hinge m\u00f3wi, \u017ce jest inne, poniewa\u017c zosta\u0142o zaprojektowane, aby pozwoli\u0107 ludziom skupi\u0107 si\u0119 na znalezieniu mi\u0142o\u015bci w tych obszarach.<\/p>\n<h2>Pof<\/h2>\n<p>Plenty of Fish to darmowy internetowy serwis randkowy, kt\u00f3ry zaspokaja potrzeby os\u00f3b poszukuj\u0105cych d\u0142ugoterminowych zwi\u0105zk\u00f3w. Plenty of Fish zawiera takie funkcje, jak czat na \u017cywo, czat wideo i wysy\u0142anie wiadomo\u015bci e-mail. U\u017cytkownicy mog\u0105 r\u00f3wnie\u017c wy\u015bwietla\u0107 publiczne posty innych u\u017cytkownik\u00f3w i czyta\u0107 wiadomo\u015bci wys\u0142ane przez innych u\u017cytkownik\u00f3w. Na ca\u0142ym \u015bwiecie zarejestrowanych jest ponad 40 milion\u00f3w u\u017cytkownik\u00f3w.<\/p>\n<p>PlentyOfFish to kolejny stary, ale dobry. Zosta\u0142 za\u0142o\u017cony w 2003 roku, a teraz twierdzi, \u017ce ma 2 miliony odwiedzaj\u0105cych miesi\u0119cznie. Ich motto brzmi &#8222;Free To Browse&#8221; i oferuj\u0105 mn\u00f3stwo funkcji, takich jak pokoje rozm\u00f3w, czaty wideo itp.<\/p>\n<h2>Zoosk \u2022<\/h2>\n<p>Zoosk to popularna aplikacja randkowa, kt\u00f3ra koncentruje si\u0119 na pomaganiu u\u017cytkownikom w znalezieniu prawdziwej mi\u0142o\u015bci. Zoosk jest ca\u0142kowicie darmowy do pobrania i rejestracji. U\u017cytkownicy mog\u0105 utworzy\u0107 profil, przes\u0142a\u0107 wiele zdj\u0119\u0107 i do\u0142\u0105czy\u0107 podstawowe informacje o sobie. Mog\u0105 r\u00f3wnie\u017c odpowiada\u0107 na pytania zadawane przez innych u\u017cytkownik\u00f3w, aby zaw\u0119zi\u0107 kompatybilne dopasowania. Zoosk jest stosunkowo nowym graczem w internetowej grze randkowej, ale ju\u017c uda\u0142o mu si\u0119 sta\u0107 jednym z najwi\u0119kszych graczy. Zosta\u0142a za\u0142o\u017cona w 2007 roku, a dzi\u015b twierdzi, \u017ce ma ponad 20 milion\u00f3w zarejestrowanych u\u017cytkownik\u00f3w.<\/p>\n","protected":false},"excerpt":{"rendered":"<p>Przewodnik po znajdowaniu mi\u0142o\u015bci z pobliskimi singlami Obecnie istnieje wiele internetowych serwis\u00f3w randkowych, a wi\u0119kszo\u015b\u0107 z nich kosztuje. Je\u015bli chcesz spr\u00f3bowa\u0107 bez p\u0142acenia czegokolwiek, musisz znale\u017a\u0107 ca\u0142kowicie darmowy serwis randkowy. [&hellip;]<\/p>\n","protected":false},"author":1,"featured_media":259,"parent":0,"menu_order":0,"comment_status":"closed","ping_status":"closed","template":"","meta":[],"yoast_head":"<!-- This site is optimized with the Yoast SEO plugin v17.7.1 - https:\/\/yoast.com\/wordpress\/plugins\/seo\/ -->\n<title>Przewodnik po znajdowaniu mi\u0142o\u015bci z pobliskimi singlami - Adult Recordings<\/title>\n<meta name=\"robots\" content=\"index, follow, max-snippet:-1, max-image-preview:large, max-video-preview:-1\" \/>\n<link rel=\"canonical\" href=\"https:\/\/arbouserecordings.com\/pl\/przewodnik-po-znajdowaniu-milosci-z-pobliskimi-singlami\/\" \/>\n<meta property=\"og:locale\" content=\"pl_PL\" \/>\n<meta property=\"og:type\" content=\"article\" \/>\n<meta property=\"og:title\" content=\"Przewodnik po znajdowaniu mi\u0142o\u015bci z pobliskimi singlami - Adult Recordings\" \/>\n<meta property=\"og:description\" content=\"Przewodnik po znajdowaniu mi\u0142o\u015bci z pobliskimi singlami Obecnie istnieje wiele internetowych serwis\u00f3w randkowych, a wi\u0119kszo\u015b\u0107 z nich kosztuje. Je\u015bli chcesz spr\u00f3bowa\u0107 bez p\u0142acenia czegokolwiek, musisz znale\u017a\u0107 ca\u0142kowicie darmowy serwis randkowy. [&hellip;]\" \/>\n<meta property=\"og:url\" content=\"https:\/\/arbouserecordings.com\/pl\/przewodnik-po-znajdowaniu-milosci-z-pobliskimi-singlami\/\" \/>\n<meta property=\"og:site_name\" content=\"Adult Recordings\" \/>\n<meta property=\"og:image\" content=\"https:\/\/arbouserecordings.com\/wp-content\/uploads\/2022\/08\/free-sexting.jpeg\" \/>\n\t<meta property=\"og:image:width\" content=\"1125\" \/>\n\t<meta property=\"og:image:height\" content=\"750\" \/>\n<meta name=\"twitter:card\" content=\"summary_large_image\" \/>\n<meta name=\"twitter:label1\" content=\"Szacowany czas czytania\" \/>\n\t<meta name=\"twitter:data1\" content=\"5 minut\" \/>\n<script type=\"application\/ld+json\" class=\"yoast-schema-graph\">{\"@context\":\"https:\/\/schema.org\",\"@graph\":[{\"@type\":\"WebSite\",\"@id\":\"https:\/\/arbouserecordings.com\/#website\",\"url\":\"https:\/\/arbouserecordings.com\/\",\"name\":\"Adult Recordings\",\"description\":\"Online Hookup Reviews\",\"potentialAction\":[{\"@type\":\"SearchAction\",\"target\":{\"@type\":\"EntryPoint\",\"urlTemplate\":\"https:\/\/arbouserecordings.com\/?s={search_term_string}\"},\"query-input\":\"required name=search_term_string\"}],\"inLanguage\":\"pl-PL\"},{\"@type\":\"ImageObject\",\"@id\":\"https:\/\/arbouserecordings.com\/pl\/przewodnik-po-znajdowaniu-milosci-z-pobliskimi-singlami\/#primaryimage\",\"inLanguage\":\"pl-PL\",\"url\":\"https:\/\/arbouserecordings.com\/wp-content\/uploads\/2022\/08\/free-sexting.jpeg\",\"contentUrl\":\"https:\/\/arbouserecordings.com\/wp-content\/uploads\/2022\/08\/free-sexting.jpeg\",\"width\":1125,\"height\":750},{\"@type\":\"WebPage\",\"@id\":\"https:\/\/arbouserecordings.com\/pl\/przewodnik-po-znajdowaniu-milosci-z-pobliskimi-singlami\/#webpage\",\"url\":\"https:\/\/arbouserecordings.com\/pl\/przewodnik-po-znajdowaniu-milosci-z-pobliskimi-singlami\/\",\"name\":\"Przewodnik po znajdowaniu mi\\u0142o\\u015bci z pobliskimi singlami - Adult Recordings\",\"isPartOf\":{\"@id\":\"https:\/\/arbouserecordings.com\/#website\"},\"primaryImageOfPage\":{\"@id\":\"https:\/\/arbouserecordings.com\/pl\/przewodnik-po-znajdowaniu-milosci-z-pobliskimi-singlami\/#primaryimage\"},\"datePublished\":\"2022-08-28T10:16:24+00:00\",\"dateModified\":\"2022-08-28T10:16:24+00:00\",\"breadcrumb\":{\"@id\":\"https:\/\/arbouserecordings.com\/pl\/przewodnik-po-znajdowaniu-milosci-z-pobliskimi-singlami\/#breadcrumb\"},\"inLanguage\":\"pl-PL\",\"potentialAction\":[{\"@type\":\"ReadAction\",\"target\":[\"https:\/\/arbouserecordings.com\/pl\/przewodnik-po-znajdowaniu-milosci-z-pobliskimi-singlami\/\"]}]},{\"@type\":\"BreadcrumbList\",\"@id\":\"https:\/\/arbouserecordings.com\/pl\/przewodnik-po-znajdowaniu-milosci-z-pobliskimi-singlami\/#breadcrumb\",\"itemListElement\":[{\"@type\":\"ListItem\",\"position\":1,\"name\":\"Home\",\"item\":\"https:\/\/arbouserecordings.com\/pl\/\"},{\"@type\":\"ListItem\",\"position\":2,\"name\":\"Przewodnik po znajdowaniu mi\\u0142o\\u015bci z pobliskimi singlami\"}]}]}<\/script>\n<!-- \/ Yoast SEO plugin. -->","yoast_head_json":{"title":"Przewodnik po znajdowaniu mi\u0142o\u015bci z pobliskimi singlami - Adult Recordings","robots":{"index":"index","follow":"follow","max-snippet":"max-snippet:-1","max-image-preview":"max-image-preview:large","max-video-preview":"max-video-preview:-1"},"canonical":"https:\/\/arbouserecordings.com\/pl\/przewodnik-po-znajdowaniu-milosci-z-pobliskimi-singlami\/","og_locale":"pl_PL","og_type":"article","og_title":"Przewodnik po znajdowaniu mi\u0142o\u015bci z pobliskimi singlami - Adult Recordings","og_description":"Przewodnik po znajdowaniu mi\u0142o\u015bci z pobliskimi singlami Obecnie istnieje wiele internetowych serwis\u00f3w randkowych, a wi\u0119kszo\u015b\u0107 z nich kosztuje. Je\u015bli chcesz spr\u00f3bowa\u0107 bez p\u0142acenia czegokolwiek, musisz znale\u017a\u0107 ca\u0142kowicie darmowy serwis randkowy. [&hellip;]","og_url":"https:\/\/arbouserecordings.com\/pl\/przewodnik-po-znajdowaniu-milosci-z-pobliskimi-singlami\/","og_site_name":"Adult Recordings","og_image":[{"width":1125,"height":750,"url":"https:\/\/arbouserecordings.com\/wp-content\/uploads\/2022\/08\/free-sexting.jpeg","type":"image\/jpeg"}],"twitter_card":"summary_large_image","twitter_misc":{"Szacowany czas czytania":"5 minut"},"schema":{"@context":"https:\/\/schema.org","@graph":[{"@type":"WebSite","@id":"https:\/\/arbouserecordings.com\/#website","url":"https:\/\/arbouserecordings.com\/","name":"Adult Recordings","description":"Online Hookup Reviews","potentialAction":[{"@type":"SearchAction","target":{"@type":"EntryPoint","urlTemplate":"https:\/\/arbouserecordings.com\/?s={search_term_string}"},"query-input":"required name=search_term_string"}],"inLanguage":"pl-PL"},{"@type":"ImageObject","@id":"https:\/\/arbouserecordings.com\/pl\/przewodnik-po-znajdowaniu-milosci-z-pobliskimi-singlami\/#primaryimage","inLanguage":"pl-PL","url":"https:\/\/arbouserecordings.com\/wp-content\/uploads\/2022\/08\/free-sexting.jpeg","contentUrl":"https:\/\/arbouserecordings.com\/wp-content\/uploads\/2022\/08\/free-sexting.jpeg","width":1125,"height":750},{"@type":"WebPage","@id":"https:\/\/arbouserecordings.com\/pl\/przewodnik-po-znajdowaniu-milosci-z-pobliskimi-singlami\/#webpage","url":"https:\/\/arbouserecordings.com\/pl\/przewodnik-po-znajdowaniu-milosci-z-pobliskimi-singlami\/","name":"Przewodnik po znajdowaniu mi\u0142o\u015bci z pobliskimi singlami - Adult Recordings","isPartOf":{"@id":"https:\/\/arbouserecordings.com\/#website"},"primaryImageOfPage":{"@id":"https:\/\/arbouserecordings.com\/pl\/przewodnik-po-znajdowaniu-milosci-z-pobliskimi-singlami\/#primaryimage"},"datePublished":"2022-08-28T10:16:24+00:00","dateModified":"2022-08-28T10:16:24+00:00","breadcrumb":{"@id":"https:\/\/arbouserecordings.com\/pl\/przewodnik-po-znajdowaniu-milosci-z-pobliskimi-singlami\/#breadcrumb"},"inLanguage":"pl-PL","potentialAction":[{"@type":"ReadAction","target":["https:\/\/arbouserecordings.com\/pl\/przewodnik-po-znajdowaniu-milosci-z-pobliskimi-singlami\/"]}]},{"@type":"BreadcrumbList","@id":"https:\/\/arbouserecordings.com\/pl\/przewodnik-po-znajdowaniu-milosci-z-pobliskimi-singlami\/#breadcrumb","itemListElement":[{"@type":"ListItem","position":1,"name":"Home","item":"https:\/\/arbouserecordings.com\/pl\/"},{"@type":"ListItem","position":2,"name":"Przewodnik po znajdowaniu mi\u0142o\u015bci z pobliskimi singlami"}]}]}},"_links":{"self":[{"href":"https:\/\/arbouserecordings.com\/pl\/wp-json\/wp\/v2\/pages\/314"}],"collection":[{"href":"https:\/\/arbouserecordings.com\/pl\/wp-json\/wp\/v2\/pages"}],"about":[{"href":"https:\/\/arbouserecordings.com\/pl\/wp-json\/wp\/v2\/types\/page"}],"author":[{"embeddable":true,"href":"https:\/\/arbouserecordings.com\/pl\/wp-json\/wp\/v2\/users\/1"}],"replies":[{"embeddable":true,"href":"https:\/\/arbouserecordings.com\/pl\/wp-json\/wp\/v2\/comments?post=314"}],"version-history":[{"count":0,"href":"https:\/\/arbouserecordings.com\/pl\/wp-json\/wp\/v2\/pages\/314\/revisions"}],"wp:featuredmedia":[{"embeddable":true,"href":"https:\/\/arbouserecordings.com\/pl\/wp-json\/wp\/v2\/media\/259"}],"wp:attachment":[{"href":"https:\/\/arbouserecordings.com\/pl\/wp-json\/wp\/v2\/media?parent=314"}],"curies":[{"name":"wp","href":"https:\/\/api.w.org\/{rel}","templated":true}]}}