{"id":311,"date":"2022-08-28T11:00:46","date_gmt":"2022-08-28T10:00:46","guid":{"rendered":"http:\/\/arbouserecordings.com\/znajdowanie-kogos-wyjatkowego-dzieki-witrynom-z-podlaczeniami\/"},"modified":"2022-08-28T11:00:46","modified_gmt":"2022-08-28T10:00:46","slug":"znajdowanie-kogos-wyjatkowego-dzieki-witrynom-z-podlaczeniami","status":"publish","type":"page","link":"https:\/\/arbouserecordings.com\/pl\/znajdowanie-kogos-wyjatkowego-dzieki-witrynom-z-podlaczeniami\/","title":{"rendered":"Znajdowanie kogo\u015b wyj\u0105tkowego dzi\u0119ki witrynom z pod\u0142\u0105czeniami"},"content":{"rendered":"<h1>Znajdowanie kogo\u015b wyj\u0105tkowego dzi\u0119ki witrynom z pod\u0142\u0105czeniami<\/h1>\n<p>Istnieje wiele powod\u00f3w, dla kt\u00f3rych chcesz korzysta\u0107 z aplikacji randkowej, czy to dlatego, \u017ce chcesz pozna\u0107 kogo\u015b wyj\u0105tkowego, znale\u017a\u0107 mi\u0142o\u015b\u0107, czy po prostu zaprzyja\u017ani\u0107 si\u0119. Ale znalezienie w\u0142a\u015bciwego mo\u017ce by\u0107 trudne, zw\u0142aszcza, \u017ce istnieje tak wiele opcji. Oto nasz przewodnik, kt\u00f3ry pomo\u017ce Ci zdecydowa\u0107, kt\u00f3ra aplikacja randkowa jest dla Ciebie najlepsza.<\/p>\n<h2>Chcesz pozna\u0107 kogo\u015b wyj\u0105tkowego<\/h2>\n<p>Je\u015bli <a href=\"http:\/\/arbouserecordings.com\/pl\/jak-odniesc-sukces-w-randkach-online-popraw-swoj-profil\/\">chcesz um\u00f3wi\u0107 si\u0119 z<\/a> kim\u015b konkretnym, prawdopodobnie b\u0119dziesz chcia\u0142 zacz\u0105\u0107 od zaw\u0119\u017cenia pola. W ten spos\u00f3b nie b\u0119dziesz traci\u0107 zbyt wiele czasu na szukanie dopasowa\u0144 z lud\u017ami, kt\u00f3rzy nie s\u0105 zainteresowani lepszym poznaniem Ci\u0119. Je\u015bli szukasz d\u0142ugoterminowego zwi\u0105zku, prawdopodobnie b\u0119dziesz chcia\u0142 rozwa\u017cy\u0107 aplikacje takie jak Tinder, Bumble, Hinge, OkCupid, PlentyOfFish, Match, Zoosk, Coffee Meets Bagel, eHarmony, ChristianMingle i Match.com. Je\u015bli jednak chcesz po prostu nawi\u0105za\u0107 zwyk\u0142e po\u0142\u0105czenia, mo\u017cesz wypr\u00f3bowa\u0107 aplikacje takie jak Happn, Grinder, Badoo, Grindr, Hornet i Tango.<\/p>\n<h3>Po prostu chcesz si\u0119 dobrze bawi\u0107<\/h3>\n<p>Niekt\u00f3re aplikacje randkowe s\u0105 nastawione na nawi\u0105zywanie przyja\u017ani, podczas gdy inne s\u0105 specjalnie zaprojektowane do pod\u0142\u0105czania. Aplikacje takie jak Tinder, Bumble i Whisper s\u0105 \u015bwietne dla tych, kt\u00f3rzy chc\u0105 si\u0119 zaprzyja\u017ani\u0107, podczas gdy aplikacje takie jak Scruff, Growlr i Blendr s\u0105 bardziej skoncentrowane na \u0142\u0105czeniu si\u0119 seksualnie. Je\u015bli chcesz po\u0142\u0105czy\u0107 si\u0119 spo\u0142ecznie, mo\u017cesz sprawdzi\u0107 aplikacje takie jak Facebook, Instagram, Snapchat, Twitter, LinkedIn, Viber, Kik, Whatsapp, WeChat, Line, Telegram, Skype, Yahoo Messenger, Pinterest, Tumblr, Reddit i Tumblr.<\/p>\n<h3>Nie wiesz, jakiej osoby szukasz<\/h3>\n<p>Bez wzgl\u0119du na to, jak dobry jest Tw\u00f3j profil, nie oznacza to, \u017ce automatycznie przyci\u0105gniesz typ osoby, kt\u00f3rej szukasz. W rzeczywisto\u015bci wi\u0119kszo\u015b\u0107 ludzi nawet nie zdaje sobie sprawy, \u017ce poci\u0105gaj\u0105 ich pewne typy ludzi. Dlatego wa\u017cne jest, aby po\u015bwi\u0119ci\u0107 czas, aby naprawd\u0119 pomy\u015ble\u0107 o tym, kim jeste\u015b i czego szukasz w partnerze. Nast\u0119pnie, gdy ju\u017c to zrozumiesz, mo\u017cesz jeszcze bardziej zaw\u0119zi\u0107 rzeczy.<\/p>\n<h2>Najlepsza aplikacja do powa\u017cnego zwi\u0105zku: OkCupid<\/h2>\n<p>OkCupid to jeden z najpopularniejszych darmowych serwis\u00f3w randkowych. Istnieje od 2007 roku i ma oko\u0142o 30 milion\u00f3w aktywnych cz\u0142onk\u00f3w na ca\u0142ym \u015bwiecie. Podczas gdy wiele os\u00f3b jest sceptycznie nastawionych <a href=\"http:\/\/arbouserecordings.com\/pl\/jak-znalezc-lokalne-polaczenia-w-poblizu\/\">do randek online<\/a>, OkCupid jest w rzeczywisto\u015bci ca\u0142kiem udany. Maj\u0105 tysi\u0105ce codziennych rozm\u00f3w odbywaj\u0105cych si\u0119 na ich stronie i m\u00f3wi\u0105, \u017ce ich sukces sprowadza si\u0119 do jednego: wielu list\u00f3w mi\u0142osnych.<\/p>\n<p>Aplikacja zadaje stron\u0119 pyta\u0144 od prostych rzeczy do tego, czy, ile randek zazwyczaj czekasz na Ukrainie przed snem z kim\u015b. Im g\u0142\u0119biej jednak wejdziesz, tym dok\u0142adniejsze stan\u0105 si\u0119 twoje profile, zgodnie z OkCupid. Dzi\u0119ki temu witryna mo\u017ce znale\u017a\u0107 dopasowania na podstawie tego, co chcesz, a nie tylko Twojej lokalizacji.<\/p>\n<p>Podczas gdy OkCupid ma bardzo siln\u0105 baz\u0119 u\u017cytkownik\u00f3w 30 milion\u00f3w aktywnych cz\u0142onk\u00f3w na ca\u0142ym \u015bwiecie, jako\u015b\u0107 mecz\u00f3w b\u0119dzie si\u0119 r\u00f3\u017cni\u0107 w zale\u017cno\u015bci od miejsca zamieszkania. Je\u015bli nie jeste\u015b w du\u017cym mie\u015bcie, prawdopodobnie zobaczysz mniej opcji.<\/p>\n","protected":false},"excerpt":{"rendered":"<p>Znajdowanie kogo\u015b wyj\u0105tkowego dzi\u0119ki witrynom z pod\u0142\u0105czeniami Istnieje wiele powod\u00f3w, dla kt\u00f3rych chcesz korzysta\u0107 z aplikacji randkowej, czy to dlatego, \u017ce chcesz pozna\u0107 kogo\u015b wyj\u0105tkowego, znale\u017a\u0107 mi\u0142o\u015b\u0107, czy po prostu [&hellip;]<\/p>\n","protected":false},"author":1,"featured_media":244,"parent":0,"menu_order":0,"comment_status":"closed","ping_status":"closed","template":"","meta":[],"yoast_head":"<!-- This site is optimized with the Yoast SEO plugin v17.7.1 - https:\/\/yoast.com\/wordpress\/plugins\/seo\/ -->\n<title>Znajdowanie kogo\u015b wyj\u0105tkowego dzi\u0119ki witrynom z pod\u0142\u0105czeniami - Adult Recordings<\/title>\n<meta name=\"robots\" content=\"index, follow, max-snippet:-1, max-image-preview:large, max-video-preview:-1\" \/>\n<link rel=\"canonical\" href=\"https:\/\/arbouserecordings.com\/pl\/znajdowanie-kogos-wyjatkowego-dzieki-witrynom-z-podlaczeniami\/\" \/>\n<meta property=\"og:locale\" content=\"pl_PL\" \/>\n<meta property=\"og:type\" content=\"article\" \/>\n<meta property=\"og:title\" content=\"Znajdowanie kogo\u015b wyj\u0105tkowego dzi\u0119ki witrynom z pod\u0142\u0105czeniami - Adult Recordings\" \/>\n<meta property=\"og:description\" content=\"Znajdowanie kogo\u015b wyj\u0105tkowego dzi\u0119ki witrynom z pod\u0142\u0105czeniami Istnieje wiele powod\u00f3w, dla kt\u00f3rych chcesz korzysta\u0107 z aplikacji randkowej, czy to dlatego, \u017ce chcesz pozna\u0107 kogo\u015b wyj\u0105tkowego, znale\u017a\u0107 mi\u0142o\u015b\u0107, czy po prostu [&hellip;]\" \/>\n<meta property=\"og:url\" content=\"https:\/\/arbouserecordings.com\/pl\/znajdowanie-kogos-wyjatkowego-dzieki-witrynom-z-podlaczeniami\/\" \/>\n<meta property=\"og:site_name\" content=\"Adult Recordings\" \/>\n<meta property=\"og:image\" content=\"https:\/\/arbouserecordings.com\/wp-content\/uploads\/2022\/08\/free-adult-hookup-apps.jpeg\" \/>\n\t<meta property=\"og:image:width\" content=\"1125\" \/>\n\t<meta property=\"og:image:height\" content=\"750\" \/>\n<meta name=\"twitter:card\" content=\"summary_large_image\" \/>\n<meta name=\"twitter:label1\" content=\"Szacowany czas czytania\" \/>\n\t<meta name=\"twitter:data1\" content=\"3 minuty\" \/>\n<script type=\"application\/ld+json\" class=\"yoast-schema-graph\">{\"@context\":\"https:\/\/schema.org\",\"@graph\":[{\"@type\":\"WebSite\",\"@id\":\"https:\/\/arbouserecordings.com\/nl\/#website\",\"url\":\"https:\/\/arbouserecordings.com\/nl\/\",\"name\":\"Adult Recordings\",\"description\":\"Online Hookup Reviews\",\"potentialAction\":[{\"@type\":\"SearchAction\",\"target\":{\"@type\":\"EntryPoint\",\"urlTemplate\":\"https:\/\/arbouserecordings.com\/nl\/?s={search_term_string}\"},\"query-input\":\"required name=search_term_string\"}],\"inLanguage\":\"pl-PL\"},{\"@type\":\"ImageObject\",\"@id\":\"https:\/\/arbouserecordings.com\/pl\/znajdowanie-kogos-wyjatkowego-dzieki-witrynom-z-podlaczeniami\/#primaryimage\",\"inLanguage\":\"pl-PL\",\"url\":\"https:\/\/arbouserecordings.com\/wp-content\/uploads\/2022\/08\/free-adult-hookup-apps.jpeg\",\"contentUrl\":\"https:\/\/arbouserecordings.com\/wp-content\/uploads\/2022\/08\/free-adult-hookup-apps.jpeg\",\"width\":1125,\"height\":750},{\"@type\":\"WebPage\",\"@id\":\"https:\/\/arbouserecordings.com\/pl\/znajdowanie-kogos-wyjatkowego-dzieki-witrynom-z-podlaczeniami\/#webpage\",\"url\":\"https:\/\/arbouserecordings.com\/pl\/znajdowanie-kogos-wyjatkowego-dzieki-witrynom-z-podlaczeniami\/\",\"name\":\"Znajdowanie kogo\\u015b wyj\\u0105tkowego dzi\\u0119ki witrynom z pod\\u0142\\u0105czeniami - Adult Recordings\",\"isPartOf\":{\"@id\":\"https:\/\/arbouserecordings.com\/nl\/#website\"},\"primaryImageOfPage\":{\"@id\":\"https:\/\/arbouserecordings.com\/pl\/znajdowanie-kogos-wyjatkowego-dzieki-witrynom-z-podlaczeniami\/#primaryimage\"},\"datePublished\":\"2022-08-28T10:00:46+00:00\",\"dateModified\":\"2022-08-28T10:00:46+00:00\",\"breadcrumb\":{\"@id\":\"https:\/\/arbouserecordings.com\/pl\/znajdowanie-kogos-wyjatkowego-dzieki-witrynom-z-podlaczeniami\/#breadcrumb\"},\"inLanguage\":\"pl-PL\",\"potentialAction\":[{\"@type\":\"ReadAction\",\"target\":[\"https:\/\/arbouserecordings.com\/pl\/znajdowanie-kogos-wyjatkowego-dzieki-witrynom-z-podlaczeniami\/\"]}]},{\"@type\":\"BreadcrumbList\",\"@id\":\"https:\/\/arbouserecordings.com\/pl\/znajdowanie-kogos-wyjatkowego-dzieki-witrynom-z-podlaczeniami\/#breadcrumb\",\"itemListElement\":[{\"@type\":\"ListItem\",\"position\":1,\"name\":\"Home\",\"item\":\"https:\/\/arbouserecordings.com\/pl\/\"},{\"@type\":\"ListItem\",\"position\":2,\"name\":\"Znajdowanie kogo\\u015b wyj\\u0105tkowego dzi\\u0119ki witrynom z pod\\u0142\\u0105czeniami\"}]}]}<\/script>\n<!-- \/ Yoast SEO plugin. -->","yoast_head_json":{"title":"Znajdowanie kogo\u015b wyj\u0105tkowego dzi\u0119ki witrynom z pod\u0142\u0105czeniami - Adult Recordings","robots":{"index":"index","follow":"follow","max-snippet":"max-snippet:-1","max-image-preview":"max-image-preview:large","max-video-preview":"max-video-preview:-1"},"canonical":"https:\/\/arbouserecordings.com\/pl\/znajdowanie-kogos-wyjatkowego-dzieki-witrynom-z-podlaczeniami\/","og_locale":"pl_PL","og_type":"article","og_title":"Znajdowanie kogo\u015b wyj\u0105tkowego dzi\u0119ki witrynom z pod\u0142\u0105czeniami - Adult Recordings","og_description":"Znajdowanie kogo\u015b wyj\u0105tkowego dzi\u0119ki witrynom z pod\u0142\u0105czeniami Istnieje wiele powod\u00f3w, dla kt\u00f3rych chcesz korzysta\u0107 z aplikacji randkowej, czy to dlatego, \u017ce chcesz pozna\u0107 kogo\u015b wyj\u0105tkowego, znale\u017a\u0107 mi\u0142o\u015b\u0107, czy po prostu [&hellip;]","og_url":"https:\/\/arbouserecordings.com\/pl\/znajdowanie-kogos-wyjatkowego-dzieki-witrynom-z-podlaczeniami\/","og_site_name":"Adult Recordings","og_image":[{"width":1125,"height":750,"url":"https:\/\/arbouserecordings.com\/wp-content\/uploads\/2022\/08\/free-adult-hookup-apps.jpeg","type":"image\/jpeg"}],"twitter_card":"summary_large_image","twitter_misc":{"Szacowany czas czytania":"3 minuty"},"schema":{"@context":"https:\/\/schema.org","@graph":[{"@type":"WebSite","@id":"https:\/\/arbouserecordings.com\/nl\/#website","url":"https:\/\/arbouserecordings.com\/nl\/","name":"Adult Recordings","description":"Online Hookup Reviews","potentialAction":[{"@type":"SearchAction","target":{"@type":"EntryPoint","urlTemplate":"https:\/\/arbouserecordings.com\/nl\/?s={search_term_string}"},"query-input":"required name=search_term_string"}],"inLanguage":"pl-PL"},{"@type":"ImageObject","@id":"https:\/\/arbouserecordings.com\/pl\/znajdowanie-kogos-wyjatkowego-dzieki-witrynom-z-podlaczeniami\/#primaryimage","inLanguage":"pl-PL","url":"https:\/\/arbouserecordings.com\/wp-content\/uploads\/2022\/08\/free-adult-hookup-apps.jpeg","contentUrl":"https:\/\/arbouserecordings.com\/wp-content\/uploads\/2022\/08\/free-adult-hookup-apps.jpeg","width":1125,"height":750},{"@type":"WebPage","@id":"https:\/\/arbouserecordings.com\/pl\/znajdowanie-kogos-wyjatkowego-dzieki-witrynom-z-podlaczeniami\/#webpage","url":"https:\/\/arbouserecordings.com\/pl\/znajdowanie-kogos-wyjatkowego-dzieki-witrynom-z-podlaczeniami\/","name":"Znajdowanie kogo\u015b wyj\u0105tkowego dzi\u0119ki witrynom z pod\u0142\u0105czeniami - Adult Recordings","isPartOf":{"@id":"https:\/\/arbouserecordings.com\/nl\/#website"},"primaryImageOfPage":{"@id":"https:\/\/arbouserecordings.com\/pl\/znajdowanie-kogos-wyjatkowego-dzieki-witrynom-z-podlaczeniami\/#primaryimage"},"datePublished":"2022-08-28T10:00:46+00:00","dateModified":"2022-08-28T10:00:46+00:00","breadcrumb":{"@id":"https:\/\/arbouserecordings.com\/pl\/znajdowanie-kogos-wyjatkowego-dzieki-witrynom-z-podlaczeniami\/#breadcrumb"},"inLanguage":"pl-PL","potentialAction":[{"@type":"ReadAction","target":["https:\/\/arbouserecordings.com\/pl\/znajdowanie-kogos-wyjatkowego-dzieki-witrynom-z-podlaczeniami\/"]}]},{"@type":"BreadcrumbList","@id":"https:\/\/arbouserecordings.com\/pl\/znajdowanie-kogos-wyjatkowego-dzieki-witrynom-z-podlaczeniami\/#breadcrumb","itemListElement":[{"@type":"ListItem","position":1,"name":"Home","item":"https:\/\/arbouserecordings.com\/pl\/"},{"@type":"ListItem","position":2,"name":"Znajdowanie kogo\u015b wyj\u0105tkowego dzi\u0119ki witrynom z pod\u0142\u0105czeniami"}]}]}},"_links":{"self":[{"href":"https:\/\/arbouserecordings.com\/pl\/wp-json\/wp\/v2\/pages\/311"}],"collection":[{"href":"https:\/\/arbouserecordings.com\/pl\/wp-json\/wp\/v2\/pages"}],"about":[{"href":"https:\/\/arbouserecordings.com\/pl\/wp-json\/wp\/v2\/types\/page"}],"author":[{"embeddable":true,"href":"https:\/\/arbouserecordings.com\/pl\/wp-json\/wp\/v2\/users\/1"}],"replies":[{"embeddable":true,"href":"https:\/\/arbouserecordings.com\/pl\/wp-json\/wp\/v2\/comments?post=311"}],"version-history":[{"count":0,"href":"https:\/\/arbouserecordings.com\/pl\/wp-json\/wp\/v2\/pages\/311\/revisions"}],"wp:featuredmedia":[{"embeddable":true,"href":"https:\/\/arbouserecordings.com\/pl\/wp-json\/wp\/v2\/media\/244"}],"wp:attachment":[{"href":"https:\/\/arbouserecordings.com\/pl\/wp-json\/wp\/v2\/media?parent=311"}],"curies":[{"name":"wp","href":"https:\/\/api.w.org\/{rel}","templated":true}]}}