{"id":165,"date":"2022-08-27T12:42:49","date_gmt":"2022-08-27T11:42:49","guid":{"rendered":"http:\/\/arbouserecordings.com\/przypadkowe-recenzje-randkowe-bez-gier-i-platnosci\/"},"modified":"2022-08-27T12:42:49","modified_gmt":"2022-08-27T11:42:49","slug":"przypadkowe-recenzje-randkowe-bez-gier-i-platnosci","status":"publish","type":"page","link":"https:\/\/arbouserecordings.com\/pl\/","title":{"rendered":"Przypadkowe recenzje randkowe (bez gier i p\u0142atno\u015bci)"},"content":{"rendered":"<h1>Przypadkowe recenzje randkowe (bez gier i p\u0142atno\u015bci)<\/h1>\n<p>Najlepsze internetowe serwisy randkowe to te, kt\u00f3re oferuj\u0105 co\u015b wyj\u0105tkowego w por\u00f3wnaniu do innych. Zapewniaj\u0105 wi\u0119ksz\u0105 szans\u0119 na spotkanie kogo\u015b wyj\u0105tkowego, poniewa\u017c zaspokajaj\u0105 konkretnie to, czego chcesz od partnera. Ka\u017cda witryna oferuje inne funkcje, takie jak pokoje rozm\u00f3w, rozmowy wideo i wydarzenia. Niekt\u00f3re pozwalaj\u0105 nawet znale\u017a\u0107 mi\u0142o\u015b\u0107 podczas podr\u00f3\u017cy. Przeczytaj nasze recenzje i wybierz ten, kt\u00f3ry dzia\u0142a najlepiej dla Ciebie!<\/p>\n<p>Czy jeste\u015b znudzony pr\u00f3b\u0105 znalezienia mi\u0142o\u015bci ze wszystkimi normalnymi aplikacjami randkowymi? U\u0142atwili\u015bmy to!<\/p>\n<h2>Czy powiniene\u015b u\u017cywa\u0107 aplikacji randkowych do swobodnej zabawy?<\/h2>\n<p>Pod\u0142\u0105czenia s\u0105 \u015bwietne, poniewa\u017c s\u0105 szybkie, tanie i anonimowe. Ale pod\u0142\u0105czenie nie jest dla wszystkich. Niekt\u00f3rzy ludzie wol\u0105 zamiast tego umawia\u0107 si\u0119 na randki.<\/p>\n<p>Je\u015bli nie jeste\u015b zainteresowany randkami, istnieje wiele alternatyw dla internetowych serwis\u00f3w randkowych. Sprawd\u017a te opcje:<\/p>\n<ul>\n<li>Grupy meetup &#8211; S\u0105 to lokalne spotkania, w kt\u00f3rych cz\u0142onkowie zazwyczaj dziel\u0105 si\u0119 zainteresowaniami. Cz\u0119sto organizuj\u0105 imprezy, przyj\u0119cia i kolacje.<\/li>\n<li>Media spo\u0142eczno\u015bciowe &#8211; Istnieje mn\u00f3stwo serwis\u00f3w spo\u0142eczno\u015bciowych, kt\u00f3re zaspokajaj\u0105 potrzeby spotka\u0144 z lud\u017ami. Facebook, Twitter, Instagram, Snapchat itp.<\/li>\n<li>Aplikacje randkowe &#8211; Tinder, Bumble, Happn, OkCupid itp.<\/li>\n<li>Personaly online &#8211; Craigslist, eHarmony, Match.com, PlentyOfFish itp.<\/li>\n<li>Lokalne bary \/ kluby &#8211; Bary i kluby zazwyczaj maj\u0105 noce dla singli.<\/li>\n<\/ul>\n<p>Istnieje wiele sposob\u00f3w na znalezienie randek, niezale\u017cnie od tego, czy szukasz przypadkowego seksu, czy d\u0142ugoterminowych zwi\u0105zk\u00f3w. I pami\u0119taj, bez wzgl\u0119du na to, jak\u0105 metod\u0119 wybierzesz, b\u0105d\u017a bezpieczny!<\/p>\n<h2>Nasze najlepsze typy<\/h2>\n<p><img loading=\"lazy\" class=\"aligncenter size-large wp-image-38\" src=\"http:\/\/arbouserecordings.com\/wp-content\/uploads\/2022\/08\/online-looking-for-love-1024x683.webp\" alt=\"\" width=\"790\" height=\"527\" srcset=\"https:\/\/arbouserecordings.com\/wp-content\/uploads\/2022\/08\/online-looking-for-love-1024x683.webp 1024w, https:\/\/arbouserecordings.com\/wp-content\/uploads\/2022\/08\/online-looking-for-love-300x200.webp 300w, https:\/\/arbouserecordings.com\/wp-content\/uploads\/2022\/08\/online-looking-for-love-768x512.webp 768w, https:\/\/arbouserecordings.com\/wp-content\/uploads\/2022\/08\/online-looking-for-love.webp 1125w\" sizes=\"(max-width: 790px) 100vw, 790px\" \/><\/p>\n<h2>eHarmony<\/h2>\n<p>Z ponad 30 milionami cz\u0142onk\u00f3w na ca\u0142ym \u015bwiecie, eHarmony jest zaufan\u0105 nazw\u0105 w \u015bwiecie randek internetowych. Ich algorytm dopasowywania analizuje setki cech osobistych, w tym osobowo\u015b\u0107, warto\u015bci, zainteresowania, poziom wykszta\u0142cenia, religi\u0119 i pogl\u0105dy polityczne, aby pom\u00f3c Ci znale\u017a\u0107 d\u0142ugotrwa\u0142y zwi\u0105zek. Mo\u017cesz u\u017cy\u0107 ich bezp\u0142atnego cz\u0142onkostwa, aby przegl\u0105da\u0107 tysi\u0105ce profili i wysy\u0142a\u0107 wiadomo\u015bci do potencjalnych dopasowa\u0144. Je\u015bli jeste\u015b gotowy, aby p\u00f3j\u015b\u0107 dalej, przejd\u017a na cz\u0142onkostwo premium i ciesz si\u0119 dodatkowymi korzy\u015bciami, takimi jak dost\u0119p do nieograniczonej liczby mecz\u00f3w i wiadomo\u015bci.<\/p>\n<h3>Szukam (Sugar Dating)<\/h3>\n<p>Je\u015bli szukasz powa\u017cnego zwi\u0105zku, Seeking jest miejscem, do kt\u00f3rego mo\u017cesz si\u0119 uda\u0107. Z milionami cz\u0142onk\u00f3w na ca\u0142ym \u015bwiecie, jest to najwi\u0119ksza sie\u0107 randkowa na \u015bwiecie. Witryna umo\u017cliwia przegl\u0105danie profili cz\u0142onk\u00f3w i konfigurowanie alert\u00f3w dla os\u00f3b spe\u0142niaj\u0105cych Twoje kryteria. Kiedy zdecydujesz si\u0119 kogo\u015b pozna\u0107, mo\u017cesz wymienia\u0107 zdj\u0119cia i filmy za po\u015brednictwem kamery internetowej i tekstu. Ponadto mo\u017cesz przegl\u0105da\u0107 wyniki zgodno\u015bci na podstawie swoich preferencji i sprawdza\u0107, jak dobrze Twoja data wypada na tle reszty populacji.<\/p>\n<p>Aby do\u0142\u0105czy\u0107 do Seeking, musisz by\u0107 imponuj\u0105cy. Musisz mie\u0107 prac\u0119, w kt\u00f3rej zarabiasz wystarczaj\u0105co du\u017co pieni\u0119dzy, aby utrzyma\u0107 siebie i znacz\u0105c\u0105 inn\u0105 osob\u0119. Oboje musicie by\u0107 gotowi i\u015b\u0107 razem na randki. I musisz by\u0107 w stanie przedstawi\u0107 jaki\u015b dow\u00f3d swoich dochod\u00f3w. W ko\u0144cu nie chcesz marnowa\u0107 niczyjego czasu. Gdy oboje przejdziecie wst\u0119pne testy, otrzymacie wynik na podstawie waszej zgodno\u015bci. Tw\u00f3j wynik b\u0119dzie zale\u017ca\u0142 od czynnik\u00f3w takich jak cechy osobowo\u015bci, hobby, pochodzenie zawodowe, poziom wykszta\u0142cenia, a nawet wygl\u0105d fizyczny.<\/p>\n<h3>Hubka<\/h3>\n<p>Tinder to kolejna popularna aplikacja randkowa, kt\u00f3ra \u0142\u0105czy Ci\u0119 z nowymi lud\u017ami w pobli\u017cu. Jednak w przeciwie\u0144stwie do OkCupid, Tinder skupia si\u0119 przede wszystkim na \u0142\u0105czeniu Ci\u0119 z osobami, kt\u00f3re s\u0105 Ci fizycznie bliskie. Aby rozpocz\u0105\u0107, pobierz aplikacj\u0119 i zarejestruj bezp\u0142atne konto. Nast\u0119pnie wprowad\u017a bie\u017c\u0105c\u0105 lokalizacj\u0119 i wybierz \u017c\u0105dany zakres odleg\u0142o\u015bci. Nast\u0119pnie odpowiesz na seri\u0119 pyta\u0144 dotycz\u0105cych Twoich preferencji, w tym wieku, p\u0142ci, rasy, religii i orientacji seksualnej. Je\u015bli interesuje Ci\u0119 kto\u015b, kto mieszka w pobli\u017cu, mo\u017cesz jeszcze bardziej zaw\u0119zi\u0107 wyszukiwanie, wybieraj\u0105c preferowan\u0105 okolic\u0119. Na koniec zobaczysz list\u0119 potencjalnych dopasowa\u0144. Stuknij w te, kt\u00f3re lubisz, a b\u0119dziesz m\u00f3g\u0142 komunikowa\u0107 si\u0119 z nimi za po\u015brednictwem wiadomo\u015bci tekstowych, po\u0142\u0105cze\u0144 g\u0142osowych i po\u0142\u0105cze\u0144 wideo.<\/p>\n<h3>Zoosk \u2022<\/h3>\n<p>Zoosk to jedna z najpopularniejszych aplikacji randkowych. Jest to szczeg\u00f3lnie dobre dla os\u00f3b, kt\u00f3re chc\u0105 um\u00f3wi\u0107 si\u0119 z kim\u015b, kto podziela ich warto\u015bci i przekonania. Aby rozpocz\u0105\u0107, musisz najpierw pobra\u0107 aplikacj\u0119 i zarejestrowa\u0107 konto. Nast\u0119pnie odpowiesz na seri\u0119 kwestionariuszy, kt\u00f3re pomog\u0105 Ci zrozumie\u0107 w\u0142asne warto\u015bci i przekonania. Nast\u0119pnie b\u0119dziesz mia\u0142 okazj\u0119 pozna\u0107 r\u00f3\u017cne kategorie, w tym polityk\u0119, religi\u0119, karier\u0119 i inne. Kiedy znajdziesz kogo\u015b, kto podziela Twoje warto\u015bci i wierzy, mo\u017cesz przesun\u0105\u0107 palcem w lewo lub w prawo, aby wskaza\u0107, czy chcesz go jako przyjaciela, czy potencjalnego partnera.<\/p>\n<h3>Ashley Madison<\/h3>\n<p>AshleyMadison.com to internetowy serwis randkowy, kt\u00f3ry jest przeznaczony dla os\u00f3b zam\u0119\u017cnych poszukuj\u0105cych romans\u00f3w. Doniesiono, \u017ce Ashley Madison mia\u0142a ponad 30 milion\u00f3w cz\u0142onk\u00f3w na ca\u0142ym \u015bwiecie. Dost\u0119pnych jest kilka rodzaj\u00f3w plan\u00f3w cz\u0142onkostwa. Jeden z nich nazywa si\u0119 &#8222;Z\u0142otym Cz\u0142onkostwem&#8221;. Ten plan kosztuje $ 59.99 \/ miesi\u0105c. Ten plan umo\u017cliwia dost\u0119p do witryny 24 godziny na dob\u0119 7 dni w tygodniu. Je\u015bli zdecydujesz si\u0119 anulowa\u0107 subskrypcj\u0119, otrzymasz zwrot pieni\u0119dzy w ci\u0105gu 60 dni.<\/p>\n<p>Opr\u00f3cz \u015bwiadczenia us\u0142ug osobom zam\u0119\u017cnym, Ashley Madison oferuje wiele funkcji, takich jak czaty, fora, blogi, albumy ze zdj\u0119ciami, klipy wideo, pokazy kamer internetowych, aplikacje mobilne i konta e-mail.<\/p>\n<p>Wszyscy u\u017cytkownicy zak\u0142adaj\u0105 bezp\u0142atne konto pr\u00f3bne. Po zako\u0144czeniu procesu rejestracji otrzymasz nazw\u0119 u\u017cytkownika i has\u0142o. Po zarejestrowaniu si\u0119 zostaniesz poproszony o wype\u0142nienie profilu. Tutaj mo\u017cesz doda\u0107 informacje o sobie. Po zalogowaniu zobaczysz sw\u00f3j pulpit nawigacyjny. Tutaj mo\u017cesz przegl\u0105da\u0107 swoje wiadomo\u015bci, wysy\u0142a\u0107 wiadomo\u015bci e-mail, wyszukiwa\u0107 profile, przegl\u0105da\u0107 zdj\u0119cia cz\u0142onk\u00f3w i wiele wi\u0119cej.<\/p>\n<h2>Najlepszy do swobodnego seksu &#8211; Adult Friend Finder<\/h2>\n<p>AdultFriendFinder to najwi\u0119ksza strona internetowa po\u015bwi\u0119cona seksowi i zwi\u0105zkom na \u015bwiecie. Obecnie na stronie jest ponad 10 milion\u00f3w zarejestrowanych u\u017cytkownik\u00f3w.<\/p>\n<p>Szacuje si\u0119, \u017ce ponad 50% tych u\u017cytkownik\u00f3w to samotni m\u0119\u017cczy\u017ani szukaj\u0105cy kobiecego towarzystwa. Kolejne 40% to ma\u0142\u017ce\u0144stwa szukaj\u0105ce dyskretnych romans\u00f3w. A pozosta\u0142e 10% to geje lub lesbijki szukaj\u0105ce romantycznych zwi\u0105zk\u00f3w.<\/p>\n<h3>Jak dzia\u0142a AFF?<\/h3>\n<p>Po zarejestrowaniu si\u0119 w AdultFriendFinder otrzymasz nazw\u0119 u\u017cytkownika i has\u0142o. Umo\u017cliwia to dost\u0119p do prywatnego obszaru cz\u0142onkowskiego witryny.<\/p>\n<p>Tutaj zobaczysz list\u0119 wszystkich cz\u0142onk\u00f3w, kt\u00f3rzy s\u0105 obecnie online. Mo\u017cesz wyszukiwa\u0107 cz\u0142onk\u00f3w na podstawie lokalizacji, p\u0142ci, zainteresowa\u0144, orientacji seksualnej i wielu innych.<\/p>\n<p>Po znalezieniu potencjalnego dopasowania mo\u017cesz wysy\u0142a\u0107 do siebie wiadomo\u015bci bezpo\u015brednio za po\u015brednictwem poczty e-mail. Je\u015bli zdecydujesz si\u0119 na czat, mo\u017cesz to zrobi\u0107 prywatnie w obszarze cz\u0142onkowskim.<\/p>\n<p>Mo\u017cesz tak\u017ce wy\u015bwietla\u0107 zdj\u0119cia i filmy innych cz\u0142onk\u00f3w. Mo\u017cesz ocenia\u0107 te obrazy i filmy oraz dodawa\u0107 komentarze.<\/p>\n<p>Dost\u0119pne s\u0105 r\u00f3wnie\u017c fora, na kt\u00f3rych mo\u017cna omawia\u0107 tematy zwi\u0105zane z mi\u0142o\u015bci\u0105, seksem i zwi\u0105zkami.<\/p>\n<h3>Zarejestruj si\u0119<\/h3>\n<p>Jest to niesamowita opcja do znajdowania przypadkowych spotka\u0144. Jest z pewno\u015bci\u0105 lepszy ni\u017c Craigslist, ale daleko mu do idea\u0142u.<\/p>\n<p>Chocia\u017c mo\u017ce si\u0119 wydawa\u0107, \u017ce p\u0142acenie za serwis randkowy jest du\u017co pieni\u0119dzy, w rzeczywisto\u015bci zaoszcz\u0119dzisz pieni\u0105dze na d\u0142u\u017csz\u0105 met\u0119. Tak wi\u0119c, je\u015bli chcesz pozna\u0107 atrakcyjne kobiety lub m\u0119\u017cczyzn do zalotnych rozm\u00f3w, warto sprawdzi\u0107 AdultFriendFinder. Ale je\u015bli chcesz czego\u015b powa\u017cnego, prawdopodobnie powiniene\u015b trzyma\u0107 si\u0119 tradycyjnych metod, takich jak chodzenie do bar\u00f3w, klub\u00f3w lub kawiarni.<\/p>\n<h3>P\u0142atne czy darmowe?<\/h3>\n<p>Hookupy to \u015bwietne sposoby na poznanie nowych ludzi. S\u0105 szybkie, wygodne i zwykle bezp\u0142atne. Ale czy powiniene\u015b p\u0142aci\u0107 za pod\u0142\u0105czenia?<\/p>\n<p>Je\u015bli szukasz d\u0142ugoterminowego zwi\u0105zku, to tak, p\u0142acenie za pod\u0142\u0105czenia ma sens. Je\u015bli jednak chcesz po prostu znale\u017a\u0107 szybki rzut, to nie, nie powiniene\u015b p\u0142aci\u0107 za pod\u0142\u0105czenia.<\/p>\n<p>P\u0142acenie za pod\u0142\u0105czenia nie jest tego warte, poniewa\u017c wi\u0119kszo\u015b\u0107 m\u0119\u017cczyzn, kt\u00f3rzy korzystaj\u0105 z tych stron, nie traktuje powa\u017cnie znalezienia dziewczyny. Zamiast tego szukaj\u0105 seksu. Wi\u0119c kiedy p\u0142acisz za pod\u0142\u0105czenia, w rzeczywisto\u015bci dajesz im zni\u017ck\u0119.<\/p>\n<p>Oznacza to, \u017ce nie otrzymujesz jako\u015bci osoby, kt\u00f3r\u0105 by\u0142by\u015b w stanie przyci\u0105gn\u0105\u0107 poprzez randki online. A poniewa\u017c spotykasz tylko nieznajomych, istnieje wi\u0119ksze ryzyko bycia oszukanym.<\/p>\n<p>Zamiast tego wypr\u00f3buj internetowe serwisy randkowe, w kt\u00f3rych mo\u017cesz spotka\u0107 prawdziwe kobiety. Te witryny s\u0105 bezpieczniejsze ni\u017c strony z pod\u0142\u0105czeniami, poniewa\u017c mo\u017cesz odfiltrowa\u0107 z\u0142ych facet\u00f3w. Ponadto mo\u017cesz \u0142\u0105czy\u0107 si\u0119 z kobietami w oparciu o wzajemne zainteresowania, a nie przypadkowe po\u0142\u0105czenia.<\/p>\n","protected":false},"excerpt":{"rendered":"<p>Przypadkowe recenzje randkowe (bez gier i p\u0142atno\u015bci) Najlepsze internetowe serwisy randkowe to te, kt\u00f3re oferuj\u0105 co\u015b wyj\u0105tkowego w por\u00f3wnaniu do innych. Zapewniaj\u0105 wi\u0119ksz\u0105 szans\u0119 na spotkanie kogo\u015b wyj\u0105tkowego, poniewa\u017c zaspokajaj\u0105 [&hellip;]<\/p>\n","protected":false},"author":1,"featured_media":94,"parent":0,"menu_order":0,"comment_status":"closed","ping_status":"closed","template":"","meta":[],"yoast_head":"<!-- This site is optimized with the Yoast SEO plugin v17.7.1 - https:\/\/yoast.com\/wordpress\/plugins\/seo\/ -->\n<title>Przypadkowe recenzje randkowe (bez gier i p\u0142atno\u015bci) - Adult Recordings<\/title>\n<meta name=\"description\" content=\"Opis META\" \/>\n<meta name=\"robots\" content=\"index, follow, max-snippet:-1, max-image-preview:large, max-video-preview:-1\" \/>\n<link rel=\"canonical\" href=\"https:\/\/arbouserecordings.com\/pl\/\" \/>\n<meta property=\"og:locale\" content=\"pl_PL\" \/>\n<meta property=\"og:type\" content=\"article\" \/>\n<meta property=\"og:title\" content=\"Przypadkowe recenzje randkowe (bez gier i p\u0142atno\u015bci) - Adult Recordings\" \/>\n<meta property=\"og:description\" content=\"Opis META\" \/>\n<meta property=\"og:url\" content=\"https:\/\/arbouserecordings.com\/pl\/\" \/>\n<meta property=\"og:site_name\" content=\"Adult Recordings\" \/>\n<meta property=\"og:image\" content=\"https:\/\/arbouserecordings.com\/wp-content\/uploads\/2022\/08\/best-adult-apps-for-casual-fun.jpeg\" \/>\n\t<meta property=\"og:image:width\" content=\"2250\" \/>\n\t<meta property=\"og:image:height\" content=\"1500\" \/>\n<meta name=\"twitter:card\" content=\"summary_large_image\" \/>\n<meta name=\"twitter:label1\" content=\"Szacowany czas czytania\" \/>\n\t<meta name=\"twitter:data1\" content=\"7 minut\" \/>\n<script type=\"application\/ld+json\" class=\"yoast-schema-graph\">{\"@context\":\"https:\/\/schema.org\",\"@graph\":[{\"@type\":\"WebSite\",\"@id\":\"https:\/\/arbouserecordings.com\/#website\",\"url\":\"https:\/\/arbouserecordings.com\/\",\"name\":\"Adult Recordings\",\"description\":\"Online Hookup Reviews\",\"potentialAction\":[{\"@type\":\"SearchAction\",\"target\":{\"@type\":\"EntryPoint\",\"urlTemplate\":\"https:\/\/arbouserecordings.com\/?s={search_term_string}\"},\"query-input\":\"required name=search_term_string\"}],\"inLanguage\":\"pl-PL\"},{\"@type\":\"ImageObject\",\"@id\":\"https:\/\/arbouserecordings.com\/pl\/#primaryimage\",\"inLanguage\":\"pl-PL\",\"url\":\"https:\/\/arbouserecordings.com\/wp-content\/uploads\/2022\/08\/best-adult-apps-for-casual-fun.jpeg\",\"contentUrl\":\"https:\/\/arbouserecordings.com\/wp-content\/uploads\/2022\/08\/best-adult-apps-for-casual-fun.jpeg\",\"width\":2250,\"height\":1500},{\"@type\":\"WebPage\",\"@id\":\"https:\/\/arbouserecordings.com\/pl\/#webpage\",\"url\":\"https:\/\/arbouserecordings.com\/pl\/\",\"name\":\"Przypadkowe recenzje randkowe (bez gier i p\\u0142atno\\u015bci) - Adult Recordings\",\"isPartOf\":{\"@id\":\"https:\/\/arbouserecordings.com\/#website\"},\"primaryImageOfPage\":{\"@id\":\"https:\/\/arbouserecordings.com\/pl\/#primaryimage\"},\"datePublished\":\"2022-08-27T11:42:49+00:00\",\"dateModified\":\"2022-08-27T11:42:49+00:00\",\"description\":\"Opis META\",\"breadcrumb\":{\"@id\":\"https:\/\/arbouserecordings.com\/pl\/#breadcrumb\"},\"inLanguage\":\"pl-PL\",\"potentialAction\":[{\"@type\":\"ReadAction\",\"target\":[\"https:\/\/arbouserecordings.com\/pl\/\"]}]},{\"@type\":\"BreadcrumbList\",\"@id\":\"https:\/\/arbouserecordings.com\/pl\/#breadcrumb\",\"itemListElement\":[{\"@type\":\"ListItem\",\"position\":1,\"name\":\"Home\",\"item\":\"https:\/\/arbouserecordings.com\/pl\/\"},{\"@type\":\"ListItem\",\"position\":2,\"name\":\"Przypadkowe recenzje randkowe (bez gier i p\\u0142atno\\u015bci)\"}]}]}<\/script>\n<!-- \/ Yoast SEO plugin. -->","yoast_head_json":{"title":"Przypadkowe recenzje randkowe (bez gier i p\u0142atno\u015bci) - Adult Recordings","description":"Opis META","robots":{"index":"index","follow":"follow","max-snippet":"max-snippet:-1","max-image-preview":"max-image-preview:large","max-video-preview":"max-video-preview:-1"},"canonical":"https:\/\/arbouserecordings.com\/pl\/","og_locale":"pl_PL","og_type":"article","og_title":"Przypadkowe recenzje randkowe (bez gier i p\u0142atno\u015bci) - Adult Recordings","og_description":"Opis META","og_url":"https:\/\/arbouserecordings.com\/pl\/","og_site_name":"Adult Recordings","og_image":[{"width":2250,"height":1500,"url":"https:\/\/arbouserecordings.com\/wp-content\/uploads\/2022\/08\/best-adult-apps-for-casual-fun.jpeg","type":"image\/jpeg"}],"twitter_card":"summary_large_image","twitter_misc":{"Szacowany czas czytania":"7 minut"},"schema":{"@context":"https:\/\/schema.org","@graph":[{"@type":"WebSite","@id":"https:\/\/arbouserecordings.com\/#website","url":"https:\/\/arbouserecordings.com\/","name":"Adult Recordings","description":"Online Hookup Reviews","potentialAction":[{"@type":"SearchAction","target":{"@type":"EntryPoint","urlTemplate":"https:\/\/arbouserecordings.com\/?s={search_term_string}"},"query-input":"required name=search_term_string"}],"inLanguage":"pl-PL"},{"@type":"ImageObject","@id":"https:\/\/arbouserecordings.com\/pl\/#primaryimage","inLanguage":"pl-PL","url":"https:\/\/arbouserecordings.com\/wp-content\/uploads\/2022\/08\/best-adult-apps-for-casual-fun.jpeg","contentUrl":"https:\/\/arbouserecordings.com\/wp-content\/uploads\/2022\/08\/best-adult-apps-for-casual-fun.jpeg","width":2250,"height":1500},{"@type":"WebPage","@id":"https:\/\/arbouserecordings.com\/pl\/#webpage","url":"https:\/\/arbouserecordings.com\/pl\/","name":"Przypadkowe recenzje randkowe (bez gier i p\u0142atno\u015bci) - Adult Recordings","isPartOf":{"@id":"https:\/\/arbouserecordings.com\/#website"},"primaryImageOfPage":{"@id":"https:\/\/arbouserecordings.com\/pl\/#primaryimage"},"datePublished":"2022-08-27T11:42:49+00:00","dateModified":"2022-08-27T11:42:49+00:00","description":"Opis META","breadcrumb":{"@id":"https:\/\/arbouserecordings.com\/pl\/#breadcrumb"},"inLanguage":"pl-PL","potentialAction":[{"@type":"ReadAction","target":["https:\/\/arbouserecordings.com\/pl\/"]}]},{"@type":"BreadcrumbList","@id":"https:\/\/arbouserecordings.com\/pl\/#breadcrumb","itemListElement":[{"@type":"ListItem","position":1,"name":"Home","item":"https:\/\/arbouserecordings.com\/pl\/"},{"@type":"ListItem","position":2,"name":"Przypadkowe recenzje randkowe (bez gier i p\u0142atno\u015bci)"}]}]}},"_links":{"self":[{"href":"https:\/\/arbouserecordings.com\/pl\/wp-json\/wp\/v2\/pages\/165"}],"collection":[{"href":"https:\/\/arbouserecordings.com\/pl\/wp-json\/wp\/v2\/pages"}],"about":[{"href":"https:\/\/arbouserecordings.com\/pl\/wp-json\/wp\/v2\/types\/page"}],"author":[{"embeddable":true,"href":"https:\/\/arbouserecordings.com\/pl\/wp-json\/wp\/v2\/users\/1"}],"replies":[{"embeddable":true,"href":"https:\/\/arbouserecordings.com\/pl\/wp-json\/wp\/v2\/comments?post=165"}],"version-history":[{"count":0,"href":"https:\/\/arbouserecordings.com\/pl\/wp-json\/wp\/v2\/pages\/165\/revisions"}],"wp:featuredmedia":[{"embeddable":true,"href":"https:\/\/arbouserecordings.com\/pl\/wp-json\/wp\/v2\/media\/94"}],"wp:attachment":[{"href":"https:\/\/arbouserecordings.com\/pl\/wp-json\/wp\/v2\/media?parent=165"}],"curies":[{"name":"wp","href":"https:\/\/api.w.org\/{rel}","templated":true}]}}