{"id":336,"date":"2022-08-28T10:58:17","date_gmt":"2022-08-28T09:58:17","guid":{"rendered":"http:\/\/arbouserecordings.com\/come-avere-successo-negli-appuntamenti-online-ottieni-il-tuo-profilo-giusto\/"},"modified":"2022-08-28T10:58:17","modified_gmt":"2022-08-28T09:58:17","slug":"come-avere-successo-negli-appuntamenti-online-ottieni-il-tuo-profilo-giusto","status":"publish","type":"page","link":"https:\/\/arbouserecordings.com\/it\/come-avere-successo-negli-appuntamenti-online-ottieni-il-tuo-profilo-giusto\/","title":{"rendered":"Come avere successo negli appuntamenti online: ottieni il tuo profilo giusto"},"content":{"rendered":"<h1>Come avere successo negli appuntamenti online: ottieni il tuo profilo giusto<\/h1>\n<p>I siti di incontri pi\u00f9 popolari includono eHarmony, Match, OkCupid, PlentyOfFish e Tinder. Tutti variano in termini di funzionalit\u00e0, costi e politiche sulla privacy. Tuttavia, generalmente seguono regole simili. Ad esempio, molti siti richiedono agli utenti di compilare questionari su se stessi, comprese domande su et\u00e0, sesso, livello di istruzione, religione, affiliazione politica, orientamento sessuale, ecc. Gli utenti rispondono anche alle domande sul loro partner ideale. Queste domande aiutano il sito a determinare se \u00e8 adatto a entrambe le parti.<\/p>\n<h2>Come creare i migliori profili di appuntamenti<\/h2>\n<p>Una volta registrato, riceverai notifiche e-mail ogni volta che ci sono nuove partite nelle vicinanze. Puoi sfogliare i profili e inviare messaggi direttamente dall&#8217;app. La maggior parte dei siti ti consente di impostare l&#8217;immagine del profilo, l&#8217;immagine di copertina, la biografia e la posizione. Potrebbero esserci requisiti diversi a seconda del sito. Alcuni siti potrebbero chiederti di caricare foto. Altri potrebbero chiederti di fare un selfie. E altri potrebbero semplicemente chiederti di inserire il nome della tua citt\u00e0. Se decidi di utilizzare uno di questi siti, assicurati di leggere attentamente la stampa fine.<\/p>\n<p>Alcuni siti addebitano commissioni per contattare potenziali partner. Questa commissione potrebbe variare da $ 0 a $ 10 al mese. Altri siti ti danno accesso a messaggi illimitati senza pagare nulla. Altri ancora non hanno alcun canone mensile. Controlla la sezione FAQ del sito per vedere se ci sono costi nascosti.<\/p>\n<p>Potrebbe essere necessario pagare per comunicare con persone specifiche. <a href=\"http:\/\/arbouserecordings.com\/it\/guida-alla-ricerca-dellamore-con-i-single-vicini\/\">Molti siti offrono account premium<\/a> che ti consentono di chattare con i membri che hanno pagato per l&#8217;abbonamento. Di solito, devi pagare una piccola somma per parlare con ogni persona individualmente. Altri siti potrebbero consentirti di chattare con tutti, ma non sarai in grado di inviare e-mail a nessuno.<\/p>\n<p>Se preferisci non spendere soldi per un abbonamento a un sito di incontri, puoi comunque trovare molte opportunit\u00e0 per connetterti con i single tramite i social media. Gruppi di Facebook, chat di Twitter, storie di Instagram e video di YouTube sono solo alcuni modi per interagire con altre persone che vivono vicino a te.<\/p>\n<h2>Come utilizzare i siti di incontri online<\/h2>\n<p>Prima di iscriverti a un sito di incontri online, \u00e8 importante considerare cosa vuoi dalla tua esperienza. Preferisci appuntamenti casuali o vuoi qualcosa di serio? Se sei interessato a trovare l&#8217;amore, ci sono molte opzioni l\u00e0 fuori. Alcuni sono pi\u00f9 adatti per avventure di una notte, mentre altri si rivolgono a coloro che cercano relazioni a lungo termine. Ci sono anche siti di nicchia che si concentrano su dati demografici specifici come anziani o persone nelle aree rurali.<\/p>\n<p>La prima cosa che probabilmente vorrai capire \u00e8 che tipo di relazione speri di trovare. \u00c8 pensato per essere solo una fuga divertente o stai cercando qualcosa di pi\u00f9 serio? Questa decisione ti aiuter\u00e0 a restringere le tue scelte. Quindi, pensa a quali funzionalit\u00e0 sono importanti per te. Ad esempio, se ti piace lo sport, potresti cercare un sito che ti consenta di filtrare le partite in base alla tua squadra o al tuo sport preferito. O forse preferiresti uscire con qualcuno simile a te in termini di interessi.<\/p>\n<h2>Ne vale la pena?<\/h2>\n<p>Infine, dai un&#8217;occhiata ai diversi tipi di siti di incontri l\u00e0 fuori. Alcuni sono specificamente progettati per <a href=\"http:\/\/arbouserecordings.com\/it\/come-trovare-collegamenti-locali-vicino-a-te\/\">affari a breve termine<\/a>, mentre altri sono focalizzati su relazioni a lungo termine. Prendi nota anche di quanti membri ha ogni sito. I siti con numeri di iscrizione maggiori tendono ad attirare pi\u00f9 attenzione.<\/p>\n<p>Il costo medio di un&#8217;app di appuntamenti o di un abbonamento al sito varia da circa $ 15 a $ 200 al mese, a seconda di quante funzionalit\u00e0 sono incluse. Ci sono alcune grandi opzioni gratuite l\u00e0 fuori, tra cui Tinder e Bumble, ma se vuoi accedere a tutto, di solito \u00e8 meglio optare per l&#8217;abbonamento a pagamento.<\/p>\n<p>Potresti pensare che iscriversi a un sito di incontri sia un gioco da ragazzi: dopo tutto, tutti sanno che trovare l&#8217;amore online \u00e8 facile. Ma solo perch\u00e9 qualcosa sembra una buona idea non significa che lo sia davvero. Prima di iscriverti a qualsiasi cosa, fai le tue ricerche e assicurati che il sito offra ci\u00f2 che stai cercando. Non vuoi finire per sprecare soldi per un abbonamento che non ne vale la pena.<\/p>\n","protected":false},"excerpt":{"rendered":"<p>Come avere successo negli appuntamenti online: ottieni il tuo profilo giusto I siti di incontri pi\u00f9 popolari includono eHarmony, Match, OkCupid, PlentyOfFish e Tinder. Tutti variano in termini di funzionalit\u00e0, [&hellip;]<\/p>\n","protected":false},"author":1,"featured_media":227,"parent":0,"menu_order":0,"comment_status":"closed","ping_status":"closed","template":"","meta":[],"yoast_head":"<!-- This site is optimized with the Yoast SEO plugin v17.7.1 - https:\/\/yoast.com\/wordpress\/plugins\/seo\/ -->\n<title>Come avere successo negli appuntamenti online: ottieni il tuo profilo giusto - Adult Recordings<\/title>\n<meta name=\"robots\" content=\"index, follow, max-snippet:-1, max-image-preview:large, max-video-preview:-1\" \/>\n<link rel=\"canonical\" href=\"https:\/\/arbouserecordings.com\/it\/come-avere-successo-negli-appuntamenti-online-ottieni-il-tuo-profilo-giusto\/\" \/>\n<meta property=\"og:locale\" content=\"it_IT\" \/>\n<meta property=\"og:type\" content=\"article\" \/>\n<meta property=\"og:title\" content=\"Come avere successo negli appuntamenti online: ottieni il tuo profilo giusto - Adult Recordings\" \/>\n<meta property=\"og:description\" content=\"Come avere successo negli appuntamenti online: ottieni il tuo profilo giusto I siti di incontri pi\u00f9 popolari includono eHarmony, Match, OkCupid, PlentyOfFish e Tinder. Tutti variano in termini di funzionalit\u00e0, [&hellip;]\" \/>\n<meta property=\"og:url\" content=\"https:\/\/arbouserecordings.com\/it\/come-avere-successo-negli-appuntamenti-online-ottieni-il-tuo-profilo-giusto\/\" \/>\n<meta property=\"og:site_name\" content=\"Adult Recordings\" \/>\n<meta property=\"og:image\" content=\"https:\/\/arbouserecordings.com\/wp-content\/uploads\/2022\/08\/online-dating.jpeg\" \/>\n\t<meta property=\"og:image:width\" content=\"500\" \/>\n\t<meta property=\"og:image:height\" content=\"750\" \/>\n<meta name=\"twitter:card\" content=\"summary_large_image\" \/>\n<meta name=\"twitter:label1\" content=\"Tempo di lettura stimato\" \/>\n\t<meta name=\"twitter:data1\" content=\"4 minuti\" \/>\n<script type=\"application\/ld+json\" class=\"yoast-schema-graph\">{\"@context\":\"https:\/\/schema.org\",\"@graph\":[{\"@type\":\"WebSite\",\"@id\":\"https:\/\/arbouserecordings.com\/nl\/#website\",\"url\":\"https:\/\/arbouserecordings.com\/nl\/\",\"name\":\"Adult Recordings\",\"description\":\"Online Hookup Reviews\",\"potentialAction\":[{\"@type\":\"SearchAction\",\"target\":{\"@type\":\"EntryPoint\",\"urlTemplate\":\"https:\/\/arbouserecordings.com\/nl\/?s={search_term_string}\"},\"query-input\":\"required name=search_term_string\"}],\"inLanguage\":\"it-IT\"},{\"@type\":\"ImageObject\",\"@id\":\"https:\/\/arbouserecordings.com\/it\/come-avere-successo-negli-appuntamenti-online-ottieni-il-tuo-profilo-giusto\/#primaryimage\",\"inLanguage\":\"it-IT\",\"url\":\"https:\/\/arbouserecordings.com\/wp-content\/uploads\/2022\/08\/online-dating.jpeg\",\"contentUrl\":\"https:\/\/arbouserecordings.com\/wp-content\/uploads\/2022\/08\/online-dating.jpeg\",\"width\":500,\"height\":750},{\"@type\":\"WebPage\",\"@id\":\"https:\/\/arbouserecordings.com\/it\/come-avere-successo-negli-appuntamenti-online-ottieni-il-tuo-profilo-giusto\/#webpage\",\"url\":\"https:\/\/arbouserecordings.com\/it\/come-avere-successo-negli-appuntamenti-online-ottieni-il-tuo-profilo-giusto\/\",\"name\":\"Come avere successo negli appuntamenti online: ottieni il tuo profilo giusto - Adult Recordings\",\"isPartOf\":{\"@id\":\"https:\/\/arbouserecordings.com\/nl\/#website\"},\"primaryImageOfPage\":{\"@id\":\"https:\/\/arbouserecordings.com\/it\/come-avere-successo-negli-appuntamenti-online-ottieni-il-tuo-profilo-giusto\/#primaryimage\"},\"datePublished\":\"2022-08-28T09:58:17+00:00\",\"dateModified\":\"2022-08-28T09:58:17+00:00\",\"breadcrumb\":{\"@id\":\"https:\/\/arbouserecordings.com\/it\/come-avere-successo-negli-appuntamenti-online-ottieni-il-tuo-profilo-giusto\/#breadcrumb\"},\"inLanguage\":\"it-IT\",\"potentialAction\":[{\"@type\":\"ReadAction\",\"target\":[\"https:\/\/arbouserecordings.com\/it\/come-avere-successo-negli-appuntamenti-online-ottieni-il-tuo-profilo-giusto\/\"]}]},{\"@type\":\"BreadcrumbList\",\"@id\":\"https:\/\/arbouserecordings.com\/it\/come-avere-successo-negli-appuntamenti-online-ottieni-il-tuo-profilo-giusto\/#breadcrumb\",\"itemListElement\":[{\"@type\":\"ListItem\",\"position\":1,\"name\":\"Home\",\"item\":\"https:\/\/arbouserecordings.com\/it\/\"},{\"@type\":\"ListItem\",\"position\":2,\"name\":\"Come avere successo negli appuntamenti online: ottieni il tuo profilo giusto\"}]}]}<\/script>\n<!-- \/ Yoast SEO plugin. -->","yoast_head_json":{"title":"Come avere successo negli appuntamenti online: ottieni il tuo profilo giusto - Adult Recordings","robots":{"index":"index","follow":"follow","max-snippet":"max-snippet:-1","max-image-preview":"max-image-preview:large","max-video-preview":"max-video-preview:-1"},"canonical":"https:\/\/arbouserecordings.com\/it\/come-avere-successo-negli-appuntamenti-online-ottieni-il-tuo-profilo-giusto\/","og_locale":"it_IT","og_type":"article","og_title":"Come avere successo negli appuntamenti online: ottieni il tuo profilo giusto - Adult Recordings","og_description":"Come avere successo negli appuntamenti online: ottieni il tuo profilo giusto I siti di incontri pi\u00f9 popolari includono eHarmony, Match, OkCupid, PlentyOfFish e Tinder. Tutti variano in termini di funzionalit\u00e0, [&hellip;]","og_url":"https:\/\/arbouserecordings.com\/it\/come-avere-successo-negli-appuntamenti-online-ottieni-il-tuo-profilo-giusto\/","og_site_name":"Adult Recordings","og_image":[{"width":500,"height":750,"url":"https:\/\/arbouserecordings.com\/wp-content\/uploads\/2022\/08\/online-dating.jpeg","type":"image\/jpeg"}],"twitter_card":"summary_large_image","twitter_misc":{"Tempo di lettura stimato":"4 minuti"},"schema":{"@context":"https:\/\/schema.org","@graph":[{"@type":"WebSite","@id":"https:\/\/arbouserecordings.com\/nl\/#website","url":"https:\/\/arbouserecordings.com\/nl\/","name":"Adult Recordings","description":"Online Hookup Reviews","potentialAction":[{"@type":"SearchAction","target":{"@type":"EntryPoint","urlTemplate":"https:\/\/arbouserecordings.com\/nl\/?s={search_term_string}"},"query-input":"required name=search_term_string"}],"inLanguage":"it-IT"},{"@type":"ImageObject","@id":"https:\/\/arbouserecordings.com\/it\/come-avere-successo-negli-appuntamenti-online-ottieni-il-tuo-profilo-giusto\/#primaryimage","inLanguage":"it-IT","url":"https:\/\/arbouserecordings.com\/wp-content\/uploads\/2022\/08\/online-dating.jpeg","contentUrl":"https:\/\/arbouserecordings.com\/wp-content\/uploads\/2022\/08\/online-dating.jpeg","width":500,"height":750},{"@type":"WebPage","@id":"https:\/\/arbouserecordings.com\/it\/come-avere-successo-negli-appuntamenti-online-ottieni-il-tuo-profilo-giusto\/#webpage","url":"https:\/\/arbouserecordings.com\/it\/come-avere-successo-negli-appuntamenti-online-ottieni-il-tuo-profilo-giusto\/","name":"Come avere successo negli appuntamenti online: ottieni il tuo profilo giusto - Adult Recordings","isPartOf":{"@id":"https:\/\/arbouserecordings.com\/nl\/#website"},"primaryImageOfPage":{"@id":"https:\/\/arbouserecordings.com\/it\/come-avere-successo-negli-appuntamenti-online-ottieni-il-tuo-profilo-giusto\/#primaryimage"},"datePublished":"2022-08-28T09:58:17+00:00","dateModified":"2022-08-28T09:58:17+00:00","breadcrumb":{"@id":"https:\/\/arbouserecordings.com\/it\/come-avere-successo-negli-appuntamenti-online-ottieni-il-tuo-profilo-giusto\/#breadcrumb"},"inLanguage":"it-IT","potentialAction":[{"@type":"ReadAction","target":["https:\/\/arbouserecordings.com\/it\/come-avere-successo-negli-appuntamenti-online-ottieni-il-tuo-profilo-giusto\/"]}]},{"@type":"BreadcrumbList","@id":"https:\/\/arbouserecordings.com\/it\/come-avere-successo-negli-appuntamenti-online-ottieni-il-tuo-profilo-giusto\/#breadcrumb","itemListElement":[{"@type":"ListItem","position":1,"name":"Home","item":"https:\/\/arbouserecordings.com\/it\/"},{"@type":"ListItem","position":2,"name":"Come avere successo negli appuntamenti online: ottieni il tuo profilo giusto"}]}]}},"_links":{"self":[{"href":"https:\/\/arbouserecordings.com\/it\/wp-json\/wp\/v2\/pages\/336"}],"collection":[{"href":"https:\/\/arbouserecordings.com\/it\/wp-json\/wp\/v2\/pages"}],"about":[{"href":"https:\/\/arbouserecordings.com\/it\/wp-json\/wp\/v2\/types\/page"}],"author":[{"embeddable":true,"href":"https:\/\/arbouserecordings.com\/it\/wp-json\/wp\/v2\/users\/1"}],"replies":[{"embeddable":true,"href":"https:\/\/arbouserecordings.com\/it\/wp-json\/wp\/v2\/comments?post=336"}],"version-history":[{"count":0,"href":"https:\/\/arbouserecordings.com\/it\/wp-json\/wp\/v2\/pages\/336\/revisions"}],"wp:featuredmedia":[{"embeddable":true,"href":"https:\/\/arbouserecordings.com\/it\/wp-json\/wp\/v2\/media\/227"}],"wp:attachment":[{"href":"https:\/\/arbouserecordings.com\/it\/wp-json\/wp\/v2\/media?parent=336"}],"curies":[{"name":"wp","href":"https:\/\/api.w.org\/{rel}","templated":true}]}}