{"id":335,"date":"2022-08-28T10:49:05","date_gmt":"2022-08-28T09:49:05","guid":{"rendered":"http:\/\/arbouserecordings.com\/come-trovare-collegamenti-locali-vicino-a-te\/"},"modified":"2022-08-28T10:49:05","modified_gmt":"2022-08-28T09:49:05","slug":"come-trovare-collegamenti-locali-vicino-a-te","status":"publish","type":"page","link":"https:\/\/arbouserecordings.com\/it\/come-trovare-collegamenti-locali-vicino-a-te\/","title":{"rendered":"Come trovare collegamenti locali vicino a te?"},"content":{"rendered":"<h1>Come trovare collegamenti locali vicino a te?<\/h1>\n<p>Benvenuto nella migliore app di appuntamenti gratuita sul web. Sappiamo che gli appuntamenti online a volte possono sembrare un compito scoraggiante, soprattutto se stai cercando l&#8217;amore in tutti i posti sbagliati. Cos\u00ec abbiamo costruito il nostro sito con l&#8217;unico scopo di rendere gli appuntamenti online gratuiti, facili e divertenti per tutti. Speriamo che ti piaccia tanto quanto noi. Se ci sono domande non esitate a contattarci. Siamo qui per aiutarti!<\/p>\n<h2>Incontra donne locali per un collegamento<\/h2>\n<p>NSA fornisce un&#8217;interfaccia pulita che semplifica la navigazione e la comunicazione con altri membri. Oltre alle funzionalit\u00e0 standard che puoi aspettarti di trovare su qualsiasi altra app di appuntamenti online, il sito offre alcuni vantaggi extra che lo distinguono dalla massa.<\/p>\n<p>Una volta selezionato un profilo che attira la tua attenzione, verrai indirizzato a una schermata in cui puoi visualizzare le informazioni del membro, inclusi sesso, et\u00e0, posizione, interessi e, soprattutto, la sua galleria fotografica. Da l\u00ec, puoi continuare a navigare nei profili o puoi avviare il contatto inviando un occhiolino a un altro membro. In entrambi i casi, non dovrai aspettare a lungo perch\u00e9 i messaggi vengono consegnati quasi immediatamente.<\/p>\n<p>Se decidi di andare oltre, puoi creare una <a href=\"http:\/\/arbouserecordings.com\/it\/trovare-qualcuno-di-speciale-con-i-siti-di-collegamento\/\">chat room<\/a> privata in cui puoi scambiare foto, video e qualsiasi altra cosa tu voglia mostrare. Puoi anche aggiungere amici tramite Facebook, Twitter, Instagram, Kik e Viber. Tuttavia, a differenza di molte app di appuntamenti per adulti, NSa non richiede di collegare i tuoi account insieme. Invece, puoi semplicemente connettere i tuoi social network separatamente.<\/p>\n<h2>I nostri consigli<\/h2>\n<p>Questo \u00e8 un aggregatore di recensioni e uno strumento di confronto per <a href=\"http:\/\/arbouserecordings.com\/it\/guida-alla-ricerca-dellamore-con-i-single-vicini\/\">siti di incontri online<\/a> e applicazioni mobili. Confrontiamo i migliori siti di incontri e app mobili in base ai dati raccolti dal web, dai social media e da terze parti imparziali.<\/p>\n<p>Analizziamo oltre 20 diversi criteri tra cui prezzo, costo dell&#8217;iscrizione, numero di membri, storie di successo, assistenza clienti, sicurezza, politica sulla privacy, politica di rimborso, disponibilit\u00e0 di app mobili e molto altro.<\/p>\n<p>Per saperne di pi\u00f9 su come selezioniamo i migliori siti e app di incontri, leggi la nostra metodologia qui.<\/p>\n<h2>Dovresti usare siti di sexting o app di appuntamenti?<\/h2>\n<p>Le app di appuntamenti online stanno diventando sempre pi\u00f9 popolari tra i single di tutto il mondo. Le persone li usano per trovare amore, amicizia, sesso occasionale e persino relazioni a lungo termine. Vengono anche utilizzati per appuntamenti divertenti, amici con benefici e semplici vecchi flirt. Esistono molti tipi diversi di app di appuntamenti online, comprese quelle progettate per scopi specifici, come trovare un appuntamento, incontrare potenziali partner o semplicemente conoscere persone interessanti.<\/p>\n<p>Questo tipo di app sta diventando sempre pi\u00f9 popolare perch\u00e9 rende pi\u00f9 facile trovare un appuntamento senza dover passare ore a sfogliare i profili dei social media. Ora ci sono centinaia di diversi siti di incontri e app l\u00e0 fuori, ognuno dei quali offre qualcosa di leggermente diverso. Qui guardiamo cosa offrono, quanto costano e quanto \u00e8 facile usarli.<\/p>\n<p>Sono un ottimo modo per incontrare qualcuno di nuovo, soprattutto se non vuoi uscire per un appuntamento con chiunque.<\/p>\n","protected":false},"excerpt":{"rendered":"<p>Come trovare collegamenti locali vicino a te? Benvenuto nella migliore app di appuntamenti gratuita sul web. Sappiamo che gli appuntamenti online a volte possono sembrare un compito scoraggiante, soprattutto se [&hellip;]<\/p>\n","protected":false},"author":1,"featured_media":272,"parent":0,"menu_order":0,"comment_status":"closed","ping_status":"closed","template":"","meta":[],"yoast_head":"<!-- This site is optimized with the Yoast SEO plugin v17.7.1 - https:\/\/yoast.com\/wordpress\/plugins\/seo\/ -->\n<title>Come trovare collegamenti locali vicino a te? - Adult Recordings<\/title>\n<meta name=\"robots\" content=\"index, follow, max-snippet:-1, max-image-preview:large, max-video-preview:-1\" \/>\n<link rel=\"canonical\" href=\"https:\/\/arbouserecordings.com\/it\/come-trovare-collegamenti-locali-vicino-a-te\/\" \/>\n<meta property=\"og:locale\" content=\"it_IT\" \/>\n<meta property=\"og:type\" content=\"article\" \/>\n<meta property=\"og:title\" content=\"Come trovare collegamenti locali vicino a te? - Adult Recordings\" \/>\n<meta property=\"og:description\" content=\"Come trovare collegamenti locali vicino a te? Benvenuto nella migliore app di appuntamenti gratuita sul web. Sappiamo che gli appuntamenti online a volte possono sembrare un compito scoraggiante, soprattutto se [&hellip;]\" \/>\n<meta property=\"og:url\" content=\"https:\/\/arbouserecordings.com\/it\/come-trovare-collegamenti-locali-vicino-a-te\/\" \/>\n<meta property=\"og:site_name\" content=\"Adult Recordings\" \/>\n<meta property=\"og:image\" content=\"https:\/\/arbouserecordings.com\/wp-content\/uploads\/2022\/08\/read-reviews.jpeg\" \/>\n\t<meta property=\"og:image:width\" content=\"2250\" \/>\n\t<meta property=\"og:image:height\" content=\"1500\" \/>\n<meta name=\"twitter:card\" content=\"summary_large_image\" \/>\n<meta name=\"twitter:label1\" content=\"Tempo di lettura stimato\" \/>\n\t<meta name=\"twitter:data1\" content=\"3 minuti\" \/>\n<script type=\"application\/ld+json\" class=\"yoast-schema-graph\">{\"@context\":\"https:\/\/schema.org\",\"@graph\":[{\"@type\":\"WebSite\",\"@id\":\"https:\/\/arbouserecordings.com\/#website\",\"url\":\"https:\/\/arbouserecordings.com\/\",\"name\":\"Adult Recordings\",\"description\":\"Online Hookup Reviews\",\"potentialAction\":[{\"@type\":\"SearchAction\",\"target\":{\"@type\":\"EntryPoint\",\"urlTemplate\":\"https:\/\/arbouserecordings.com\/?s={search_term_string}\"},\"query-input\":\"required name=search_term_string\"}],\"inLanguage\":\"it-IT\"},{\"@type\":\"ImageObject\",\"@id\":\"https:\/\/arbouserecordings.com\/it\/come-trovare-collegamenti-locali-vicino-a-te\/#primaryimage\",\"inLanguage\":\"it-IT\",\"url\":\"https:\/\/arbouserecordings.com\/wp-content\/uploads\/2022\/08\/read-reviews.jpeg\",\"contentUrl\":\"https:\/\/arbouserecordings.com\/wp-content\/uploads\/2022\/08\/read-reviews.jpeg\",\"width\":2250,\"height\":1500},{\"@type\":\"WebPage\",\"@id\":\"https:\/\/arbouserecordings.com\/it\/come-trovare-collegamenti-locali-vicino-a-te\/#webpage\",\"url\":\"https:\/\/arbouserecordings.com\/it\/come-trovare-collegamenti-locali-vicino-a-te\/\",\"name\":\"Come trovare collegamenti locali vicino a te? - Adult Recordings\",\"isPartOf\":{\"@id\":\"https:\/\/arbouserecordings.com\/#website\"},\"primaryImageOfPage\":{\"@id\":\"https:\/\/arbouserecordings.com\/it\/come-trovare-collegamenti-locali-vicino-a-te\/#primaryimage\"},\"datePublished\":\"2022-08-28T09:49:05+00:00\",\"dateModified\":\"2022-08-28T09:49:05+00:00\",\"breadcrumb\":{\"@id\":\"https:\/\/arbouserecordings.com\/it\/come-trovare-collegamenti-locali-vicino-a-te\/#breadcrumb\"},\"inLanguage\":\"it-IT\",\"potentialAction\":[{\"@type\":\"ReadAction\",\"target\":[\"https:\/\/arbouserecordings.com\/it\/come-trovare-collegamenti-locali-vicino-a-te\/\"]}]},{\"@type\":\"BreadcrumbList\",\"@id\":\"https:\/\/arbouserecordings.com\/it\/come-trovare-collegamenti-locali-vicino-a-te\/#breadcrumb\",\"itemListElement\":[{\"@type\":\"ListItem\",\"position\":1,\"name\":\"Home\",\"item\":\"https:\/\/arbouserecordings.com\/it\/\"},{\"@type\":\"ListItem\",\"position\":2,\"name\":\"Come trovare collegamenti locali vicino a te?\"}]}]}<\/script>\n<!-- \/ Yoast SEO plugin. -->","yoast_head_json":{"title":"Come trovare collegamenti locali vicino a te? - Adult Recordings","robots":{"index":"index","follow":"follow","max-snippet":"max-snippet:-1","max-image-preview":"max-image-preview:large","max-video-preview":"max-video-preview:-1"},"canonical":"https:\/\/arbouserecordings.com\/it\/come-trovare-collegamenti-locali-vicino-a-te\/","og_locale":"it_IT","og_type":"article","og_title":"Come trovare collegamenti locali vicino a te? - Adult Recordings","og_description":"Come trovare collegamenti locali vicino a te? Benvenuto nella migliore app di appuntamenti gratuita sul web. Sappiamo che gli appuntamenti online a volte possono sembrare un compito scoraggiante, soprattutto se [&hellip;]","og_url":"https:\/\/arbouserecordings.com\/it\/come-trovare-collegamenti-locali-vicino-a-te\/","og_site_name":"Adult Recordings","og_image":[{"width":2250,"height":1500,"url":"https:\/\/arbouserecordings.com\/wp-content\/uploads\/2022\/08\/read-reviews.jpeg","type":"image\/jpeg"}],"twitter_card":"summary_large_image","twitter_misc":{"Tempo di lettura stimato":"3 minuti"},"schema":{"@context":"https:\/\/schema.org","@graph":[{"@type":"WebSite","@id":"https:\/\/arbouserecordings.com\/#website","url":"https:\/\/arbouserecordings.com\/","name":"Adult Recordings","description":"Online Hookup Reviews","potentialAction":[{"@type":"SearchAction","target":{"@type":"EntryPoint","urlTemplate":"https:\/\/arbouserecordings.com\/?s={search_term_string}"},"query-input":"required name=search_term_string"}],"inLanguage":"it-IT"},{"@type":"ImageObject","@id":"https:\/\/arbouserecordings.com\/it\/come-trovare-collegamenti-locali-vicino-a-te\/#primaryimage","inLanguage":"it-IT","url":"https:\/\/arbouserecordings.com\/wp-content\/uploads\/2022\/08\/read-reviews.jpeg","contentUrl":"https:\/\/arbouserecordings.com\/wp-content\/uploads\/2022\/08\/read-reviews.jpeg","width":2250,"height":1500},{"@type":"WebPage","@id":"https:\/\/arbouserecordings.com\/it\/come-trovare-collegamenti-locali-vicino-a-te\/#webpage","url":"https:\/\/arbouserecordings.com\/it\/come-trovare-collegamenti-locali-vicino-a-te\/","name":"Come trovare collegamenti locali vicino a te? - Adult Recordings","isPartOf":{"@id":"https:\/\/arbouserecordings.com\/#website"},"primaryImageOfPage":{"@id":"https:\/\/arbouserecordings.com\/it\/come-trovare-collegamenti-locali-vicino-a-te\/#primaryimage"},"datePublished":"2022-08-28T09:49:05+00:00","dateModified":"2022-08-28T09:49:05+00:00","breadcrumb":{"@id":"https:\/\/arbouserecordings.com\/it\/come-trovare-collegamenti-locali-vicino-a-te\/#breadcrumb"},"inLanguage":"it-IT","potentialAction":[{"@type":"ReadAction","target":["https:\/\/arbouserecordings.com\/it\/come-trovare-collegamenti-locali-vicino-a-te\/"]}]},{"@type":"BreadcrumbList","@id":"https:\/\/arbouserecordings.com\/it\/come-trovare-collegamenti-locali-vicino-a-te\/#breadcrumb","itemListElement":[{"@type":"ListItem","position":1,"name":"Home","item":"https:\/\/arbouserecordings.com\/it\/"},{"@type":"ListItem","position":2,"name":"Come trovare collegamenti locali vicino a te?"}]}]}},"_links":{"self":[{"href":"https:\/\/arbouserecordings.com\/it\/wp-json\/wp\/v2\/pages\/335"}],"collection":[{"href":"https:\/\/arbouserecordings.com\/it\/wp-json\/wp\/v2\/pages"}],"about":[{"href":"https:\/\/arbouserecordings.com\/it\/wp-json\/wp\/v2\/types\/page"}],"author":[{"embeddable":true,"href":"https:\/\/arbouserecordings.com\/it\/wp-json\/wp\/v2\/users\/1"}],"replies":[{"embeddable":true,"href":"https:\/\/arbouserecordings.com\/it\/wp-json\/wp\/v2\/comments?post=335"}],"version-history":[{"count":0,"href":"https:\/\/arbouserecordings.com\/it\/wp-json\/wp\/v2\/pages\/335\/revisions"}],"wp:featuredmedia":[{"embeddable":true,"href":"https:\/\/arbouserecordings.com\/it\/wp-json\/wp\/v2\/media\/272"}],"wp:attachment":[{"href":"https:\/\/arbouserecordings.com\/it\/wp-json\/wp\/v2\/media?parent=335"}],"curies":[{"name":"wp","href":"https:\/\/api.w.org\/{rel}","templated":true}]}}