{"id":304,"date":"2022-08-28T11:16:24","date_gmt":"2022-08-28T10:16:24","guid":{"rendered":"http:\/\/arbouserecordings.com\/guida-alla-ricerca-dellamore-con-i-single-vicini\/"},"modified":"2022-08-28T11:16:24","modified_gmt":"2022-08-28T10:16:24","slug":"guida-alla-ricerca-dellamore-con-i-single-vicini","status":"publish","type":"page","link":"https:\/\/arbouserecordings.com\/it\/guida-alla-ricerca-dellamore-con-i-single-vicini\/","title":{"rendered":"Guida alla ricerca dell&#8217;amore con i single vicini"},"content":{"rendered":"<h1>Guida alla ricerca dell&#8217;amore con i single vicini<\/h1>\n<p>Oggi ci sono molti siti di incontri online e la maggior parte di essi costa denaro. Se vuoi provarlo senza pagare nulla, devi trovare un sito di incontri completamente gratuito. Ci sono alcuni siti di incontri completamente gratuiti l\u00e0 fuori, ma non sono molto popolari. Questo articolo ne elenca otto, compresi i migliori.<\/p>\n<p>Questi siti offrono diversi livelli di abbonamento <a href=\"http:\/\/arbouserecordings.com\/it\/come-avere-successo-negli-appuntamenti-online-ottieni-il-tuo-profilo-giusto\/\">a seconda<\/a> di quanto si desidera pagare al mese. Puoi scegliere un abbonamento mensile o un piano annuale. Non ci sono costi nascosti sulla maggior parte delle app; tutto \u00e8 chiaramente disposto in anticipo. Come membro, puoi leggere le recensioni scritte dai membri precedenti, visualizzare le foto di potenziali corrispondenze e persino chattare dal vivo con altre persone. Se decidi di iscriverti a un abbonamento a pagamento, puoi andare avanti e rendere pubblico il tuo profilo. In questo modo, chiunque pu\u00f2 vedere la tua galleria fotografica e le informazioni personali. Puoi anche impostare determinate preferenze come posizione, fascia d&#8217;et\u00e0, sesso ed etnia. Tuttavia, non c&#8217;\u00e8 alcuna opzione per scegliere se mostrare il tuo interesse per qualcuno in base al suo aspetto o ai tratti della personalit\u00e0.<\/p>\n<h1>Dovresti iniziare a uscire online &#8211; Quali app provare?<\/h1>\n<p>I siti e le app di incontri gratuiti sono sempre pi\u00f9 popolari perch\u00e9 non richiedono un numero di carta di credito e di solito offrono molti vantaggi senza addebitare commissioni mensili. Alcuni addirittura ti permettono di trovare l&#8217;amore senza pagare nulla in anticipo. Ma ci sono alcuni svantaggi nell&#8217;iscriversi a un sito o un&#8217;app gratuita, come avere meno corrispondenze ed essere meno propensi a connettersi con qualcuno che condivide i tuoi interessi.<\/p>\n<h2>CMB \u00b7<\/h2>\n<p>Coffee Meets Bagel \u00e8 un&#8217;app di appuntamenti in cui i membri possono sfogliare i profili e i messaggi di potenziali appuntamenti in pochi secondi. Gli utenti possono vedere quanti Mi piace ha ricevuto ogni profilo e se ci sono messaggi recenti. Possono anche inviare un messaggio per iniziare a chattare con una persona. L&#8217;app offre inoltre agli utenti la possibilit\u00e0 di impostare un appuntamento per un caff\u00e8 o un incontro con un altro membro.<\/p>\n<p>L&#8217;app ti consente di scorrere verso destra se vuoi connetterti con qualcun altro o a sinistra se non lo fai. Se entrambe le parti sono interessate, chatteranno.<\/p>\n<p>Per le coppie eterosessuali, la donna invia prima il suo profilo. Con le coppie dello stesso sesso, chiunque inizi il contatto pu\u00f2 farlo.<\/p>\n<p>\u00c8 possibile cercare profili, effettuare connessioni e inviare messaggi.<\/p>\n<h2>Esca<\/h2>\n<p>Tinder \u00e8 un&#8217;app mobile basata sulla posizione che consente agli utenti di chattare con gli altri nelle vicinanze e stabilire connessioni tramite testo o emoji. Le persone usano l&#8217;app per connettersi con chiunque nelle vicinanze, indipendentemente dall&#8217;et\u00e0 o dal sesso. Gli utenti possono aggiungere ulteriori informazioni su se stessi come interessi, istruzione, carriera e hobby. Possono anche caricare una foto e selezionare una posizione per mostrare la loro posizione corrente. Una volta abbinato, gli utenti possono iniziare a inviare messaggi.<\/p>\n<h2>OkCupid<\/h2>\n<p>OkCupid \u00e8 <a href=\"http:\/\/arbouserecordings.com\/it\/trovare-qualcuno-di-speciale-con-i-siti-di-collegamento\/\">un&#8217;app di appuntamenti gratuita<\/a> che offre la corrispondenza di compatibilit\u00e0 in base a fattori come tratti della personalit\u00e0, valori, stile di vita e attivit\u00e0 condivise. Ok Cupid utilizza un questionario per aiutare gli utenti a scoprire punti in comune e differenze tra i potenziali partner. Quando due utenti corrispondono, possono visualizzare i rispettivi profili e comunicare privatamente. Con questo servizio gratuito, sarai in grado di impostare un profilo di appuntamenti che non \u00e8 visibile a nessun altro tranne te. Puoi scegliere di rendere pubblico il tuo profilo o tenerlo nascosto. Puoi anche aggiungere un&#8217;immagine di copertina.<\/p>\n<h2>Cardine<\/h2>\n<p>Hinge \u00e8 un&#8217;applicazione mobile che collega le persone in base ad amici comuni. Hinge utilizza i dati di Facebook per determinare la compatibilit\u00e0. Dopo la registrazione, gli utenti possono sfogliare i profili e inviare messaggi ad altri utenti. Se due utenti decidono di diventare una corrispondenza, possono scambiarsi numeri di telefono e organizzare un incontro faccia a faccia.<\/p>\n<p>Gli utenti possono anche aggiungere foto, video e dati sulla posizione per aiutare gli altri a stabilire connessioni. E mentre l&#8217;app non richiede agli utenti di compilare profili estesi, pone domande su cose come religione, politica e istruzione. Tutto ci\u00f2 potrebbe sembrare piuttosto semplice, ma Hinge dice che \u00e8 diverso perch\u00e9 \u00e8 progettato per consentire alle persone di concentrarsi sulla ricerca dell&#8217;amore all&#8217;interno di quelle aree.<\/p>\n<h2>POF<\/h2>\n<p>Plenty of Fish \u00e8 un sito di incontri online gratuito che si rivolge a coloro che cercano relazioni a lungo termine. Plenty of Fish include funzionalit\u00e0 come chat dal vivo, chat video ed e-mail. Gli utenti possono anche visualizzare i post pubblici di altri utenti e leggere i messaggi inviati da altri utenti. Ci sono oltre 40 milioni di utenti registrati in tutto il mondo.<\/p>\n<p>PlentyOfFish \u00e8 un altro oldie ma goodie. \u00c8 stata fondata nel 2003 e ora afferma di avere 2 milioni di visitatori mensili. Il loro motto \u00e8 &#8220;Free To Browse&#8221; e offrono tonnellate di funzionalit\u00e0 come chat room, chat video, ecc.<\/p>\n<h2>Zoosk \u00b7<\/h2>\n<p>Zoosk \u00e8 una popolare app di appuntamenti che si concentra sull&#8217;aiutare gli utenti a trovare il vero amore. Zoosk \u00e8 completamente gratuito da scaricare e registrarsi. Gli utenti possono creare un profilo, caricare pi\u00f9 immagini e includere informazioni di base su se stessi. Possono anche rispondere alle domande poste da altri utenti per aiutare a restringere le corrispondenze compatibili. Zoosk \u00e8 un giocatore relativamente nuovo nel gioco di appuntamenti online, ma \u00e8 gi\u00e0 riuscito a diventare uno dei pi\u00f9 grandi giocatori. \u00c8 stata fondata nel 2007 e oggi afferma di avere oltre 20 milioni di utenti registrati.<\/p>\n","protected":false},"excerpt":{"rendered":"<p>Guida alla ricerca dell&#8217;amore con i single vicini Oggi ci sono molti siti di incontri online e la maggior parte di essi costa denaro. Se vuoi provarlo senza pagare nulla, [&hellip;]<\/p>\n","protected":false},"author":1,"featured_media":257,"parent":0,"menu_order":0,"comment_status":"closed","ping_status":"closed","template":"","meta":[],"yoast_head":"<!-- This site is optimized with the Yoast SEO plugin v17.7.1 - https:\/\/yoast.com\/wordpress\/plugins\/seo\/ -->\n<title>Guida alla ricerca dell&#039;amore con i single vicini - Adult Recordings<\/title>\n<meta name=\"robots\" content=\"index, follow, max-snippet:-1, max-image-preview:large, max-video-preview:-1\" \/>\n<link rel=\"canonical\" href=\"https:\/\/arbouserecordings.com\/it\/guida-alla-ricerca-dellamore-con-i-single-vicini\/\" \/>\n<meta property=\"og:locale\" content=\"it_IT\" \/>\n<meta property=\"og:type\" content=\"article\" \/>\n<meta property=\"og:title\" content=\"Guida alla ricerca dell&#039;amore con i single vicini - Adult Recordings\" \/>\n<meta property=\"og:description\" content=\"Guida alla ricerca dell&#8217;amore con i single vicini Oggi ci sono molti siti di incontri online e la maggior parte di essi costa denaro. Se vuoi provarlo senza pagare nulla, [&hellip;]\" \/>\n<meta property=\"og:url\" content=\"https:\/\/arbouserecordings.com\/it\/guida-alla-ricerca-dellamore-con-i-single-vicini\/\" \/>\n<meta property=\"og:site_name\" content=\"Adult Recordings\" \/>\n<meta property=\"og:image\" content=\"http:\/\/arbouserecordings.com\/wp-content\/uploads\/2022\/08\/free-sexting.jpeg\" \/>\n\t<meta property=\"og:image:width\" content=\"1125\" \/>\n\t<meta property=\"og:image:height\" content=\"750\" \/>\n<meta name=\"twitter:card\" content=\"summary_large_image\" \/>\n<meta name=\"twitter:label1\" content=\"Tempo di lettura stimato\" \/>\n\t<meta name=\"twitter:data1\" content=\"4 minuti\" \/>\n<script type=\"application\/ld+json\" class=\"yoast-schema-graph\">{\"@context\":\"https:\/\/schema.org\",\"@graph\":[{\"@type\":\"WebSite\",\"@id\":\"https:\/\/arbouserecordings.com\/#website\",\"url\":\"https:\/\/arbouserecordings.com\/\",\"name\":\"Adult Recordings\",\"description\":\"Online Hookup Reviews\",\"potentialAction\":[{\"@type\":\"SearchAction\",\"target\":{\"@type\":\"EntryPoint\",\"urlTemplate\":\"https:\/\/arbouserecordings.com\/?s={search_term_string}\"},\"query-input\":\"required name=search_term_string\"}],\"inLanguage\":\"it-IT\"},{\"@type\":\"ImageObject\",\"@id\":\"https:\/\/arbouserecordings.com\/it\/guida-alla-ricerca-dellamore-con-i-single-vicini\/#primaryimage\",\"inLanguage\":\"it-IT\",\"url\":\"https:\/\/arbouserecordings.com\/wp-content\/uploads\/2022\/08\/free-sexting.jpeg\",\"contentUrl\":\"https:\/\/arbouserecordings.com\/wp-content\/uploads\/2022\/08\/free-sexting.jpeg\",\"width\":1125,\"height\":750},{\"@type\":\"WebPage\",\"@id\":\"https:\/\/arbouserecordings.com\/it\/guida-alla-ricerca-dellamore-con-i-single-vicini\/#webpage\",\"url\":\"https:\/\/arbouserecordings.com\/it\/guida-alla-ricerca-dellamore-con-i-single-vicini\/\",\"name\":\"Guida alla ricerca dell'amore con i single vicini - Adult Recordings\",\"isPartOf\":{\"@id\":\"https:\/\/arbouserecordings.com\/#website\"},\"primaryImageOfPage\":{\"@id\":\"https:\/\/arbouserecordings.com\/it\/guida-alla-ricerca-dellamore-con-i-single-vicini\/#primaryimage\"},\"datePublished\":\"2022-08-28T10:16:24+00:00\",\"dateModified\":\"2022-08-28T10:16:24+00:00\",\"breadcrumb\":{\"@id\":\"https:\/\/arbouserecordings.com\/it\/guida-alla-ricerca-dellamore-con-i-single-vicini\/#breadcrumb\"},\"inLanguage\":\"it-IT\",\"potentialAction\":[{\"@type\":\"ReadAction\",\"target\":[\"https:\/\/arbouserecordings.com\/it\/guida-alla-ricerca-dellamore-con-i-single-vicini\/\"]}]},{\"@type\":\"BreadcrumbList\",\"@id\":\"https:\/\/arbouserecordings.com\/it\/guida-alla-ricerca-dellamore-con-i-single-vicini\/#breadcrumb\",\"itemListElement\":[{\"@type\":\"ListItem\",\"position\":1,\"name\":\"Home\",\"item\":\"http:\/\/arbouserecordings.com\/it\/\"},{\"@type\":\"ListItem\",\"position\":2,\"name\":\"Guida alla ricerca dell&#8217;amore con i single vicini\"}]}]}<\/script>\n<!-- \/ Yoast SEO plugin. -->","yoast_head_json":{"title":"Guida alla ricerca dell'amore con i single vicini - Adult Recordings","robots":{"index":"index","follow":"follow","max-snippet":"max-snippet:-1","max-image-preview":"max-image-preview:large","max-video-preview":"max-video-preview:-1"},"canonical":"https:\/\/arbouserecordings.com\/it\/guida-alla-ricerca-dellamore-con-i-single-vicini\/","og_locale":"it_IT","og_type":"article","og_title":"Guida alla ricerca dell'amore con i single vicini - Adult Recordings","og_description":"Guida alla ricerca dell&#8217;amore con i single vicini Oggi ci sono molti siti di incontri online e la maggior parte di essi costa denaro. Se vuoi provarlo senza pagare nulla, [&hellip;]","og_url":"https:\/\/arbouserecordings.com\/it\/guida-alla-ricerca-dellamore-con-i-single-vicini\/","og_site_name":"Adult Recordings","og_image":[{"width":1125,"height":750,"url":"http:\/\/arbouserecordings.com\/wp-content\/uploads\/2022\/08\/free-sexting.jpeg","type":"image\/jpeg"}],"twitter_card":"summary_large_image","twitter_misc":{"Tempo di lettura stimato":"4 minuti"},"schema":{"@context":"https:\/\/schema.org","@graph":[{"@type":"WebSite","@id":"https:\/\/arbouserecordings.com\/#website","url":"https:\/\/arbouserecordings.com\/","name":"Adult Recordings","description":"Online Hookup Reviews","potentialAction":[{"@type":"SearchAction","target":{"@type":"EntryPoint","urlTemplate":"https:\/\/arbouserecordings.com\/?s={search_term_string}"},"query-input":"required name=search_term_string"}],"inLanguage":"it-IT"},{"@type":"ImageObject","@id":"https:\/\/arbouserecordings.com\/it\/guida-alla-ricerca-dellamore-con-i-single-vicini\/#primaryimage","inLanguage":"it-IT","url":"https:\/\/arbouserecordings.com\/wp-content\/uploads\/2022\/08\/free-sexting.jpeg","contentUrl":"https:\/\/arbouserecordings.com\/wp-content\/uploads\/2022\/08\/free-sexting.jpeg","width":1125,"height":750},{"@type":"WebPage","@id":"https:\/\/arbouserecordings.com\/it\/guida-alla-ricerca-dellamore-con-i-single-vicini\/#webpage","url":"https:\/\/arbouserecordings.com\/it\/guida-alla-ricerca-dellamore-con-i-single-vicini\/","name":"Guida alla ricerca dell'amore con i single vicini - Adult Recordings","isPartOf":{"@id":"https:\/\/arbouserecordings.com\/#website"},"primaryImageOfPage":{"@id":"https:\/\/arbouserecordings.com\/it\/guida-alla-ricerca-dellamore-con-i-single-vicini\/#primaryimage"},"datePublished":"2022-08-28T10:16:24+00:00","dateModified":"2022-08-28T10:16:24+00:00","breadcrumb":{"@id":"https:\/\/arbouserecordings.com\/it\/guida-alla-ricerca-dellamore-con-i-single-vicini\/#breadcrumb"},"inLanguage":"it-IT","potentialAction":[{"@type":"ReadAction","target":["https:\/\/arbouserecordings.com\/it\/guida-alla-ricerca-dellamore-con-i-single-vicini\/"]}]},{"@type":"BreadcrumbList","@id":"https:\/\/arbouserecordings.com\/it\/guida-alla-ricerca-dellamore-con-i-single-vicini\/#breadcrumb","itemListElement":[{"@type":"ListItem","position":1,"name":"Home","item":"http:\/\/arbouserecordings.com\/it\/"},{"@type":"ListItem","position":2,"name":"Guida alla ricerca dell&#8217;amore con i single vicini"}]}]}},"_links":{"self":[{"href":"https:\/\/arbouserecordings.com\/it\/wp-json\/wp\/v2\/pages\/304"}],"collection":[{"href":"https:\/\/arbouserecordings.com\/it\/wp-json\/wp\/v2\/pages"}],"about":[{"href":"https:\/\/arbouserecordings.com\/it\/wp-json\/wp\/v2\/types\/page"}],"author":[{"embeddable":true,"href":"https:\/\/arbouserecordings.com\/it\/wp-json\/wp\/v2\/users\/1"}],"replies":[{"embeddable":true,"href":"https:\/\/arbouserecordings.com\/it\/wp-json\/wp\/v2\/comments?post=304"}],"version-history":[{"count":0,"href":"https:\/\/arbouserecordings.com\/it\/wp-json\/wp\/v2\/pages\/304\/revisions"}],"wp:featuredmedia":[{"embeddable":true,"href":"https:\/\/arbouserecordings.com\/it\/wp-json\/wp\/v2\/media\/257"}],"wp:attachment":[{"href":"https:\/\/arbouserecordings.com\/it\/wp-json\/wp\/v2\/media?parent=304"}],"curies":[{"name":"wp","href":"https:\/\/api.w.org\/{rel}","templated":true}]}}