{"id":298,"date":"2022-08-28T11:00:46","date_gmt":"2022-08-28T10:00:46","guid":{"rendered":"http:\/\/arbouserecordings.com\/trovare-qualcuno-di-speciale-con-i-siti-di-collegamento\/"},"modified":"2022-08-28T11:00:46","modified_gmt":"2022-08-28T10:00:46","slug":"trovare-qualcuno-di-speciale-con-i-siti-di-collegamento","status":"publish","type":"page","link":"https:\/\/arbouserecordings.com\/it\/trovare-qualcuno-di-speciale-con-i-siti-di-collegamento\/","title":{"rendered":"Trovare qualcuno di speciale con i siti di collegamento"},"content":{"rendered":"<h1>Trovare qualcuno di speciale con i siti di collegamento<\/h1>\n<p>Ci sono molte ragioni per cui vorresti usare un&#8217;app di appuntamenti, sia perch\u00e9 stai cercando di incontrare qualcuno di speciale, trovare l&#8217;amore o semplicemente fare amicizia. Ma trovare quello giusto pu\u00f2 essere difficile, soprattutto perch\u00e9 ci sono cos\u00ec tante opzioni l\u00e0 fuori. Quindi ecco la nostra guida per aiutarti a decidere quale app di appuntamenti \u00e8 la migliore per te.<\/p>\n<h2>Vuoi incontrare qualcuno di speciale<\/h2>\n<p>Se stai <a href=\"http:\/\/arbouserecordings.com\/it\/come-avere-successo-negli-appuntamenti-online-ottieni-il-tuo-profilo-giusto\/\">cercando di uscire con<\/a> qualcuno di specifico, probabilmente vorrai iniziare restringendo il campo. In questo modo, non perderai troppo tempo a cercare di trovare corrispondenze con persone che non sono effettivamente interessate a conoscerti meglio. Se stai cercando una relazione a lungo termine, probabilmente vorrai prendere in considerazione app come Tinder, Bumble, Hinge, OkCupid, PlentyOfFish, Match, Zoosk, Coffee Meets Bagel, eHarmony, ChristianMingle e Match.com. Tuttavia, se vuoi solo creare alcune connessioni casuali, puoi provare app come Happn, Grinder, Badoo, Grindr, Hornet e Tango.<\/p>\n<h3>Vuoi solo divertirti<\/h3>\n<p>Alcune app di appuntamenti sono orientate a fare amicizia, mentre altre sono specificamente progettate per il collegamento. App come Tinder, Bumble e Whisper sono ottime per coloro che vogliono fare amicizia, mentre app come Scruff, Growlr e Blendr sono pi\u00f9 focalizzate sulla connessione sessuale. Se stai cercando di connetterti socialmente, puoi controllare app come Facebook, Instagram, Snapchat, Twitter, LinkedIn, Viber, Kik, Whatsapp, WeChat, Line, Telegram, Skype, Yahoo Messenger, Pinterest, Tumblr, Reddit e Tumblr.<\/p>\n<h3>Non sai che tipo di persona stai cercando<\/h3>\n<p>Non importa quanto sia buono il tuo profilo, ci\u00f2 non significa che attirerai automaticamente il tipo di persona che stai cercando. In effetti, la maggior parte delle persone non si rende nemmeno conto di essere attratta da determinati tipi di persone. Quindi \u00e8 importante prendersi il tempo per pensare davvero a chi sei e cosa stai cercando in un partner. Quindi, una volta capito questo, puoi restringere ulteriormente le cose.<\/p>\n<h2>La migliore app per una relazione seria: OkCupid<\/h2>\n<p>OkCupid \u00e8 uno dei siti di incontri gratuiti pi\u00f9 popolari l\u00e0 fuori. \u00c8 in circolazione dal 2007 e ha circa 30 milioni di membri attivi in tutto il mondo. Mentre molte persone sono scettiche sugli <a href=\"http:\/\/arbouserecordings.com\/it\/come-trovare-collegamenti-locali-vicino-a-te\/\">appuntamenti online<\/a>, OkCupid ha in realt\u00e0 un discreto successo. Hanno migliaia di conversazioni quotidiane sul loro sito e dicono che il loro successo si riduce a una cosa: molte lettere d&#8217;amore.<\/p>\n<p>L&#8217;app pone un sito di domande da cose semplici a se, quante date in genere si ucraina in attesa prima di dormire con qualcuno. Pi\u00f9 vai in profondit\u00e0, tuttavia, pi\u00f9 accurati diventeranno i tuoi profili, secondo OkCupid. Ci\u00f2 consente al sito di trovare corrispondenze in base a ci\u00f2 che desideri piuttosto che solo alla tua posizione.<\/p>\n<p>Mentre OkCupid ha una base di utenti molto forte di 30 milioni di membri attivi in tutto il mondo, la qualit\u00e0 delle partite varier\u00e0 a seconda di dove vivi. Se non sei in una grande citt\u00e0, probabilmente vedrai meno opzioni.<\/p>\n","protected":false},"excerpt":{"rendered":"<p>Trovare qualcuno di speciale con i siti di collegamento Ci sono molte ragioni per cui vorresti usare un&#8217;app di appuntamenti, sia perch\u00e9 stai cercando di incontrare qualcuno di speciale, trovare [&hellip;]<\/p>\n","protected":false},"author":1,"featured_media":242,"parent":0,"menu_order":0,"comment_status":"closed","ping_status":"closed","template":"","meta":[],"yoast_head":"<!-- This site is optimized with the Yoast SEO plugin v17.7.1 - https:\/\/yoast.com\/wordpress\/plugins\/seo\/ -->\n<title>Trovare qualcuno di speciale con i siti di collegamento - Adult Recordings<\/title>\n<meta name=\"robots\" content=\"index, follow, max-snippet:-1, max-image-preview:large, max-video-preview:-1\" \/>\n<link rel=\"canonical\" href=\"https:\/\/arbouserecordings.com\/it\/trovare-qualcuno-di-speciale-con-i-siti-di-collegamento\/\" \/>\n<meta property=\"og:locale\" content=\"it_IT\" \/>\n<meta property=\"og:type\" content=\"article\" \/>\n<meta property=\"og:title\" content=\"Trovare qualcuno di speciale con i siti di collegamento - Adult Recordings\" \/>\n<meta property=\"og:description\" content=\"Trovare qualcuno di speciale con i siti di collegamento Ci sono molte ragioni per cui vorresti usare un&#8217;app di appuntamenti, sia perch\u00e9 stai cercando di incontrare qualcuno di speciale, trovare [&hellip;]\" \/>\n<meta property=\"og:url\" content=\"https:\/\/arbouserecordings.com\/it\/trovare-qualcuno-di-speciale-con-i-siti-di-collegamento\/\" \/>\n<meta property=\"og:site_name\" content=\"Adult Recordings\" \/>\n<meta property=\"og:image\" content=\"https:\/\/arbouserecordings.com\/wp-content\/uploads\/2022\/08\/free-adult-hookup-apps.jpeg\" \/>\n\t<meta property=\"og:image:width\" content=\"1125\" \/>\n\t<meta property=\"og:image:height\" content=\"750\" \/>\n<meta name=\"twitter:card\" content=\"summary_large_image\" \/>\n<meta name=\"twitter:label1\" content=\"Tempo di lettura stimato\" \/>\n\t<meta name=\"twitter:data1\" content=\"2 minuti\" \/>\n<script type=\"application\/ld+json\" class=\"yoast-schema-graph\">{\"@context\":\"https:\/\/schema.org\",\"@graph\":[{\"@type\":\"WebSite\",\"@id\":\"https:\/\/arbouserecordings.com\/nl\/#website\",\"url\":\"https:\/\/arbouserecordings.com\/nl\/\",\"name\":\"Adult Recordings\",\"description\":\"Online Hookup Reviews\",\"potentialAction\":[{\"@type\":\"SearchAction\",\"target\":{\"@type\":\"EntryPoint\",\"urlTemplate\":\"https:\/\/arbouserecordings.com\/nl\/?s={search_term_string}\"},\"query-input\":\"required name=search_term_string\"}],\"inLanguage\":\"it-IT\"},{\"@type\":\"ImageObject\",\"@id\":\"https:\/\/arbouserecordings.com\/it\/trovare-qualcuno-di-speciale-con-i-siti-di-collegamento\/#primaryimage\",\"inLanguage\":\"it-IT\",\"url\":\"https:\/\/arbouserecordings.com\/wp-content\/uploads\/2022\/08\/free-adult-hookup-apps.jpeg\",\"contentUrl\":\"https:\/\/arbouserecordings.com\/wp-content\/uploads\/2022\/08\/free-adult-hookup-apps.jpeg\",\"width\":1125,\"height\":750},{\"@type\":\"WebPage\",\"@id\":\"https:\/\/arbouserecordings.com\/it\/trovare-qualcuno-di-speciale-con-i-siti-di-collegamento\/#webpage\",\"url\":\"https:\/\/arbouserecordings.com\/it\/trovare-qualcuno-di-speciale-con-i-siti-di-collegamento\/\",\"name\":\"Trovare qualcuno di speciale con i siti di collegamento - Adult Recordings\",\"isPartOf\":{\"@id\":\"https:\/\/arbouserecordings.com\/nl\/#website\"},\"primaryImageOfPage\":{\"@id\":\"https:\/\/arbouserecordings.com\/it\/trovare-qualcuno-di-speciale-con-i-siti-di-collegamento\/#primaryimage\"},\"datePublished\":\"2022-08-28T10:00:46+00:00\",\"dateModified\":\"2022-08-28T10:00:46+00:00\",\"breadcrumb\":{\"@id\":\"https:\/\/arbouserecordings.com\/it\/trovare-qualcuno-di-speciale-con-i-siti-di-collegamento\/#breadcrumb\"},\"inLanguage\":\"it-IT\",\"potentialAction\":[{\"@type\":\"ReadAction\",\"target\":[\"https:\/\/arbouserecordings.com\/it\/trovare-qualcuno-di-speciale-con-i-siti-di-collegamento\/\"]}]},{\"@type\":\"BreadcrumbList\",\"@id\":\"https:\/\/arbouserecordings.com\/it\/trovare-qualcuno-di-speciale-con-i-siti-di-collegamento\/#breadcrumb\",\"itemListElement\":[{\"@type\":\"ListItem\",\"position\":1,\"name\":\"Home\",\"item\":\"https:\/\/arbouserecordings.com\/it\/\"},{\"@type\":\"ListItem\",\"position\":2,\"name\":\"Trovare qualcuno di speciale con i siti di collegamento\"}]}]}<\/script>\n<!-- \/ Yoast SEO plugin. -->","yoast_head_json":{"title":"Trovare qualcuno di speciale con i siti di collegamento - Adult Recordings","robots":{"index":"index","follow":"follow","max-snippet":"max-snippet:-1","max-image-preview":"max-image-preview:large","max-video-preview":"max-video-preview:-1"},"canonical":"https:\/\/arbouserecordings.com\/it\/trovare-qualcuno-di-speciale-con-i-siti-di-collegamento\/","og_locale":"it_IT","og_type":"article","og_title":"Trovare qualcuno di speciale con i siti di collegamento - Adult Recordings","og_description":"Trovare qualcuno di speciale con i siti di collegamento Ci sono molte ragioni per cui vorresti usare un&#8217;app di appuntamenti, sia perch\u00e9 stai cercando di incontrare qualcuno di speciale, trovare [&hellip;]","og_url":"https:\/\/arbouserecordings.com\/it\/trovare-qualcuno-di-speciale-con-i-siti-di-collegamento\/","og_site_name":"Adult Recordings","og_image":[{"width":1125,"height":750,"url":"https:\/\/arbouserecordings.com\/wp-content\/uploads\/2022\/08\/free-adult-hookup-apps.jpeg","type":"image\/jpeg"}],"twitter_card":"summary_large_image","twitter_misc":{"Tempo di lettura stimato":"2 minuti"},"schema":{"@context":"https:\/\/schema.org","@graph":[{"@type":"WebSite","@id":"https:\/\/arbouserecordings.com\/nl\/#website","url":"https:\/\/arbouserecordings.com\/nl\/","name":"Adult Recordings","description":"Online Hookup Reviews","potentialAction":[{"@type":"SearchAction","target":{"@type":"EntryPoint","urlTemplate":"https:\/\/arbouserecordings.com\/nl\/?s={search_term_string}"},"query-input":"required name=search_term_string"}],"inLanguage":"it-IT"},{"@type":"ImageObject","@id":"https:\/\/arbouserecordings.com\/it\/trovare-qualcuno-di-speciale-con-i-siti-di-collegamento\/#primaryimage","inLanguage":"it-IT","url":"https:\/\/arbouserecordings.com\/wp-content\/uploads\/2022\/08\/free-adult-hookup-apps.jpeg","contentUrl":"https:\/\/arbouserecordings.com\/wp-content\/uploads\/2022\/08\/free-adult-hookup-apps.jpeg","width":1125,"height":750},{"@type":"WebPage","@id":"https:\/\/arbouserecordings.com\/it\/trovare-qualcuno-di-speciale-con-i-siti-di-collegamento\/#webpage","url":"https:\/\/arbouserecordings.com\/it\/trovare-qualcuno-di-speciale-con-i-siti-di-collegamento\/","name":"Trovare qualcuno di speciale con i siti di collegamento - Adult Recordings","isPartOf":{"@id":"https:\/\/arbouserecordings.com\/nl\/#website"},"primaryImageOfPage":{"@id":"https:\/\/arbouserecordings.com\/it\/trovare-qualcuno-di-speciale-con-i-siti-di-collegamento\/#primaryimage"},"datePublished":"2022-08-28T10:00:46+00:00","dateModified":"2022-08-28T10:00:46+00:00","breadcrumb":{"@id":"https:\/\/arbouserecordings.com\/it\/trovare-qualcuno-di-speciale-con-i-siti-di-collegamento\/#breadcrumb"},"inLanguage":"it-IT","potentialAction":[{"@type":"ReadAction","target":["https:\/\/arbouserecordings.com\/it\/trovare-qualcuno-di-speciale-con-i-siti-di-collegamento\/"]}]},{"@type":"BreadcrumbList","@id":"https:\/\/arbouserecordings.com\/it\/trovare-qualcuno-di-speciale-con-i-siti-di-collegamento\/#breadcrumb","itemListElement":[{"@type":"ListItem","position":1,"name":"Home","item":"https:\/\/arbouserecordings.com\/it\/"},{"@type":"ListItem","position":2,"name":"Trovare qualcuno di speciale con i siti di collegamento"}]}]}},"_links":{"self":[{"href":"https:\/\/arbouserecordings.com\/it\/wp-json\/wp\/v2\/pages\/298"}],"collection":[{"href":"https:\/\/arbouserecordings.com\/it\/wp-json\/wp\/v2\/pages"}],"about":[{"href":"https:\/\/arbouserecordings.com\/it\/wp-json\/wp\/v2\/types\/page"}],"author":[{"embeddable":true,"href":"https:\/\/arbouserecordings.com\/it\/wp-json\/wp\/v2\/users\/1"}],"replies":[{"embeddable":true,"href":"https:\/\/arbouserecordings.com\/it\/wp-json\/wp\/v2\/comments?post=298"}],"version-history":[{"count":0,"href":"https:\/\/arbouserecordings.com\/it\/wp-json\/wp\/v2\/pages\/298\/revisions"}],"wp:featuredmedia":[{"embeddable":true,"href":"https:\/\/arbouserecordings.com\/it\/wp-json\/wp\/v2\/media\/242"}],"wp:attachment":[{"href":"https:\/\/arbouserecordings.com\/it\/wp-json\/wp\/v2\/media?parent=298"}],"curies":[{"name":"wp","href":"https:\/\/api.w.org\/{rel}","templated":true}]}}