{"id":343,"date":"2022-08-28T10:58:17","date_gmt":"2022-08-28T09:58:17","guid":{"rendered":"http:\/\/arbouserecordings.com\/kako-uspjeti-u-online-spojevima-ispravite-svoj-profil\/"},"modified":"2022-08-28T10:58:17","modified_gmt":"2022-08-28T09:58:17","slug":"kako-uspjeti-u-online-spojevima-ispravite-svoj-profil","status":"publish","type":"page","link":"https:\/\/arbouserecordings.com\/hr\/kako-uspjeti-u-online-spojevima-ispravite-svoj-profil\/","title":{"rendered":"Kako uspjeti u online spojevima: Ispravite svoj profil"},"content":{"rendered":"<h1>Kako uspjeti u online spojevima: Ispravite svoj profil<\/h1>\n<p>Najpopularnije web stranice za upoznavanje uklju\u010duju eHarmony, Match, OkCupid, PlentyOfFish i Tinder. Svi se razlikuju u pogledu zna\u010dajki, tro\u0161kova i pravila o privatnosti. Me\u0111utim, oni op\u0107enito slijede sli\u010dna pravila. Na primjer, mnoge web stranice zahtijevaju od korisnika da ispune upitnike o sebi, uklju\u010duju\u0107i pitanja o dobi, spolu, razini obrazovanja, religiji, politi\u010dkoj pripadnosti, seksualnoj orijentaciji itd. Korisnici tako\u0111er odgovaraju na pitanja o svom idealnom partneru. Ova pitanja poma\u017eu web mjestu da utvrdi odgovara li objema stranama.<\/p>\n<h2>Kako napraviti ultimativne profile za upoznavanje<\/h2>\n<p>Nakon \u0161to se prijavite, primat \u0107ete obavijesti e-po\u0161tom kad god se u blizini pojave nove utakmice. Profile mo\u017eete pregledavati i slati poruke izravno iz aplikacije. Ve\u0107ina web-lokacija omogu\u0107uje vam postavljanje slike profila, naslovne fotografije, biografije i lokacije. Ovisno o web mjestu mogu postojati razli\u010diti zahtjevi. Neke web-lokacije mogu zatra\u017eiti da prenesete fotografije. Drugi mogu tra\u017eiti da napravite selfie. A drugi mogu jednostavno tra\u017eiti od vas da unesete svoje ime grada. Ako odlu\u010dite koristiti jednu od ovih stranica, svakako pa\u017eljivo pro\u010ditajte sitni tisak.<\/p>\n<p>Neke web stranice napla\u0107uju naknade za kontaktiranje potencijalnih partnera. Ova naknada mo\u017ee se kretati od 0 do 10 USD mjese\u010dno. Ostale web stranice omogu\u0107uju vam pristup neograni\u010denim porukama bez pla\u0107anja bilo \u010dega. Drugi uop\u0107e nemaju mjese\u010dne naknade. Provjerite odjeljak s \u010destim pitanjima na web mjestu da biste vidjeli postoje li skriveni tro\u0161kovi.<\/p>\n<p>Mo\u017eda \u0107ete morati platiti za komunikaciju s odre\u0111enim pojedincima. <a href=\"http:\/\/arbouserecordings.com\/hr\/vodic-za-pronalazenje-ljubavi-s-obliznjim-samcima\/\">Mnoge web stranice nude premium ra\u010dune<\/a> koji vam omogu\u0107uju \u010davrljanje s \u010dlanovima koji su platili \u010dlanstvo. Obi\u010dno morate platiti mali iznos za razgovor sa svakom osobom pojedina\u010dno. Druge web stranice mogu vam omogu\u0107iti \u010davrljanje sa svima, ali ne\u0107ete mo\u0107i nikome slati e-po\u0161tu.<\/p>\n<p>Ako radije ne biste tro\u0161ili novac na pretplatu na web mjesto za upoznavanje, jo\u0161 uvijek mo\u017eete prona\u0107i mnogo mogu\u0107nosti za povezivanje s samcima putem dru\u0161tvenih medija. Facebook grupe, Chatovi na Twitteru, Instagram pri\u010de i YouTube videozapisi samo su neki od na\u010dina interakcije s drugim ljudima koji \u017eive u va\u0161oj blizini.<\/p>\n<h2>Kako koristiti internetske stranice za upoznavanje<\/h2>\n<p>Prije nego \u0161to se prijavite na internetsku stranicu za upoznavanje, va\u017eno je razmotriti \u0161to \u017eelite od svog iskustva. Da li vi\u0161e volite le\u017eerne spojeve ili \u017eelite ne\u0161to ozbiljno? Ako ste zainteresirani za pronala\u017eenje ljubavi, postoji mnogo opcija. Neki su prikladniji za veze za jednu no\u0107, dok drugi zadovoljavaju one koji tra\u017ee dugoro\u010dne odnose. Postoje \u010dak i ni\u0161ne web stranice koje se usredoto\u010duju na odre\u0111ene demografske skupine poput starijih osoba ili ljudi u ruralnim podru\u010djima.<\/p>\n<p>Prvo \u0161to \u0107ete vjerojatno htjeti shvatiti je kakvu vrstu odnosa se nadate prona\u0107i. Je li to samo zabavna avantura ili tra\u017eite ne\u0161to ozbiljnije? Ova odluka pomo\u0107i \u0107e suziti izbore. Zatim razmislite o tome koje su vam zna\u010dajke va\u017ene. Na primjer, ako se bavite sportom, mo\u017eda \u0107ete potra\u017eiti web-lokaciju koja vam omogu\u0107uje filtriranje utakmica na temelju omiljenog tima ili sporta. Ili biste mo\u017eda radije izlazili s nekim sli\u010dnim vama u smislu interesa.<\/p>\n<h2>Jesu li vrijedni toga?<\/h2>\n<p>Kona\u010dno, pogledajte razli\u010dite vrste web lokacija za upoznavanje. Neki su posebno dizajnirani za <a href=\"http:\/\/arbouserecordings.com\/hr\/kako-pronaci-lokalne-veze-u-vasoj-blizini\/\">kratkoro\u010dne poslove<\/a>, dok su drugi usmjereni na dugoro\u010dne odnose. Uzmite u obzir i koliko \u010dlanova ima svako web-mjesto. Web stranice s ve\u0107im brojem \u010dlanova obi\u010dno privla\u010de vi\u0161e pozornosti.<\/p>\n<p>Prosje\u010dna cijena aplikacije za upoznavanje ili pretplate na web mjesto kre\u0107e se od oko 15 do 200 USD mjese\u010dno, ovisno o tome koliko je zna\u010dajki uklju\u010deno. Postoji nekoliko sjajnih besplatnih opcija, uklju\u010duju\u0107i Tinder i Bumble, ali ako \u017eelite pristup svemu, obi\u010dno je najbolje odlu\u010diti se za pla\u0107eno \u010dlanstvo.<\/p>\n<p>Mo\u017eda mislite da pridru\u017eivanje web mjestu za upoznavanje nije pametno &#8211; na kraju krajeva, svi znaju da je pronala\u017eenje ljubavi na mre\u017ei jednostavno. Ali samo zato \u0161to ne\u0161to zvu\u010di kao dobra ideja ne zna\u010di da zapravo jest. Prije nego \u0161to se prijavite za bilo \u0161to, istra\u017eite i provjerite nudi li web mjesto ono \u0161to tra\u017eite. Ne \u017eelite na kraju tro\u0161iti novac na pretplatu koja se ne isplati.<\/p>\n","protected":false},"excerpt":{"rendered":"<p>Kako uspjeti u online spojevima: Ispravite svoj profil Najpopularnije web stranice za upoznavanje uklju\u010duju eHarmony, Match, OkCupid, PlentyOfFish i Tinder. Svi se razlikuju u pogledu zna\u010dajki, tro\u0161kova i pravila o [&hellip;]<\/p>\n","protected":false},"author":1,"featured_media":221,"parent":0,"menu_order":0,"comment_status":"closed","ping_status":"closed","template":"","meta":[],"yoast_head":"<!-- This site is optimized with the Yoast SEO plugin v17.7.1 - https:\/\/yoast.com\/wordpress\/plugins\/seo\/ -->\n<title>Kako uspjeti u online spojevima: Ispravite svoj profil - Adult Recordings<\/title>\n<meta name=\"robots\" content=\"index, follow, max-snippet:-1, max-image-preview:large, max-video-preview:-1\" \/>\n<link rel=\"canonical\" href=\"https:\/\/arbouserecordings.com\/hr\/kako-uspjeti-u-online-spojevima-ispravite-svoj-profil\/\" \/>\n<meta property=\"og:locale\" content=\"hr_HR\" \/>\n<meta property=\"og:type\" content=\"article\" \/>\n<meta property=\"og:title\" content=\"Kako uspjeti u online spojevima: Ispravite svoj profil - Adult Recordings\" \/>\n<meta property=\"og:description\" content=\"Kako uspjeti u online spojevima: Ispravite svoj profil Najpopularnije web stranice za upoznavanje uklju\u010duju eHarmony, Match, OkCupid, PlentyOfFish i Tinder. Svi se razlikuju u pogledu zna\u010dajki, tro\u0161kova i pravila o [&hellip;]\" \/>\n<meta property=\"og:url\" content=\"https:\/\/arbouserecordings.com\/hr\/kako-uspjeti-u-online-spojevima-ispravite-svoj-profil\/\" \/>\n<meta property=\"og:site_name\" content=\"Adult Recordings\" \/>\n<meta property=\"og:image\" content=\"http:\/\/arbouserecordings.com\/wp-content\/uploads\/2022\/08\/online-dating.jpeg\" \/>\n\t<meta property=\"og:image:width\" content=\"500\" \/>\n\t<meta property=\"og:image:height\" content=\"750\" \/>\n<meta name=\"twitter:card\" content=\"summary_large_image\" \/>\n<meta name=\"twitter:label1\" content=\"Procijenjeno vrijeme \u010ditanja\" \/>\n\t<meta name=\"twitter:data1\" content=\"4 minute\" \/>\n<script type=\"application\/ld+json\" class=\"yoast-schema-graph\">{\"@context\":\"https:\/\/schema.org\",\"@graph\":[{\"@type\":\"WebSite\",\"@id\":\"https:\/\/arbouserecordings.com\/#website\",\"url\":\"https:\/\/arbouserecordings.com\/\",\"name\":\"Adult Recordings\",\"description\":\"Online Hookup Reviews\",\"potentialAction\":[{\"@type\":\"SearchAction\",\"target\":{\"@type\":\"EntryPoint\",\"urlTemplate\":\"https:\/\/arbouserecordings.com\/?s={search_term_string}\"},\"query-input\":\"required name=search_term_string\"}],\"inLanguage\":\"hr\"},{\"@type\":\"ImageObject\",\"@id\":\"https:\/\/arbouserecordings.com\/hr\/kako-uspjeti-u-online-spojevima-ispravite-svoj-profil\/#primaryimage\",\"inLanguage\":\"hr\",\"url\":\"https:\/\/arbouserecordings.com\/wp-content\/uploads\/2022\/08\/online-dating.jpeg\",\"contentUrl\":\"https:\/\/arbouserecordings.com\/wp-content\/uploads\/2022\/08\/online-dating.jpeg\",\"width\":500,\"height\":750},{\"@type\":\"WebPage\",\"@id\":\"https:\/\/arbouserecordings.com\/hr\/kako-uspjeti-u-online-spojevima-ispravite-svoj-profil\/#webpage\",\"url\":\"https:\/\/arbouserecordings.com\/hr\/kako-uspjeti-u-online-spojevima-ispravite-svoj-profil\/\",\"name\":\"Kako uspjeti u online spojevima: Ispravite svoj profil - Adult Recordings\",\"isPartOf\":{\"@id\":\"https:\/\/arbouserecordings.com\/#website\"},\"primaryImageOfPage\":{\"@id\":\"https:\/\/arbouserecordings.com\/hr\/kako-uspjeti-u-online-spojevima-ispravite-svoj-profil\/#primaryimage\"},\"datePublished\":\"2022-08-28T09:58:17+00:00\",\"dateModified\":\"2022-08-28T09:58:17+00:00\",\"breadcrumb\":{\"@id\":\"https:\/\/arbouserecordings.com\/hr\/kako-uspjeti-u-online-spojevima-ispravite-svoj-profil\/#breadcrumb\"},\"inLanguage\":\"hr\",\"potentialAction\":[{\"@type\":\"ReadAction\",\"target\":[\"https:\/\/arbouserecordings.com\/hr\/kako-uspjeti-u-online-spojevima-ispravite-svoj-profil\/\"]}]},{\"@type\":\"BreadcrumbList\",\"@id\":\"https:\/\/arbouserecordings.com\/hr\/kako-uspjeti-u-online-spojevima-ispravite-svoj-profil\/#breadcrumb\",\"itemListElement\":[{\"@type\":\"ListItem\",\"position\":1,\"name\":\"Home\",\"item\":\"http:\/\/arbouserecordings.com\/hr\/\"},{\"@type\":\"ListItem\",\"position\":2,\"name\":\"Kako uspjeti u online spojevima: Ispravite svoj profil\"}]}]}<\/script>\n<!-- \/ Yoast SEO plugin. -->","yoast_head_json":{"title":"Kako uspjeti u online spojevima: Ispravite svoj profil - Adult Recordings","robots":{"index":"index","follow":"follow","max-snippet":"max-snippet:-1","max-image-preview":"max-image-preview:large","max-video-preview":"max-video-preview:-1"},"canonical":"https:\/\/arbouserecordings.com\/hr\/kako-uspjeti-u-online-spojevima-ispravite-svoj-profil\/","og_locale":"hr_HR","og_type":"article","og_title":"Kako uspjeti u online spojevima: Ispravite svoj profil - Adult Recordings","og_description":"Kako uspjeti u online spojevima: Ispravite svoj profil Najpopularnije web stranice za upoznavanje uklju\u010duju eHarmony, Match, OkCupid, PlentyOfFish i Tinder. Svi se razlikuju u pogledu zna\u010dajki, tro\u0161kova i pravila o [&hellip;]","og_url":"https:\/\/arbouserecordings.com\/hr\/kako-uspjeti-u-online-spojevima-ispravite-svoj-profil\/","og_site_name":"Adult Recordings","og_image":[{"width":500,"height":750,"url":"http:\/\/arbouserecordings.com\/wp-content\/uploads\/2022\/08\/online-dating.jpeg","type":"image\/jpeg"}],"twitter_card":"summary_large_image","twitter_misc":{"Procijenjeno vrijeme \u010ditanja":"4 minute"},"schema":{"@context":"https:\/\/schema.org","@graph":[{"@type":"WebSite","@id":"https:\/\/arbouserecordings.com\/#website","url":"https:\/\/arbouserecordings.com\/","name":"Adult Recordings","description":"Online Hookup Reviews","potentialAction":[{"@type":"SearchAction","target":{"@type":"EntryPoint","urlTemplate":"https:\/\/arbouserecordings.com\/?s={search_term_string}"},"query-input":"required name=search_term_string"}],"inLanguage":"hr"},{"@type":"ImageObject","@id":"https:\/\/arbouserecordings.com\/hr\/kako-uspjeti-u-online-spojevima-ispravite-svoj-profil\/#primaryimage","inLanguage":"hr","url":"https:\/\/arbouserecordings.com\/wp-content\/uploads\/2022\/08\/online-dating.jpeg","contentUrl":"https:\/\/arbouserecordings.com\/wp-content\/uploads\/2022\/08\/online-dating.jpeg","width":500,"height":750},{"@type":"WebPage","@id":"https:\/\/arbouserecordings.com\/hr\/kako-uspjeti-u-online-spojevima-ispravite-svoj-profil\/#webpage","url":"https:\/\/arbouserecordings.com\/hr\/kako-uspjeti-u-online-spojevima-ispravite-svoj-profil\/","name":"Kako uspjeti u online spojevima: Ispravite svoj profil - Adult Recordings","isPartOf":{"@id":"https:\/\/arbouserecordings.com\/#website"},"primaryImageOfPage":{"@id":"https:\/\/arbouserecordings.com\/hr\/kako-uspjeti-u-online-spojevima-ispravite-svoj-profil\/#primaryimage"},"datePublished":"2022-08-28T09:58:17+00:00","dateModified":"2022-08-28T09:58:17+00:00","breadcrumb":{"@id":"https:\/\/arbouserecordings.com\/hr\/kako-uspjeti-u-online-spojevima-ispravite-svoj-profil\/#breadcrumb"},"inLanguage":"hr","potentialAction":[{"@type":"ReadAction","target":["https:\/\/arbouserecordings.com\/hr\/kako-uspjeti-u-online-spojevima-ispravite-svoj-profil\/"]}]},{"@type":"BreadcrumbList","@id":"https:\/\/arbouserecordings.com\/hr\/kako-uspjeti-u-online-spojevima-ispravite-svoj-profil\/#breadcrumb","itemListElement":[{"@type":"ListItem","position":1,"name":"Home","item":"http:\/\/arbouserecordings.com\/hr\/"},{"@type":"ListItem","position":2,"name":"Kako uspjeti u online spojevima: Ispravite svoj profil"}]}]}},"_links":{"self":[{"href":"https:\/\/arbouserecordings.com\/hr\/wp-json\/wp\/v2\/pages\/343"}],"collection":[{"href":"https:\/\/arbouserecordings.com\/hr\/wp-json\/wp\/v2\/pages"}],"about":[{"href":"https:\/\/arbouserecordings.com\/hr\/wp-json\/wp\/v2\/types\/page"}],"author":[{"embeddable":true,"href":"https:\/\/arbouserecordings.com\/hr\/wp-json\/wp\/v2\/users\/1"}],"replies":[{"embeddable":true,"href":"https:\/\/arbouserecordings.com\/hr\/wp-json\/wp\/v2\/comments?post=343"}],"version-history":[{"count":0,"href":"https:\/\/arbouserecordings.com\/hr\/wp-json\/wp\/v2\/pages\/343\/revisions"}],"wp:featuredmedia":[{"embeddable":true,"href":"https:\/\/arbouserecordings.com\/hr\/wp-json\/wp\/v2\/media\/221"}],"wp:attachment":[{"href":"https:\/\/arbouserecordings.com\/hr\/wp-json\/wp\/v2\/media?parent=343"}],"curies":[{"name":"wp","href":"https:\/\/api.w.org\/{rel}","templated":true}]}}