{"id":332,"date":"2022-08-28T10:49:05","date_gmt":"2022-08-28T09:49:05","guid":{"rendered":"http:\/\/arbouserecordings.com\/kako-pronaci-lokalne-veze-u-vasoj-blizini\/"},"modified":"2022-08-28T10:49:05","modified_gmt":"2022-08-28T09:49:05","slug":"kako-pronaci-lokalne-veze-u-vasoj-blizini","status":"publish","type":"page","link":"https:\/\/arbouserecordings.com\/hr\/kako-pronaci-lokalne-veze-u-vasoj-blizini\/","title":{"rendered":"Kako prona\u0107i lokalne veze u va\u0161oj blizini?"},"content":{"rendered":"<h1>Kako prona\u0107i lokalne veze u va\u0161oj blizini?<\/h1>\n<p>Dobrodo\u0161li u najbolju besplatnu aplikaciju za upoznavanje na webu. Znamo da se online upoznavanje ponekad mo\u017ee osje\u0107ati kao zastra\u0161uju\u0107i zadatak, pogotovo ako tra\u017eite ljubav na svim pogre\u0161nim mjestima. Tako smo izgradili na\u0161u web stranicu s jedinom svrhom da online upoznavanje u\u010dinimo besplatnim, jednostavnim i zabavnim za sve. Nadamo se da \u0107ete u\u017eivati koliko i mi. Ako bude bilo kakvih pitanja, ne ustru\u010davajte se kontaktirati nas. Ovdje smo da pomognemo!<\/p>\n<h2>Upoznajte lokalne \u017eene za spajanje<\/h2>\n<p>NSA pru\u017ea \u010disto su\u010delje koje olak\u0161ava navigaciju i komunikaciju s drugim \u010dlanovima. Osim standardnih zna\u010dajki koje mo\u017eete o\u010dekivati da \u0107ete prona\u0107i na bilo kojoj drugoj aplikaciji za online upoznavanje, stranica nudi nekoliko dodatnih pogodnosti zbog kojih se isti\u010de iz gomile.<\/p>\n<p>Nakon \u0161to odaberete profil koji vam upada u o\u010di, bit \u0107ete preusmjereni na zaslon na kojem mo\u017eete pregledati podatke o \u010dlanu, uklju\u010duju\u0107i njihov spol, dob, lokaciju, interese i \u0161to je najva\u017enije, njihovu galeriju fotografija. Odatle mo\u017eete nastaviti pregledavati profile ili mo\u017eete pokrenuti kontakt slanjem miga drugom \u010dlanu. U svakom slu\u010daju, ne\u0107ete morati dugo \u010dekati jer se poruke isporu\u010duju gotovo odmah.<\/p>\n<p>Ako odlu\u010dite nastaviti dalje, mo\u017eete postaviti privatnu <a href=\"http:\/\/arbouserecordings.com\/hr\/pronalazenje-nekoga-posebnog-s-web-mjestima-za-spajanje\/\">sobu za razgovor u<\/a> kojoj mo\u017eete razmjenjivati slike, videozapise i sve ostalo \u0161to \u017eelite pokazati. Mo\u017eete \u010dak dodati prijatelje putem Facebooka, Twittera, Instagrama, Kika i Vibera. Me\u0111utim, za razliku od mnogih aplikacija za upoznavanje odraslih, NSa ne zahtijeva od vas da pove\u017eete svoje ra\u010dune. Umjesto toga, mo\u017eete jednostavno povezati svoje dru\u0161tvene mre\u017ee odvojeno.<\/p>\n<h2>Na\u0161 savjet<\/h2>\n<p>Ovo je agregator pregleda i alat za usporedbu <a href=\"http:\/\/arbouserecordings.com\/hr\/vodic-za-pronalazenje-ljubavi-s-obliznjim-samcima\/\">internetskih stranica za upoznavanje<\/a> i mobilnih aplikacija. Najbolje web stranice za upoznavanje i mobilne aplikacije uspore\u0111ujemo na temelju podataka prikupljenih s weba, dru\u0161tvenih medija i nepristranih tre\u0107ih strana.<\/p>\n<p>Analiziramo vi\u0161e od 20 razli\u010ditih kriterija, uklju\u010duju\u0107i cijenu, tro\u0161kove \u010dlanstva, broj \u010dlanova, pri\u010de o uspjehu, korisni\u010dku podr\u0161ku, sigurnost, pravila o privatnosti, pravila povrata novca, dostupnost mobilnih aplikacija i jo\u0161 mnogo toga.<\/p>\n<p>Da biste saznali vi\u0161e o tome kako odabiremo najbolje web stranice i aplikacije za upoznavanje, pro\u010ditajte na\u0161u metodologiju ovdje.<\/p>\n<h2>Trebate li koristiti web stranice za sexting ili aplikacije za upoznavanje?<\/h2>\n<p>Aplikacije za online upoznavanje postaju sve popularnije me\u0111u samcima \u0161irom svijeta. Ljudi ih koriste kako bi prona\u0161li ljubav, prijateljstvo, neobavezni seks, pa \u010dak i dugoro\u010dne veze. Tako\u0111er se koriste za zabavne spojeve, prijatelje s povlasticama i jednostavno staro koketiranje. Postoji mnogo razli\u010ditih vrsta aplikacija za online upoznavanje, uklju\u010duju\u0107i one dizajnirane za odre\u0111ene svrhe, poput pronala\u017eenja datuma, upoznavanja potencijalnih partnera ili jednostavnog upoznavanja zanimljivih ljudi.<\/p>\n<p>Ove vrste aplikacija postaju sve popularnije jer olak\u0161avaju pronala\u017eenje spoja bez potrebe za satima ko\u0107are\u0107i profilima na dru\u0161tvenim mre\u017eama. Sada postoje stotine razli\u010ditih web stranica i aplikacija za upoznavanje, od kojih svaka nudi ne\u0161to malo druga\u010dije. Ovdje \u0107emo pogledati \u0161to nude, koliko ko\u0161taju i koliko ih je lako koristiti.<\/p>\n<p>Oni su sjajan na\u010din da upoznate nekoga novog, pogotovo ako ne \u017eelite iza\u0107i na spoj s bilo kim.<\/p>\n","protected":false},"excerpt":{"rendered":"<p>Kako prona\u0107i lokalne veze u va\u0161oj blizini? Dobrodo\u0161li u najbolju besplatnu aplikaciju za upoznavanje na webu. Znamo da se online upoznavanje ponekad mo\u017ee osje\u0107ati kao zastra\u0161uju\u0107i zadatak, pogotovo ako tra\u017eite [&hellip;]<\/p>\n","protected":false},"author":1,"featured_media":266,"parent":0,"menu_order":0,"comment_status":"closed","ping_status":"closed","template":"","meta":[],"yoast_head":"<!-- This site is optimized with the Yoast SEO plugin v17.7.1 - https:\/\/yoast.com\/wordpress\/plugins\/seo\/ -->\n<title>Kako prona\u0107i lokalne veze u va\u0161oj blizini? - Adult Recordings<\/title>\n<meta name=\"robots\" content=\"index, follow, max-snippet:-1, max-image-preview:large, max-video-preview:-1\" \/>\n<link rel=\"canonical\" href=\"https:\/\/arbouserecordings.com\/hr\/kako-pronaci-lokalne-veze-u-vasoj-blizini\/\" \/>\n<meta property=\"og:locale\" content=\"hr_HR\" \/>\n<meta property=\"og:type\" content=\"article\" \/>\n<meta property=\"og:title\" content=\"Kako prona\u0107i lokalne veze u va\u0161oj blizini? - Adult Recordings\" \/>\n<meta property=\"og:description\" content=\"Kako prona\u0107i lokalne veze u va\u0161oj blizini? Dobrodo\u0161li u najbolju besplatnu aplikaciju za upoznavanje na webu. Znamo da se online upoznavanje ponekad mo\u017ee osje\u0107ati kao zastra\u0161uju\u0107i zadatak, pogotovo ako tra\u017eite [&hellip;]\" \/>\n<meta property=\"og:url\" content=\"https:\/\/arbouserecordings.com\/hr\/kako-pronaci-lokalne-veze-u-vasoj-blizini\/\" \/>\n<meta property=\"og:site_name\" content=\"Adult Recordings\" \/>\n<meta property=\"og:image\" content=\"https:\/\/arbouserecordings.com\/wp-content\/uploads\/2022\/08\/read-reviews.jpeg\" \/>\n\t<meta property=\"og:image:width\" content=\"2250\" \/>\n\t<meta property=\"og:image:height\" content=\"1500\" \/>\n<meta name=\"twitter:card\" content=\"summary_large_image\" \/>\n<meta name=\"twitter:label1\" content=\"Procijenjeno vrijeme \u010ditanja\" \/>\n\t<meta name=\"twitter:data1\" content=\"3 minute\" \/>\n<script type=\"application\/ld+json\" class=\"yoast-schema-graph\">{\"@context\":\"https:\/\/schema.org\",\"@graph\":[{\"@type\":\"WebSite\",\"@id\":\"https:\/\/arbouserecordings.com\/#website\",\"url\":\"https:\/\/arbouserecordings.com\/\",\"name\":\"Adult Recordings\",\"description\":\"Online Hookup Reviews\",\"potentialAction\":[{\"@type\":\"SearchAction\",\"target\":{\"@type\":\"EntryPoint\",\"urlTemplate\":\"https:\/\/arbouserecordings.com\/?s={search_term_string}\"},\"query-input\":\"required name=search_term_string\"}],\"inLanguage\":\"hr\"},{\"@type\":\"ImageObject\",\"@id\":\"https:\/\/arbouserecordings.com\/hr\/kako-pronaci-lokalne-veze-u-vasoj-blizini\/#primaryimage\",\"inLanguage\":\"hr\",\"url\":\"https:\/\/arbouserecordings.com\/wp-content\/uploads\/2022\/08\/read-reviews.jpeg\",\"contentUrl\":\"https:\/\/arbouserecordings.com\/wp-content\/uploads\/2022\/08\/read-reviews.jpeg\",\"width\":2250,\"height\":1500},{\"@type\":\"WebPage\",\"@id\":\"https:\/\/arbouserecordings.com\/hr\/kako-pronaci-lokalne-veze-u-vasoj-blizini\/#webpage\",\"url\":\"https:\/\/arbouserecordings.com\/hr\/kako-pronaci-lokalne-veze-u-vasoj-blizini\/\",\"name\":\"Kako prona\\u0107i lokalne veze u va\\u0161oj blizini? - Adult Recordings\",\"isPartOf\":{\"@id\":\"https:\/\/arbouserecordings.com\/#website\"},\"primaryImageOfPage\":{\"@id\":\"https:\/\/arbouserecordings.com\/hr\/kako-pronaci-lokalne-veze-u-vasoj-blizini\/#primaryimage\"},\"datePublished\":\"2022-08-28T09:49:05+00:00\",\"dateModified\":\"2022-08-28T09:49:05+00:00\",\"breadcrumb\":{\"@id\":\"https:\/\/arbouserecordings.com\/hr\/kako-pronaci-lokalne-veze-u-vasoj-blizini\/#breadcrumb\"},\"inLanguage\":\"hr\",\"potentialAction\":[{\"@type\":\"ReadAction\",\"target\":[\"https:\/\/arbouserecordings.com\/hr\/kako-pronaci-lokalne-veze-u-vasoj-blizini\/\"]}]},{\"@type\":\"BreadcrumbList\",\"@id\":\"https:\/\/arbouserecordings.com\/hr\/kako-pronaci-lokalne-veze-u-vasoj-blizini\/#breadcrumb\",\"itemListElement\":[{\"@type\":\"ListItem\",\"position\":1,\"name\":\"Home\",\"item\":\"https:\/\/arbouserecordings.com\/hr\/\"},{\"@type\":\"ListItem\",\"position\":2,\"name\":\"Kako prona\\u0107i lokalne veze u va\\u0161oj blizini?\"}]}]}<\/script>\n<!-- \/ Yoast SEO plugin. -->","yoast_head_json":{"title":"Kako prona\u0107i lokalne veze u va\u0161oj blizini? - Adult Recordings","robots":{"index":"index","follow":"follow","max-snippet":"max-snippet:-1","max-image-preview":"max-image-preview:large","max-video-preview":"max-video-preview:-1"},"canonical":"https:\/\/arbouserecordings.com\/hr\/kako-pronaci-lokalne-veze-u-vasoj-blizini\/","og_locale":"hr_HR","og_type":"article","og_title":"Kako prona\u0107i lokalne veze u va\u0161oj blizini? - Adult Recordings","og_description":"Kako prona\u0107i lokalne veze u va\u0161oj blizini? Dobrodo\u0161li u najbolju besplatnu aplikaciju za upoznavanje na webu. Znamo da se online upoznavanje ponekad mo\u017ee osje\u0107ati kao zastra\u0161uju\u0107i zadatak, pogotovo ako tra\u017eite [&hellip;]","og_url":"https:\/\/arbouserecordings.com\/hr\/kako-pronaci-lokalne-veze-u-vasoj-blizini\/","og_site_name":"Adult Recordings","og_image":[{"width":2250,"height":1500,"url":"https:\/\/arbouserecordings.com\/wp-content\/uploads\/2022\/08\/read-reviews.jpeg","type":"image\/jpeg"}],"twitter_card":"summary_large_image","twitter_misc":{"Procijenjeno vrijeme \u010ditanja":"3 minute"},"schema":{"@context":"https:\/\/schema.org","@graph":[{"@type":"WebSite","@id":"https:\/\/arbouserecordings.com\/#website","url":"https:\/\/arbouserecordings.com\/","name":"Adult Recordings","description":"Online Hookup Reviews","potentialAction":[{"@type":"SearchAction","target":{"@type":"EntryPoint","urlTemplate":"https:\/\/arbouserecordings.com\/?s={search_term_string}"},"query-input":"required name=search_term_string"}],"inLanguage":"hr"},{"@type":"ImageObject","@id":"https:\/\/arbouserecordings.com\/hr\/kako-pronaci-lokalne-veze-u-vasoj-blizini\/#primaryimage","inLanguage":"hr","url":"https:\/\/arbouserecordings.com\/wp-content\/uploads\/2022\/08\/read-reviews.jpeg","contentUrl":"https:\/\/arbouserecordings.com\/wp-content\/uploads\/2022\/08\/read-reviews.jpeg","width":2250,"height":1500},{"@type":"WebPage","@id":"https:\/\/arbouserecordings.com\/hr\/kako-pronaci-lokalne-veze-u-vasoj-blizini\/#webpage","url":"https:\/\/arbouserecordings.com\/hr\/kako-pronaci-lokalne-veze-u-vasoj-blizini\/","name":"Kako prona\u0107i lokalne veze u va\u0161oj blizini? - Adult Recordings","isPartOf":{"@id":"https:\/\/arbouserecordings.com\/#website"},"primaryImageOfPage":{"@id":"https:\/\/arbouserecordings.com\/hr\/kako-pronaci-lokalne-veze-u-vasoj-blizini\/#primaryimage"},"datePublished":"2022-08-28T09:49:05+00:00","dateModified":"2022-08-28T09:49:05+00:00","breadcrumb":{"@id":"https:\/\/arbouserecordings.com\/hr\/kako-pronaci-lokalne-veze-u-vasoj-blizini\/#breadcrumb"},"inLanguage":"hr","potentialAction":[{"@type":"ReadAction","target":["https:\/\/arbouserecordings.com\/hr\/kako-pronaci-lokalne-veze-u-vasoj-blizini\/"]}]},{"@type":"BreadcrumbList","@id":"https:\/\/arbouserecordings.com\/hr\/kako-pronaci-lokalne-veze-u-vasoj-blizini\/#breadcrumb","itemListElement":[{"@type":"ListItem","position":1,"name":"Home","item":"https:\/\/arbouserecordings.com\/hr\/"},{"@type":"ListItem","position":2,"name":"Kako prona\u0107i lokalne veze u va\u0161oj blizini?"}]}]}},"_links":{"self":[{"href":"https:\/\/arbouserecordings.com\/hr\/wp-json\/wp\/v2\/pages\/332"}],"collection":[{"href":"https:\/\/arbouserecordings.com\/hr\/wp-json\/wp\/v2\/pages"}],"about":[{"href":"https:\/\/arbouserecordings.com\/hr\/wp-json\/wp\/v2\/types\/page"}],"author":[{"embeddable":true,"href":"https:\/\/arbouserecordings.com\/hr\/wp-json\/wp\/v2\/users\/1"}],"replies":[{"embeddable":true,"href":"https:\/\/arbouserecordings.com\/hr\/wp-json\/wp\/v2\/comments?post=332"}],"version-history":[{"count":0,"href":"https:\/\/arbouserecordings.com\/hr\/wp-json\/wp\/v2\/pages\/332\/revisions"}],"wp:featuredmedia":[{"embeddable":true,"href":"https:\/\/arbouserecordings.com\/hr\/wp-json\/wp\/v2\/media\/266"}],"wp:attachment":[{"href":"https:\/\/arbouserecordings.com\/hr\/wp-json\/wp\/v2\/media?parent=332"}],"curies":[{"name":"wp","href":"https:\/\/api.w.org\/{rel}","templated":true}]}}