{"id":313,"date":"2022-08-28T11:00:46","date_gmt":"2022-08-28T10:00:46","guid":{"rendered":"http:\/\/arbouserecordings.com\/pronalazenje-nekoga-posebnog-s-web-mjestima-za-spajanje\/"},"modified":"2022-08-28T11:00:46","modified_gmt":"2022-08-28T10:00:46","slug":"pronalazenje-nekoga-posebnog-s-web-mjestima-za-spajanje","status":"publish","type":"page","link":"https:\/\/arbouserecordings.com\/hr\/pronalazenje-nekoga-posebnog-s-web-mjestima-za-spajanje\/","title":{"rendered":"Pronala\u017eenje nekoga posebnog s web-mjestima za spajanje"},"content":{"rendered":"<h1>Pronala\u017eenje nekoga posebnog s web-mjestima za spajanje<\/h1>\n<p>Mnogo je razloga za\u0161to biste \u017eeljeli koristiti aplikaciju za upoznavanje, bilo zato \u0161to \u017eelite upoznati nekoga posebnog, prona\u0107i ljubav ili jednostavno ste\u0107i neke prijatelje. No, pronala\u017eenje pravog mo\u017ee biti te\u0161ko, pogotovo jer postoji toliko mnogo opcija. Dakle, evo na\u0161eg vodi\u010da koji \u0107e vam pomo\u0107i da odlu\u010dite koja je aplikacija za upoznavanje najbolja za vas.<\/p>\n<h2>\u017delite upoznati nekoga posebnog<\/h2>\n<p>Ako <a href=\"http:\/\/arbouserecordings.com\/hr\/kako-uspjeti-u-online-spojevima-ispravite-svoj-profil\/\">\u017eelite izlaziti s<\/a> nekim odre\u0111enim, vjerojatno \u0107ete htjeti zapo\u010deti su\u017eavanjem polja. Na taj na\u010din ne\u0107ete gubiti previ\u0161e vremena poku\u0161avaju\u0107i prona\u0107i podudaranja s ljudima koji zapravo nisu zainteresirani da vas bolje upoznaju. Ako tra\u017eite dugoro\u010dnu vezu, vjerojatno \u0107ete htjeti razmotriti aplikacije kao \u0161to su Tinder, Bumble, Hinge, OkCupid, PlentyOfFish, Match, Zoosk, Coffee Meets Bagel, eHarmony, ChristianMingle i Match.com. Me\u0111utim, ako samo \u017eelite uspostaviti neke usputne veze, mogli biste isprobati aplikacije kao \u0161to su Happn, Grinder, Badoo, Grindr, Hornet i Tango.<\/p>\n<h3>Samo se \u017eeli\u0161 zabaviti.<\/h3>\n<p>Neke aplikacije za upoznavanje usmjerene su na sklapanje prijateljstava, dok su druge posebno dizajnirane za spajanje. Aplikacije poput Tindera, Bumblea i Whispera izvrsne su za one koji se \u017eele sprijateljiti, dok su aplikacije poput Scruffa, Growlra i Blendra vi\u0161e usredoto\u010dene na seksualno povezivanje. Ako se \u017eelite dru\u0161tveno povezati, mogli biste pogledati aplikacije kao \u0161to su Facebook, Instagram, Snapchat, Twitter, LinkedIn, Viber, Kik, Whatsapp, WeChat, Line, Telegram, Skype, Yahoo Messenger, Pinterest, Tumblr, Reddit i Tumblr.<\/p>\n<h3>Ne zna\u0161 kakvu osobu tra\u017ei\u0161.<\/h3>\n<p>Bez obzira na to koliko je va\u0161 profil dobar, to ne zna\u010di da \u0107ete automatski privu\u0107i vrstu osobe koju tra\u017eite. Zapravo, ve\u0107ina ljudi ni ne shva\u0107a da ih privla\u010de odre\u0111eni tipovi ljudi. Stoga je va\u017eno odvojiti vrijeme da stvarno razmislite o tome tko ste i \u0161to tra\u017eite u partneru. Zatim, jednom kad to shvatite, mo\u017eete suziti stvari dalje.<\/p>\n<h2>Najbolja aplikacija za ozbiljnu vezu: OkCupid<\/h2>\n<p>OkCupid je jedna od najpopularnijih besplatnih stranica za upoznavanje. Postoji od 2007. godine i ima oko 30 milijuna aktivnih \u010dlanova \u0161irom svijeta. Iako su mnogi ljudi skepti\u010dni prema <a href=\"http:\/\/arbouserecordings.com\/hr\/kako-pronaci-lokalne-veze-u-vasoj-blizini\/\">internetskim spojevima<\/a>, OkCupid je zapravo prili\u010dno uspje\u0161an. Na njihovoj se stranici odvijaju tisu\u0107e dnevnih razgovora, a ka\u017eu da se njihov uspjeh svodi na jednu stvar: puno ljubavnih pisama.<\/p>\n<p>Aplikacija postavlja stranicu pitanja od jednostavnih stvari do toga je li, koliko datuma obi\u010dno Ukrajina \u010deka prije spavanja s nekim. Me\u0111utim, \u0161to dublje idete, to \u0107e va\u0161i profili postati to\u010dniji, pi\u0161e OkCupid. To omogu\u0107uje web mjestu da prona\u0111e podudaranja na temelju onoga \u0161to \u017eelite, a ne samo va\u0161e lokacije.<\/p>\n<p>Iako OkCupid ima vrlo jaku bazu korisnika od 30 milijuna aktivnih \u010dlanova \u0161irom svijeta, kvaliteta utakmica varirat \u0107e ovisno o tome gdje \u017eivite. Ako niste u velikom gradu, vjerojatno \u0107ete vidjeti manje opcija.<\/p>\n","protected":false},"excerpt":{"rendered":"<p>Pronala\u017eenje nekoga posebnog s web-mjestima za spajanje Mnogo je razloga za\u0161to biste \u017eeljeli koristiti aplikaciju za upoznavanje, bilo zato \u0161to \u017eelite upoznati nekoga posebnog, prona\u0107i ljubav ili jednostavno ste\u0107i neke [&hellip;]<\/p>\n","protected":false},"author":1,"featured_media":236,"parent":0,"menu_order":0,"comment_status":"closed","ping_status":"closed","template":"","meta":[],"yoast_head":"<!-- This site is optimized with the Yoast SEO plugin v17.7.1 - https:\/\/yoast.com\/wordpress\/plugins\/seo\/ -->\n<title>Pronala\u017eenje nekoga posebnog s web-mjestima za spajanje - Adult Recordings<\/title>\n<meta name=\"robots\" content=\"index, follow, max-snippet:-1, max-image-preview:large, max-video-preview:-1\" \/>\n<link rel=\"canonical\" href=\"https:\/\/arbouserecordings.com\/hr\/pronalazenje-nekoga-posebnog-s-web-mjestima-za-spajanje\/\" \/>\n<meta property=\"og:locale\" content=\"hr_HR\" \/>\n<meta property=\"og:type\" content=\"article\" \/>\n<meta property=\"og:title\" content=\"Pronala\u017eenje nekoga posebnog s web-mjestima za spajanje - Adult Recordings\" \/>\n<meta property=\"og:description\" content=\"Pronala\u017eenje nekoga posebnog s web-mjestima za spajanje Mnogo je razloga za\u0161to biste \u017eeljeli koristiti aplikaciju za upoznavanje, bilo zato \u0161to \u017eelite upoznati nekoga posebnog, prona\u0107i ljubav ili jednostavno ste\u0107i neke [&hellip;]\" \/>\n<meta property=\"og:url\" content=\"https:\/\/arbouserecordings.com\/hr\/pronalazenje-nekoga-posebnog-s-web-mjestima-za-spajanje\/\" \/>\n<meta property=\"og:site_name\" content=\"Adult Recordings\" \/>\n<meta property=\"og:image\" content=\"http:\/\/arbouserecordings.com\/wp-content\/uploads\/2022\/08\/free-adult-hookup-apps.jpeg\" \/>\n\t<meta property=\"og:image:width\" content=\"1125\" \/>\n\t<meta property=\"og:image:height\" content=\"750\" \/>\n<meta name=\"twitter:card\" content=\"summary_large_image\" \/>\n<meta name=\"twitter:label1\" content=\"Procijenjeno vrijeme \u010ditanja\" \/>\n\t<meta name=\"twitter:data1\" content=\"2 minute\" \/>\n<script type=\"application\/ld+json\" class=\"yoast-schema-graph\">{\"@context\":\"https:\/\/schema.org\",\"@graph\":[{\"@type\":\"WebSite\",\"@id\":\"https:\/\/arbouserecordings.com\/#website\",\"url\":\"https:\/\/arbouserecordings.com\/\",\"name\":\"Adult Recordings\",\"description\":\"Online Hookup Reviews\",\"potentialAction\":[{\"@type\":\"SearchAction\",\"target\":{\"@type\":\"EntryPoint\",\"urlTemplate\":\"https:\/\/arbouserecordings.com\/?s={search_term_string}\"},\"query-input\":\"required name=search_term_string\"}],\"inLanguage\":\"hr\"},{\"@type\":\"ImageObject\",\"@id\":\"https:\/\/arbouserecordings.com\/hr\/pronalazenje-nekoga-posebnog-s-web-mjestima-za-spajanje\/#primaryimage\",\"inLanguage\":\"hr\",\"url\":\"https:\/\/arbouserecordings.com\/wp-content\/uploads\/2022\/08\/free-adult-hookup-apps.jpeg\",\"contentUrl\":\"https:\/\/arbouserecordings.com\/wp-content\/uploads\/2022\/08\/free-adult-hookup-apps.jpeg\",\"width\":1125,\"height\":750},{\"@type\":\"WebPage\",\"@id\":\"https:\/\/arbouserecordings.com\/hr\/pronalazenje-nekoga-posebnog-s-web-mjestima-za-spajanje\/#webpage\",\"url\":\"https:\/\/arbouserecordings.com\/hr\/pronalazenje-nekoga-posebnog-s-web-mjestima-za-spajanje\/\",\"name\":\"Pronala\\u017eenje nekoga posebnog s web-mjestima za spajanje - Adult Recordings\",\"isPartOf\":{\"@id\":\"https:\/\/arbouserecordings.com\/#website\"},\"primaryImageOfPage\":{\"@id\":\"https:\/\/arbouserecordings.com\/hr\/pronalazenje-nekoga-posebnog-s-web-mjestima-za-spajanje\/#primaryimage\"},\"datePublished\":\"2022-08-28T10:00:46+00:00\",\"dateModified\":\"2022-08-28T10:00:46+00:00\",\"breadcrumb\":{\"@id\":\"https:\/\/arbouserecordings.com\/hr\/pronalazenje-nekoga-posebnog-s-web-mjestima-za-spajanje\/#breadcrumb\"},\"inLanguage\":\"hr\",\"potentialAction\":[{\"@type\":\"ReadAction\",\"target\":[\"https:\/\/arbouserecordings.com\/hr\/pronalazenje-nekoga-posebnog-s-web-mjestima-za-spajanje\/\"]}]},{\"@type\":\"BreadcrumbList\",\"@id\":\"https:\/\/arbouserecordings.com\/hr\/pronalazenje-nekoga-posebnog-s-web-mjestima-za-spajanje\/#breadcrumb\",\"itemListElement\":[{\"@type\":\"ListItem\",\"position\":1,\"name\":\"Home\",\"item\":\"http:\/\/arbouserecordings.com\/hr\/\"},{\"@type\":\"ListItem\",\"position\":2,\"name\":\"Pronala\\u017eenje nekoga posebnog s web-mjestima za spajanje\"}]}]}<\/script>\n<!-- \/ Yoast SEO plugin. -->","yoast_head_json":{"title":"Pronala\u017eenje nekoga posebnog s web-mjestima za spajanje - Adult Recordings","robots":{"index":"index","follow":"follow","max-snippet":"max-snippet:-1","max-image-preview":"max-image-preview:large","max-video-preview":"max-video-preview:-1"},"canonical":"https:\/\/arbouserecordings.com\/hr\/pronalazenje-nekoga-posebnog-s-web-mjestima-za-spajanje\/","og_locale":"hr_HR","og_type":"article","og_title":"Pronala\u017eenje nekoga posebnog s web-mjestima za spajanje - Adult Recordings","og_description":"Pronala\u017eenje nekoga posebnog s web-mjestima za spajanje Mnogo je razloga za\u0161to biste \u017eeljeli koristiti aplikaciju za upoznavanje, bilo zato \u0161to \u017eelite upoznati nekoga posebnog, prona\u0107i ljubav ili jednostavno ste\u0107i neke [&hellip;]","og_url":"https:\/\/arbouserecordings.com\/hr\/pronalazenje-nekoga-posebnog-s-web-mjestima-za-spajanje\/","og_site_name":"Adult Recordings","og_image":[{"width":1125,"height":750,"url":"http:\/\/arbouserecordings.com\/wp-content\/uploads\/2022\/08\/free-adult-hookup-apps.jpeg","type":"image\/jpeg"}],"twitter_card":"summary_large_image","twitter_misc":{"Procijenjeno vrijeme \u010ditanja":"2 minute"},"schema":{"@context":"https:\/\/schema.org","@graph":[{"@type":"WebSite","@id":"https:\/\/arbouserecordings.com\/#website","url":"https:\/\/arbouserecordings.com\/","name":"Adult Recordings","description":"Online Hookup Reviews","potentialAction":[{"@type":"SearchAction","target":{"@type":"EntryPoint","urlTemplate":"https:\/\/arbouserecordings.com\/?s={search_term_string}"},"query-input":"required name=search_term_string"}],"inLanguage":"hr"},{"@type":"ImageObject","@id":"https:\/\/arbouserecordings.com\/hr\/pronalazenje-nekoga-posebnog-s-web-mjestima-za-spajanje\/#primaryimage","inLanguage":"hr","url":"https:\/\/arbouserecordings.com\/wp-content\/uploads\/2022\/08\/free-adult-hookup-apps.jpeg","contentUrl":"https:\/\/arbouserecordings.com\/wp-content\/uploads\/2022\/08\/free-adult-hookup-apps.jpeg","width":1125,"height":750},{"@type":"WebPage","@id":"https:\/\/arbouserecordings.com\/hr\/pronalazenje-nekoga-posebnog-s-web-mjestima-za-spajanje\/#webpage","url":"https:\/\/arbouserecordings.com\/hr\/pronalazenje-nekoga-posebnog-s-web-mjestima-za-spajanje\/","name":"Pronala\u017eenje nekoga posebnog s web-mjestima za spajanje - Adult Recordings","isPartOf":{"@id":"https:\/\/arbouserecordings.com\/#website"},"primaryImageOfPage":{"@id":"https:\/\/arbouserecordings.com\/hr\/pronalazenje-nekoga-posebnog-s-web-mjestima-za-spajanje\/#primaryimage"},"datePublished":"2022-08-28T10:00:46+00:00","dateModified":"2022-08-28T10:00:46+00:00","breadcrumb":{"@id":"https:\/\/arbouserecordings.com\/hr\/pronalazenje-nekoga-posebnog-s-web-mjestima-za-spajanje\/#breadcrumb"},"inLanguage":"hr","potentialAction":[{"@type":"ReadAction","target":["https:\/\/arbouserecordings.com\/hr\/pronalazenje-nekoga-posebnog-s-web-mjestima-za-spajanje\/"]}]},{"@type":"BreadcrumbList","@id":"https:\/\/arbouserecordings.com\/hr\/pronalazenje-nekoga-posebnog-s-web-mjestima-za-spajanje\/#breadcrumb","itemListElement":[{"@type":"ListItem","position":1,"name":"Home","item":"http:\/\/arbouserecordings.com\/hr\/"},{"@type":"ListItem","position":2,"name":"Pronala\u017eenje nekoga posebnog s web-mjestima za spajanje"}]}]}},"_links":{"self":[{"href":"https:\/\/arbouserecordings.com\/hr\/wp-json\/wp\/v2\/pages\/313"}],"collection":[{"href":"https:\/\/arbouserecordings.com\/hr\/wp-json\/wp\/v2\/pages"}],"about":[{"href":"https:\/\/arbouserecordings.com\/hr\/wp-json\/wp\/v2\/types\/page"}],"author":[{"embeddable":true,"href":"https:\/\/arbouserecordings.com\/hr\/wp-json\/wp\/v2\/users\/1"}],"replies":[{"embeddable":true,"href":"https:\/\/arbouserecordings.com\/hr\/wp-json\/wp\/v2\/comments?post=313"}],"version-history":[{"count":0,"href":"https:\/\/arbouserecordings.com\/hr\/wp-json\/wp\/v2\/pages\/313\/revisions"}],"wp:featuredmedia":[{"embeddable":true,"href":"https:\/\/arbouserecordings.com\/hr\/wp-json\/wp\/v2\/media\/236"}],"wp:attachment":[{"href":"https:\/\/arbouserecordings.com\/hr\/wp-json\/wp\/v2\/media?parent=313"}],"curies":[{"name":"wp","href":"https:\/\/api.w.org\/{rel}","templated":true}]}}