{"id":295,"date":"2022-08-28T11:16:24","date_gmt":"2022-08-28T10:16:24","guid":{"rendered":"http:\/\/arbouserecordings.com\/vodic-za-pronalazenje-ljubavi-s-obliznjim-samcima\/"},"modified":"2022-08-28T11:16:24","modified_gmt":"2022-08-28T10:16:24","slug":"vodic-za-pronalazenje-ljubavi-s-obliznjim-samcima","status":"publish","type":"page","link":"https:\/\/arbouserecordings.com\/hr\/vodic-za-pronalazenje-ljubavi-s-obliznjim-samcima\/","title":{"rendered":"Vodi\u010d za pronala\u017eenje ljubavi s obli\u017enjim samcima"},"content":{"rendered":"<h1>Vodi\u010d za pronala\u017eenje ljubavi s obli\u017enjim samcima<\/h1>\n<p>Danas postoji mnogo web stranica za online upoznavanje, a ve\u0107ina njih ko\u0161ta. Ako ga \u017eelite isprobati bez pla\u0107anja bilo \u010dega, onda morate prona\u0107i potpuno besplatnu stranicu za upoznavanje. Postoje neke potpuno besplatne web stranice za upoznavanje, ali nisu jako popularne. U ovom se \u010dlanku navodi osam njih, uklju\u010duju\u0107i i one najbolje.<\/p>\n<p>Ove web stranice nude nekoliko razina \u010dlanstva <a href=\"http:\/\/arbouserecordings.com\/hr\/kako-uspjeti-u-online-spojevima-ispravite-svoj-profil\/\">, ovisno o tome<\/a> koliko \u017eelite platiti mjese\u010dno. Mo\u017eete odabrati mjese\u010dnu pretplatu ili godi\u0161nju tarifu. Na ve\u0107ini aplikacija nema skrivenih naknada; sve je jasno postavljeno unaprijed. Kao \u010dlan mo\u017eete \u010ditati recenzije koje su napisali prethodni \u010dlanovi, pregledavati fotografije potencijalnih podudaranja, pa \u010dak i razgovarati u\u017eivo s drugim ljudima. Ako se ipak odlu\u010dite prijaviti za pla\u0107eno \u010dlanstvo, mo\u017eete nastaviti i objaviti svoj profil. Na taj na\u010din svatko mo\u017ee vidjeti va\u0161u galeriju fotografija i osobne podatke. Tako\u0111er mo\u017eete postaviti odre\u0111ene preferencije kao \u0161to su lokacija, dobni raspon, spol i etni\u010dka pripadnost. Me\u0111utim, ne postoji mogu\u0107nost odabira \u017eelite li pokazati svoj interes za nekoga na temelju njegovog izgleda ili osobina li\u010dnosti.<\/p>\n<h1>Trebate li po\u010deti izlaziti na mre\u017ei &#8211; koje aplikacije isprobati?<\/h1>\n<p>Besplatne web stranice i aplikacije za upoznavanje sve su popularnije jer ne zahtijevaju broj kreditne kartice i obi\u010dno nude puno pogodnosti bez naplate mjese\u010dnih naknada. Neki vam \u010dak dopu\u0161taju da prona\u0111ete ljubav, a da ni\u0161ta ne platite unaprijed. No, postoje neki nedostaci prijave za besplatnu web stranicu ili aplikaciju &#8211; poput manje podudaranja i manje je vjerojatno da \u0107ete se povezati s nekim tko dijeli va\u0161e interese.<\/p>\n<h2>CMB<\/h2>\n<p>Coffee Meets Bagel aplikacija je za upoznavanje u kojoj \u010dlanovi mogu pregledavati profile i poruke potencijalnih datuma u roku od nekoliko sekundi. Korisnici mogu vidjeti koliko je lajkova svaki profil primio i ima li nedavnih poruka. Tako\u0111er mogu poslati poruku da po\u010dnu razgovarati s osobom. Aplikacija korisnicima tako\u0111er daje mogu\u0107nost postavljanja datuma kave ili sastanka s drugim \u010dlanom.<\/p>\n<p>Aplikacija vam omogu\u0107uje prelazak prstom udesno ako se \u017eelite povezati s nekim drugim ili ulijevo ako to ne u\u010dinite. Ako su obje strane zainteresirane, razgovarat \u0107e.<\/p>\n<p>Za heteroseksualne parove \u017eena prvo \u0161alje svoj profil. S istospolnim parovima, onaj tko inicira kontakt mo\u017ee to u\u010diniti.<\/p>\n<p>Mo\u017eete pretra\u017eivati profile, stvarati veze i slati poruke.<\/p>\n<h2>Tinder<\/h2>\n<p>Tinder je mobilna aplikacija temeljena na lokaciji koja korisnicima omogu\u0107uje \u010davrljanje s drugima u blizini i uspostavljanje veza putem teksta ili emojija. Ljudi koriste aplikaciju za povezivanje s bilo kim u blizini, bez obzira na dob ili spol. Korisnici mogu dodati dodatne informacije o sebi poput interesa, obrazovanja, karijere i hobija. Tako\u0111er mogu prenijeti fotografiju i odabrati lokaciju kako bi prikazali svoju trenutnu lokaciju. Nakon podudaranja, korisnici mogu po\u010deti razmjenjivati poruke.<\/p>\n<h2>OkCupid<\/h2>\n<p>OkCupid je <a href=\"http:\/\/arbouserecordings.com\/hr\/pronalazenje-nekoga-posebnog-s-web-mjestima-za-spajanje\/\">besplatna aplikacija za upoznavanje<\/a> koja nudi podudaranje kompatibilnosti na temelju \u010dimbenika kao \u0161to su osobine li\u010dnosti, vrijednosti, na\u010din \u017eivota i zajedni\u010dke aktivnosti. Ok Cupid koristi upitnik kako bi pomogao korisnicima da otkriju sli\u010dnosti i razlike me\u0111u potencijalnim partnerima. Kada se dva korisnika podudaraju, mogu pregledavati me\u0111usobne profile i komunicirati privatno. Pomo\u0107u ove besplatne usluge mo\u0107i \u0107ete postaviti profil za upoznavanje koji nije vidljiv nikome drugome osim vama. Mo\u017eete odabrati da svoj profil u\u010dinite javnim ili da ga sakrijete. Mo\u017eete \u010dak dodati i naslovnu fotografiju.<\/p>\n<h2>Zglob<\/h2>\n<p>\u0160arka je mobilna aplikacija koja povezuje ljude na temelju zajedni\u010dkih prijatelja. \u0160arka koristi Facebookove podatke za odre\u0111ivanje kompatibilnosti. Nakon registracije korisnici mogu pregledavati profile i slati poruke drugim korisnicima. Ako dva korisnika odlu\u010de postati podudarna, mogu razmjenjivati telefonske brojeve i organizirati sastanak licem u lice.<\/p>\n<p>Korisnici tako\u0111er mogu dodavati fotografije, videozapise i podatke o lokaciji kako bi pomogli drugima da pove\u017eu. I dok aplikacija ne zahtijeva od korisnika da popune opse\u017ene profile, postavlja pitanja o stvarima poput religije, politike i obrazovanja. Sve se to mo\u017ee \u010diniti prili\u010dno osnovnim, ali Hinge ka\u017ee da je druga\u010dije jer je osmi\u0161ljeno kako bi omogu\u0107ilo ljudima da se usredoto\u010de na pronala\u017eenje ljubavi unutar tih podru\u010dja.<\/p>\n<h2>Pof<\/h2>\n<p>Plenty of Fish besplatna je internetska web stranica za upoznavanje koja zadovoljava one koji tra\u017ee dugoro\u010dne veze. Mno\u0161tvo riba uklju\u010duje zna\u010dajke poput chata u\u017eivo, video chata i slanja e-po\u0161te. Korisnici tako\u0111er mogu pregledavati javne objave drugih korisnika i \u010ditati poruke koje \u0161alju drugi korisnici. U svijetu ima vi\u0161e od 40 milijuna registriranih korisnika.<\/p>\n<p>PlentyOfFish je jo\u0161 jedan oldie, ali goodie. Osnovana je 2003. godine, a sada tvrdi da ima 2 milijuna mjese\u010dnih posjetitelja. Njihov moto je &#8220;Free To Browse&#8221;, a nude mno\u0161tvo zna\u010dajki kao \u0161to su chat sobe, video chatovi itd.<\/p>\n<h2>Zoosk<\/h2>\n<p>Zoosk je popularna aplikacija za upoznavanje koja se usredoto\u010duje na pomaganje korisnicima da prona\u0111u pravu ljubav. Zoosk je potpuno besplatan za preuzimanje i prijavu. Korisnici mogu stvoriti profil, prenijeti vi\u0161e slika i uklju\u010diti osnovne informacije o sebi. Tako\u0111er mogu odgovoriti na pitanja drugih korisnika kako bi pomogli suziti kompatibilna podudaranja. Zoosk je relativno novi igra\u010d u online igri za upoznavanje, ali je ve\u0107 uspio postati jedan od najve\u0107ih igra\u010da. Osnovana je 2007. godine, a danas tvrdi da ima preko 20 milijuna registriranih korisnika.<\/p>\n","protected":false},"excerpt":{"rendered":"<p>Vodi\u010d za pronala\u017eenje ljubavi s obli\u017enjim samcima Danas postoji mnogo web stranica za online upoznavanje, a ve\u0107ina njih ko\u0161ta. Ako ga \u017eelite isprobati bez pla\u0107anja bilo \u010dega, onda morate prona\u0107i [&hellip;]<\/p>\n","protected":false},"author":1,"featured_media":251,"parent":0,"menu_order":0,"comment_status":"closed","ping_status":"closed","template":"","meta":[],"yoast_head":"<!-- This site is optimized with the Yoast SEO plugin v17.7.1 - https:\/\/yoast.com\/wordpress\/plugins\/seo\/ -->\n<title>Vodi\u010d za pronala\u017eenje ljubavi s obli\u017enjim samcima - Adult Recordings<\/title>\n<meta name=\"robots\" content=\"index, follow, max-snippet:-1, max-image-preview:large, max-video-preview:-1\" \/>\n<link rel=\"canonical\" href=\"https:\/\/arbouserecordings.com\/hr\/vodic-za-pronalazenje-ljubavi-s-obliznjim-samcima\/\" \/>\n<meta property=\"og:locale\" content=\"hr_HR\" \/>\n<meta property=\"og:type\" content=\"article\" \/>\n<meta property=\"og:title\" content=\"Vodi\u010d za pronala\u017eenje ljubavi s obli\u017enjim samcima - Adult Recordings\" \/>\n<meta property=\"og:description\" content=\"Vodi\u010d za pronala\u017eenje ljubavi s obli\u017enjim samcima Danas postoji mnogo web stranica za online upoznavanje, a ve\u0107ina njih ko\u0161ta. Ako ga \u017eelite isprobati bez pla\u0107anja bilo \u010dega, onda morate prona\u0107i [&hellip;]\" \/>\n<meta property=\"og:url\" content=\"https:\/\/arbouserecordings.com\/hr\/vodic-za-pronalazenje-ljubavi-s-obliznjim-samcima\/\" \/>\n<meta property=\"og:site_name\" content=\"Adult Recordings\" \/>\n<meta property=\"og:image\" content=\"https:\/\/arbouserecordings.com\/wp-content\/uploads\/2022\/08\/free-sexting.jpeg\" \/>\n\t<meta property=\"og:image:width\" content=\"1125\" \/>\n\t<meta property=\"og:image:height\" content=\"750\" \/>\n<meta name=\"twitter:card\" content=\"summary_large_image\" \/>\n<meta name=\"twitter:label1\" content=\"Procijenjeno vrijeme \u010ditanja\" \/>\n\t<meta name=\"twitter:data1\" content=\"4 minute\" \/>\n<script type=\"application\/ld+json\" class=\"yoast-schema-graph\">{\"@context\":\"https:\/\/schema.org\",\"@graph\":[{\"@type\":\"WebSite\",\"@id\":\"https:\/\/arbouserecordings.com\/nl\/#website\",\"url\":\"https:\/\/arbouserecordings.com\/nl\/\",\"name\":\"Adult Recordings\",\"description\":\"Online Hookup Reviews\",\"potentialAction\":[{\"@type\":\"SearchAction\",\"target\":{\"@type\":\"EntryPoint\",\"urlTemplate\":\"https:\/\/arbouserecordings.com\/nl\/?s={search_term_string}\"},\"query-input\":\"required name=search_term_string\"}],\"inLanguage\":\"hr\"},{\"@type\":\"ImageObject\",\"@id\":\"https:\/\/arbouserecordings.com\/hr\/vodic-za-pronalazenje-ljubavi-s-obliznjim-samcima\/#primaryimage\",\"inLanguage\":\"hr\",\"url\":\"https:\/\/arbouserecordings.com\/wp-content\/uploads\/2022\/08\/free-sexting.jpeg\",\"contentUrl\":\"https:\/\/arbouserecordings.com\/wp-content\/uploads\/2022\/08\/free-sexting.jpeg\",\"width\":1125,\"height\":750},{\"@type\":\"WebPage\",\"@id\":\"https:\/\/arbouserecordings.com\/hr\/vodic-za-pronalazenje-ljubavi-s-obliznjim-samcima\/#webpage\",\"url\":\"https:\/\/arbouserecordings.com\/hr\/vodic-za-pronalazenje-ljubavi-s-obliznjim-samcima\/\",\"name\":\"Vodi\\u010d za pronala\\u017eenje ljubavi s obli\\u017enjim samcima - Adult Recordings\",\"isPartOf\":{\"@id\":\"https:\/\/arbouserecordings.com\/nl\/#website\"},\"primaryImageOfPage\":{\"@id\":\"https:\/\/arbouserecordings.com\/hr\/vodic-za-pronalazenje-ljubavi-s-obliznjim-samcima\/#primaryimage\"},\"datePublished\":\"2022-08-28T10:16:24+00:00\",\"dateModified\":\"2022-08-28T10:16:24+00:00\",\"breadcrumb\":{\"@id\":\"https:\/\/arbouserecordings.com\/hr\/vodic-za-pronalazenje-ljubavi-s-obliznjim-samcima\/#breadcrumb\"},\"inLanguage\":\"hr\",\"potentialAction\":[{\"@type\":\"ReadAction\",\"target\":[\"https:\/\/arbouserecordings.com\/hr\/vodic-za-pronalazenje-ljubavi-s-obliznjim-samcima\/\"]}]},{\"@type\":\"BreadcrumbList\",\"@id\":\"https:\/\/arbouserecordings.com\/hr\/vodic-za-pronalazenje-ljubavi-s-obliznjim-samcima\/#breadcrumb\",\"itemListElement\":[{\"@type\":\"ListItem\",\"position\":1,\"name\":\"Home\",\"item\":\"http:\/\/arbouserecordings.com\/hr\/\"},{\"@type\":\"ListItem\",\"position\":2,\"name\":\"Vodi\\u010d za pronala\\u017eenje ljubavi s obli\\u017enjim samcima\"}]}]}<\/script>\n<!-- \/ Yoast SEO plugin. -->","yoast_head_json":{"title":"Vodi\u010d za pronala\u017eenje ljubavi s obli\u017enjim samcima - Adult Recordings","robots":{"index":"index","follow":"follow","max-snippet":"max-snippet:-1","max-image-preview":"max-image-preview:large","max-video-preview":"max-video-preview:-1"},"canonical":"https:\/\/arbouserecordings.com\/hr\/vodic-za-pronalazenje-ljubavi-s-obliznjim-samcima\/","og_locale":"hr_HR","og_type":"article","og_title":"Vodi\u010d za pronala\u017eenje ljubavi s obli\u017enjim samcima - Adult Recordings","og_description":"Vodi\u010d za pronala\u017eenje ljubavi s obli\u017enjim samcima Danas postoji mnogo web stranica za online upoznavanje, a ve\u0107ina njih ko\u0161ta. Ako ga \u017eelite isprobati bez pla\u0107anja bilo \u010dega, onda morate prona\u0107i [&hellip;]","og_url":"https:\/\/arbouserecordings.com\/hr\/vodic-za-pronalazenje-ljubavi-s-obliznjim-samcima\/","og_site_name":"Adult Recordings","og_image":[{"width":1125,"height":750,"url":"https:\/\/arbouserecordings.com\/wp-content\/uploads\/2022\/08\/free-sexting.jpeg","type":"image\/jpeg"}],"twitter_card":"summary_large_image","twitter_misc":{"Procijenjeno vrijeme \u010ditanja":"4 minute"},"schema":{"@context":"https:\/\/schema.org","@graph":[{"@type":"WebSite","@id":"https:\/\/arbouserecordings.com\/nl\/#website","url":"https:\/\/arbouserecordings.com\/nl\/","name":"Adult Recordings","description":"Online Hookup Reviews","potentialAction":[{"@type":"SearchAction","target":{"@type":"EntryPoint","urlTemplate":"https:\/\/arbouserecordings.com\/nl\/?s={search_term_string}"},"query-input":"required name=search_term_string"}],"inLanguage":"hr"},{"@type":"ImageObject","@id":"https:\/\/arbouserecordings.com\/hr\/vodic-za-pronalazenje-ljubavi-s-obliznjim-samcima\/#primaryimage","inLanguage":"hr","url":"https:\/\/arbouserecordings.com\/wp-content\/uploads\/2022\/08\/free-sexting.jpeg","contentUrl":"https:\/\/arbouserecordings.com\/wp-content\/uploads\/2022\/08\/free-sexting.jpeg","width":1125,"height":750},{"@type":"WebPage","@id":"https:\/\/arbouserecordings.com\/hr\/vodic-za-pronalazenje-ljubavi-s-obliznjim-samcima\/#webpage","url":"https:\/\/arbouserecordings.com\/hr\/vodic-za-pronalazenje-ljubavi-s-obliznjim-samcima\/","name":"Vodi\u010d za pronala\u017eenje ljubavi s obli\u017enjim samcima - Adult Recordings","isPartOf":{"@id":"https:\/\/arbouserecordings.com\/nl\/#website"},"primaryImageOfPage":{"@id":"https:\/\/arbouserecordings.com\/hr\/vodic-za-pronalazenje-ljubavi-s-obliznjim-samcima\/#primaryimage"},"datePublished":"2022-08-28T10:16:24+00:00","dateModified":"2022-08-28T10:16:24+00:00","breadcrumb":{"@id":"https:\/\/arbouserecordings.com\/hr\/vodic-za-pronalazenje-ljubavi-s-obliznjim-samcima\/#breadcrumb"},"inLanguage":"hr","potentialAction":[{"@type":"ReadAction","target":["https:\/\/arbouserecordings.com\/hr\/vodic-za-pronalazenje-ljubavi-s-obliznjim-samcima\/"]}]},{"@type":"BreadcrumbList","@id":"https:\/\/arbouserecordings.com\/hr\/vodic-za-pronalazenje-ljubavi-s-obliznjim-samcima\/#breadcrumb","itemListElement":[{"@type":"ListItem","position":1,"name":"Home","item":"http:\/\/arbouserecordings.com\/hr\/"},{"@type":"ListItem","position":2,"name":"Vodi\u010d za pronala\u017eenje ljubavi s obli\u017enjim samcima"}]}]}},"_links":{"self":[{"href":"https:\/\/arbouserecordings.com\/hr\/wp-json\/wp\/v2\/pages\/295"}],"collection":[{"href":"https:\/\/arbouserecordings.com\/hr\/wp-json\/wp\/v2\/pages"}],"about":[{"href":"https:\/\/arbouserecordings.com\/hr\/wp-json\/wp\/v2\/types\/page"}],"author":[{"embeddable":true,"href":"https:\/\/arbouserecordings.com\/hr\/wp-json\/wp\/v2\/users\/1"}],"replies":[{"embeddable":true,"href":"https:\/\/arbouserecordings.com\/hr\/wp-json\/wp\/v2\/comments?post=295"}],"version-history":[{"count":0,"href":"https:\/\/arbouserecordings.com\/hr\/wp-json\/wp\/v2\/pages\/295\/revisions"}],"wp:featuredmedia":[{"embeddable":true,"href":"https:\/\/arbouserecordings.com\/hr\/wp-json\/wp\/v2\/media\/251"}],"wp:attachment":[{"href":"https:\/\/arbouserecordings.com\/hr\/wp-json\/wp\/v2\/media?parent=295"}],"curies":[{"name":"wp","href":"https:\/\/api.w.org\/{rel}","templated":true}]}}