{"id":154,"date":"2022-08-27T12:42:49","date_gmt":"2022-08-27T11:42:49","guid":{"rendered":"http:\/\/arbouserecordings.com\/povremene-recenzije-upoznavanja-bez-igara-ili-placanja\/"},"modified":"2022-08-27T12:42:49","modified_gmt":"2022-08-27T11:42:49","slug":"povremene-recenzije-upoznavanja-bez-igara-ili-placanja","status":"publish","type":"page","link":"https:\/\/arbouserecordings.com\/hr\/","title":{"rendered":"Povremene recenzije upoznavanja (bez igara ili pla\u0107anja)"},"content":{"rendered":"<h1>Povremene recenzije upoznavanja (bez igara ili pla\u0107anja)<\/h1>\n<p>Najbolje internetske web stranice za upoznavanje su one koje vam nude ne\u0161to jedinstveno u usporedbi s drugima. Oni vam pru\u017eaju ve\u0107e \u0161anse da upoznate nekoga posebnog jer oni zadovoljavaju posebno ono \u0161to \u017eelite u partneru. Svaka web stranica nudi razli\u010dite zna\u010dajke kao \u0161to su chat sobe, videopozivi i doga\u0111aji. Neki vam \u010dak omogu\u0107uju da prona\u0111ete ljubav dok putujete. Pro\u010ditajte na\u0161e recenzije i odaberite onu koja vam najbolje odgovara!<\/p>\n<p>Je li vam dosadno poku\u0161avati prona\u0107i ljubav sa svim normalnim aplikacijama za upoznavanje? Olak\u0161ali smo!<\/p>\n<h2>Trebate li koristiti aplikacije za upoznavanje za le\u017eernu zabavu?<\/h2>\n<p>Veze su sjajne jer su brze, jeftine i anonimne. Ali spajanje nije za svakoga. Neki ljudi radije izlaze umjesto toga.<\/p>\n<p>Ako niste zainteresirani za izlaske, postoji mnogo alternativa internetskim stranicama za upoznavanje. Pogledajte ove mogu\u0107nosti:<\/p>\n<ul>\n<li>Meetup grupe &#8211; To su lokalni sastanci na kojima \u010dlanovi obi\u010dno dijele interese. \u010cesto organiziraju doga\u0111aje, zabave i ve\u010dere.<\/li>\n<li>Dru\u0161tveni mediji &#8211; Postoji mno\u0161tvo web stranica dru\u0161tvenih mre\u017ea koje posebno zadovoljavaju upoznavanje ljudi. Facebook, Twitter, Instagram, Snapchat itd.<\/li>\n<li>Aplikacije za upoznavanje &#8211; Tinder, Bumble, Happn, OkCupid itd.<\/li>\n<li>Online osobne osobe &#8211; Craigslist, eHarmony, Match.com, PlentyOfFish itd.<\/li>\n<li>Lokalni barovi \/ klubovi &#8211; Barovi i klubovi obi\u010dno imaju pojedina\u010dne ve\u010deri.<\/li>\n<\/ul>\n<p>Postoji mnogo na\u010dina za pronala\u017eenje datuma, bilo da tra\u017eite povremeni seks ili dugoro\u010dne veze. I zapamtite, bez obzira koju metodu odabrali, budite sigurni!<\/p>\n<h2>Na\u0161i najbolji odabiri<\/h2>\n<p><img loading=\"lazy\" class=\"aligncenter size-large wp-image-38\" src=\"http:\/\/arbouserecordings.com\/wp-content\/uploads\/2022\/08\/online-looking-for-love-1024x683.webp\" alt=\"\" width=\"790\" height=\"527\" srcset=\"https:\/\/arbouserecordings.com\/wp-content\/uploads\/2022\/08\/online-looking-for-love-1024x683.webp 1024w, https:\/\/arbouserecordings.com\/wp-content\/uploads\/2022\/08\/online-looking-for-love-300x200.webp 300w, https:\/\/arbouserecordings.com\/wp-content\/uploads\/2022\/08\/online-looking-for-love-768x512.webp 768w, https:\/\/arbouserecordings.com\/wp-content\/uploads\/2022\/08\/online-looking-for-love.webp 1125w\" sizes=\"(max-width: 790px) 100vw, 790px\" \/><\/p>\n<h2>eHarmony<\/h2>\n<p>S vi\u0161e od 30 milijuna \u010dlanova \u0161irom svijeta, eHarmony je pouzdano ime u svijetu internetskih spojeva. Njihov odgovaraju\u0107i algoritam analizira stotine osobnih osobina, uklju\u010duju\u0107i osobnost, vrijednosti, interese, razinu obrazovanja, religiju i politi\u010dke stavove, kako bi vam pomogao prona\u0107i dugotrajnu vezu. Njihovo besplatno \u010dlanstvo mo\u017eete koristiti za istra\u017eivanje tisu\u0107a profila i slanje poruka potencijalnim podudaranjima. Ako ste spremni i\u0107i dalje, nadogradite na premium \u010dlanstvo i u\u017eivajte u dodatnim pogodnostima kao \u0161to su pristup neograni\u010denim utakmicama i porukama.<\/p>\n<h3>Tra\u017eenje (Upoznavanje sa \u0161e\u0107erom)<\/h3>\n<p>Ako tra\u017eite ozbiljnu vezu, tra\u017eenje je pravo mjesto za oti\u0107i. S milijunima \u010dlanova \u0161irom svijeta, to je najve\u0107a mre\u017ea za upoznavanje na svijetu. Web-mjesto vam omogu\u0107uje pregledavanje profila \u010dlanova i postavljanje upozorenja za osobe koje odgovaraju va\u0161im kriterijima. Kada odlu\u010dite upoznati nekoga, fotografije i videozapise mo\u017eete razmjenjivati putem web kamere i teksta. Osim toga, mo\u017eete pregledati rezultate kompatibilnosti na temelju svojih preferencija i vidjeti koliko se va\u0161 datum sla\u017ee s ostatkom populacije.<\/p>\n<p>Da bi se pridru\u017eio Tra\u017eenju, mora\u0161 biti prili\u010dno impresivan. Morate imati posao u kojem zara\u0111ujete dovoljno novca da izdr\u017eite sebe i zna\u010dajnog drugog. Oboje morate biti spremni i\u0107i na spojeve zajedno. I morate biti u mogu\u0107nosti pru\u017eiti neki dokaz o svojim prihodima. Uostalom, ne \u017eelite gubiti ni\u010dije vrijeme. Nakon \u0161to oboje polo\u017eite po\u010detne testove, dobit \u0107ete ocjenu na temelju va\u0161e kompatibilnosti. Va\u0161 \u0107e rezultat ovisiti o \u010dimbenicima kao \u0161to su va\u0161e osobine li\u010dnosti, hobiji, profesionalna pozadina, razina obrazovanja, pa \u010dak i va\u0161 fizi\u010dki izgled.<\/p>\n<h3>Tinder<\/h3>\n<p>Tinder je jo\u0161 jedna popularna aplikacija za upoznavanje koja vas povezuje s novim ljudima u blizini. Me\u0111utim, za razliku od OkCupida, Tinder se prvenstveno usredoto\u010duje na povezivanje s ljudima koji su vam fizi\u010dki bliski. Za po\u010detak preuzmite aplikaciju i registrirajte besplatni ra\u010dun. Zatim unesite svoju trenutnu lokaciju i odaberite \u017eeljeni raspon udaljenosti. Zatim \u0107ete odgovoriti na niz pitanja o svojim preferencijama, uklju\u010duju\u0107i va\u0161u dob, spol, rasu, vjeru i seksualnu orijentaciju. Ako vas zanima netko tko \u017eivi u va\u0161oj blizini, mo\u017eete jo\u0161 vi\u0161e suziti pretra\u017eivanje odabirom \u017eeljenog susjedstva. Kona\u010dno, vidjet \u0107ete popis potencijalnih podudaranja. Dodirnite one koji vam se svi\u0111aju i mo\u0107i \u0107ete komunicirati s njima putem tekstualnih, glasovnih poziva i videopoziva.<\/p>\n<h3>Zoosk<\/h3>\n<p>Zoosk je jedna od najpopularnijih aplikacija za upoznavanje. To je posebno dobro za ljude koji \u017eele izlaziti s nekim tko dijeli njihove vrijednosti i uvjerenja. Za po\u010detak, prvo morate preuzeti aplikaciju i registrirati ra\u010dun. Zatim \u0107ete odgovoriti na niz upitnika koji \u0107e vam pomo\u0107i razumjeti vlastite vrijednosti i uvjerenja. Tada \u0107ete imati priliku istra\u017eiti razli\u010dite kategorije, uklju\u010duju\u0107i politiku, religiju, karijeru i jo\u0161 mnogo toga. Kada prona\u0111ete nekoga tko dijeli va\u0161e vrijednosti i vjeruje, mo\u017eete prije\u0107i prstom ulijevo ili udesno kako biste nazna\u010dili \u017eelite li ga kao prijatelja ili potencijalnog partnera.<\/p>\n<h3>Ashley Madison<\/h3>\n<p>AshleyMadison.com je internetska stranica za upoznavanje koja zadovoljava o\u017eenjene ljude koji tra\u017ee afere. Objavljeno je da je Ashley Madison imala vi\u0161e od 30 milijuna \u010dlanova \u0161irom svijeta. Dostupno je nekoliko vrsta planova \u010dlanstva. Jedan od njih naziva se &#8220;\u010clanstvo u zlatu&#8221;. Ovaj plan ko\u0161ta 59.99 USD mjese\u010dno. Ovaj plan omogu\u0107uje vam pristup web mjestu 24 sata dnevno 7 dana u tjednu. Ako odlu\u010dite otkazati pretplatu, dobit \u0107ete povrat novca u roku od 60 dana.<\/p>\n<p>Osim \u0161to pru\u017ea svoje usluge o\u017eenjenim osobama, Ashley Madison nudi razne zna\u010dajke kao \u0161to su chat sobe, forumi, blogovi, foto albumi, videoisje\u010dci, emisije web kamera, mobilne aplikacije i ra\u010duni e-po\u0161te.<\/p>\n<p>Svi se korisnici prijavljuju za besplatni probni ra\u010dun. Nakon \u0161to dovr\u0161ite postupak registracije, dobit \u0107ete korisni\u010dko ime i lozinku. Nakon prijave od vas \u0107e se tra\u017eiti da ispunite profil. Ovdje mo\u017eete dodati informacije o sebi. Kada se prijavite, vidjet \u0107ete nadzornu plo\u010du. Ovdje mo\u017eete pregledavati svoje poruke, slati e-po\u0161tu, pretra\u017eivati profile, pregledavati slike \u010dlanova i jo\u0161 mnogo toga.<\/p>\n<h2>Najbolje za povremeni seks &#8211; odraslih prijatelja Finder<\/h2>\n<p>AdultFriendFinder najve\u0107a je web stranica za seks i veze na svijetu. Trenutno je na web mjestu vi\u0161e od 10 milijuna registriranih korisnika.<\/p>\n<p>Procjenjuje se da su preko 50% tih korisnika samci koji tra\u017ee \u017eensko dru\u0161tvo. Jo\u0161 40% su bra\u010dni parovi koji tra\u017ee diskretne afere. A preostalih 10% su ili gay ili lezbijski pojedinci koji tra\u017ee romanti\u010dne veze.<\/p>\n<h3>Kako funkcionira AFF?<\/h3>\n<p>Kada se prijavite za AdultFriendFinder, dobit \u0107ete korisni\u010dko ime i lozinku. To vam omogu\u0107uje pristup podru\u010dju privatnog \u010dlana web stranice.<\/p>\n<p>Ovdje \u0107ete vidjeti popis svih \u010dlanova koji su trenutno na mre\u017ei. \u010clanove mo\u017eete tra\u017eiti na temelju lokacije, spola, interesa, seksualne orijentacije i jo\u0161 mnogo toga.<\/p>\n<p>Nakon \u0161to prona\u0111ete potencijalno podudaranje, poruke mo\u017eete slati jedni drugima izravno putem e-po\u0161te. Ako odlu\u010dite nastaviti i razgovarati, to mo\u017eete u\u010diniti privatno unutar podru\u010dja za \u010dlanove.<\/p>\n<p>Tako\u0111er mo\u017eete pregledavati slike i videozapise drugih \u010dlanova. Mo\u017eete ocijeniti ove slike i videozapise i ostaviti komentare.<\/p>\n<p>Dostupni su i forumi na kojima mo\u017eete razgovarati o temama vezanim uz ljubav, seks i veze.<\/p>\n<h3>Prijavite se<\/h3>\n<p>To je nevjerojatna opcija za pronala\u017eenje le\u017eernih susreta. Svakako je bolje od Craigslista, ali daleko je od savr\u0161enog.<\/p>\n<p>Iako se mo\u017ee \u010diniti kao puno novca za pla\u0107anje web stranice za upoznavanje, zapravo \u0107ete dugoro\u010dno u\u0161tedjeti novac. Dakle, ako \u017eelite upoznati atraktivne \u017eene ili mu\u0161karce za koketne razgovore, onda AdultFriendFinder vrijedi provjeriti. Ali ako \u017eelite ne\u0161to ozbiljno, onda biste se vjerojatno trebali dr\u017eati tradicionalnih metoda poput odlaska u barove, klubove ili kafi\u0107e.<\/p>\n<h3>Pla\u0107eno Vs. Besplatno?<\/h3>\n<p>Spajanje su sjajni na\u010dini za upoznavanje novih ljudi. Brzi su, prakti\u010dni i obi\u010dno besplatni. Ali trebate li platiti za spajanje?<\/p>\n<p>Ako tra\u017eite dugoro\u010dnu vezu, onda da, pla\u0107anje spajanja ima smisla. Me\u0111utim, ako samo \u017eelite prona\u0107i brzu avanturu, onda ne, ne biste trebali pla\u0107ati veze.<\/p>\n<p>Pla\u0107anje veza nije vrijedno toga jer ve\u0107ina mu\u0161karaca koji koriste ove web stranice nije ozbiljna u pronala\u017eenju djevojke. Umjesto toga, tra\u017ee seks. Dakle, kada pla\u0107ate za spajanje, zapravo im dajete popust.<\/p>\n<p>To zna\u010di da ne dobivate kvalitetu osobe koju biste mogli privu\u0107i putem internetskih spojeva. A budu\u0107i da se sastajete samo sa strancima, postoji ve\u0107i rizik od prevare.<\/p>\n<p>Umjesto toga, isprobajte web stranice za online upoznavanje na kojima mo\u017eete upoznati stvarne \u017eene. Ove su web stranice sigurnije od web lokacija za spajanje jer mo\u017eete filtrirati negativce. Osim toga, mo\u017eete se povezati sa \u017eenama na temelju zajedni\u010dkih interesa umjesto slu\u010dajnih spajanja.<\/p>\n","protected":false},"excerpt":{"rendered":"<p>Povremene recenzije upoznavanja (bez igara ili pla\u0107anja) Najbolje internetske web stranice za upoznavanje su one koje vam nude ne\u0161to jedinstveno u usporedbi s drugima. Oni vam pru\u017eaju ve\u0107e \u0161anse da [&hellip;]<\/p>\n","protected":false},"author":1,"featured_media":86,"parent":0,"menu_order":0,"comment_status":"closed","ping_status":"closed","template":"","meta":[],"yoast_head":"<!-- This site is optimized with the Yoast SEO plugin v17.7.1 - https:\/\/yoast.com\/wordpress\/plugins\/seo\/ -->\n<title>Povremene recenzije upoznavanja (bez igara ili pla\u0107anja) - Adult Recordings<\/title>\n<meta name=\"description\" content=\"META opis\" \/>\n<meta name=\"robots\" content=\"index, follow, max-snippet:-1, max-image-preview:large, max-video-preview:-1\" \/>\n<link rel=\"canonical\" href=\"https:\/\/arbouserecordings.com\/hr\/\" \/>\n<meta property=\"og:locale\" content=\"hr_HR\" \/>\n<meta property=\"og:type\" content=\"article\" \/>\n<meta property=\"og:title\" content=\"Povremene recenzije upoznavanja (bez igara ili pla\u0107anja) - Adult Recordings\" \/>\n<meta property=\"og:description\" content=\"META opis\" \/>\n<meta property=\"og:url\" content=\"https:\/\/arbouserecordings.com\/hr\/\" \/>\n<meta property=\"og:site_name\" content=\"Adult Recordings\" \/>\n<meta property=\"og:image\" content=\"http:\/\/arbouserecordings.com\/wp-content\/uploads\/2022\/08\/best-adult-apps-for-casual-fun.jpeg\" \/>\n\t<meta property=\"og:image:width\" content=\"2250\" \/>\n\t<meta property=\"og:image:height\" content=\"1500\" \/>\n<meta name=\"twitter:card\" content=\"summary_large_image\" \/>\n<meta name=\"twitter:label1\" content=\"Procijenjeno vrijeme \u010ditanja\" \/>\n\t<meta name=\"twitter:data1\" content=\"7 minuta\" \/>\n<script type=\"application\/ld+json\" class=\"yoast-schema-graph\">{\"@context\":\"https:\/\/schema.org\",\"@graph\":[{\"@type\":\"WebSite\",\"@id\":\"https:\/\/arbouserecordings.com\/#website\",\"url\":\"https:\/\/arbouserecordings.com\/\",\"name\":\"Adult Recordings\",\"description\":\"Online Hookup Reviews\",\"potentialAction\":[{\"@type\":\"SearchAction\",\"target\":{\"@type\":\"EntryPoint\",\"urlTemplate\":\"https:\/\/arbouserecordings.com\/?s={search_term_string}\"},\"query-input\":\"required name=search_term_string\"}],\"inLanguage\":\"hr\"},{\"@type\":\"ImageObject\",\"@id\":\"https:\/\/arbouserecordings.com\/hr\/#primaryimage\",\"inLanguage\":\"hr\",\"url\":\"https:\/\/arbouserecordings.com\/wp-content\/uploads\/2022\/08\/best-adult-apps-for-casual-fun.jpeg\",\"contentUrl\":\"https:\/\/arbouserecordings.com\/wp-content\/uploads\/2022\/08\/best-adult-apps-for-casual-fun.jpeg\",\"width\":2250,\"height\":1500},{\"@type\":\"WebPage\",\"@id\":\"https:\/\/arbouserecordings.com\/hr\/#webpage\",\"url\":\"https:\/\/arbouserecordings.com\/hr\/\",\"name\":\"Povremene recenzije upoznavanja (bez igara ili pla\\u0107anja) - Adult Recordings\",\"isPartOf\":{\"@id\":\"https:\/\/arbouserecordings.com\/#website\"},\"primaryImageOfPage\":{\"@id\":\"https:\/\/arbouserecordings.com\/hr\/#primaryimage\"},\"datePublished\":\"2022-08-27T11:42:49+00:00\",\"dateModified\":\"2022-08-27T11:42:49+00:00\",\"description\":\"META opis\",\"breadcrumb\":{\"@id\":\"https:\/\/arbouserecordings.com\/hr\/#breadcrumb\"},\"inLanguage\":\"hr\",\"potentialAction\":[{\"@type\":\"ReadAction\",\"target\":[\"https:\/\/arbouserecordings.com\/hr\/\"]}]},{\"@type\":\"BreadcrumbList\",\"@id\":\"https:\/\/arbouserecordings.com\/hr\/#breadcrumb\",\"itemListElement\":[{\"@type\":\"ListItem\",\"position\":1,\"name\":\"Home\",\"item\":\"http:\/\/arbouserecordings.com\/hr\/\"},{\"@type\":\"ListItem\",\"position\":2,\"name\":\"Povremene recenzije upoznavanja (bez igara ili pla\\u0107anja)\"}]}]}<\/script>\n<!-- \/ Yoast SEO plugin. -->","yoast_head_json":{"title":"Povremene recenzije upoznavanja (bez igara ili pla\u0107anja) - Adult Recordings","description":"META opis","robots":{"index":"index","follow":"follow","max-snippet":"max-snippet:-1","max-image-preview":"max-image-preview:large","max-video-preview":"max-video-preview:-1"},"canonical":"https:\/\/arbouserecordings.com\/hr\/","og_locale":"hr_HR","og_type":"article","og_title":"Povremene recenzije upoznavanja (bez igara ili pla\u0107anja) - Adult Recordings","og_description":"META opis","og_url":"https:\/\/arbouserecordings.com\/hr\/","og_site_name":"Adult Recordings","og_image":[{"width":2250,"height":1500,"url":"http:\/\/arbouserecordings.com\/wp-content\/uploads\/2022\/08\/best-adult-apps-for-casual-fun.jpeg","type":"image\/jpeg"}],"twitter_card":"summary_large_image","twitter_misc":{"Procijenjeno vrijeme \u010ditanja":"7 minuta"},"schema":{"@context":"https:\/\/schema.org","@graph":[{"@type":"WebSite","@id":"https:\/\/arbouserecordings.com\/#website","url":"https:\/\/arbouserecordings.com\/","name":"Adult Recordings","description":"Online Hookup Reviews","potentialAction":[{"@type":"SearchAction","target":{"@type":"EntryPoint","urlTemplate":"https:\/\/arbouserecordings.com\/?s={search_term_string}"},"query-input":"required name=search_term_string"}],"inLanguage":"hr"},{"@type":"ImageObject","@id":"https:\/\/arbouserecordings.com\/hr\/#primaryimage","inLanguage":"hr","url":"https:\/\/arbouserecordings.com\/wp-content\/uploads\/2022\/08\/best-adult-apps-for-casual-fun.jpeg","contentUrl":"https:\/\/arbouserecordings.com\/wp-content\/uploads\/2022\/08\/best-adult-apps-for-casual-fun.jpeg","width":2250,"height":1500},{"@type":"WebPage","@id":"https:\/\/arbouserecordings.com\/hr\/#webpage","url":"https:\/\/arbouserecordings.com\/hr\/","name":"Povremene recenzije upoznavanja (bez igara ili pla\u0107anja) - Adult Recordings","isPartOf":{"@id":"https:\/\/arbouserecordings.com\/#website"},"primaryImageOfPage":{"@id":"https:\/\/arbouserecordings.com\/hr\/#primaryimage"},"datePublished":"2022-08-27T11:42:49+00:00","dateModified":"2022-08-27T11:42:49+00:00","description":"META opis","breadcrumb":{"@id":"https:\/\/arbouserecordings.com\/hr\/#breadcrumb"},"inLanguage":"hr","potentialAction":[{"@type":"ReadAction","target":["https:\/\/arbouserecordings.com\/hr\/"]}]},{"@type":"BreadcrumbList","@id":"https:\/\/arbouserecordings.com\/hr\/#breadcrumb","itemListElement":[{"@type":"ListItem","position":1,"name":"Home","item":"http:\/\/arbouserecordings.com\/hr\/"},{"@type":"ListItem","position":2,"name":"Povremene recenzije upoznavanja (bez igara ili pla\u0107anja)"}]}]}},"_links":{"self":[{"href":"https:\/\/arbouserecordings.com\/hr\/wp-json\/wp\/v2\/pages\/154"}],"collection":[{"href":"https:\/\/arbouserecordings.com\/hr\/wp-json\/wp\/v2\/pages"}],"about":[{"href":"https:\/\/arbouserecordings.com\/hr\/wp-json\/wp\/v2\/types\/page"}],"author":[{"embeddable":true,"href":"https:\/\/arbouserecordings.com\/hr\/wp-json\/wp\/v2\/users\/1"}],"replies":[{"embeddable":true,"href":"https:\/\/arbouserecordings.com\/hr\/wp-json\/wp\/v2\/comments?post=154"}],"version-history":[{"count":0,"href":"https:\/\/arbouserecordings.com\/hr\/wp-json\/wp\/v2\/pages\/154\/revisions"}],"wp:featuredmedia":[{"embeddable":true,"href":"https:\/\/arbouserecordings.com\/hr\/wp-json\/wp\/v2\/media\/86"}],"wp:attachment":[{"href":"https:\/\/arbouserecordings.com\/hr\/wp-json\/wp\/v2\/media?parent=154"}],"curies":[{"name":"wp","href":"https:\/\/api.w.org\/{rel}","templated":true}]}}