{"id":328,"date":"2022-08-28T10:58:17","date_gmt":"2022-08-28T09:58:17","guid":{"rendered":"http:\/\/arbouserecordings.com\/comment-reussir-dans-les-rencontres-en-ligne-obtenez-votre-profil-correctement\/"},"modified":"2022-09-08T16:27:37","modified_gmt":"2022-09-08T15:27:37","slug":"comment-reussir-dans-les-rencontres-en-ligne-obtenez-votre-profil-correctement","status":"publish","type":"page","link":"https:\/\/arbouserecordings.com\/fr\/comment-reussir-dans-les-rencontres-en-ligne-obtenez-votre-profil-correctement\/","title":{"rendered":"Comment r\u00e9ussir dans les rencontres en ligne: obtenez votre profil correctement"},"content":{"rendered":"<h1>Comment r\u00e9ussir dans les rencontres en ligne: obtenez votre profil correctement<\/h1>\n<p>Les sites de rencontres les plus populaires incluent eHarmony, Match, OkCupid, PlentyOfFish et Tinder. Ils varient tous en termes de fonctionnalit\u00e9s, de co\u00fbts et de politiques de confidentialit\u00e9. Cependant, ils suivent g\u00e9n\u00e9ralement des r\u00e8gles similaires. Par exemple, de nombreux sites exigent que les utilisateurs remplissent des questionnaires sur eux-m\u00eames, y compris des questions sur l\u2019\u00e2ge, le sexe, le niveau d\u2019\u00e9ducation, la religion, l\u2019affiliation politique, l\u2019orientation sexuelle, etc. Les utilisateurs r\u00e9pondent \u00e9galement \u00e0 des questions sur leur partenaire id\u00e9al. Ces questions aident le site \u00e0 d\u00e9terminer s\u2019il convient aux deux parties.<\/p>\n<h2>Comment cr\u00e9er les profils de rencontres ultimes<\/h2>\n<p>Une fois inscrit, vous recevrez des notifications par e-mail chaque fois qu\u2019il y a de nouvelles correspondances \u00e0 proximit\u00e9. Vous pouvez parcourir les profils et envoyer des messages directement \u00e0 partir de l\u2019application. La plupart des sites vous permettent de configurer votre photo de profil, votre photo de couverture, votre biographie et votre emplacement <a href=\"https:\/\/www.hookup-now.com\/fr\/trouvez-hot-milfs-pres-de-chez-moi\/\">hot MILFs<\/a>. Il peut y avoir des exigences diff\u00e9rentes selon le site. Certains sites peuvent vous demander de t\u00e9l\u00e9charger des photos. D\u2019autres peuvent vous demander de prendre un selfie. Et d\u2019autres peuvent simplement vous demander d\u2019entrer le nom de votre ville. Si vous d\u00e9cidez d\u2019utiliser l\u2019un de ces sites, assurez-vous de lire attentivement les petits caract\u00e8res.<\/p>\n<p>Certains sites facturent des frais pour contacter des partenaires potentiels. Ces frais peuvent varier de 0 $ \u00e0 10 $ par mois. D\u2019autres sites vous donnent acc\u00e8s \u00e0 une messagerie illimit\u00e9e sans rien payer. D\u2019autres encore n\u2019ont pas de frais mensuels du tout. Consultez la section FAQ du site pour voir s\u2019il y a des frais cach\u00e9s.<\/p>\n<p>Vous devrez peut-\u00eatre payer pour communiquer avec des personnes sp\u00e9cifiques. <a href=\"http:\/\/arbouserecordings.com\/fr\/guide-pour-trouver-lamour-avec-les-celibataires-a-proximite\/\">De nombreux sites proposent des comptes premium<\/a> qui vous permettent de discuter avec des membres qui ont pay\u00e9 pour l\u2019adh\u00e9sion. Habituellement, vous devez payer un petit montant pour parler \u00e0 chaque personne individuellement. D\u2019autres sites peuvent vous permettre de discuter avec tout le monde, mais vous ne pourrez envoyer d\u2019e-mails \u00e0 personne.<\/p>\n<p>Si vous pr\u00e9f\u00e9rez ne pas d\u00e9penser d\u2019argent pour un abonnement \u00e0 un site de rencontre, vous pouvez toujours trouver de nombreuses occasions de vous connecter avec des c\u00e9libataires via les m\u00e9dias sociaux. Les groupes Facebook, les chats Twitter, les histoires Instagram et les vid\u00e9os YouTube ne sont que quelques-unes des fa\u00e7ons d\u2019interagir avec d\u2019autres personnes qui vivent pr\u00e8s de chez vous.<\/p>\n<h2>Comment utiliser les sites de rencontres en ligne<\/h2>\n<p>Avant de vous inscrire \u00e0 un site de rencontre en ligne, il est important <a href=\"http:\/\/www.bulletforcegame.com\/fr\/jeux-pornographiques-familiaux\/\">jeux pornographiques<\/a> de consid\u00e9rer ce que vous voulez de votre exp\u00e9rience. Pr\u00e9f\u00e9rez-vous les rendez-vous d\u00e9contract\u00e9s ou voulez-vous quelque chose de s\u00e9rieux? Si vous \u00eates int\u00e9ress\u00e9 \u00e0 trouver l\u2019amour, il existe de nombreuses options. Certains sont mieux adapt\u00e9s aux aventures d\u2019un soir, tandis que d\u2019autres s\u2019adressent \u00e0 ceux qui recherchent des relations \u00e0 long terme. Il existe m\u00eame des sites de niche qui se concentrent sur des donn\u00e9es d\u00e9mographiques sp\u00e9cifiques comme les personnes \u00e2g\u00e9es ou les personnes vivant dans les zones rurales.<\/p>\n<p>La premi\u00e8re chose que vous voudrez probablement comprendre est le type de relation que vous esp\u00e9rez trouver <a href=\"https:\/\/www.sextchat.net\/fr\/sites-de-webcams-voyeur-en-direct\/\">webcam voyeur<\/a>. Est-ce que c\u2019est juste une aventure amusante ou cherchez-vous quelque chose de plus s\u00e9rieux? Cette d\u00e9cision vous aidera \u00e0 affiner vos choix. Ensuite, r\u00e9fl\u00e9chissez aux fonctionnalit\u00e9s qui sont importantes pour vous. Par exemple, si vous aimez le sport, vous pouvez rechercher un site qui vous permet de filtrer les matchs en fonction de votre \u00e9quipe ou de votre sport pr\u00e9f\u00e9r\u00e9. Ou peut-\u00eatre pr\u00e9f\u00e9rez-vous sortir avec quelqu\u2019un de similaire \u00e0 vous en termes d\u2019int\u00e9r\u00eats.<\/p>\n<h2>En valent-ils la peine?<\/h2>\n<p>Enfin, jetez un coup d\u2019\u0153il aux diff\u00e9rents types de sites de rencontres. Certains sont sp\u00e9cialement con\u00e7us pour <a href=\"http:\/\/arbouserecordings.com\/fr\/comment-trouver-des-connexions-locales-pres-de-chez-vous\/\">les affaires \u00e0 court terme<\/a>, tandis que d\u2019autres sont ax\u00e9s sur les relations \u00e0 long terme. Prenez \u00e9galement note du nombre de membres de chaque site. Les sites avec un plus grand nombre de membres ont tendance \u00e0 attirer plus d\u2019attention.<\/p>\n<p>Le co\u00fbt moyen d\u2019une application de rencontres ou d\u2019un abonnement \u00e0 un site varie d\u2019environ 15 $ \u00e0 200 $ par mois, selon le nombre de fonctionnalit\u00e9s incluses. Il existe d\u2019excellentes options gratuites, y compris Tinder et Bumble, mais si vous voulez acc\u00e9der \u00e0 tout, il est g\u00e9n\u00e9ralement pr\u00e9f\u00e9rable d\u2019opter pour un abonnement payant.<\/p>\n<p>Vous pourriez penser que rejoindre un site de rencontre est une \u00e9vidence &#8211; apr\u00e8s tout, tout le monde sait que trouver l\u2019amour en ligne est facile. Mais ce n\u2019est pas parce que quelque chose semble \u00eatre une bonne id\u00e9e que c\u2019est r\u00e9ellement le cas. Avant de vous inscrire \u00e0 quoi que ce soit, faites vos recherches et assurez-vous que le site offre ce que vous recherchez. Vous ne voulez pas finir par gaspiller de l\u2019argent sur un abonnement qui n\u2019en vaut pas la peine.<\/p>\n","protected":false},"excerpt":{"rendered":"<p>Comment r\u00e9ussir dans les rencontres en ligne: obtenez votre profil correctement Les sites de rencontres les plus populaires incluent eHarmony, Match, OkCupid, PlentyOfFish et Tinder. Ils varient tous en termes [&hellip;]<\/p>\n","protected":false},"author":1,"featured_media":225,"parent":0,"menu_order":0,"comment_status":"closed","ping_status":"closed","template":"","meta":[],"yoast_head":"<!-- This site is optimized with the Yoast SEO plugin v17.7.1 - https:\/\/yoast.com\/wordpress\/plugins\/seo\/ -->\n<title>Comment r\u00e9ussir dans les rencontres en ligne: obtenez votre profil correctement - Adult Recordings<\/title>\n<meta name=\"robots\" content=\"index, follow, max-snippet:-1, max-image-preview:large, max-video-preview:-1\" \/>\n<link rel=\"canonical\" href=\"https:\/\/arbouserecordings.com\/fr\/comment-reussir-dans-les-rencontres-en-ligne-obtenez-votre-profil-correctement\/\" \/>\n<meta property=\"og:locale\" content=\"fr_FR\" \/>\n<meta property=\"og:type\" content=\"article\" \/>\n<meta property=\"og:title\" content=\"Comment r\u00e9ussir dans les rencontres en ligne: obtenez votre profil correctement - Adult Recordings\" \/>\n<meta property=\"og:description\" content=\"Comment r\u00e9ussir dans les rencontres en ligne: obtenez votre profil correctement Les sites de rencontres les plus populaires incluent eHarmony, Match, OkCupid, PlentyOfFish et Tinder. Ils varient tous en termes [&hellip;]\" \/>\n<meta property=\"og:url\" content=\"https:\/\/arbouserecordings.com\/fr\/comment-reussir-dans-les-rencontres-en-ligne-obtenez-votre-profil-correctement\/\" \/>\n<meta property=\"og:site_name\" content=\"Adult Recordings\" \/>\n<meta property=\"article:modified_time\" content=\"2022-09-08T15:27:37+00:00\" \/>\n<meta property=\"og:image\" content=\"https:\/\/arbouserecordings.com\/wp-content\/uploads\/2022\/08\/online-dating.jpeg\" \/>\n\t<meta property=\"og:image:width\" content=\"500\" \/>\n\t<meta property=\"og:image:height\" content=\"750\" \/>\n<meta name=\"twitter:card\" content=\"summary_large_image\" \/>\n<meta name=\"twitter:label1\" content=\"Dur\u00e9e de lecture estim\u00e9e\" \/>\n\t<meta name=\"twitter:data1\" content=\"4 minutes\" \/>\n<script type=\"application\/ld+json\" class=\"yoast-schema-graph\">{\"@context\":\"https:\/\/schema.org\",\"@graph\":[{\"@type\":\"WebSite\",\"@id\":\"https:\/\/arbouserecordings.com\/nl\/#website\",\"url\":\"https:\/\/arbouserecordings.com\/nl\/\",\"name\":\"Adult Recordings\",\"description\":\"Online Hookup Reviews\",\"potentialAction\":[{\"@type\":\"SearchAction\",\"target\":{\"@type\":\"EntryPoint\",\"urlTemplate\":\"https:\/\/arbouserecordings.com\/nl\/?s={search_term_string}\"},\"query-input\":\"required name=search_term_string\"}],\"inLanguage\":\"fr-FR\"},{\"@type\":\"ImageObject\",\"@id\":\"https:\/\/arbouserecordings.com\/fr\/comment-reussir-dans-les-rencontres-en-ligne-obtenez-votre-profil-correctement\/#primaryimage\",\"inLanguage\":\"fr-FR\",\"url\":\"https:\/\/arbouserecordings.com\/wp-content\/uploads\/2022\/08\/online-dating.jpeg\",\"contentUrl\":\"https:\/\/arbouserecordings.com\/wp-content\/uploads\/2022\/08\/online-dating.jpeg\",\"width\":500,\"height\":750},{\"@type\":\"WebPage\",\"@id\":\"https:\/\/arbouserecordings.com\/fr\/comment-reussir-dans-les-rencontres-en-ligne-obtenez-votre-profil-correctement\/#webpage\",\"url\":\"https:\/\/arbouserecordings.com\/fr\/comment-reussir-dans-les-rencontres-en-ligne-obtenez-votre-profil-correctement\/\",\"name\":\"Comment r\\u00e9ussir dans les rencontres en ligne: obtenez votre profil correctement - Adult Recordings\",\"isPartOf\":{\"@id\":\"https:\/\/arbouserecordings.com\/nl\/#website\"},\"primaryImageOfPage\":{\"@id\":\"https:\/\/arbouserecordings.com\/fr\/comment-reussir-dans-les-rencontres-en-ligne-obtenez-votre-profil-correctement\/#primaryimage\"},\"datePublished\":\"2022-08-28T09:58:17+00:00\",\"dateModified\":\"2022-09-08T15:27:37+00:00\",\"breadcrumb\":{\"@id\":\"https:\/\/arbouserecordings.com\/fr\/comment-reussir-dans-les-rencontres-en-ligne-obtenez-votre-profil-correctement\/#breadcrumb\"},\"inLanguage\":\"fr-FR\",\"potentialAction\":[{\"@type\":\"ReadAction\",\"target\":[\"https:\/\/arbouserecordings.com\/fr\/comment-reussir-dans-les-rencontres-en-ligne-obtenez-votre-profil-correctement\/\"]}]},{\"@type\":\"BreadcrumbList\",\"@id\":\"https:\/\/arbouserecordings.com\/fr\/comment-reussir-dans-les-rencontres-en-ligne-obtenez-votre-profil-correctement\/#breadcrumb\",\"itemListElement\":[{\"@type\":\"ListItem\",\"position\":1,\"name\":\"Home\",\"item\":\"https:\/\/arbouserecordings.com\/fr\/\"},{\"@type\":\"ListItem\",\"position\":2,\"name\":\"Comment r\\u00e9ussir dans les rencontres en ligne: obtenez votre profil correctement\"}]}]}<\/script>\n<!-- \/ Yoast SEO plugin. -->","yoast_head_json":{"title":"Comment r\u00e9ussir dans les rencontres en ligne: obtenez votre profil correctement - Adult Recordings","robots":{"index":"index","follow":"follow","max-snippet":"max-snippet:-1","max-image-preview":"max-image-preview:large","max-video-preview":"max-video-preview:-1"},"canonical":"https:\/\/arbouserecordings.com\/fr\/comment-reussir-dans-les-rencontres-en-ligne-obtenez-votre-profil-correctement\/","og_locale":"fr_FR","og_type":"article","og_title":"Comment r\u00e9ussir dans les rencontres en ligne: obtenez votre profil correctement - Adult Recordings","og_description":"Comment r\u00e9ussir dans les rencontres en ligne: obtenez votre profil correctement Les sites de rencontres les plus populaires incluent eHarmony, Match, OkCupid, PlentyOfFish et Tinder. Ils varient tous en termes [&hellip;]","og_url":"https:\/\/arbouserecordings.com\/fr\/comment-reussir-dans-les-rencontres-en-ligne-obtenez-votre-profil-correctement\/","og_site_name":"Adult Recordings","article_modified_time":"2022-09-08T15:27:37+00:00","og_image":[{"width":500,"height":750,"url":"https:\/\/arbouserecordings.com\/wp-content\/uploads\/2022\/08\/online-dating.jpeg","type":"image\/jpeg"}],"twitter_card":"summary_large_image","twitter_misc":{"Dur\u00e9e de lecture estim\u00e9e":"4 minutes"},"schema":{"@context":"https:\/\/schema.org","@graph":[{"@type":"WebSite","@id":"https:\/\/arbouserecordings.com\/nl\/#website","url":"https:\/\/arbouserecordings.com\/nl\/","name":"Adult Recordings","description":"Online Hookup Reviews","potentialAction":[{"@type":"SearchAction","target":{"@type":"EntryPoint","urlTemplate":"https:\/\/arbouserecordings.com\/nl\/?s={search_term_string}"},"query-input":"required name=search_term_string"}],"inLanguage":"fr-FR"},{"@type":"ImageObject","@id":"https:\/\/arbouserecordings.com\/fr\/comment-reussir-dans-les-rencontres-en-ligne-obtenez-votre-profil-correctement\/#primaryimage","inLanguage":"fr-FR","url":"https:\/\/arbouserecordings.com\/wp-content\/uploads\/2022\/08\/online-dating.jpeg","contentUrl":"https:\/\/arbouserecordings.com\/wp-content\/uploads\/2022\/08\/online-dating.jpeg","width":500,"height":750},{"@type":"WebPage","@id":"https:\/\/arbouserecordings.com\/fr\/comment-reussir-dans-les-rencontres-en-ligne-obtenez-votre-profil-correctement\/#webpage","url":"https:\/\/arbouserecordings.com\/fr\/comment-reussir-dans-les-rencontres-en-ligne-obtenez-votre-profil-correctement\/","name":"Comment r\u00e9ussir dans les rencontres en ligne: obtenez votre profil correctement - Adult Recordings","isPartOf":{"@id":"https:\/\/arbouserecordings.com\/nl\/#website"},"primaryImageOfPage":{"@id":"https:\/\/arbouserecordings.com\/fr\/comment-reussir-dans-les-rencontres-en-ligne-obtenez-votre-profil-correctement\/#primaryimage"},"datePublished":"2022-08-28T09:58:17+00:00","dateModified":"2022-09-08T15:27:37+00:00","breadcrumb":{"@id":"https:\/\/arbouserecordings.com\/fr\/comment-reussir-dans-les-rencontres-en-ligne-obtenez-votre-profil-correctement\/#breadcrumb"},"inLanguage":"fr-FR","potentialAction":[{"@type":"ReadAction","target":["https:\/\/arbouserecordings.com\/fr\/comment-reussir-dans-les-rencontres-en-ligne-obtenez-votre-profil-correctement\/"]}]},{"@type":"BreadcrumbList","@id":"https:\/\/arbouserecordings.com\/fr\/comment-reussir-dans-les-rencontres-en-ligne-obtenez-votre-profil-correctement\/#breadcrumb","itemListElement":[{"@type":"ListItem","position":1,"name":"Home","item":"https:\/\/arbouserecordings.com\/fr\/"},{"@type":"ListItem","position":2,"name":"Comment r\u00e9ussir dans les rencontres en ligne: obtenez votre profil correctement"}]}]}},"_links":{"self":[{"href":"https:\/\/arbouserecordings.com\/fr\/wp-json\/wp\/v2\/pages\/328"}],"collection":[{"href":"https:\/\/arbouserecordings.com\/fr\/wp-json\/wp\/v2\/pages"}],"about":[{"href":"https:\/\/arbouserecordings.com\/fr\/wp-json\/wp\/v2\/types\/page"}],"author":[{"embeddable":true,"href":"https:\/\/arbouserecordings.com\/fr\/wp-json\/wp\/v2\/users\/1"}],"replies":[{"embeddable":true,"href":"https:\/\/arbouserecordings.com\/fr\/wp-json\/wp\/v2\/comments?post=328"}],"version-history":[{"count":1,"href":"https:\/\/arbouserecordings.com\/fr\/wp-json\/wp\/v2\/pages\/328\/revisions"}],"predecessor-version":[{"id":426,"href":"https:\/\/arbouserecordings.com\/fr\/wp-json\/wp\/v2\/pages\/328\/revisions\/426"}],"wp:featuredmedia":[{"embeddable":true,"href":"https:\/\/arbouserecordings.com\/fr\/wp-json\/wp\/v2\/media\/225"}],"wp:attachment":[{"href":"https:\/\/arbouserecordings.com\/fr\/wp-json\/wp\/v2\/media?parent=328"}],"curies":[{"name":"wp","href":"https:\/\/api.w.org\/{rel}","templated":true}]}}