{"id":327,"date":"2022-08-28T10:49:05","date_gmt":"2022-08-28T09:49:05","guid":{"rendered":"http:\/\/arbouserecordings.com\/comment-trouver-des-connexions-locales-pres-de-chez-vous\/"},"modified":"2022-09-08T16:28:53","modified_gmt":"2022-09-08T15:28:53","slug":"comment-trouver-des-connexions-locales-pres-de-chez-vous","status":"publish","type":"page","link":"https:\/\/arbouserecordings.com\/fr\/comment-trouver-des-connexions-locales-pres-de-chez-vous\/","title":{"rendered":"Comment trouver des connexions locales pr\u00e8s de chez vous?"},"content":{"rendered":"<h1>Comment trouver des connexions locales pr\u00e8s de chez vous?<\/h1>\n<p>Bienvenue sur la meilleure application de rencontres gratuite sur le Web. Nous savons que les rencontres en ligne peuvent parfois sembler une t\u00e2che intimidante, surtout si vous recherchez l\u2019amour dans tous les mauvais endroits. Nous avons donc construit notre site dans le seul but de rendre les rencontres en ligne gratuites, faciles et amusantes pour tout le monde. Nous esp\u00e9rons que vous l\u2019appr\u00e9cierez autant que nous. Si vous avez des questions, n\u2019h\u00e9sitez pas \u00e0 nous contacter. Nous sommes l\u00e0 pour vous aider!<\/p>\n<h2>Rencontrez des femmes locales pour une rencontre<\/h2>\n<p>La NSA fournit une interface propre qui facilite la navigation et la communication <a href=\"https:\/\/wank.io\/fr\/sites-cam-cam-2-gratuits\/\">cam2cam<\/a> avec les autres membres. En plus des fonctionnalit\u00e9s standard que vous pouvez vous attendre \u00e0 trouver sur toute autre application de rencontres en ligne, le site offre quelques avantages suppl\u00e9mentaires qui le distinguent de la foule.<\/p>\n<p>Une fois que vous avez s\u00e9lectionn\u00e9 un profil qui attire votre attention, vous serez redirig\u00e9 vers un \u00e9cran o\u00f9 vous pourrez afficher les informations du membre, y compris son sexe, son \u00e2ge, son emplacement, ses int\u00e9r\u00eats et, surtout, sa galerie de photos. \u00c0 partir de l\u00e0, vous pouvez soit continuer \u00e0 parcourir les profils, soit initier un contact en envoyant un clin d\u2019\u0153il \u00e0 un autre membre. Quoi qu\u2019il en soit, vous n\u2019aurez pas \u00e0 attendre longtemps car les messages sont livr\u00e9s presque imm\u00e9diatement.<\/p>\n<p>Si vous d\u00e9cidez d\u2019aller plus loin, vous pouvez configurer un <a href=\"http:\/\/arbouserecordings.com\/fr\/trouver-quelquun-de-special-avec-les-sites-de-connexion\/\">salon de discussion<\/a> priv\u00e9 o\u00f9 vous pouvez \u00e9changer des photos, des vid\u00e9os et tout ce que vous souhaitez montrer. Vous pouvez m\u00eame ajouter des amis via Facebook, Twitter, Instagram, Kik et Viber. Cependant, contrairement \u00e0 de nombreuses applications de rencontres pour adultes, NSa ne vous oblige pas \u00e0 lier vos comptes ensemble. Au lieu de cela, vous pouvez simplement connecter vos r\u00e9seaux sociaux s\u00e9par\u00e9ment.<\/p>\n<h2>Nos conseils<\/h2>\n<p>Il s\u2019agit d\u2019un agr\u00e9gateur d\u2019avis et d\u2019un outil de comparaison pour <a href=\"http:\/\/arbouserecordings.com\/fr\/guide-pour-trouver-lamour-avec-les-celibataires-a-proximite\/\">les sites de rencontres en ligne et les<\/a> applications mobiles. Nous comparons les meilleurs sites de rencontres et applications mobiles en fonction des donn\u00e9es collect\u00e9es sur le Web, les m\u00e9dias sociaux et des tiers impartiaux.<\/p>\n<p>Nous analysons plus de 20 crit\u00e8res diff\u00e9rents, notamment le prix, le co\u00fbt de l\u2019adh\u00e9sion, le nombre de membres, les r\u00e9ussites, le support client <a href=\"https:\/\/www.fuck-buddies.net\/fr\/jeux-de-sexe-gratuits-sur-ios-app-store\/\">jeux gratuits sexe<\/a>, la s\u00e9curit\u00e9, la politique de confidentialit\u00e9, la politique de remboursement, la disponibilit\u00e9 des applications mobiles et bien plus encore.<\/p>\n<p>Pour en savoir plus sur la fa\u00e7on dont nous s\u00e9lectionnons les meilleurs sites et applications de rencontres, lisez notre m\u00e9thodologie ici.<\/p>\n<h2>Devriez-vous utiliser des sites de sexting ou des applications de rencontres?<\/h2>\n<p>Les applications de rencontres en ligne deviennent de plus en plus populaires parmi les c\u00e9libataires du monde entier. Les gens les utilisent pour trouver l\u2019amour, l\u2019amiti\u00e9, le sexe occasionnel et m\u00eame des relations \u00e0 long terme. Ils sont \u00e9galement utilis\u00e9s pour des rendez-vous amusants, des amis avec des avantages et tout simplement de vieux flirts. Il existe de <a href=\"https:\/\/www.sextchat.net\/fr\/jeux-hentai-gratuits-eroge\/\">jeux hentai gratuit<\/a> nombreux types d\u2019applications de rencontres en ligne, y compris celles con\u00e7ues \u00e0 des fins sp\u00e9cifiques, telles que la recherche d\u2019une date, la rencontre de partenaires potentiels ou simplement la connaissance de personnes int\u00e9ressantes.<\/p>\n<p>Ces types d\u2019applications sont de plus en plus populaires car ils facilitent la recherche d\u2019une date sans avoir \u00e0 passer des heures \u00e0 parcourir les profils des m\u00e9dias sociaux. Il existe maintenant des centaines de sites et d\u2019applications de rencontres diff\u00e9rents, chacun offrant quelque chose de l\u00e9g\u00e8rement diff\u00e9rent. Ici, nous examinons ce qu\u2019ils offrent, combien ils co\u00fbtent et \u00e0 quel point il est facile de les utiliser.<\/p>\n<p>Ils sont un excellent moyen de rencontrer quelqu\u2019un de nouveau, surtout si vous ne voulez pas sortir avec n\u2019importe qui.<\/p>\n","protected":false},"excerpt":{"rendered":"<p>Comment trouver des connexions locales pr\u00e8s de chez vous? Bienvenue sur la meilleure application de rencontres gratuite sur le Web. Nous savons que les rencontres en ligne peuvent parfois sembler [&hellip;]<\/p>\n","protected":false},"author":1,"featured_media":270,"parent":0,"menu_order":0,"comment_status":"closed","ping_status":"closed","template":"","meta":[],"yoast_head":"<!-- This site is optimized with the Yoast SEO plugin v17.7.1 - https:\/\/yoast.com\/wordpress\/plugins\/seo\/ -->\n<title>Comment trouver des connexions locales pr\u00e8s de chez vous? - Adult Recordings<\/title>\n<meta name=\"robots\" content=\"index, follow, max-snippet:-1, max-image-preview:large, max-video-preview:-1\" \/>\n<link rel=\"canonical\" href=\"https:\/\/arbouserecordings.com\/fr\/comment-trouver-des-connexions-locales-pres-de-chez-vous\/\" \/>\n<meta property=\"og:locale\" content=\"fr_FR\" \/>\n<meta property=\"og:type\" content=\"article\" \/>\n<meta property=\"og:title\" content=\"Comment trouver des connexions locales pr\u00e8s de chez vous? - Adult Recordings\" \/>\n<meta property=\"og:description\" content=\"Comment trouver des connexions locales pr\u00e8s de chez vous? Bienvenue sur la meilleure application de rencontres gratuite sur le Web. Nous savons que les rencontres en ligne peuvent parfois sembler [&hellip;]\" \/>\n<meta property=\"og:url\" content=\"https:\/\/arbouserecordings.com\/fr\/comment-trouver-des-connexions-locales-pres-de-chez-vous\/\" \/>\n<meta property=\"og:site_name\" content=\"Adult Recordings\" \/>\n<meta property=\"article:modified_time\" content=\"2022-09-08T15:28:53+00:00\" \/>\n<meta property=\"og:image\" content=\"https:\/\/arbouserecordings.com\/wp-content\/uploads\/2022\/08\/read-reviews.jpeg\" \/>\n\t<meta property=\"og:image:width\" content=\"2250\" \/>\n\t<meta property=\"og:image:height\" content=\"1500\" \/>\n<meta name=\"twitter:card\" content=\"summary_large_image\" \/>\n<meta name=\"twitter:label1\" content=\"Dur\u00e9e de lecture estim\u00e9e\" \/>\n\t<meta name=\"twitter:data1\" content=\"3 minutes\" \/>\n<script type=\"application\/ld+json\" class=\"yoast-schema-graph\">{\"@context\":\"https:\/\/schema.org\",\"@graph\":[{\"@type\":\"WebSite\",\"@id\":\"https:\/\/arbouserecordings.com\/nl\/#website\",\"url\":\"https:\/\/arbouserecordings.com\/nl\/\",\"name\":\"Adult Recordings\",\"description\":\"Online Hookup Reviews\",\"potentialAction\":[{\"@type\":\"SearchAction\",\"target\":{\"@type\":\"EntryPoint\",\"urlTemplate\":\"https:\/\/arbouserecordings.com\/nl\/?s={search_term_string}\"},\"query-input\":\"required name=search_term_string\"}],\"inLanguage\":\"fr-FR\"},{\"@type\":\"ImageObject\",\"@id\":\"https:\/\/arbouserecordings.com\/fr\/comment-trouver-des-connexions-locales-pres-de-chez-vous\/#primaryimage\",\"inLanguage\":\"fr-FR\",\"url\":\"https:\/\/arbouserecordings.com\/wp-content\/uploads\/2022\/08\/read-reviews.jpeg\",\"contentUrl\":\"https:\/\/arbouserecordings.com\/wp-content\/uploads\/2022\/08\/read-reviews.jpeg\",\"width\":2250,\"height\":1500},{\"@type\":\"WebPage\",\"@id\":\"https:\/\/arbouserecordings.com\/fr\/comment-trouver-des-connexions-locales-pres-de-chez-vous\/#webpage\",\"url\":\"https:\/\/arbouserecordings.com\/fr\/comment-trouver-des-connexions-locales-pres-de-chez-vous\/\",\"name\":\"Comment trouver des connexions locales pr\\u00e8s de chez vous? - Adult Recordings\",\"isPartOf\":{\"@id\":\"https:\/\/arbouserecordings.com\/nl\/#website\"},\"primaryImageOfPage\":{\"@id\":\"https:\/\/arbouserecordings.com\/fr\/comment-trouver-des-connexions-locales-pres-de-chez-vous\/#primaryimage\"},\"datePublished\":\"2022-08-28T09:49:05+00:00\",\"dateModified\":\"2022-09-08T15:28:53+00:00\",\"breadcrumb\":{\"@id\":\"https:\/\/arbouserecordings.com\/fr\/comment-trouver-des-connexions-locales-pres-de-chez-vous\/#breadcrumb\"},\"inLanguage\":\"fr-FR\",\"potentialAction\":[{\"@type\":\"ReadAction\",\"target\":[\"https:\/\/arbouserecordings.com\/fr\/comment-trouver-des-connexions-locales-pres-de-chez-vous\/\"]}]},{\"@type\":\"BreadcrumbList\",\"@id\":\"https:\/\/arbouserecordings.com\/fr\/comment-trouver-des-connexions-locales-pres-de-chez-vous\/#breadcrumb\",\"itemListElement\":[{\"@type\":\"ListItem\",\"position\":1,\"name\":\"Home\",\"item\":\"https:\/\/arbouserecordings.com\/fr\/\"},{\"@type\":\"ListItem\",\"position\":2,\"name\":\"Comment trouver des connexions locales pr\\u00e8s de chez vous?\"}]}]}<\/script>\n<!-- \/ Yoast SEO plugin. -->","yoast_head_json":{"title":"Comment trouver des connexions locales pr\u00e8s de chez vous? - Adult Recordings","robots":{"index":"index","follow":"follow","max-snippet":"max-snippet:-1","max-image-preview":"max-image-preview:large","max-video-preview":"max-video-preview:-1"},"canonical":"https:\/\/arbouserecordings.com\/fr\/comment-trouver-des-connexions-locales-pres-de-chez-vous\/","og_locale":"fr_FR","og_type":"article","og_title":"Comment trouver des connexions locales pr\u00e8s de chez vous? - Adult Recordings","og_description":"Comment trouver des connexions locales pr\u00e8s de chez vous? Bienvenue sur la meilleure application de rencontres gratuite sur le Web. Nous savons que les rencontres en ligne peuvent parfois sembler [&hellip;]","og_url":"https:\/\/arbouserecordings.com\/fr\/comment-trouver-des-connexions-locales-pres-de-chez-vous\/","og_site_name":"Adult Recordings","article_modified_time":"2022-09-08T15:28:53+00:00","og_image":[{"width":2250,"height":1500,"url":"https:\/\/arbouserecordings.com\/wp-content\/uploads\/2022\/08\/read-reviews.jpeg","type":"image\/jpeg"}],"twitter_card":"summary_large_image","twitter_misc":{"Dur\u00e9e de lecture estim\u00e9e":"3 minutes"},"schema":{"@context":"https:\/\/schema.org","@graph":[{"@type":"WebSite","@id":"https:\/\/arbouserecordings.com\/nl\/#website","url":"https:\/\/arbouserecordings.com\/nl\/","name":"Adult Recordings","description":"Online Hookup Reviews","potentialAction":[{"@type":"SearchAction","target":{"@type":"EntryPoint","urlTemplate":"https:\/\/arbouserecordings.com\/nl\/?s={search_term_string}"},"query-input":"required name=search_term_string"}],"inLanguage":"fr-FR"},{"@type":"ImageObject","@id":"https:\/\/arbouserecordings.com\/fr\/comment-trouver-des-connexions-locales-pres-de-chez-vous\/#primaryimage","inLanguage":"fr-FR","url":"https:\/\/arbouserecordings.com\/wp-content\/uploads\/2022\/08\/read-reviews.jpeg","contentUrl":"https:\/\/arbouserecordings.com\/wp-content\/uploads\/2022\/08\/read-reviews.jpeg","width":2250,"height":1500},{"@type":"WebPage","@id":"https:\/\/arbouserecordings.com\/fr\/comment-trouver-des-connexions-locales-pres-de-chez-vous\/#webpage","url":"https:\/\/arbouserecordings.com\/fr\/comment-trouver-des-connexions-locales-pres-de-chez-vous\/","name":"Comment trouver des connexions locales pr\u00e8s de chez vous? - Adult Recordings","isPartOf":{"@id":"https:\/\/arbouserecordings.com\/nl\/#website"},"primaryImageOfPage":{"@id":"https:\/\/arbouserecordings.com\/fr\/comment-trouver-des-connexions-locales-pres-de-chez-vous\/#primaryimage"},"datePublished":"2022-08-28T09:49:05+00:00","dateModified":"2022-09-08T15:28:53+00:00","breadcrumb":{"@id":"https:\/\/arbouserecordings.com\/fr\/comment-trouver-des-connexions-locales-pres-de-chez-vous\/#breadcrumb"},"inLanguage":"fr-FR","potentialAction":[{"@type":"ReadAction","target":["https:\/\/arbouserecordings.com\/fr\/comment-trouver-des-connexions-locales-pres-de-chez-vous\/"]}]},{"@type":"BreadcrumbList","@id":"https:\/\/arbouserecordings.com\/fr\/comment-trouver-des-connexions-locales-pres-de-chez-vous\/#breadcrumb","itemListElement":[{"@type":"ListItem","position":1,"name":"Home","item":"https:\/\/arbouserecordings.com\/fr\/"},{"@type":"ListItem","position":2,"name":"Comment trouver des connexions locales pr\u00e8s de chez vous?"}]}]}},"_links":{"self":[{"href":"https:\/\/arbouserecordings.com\/fr\/wp-json\/wp\/v2\/pages\/327"}],"collection":[{"href":"https:\/\/arbouserecordings.com\/fr\/wp-json\/wp\/v2\/pages"}],"about":[{"href":"https:\/\/arbouserecordings.com\/fr\/wp-json\/wp\/v2\/types\/page"}],"author":[{"embeddable":true,"href":"https:\/\/arbouserecordings.com\/fr\/wp-json\/wp\/v2\/users\/1"}],"replies":[{"embeddable":true,"href":"https:\/\/arbouserecordings.com\/fr\/wp-json\/wp\/v2\/comments?post=327"}],"version-history":[{"count":2,"href":"https:\/\/arbouserecordings.com\/fr\/wp-json\/wp\/v2\/pages\/327\/revisions"}],"predecessor-version":[{"id":429,"href":"https:\/\/arbouserecordings.com\/fr\/wp-json\/wp\/v2\/pages\/327\/revisions\/429"}],"wp:featuredmedia":[{"embeddable":true,"href":"https:\/\/arbouserecordings.com\/fr\/wp-json\/wp\/v2\/media\/270"}],"wp:attachment":[{"href":"https:\/\/arbouserecordings.com\/fr\/wp-json\/wp\/v2\/media?parent=327"}],"curies":[{"name":"wp","href":"https:\/\/api.w.org\/{rel}","templated":true}]}}