{"id":316,"date":"2022-08-28T11:00:46","date_gmt":"2022-08-28T10:00:46","guid":{"rendered":"http:\/\/arbouserecordings.com\/trouver-quelquun-de-special-avec-les-sites-de-connexion\/"},"modified":"2022-09-08T16:30:44","modified_gmt":"2022-09-08T15:30:44","slug":"trouver-quelquun-de-special-avec-les-sites-de-connexion","status":"publish","type":"page","link":"https:\/\/arbouserecordings.com\/fr\/trouver-quelquun-de-special-avec-les-sites-de-connexion\/","title":{"rendered":"Trouver quelqu\u2019un de sp\u00e9cial avec les sites de connexion"},"content":{"rendered":"<h1>Trouver quelqu\u2019un de sp\u00e9cial avec les sites de connexion<\/h1>\n<p>Il existe de nombreuses raisons pour lesquelles vous souhaitez utiliser une application de rencontres, que ce soit parce que vous cherchez \u00e0 rencontrer quelqu\u2019un de sp\u00e9cial, \u00e0 trouver l\u2019amour ou simplement \u00e0 vous faire des amis. Mais trouver le bon peut \u00eatre difficile, d\u2019autant plus qu\u2019il existe de nombreuses options. Voici donc notre guide pour vous aider \u00e0 d\u00e9cider quelle application de rencontres vous convient le mieux.<\/p>\n<h2>Vous voulez rencontrer quelqu\u2019un de sp\u00e9cial<\/h2>\n<p>Si vous <a href=\"http:\/\/arbouserecordings.com\/fr\/comment-reussir-dans-les-rencontres-en-ligne-obtenez-votre-profil-correctement\/\">cherchez \u00e0 sortir avec<\/a> quelqu\u2019un de sp\u00e9cifique, vous voudrez probablement commencer par r\u00e9duire le champ. De cette fa\u00e7on, vous ne perdrez pas trop de temps \u00e0 essayer de trouver des correspondances avec des personnes qui ne sont pas r\u00e9ellement int\u00e9ress\u00e9es <a href=\"https:\/\/www.fuck-buddies.net\/fr\/meilleurs-jeux-pour-adultes-sur-patreon\/\">meilleurs jeux de sexe<\/a> \u00e0 mieux vous conna\u00eetre. Si vous recherchez une relation \u00e0 long terme, vous voudrez probablement envisager des applications comme Tinder, Bumble, Hinge, OkCupid, PlentyOfFish, Match, Zoosk, Coffee Meets Bagel, eHarmony, ChristianMingle et Match.com. Cependant, si vous voulez juste faire des connexions occasionnelles, vous pouvez essayer des applications comme Happn, Grinder, Badoo, Grindr, Hornet et Tango.<\/p>\n<h3>Vous voulez juste vous amuser<\/h3>\n<p>Certaines applications de rencontres sont con\u00e7ues pour se faire des amis, tandis que d\u2019autres sont sp\u00e9cialement con\u00e7ues pour se connecter. Des applications comme Tinder, Bumble et Whisper sont id\u00e9ales pour ceux qui veulent se faire des amis, tandis que des applications comme Scruff, Growlr et Blendr sont plus ax\u00e9es sur la connexion sexuelle. Si vous cherchez \u00e0 vous connecter <a href=\"http:\/\/www.bulletforcegame.com\/fr\/meilleurs-jeux-nutaku\/\">meilleurs jeux hentai<\/a> socialement, vous pouvez consulter des applications comme Facebook, Instagram, Snapchat, Twitter, LinkedIn, Viber, Kik, Whatsapp, WeChat, Line, Telegram, Skype, Yahoo Messenger, Pinterest, Tumblr, Reddit et Tumblr.<\/p>\n<h3>Vous ne savez pas quel genre de personne vous recherchez<\/h3>\n<p>Peu importe la qualit\u00e9 de votre profil, cela ne signifie pas que vous attirerez automatiquement le type de personne que vous recherchez. En fait, la plupart des gens ne r\u00e9alisent m\u00eame pas qu\u2019ils sont attir\u00e9s par certains types de personnes. Il est donc important de prendre le temps de vraiment r\u00e9fl\u00e9chir \u00e0 qui vous \u00eates et \u00e0 ce que vous recherchez chez un partenaire. Ensuite, une fois que vous avez compris cela, vous pouvez affiner les choses davantage.<\/p>\n<h2>Meilleure application pour une relation s\u00e9rieuse: OkCupid<\/h2>\n<p>OkCupid est l\u2019un des sites de rencontres gratuits les plus populaires. Il existe depuis 2007 et compte environ 30 millions de membres actifs dans le monde. Alors que beaucoup de gens sont sceptiques quant aux <a href=\"http:\/\/arbouserecordings.com\/fr\/comment-trouver-des-connexions-locales-pres-de-chez-vous\/\">rencontres en ligne<\/a>, OkCupid est en fait <a href=\"https:\/\/www.sexting-sites.com\/fr\/sex-games-dans-lapp-store-ios\/\">jeux hentai iphone<\/a> assez r\u00e9ussi. Ils ont des milliers de conversations quotidiennes sur leur site, et ils disent que leur succ\u00e8s se r\u00e9sume \u00e0 une chose: beaucoup de lettres d\u2019amour.<\/p>\n<p>L\u2019application pose un site de questions allant de choses simples \u00e0 si, combien de rendez-vous vous attendez g\u00e9n\u00e9ralement avant de coucher avec quelqu\u2019un. Cependant, plus vous allez loin, plus vos profils deviendront pr\u00e9cis, selon OkCupid. Cela permet au site de trouver des correspondances en fonction de ce que vous voulez plut\u00f4t que simplement de votre emplacement.<\/p>\n<p>Alors qu\u2019OkCupid a une base d\u2019utilisateurs tr\u00e8s forte de 30 millions de membres actifs dans le monde entier, la qualit\u00e9 des matchs variera en fonction de l\u2019endroit o\u00f9 vous vivez. Si vous n\u2019\u00eates pas dans une grande ville, vous verrez probablement moins d\u2019options.<\/p>\n","protected":false},"excerpt":{"rendered":"<p>Trouver quelqu\u2019un de sp\u00e9cial avec les sites de connexion Il existe de nombreuses raisons pour lesquelles vous souhaitez utiliser une application de rencontres, que ce soit parce que vous cherchez [&hellip;]<\/p>\n","protected":false},"author":1,"featured_media":240,"parent":0,"menu_order":0,"comment_status":"closed","ping_status":"closed","template":"","meta":[],"yoast_head":"<!-- This site is optimized with the Yoast SEO plugin v17.7.1 - https:\/\/yoast.com\/wordpress\/plugins\/seo\/ -->\n<title>Trouver quelqu\u2019un de sp\u00e9cial avec les sites de connexion - Adult Recordings<\/title>\n<meta name=\"robots\" content=\"index, follow, max-snippet:-1, max-image-preview:large, max-video-preview:-1\" \/>\n<link rel=\"canonical\" href=\"https:\/\/arbouserecordings.com\/fr\/trouver-quelquun-de-special-avec-les-sites-de-connexion\/\" \/>\n<meta property=\"og:locale\" content=\"fr_FR\" \/>\n<meta property=\"og:type\" content=\"article\" \/>\n<meta property=\"og:title\" content=\"Trouver quelqu\u2019un de sp\u00e9cial avec les sites de connexion - Adult Recordings\" \/>\n<meta property=\"og:description\" content=\"Trouver quelqu\u2019un de sp\u00e9cial avec les sites de connexion Il existe de nombreuses raisons pour lesquelles vous souhaitez utiliser une application de rencontres, que ce soit parce que vous cherchez [&hellip;]\" \/>\n<meta property=\"og:url\" content=\"https:\/\/arbouserecordings.com\/fr\/trouver-quelquun-de-special-avec-les-sites-de-connexion\/\" \/>\n<meta property=\"og:site_name\" content=\"Adult Recordings\" \/>\n<meta property=\"article:modified_time\" content=\"2022-09-08T15:30:44+00:00\" \/>\n<meta property=\"og:image\" content=\"https:\/\/arbouserecordings.com\/wp-content\/uploads\/2022\/08\/free-adult-hookup-apps.jpeg\" \/>\n\t<meta property=\"og:image:width\" content=\"1125\" \/>\n\t<meta property=\"og:image:height\" content=\"750\" \/>\n<meta name=\"twitter:card\" content=\"summary_large_image\" \/>\n<meta name=\"twitter:label1\" content=\"Dur\u00e9e de lecture estim\u00e9e\" \/>\n\t<meta name=\"twitter:data1\" content=\"3 minutes\" \/>\n<script type=\"application\/ld+json\" class=\"yoast-schema-graph\">{\"@context\":\"https:\/\/schema.org\",\"@graph\":[{\"@type\":\"WebSite\",\"@id\":\"https:\/\/arbouserecordings.com\/nl\/#website\",\"url\":\"https:\/\/arbouserecordings.com\/nl\/\",\"name\":\"Adult Recordings\",\"description\":\"Online Hookup Reviews\",\"potentialAction\":[{\"@type\":\"SearchAction\",\"target\":{\"@type\":\"EntryPoint\",\"urlTemplate\":\"https:\/\/arbouserecordings.com\/nl\/?s={search_term_string}\"},\"query-input\":\"required name=search_term_string\"}],\"inLanguage\":\"fr-FR\"},{\"@type\":\"ImageObject\",\"@id\":\"https:\/\/arbouserecordings.com\/fr\/trouver-quelquun-de-special-avec-les-sites-de-connexion\/#primaryimage\",\"inLanguage\":\"fr-FR\",\"url\":\"https:\/\/arbouserecordings.com\/wp-content\/uploads\/2022\/08\/free-adult-hookup-apps.jpeg\",\"contentUrl\":\"https:\/\/arbouserecordings.com\/wp-content\/uploads\/2022\/08\/free-adult-hookup-apps.jpeg\",\"width\":1125,\"height\":750},{\"@type\":\"WebPage\",\"@id\":\"https:\/\/arbouserecordings.com\/fr\/trouver-quelquun-de-special-avec-les-sites-de-connexion\/#webpage\",\"url\":\"https:\/\/arbouserecordings.com\/fr\/trouver-quelquun-de-special-avec-les-sites-de-connexion\/\",\"name\":\"Trouver quelqu\\u2019un de sp\\u00e9cial avec les sites de connexion - Adult Recordings\",\"isPartOf\":{\"@id\":\"https:\/\/arbouserecordings.com\/nl\/#website\"},\"primaryImageOfPage\":{\"@id\":\"https:\/\/arbouserecordings.com\/fr\/trouver-quelquun-de-special-avec-les-sites-de-connexion\/#primaryimage\"},\"datePublished\":\"2022-08-28T10:00:46+00:00\",\"dateModified\":\"2022-09-08T15:30:44+00:00\",\"breadcrumb\":{\"@id\":\"https:\/\/arbouserecordings.com\/fr\/trouver-quelquun-de-special-avec-les-sites-de-connexion\/#breadcrumb\"},\"inLanguage\":\"fr-FR\",\"potentialAction\":[{\"@type\":\"ReadAction\",\"target\":[\"https:\/\/arbouserecordings.com\/fr\/trouver-quelquun-de-special-avec-les-sites-de-connexion\/\"]}]},{\"@type\":\"BreadcrumbList\",\"@id\":\"https:\/\/arbouserecordings.com\/fr\/trouver-quelquun-de-special-avec-les-sites-de-connexion\/#breadcrumb\",\"itemListElement\":[{\"@type\":\"ListItem\",\"position\":1,\"name\":\"Home\",\"item\":\"https:\/\/arbouserecordings.com\/fr\/\"},{\"@type\":\"ListItem\",\"position\":2,\"name\":\"Trouver quelqu\\u2019un de sp\\u00e9cial avec les sites de connexion\"}]}]}<\/script>\n<!-- \/ Yoast SEO plugin. -->","yoast_head_json":{"title":"Trouver quelqu\u2019un de sp\u00e9cial avec les sites de connexion - Adult Recordings","robots":{"index":"index","follow":"follow","max-snippet":"max-snippet:-1","max-image-preview":"max-image-preview:large","max-video-preview":"max-video-preview:-1"},"canonical":"https:\/\/arbouserecordings.com\/fr\/trouver-quelquun-de-special-avec-les-sites-de-connexion\/","og_locale":"fr_FR","og_type":"article","og_title":"Trouver quelqu\u2019un de sp\u00e9cial avec les sites de connexion - Adult Recordings","og_description":"Trouver quelqu\u2019un de sp\u00e9cial avec les sites de connexion Il existe de nombreuses raisons pour lesquelles vous souhaitez utiliser une application de rencontres, que ce soit parce que vous cherchez [&hellip;]","og_url":"https:\/\/arbouserecordings.com\/fr\/trouver-quelquun-de-special-avec-les-sites-de-connexion\/","og_site_name":"Adult Recordings","article_modified_time":"2022-09-08T15:30:44+00:00","og_image":[{"width":1125,"height":750,"url":"https:\/\/arbouserecordings.com\/wp-content\/uploads\/2022\/08\/free-adult-hookup-apps.jpeg","type":"image\/jpeg"}],"twitter_card":"summary_large_image","twitter_misc":{"Dur\u00e9e de lecture estim\u00e9e":"3 minutes"},"schema":{"@context":"https:\/\/schema.org","@graph":[{"@type":"WebSite","@id":"https:\/\/arbouserecordings.com\/nl\/#website","url":"https:\/\/arbouserecordings.com\/nl\/","name":"Adult Recordings","description":"Online Hookup Reviews","potentialAction":[{"@type":"SearchAction","target":{"@type":"EntryPoint","urlTemplate":"https:\/\/arbouserecordings.com\/nl\/?s={search_term_string}"},"query-input":"required name=search_term_string"}],"inLanguage":"fr-FR"},{"@type":"ImageObject","@id":"https:\/\/arbouserecordings.com\/fr\/trouver-quelquun-de-special-avec-les-sites-de-connexion\/#primaryimage","inLanguage":"fr-FR","url":"https:\/\/arbouserecordings.com\/wp-content\/uploads\/2022\/08\/free-adult-hookup-apps.jpeg","contentUrl":"https:\/\/arbouserecordings.com\/wp-content\/uploads\/2022\/08\/free-adult-hookup-apps.jpeg","width":1125,"height":750},{"@type":"WebPage","@id":"https:\/\/arbouserecordings.com\/fr\/trouver-quelquun-de-special-avec-les-sites-de-connexion\/#webpage","url":"https:\/\/arbouserecordings.com\/fr\/trouver-quelquun-de-special-avec-les-sites-de-connexion\/","name":"Trouver quelqu\u2019un de sp\u00e9cial avec les sites de connexion - Adult Recordings","isPartOf":{"@id":"https:\/\/arbouserecordings.com\/nl\/#website"},"primaryImageOfPage":{"@id":"https:\/\/arbouserecordings.com\/fr\/trouver-quelquun-de-special-avec-les-sites-de-connexion\/#primaryimage"},"datePublished":"2022-08-28T10:00:46+00:00","dateModified":"2022-09-08T15:30:44+00:00","breadcrumb":{"@id":"https:\/\/arbouserecordings.com\/fr\/trouver-quelquun-de-special-avec-les-sites-de-connexion\/#breadcrumb"},"inLanguage":"fr-FR","potentialAction":[{"@type":"ReadAction","target":["https:\/\/arbouserecordings.com\/fr\/trouver-quelquun-de-special-avec-les-sites-de-connexion\/"]}]},{"@type":"BreadcrumbList","@id":"https:\/\/arbouserecordings.com\/fr\/trouver-quelquun-de-special-avec-les-sites-de-connexion\/#breadcrumb","itemListElement":[{"@type":"ListItem","position":1,"name":"Home","item":"https:\/\/arbouserecordings.com\/fr\/"},{"@type":"ListItem","position":2,"name":"Trouver quelqu\u2019un de sp\u00e9cial avec les sites de connexion"}]}]}},"_links":{"self":[{"href":"https:\/\/arbouserecordings.com\/fr\/wp-json\/wp\/v2\/pages\/316"}],"collection":[{"href":"https:\/\/arbouserecordings.com\/fr\/wp-json\/wp\/v2\/pages"}],"about":[{"href":"https:\/\/arbouserecordings.com\/fr\/wp-json\/wp\/v2\/types\/page"}],"author":[{"embeddable":true,"href":"https:\/\/arbouserecordings.com\/fr\/wp-json\/wp\/v2\/users\/1"}],"replies":[{"embeddable":true,"href":"https:\/\/arbouserecordings.com\/fr\/wp-json\/wp\/v2\/comments?post=316"}],"version-history":[{"count":2,"href":"https:\/\/arbouserecordings.com\/fr\/wp-json\/wp\/v2\/pages\/316\/revisions"}],"predecessor-version":[{"id":432,"href":"https:\/\/arbouserecordings.com\/fr\/wp-json\/wp\/v2\/pages\/316\/revisions\/432"}],"wp:featuredmedia":[{"embeddable":true,"href":"https:\/\/arbouserecordings.com\/fr\/wp-json\/wp\/v2\/media\/240"}],"wp:attachment":[{"href":"https:\/\/arbouserecordings.com\/fr\/wp-json\/wp\/v2\/media?parent=316"}],"curies":[{"name":"wp","href":"https:\/\/api.w.org\/{rel}","templated":true}]}}