{"id":310,"date":"2022-08-28T11:16:24","date_gmt":"2022-08-28T10:16:24","guid":{"rendered":"http:\/\/arbouserecordings.com\/guide-pour-trouver-lamour-avec-les-celibataires-a-proximite\/"},"modified":"2022-09-08T16:28:06","modified_gmt":"2022-09-08T15:28:06","slug":"guide-pour-trouver-lamour-avec-les-celibataires-a-proximite","status":"publish","type":"page","link":"https:\/\/arbouserecordings.com\/fr\/guide-pour-trouver-lamour-avec-les-celibataires-a-proximite\/","title":{"rendered":"Guide pour trouver l\u2019amour avec les c\u00e9libataires \u00e0 proximit\u00e9"},"content":{"rendered":"<h1>Guide pour trouver l\u2019amour avec les c\u00e9libataires \u00e0 proximit\u00e9<\/h1>\n<p>Il existe de nombreux sites de rencontres en ligne aujourd\u2019hui, et la plupart d\u2019entre eux co\u00fbtent de l\u2019argent. Si vous voulez l\u2019essayer sans rien payer, vous devez trouver un site de rencontre enti\u00e8rement gratuit. Il existe des sites de rencontres enti\u00e8rement gratuits, mais ils ne sont pas tr\u00e8s populaires. Cet article en \u00e9num\u00e8re huit, dont les meilleurs.<\/p>\n<p>Ces sites offrent plusieurs niveaux d\u2019adh\u00e9sion <a href=\"http:\/\/arbouserecordings.com\/fr\/comment-reussir-dans-les-rencontres-en-ligne-obtenez-votre-profil-correctement\/\">en<\/a> fonction du montant que vous souhaitez payer par mois. Vous pouvez choisir un abonnement mensuel ou un plan annuel. Il n\u2019y a pas de frais cach\u00e9s sur la plupart des applications; tout est clairement pr\u00e9sent\u00e9 \u00e0 l\u2019avance. En tant que membre, vous pouvez lire les commentaires \u00e9crits par les membres pr\u00e9c\u00e9dents, afficher des photos de correspondances potentielles et m\u00eame discuter en direct avec d\u2019autres personnes. Si vous d\u00e9cidez de vous inscrire \u00e0 un abonnement payant, vous pouvez aller de l\u2019avant et rendre votre profil public. De cette fa\u00e7on, tout le monde peut voir votre galerie de photos et vos informations personnelles. Vous pouvez \u00e9galement d\u00e9finir certaines pr\u00e9f\u00e9rences telles que l\u2019emplacement, la tranche d\u2019\u00e2ge, le sexe et l\u2019origine ethnique. Cependant <a href=\"https:\/\/www.jerkoffforme.com\/fr\/sites-web-voyeur-gratuits\/\">site voyeur<\/a>, il n\u2019y a pas d\u2019option pour choisir de montrer ou non votre int\u00e9r\u00eat pour quelqu\u2019un en fonction de son apparence ou de ses traits de personnalit\u00e9.<\/p>\n<h1>Devriez-vous commencer \u00e0 sortir en ligne &#8211; Quelles applications essayer?<\/h1>\n<p>Les sites et applications de rencontres gratuits sont de plus en plus populaires car ils ne n\u00e9cessitent pas de num\u00e9ro de carte de cr\u00e9dit et offrent g\u00e9n\u00e9ralement de nombreux avantages sans facturer de frais mensuels. Certains vous permettent m\u00eame de trouver l\u2019amour sans rien payer \u00e0 l\u2019avance. Mais il y a quelques inconv\u00e9nients \u00e0 s\u2019inscrire \u00e0 un site ou \u00e0 une application gratuite, comme avoir moins de correspondances et \u00eatre moins susceptible de se connecter avec quelqu\u2019un qui partage vos int\u00e9r\u00eats.<\/p>\n<h2>Le<\/h2>\n<p>Coffee Meets Bagel est une application de rencontres o\u00f9 les membres peuvent parcourir les profils et les messages de dates potentielles en quelques secondes. Les utilisateurs peuvent voir combien de likes chaque profil a re\u00e7us et s\u2019il y a des messages r\u00e9cents. Ils peuvent \u00e9galement envoyer un message pour commencer \u00e0 discuter avec une personne. L\u2019application donne \u00e9galement aux utilisateurs la possibilit\u00e9 de configurer un rendez-vous caf\u00e9 ou une rencontre avec un autre membre.<\/p>\n<p>L\u2019application vous permet de glisser vers la droite si vous souhaitez <a href=\"http:\/\/www.gay-hookups.com\/fr\/\">sexe gay gratuit<\/a> vous connecter avec quelqu\u2019un d\u2019autre, ou vers la gauche si vous ne le souhaitez pas. Si les deux parties sont int\u00e9ress\u00e9es, elles discuteront.<\/p>\n<p>Pour les couples h\u00e9t\u00e9rosexuels, la femme envoie d\u2019abord son profil. Avec les couples de m\u00eame sexe, celui qui initie le contact peut le faire.<\/p>\n<p>Vous pouvez rechercher des profils, \u00e9tablir des connexions et envoyer des messages.<\/p>\n<h2>Amadou<\/h2>\n<p>Tinder est une application mobile bas\u00e9e sur la localisation qui permet aux utilisateurs de discuter avec d\u2019autres personnes \u00e0 proximit\u00e9 et d\u2019\u00e9tablir des connexions via du texte ou des emojis. Les gens utilisent l\u2019application pour se connecter avec n\u2019importe qui \u00e0 proximit\u00e9, quel que soit leur \u00e2ge ou leur sexe. Les utilisateurs peuvent ajouter des informations suppl\u00e9mentaires sur eux-m\u00eames, telles que leurs int\u00e9r\u00eats, leur \u00e9ducation, leur carri\u00e8re et leurs passe-temps. Ils peuvent \u00e9galement t\u00e9l\u00e9charger une photo et s\u00e9lectionner un emplacement pour afficher leur emplacement actuel. Une fois appari\u00e9s, les utilisateurs peuvent commencer \u00e0 envoyer des messages.<\/p>\n<h2>OkCupid<\/h2>\n<p>OkCupid est une <a href=\"http:\/\/arbouserecordings.com\/fr\/trouver-quelquun-de-special-avec-les-sites-de-connexion\/\">application de rencontres gratuite<\/a> qui offre une correspondance de compatibilit\u00e9 bas\u00e9e sur des facteurs tels que les traits de personnalit\u00e9, les valeurs, le style de vie et les activit\u00e9s partag\u00e9es. Ok Cupid utilise un questionnaire pour aider les utilisateurs \u00e0 d\u00e9couvrir les points communs et les diff\u00e9rences entre les partenaires potentiels. Lorsque deux utilisateurs correspondent, ils peuvent consulter les profils de l\u2019autre et communiquer en priv\u00e9. Avec ce service gratuit, vous pourrez configurer un profil de rencontre qui n\u2019est visible par personne d\u2019autre que vous. Vous pouvez choisir de rendre votre profil public ou de le garder cach\u00e9. Vous pouvez m\u00eame ajouter une photo de couverture.<\/p>\n<h2>Gond<\/h2>\n<p>Hinge est une application mobile qui connecte les gens en fonction d\u2019amis communs. Hinge utilise les donn\u00e9es Facebook pour d\u00e9terminer la compatibilit\u00e9. Apr\u00e8s s\u2019\u00eatre inscrits, les utilisateurs peuvent parcourir les profils et envoyer des messages \u00e0 d\u2019autres utilisateurs. Si deux utilisateurs d\u00e9cident de devenir un match, ils peuvent \u00e9changer des num\u00e9ros de t\u00e9l\u00e9phone et organiser une r\u00e9union en face \u00e0 face.<\/p>\n<p>Les utilisateurs peuvent \u00e9galement ajouter des photos, des vid\u00e9os et des donn\u00e9es de localisation pour aider les autres \u00e0 \u00e9tablir des connexions. Et bien que l\u2019application n\u2019exige pas que les utilisateurs remplissent des profils d\u00e9taill\u00e9s, elle pose des questions sur des choses comme la religion, la politique et l\u2019\u00e9ducation. Tout cela peut sembler assez basique, mais Hinge dit que c\u2019est diff\u00e9rent parce qu\u2019il est con\u00e7u pour permettre aux gens de se concentrer sur la recherche de l\u2019amour dans ces domaines.<\/p>\n<h2>POF<\/h2>\n<p>Plenty of Fish est un site de rencontres en ligne gratuit qui s\u2019adresse \u00e0 ceux qui recherchent des relations \u00e0 long terme. Plenty of Fish inclut des fonctionnalit\u00e9s telles que le chat en direct, le chat vid\u00e9o et l\u2019envoi d\u2019e-mails. Les utilisateurs peuvent \u00e9galement afficher les publications publiques d\u2019autres utilisateurs et lire les messages <a href=\"https:\/\/www.adultsexsites.org\/fr\/jeux-sexuels-gratuits-aucune-carte-de-credit-requise\/\">jeu sexuel en ligne gratuit<\/a> envoy\u00e9s par d\u2019autres utilisateurs. Il y a plus de 40 millions d\u2019utilisateurs enregistr\u00e9s dans le monde.<\/p>\n<p>PlentyOfFish est un autre oldie mais goodie. Il a \u00e9t\u00e9 fond\u00e9 en 2003, et maintenant il pr\u00e9tend avoir 2 millions de visiteurs mensuels. Leur devise est \u00ab&nbsp;Free To Browse&nbsp;\u00bb, et ils offrent des tonnes de fonctionnalit\u00e9s telles que des salles de chat, des chats vid\u00e9o, etc.<\/p>\n<h2>Zoosk<\/h2>\n<p>Zoosk est une application de rencontres populaire qui se concentre sur l\u2019aide aux utilisateurs \u00e0 trouver le v\u00e9ritable amour. Zoosk est enti\u00e8rement gratuit \u00e0 t\u00e9l\u00e9charger et \u00e0 s\u2019inscrire. Les utilisateurs peuvent cr\u00e9er un profil, t\u00e9l\u00e9charger plusieurs photos et inclure des informations de base sur eux-m\u00eames. Ils peuvent \u00e9galement r\u00e9pondre aux questions pos\u00e9es par d\u2019autres utilisateurs pour aider \u00e0 affiner les correspondances compatibles. Zoosk est un joueur relativement nouveau dans le jeu de rencontres en ligne, mais il a d\u00e9j\u00e0 r\u00e9ussi \u00e0 devenir l\u2019un des plus grands joueurs. Il a \u00e9t\u00e9 fond\u00e9 en 2007, et aujourd\u2019hui, il pr\u00e9tend avoir plus de 20 millions d\u2019utilisateurs enregistr\u00e9s.<\/p>\n","protected":false},"excerpt":{"rendered":"<p>Guide pour trouver l\u2019amour avec les c\u00e9libataires \u00e0 proximit\u00e9 Il existe de nombreux sites de rencontres en ligne aujourd\u2019hui, et la plupart d\u2019entre eux co\u00fbtent de l\u2019argent. Si vous voulez [&hellip;]<\/p>\n","protected":false},"author":1,"featured_media":255,"parent":0,"menu_order":0,"comment_status":"closed","ping_status":"closed","template":"","meta":[],"yoast_head":"<!-- This site is optimized with the Yoast SEO plugin v17.7.1 - https:\/\/yoast.com\/wordpress\/plugins\/seo\/ -->\n<title>Guide pour trouver l\u2019amour avec les c\u00e9libataires \u00e0 proximit\u00e9 - Adult Recordings<\/title>\n<meta name=\"robots\" content=\"index, follow, max-snippet:-1, max-image-preview:large, max-video-preview:-1\" \/>\n<link rel=\"canonical\" href=\"https:\/\/arbouserecordings.com\/fr\/guide-pour-trouver-lamour-avec-les-celibataires-a-proximite\/\" \/>\n<meta property=\"og:locale\" content=\"fr_FR\" \/>\n<meta property=\"og:type\" content=\"article\" \/>\n<meta property=\"og:title\" content=\"Guide pour trouver l\u2019amour avec les c\u00e9libataires \u00e0 proximit\u00e9 - Adult Recordings\" \/>\n<meta property=\"og:description\" content=\"Guide pour trouver l\u2019amour avec les c\u00e9libataires \u00e0 proximit\u00e9 Il existe de nombreux sites de rencontres en ligne aujourd\u2019hui, et la plupart d\u2019entre eux co\u00fbtent de l\u2019argent. Si vous voulez [&hellip;]\" \/>\n<meta property=\"og:url\" content=\"https:\/\/arbouserecordings.com\/fr\/guide-pour-trouver-lamour-avec-les-celibataires-a-proximite\/\" \/>\n<meta property=\"og:site_name\" content=\"Adult Recordings\" \/>\n<meta property=\"article:modified_time\" content=\"2022-09-08T15:28:06+00:00\" \/>\n<meta property=\"og:image\" content=\"https:\/\/arbouserecordings.com\/wp-content\/uploads\/2022\/08\/free-sexting.jpeg\" \/>\n\t<meta property=\"og:image:width\" content=\"1125\" \/>\n\t<meta property=\"og:image:height\" content=\"750\" \/>\n<meta name=\"twitter:card\" content=\"summary_large_image\" \/>\n<meta name=\"twitter:label1\" content=\"Dur\u00e9e de lecture estim\u00e9e\" \/>\n\t<meta name=\"twitter:data1\" content=\"6 minutes\" \/>\n<script type=\"application\/ld+json\" class=\"yoast-schema-graph\">{\"@context\":\"https:\/\/schema.org\",\"@graph\":[{\"@type\":\"WebSite\",\"@id\":\"https:\/\/arbouserecordings.com\/nl\/#website\",\"url\":\"https:\/\/arbouserecordings.com\/nl\/\",\"name\":\"Adult Recordings\",\"description\":\"Online Hookup Reviews\",\"potentialAction\":[{\"@type\":\"SearchAction\",\"target\":{\"@type\":\"EntryPoint\",\"urlTemplate\":\"https:\/\/arbouserecordings.com\/nl\/?s={search_term_string}\"},\"query-input\":\"required name=search_term_string\"}],\"inLanguage\":\"fr-FR\"},{\"@type\":\"ImageObject\",\"@id\":\"https:\/\/arbouserecordings.com\/fr\/guide-pour-trouver-lamour-avec-les-celibataires-a-proximite\/#primaryimage\",\"inLanguage\":\"fr-FR\",\"url\":\"https:\/\/arbouserecordings.com\/wp-content\/uploads\/2022\/08\/free-sexting.jpeg\",\"contentUrl\":\"https:\/\/arbouserecordings.com\/wp-content\/uploads\/2022\/08\/free-sexting.jpeg\",\"width\":1125,\"height\":750},{\"@type\":\"WebPage\",\"@id\":\"https:\/\/arbouserecordings.com\/fr\/guide-pour-trouver-lamour-avec-les-celibataires-a-proximite\/#webpage\",\"url\":\"https:\/\/arbouserecordings.com\/fr\/guide-pour-trouver-lamour-avec-les-celibataires-a-proximite\/\",\"name\":\"Guide pour trouver l\\u2019amour avec les c\\u00e9libataires \\u00e0 proximit\\u00e9 - Adult Recordings\",\"isPartOf\":{\"@id\":\"https:\/\/arbouserecordings.com\/nl\/#website\"},\"primaryImageOfPage\":{\"@id\":\"https:\/\/arbouserecordings.com\/fr\/guide-pour-trouver-lamour-avec-les-celibataires-a-proximite\/#primaryimage\"},\"datePublished\":\"2022-08-28T10:16:24+00:00\",\"dateModified\":\"2022-09-08T15:28:06+00:00\",\"breadcrumb\":{\"@id\":\"https:\/\/arbouserecordings.com\/fr\/guide-pour-trouver-lamour-avec-les-celibataires-a-proximite\/#breadcrumb\"},\"inLanguage\":\"fr-FR\",\"potentialAction\":[{\"@type\":\"ReadAction\",\"target\":[\"https:\/\/arbouserecordings.com\/fr\/guide-pour-trouver-lamour-avec-les-celibataires-a-proximite\/\"]}]},{\"@type\":\"BreadcrumbList\",\"@id\":\"https:\/\/arbouserecordings.com\/fr\/guide-pour-trouver-lamour-avec-les-celibataires-a-proximite\/#breadcrumb\",\"itemListElement\":[{\"@type\":\"ListItem\",\"position\":1,\"name\":\"Home\",\"item\":\"https:\/\/arbouserecordings.com\/fr\/\"},{\"@type\":\"ListItem\",\"position\":2,\"name\":\"Guide pour trouver l\\u2019amour avec les c\\u00e9libataires \\u00e0 proximit\\u00e9\"}]}]}<\/script>\n<!-- \/ Yoast SEO plugin. -->","yoast_head_json":{"title":"Guide pour trouver l\u2019amour avec les c\u00e9libataires \u00e0 proximit\u00e9 - Adult Recordings","robots":{"index":"index","follow":"follow","max-snippet":"max-snippet:-1","max-image-preview":"max-image-preview:large","max-video-preview":"max-video-preview:-1"},"canonical":"https:\/\/arbouserecordings.com\/fr\/guide-pour-trouver-lamour-avec-les-celibataires-a-proximite\/","og_locale":"fr_FR","og_type":"article","og_title":"Guide pour trouver l\u2019amour avec les c\u00e9libataires \u00e0 proximit\u00e9 - Adult Recordings","og_description":"Guide pour trouver l\u2019amour avec les c\u00e9libataires \u00e0 proximit\u00e9 Il existe de nombreux sites de rencontres en ligne aujourd\u2019hui, et la plupart d\u2019entre eux co\u00fbtent de l\u2019argent. Si vous voulez [&hellip;]","og_url":"https:\/\/arbouserecordings.com\/fr\/guide-pour-trouver-lamour-avec-les-celibataires-a-proximite\/","og_site_name":"Adult Recordings","article_modified_time":"2022-09-08T15:28:06+00:00","og_image":[{"width":1125,"height":750,"url":"https:\/\/arbouserecordings.com\/wp-content\/uploads\/2022\/08\/free-sexting.jpeg","type":"image\/jpeg"}],"twitter_card":"summary_large_image","twitter_misc":{"Dur\u00e9e de lecture estim\u00e9e":"6 minutes"},"schema":{"@context":"https:\/\/schema.org","@graph":[{"@type":"WebSite","@id":"https:\/\/arbouserecordings.com\/nl\/#website","url":"https:\/\/arbouserecordings.com\/nl\/","name":"Adult Recordings","description":"Online Hookup Reviews","potentialAction":[{"@type":"SearchAction","target":{"@type":"EntryPoint","urlTemplate":"https:\/\/arbouserecordings.com\/nl\/?s={search_term_string}"},"query-input":"required name=search_term_string"}],"inLanguage":"fr-FR"},{"@type":"ImageObject","@id":"https:\/\/arbouserecordings.com\/fr\/guide-pour-trouver-lamour-avec-les-celibataires-a-proximite\/#primaryimage","inLanguage":"fr-FR","url":"https:\/\/arbouserecordings.com\/wp-content\/uploads\/2022\/08\/free-sexting.jpeg","contentUrl":"https:\/\/arbouserecordings.com\/wp-content\/uploads\/2022\/08\/free-sexting.jpeg","width":1125,"height":750},{"@type":"WebPage","@id":"https:\/\/arbouserecordings.com\/fr\/guide-pour-trouver-lamour-avec-les-celibataires-a-proximite\/#webpage","url":"https:\/\/arbouserecordings.com\/fr\/guide-pour-trouver-lamour-avec-les-celibataires-a-proximite\/","name":"Guide pour trouver l\u2019amour avec les c\u00e9libataires \u00e0 proximit\u00e9 - Adult Recordings","isPartOf":{"@id":"https:\/\/arbouserecordings.com\/nl\/#website"},"primaryImageOfPage":{"@id":"https:\/\/arbouserecordings.com\/fr\/guide-pour-trouver-lamour-avec-les-celibataires-a-proximite\/#primaryimage"},"datePublished":"2022-08-28T10:16:24+00:00","dateModified":"2022-09-08T15:28:06+00:00","breadcrumb":{"@id":"https:\/\/arbouserecordings.com\/fr\/guide-pour-trouver-lamour-avec-les-celibataires-a-proximite\/#breadcrumb"},"inLanguage":"fr-FR","potentialAction":[{"@type":"ReadAction","target":["https:\/\/arbouserecordings.com\/fr\/guide-pour-trouver-lamour-avec-les-celibataires-a-proximite\/"]}]},{"@type":"BreadcrumbList","@id":"https:\/\/arbouserecordings.com\/fr\/guide-pour-trouver-lamour-avec-les-celibataires-a-proximite\/#breadcrumb","itemListElement":[{"@type":"ListItem","position":1,"name":"Home","item":"https:\/\/arbouserecordings.com\/fr\/"},{"@type":"ListItem","position":2,"name":"Guide pour trouver l\u2019amour avec les c\u00e9libataires \u00e0 proximit\u00e9"}]}]}},"_links":{"self":[{"href":"https:\/\/arbouserecordings.com\/fr\/wp-json\/wp\/v2\/pages\/310"}],"collection":[{"href":"https:\/\/arbouserecordings.com\/fr\/wp-json\/wp\/v2\/pages"}],"about":[{"href":"https:\/\/arbouserecordings.com\/fr\/wp-json\/wp\/v2\/types\/page"}],"author":[{"embeddable":true,"href":"https:\/\/arbouserecordings.com\/fr\/wp-json\/wp\/v2\/users\/1"}],"replies":[{"embeddable":true,"href":"https:\/\/arbouserecordings.com\/fr\/wp-json\/wp\/v2\/comments?post=310"}],"version-history":[{"count":1,"href":"https:\/\/arbouserecordings.com\/fr\/wp-json\/wp\/v2\/pages\/310\/revisions"}],"predecessor-version":[{"id":427,"href":"https:\/\/arbouserecordings.com\/fr\/wp-json\/wp\/v2\/pages\/310\/revisions\/427"}],"wp:featuredmedia":[{"embeddable":true,"href":"https:\/\/arbouserecordings.com\/fr\/wp-json\/wp\/v2\/media\/255"}],"wp:attachment":[{"href":"https:\/\/arbouserecordings.com\/fr\/wp-json\/wp\/v2\/media?parent=310"}],"curies":[{"name":"wp","href":"https:\/\/api.w.org\/{rel}","templated":true}]}}