{"id":168,"date":"2022-08-27T12:42:49","date_gmt":"2022-08-27T11:42:49","guid":{"rendered":"http:\/\/arbouserecordings.com\/avis-sur-les-rencontres-occasionnelles-pas-de-jeux-ou-de-paiements\/"},"modified":"2022-08-27T12:42:49","modified_gmt":"2022-08-27T11:42:49","slug":"avis-sur-les-rencontres-occasionnelles-pas-de-jeux-ou-de-paiements","status":"publish","type":"page","link":"https:\/\/arbouserecordings.com\/fr\/","title":{"rendered":"Avis sur les rencontres occasionnelles (pas de jeux ou de paiements)"},"content":{"rendered":"<h1>Avis sur les rencontres occasionnelles (pas de jeux ou de paiements)<\/h1>\n<p>Les meilleurs sites de rencontres en ligne sont ceux qui vous offrent quelque chose d\u2019unique par rapport aux autres. Ils vous offrent une meilleure chance de rencontrer quelqu\u2019un de sp\u00e9cial parce qu\u2019ils r\u00e9pondent sp\u00e9cifiquement \u00e0 ce que vous voulez chez un partenaire. Chaque site offre diff\u00e9rentes fonctionnalit\u00e9s telles que des salles de discussion, des appels vid\u00e9o et des \u00e9v\u00e9nements. Certains vous permettent m\u00eame de trouver l\u2019amour en voyageant. Lisez nos critiques et choisissez celui qui vous convient le mieux!<\/p>\n<p>\u00cates-vous ennuy\u00e9 d\u2019essayer de trouver l\u2019amour avec toutes les applications de rencontres normales? Nous vous avons facilit\u00e9 la t\u00e2che!<\/p>\n<h2>Devriez-vous utiliser des applications de rencontres pour vous amuser de mani\u00e8re d\u00e9contract\u00e9e?<\/h2>\n<p>Les connexions sont excellentes parce qu\u2019elles sont rapides, bon march\u00e9 et anonymes. Mais se connecter n\u2019est pas pour tout le monde. Certaines personnes pr\u00e9f\u00e8rent sortir avec quelqu\u2019un \u00e0 la place.<\/p>\n<p>Si vous n\u2019\u00eates pas int\u00e9ress\u00e9 par les rencontres, il existe de nombreuses alternatives aux sites de rencontres en ligne. D\u00e9couvrez ces options :<\/p>\n<ul>\n<li>Groupes Meetup \u2013 Ce sont des meetups locaux o\u00f9 les membres partagent g\u00e9n\u00e9ralement leurs int\u00e9r\u00eats. Ils organisent souvent des \u00e9v\u00e9nements, des f\u00eates et des d\u00eeners.<\/li>\n<li>M\u00e9dias sociaux \u2013 Il existe des tonnes de sites Web de r\u00e9seautage social qui s\u2019adressent sp\u00e9cifiquement aux rencontres. Facebook, Twitter, Instagram, Snapchat, etc.<\/li>\n<li>Applications de rencontres &#8211; Tinder, Bumble, Happn, OkCupid, etc.<\/li>\n<li>Personnels en ligne &#8211; Craigslist, eHarmony, Match.com, PlentyOfFish, etc.<\/li>\n<li>Bars \/ clubs locaux \u2013 Les bars et les clubs ont g\u00e9n\u00e9ralement des soir\u00e9es individuelles.<\/li>\n<\/ul>\n<p>Il existe de nombreuses fa\u00e7ons de trouver des rendez-vous, que vous recherchiez des relations sexuelles occasionnelles ou des relations \u00e0 long terme. Et rappelez-vous, quelle que soit la m\u00e9thode que vous choisissez, soyez en s\u00e9curit\u00e9!<\/p>\n<h2>Nos meilleurs choix<\/h2>\n<p><img loading=\"lazy\" class=\"aligncenter size-large wp-image-38\" src=\"http:\/\/arbouserecordings.com\/wp-content\/uploads\/2022\/08\/online-looking-for-love-1024x683.webp\" alt=\"\" width=\"790\" height=\"527\" srcset=\"https:\/\/arbouserecordings.com\/wp-content\/uploads\/2022\/08\/online-looking-for-love-1024x683.webp 1024w, https:\/\/arbouserecordings.com\/wp-content\/uploads\/2022\/08\/online-looking-for-love-300x200.webp 300w, https:\/\/arbouserecordings.com\/wp-content\/uploads\/2022\/08\/online-looking-for-love-768x512.webp 768w, https:\/\/arbouserecordings.com\/wp-content\/uploads\/2022\/08\/online-looking-for-love.webp 1125w\" sizes=\"(max-width: 790px) 100vw, 790px\" \/><\/p>\n<h2>eHarmonie<\/h2>\n<p>Avec plus de 30 millions de membres dans le monde, eHarmony est un nom de confiance dans le monde des rencontres en ligne. Leur algorithme de correspondance analyse des centaines de traits personnels, y compris la personnalit\u00e9, les valeurs, les int\u00e9r\u00eats, le niveau d\u2019\u00e9ducation, la religion et les opinions politiques, pour vous aider \u00e0 trouver une relation durable. Vous pouvez utiliser leur abonnement gratuit pour explorer des milliers de profils et envoyer des messages \u00e0 des correspondances potentielles. Si vous \u00eates pr\u00eat \u00e0 aller plus loin, passez \u00e0 un abonnement premium et profitez d\u2019avantages suppl\u00e9mentaires tels que l\u2019acc\u00e8s \u00e0 un nombre illimit\u00e9 de correspondances et de messages.<\/p>\n<h3>Recherche (Sugar Dating)<\/h3>\n<p>Si vous \u00eates \u00e0 la recherche d\u2019une relation s\u00e9rieuse, Seeking est l\u2019endroit o\u00f9 aller. Avec des millions de membres \u00e0 travers le monde, c\u2019est le plus grand r\u00e9seau de rencontres au monde. Le site vous permet de parcourir les profils des membres et de configurer des alertes pour les personnes qui correspondent \u00e0 vos crit\u00e8res. Lorsque vous d\u00e9cidez de rencontrer quelqu\u2019un, vous pouvez \u00e9changer des photos et des vid\u00e9os via webcam et texte. En outre, vous pouvez afficher les scores de compatibilit\u00e9 en fonction de vos pr\u00e9f\u00e9rences et voir dans quelle mesure votre date se compare au reste de la population.<\/p>\n<p>Pour rejoindre Seeking, vous devez \u00eatre assez impressionnant. Vous devez avoir un emploi o\u00f9 vous gagnez suffisamment d\u2019argent pour subvenir \u00e0 vos besoins et \u00e0 ceux d\u2019un \u00eatre cher. Vous devez tous les deux \u00eatre pr\u00eats \u00e0 aller \u00e0 des rendez-vous ensemble. Et vous devez \u00eatre en mesure de fournir une preuve de vos revenus. Apr\u00e8s tout, vous ne voulez pas perdre le temps de qui que ce soit. Une fois que vous avez tous les deux r\u00e9ussi les tests initiaux, vous recevrez un score bas\u00e9 sur votre compatibilit\u00e9. Votre score d\u00e9pendra de facteurs tels que vos traits de personnalit\u00e9, vos passe-temps, vos ant\u00e9c\u00e9dents professionnels, votre niveau d\u2019\u00e9ducation et m\u00eame votre apparence physique.<\/p>\n<h3>Amadou<\/h3>\n<p>Tinder est une autre application de rencontres populaire qui vous connecte avec de nouvelles personnes \u00e0 proximit\u00e9. Contrairement \u00e0 OkCupid, cependant, Tinder se concentre principalement sur la connexion avec des personnes qui sont physiquement proches de vous. Pour commencer, t\u00e9l\u00e9chargez l\u2019application et cr\u00e9ez un compte gratuit. Entrez ensuite votre emplacement actuel et s\u00e9lectionnez la plage de distance souhait\u00e9e. Ensuite, vous r\u00e9pondrez \u00e0 une s\u00e9rie de questions sur vos pr\u00e9f\u00e9rences, y compris votre \u00e2ge, votre sexe, votre race, votre religion et votre orientation sexuelle. Si vous \u00eates int\u00e9ress\u00e9 par quelqu\u2019un qui vit pr\u00e8s de chez vous, vous pouvez affiner encore plus votre recherche en s\u00e9lectionnant votre quartier pr\u00e9f\u00e9r\u00e9. Enfin, vous verrez une liste de correspondances potentielles. Appuyez sur ceux que vous aimez et vous pourrez communiquer avec eux par SMS, appels vocaux et appels vid\u00e9o.<\/p>\n<h3>Zoosk<\/h3>\n<p>Zoosk est l\u2019une des applications de rencontres les plus populaires. C\u2019est particuli\u00e8rement bon pour les personnes qui cherchent \u00e0 sortir avec quelqu\u2019un qui partage leurs valeurs et leurs croyances. Pour commencer, vous devez d\u2019abord t\u00e9l\u00e9charger l\u2019application et cr\u00e9er un compte. Ensuite, vous r\u00e9pondrez \u00e0 une s\u00e9rie de questionnaires pour vous aider \u00e0 comprendre vos propres valeurs et croyances. Ensuite, vous aurez l\u2019occasion d\u2019explorer diff\u00e9rentes cat\u00e9gories, y compris la politique, la religion, la carri\u00e8re, etc. Lorsque vous trouvez quelqu\u2019un qui partage vos valeurs et vos croyances, vous pouvez glisser vers la gauche ou la droite pour indiquer si vous l\u2019aimeriez comme ami ou partenaire potentiel.<\/p>\n<h3>Ashley Madison<\/h3>\n<p>AshleyMadison.com est un site de rencontres en ligne qui s\u2019adresse aux personnes mari\u00e9es \u00e0 la recherche d\u2019affaires. Il a \u00e9t\u00e9 rapport\u00e9 qu\u2019Ashley Madison comptait plus de 30 millions de membres dans le monde. Il existe plusieurs types de plans d\u2019adh\u00e9sion disponibles. L\u2019un d\u2019eux s\u2019appelle \u00ab&nbsp;Gold Membership&nbsp;\u00bb. Ce plan co\u00fbte 59,99 $ \/ mois. Ce plan vous permet d\u2019acc\u00e9der au site 24 heures sur 24, 7 jours sur 7. Si vous d\u00e9cidez d\u2019annuler votre abonnement, vous recevrez un remboursement dans les 60 jours.<\/p>\n<p>En plus de fournir ses services aux personnes mari\u00e9es, Ashley Madison offre une vari\u00e9t\u00e9 de fonctionnalit\u00e9s telles que des salles de discussion, des forums, des blogs, des albums photo, des clips vid\u00e9o, des \u00e9missions de webcam, des applications mobiles et des comptes de messagerie.<\/p>\n<p>Tous les utilisateurs s\u2019inscrivent pour un compte d\u2019essai gratuit. Une fois le processus d\u2019inscription termin\u00e9, vous recevrez un nom d\u2019utilisateur et un mot de passe. Apr\u00e8s vous \u00eatre inscrit, il vous sera demand\u00e9 de remplir un profil. C\u2019est l\u00e0 que vous pouvez ajouter des informations sur vous-m\u00eame. Lorsque vous vous connectez, vous verrez votre tableau de bord. Ici, vous pouvez afficher vos messages, envoyer des e-mails, rechercher des profils, parcourir les photos des membres et bien plus encore.<\/p>\n<h2>Id\u00e9al pour le sexe occasionnel &#8211; Adult Friend Finder<\/h2>\n<p>AdultFriendFinder est le plus grand site Web de sexe et de relations au monde. Il y a actuellement plus de 10 millions d\u2019utilisateurs enregistr\u00e9s sur le site.<\/p>\n<p>On estime que plus de 50% de ces utilisateurs sont des hommes c\u00e9libataires \u00e0 la recherche d\u2019une compagnie f\u00e9minine. Un autre 40% sont des couples mari\u00e9s \u00e0 la recherche d\u2019affaires discr\u00e8tes. Et les 10% restants sont des personnes gaies ou lesbiennes \u00e0 la recherche de relations amoureuses.<\/p>\n<h3>Comment fonctionne l\u2019AFF ?<\/h3>\n<p>Lorsque vous vous inscrivez \u00e0 AdultFriendFinder, vous recevez un nom d\u2019utilisateur et un mot de passe. Cela vous permet d\u2019acc\u00e9der \u00e0 l\u2019espace membre priv\u00e9 du site.<\/p>\n<p>Ici, vous verrez une liste de tous les membres qui sont actuellement en ligne. Vous pouvez rechercher des membres en fonction de l\u2019emplacement, du sexe, des int\u00e9r\u00eats, de l\u2019orientation sexuelle et bien plus encore.<\/p>\n<p>Une fois que vous avez trouv\u00e9 une correspondance potentielle, vous pouvez vous envoyer des messages directement par e-mail. Si vous d\u00e9cidez d\u2019aller de l\u2019avant et de discuter, vous pouvez le faire en priv\u00e9 dans l\u2019espace membre.<\/p>\n<p>Vous pouvez \u00e9galement visionner des photos et des vid\u00e9os d\u2019autres membres. Vous pouvez \u00e9valuer ces images et vid\u00e9os et laisser des commentaires.<\/p>\n<p>Il existe \u00e9galement des forums o\u00f9 vous pouvez discuter de sujets li\u00e9s \u00e0 l\u2019amour, au sexe et aux relations.<\/p>\n<h3>S\u2019inscrire<\/h3>\n<p>C\u2019est une option incroyable pour trouver des rencontres occasionnelles. C\u2019est certainement mieux que Craigslist, mais c\u2019est loin d\u2019\u00eatre parfait.<\/p>\n<p>Bien que cela puisse sembler beaucoup d\u2019argent pour payer un site de rencontre, vous \u00e9conomiserez de l\u2019argent \u00e0 long terme. Donc, si vous voulez rencontrer des femmes ou des hommes attrayants pour des conversations coquines, alors AdultFriendFinder vaut le d\u00e9tour. Mais si vous voulez quelque chose de s\u00e9rieux, alors vous devriez probablement vous en tenir \u00e0 des m\u00e9thodes traditionnelles comme aller dans les bars, les clubs ou les caf\u00e9s.<\/p>\n<h3>Payant vs gratuit?<\/h3>\n<p>Les rencontres sont d\u2019excellents moyens de rencontrer de nouvelles personnes. Ils sont rapides, pratiques et g\u00e9n\u00e9ralement gratuits. Mais devriez-vous payer pour les connexions?<\/p>\n<p>Si vous recherchez une relation \u00e0 long terme, alors oui, payer pour des connexions a du sens. Cependant, si vous voulez juste trouver une aventure rapide, alors non, vous ne devriez pas payer pour les connexions.<\/p>\n<p>Payer pour des rencontres n\u2019en vaut pas la peine, car la plupart des hommes qui utilisent ces sites ne sont pas s\u00e9rieux au sujet de trouver une petite amie. Au lieu de cela, ils recherchent le sexe. Donc, lorsque vous payez pour des connexions, vous leur accordez en fait un rabais.<\/p>\n<p>Cela signifie que vous n\u2019obtenez pas la qualit\u00e9 de personne que vous seriez en mesure d\u2019attirer gr\u00e2ce aux rencontres en ligne. Et comme vous ne rencontrez que des \u00e9trangers, il y a un plus grand risque de vous faire arnaquer.<\/p>\n<p>Au lieu de cela, essayez des sites de rencontres en ligne o\u00f9 vous pouvez rencontrer de vraies femmes. Ces sites sont plus s\u00fbrs que les sites de connexion car vous pouvez filtrer les m\u00e9chants. De plus, vous pouvez vous connecter avec des femmes en fonction d\u2019int\u00e9r\u00eats mutuels au lieu de rencontres al\u00e9atoires.<\/p>\n","protected":false},"excerpt":{"rendered":"<p>Avis sur les rencontres occasionnelles (pas de jeux ou de paiements) Les meilleurs sites de rencontres en ligne sont ceux qui vous offrent quelque chose d\u2019unique par rapport aux autres. [&hellip;]<\/p>\n","protected":false},"author":1,"featured_media":90,"parent":0,"menu_order":0,"comment_status":"closed","ping_status":"closed","template":"","meta":[],"yoast_head":"<!-- This site is optimized with the Yoast SEO plugin v17.7.1 - https:\/\/yoast.com\/wordpress\/plugins\/seo\/ -->\n<title>Avis sur les rencontres occasionnelles (pas de jeux ou de paiements) - Adult Recordings<\/title>\n<meta name=\"description\" content=\"META Description\" \/>\n<meta name=\"robots\" content=\"index, follow, max-snippet:-1, max-image-preview:large, max-video-preview:-1\" \/>\n<link rel=\"canonical\" href=\"https:\/\/arbouserecordings.com\/fr\/\" \/>\n<meta property=\"og:locale\" content=\"fr_FR\" \/>\n<meta property=\"og:type\" content=\"article\" \/>\n<meta property=\"og:title\" content=\"Avis sur les rencontres occasionnelles (pas de jeux ou de paiements) - Adult Recordings\" \/>\n<meta property=\"og:description\" content=\"META Description\" \/>\n<meta property=\"og:url\" content=\"https:\/\/arbouserecordings.com\/fr\/\" \/>\n<meta property=\"og:site_name\" content=\"Adult Recordings\" \/>\n<meta property=\"og:image\" content=\"https:\/\/arbouserecordings.com\/wp-content\/uploads\/2022\/08\/best-adult-apps-for-casual-fun.jpeg\" \/>\n\t<meta property=\"og:image:width\" content=\"2250\" \/>\n\t<meta property=\"og:image:height\" content=\"1500\" \/>\n<meta name=\"twitter:card\" content=\"summary_large_image\" \/>\n<meta name=\"twitter:label1\" content=\"Dur\u00e9e de lecture estim\u00e9e\" \/>\n\t<meta name=\"twitter:data1\" content=\"9 minutes\" \/>\n<script type=\"application\/ld+json\" class=\"yoast-schema-graph\">{\"@context\":\"https:\/\/schema.org\",\"@graph\":[{\"@type\":\"WebSite\",\"@id\":\"https:\/\/arbouserecordings.com\/#website\",\"url\":\"https:\/\/arbouserecordings.com\/\",\"name\":\"Adult Recordings\",\"description\":\"Online Hookup Reviews\",\"potentialAction\":[{\"@type\":\"SearchAction\",\"target\":{\"@type\":\"EntryPoint\",\"urlTemplate\":\"https:\/\/arbouserecordings.com\/?s={search_term_string}\"},\"query-input\":\"required name=search_term_string\"}],\"inLanguage\":\"fr-FR\"},{\"@type\":\"ImageObject\",\"@id\":\"https:\/\/arbouserecordings.com\/fr\/#primaryimage\",\"inLanguage\":\"fr-FR\",\"url\":\"https:\/\/arbouserecordings.com\/wp-content\/uploads\/2022\/08\/best-adult-apps-for-casual-fun.jpeg\",\"contentUrl\":\"https:\/\/arbouserecordings.com\/wp-content\/uploads\/2022\/08\/best-adult-apps-for-casual-fun.jpeg\",\"width\":2250,\"height\":1500},{\"@type\":\"WebPage\",\"@id\":\"https:\/\/arbouserecordings.com\/fr\/#webpage\",\"url\":\"https:\/\/arbouserecordings.com\/fr\/\",\"name\":\"Avis sur les rencontres occasionnelles (pas de jeux ou de paiements) - Adult Recordings\",\"isPartOf\":{\"@id\":\"https:\/\/arbouserecordings.com\/#website\"},\"primaryImageOfPage\":{\"@id\":\"https:\/\/arbouserecordings.com\/fr\/#primaryimage\"},\"datePublished\":\"2022-08-27T11:42:49+00:00\",\"dateModified\":\"2022-08-27T11:42:49+00:00\",\"description\":\"META Description\",\"breadcrumb\":{\"@id\":\"https:\/\/arbouserecordings.com\/fr\/#breadcrumb\"},\"inLanguage\":\"fr-FR\",\"potentialAction\":[{\"@type\":\"ReadAction\",\"target\":[\"https:\/\/arbouserecordings.com\/fr\/\"]}]},{\"@type\":\"BreadcrumbList\",\"@id\":\"https:\/\/arbouserecordings.com\/fr\/#breadcrumb\",\"itemListElement\":[{\"@type\":\"ListItem\",\"position\":1,\"name\":\"Home\",\"item\":\"https:\/\/arbouserecordings.com\/fr\/\"},{\"@type\":\"ListItem\",\"position\":2,\"name\":\"Avis sur les rencontres occasionnelles (pas de jeux ou de paiements)\"}]}]}<\/script>\n<!-- \/ Yoast SEO plugin. -->","yoast_head_json":{"title":"Avis sur les rencontres occasionnelles (pas de jeux ou de paiements) - Adult Recordings","description":"META Description","robots":{"index":"index","follow":"follow","max-snippet":"max-snippet:-1","max-image-preview":"max-image-preview:large","max-video-preview":"max-video-preview:-1"},"canonical":"https:\/\/arbouserecordings.com\/fr\/","og_locale":"fr_FR","og_type":"article","og_title":"Avis sur les rencontres occasionnelles (pas de jeux ou de paiements) - Adult Recordings","og_description":"META Description","og_url":"https:\/\/arbouserecordings.com\/fr\/","og_site_name":"Adult Recordings","og_image":[{"width":2250,"height":1500,"url":"https:\/\/arbouserecordings.com\/wp-content\/uploads\/2022\/08\/best-adult-apps-for-casual-fun.jpeg","type":"image\/jpeg"}],"twitter_card":"summary_large_image","twitter_misc":{"Dur\u00e9e de lecture estim\u00e9e":"9 minutes"},"schema":{"@context":"https:\/\/schema.org","@graph":[{"@type":"WebSite","@id":"https:\/\/arbouserecordings.com\/#website","url":"https:\/\/arbouserecordings.com\/","name":"Adult Recordings","description":"Online Hookup Reviews","potentialAction":[{"@type":"SearchAction","target":{"@type":"EntryPoint","urlTemplate":"https:\/\/arbouserecordings.com\/?s={search_term_string}"},"query-input":"required name=search_term_string"}],"inLanguage":"fr-FR"},{"@type":"ImageObject","@id":"https:\/\/arbouserecordings.com\/fr\/#primaryimage","inLanguage":"fr-FR","url":"https:\/\/arbouserecordings.com\/wp-content\/uploads\/2022\/08\/best-adult-apps-for-casual-fun.jpeg","contentUrl":"https:\/\/arbouserecordings.com\/wp-content\/uploads\/2022\/08\/best-adult-apps-for-casual-fun.jpeg","width":2250,"height":1500},{"@type":"WebPage","@id":"https:\/\/arbouserecordings.com\/fr\/#webpage","url":"https:\/\/arbouserecordings.com\/fr\/","name":"Avis sur les rencontres occasionnelles (pas de jeux ou de paiements) - Adult Recordings","isPartOf":{"@id":"https:\/\/arbouserecordings.com\/#website"},"primaryImageOfPage":{"@id":"https:\/\/arbouserecordings.com\/fr\/#primaryimage"},"datePublished":"2022-08-27T11:42:49+00:00","dateModified":"2022-08-27T11:42:49+00:00","description":"META Description","breadcrumb":{"@id":"https:\/\/arbouserecordings.com\/fr\/#breadcrumb"},"inLanguage":"fr-FR","potentialAction":[{"@type":"ReadAction","target":["https:\/\/arbouserecordings.com\/fr\/"]}]},{"@type":"BreadcrumbList","@id":"https:\/\/arbouserecordings.com\/fr\/#breadcrumb","itemListElement":[{"@type":"ListItem","position":1,"name":"Home","item":"https:\/\/arbouserecordings.com\/fr\/"},{"@type":"ListItem","position":2,"name":"Avis sur les rencontres occasionnelles (pas de jeux ou de paiements)"}]}]}},"_links":{"self":[{"href":"https:\/\/arbouserecordings.com\/fr\/wp-json\/wp\/v2\/pages\/168"}],"collection":[{"href":"https:\/\/arbouserecordings.com\/fr\/wp-json\/wp\/v2\/pages"}],"about":[{"href":"https:\/\/arbouserecordings.com\/fr\/wp-json\/wp\/v2\/types\/page"}],"author":[{"embeddable":true,"href":"https:\/\/arbouserecordings.com\/fr\/wp-json\/wp\/v2\/users\/1"}],"replies":[{"embeddable":true,"href":"https:\/\/arbouserecordings.com\/fr\/wp-json\/wp\/v2\/comments?post=168"}],"version-history":[{"count":0,"href":"https:\/\/arbouserecordings.com\/fr\/wp-json\/wp\/v2\/pages\/168\/revisions"}],"wp:featuredmedia":[{"embeddable":true,"href":"https:\/\/arbouserecordings.com\/fr\/wp-json\/wp\/v2\/media\/90"}],"wp:attachment":[{"href":"https:\/\/arbouserecordings.com\/fr\/wp-json\/wp\/v2\/media?parent=168"}],"curies":[{"name":"wp","href":"https:\/\/api.w.org\/{rel}","templated":true}]}}