{"id":349,"date":"2022-08-28T10:49:05","date_gmt":"2022-08-28T09:49:05","guid":{"rendered":"http:\/\/arbouserecordings.com\/como-encontrar-conexiones-locales-cerca-de-ti\/"},"modified":"2022-08-28T10:49:05","modified_gmt":"2022-08-28T09:49:05","slug":"como-encontrar-conexiones-locales-cerca-de-ti","status":"publish","type":"page","link":"https:\/\/arbouserecordings.com\/es\/como-encontrar-conexiones-locales-cerca-de-ti\/","title":{"rendered":"\u00bfC\u00f3mo encontrar conexiones locales cerca de ti?"},"content":{"rendered":"<h1>\u00bfC\u00f3mo encontrar conexiones locales cerca de ti?<\/h1>\n<p>Bienvenido a la mejor aplicaci\u00f3n de citas gratuita en la web. Sabemos que las citas en l\u00ednea a veces pueden sentirse como una tarea desalentadora, especialmente si est\u00e1 buscando amor en todos los lugares equivocados. As\u00ed que construimos nuestro sitio con el \u00fanico prop\u00f3sito de hacer que las citas en l\u00ednea sean gratuitas, f\u00e1ciles y divertidas para todos. Esperamos que lo disfrutes tanto como nosotros. Si tiene alguna pregunta, no dude en ponerse en contacto con nosotros. \u00a1Estamos aqu\u00ed para ayudarte!<\/p>\n<h2>Conozca a mujeres locales para una conexi\u00f3n<\/h2>\n<p>NSA proporciona una interfaz limpia que facilita la navegaci\u00f3n y la comunicaci\u00f3n con otros miembros. Adem\u00e1s de las caracter\u00edsticas est\u00e1ndar que puede esperar encontrar en cualquier otra aplicaci\u00f3n de citas en l\u00ednea, el sitio ofrece algunas ventajas adicionales que lo hacen destacar entre la multitud.<\/p>\n<p>Una vez que seleccione un perfil que le llame la atenci\u00f3n, se le llevar\u00e1 a una pantalla donde podr\u00e1 ver la informaci\u00f3n del miembro, incluido su sexo, edad, ubicaci\u00f3n, intereses y, lo m\u00e1s importante, su galer\u00eda de fotos. A partir de ah\u00ed, puede continuar navegando por los perfiles o puede iniciar el contacto enviando un gui\u00f1o a otro miembro. De cualquier manera, no tendr\u00e1 que esperar mucho porque los mensajes se entregan casi de inmediato.<\/p>\n<p>Si decide llevar las cosas m\u00e1s lejos, puede configurar una sala de <a href=\"http:\/\/arbouserecordings.com\/es\/encontrar-a-alguien-especial-con-sitios-de-conexion\/\">chat<\/a> privada donde pueda intercambiar im\u00e1genes, videos y cualquier otra cosa que desee mostrar. Incluso puede agregar amigos a trav\u00e9s de Facebook, Twitter, Instagram, Kik y Viber. Sin embargo, a diferencia de muchas aplicaciones de citas para adultos, NSa no requiere que vincules tus cuentas. En su lugar, simplemente puede conectar sus redes sociales por separado.<\/p>\n<h2>Nuestros Consejos<\/h2>\n<p>Este es un agregador de rese\u00f1as y una herramienta de comparaci\u00f3n para <a href=\"http:\/\/arbouserecordings.com\/es\/guia-para-encontrar-el-amor-con-solteros-cercanos\/\">sitios de citas en l\u00ednea<\/a> y aplicaciones m\u00f3viles. Comparamos los mejores sitios de citas y aplicaciones m\u00f3viles en funci\u00f3n de los datos recopilados de la web, las redes sociales y terceros imparciales.<\/p>\n<p>Analizamos m\u00e1s de 20 criterios diferentes, incluidos el precio, el costo de membres\u00eda, el n\u00famero de miembros, las historias de \u00e9xito, la atenci\u00f3n al cliente, la seguridad, la pol\u00edtica de privacidad, la pol\u00edtica de reembolso, la disponibilidad de aplicaciones m\u00f3viles y mucho m\u00e1s.<\/p>\n<p>Para obtener m\u00e1s informaci\u00f3n sobre c\u00f3mo seleccionamos los mejores sitios y aplicaciones de citas, lea nuestra metodolog\u00eda aqu\u00ed.<\/p>\n<h2>\u00bfDeber\u00edas usar sitios de sexting o aplicaciones de citas?<\/h2>\n<p>Las aplicaciones de citas en l\u00ednea se est\u00e1n volviendo cada vez m\u00e1s populares entre los solteros de todo el mundo. La gente los est\u00e1 usando para encontrar amor, amistad, sexo casual e incluso relaciones a largo plazo. Tambi\u00e9n se est\u00e1n utilizando para citas divertidas, amigos con beneficios y simplemente viejos coqueteos. Hay muchos tipos diferentes de aplicaciones de citas en l\u00ednea, incluidas aquellas dise\u00f1adas para fines espec\u00edficos, como encontrar una cita, conocer parejas potenciales o simplemente conocer personas interesantes.<\/p>\n<p>Este tipo de aplicaciones son cada vez m\u00e1s populares porque hacen que sea m\u00e1s f\u00e1cil encontrar una cita sin tener que pasar horas rastreando perfiles de redes sociales. Ahora hay cientos de sitios y aplicaciones de citas diferentes, cada uno de los cuales ofrece algo ligeramente diferente. Aqu\u00ed vemos lo que ofrecen, cu\u00e1nto cuestan y qu\u00e9 tan f\u00e1cil es usarlos.<\/p>\n<p>Son una excelente manera de conocer a alguien nuevo, especialmente si no quieres salir en una cita con cualquiera.<\/p>\n","protected":false},"excerpt":{"rendered":"<p>\u00bfC\u00f3mo encontrar conexiones locales cerca de ti? Bienvenido a la mejor aplicaci\u00f3n de citas gratuita en la web. Sabemos que las citas en l\u00ednea a veces pueden sentirse como una [&hellip;]<\/p>\n","protected":false},"author":1,"featured_media":277,"parent":0,"menu_order":0,"comment_status":"closed","ping_status":"closed","template":"","meta":[],"yoast_head":"<!-- This site is optimized with the Yoast SEO plugin v17.7.1 - https:\/\/yoast.com\/wordpress\/plugins\/seo\/ -->\n<title>\u00bfC\u00f3mo encontrar conexiones locales cerca de ti? - Adult Recordings<\/title>\n<meta name=\"robots\" content=\"index, follow, max-snippet:-1, max-image-preview:large, max-video-preview:-1\" \/>\n<link rel=\"canonical\" href=\"https:\/\/arbouserecordings.com\/es\/como-encontrar-conexiones-locales-cerca-de-ti\/\" \/>\n<meta property=\"og:locale\" content=\"es_ES\" \/>\n<meta property=\"og:type\" content=\"article\" \/>\n<meta property=\"og:title\" content=\"\u00bfC\u00f3mo encontrar conexiones locales cerca de ti? - Adult Recordings\" \/>\n<meta property=\"og:description\" content=\"\u00bfC\u00f3mo encontrar conexiones locales cerca de ti? Bienvenido a la mejor aplicaci\u00f3n de citas gratuita en la web. Sabemos que las citas en l\u00ednea a veces pueden sentirse como una [&hellip;]\" \/>\n<meta property=\"og:url\" content=\"https:\/\/arbouserecordings.com\/es\/como-encontrar-conexiones-locales-cerca-de-ti\/\" \/>\n<meta property=\"og:site_name\" content=\"Adult Recordings\" \/>\n<meta property=\"og:image\" content=\"https:\/\/arbouserecordings.com\/wp-content\/uploads\/2022\/08\/read-reviews.jpeg\" \/>\n\t<meta property=\"og:image:width\" content=\"2250\" \/>\n\t<meta property=\"og:image:height\" content=\"1500\" \/>\n<meta name=\"twitter:card\" content=\"summary_large_image\" \/>\n<meta name=\"twitter:label1\" content=\"Tiempo de lectura\" \/>\n\t<meta name=\"twitter:data1\" content=\"3 minutos\" \/>\n<script type=\"application\/ld+json\" class=\"yoast-schema-graph\">{\"@context\":\"https:\/\/schema.org\",\"@graph\":[{\"@type\":\"WebSite\",\"@id\":\"https:\/\/arbouserecordings.com\/nl\/#website\",\"url\":\"https:\/\/arbouserecordings.com\/nl\/\",\"name\":\"Adult Recordings\",\"description\":\"Online Hookup Reviews\",\"potentialAction\":[{\"@type\":\"SearchAction\",\"target\":{\"@type\":\"EntryPoint\",\"urlTemplate\":\"https:\/\/arbouserecordings.com\/nl\/?s={search_term_string}\"},\"query-input\":\"required name=search_term_string\"}],\"inLanguage\":\"es\"},{\"@type\":\"ImageObject\",\"@id\":\"https:\/\/arbouserecordings.com\/es\/como-encontrar-conexiones-locales-cerca-de-ti\/#primaryimage\",\"inLanguage\":\"es\",\"url\":\"https:\/\/arbouserecordings.com\/wp-content\/uploads\/2022\/08\/read-reviews.jpeg\",\"contentUrl\":\"https:\/\/arbouserecordings.com\/wp-content\/uploads\/2022\/08\/read-reviews.jpeg\",\"width\":2250,\"height\":1500},{\"@type\":\"WebPage\",\"@id\":\"https:\/\/arbouserecordings.com\/es\/como-encontrar-conexiones-locales-cerca-de-ti\/#webpage\",\"url\":\"https:\/\/arbouserecordings.com\/es\/como-encontrar-conexiones-locales-cerca-de-ti\/\",\"name\":\"\\u00bfC\\u00f3mo encontrar conexiones locales cerca de ti? - Adult Recordings\",\"isPartOf\":{\"@id\":\"https:\/\/arbouserecordings.com\/nl\/#website\"},\"primaryImageOfPage\":{\"@id\":\"https:\/\/arbouserecordings.com\/es\/como-encontrar-conexiones-locales-cerca-de-ti\/#primaryimage\"},\"datePublished\":\"2022-08-28T09:49:05+00:00\",\"dateModified\":\"2022-08-28T09:49:05+00:00\",\"breadcrumb\":{\"@id\":\"https:\/\/arbouserecordings.com\/es\/como-encontrar-conexiones-locales-cerca-de-ti\/#breadcrumb\"},\"inLanguage\":\"es\",\"potentialAction\":[{\"@type\":\"ReadAction\",\"target\":[\"https:\/\/arbouserecordings.com\/es\/como-encontrar-conexiones-locales-cerca-de-ti\/\"]}]},{\"@type\":\"BreadcrumbList\",\"@id\":\"https:\/\/arbouserecordings.com\/es\/como-encontrar-conexiones-locales-cerca-de-ti\/#breadcrumb\",\"itemListElement\":[{\"@type\":\"ListItem\",\"position\":1,\"name\":\"Home\",\"item\":\"https:\/\/arbouserecordings.com\/es\/\"},{\"@type\":\"ListItem\",\"position\":2,\"name\":\"\\u00bfC\\u00f3mo encontrar conexiones locales cerca de ti?\"}]}]}<\/script>\n<!-- \/ Yoast SEO plugin. -->","yoast_head_json":{"title":"\u00bfC\u00f3mo encontrar conexiones locales cerca de ti? - Adult Recordings","robots":{"index":"index","follow":"follow","max-snippet":"max-snippet:-1","max-image-preview":"max-image-preview:large","max-video-preview":"max-video-preview:-1"},"canonical":"https:\/\/arbouserecordings.com\/es\/como-encontrar-conexiones-locales-cerca-de-ti\/","og_locale":"es_ES","og_type":"article","og_title":"\u00bfC\u00f3mo encontrar conexiones locales cerca de ti? - Adult Recordings","og_description":"\u00bfC\u00f3mo encontrar conexiones locales cerca de ti? Bienvenido a la mejor aplicaci\u00f3n de citas gratuita en la web. Sabemos que las citas en l\u00ednea a veces pueden sentirse como una [&hellip;]","og_url":"https:\/\/arbouserecordings.com\/es\/como-encontrar-conexiones-locales-cerca-de-ti\/","og_site_name":"Adult Recordings","og_image":[{"width":2250,"height":1500,"url":"https:\/\/arbouserecordings.com\/wp-content\/uploads\/2022\/08\/read-reviews.jpeg","type":"image\/jpeg"}],"twitter_card":"summary_large_image","twitter_misc":{"Tiempo de lectura":"3 minutos"},"schema":{"@context":"https:\/\/schema.org","@graph":[{"@type":"WebSite","@id":"https:\/\/arbouserecordings.com\/nl\/#website","url":"https:\/\/arbouserecordings.com\/nl\/","name":"Adult Recordings","description":"Online Hookup Reviews","potentialAction":[{"@type":"SearchAction","target":{"@type":"EntryPoint","urlTemplate":"https:\/\/arbouserecordings.com\/nl\/?s={search_term_string}"},"query-input":"required name=search_term_string"}],"inLanguage":"es"},{"@type":"ImageObject","@id":"https:\/\/arbouserecordings.com\/es\/como-encontrar-conexiones-locales-cerca-de-ti\/#primaryimage","inLanguage":"es","url":"https:\/\/arbouserecordings.com\/wp-content\/uploads\/2022\/08\/read-reviews.jpeg","contentUrl":"https:\/\/arbouserecordings.com\/wp-content\/uploads\/2022\/08\/read-reviews.jpeg","width":2250,"height":1500},{"@type":"WebPage","@id":"https:\/\/arbouserecordings.com\/es\/como-encontrar-conexiones-locales-cerca-de-ti\/#webpage","url":"https:\/\/arbouserecordings.com\/es\/como-encontrar-conexiones-locales-cerca-de-ti\/","name":"\u00bfC\u00f3mo encontrar conexiones locales cerca de ti? - Adult Recordings","isPartOf":{"@id":"https:\/\/arbouserecordings.com\/nl\/#website"},"primaryImageOfPage":{"@id":"https:\/\/arbouserecordings.com\/es\/como-encontrar-conexiones-locales-cerca-de-ti\/#primaryimage"},"datePublished":"2022-08-28T09:49:05+00:00","dateModified":"2022-08-28T09:49:05+00:00","breadcrumb":{"@id":"https:\/\/arbouserecordings.com\/es\/como-encontrar-conexiones-locales-cerca-de-ti\/#breadcrumb"},"inLanguage":"es","potentialAction":[{"@type":"ReadAction","target":["https:\/\/arbouserecordings.com\/es\/como-encontrar-conexiones-locales-cerca-de-ti\/"]}]},{"@type":"BreadcrumbList","@id":"https:\/\/arbouserecordings.com\/es\/como-encontrar-conexiones-locales-cerca-de-ti\/#breadcrumb","itemListElement":[{"@type":"ListItem","position":1,"name":"Home","item":"https:\/\/arbouserecordings.com\/es\/"},{"@type":"ListItem","position":2,"name":"\u00bfC\u00f3mo encontrar conexiones locales cerca de ti?"}]}]}},"_links":{"self":[{"href":"https:\/\/arbouserecordings.com\/es\/wp-json\/wp\/v2\/pages\/349"}],"collection":[{"href":"https:\/\/arbouserecordings.com\/es\/wp-json\/wp\/v2\/pages"}],"about":[{"href":"https:\/\/arbouserecordings.com\/es\/wp-json\/wp\/v2\/types\/page"}],"author":[{"embeddable":true,"href":"https:\/\/arbouserecordings.com\/es\/wp-json\/wp\/v2\/users\/1"}],"replies":[{"embeddable":true,"href":"https:\/\/arbouserecordings.com\/es\/wp-json\/wp\/v2\/comments?post=349"}],"version-history":[{"count":0,"href":"https:\/\/arbouserecordings.com\/es\/wp-json\/wp\/v2\/pages\/349\/revisions"}],"wp:featuredmedia":[{"embeddable":true,"href":"https:\/\/arbouserecordings.com\/es\/wp-json\/wp\/v2\/media\/277"}],"wp:attachment":[{"href":"https:\/\/arbouserecordings.com\/es\/wp-json\/wp\/v2\/media?parent=349"}],"curies":[{"name":"wp","href":"https:\/\/api.w.org\/{rel}","templated":true}]}}