{"id":340,"date":"2022-08-28T11:00:46","date_gmt":"2022-08-28T10:00:46","guid":{"rendered":"http:\/\/arbouserecordings.com\/encontrar-a-alguien-especial-con-sitios-de-conexion\/"},"modified":"2022-08-28T11:00:46","modified_gmt":"2022-08-28T10:00:46","slug":"encontrar-a-alguien-especial-con-sitios-de-conexion","status":"publish","type":"page","link":"https:\/\/arbouserecordings.com\/es\/encontrar-a-alguien-especial-con-sitios-de-conexion\/","title":{"rendered":"Encontrar a alguien especial con sitios de conexi\u00f3n"},"content":{"rendered":"<h1>Encontrar a alguien especial con sitios de conexi\u00f3n<\/h1>\n<p>Hay muchas razones por las que querr\u00edas usar una aplicaci\u00f3n de citas, ya sea porque est\u00e1s buscando conocer a alguien especial, encontrar el amor o simplemente hacer algunos amigos. Pero encontrar el adecuado puede ser dif\u00edcil, especialmente porque hay tantas opciones por ah\u00ed. As\u00ed que aqu\u00ed est\u00e1 nuestra gu\u00eda para ayudarlo a decidir qu\u00e9 aplicaci\u00f3n de citas es la mejor para usted.<\/p>\n<h2>Quieres conocer a alguien especial<\/h2>\n<p>Si est\u00e1 <a href=\"http:\/\/arbouserecordings.com\/es\/como-tener-exito-en-las-citas-en-linea-obtenga-su-perfil-correcto\/\">buscando salir con<\/a> alguien espec\u00edfico, probablemente querr\u00e1 comenzar reduciendo el campo. De esta manera, no perder\u00e1s demasiado tiempo tratando de encontrar coincidencias con personas que en realidad no est\u00e1n interesadas en conocerte mejor. Si est\u00e1 buscando una relaci\u00f3n a largo plazo, es probable que desee considerar aplicaciones como Tinder, Bumble, Hinge, OkCupid, PlentyOfFish, Match, Zoosk, Coffee Meets Bagel, eHarmony, ChristianMingle y Match.com. Sin embargo, si solo desea hacer algunas conexiones casuales, puede probar aplicaciones como Happn, Grinder, Badoo, Grindr, Hornet y Tango.<\/p>\n<h3>Solo quieres un poco de diversi\u00f3n<\/h3>\n<p>Algunas aplicaciones de citas est\u00e1n orientadas a hacer amigos, mientras que otras est\u00e1n dise\u00f1adas espec\u00edficamente para conectarse. Aplicaciones como Tinder, Bumble y Whisper son excelentes para aquellos que quieren hacer amigos, mientras que aplicaciones como Scruff, Growlr y Blendr est\u00e1n m\u00e1s enfocadas en conectarse sexualmente. Si est\u00e1 buscando conectarse socialmente, puede consultar aplicaciones como Facebook, Instagram, Snapchat, Twitter, LinkedIn, Viber, Kik, Whatsapp, WeChat, Line, Telegram, Skype, Yahoo Messenger, Pinterest, Tumblr, Reddit y Tumblr.<\/p>\n<h3>No sabes qu\u00e9 tipo de persona est\u00e1s buscando<\/h3>\n<p>No importa cu\u00e1n bueno sea tu perfil, no significa que atraer\u00e1s autom\u00e1ticamente al tipo de persona que est\u00e1s buscando. De hecho, la mayor\u00eda de las personas ni siquiera se dan cuenta de que se sienten atra\u00eddas por ciertos tipos de personas. Por lo tanto, es importante tomarse el tiempo para pensar realmente en qui\u00e9n eres y qu\u00e9 est\u00e1s buscando en una pareja. Luego, una vez que te des cuenta de eso, puedes reducir a\u00fan m\u00e1s las cosas.<\/p>\n<h2>La mejor aplicaci\u00f3n para una relaci\u00f3n seria: OkCupid<\/h2>\n<p>OkCupid es uno de los sitios de citas gratuitos m\u00e1s populares que existen. Ha existido desde 2007 y tiene alrededor de 30 millones de miembros activos en todo el mundo. Si bien muchas personas son esc\u00e9pticas sobre <a href=\"http:\/\/arbouserecordings.com\/es\/como-encontrar-conexiones-locales-cerca-de-ti\/\">las citas en l\u00ednea<\/a>, OkCupid es en realidad bastante exitoso. Tienen miles de conversaciones diarias en su sitio, y dicen que su \u00e9xito se reduce a una cosa: muchas cartas de amor.<\/p>\n<p>La aplicaci\u00f3n hace un sitio de preguntas, desde cosas simples hasta si, cu\u00e1ntas citas suele esperar antes de acostarse con alguien. Sin embargo, cuanto m\u00e1s profundo vaya, m\u00e1s precisos ser\u00e1n sus perfiles, seg\u00fan OkCupid. Esto permite que el sitio encuentre coincidencias basadas en lo que desea en lugar de solo su ubicaci\u00f3n.<\/p>\n<p>Si bien OkCupid tiene una base de usuarios muy s\u00f3lida de 30 millones de miembros activos en todo el mundo, la calidad de las coincidencias variar\u00e1 seg\u00fan el lugar donde viva. Si no est\u00e1s en una ciudad importante, probablemente ver\u00e1s menos opciones.<\/p>\n","protected":false},"excerpt":{"rendered":"<p>Encontrar a alguien especial con sitios de conexi\u00f3n Hay muchas razones por las que querr\u00edas usar una aplicaci\u00f3n de citas, ya sea porque est\u00e1s buscando conocer a alguien especial, encontrar [&hellip;]<\/p>\n","protected":false},"author":1,"featured_media":247,"parent":0,"menu_order":0,"comment_status":"closed","ping_status":"closed","template":"","meta":[],"yoast_head":"<!-- This site is optimized with the Yoast SEO plugin v17.7.1 - https:\/\/yoast.com\/wordpress\/plugins\/seo\/ -->\n<title>Encontrar a alguien especial con sitios de conexi\u00f3n - Adult Recordings<\/title>\n<meta name=\"robots\" content=\"index, follow, max-snippet:-1, max-image-preview:large, max-video-preview:-1\" \/>\n<link rel=\"canonical\" href=\"https:\/\/arbouserecordings.com\/es\/encontrar-a-alguien-especial-con-sitios-de-conexion\/\" \/>\n<meta property=\"og:locale\" content=\"es_ES\" \/>\n<meta property=\"og:type\" content=\"article\" \/>\n<meta property=\"og:title\" content=\"Encontrar a alguien especial con sitios de conexi\u00f3n - Adult Recordings\" \/>\n<meta property=\"og:description\" content=\"Encontrar a alguien especial con sitios de conexi\u00f3n Hay muchas razones por las que querr\u00edas usar una aplicaci\u00f3n de citas, ya sea porque est\u00e1s buscando conocer a alguien especial, encontrar [&hellip;]\" \/>\n<meta property=\"og:url\" content=\"https:\/\/arbouserecordings.com\/es\/encontrar-a-alguien-especial-con-sitios-de-conexion\/\" \/>\n<meta property=\"og:site_name\" content=\"Adult Recordings\" \/>\n<meta property=\"og:image\" content=\"https:\/\/arbouserecordings.com\/wp-content\/uploads\/2022\/08\/free-adult-hookup-apps.jpeg\" \/>\n\t<meta property=\"og:image:width\" content=\"1125\" \/>\n\t<meta property=\"og:image:height\" content=\"750\" \/>\n<meta name=\"twitter:card\" content=\"summary_large_image\" \/>\n<meta name=\"twitter:label1\" content=\"Tiempo de lectura\" \/>\n\t<meta name=\"twitter:data1\" content=\"3 minutos\" \/>\n<script type=\"application\/ld+json\" class=\"yoast-schema-graph\">{\"@context\":\"https:\/\/schema.org\",\"@graph\":[{\"@type\":\"WebSite\",\"@id\":\"https:\/\/arbouserecordings.com\/nl\/#website\",\"url\":\"https:\/\/arbouserecordings.com\/nl\/\",\"name\":\"Adult Recordings\",\"description\":\"Online Hookup Reviews\",\"potentialAction\":[{\"@type\":\"SearchAction\",\"target\":{\"@type\":\"EntryPoint\",\"urlTemplate\":\"https:\/\/arbouserecordings.com\/nl\/?s={search_term_string}\"},\"query-input\":\"required name=search_term_string\"}],\"inLanguage\":\"es\"},{\"@type\":\"ImageObject\",\"@id\":\"https:\/\/arbouserecordings.com\/es\/encontrar-a-alguien-especial-con-sitios-de-conexion\/#primaryimage\",\"inLanguage\":\"es\",\"url\":\"https:\/\/arbouserecordings.com\/wp-content\/uploads\/2022\/08\/free-adult-hookup-apps.jpeg\",\"contentUrl\":\"https:\/\/arbouserecordings.com\/wp-content\/uploads\/2022\/08\/free-adult-hookup-apps.jpeg\",\"width\":1125,\"height\":750},{\"@type\":\"WebPage\",\"@id\":\"https:\/\/arbouserecordings.com\/es\/encontrar-a-alguien-especial-con-sitios-de-conexion\/#webpage\",\"url\":\"https:\/\/arbouserecordings.com\/es\/encontrar-a-alguien-especial-con-sitios-de-conexion\/\",\"name\":\"Encontrar a alguien especial con sitios de conexi\\u00f3n - Adult Recordings\",\"isPartOf\":{\"@id\":\"https:\/\/arbouserecordings.com\/nl\/#website\"},\"primaryImageOfPage\":{\"@id\":\"https:\/\/arbouserecordings.com\/es\/encontrar-a-alguien-especial-con-sitios-de-conexion\/#primaryimage\"},\"datePublished\":\"2022-08-28T10:00:46+00:00\",\"dateModified\":\"2022-08-28T10:00:46+00:00\",\"breadcrumb\":{\"@id\":\"https:\/\/arbouserecordings.com\/es\/encontrar-a-alguien-especial-con-sitios-de-conexion\/#breadcrumb\"},\"inLanguage\":\"es\",\"potentialAction\":[{\"@type\":\"ReadAction\",\"target\":[\"https:\/\/arbouserecordings.com\/es\/encontrar-a-alguien-especial-con-sitios-de-conexion\/\"]}]},{\"@type\":\"BreadcrumbList\",\"@id\":\"https:\/\/arbouserecordings.com\/es\/encontrar-a-alguien-especial-con-sitios-de-conexion\/#breadcrumb\",\"itemListElement\":[{\"@type\":\"ListItem\",\"position\":1,\"name\":\"Home\",\"item\":\"https:\/\/arbouserecordings.com\/es\/\"},{\"@type\":\"ListItem\",\"position\":2,\"name\":\"Encontrar a alguien especial con sitios de conexi\\u00f3n\"}]}]}<\/script>\n<!-- \/ Yoast SEO plugin. -->","yoast_head_json":{"title":"Encontrar a alguien especial con sitios de conexi\u00f3n - Adult Recordings","robots":{"index":"index","follow":"follow","max-snippet":"max-snippet:-1","max-image-preview":"max-image-preview:large","max-video-preview":"max-video-preview:-1"},"canonical":"https:\/\/arbouserecordings.com\/es\/encontrar-a-alguien-especial-con-sitios-de-conexion\/","og_locale":"es_ES","og_type":"article","og_title":"Encontrar a alguien especial con sitios de conexi\u00f3n - Adult Recordings","og_description":"Encontrar a alguien especial con sitios de conexi\u00f3n Hay muchas razones por las que querr\u00edas usar una aplicaci\u00f3n de citas, ya sea porque est\u00e1s buscando conocer a alguien especial, encontrar [&hellip;]","og_url":"https:\/\/arbouserecordings.com\/es\/encontrar-a-alguien-especial-con-sitios-de-conexion\/","og_site_name":"Adult Recordings","og_image":[{"width":1125,"height":750,"url":"https:\/\/arbouserecordings.com\/wp-content\/uploads\/2022\/08\/free-adult-hookup-apps.jpeg","type":"image\/jpeg"}],"twitter_card":"summary_large_image","twitter_misc":{"Tiempo de lectura":"3 minutos"},"schema":{"@context":"https:\/\/schema.org","@graph":[{"@type":"WebSite","@id":"https:\/\/arbouserecordings.com\/nl\/#website","url":"https:\/\/arbouserecordings.com\/nl\/","name":"Adult Recordings","description":"Online Hookup Reviews","potentialAction":[{"@type":"SearchAction","target":{"@type":"EntryPoint","urlTemplate":"https:\/\/arbouserecordings.com\/nl\/?s={search_term_string}"},"query-input":"required name=search_term_string"}],"inLanguage":"es"},{"@type":"ImageObject","@id":"https:\/\/arbouserecordings.com\/es\/encontrar-a-alguien-especial-con-sitios-de-conexion\/#primaryimage","inLanguage":"es","url":"https:\/\/arbouserecordings.com\/wp-content\/uploads\/2022\/08\/free-adult-hookup-apps.jpeg","contentUrl":"https:\/\/arbouserecordings.com\/wp-content\/uploads\/2022\/08\/free-adult-hookup-apps.jpeg","width":1125,"height":750},{"@type":"WebPage","@id":"https:\/\/arbouserecordings.com\/es\/encontrar-a-alguien-especial-con-sitios-de-conexion\/#webpage","url":"https:\/\/arbouserecordings.com\/es\/encontrar-a-alguien-especial-con-sitios-de-conexion\/","name":"Encontrar a alguien especial con sitios de conexi\u00f3n - Adult Recordings","isPartOf":{"@id":"https:\/\/arbouserecordings.com\/nl\/#website"},"primaryImageOfPage":{"@id":"https:\/\/arbouserecordings.com\/es\/encontrar-a-alguien-especial-con-sitios-de-conexion\/#primaryimage"},"datePublished":"2022-08-28T10:00:46+00:00","dateModified":"2022-08-28T10:00:46+00:00","breadcrumb":{"@id":"https:\/\/arbouserecordings.com\/es\/encontrar-a-alguien-especial-con-sitios-de-conexion\/#breadcrumb"},"inLanguage":"es","potentialAction":[{"@type":"ReadAction","target":["https:\/\/arbouserecordings.com\/es\/encontrar-a-alguien-especial-con-sitios-de-conexion\/"]}]},{"@type":"BreadcrumbList","@id":"https:\/\/arbouserecordings.com\/es\/encontrar-a-alguien-especial-con-sitios-de-conexion\/#breadcrumb","itemListElement":[{"@type":"ListItem","position":1,"name":"Home","item":"https:\/\/arbouserecordings.com\/es\/"},{"@type":"ListItem","position":2,"name":"Encontrar a alguien especial con sitios de conexi\u00f3n"}]}]}},"_links":{"self":[{"href":"https:\/\/arbouserecordings.com\/es\/wp-json\/wp\/v2\/pages\/340"}],"collection":[{"href":"https:\/\/arbouserecordings.com\/es\/wp-json\/wp\/v2\/pages"}],"about":[{"href":"https:\/\/arbouserecordings.com\/es\/wp-json\/wp\/v2\/types\/page"}],"author":[{"embeddable":true,"href":"https:\/\/arbouserecordings.com\/es\/wp-json\/wp\/v2\/users\/1"}],"replies":[{"embeddable":true,"href":"https:\/\/arbouserecordings.com\/es\/wp-json\/wp\/v2\/comments?post=340"}],"version-history":[{"count":0,"href":"https:\/\/arbouserecordings.com\/es\/wp-json\/wp\/v2\/pages\/340\/revisions"}],"wp:featuredmedia":[{"embeddable":true,"href":"https:\/\/arbouserecordings.com\/es\/wp-json\/wp\/v2\/media\/247"}],"wp:attachment":[{"href":"https:\/\/arbouserecordings.com\/es\/wp-json\/wp\/v2\/media?parent=340"}],"curies":[{"name":"wp","href":"https:\/\/api.w.org\/{rel}","templated":true}]}}