{"id":334,"date":"2022-08-28T10:58:17","date_gmt":"2022-08-28T09:58:17","guid":{"rendered":"http:\/\/arbouserecordings.com\/como-tener-exito-en-las-citas-en-linea-obtenga-su-perfil-correcto\/"},"modified":"2022-08-28T10:58:17","modified_gmt":"2022-08-28T09:58:17","slug":"como-tener-exito-en-las-citas-en-linea-obtenga-su-perfil-correcto","status":"publish","type":"page","link":"https:\/\/arbouserecordings.com\/es\/como-tener-exito-en-las-citas-en-linea-obtenga-su-perfil-correcto\/","title":{"rendered":"C\u00f3mo tener \u00e9xito en las citas en l\u00ednea: obtenga su perfil correcto"},"content":{"rendered":"<h1>C\u00f3mo tener \u00e9xito en las citas en l\u00ednea: obtenga su perfil correcto<\/h1>\n<p>Los sitios de citas m\u00e1s populares incluyen eHarmony, Match, OkCupid, PlentyOfFish y Tinder. Todos var\u00edan en t\u00e9rminos de caracter\u00edsticas, costos y pol\u00edticas de privacidad. Sin embargo, generalmente siguen reglas similares. Por ejemplo, muchos sitios requieren que los usuarios completen cuestionarios sobre s\u00ed mismos, incluidas preguntas sobre edad, g\u00e9nero, nivel de educaci\u00f3n, religi\u00f3n, afiliaci\u00f3n pol\u00edtica, orientaci\u00f3n sexual, etc. Los usuarios tambi\u00e9n responden preguntas sobre su pareja ideal. Estas preguntas ayudan al sitio a determinar si es una buena opci\u00f3n para ambas partes.<\/p>\n<h2>C\u00f3mo hacer los mejores perfiles de citas<\/h2>\n<p>Una vez que te registres, recibir\u00e1s notificaciones por correo electr\u00f3nico cada vez que haya nuevos partidos cerca. Puede navegar por los perfiles y enviar mensajes directamente desde la aplicaci\u00f3n. La mayor\u00eda de los sitios le permiten configurar su foto de perfil, foto de portada, biograf\u00eda y ubicaci\u00f3n. Puede haber diferentes requisitos dependiendo del sitio. Algunos sitios pueden pedirte que subas fotos. Otros pueden pedirle que se tome una selfie. Y otros pueden simplemente pedirle que ingrese el nombre de su ciudad. Si decide utilizar uno de estos sitios, aseg\u00farese de leer la letra peque\u00f1a cuidadosamente.<\/p>\n<p>Algunos sitios cobran tarifas para contactar a socios potenciales. Esta tarifa podr\u00eda oscilar entre $ 0 y $ 10 por mes. Otros sitios le dan acceso a mensajes ilimitados sin pagar nada. Otros no tienen cuotas mensuales en absoluto. Consulte la secci\u00f3n de preguntas frecuentes del sitio para ver si hay alg\u00fan cargo oculto.<\/p>\n<p>Es posible que tenga que pagar para comunicarse con individuos espec\u00edficos. <a href=\"http:\/\/arbouserecordings.com\/es\/guia-para-encontrar-el-amor-con-solteros-cercanos\/\">Muchos sitios ofrecen cuentas premium<\/a> que le permiten chatear con miembros que han pagado por la membres\u00eda. Por lo general, debe pagar una peque\u00f1a cantidad para hablar con cada persona individualmente. Otros sitios pueden permitirle chatear con todos, pero no podr\u00e1 enviar correos electr\u00f3nicos a nadie.<\/p>\n<p>Si prefiere no gastar dinero en una suscripci\u00f3n a un sitio de citas, a\u00fan puede encontrar muchas oportunidades para conectarse con solteros a trav\u00e9s de las redes sociales. Los grupos de Facebook, los chats de Twitter, las historias de Instagram y los videos de YouTube son solo algunas formas de interactuar con otras personas que viven cerca de ti.<\/p>\n<h2>C\u00f3mo usar los sitios de citas en l\u00ednea<\/h2>\n<p>Antes de registrarse en un sitio de citas en l\u00ednea, es importante considerar lo que desea de su experiencia. \u00bfPrefieres citas casuales o quieres algo serio? Si est\u00e1s interesado en encontrar el amor, hay muchas opciones por ah\u00ed. Algunos son m\u00e1s adecuados para aventuras de una noche, mientras que otros atienden a aquellos que buscan relaciones a largo plazo. Incluso hay sitios de nicho que se centran en grupos demogr\u00e1ficos espec\u00edficos como personas mayores o personas en \u00e1reas rurales.<\/p>\n<p>Lo primero que probablemente querr\u00e1s averiguar es qu\u00e9 tipo de relaci\u00f3n esperas encontrar. \u00bfEst\u00e1 destinado a ser solo una aventura divertida o est\u00e1s buscando algo m\u00e1s serio? Esta decisi\u00f3n ayudar\u00e1 a reducir sus opciones. A continuaci\u00f3n, piense en qu\u00e9 caracter\u00edsticas son importantes para usted. Por ejemplo, si te gustan los deportes, puedes buscar un sitio que te permita filtrar partidos en funci\u00f3n de tu equipo o deporte favorito. O tal vez prefieras salir con alguien similar a ti en t\u00e9rminos de intereses.<\/p>\n<h2>\u00bfValen la pena?<\/h2>\n<p>Finalmente, eche un vistazo a los diferentes tipos de sitios de citas que existen. Algunos est\u00e1n dise\u00f1ados espec\u00edficamente para <a href=\"http:\/\/arbouserecordings.com\/es\/como-encontrar-conexiones-locales-cerca-de-ti\/\">asuntos a corto plazo<\/a>, mientras que otros se centran en relaciones a largo plazo. Tome nota de cu\u00e1ntos miembros tiene cada sitio, tambi\u00e9n. Los sitios con un mayor n\u00famero de miembros tienden a atraer m\u00e1s atenci\u00f3n.<\/p>\n<p>El costo promedio de una aplicaci\u00f3n de citas o suscripci\u00f3n al sitio oscila entre $ 15 y $ 200 por mes, dependiendo de cu\u00e1ntas funciones se incluyan. Hay algunas excelentes opciones gratuitas, incluidas Tinder y Bumble, pero si desea acceder a todo, generalmente es mejor optar por una membres\u00eda paga.<\/p>\n<p>Podr\u00edas pensar que unirte a un sitio de citas es una obviedad; despu\u00e9s de todo, todos saben que encontrar el amor en l\u00ednea es f\u00e1cil. Pero solo porque algo suene como una buena idea no significa que realmente lo sea. Antes de registrarse para cualquier cosa, investigue y aseg\u00farese de que el sitio ofrezca lo que est\u00e1 buscando. No querr\u00e1s terminar desperdiciando dinero en una suscripci\u00f3n que no vale la pena.<\/p>\n","protected":false},"excerpt":{"rendered":"<p>C\u00f3mo tener \u00e9xito en las citas en l\u00ednea: obtenga su perfil correcto Los sitios de citas m\u00e1s populares incluyen eHarmony, Match, OkCupid, PlentyOfFish y Tinder. Todos var\u00edan en t\u00e9rminos de [&hellip;]<\/p>\n","protected":false},"author":1,"featured_media":232,"parent":0,"menu_order":0,"comment_status":"closed","ping_status":"closed","template":"","meta":[],"yoast_head":"<!-- This site is optimized with the Yoast SEO plugin v17.7.1 - https:\/\/yoast.com\/wordpress\/plugins\/seo\/ -->\n<title>C\u00f3mo tener \u00e9xito en las citas en l\u00ednea: obtenga su perfil correcto - Adult Recordings<\/title>\n<meta name=\"robots\" content=\"index, follow, max-snippet:-1, max-image-preview:large, max-video-preview:-1\" \/>\n<link rel=\"canonical\" href=\"https:\/\/arbouserecordings.com\/es\/como-tener-exito-en-las-citas-en-linea-obtenga-su-perfil-correcto\/\" \/>\n<meta property=\"og:locale\" content=\"es_ES\" \/>\n<meta property=\"og:type\" content=\"article\" \/>\n<meta property=\"og:title\" content=\"C\u00f3mo tener \u00e9xito en las citas en l\u00ednea: obtenga su perfil correcto - Adult Recordings\" \/>\n<meta property=\"og:description\" content=\"C\u00f3mo tener \u00e9xito en las citas en l\u00ednea: obtenga su perfil correcto Los sitios de citas m\u00e1s populares incluyen eHarmony, Match, OkCupid, PlentyOfFish y Tinder. Todos var\u00edan en t\u00e9rminos de [&hellip;]\" \/>\n<meta property=\"og:url\" content=\"https:\/\/arbouserecordings.com\/es\/como-tener-exito-en-las-citas-en-linea-obtenga-su-perfil-correcto\/\" \/>\n<meta property=\"og:site_name\" content=\"Adult Recordings\" \/>\n<meta property=\"og:image\" content=\"https:\/\/arbouserecordings.com\/wp-content\/uploads\/2022\/08\/online-dating.jpeg\" \/>\n\t<meta property=\"og:image:width\" content=\"500\" \/>\n\t<meta property=\"og:image:height\" content=\"750\" \/>\n<meta name=\"twitter:card\" content=\"summary_large_image\" \/>\n<meta name=\"twitter:label1\" content=\"Tiempo de lectura\" \/>\n\t<meta name=\"twitter:data1\" content=\"4 minutos\" \/>\n<script type=\"application\/ld+json\" class=\"yoast-schema-graph\">{\"@context\":\"https:\/\/schema.org\",\"@graph\":[{\"@type\":\"WebSite\",\"@id\":\"https:\/\/arbouserecordings.com\/nl\/#website\",\"url\":\"https:\/\/arbouserecordings.com\/nl\/\",\"name\":\"Adult Recordings\",\"description\":\"Online Hookup Reviews\",\"potentialAction\":[{\"@type\":\"SearchAction\",\"target\":{\"@type\":\"EntryPoint\",\"urlTemplate\":\"https:\/\/arbouserecordings.com\/nl\/?s={search_term_string}\"},\"query-input\":\"required name=search_term_string\"}],\"inLanguage\":\"es\"},{\"@type\":\"ImageObject\",\"@id\":\"https:\/\/arbouserecordings.com\/es\/como-tener-exito-en-las-citas-en-linea-obtenga-su-perfil-correcto\/#primaryimage\",\"inLanguage\":\"es\",\"url\":\"https:\/\/arbouserecordings.com\/wp-content\/uploads\/2022\/08\/online-dating.jpeg\",\"contentUrl\":\"https:\/\/arbouserecordings.com\/wp-content\/uploads\/2022\/08\/online-dating.jpeg\",\"width\":500,\"height\":750},{\"@type\":\"WebPage\",\"@id\":\"https:\/\/arbouserecordings.com\/es\/como-tener-exito-en-las-citas-en-linea-obtenga-su-perfil-correcto\/#webpage\",\"url\":\"https:\/\/arbouserecordings.com\/es\/como-tener-exito-en-las-citas-en-linea-obtenga-su-perfil-correcto\/\",\"name\":\"C\\u00f3mo tener \\u00e9xito en las citas en l\\u00ednea: obtenga su perfil correcto - Adult Recordings\",\"isPartOf\":{\"@id\":\"https:\/\/arbouserecordings.com\/nl\/#website\"},\"primaryImageOfPage\":{\"@id\":\"https:\/\/arbouserecordings.com\/es\/como-tener-exito-en-las-citas-en-linea-obtenga-su-perfil-correcto\/#primaryimage\"},\"datePublished\":\"2022-08-28T09:58:17+00:00\",\"dateModified\":\"2022-08-28T09:58:17+00:00\",\"breadcrumb\":{\"@id\":\"https:\/\/arbouserecordings.com\/es\/como-tener-exito-en-las-citas-en-linea-obtenga-su-perfil-correcto\/#breadcrumb\"},\"inLanguage\":\"es\",\"potentialAction\":[{\"@type\":\"ReadAction\",\"target\":[\"https:\/\/arbouserecordings.com\/es\/como-tener-exito-en-las-citas-en-linea-obtenga-su-perfil-correcto\/\"]}]},{\"@type\":\"BreadcrumbList\",\"@id\":\"https:\/\/arbouserecordings.com\/es\/como-tener-exito-en-las-citas-en-linea-obtenga-su-perfil-correcto\/#breadcrumb\",\"itemListElement\":[{\"@type\":\"ListItem\",\"position\":1,\"name\":\"Home\",\"item\":\"https:\/\/arbouserecordings.com\/es\/\"},{\"@type\":\"ListItem\",\"position\":2,\"name\":\"C\\u00f3mo tener \\u00e9xito en las citas en l\\u00ednea: obtenga su perfil correcto\"}]}]}<\/script>\n<!-- \/ Yoast SEO plugin. -->","yoast_head_json":{"title":"C\u00f3mo tener \u00e9xito en las citas en l\u00ednea: obtenga su perfil correcto - Adult Recordings","robots":{"index":"index","follow":"follow","max-snippet":"max-snippet:-1","max-image-preview":"max-image-preview:large","max-video-preview":"max-video-preview:-1"},"canonical":"https:\/\/arbouserecordings.com\/es\/como-tener-exito-en-las-citas-en-linea-obtenga-su-perfil-correcto\/","og_locale":"es_ES","og_type":"article","og_title":"C\u00f3mo tener \u00e9xito en las citas en l\u00ednea: obtenga su perfil correcto - Adult Recordings","og_description":"C\u00f3mo tener \u00e9xito en las citas en l\u00ednea: obtenga su perfil correcto Los sitios de citas m\u00e1s populares incluyen eHarmony, Match, OkCupid, PlentyOfFish y Tinder. Todos var\u00edan en t\u00e9rminos de [&hellip;]","og_url":"https:\/\/arbouserecordings.com\/es\/como-tener-exito-en-las-citas-en-linea-obtenga-su-perfil-correcto\/","og_site_name":"Adult Recordings","og_image":[{"width":500,"height":750,"url":"https:\/\/arbouserecordings.com\/wp-content\/uploads\/2022\/08\/online-dating.jpeg","type":"image\/jpeg"}],"twitter_card":"summary_large_image","twitter_misc":{"Tiempo de lectura":"4 minutos"},"schema":{"@context":"https:\/\/schema.org","@graph":[{"@type":"WebSite","@id":"https:\/\/arbouserecordings.com\/nl\/#website","url":"https:\/\/arbouserecordings.com\/nl\/","name":"Adult Recordings","description":"Online Hookup Reviews","potentialAction":[{"@type":"SearchAction","target":{"@type":"EntryPoint","urlTemplate":"https:\/\/arbouserecordings.com\/nl\/?s={search_term_string}"},"query-input":"required name=search_term_string"}],"inLanguage":"es"},{"@type":"ImageObject","@id":"https:\/\/arbouserecordings.com\/es\/como-tener-exito-en-las-citas-en-linea-obtenga-su-perfil-correcto\/#primaryimage","inLanguage":"es","url":"https:\/\/arbouserecordings.com\/wp-content\/uploads\/2022\/08\/online-dating.jpeg","contentUrl":"https:\/\/arbouserecordings.com\/wp-content\/uploads\/2022\/08\/online-dating.jpeg","width":500,"height":750},{"@type":"WebPage","@id":"https:\/\/arbouserecordings.com\/es\/como-tener-exito-en-las-citas-en-linea-obtenga-su-perfil-correcto\/#webpage","url":"https:\/\/arbouserecordings.com\/es\/como-tener-exito-en-las-citas-en-linea-obtenga-su-perfil-correcto\/","name":"C\u00f3mo tener \u00e9xito en las citas en l\u00ednea: obtenga su perfil correcto - Adult Recordings","isPartOf":{"@id":"https:\/\/arbouserecordings.com\/nl\/#website"},"primaryImageOfPage":{"@id":"https:\/\/arbouserecordings.com\/es\/como-tener-exito-en-las-citas-en-linea-obtenga-su-perfil-correcto\/#primaryimage"},"datePublished":"2022-08-28T09:58:17+00:00","dateModified":"2022-08-28T09:58:17+00:00","breadcrumb":{"@id":"https:\/\/arbouserecordings.com\/es\/como-tener-exito-en-las-citas-en-linea-obtenga-su-perfil-correcto\/#breadcrumb"},"inLanguage":"es","potentialAction":[{"@type":"ReadAction","target":["https:\/\/arbouserecordings.com\/es\/como-tener-exito-en-las-citas-en-linea-obtenga-su-perfil-correcto\/"]}]},{"@type":"BreadcrumbList","@id":"https:\/\/arbouserecordings.com\/es\/como-tener-exito-en-las-citas-en-linea-obtenga-su-perfil-correcto\/#breadcrumb","itemListElement":[{"@type":"ListItem","position":1,"name":"Home","item":"https:\/\/arbouserecordings.com\/es\/"},{"@type":"ListItem","position":2,"name":"C\u00f3mo tener \u00e9xito en las citas en l\u00ednea: obtenga su perfil correcto"}]}]}},"_links":{"self":[{"href":"https:\/\/arbouserecordings.com\/es\/wp-json\/wp\/v2\/pages\/334"}],"collection":[{"href":"https:\/\/arbouserecordings.com\/es\/wp-json\/wp\/v2\/pages"}],"about":[{"href":"https:\/\/arbouserecordings.com\/es\/wp-json\/wp\/v2\/types\/page"}],"author":[{"embeddable":true,"href":"https:\/\/arbouserecordings.com\/es\/wp-json\/wp\/v2\/users\/1"}],"replies":[{"embeddable":true,"href":"https:\/\/arbouserecordings.com\/es\/wp-json\/wp\/v2\/comments?post=334"}],"version-history":[{"count":0,"href":"https:\/\/arbouserecordings.com\/es\/wp-json\/wp\/v2\/pages\/334\/revisions"}],"wp:featuredmedia":[{"embeddable":true,"href":"https:\/\/arbouserecordings.com\/es\/wp-json\/wp\/v2\/media\/232"}],"wp:attachment":[{"href":"https:\/\/arbouserecordings.com\/es\/wp-json\/wp\/v2\/media?parent=334"}],"curies":[{"name":"wp","href":"https:\/\/api.w.org\/{rel}","templated":true}]}}