{"id":302,"date":"2022-08-28T11:16:24","date_gmt":"2022-08-28T10:16:24","guid":{"rendered":"http:\/\/arbouserecordings.com\/guia-para-encontrar-el-amor-con-solteros-cercanos\/"},"modified":"2022-08-28T11:16:24","modified_gmt":"2022-08-28T10:16:24","slug":"guia-para-encontrar-el-amor-con-solteros-cercanos","status":"publish","type":"page","link":"https:\/\/arbouserecordings.com\/es\/guia-para-encontrar-el-amor-con-solteros-cercanos\/","title":{"rendered":"Gu\u00eda para encontrar el amor con solteros cercanos"},"content":{"rendered":"<h1>Gu\u00eda para encontrar el amor con solteros cercanos<\/h1>\n<p>Hay muchos sitios web de citas en l\u00ednea hoy en d\u00eda, y la mayor\u00eda de ellos cuestan dinero. Si desea probarlo sin pagar nada, entonces necesita encontrar un sitio de citas completamente gratuito. Hay algunos sitios web de citas completamente gratuitos por ah\u00ed, pero no son muy populares. Este art\u00edculo enumera ocho de ellos, incluidos los mejores.<\/p>\n<p>Estos sitios ofrecen varios niveles <a href=\"http:\/\/arbouserecordings.com\/es\/como-tener-exito-en-las-citas-en-linea-obtenga-su-perfil-correcto\/\">de membres\u00eda dependiendo de<\/a> cu\u00e1nto desee pagar por mes. Puede elegir entre una suscripci\u00f3n mensual o un plan anual. No hay tarifas ocultas en la mayor\u00eda de las aplicaciones; todo est\u00e1 claramente dispuesto por adelantado. Como miembro, puede leer rese\u00f1as escritas por miembros anteriores, ver fotos de posibles coincidencias e incluso chatear en vivo con otras personas. Si decide registrarse para obtener una membres\u00eda paga, puede seguir adelante y hacer p\u00fablico su perfil. De esta manera, cualquiera puede ver su galer\u00eda de fotos e informaci\u00f3n personal. Tambi\u00e9n puede establecer ciertas preferencias, como la ubicaci\u00f3n, el rango de edad, el g\u00e9nero y el origen \u00e9tnico. Sin embargo, no hay opci\u00f3n para elegir si mostrar su inter\u00e9s en alguien en funci\u00f3n de su apariencia o rasgos de personalidad.<\/p>\n<h1>\u00bfDeber\u00eda comenzar a salir en l\u00ednea: qu\u00e9 aplicaciones probar?<\/h1>\n<p>Los sitios y aplicaciones de citas gratuitos son cada vez m\u00e1s populares porque no requieren un n\u00famero de tarjeta de cr\u00e9dito y, por lo general, ofrecen muchos beneficios sin cobrar tarifas mensuales. Algunos incluso te permiten encontrar el amor sin pagar nada por adelantado. Pero hay algunos inconvenientes al registrarse en un sitio o aplicaci\u00f3n gratuita, como tener menos coincidencias y ser menos propenso a conectarse con alguien que comparte sus intereses.<\/p>\n<h2>CMB<\/h2>\n<p>Coffee Meets Bagel es una aplicaci\u00f3n de citas donde los miembros pueden navegar por los perfiles y mensajes de posibles citas en cuesti\u00f3n de segundos. Los usuarios pueden ver cu\u00e1ntos me gusta ha recibido cada perfil y si hay alg\u00fan mensaje reciente. Tambi\u00e9n pueden enviar un mensaje para comenzar a chatear con una persona. La aplicaci\u00f3n tambi\u00e9n ofrece a los usuarios la opci\u00f3n de configurar una cita de caf\u00e9 o reunirse con otro miembro.<\/p>\n<p>La aplicaci\u00f3n le permite deslizar el dedo hacia la derecha si desea conectarse con otra persona, o hacia la izquierda si no lo hace. Si ambas partes est\u00e1n interesadas, conversar\u00e1n.<\/p>\n<p>Para las parejas heterosexuales, la mujer env\u00eda primero su perfil. Con las parejas del mismo sexo, quien inicia el contacto puede hacerlo.<\/p>\n<p>Puede buscar perfiles, hacer conexiones y enviar mensajes.<\/p>\n<h2>Yesca<\/h2>\n<p>Tinder es una aplicaci\u00f3n m\u00f3vil basada en la ubicaci\u00f3n que permite a los usuarios chatear con otras personas cercanas y hacer conexiones a trav\u00e9s de texto o emojis. Las personas usan la aplicaci\u00f3n para conectarse con cualquier persona cercana, independientemente de su edad o sexo. Los usuarios pueden agregar informaci\u00f3n adicional sobre s\u00ed mismos, como intereses, educaci\u00f3n, carrera y pasatiempos. Tambi\u00e9n pueden subir una foto y seleccionar una ubicaci\u00f3n para mostrar su ubicaci\u00f3n actual. Una vez emparejados, los usuarios pueden comenzar a enviar mensajes.<\/p>\n<h2>OkCupid<\/h2>\n<p>OkCupid es una <a href=\"http:\/\/arbouserecordings.com\/es\/encontrar-a-alguien-especial-con-sitios-de-conexion\/\">aplicaci\u00f3n de citas gratuita<\/a> que ofrece compatibilidad basada en factores como rasgos de personalidad, valores, estilo de vida y actividades compartidas. Ok Cupid utiliza un cuestionario para ayudar a los usuarios a descubrir puntos en com\u00fan y diferencias entre posibles socios. Cuando dos usuarios coinciden, pueden ver los perfiles del otro y comunicarse de forma privada. Con este servicio gratuito, podr\u00e1 configurar un perfil de citas que no sea visible para nadie m\u00e1s que para usted. Puede optar por hacer p\u00fablico su perfil o mantenerlo oculto. Incluso puedes a\u00f1adir una foto de portada.<\/p>\n<h2>Bisagra<\/h2>\n<p>Hinge es una aplicaci\u00f3n m\u00f3vil que conecta a las personas en funci\u00f3n de los amigos en com\u00fan. Hinge utiliza datos de Facebook para determinar la compatibilidad. Despu\u00e9s de registrarse, los usuarios pueden explorar perfiles y enviar mensajes a otros usuarios. Si dos usuarios deciden convertirse en pareja, pueden intercambiar n\u00fameros de tel\u00e9fono y organizar una reuni\u00f3n cara a cara.<\/p>\n<p>Los usuarios tambi\u00e9n pueden agregar fotos, videos y datos de ubicaci\u00f3n para ayudar a otros a establecer conexiones. Y aunque la aplicaci\u00f3n no requiere que los usuarios completen perfiles extensos, s\u00ed hace preguntas sobre cosas como religi\u00f3n, pol\u00edtica y educaci\u00f3n. Todo eso puede parecer bastante b\u00e1sico, pero Hinge dice que es diferente porque est\u00e1 dise\u00f1ado para permitir que las personas se centren en encontrar el amor dentro de esas \u00e1reas.<\/p>\n<h2>POF<\/h2>\n<p>Plenty of Fish es un sitio web de citas en l\u00ednea gratuito que atiende a aquellos que buscan relaciones a largo plazo. Plenty of Fish incluye funciones como chat en vivo, chat de video y correo electr\u00f3nico. Los usuarios tambi\u00e9n pueden ver las publicaciones p\u00fablicas de otros usuarios y leer los mensajes enviados por otros usuarios. Hay m\u00e1s de 40 millones de usuarios registrados en todo el mundo.<\/p>\n<p>PlentyOfFish es otro viejo pero bueno. Fue fundada en 2003, y ahora afirma tener 2 millones de visitantes mensuales. Su lema es \u00abFree To Browse\u00bb, y ofrecen toneladas de caracter\u00edsticas como salas de chat, chats de video, etc.<\/p>\n<h2>Zoosk<\/h2>\n<p>Zoosk es una popular aplicaci\u00f3n de citas que se centra en ayudar a los usuarios a encontrar el amor verdadero. Zoosk es completamente gratis para descargar y registrarse. Los usuarios pueden crear un perfil, cargar varias im\u00e1genes e incluir informaci\u00f3n b\u00e1sica sobre s\u00ed mismos. Tambi\u00e9n pueden responder a las preguntas planteadas por otros usuarios para ayudar a reducir las coincidencias compatibles. Zoosk es un jugador relativamente nuevo en el juego de citas en l\u00ednea, pero ya ha logrado convertirse en uno de los jugadores m\u00e1s grandes. Fue fundada en 2007, y hoy en d\u00eda afirma tener m\u00e1s de 20 millones de usuarios registrados.<\/p>\n","protected":false},"excerpt":{"rendered":"<p>Gu\u00eda para encontrar el amor con solteros cercanos Hay muchos sitios web de citas en l\u00ednea hoy en d\u00eda, y la mayor\u00eda de ellos cuestan dinero. Si desea probarlo sin [&hellip;]<\/p>\n","protected":false},"author":1,"featured_media":262,"parent":0,"menu_order":0,"comment_status":"closed","ping_status":"closed","template":"","meta":[],"yoast_head":"<!-- This site is optimized with the Yoast SEO plugin v17.7.1 - https:\/\/yoast.com\/wordpress\/plugins\/seo\/ -->\n<title>Gu\u00eda para encontrar el amor con solteros cercanos - Adult Recordings<\/title>\n<meta name=\"robots\" content=\"index, follow, max-snippet:-1, max-image-preview:large, max-video-preview:-1\" \/>\n<link rel=\"canonical\" href=\"https:\/\/arbouserecordings.com\/es\/guia-para-encontrar-el-amor-con-solteros-cercanos\/\" \/>\n<meta property=\"og:locale\" content=\"es_ES\" \/>\n<meta property=\"og:type\" content=\"article\" \/>\n<meta property=\"og:title\" content=\"Gu\u00eda para encontrar el amor con solteros cercanos - Adult Recordings\" \/>\n<meta property=\"og:description\" content=\"Gu\u00eda para encontrar el amor con solteros cercanos Hay muchos sitios web de citas en l\u00ednea hoy en d\u00eda, y la mayor\u00eda de ellos cuestan dinero. Si desea probarlo sin [&hellip;]\" \/>\n<meta property=\"og:url\" content=\"https:\/\/arbouserecordings.com\/es\/guia-para-encontrar-el-amor-con-solteros-cercanos\/\" \/>\n<meta property=\"og:site_name\" content=\"Adult Recordings\" \/>\n<meta property=\"og:image\" content=\"https:\/\/arbouserecordings.com\/wp-content\/uploads\/2022\/08\/free-sexting.jpeg\" \/>\n\t<meta property=\"og:image:width\" content=\"1125\" \/>\n\t<meta property=\"og:image:height\" content=\"750\" \/>\n<meta name=\"twitter:card\" content=\"summary_large_image\" \/>\n<meta name=\"twitter:label1\" content=\"Tiempo de lectura\" \/>\n\t<meta name=\"twitter:data1\" content=\"5 minutos\" \/>\n<script type=\"application\/ld+json\" class=\"yoast-schema-graph\">{\"@context\":\"https:\/\/schema.org\",\"@graph\":[{\"@type\":\"WebSite\",\"@id\":\"https:\/\/arbouserecordings.com\/nl\/#website\",\"url\":\"https:\/\/arbouserecordings.com\/nl\/\",\"name\":\"Adult Recordings\",\"description\":\"Online Hookup Reviews\",\"potentialAction\":[{\"@type\":\"SearchAction\",\"target\":{\"@type\":\"EntryPoint\",\"urlTemplate\":\"https:\/\/arbouserecordings.com\/nl\/?s={search_term_string}\"},\"query-input\":\"required name=search_term_string\"}],\"inLanguage\":\"es\"},{\"@type\":\"ImageObject\",\"@id\":\"https:\/\/arbouserecordings.com\/es\/guia-para-encontrar-el-amor-con-solteros-cercanos\/#primaryimage\",\"inLanguage\":\"es\",\"url\":\"https:\/\/arbouserecordings.com\/wp-content\/uploads\/2022\/08\/free-sexting.jpeg\",\"contentUrl\":\"https:\/\/arbouserecordings.com\/wp-content\/uploads\/2022\/08\/free-sexting.jpeg\",\"width\":1125,\"height\":750},{\"@type\":\"WebPage\",\"@id\":\"https:\/\/arbouserecordings.com\/es\/guia-para-encontrar-el-amor-con-solteros-cercanos\/#webpage\",\"url\":\"https:\/\/arbouserecordings.com\/es\/guia-para-encontrar-el-amor-con-solteros-cercanos\/\",\"name\":\"Gu\\u00eda para encontrar el amor con solteros cercanos - Adult Recordings\",\"isPartOf\":{\"@id\":\"https:\/\/arbouserecordings.com\/nl\/#website\"},\"primaryImageOfPage\":{\"@id\":\"https:\/\/arbouserecordings.com\/es\/guia-para-encontrar-el-amor-con-solteros-cercanos\/#primaryimage\"},\"datePublished\":\"2022-08-28T10:16:24+00:00\",\"dateModified\":\"2022-08-28T10:16:24+00:00\",\"breadcrumb\":{\"@id\":\"https:\/\/arbouserecordings.com\/es\/guia-para-encontrar-el-amor-con-solteros-cercanos\/#breadcrumb\"},\"inLanguage\":\"es\",\"potentialAction\":[{\"@type\":\"ReadAction\",\"target\":[\"https:\/\/arbouserecordings.com\/es\/guia-para-encontrar-el-amor-con-solteros-cercanos\/\"]}]},{\"@type\":\"BreadcrumbList\",\"@id\":\"https:\/\/arbouserecordings.com\/es\/guia-para-encontrar-el-amor-con-solteros-cercanos\/#breadcrumb\",\"itemListElement\":[{\"@type\":\"ListItem\",\"position\":1,\"name\":\"Home\",\"item\":\"https:\/\/arbouserecordings.com\/es\/\"},{\"@type\":\"ListItem\",\"position\":2,\"name\":\"Gu\\u00eda para encontrar el amor con solteros cercanos\"}]}]}<\/script>\n<!-- \/ Yoast SEO plugin. -->","yoast_head_json":{"title":"Gu\u00eda para encontrar el amor con solteros cercanos - Adult Recordings","robots":{"index":"index","follow":"follow","max-snippet":"max-snippet:-1","max-image-preview":"max-image-preview:large","max-video-preview":"max-video-preview:-1"},"canonical":"https:\/\/arbouserecordings.com\/es\/guia-para-encontrar-el-amor-con-solteros-cercanos\/","og_locale":"es_ES","og_type":"article","og_title":"Gu\u00eda para encontrar el amor con solteros cercanos - Adult Recordings","og_description":"Gu\u00eda para encontrar el amor con solteros cercanos Hay muchos sitios web de citas en l\u00ednea hoy en d\u00eda, y la mayor\u00eda de ellos cuestan dinero. Si desea probarlo sin [&hellip;]","og_url":"https:\/\/arbouserecordings.com\/es\/guia-para-encontrar-el-amor-con-solteros-cercanos\/","og_site_name":"Adult Recordings","og_image":[{"width":1125,"height":750,"url":"https:\/\/arbouserecordings.com\/wp-content\/uploads\/2022\/08\/free-sexting.jpeg","type":"image\/jpeg"}],"twitter_card":"summary_large_image","twitter_misc":{"Tiempo de lectura":"5 minutos"},"schema":{"@context":"https:\/\/schema.org","@graph":[{"@type":"WebSite","@id":"https:\/\/arbouserecordings.com\/nl\/#website","url":"https:\/\/arbouserecordings.com\/nl\/","name":"Adult Recordings","description":"Online Hookup Reviews","potentialAction":[{"@type":"SearchAction","target":{"@type":"EntryPoint","urlTemplate":"https:\/\/arbouserecordings.com\/nl\/?s={search_term_string}"},"query-input":"required name=search_term_string"}],"inLanguage":"es"},{"@type":"ImageObject","@id":"https:\/\/arbouserecordings.com\/es\/guia-para-encontrar-el-amor-con-solteros-cercanos\/#primaryimage","inLanguage":"es","url":"https:\/\/arbouserecordings.com\/wp-content\/uploads\/2022\/08\/free-sexting.jpeg","contentUrl":"https:\/\/arbouserecordings.com\/wp-content\/uploads\/2022\/08\/free-sexting.jpeg","width":1125,"height":750},{"@type":"WebPage","@id":"https:\/\/arbouserecordings.com\/es\/guia-para-encontrar-el-amor-con-solteros-cercanos\/#webpage","url":"https:\/\/arbouserecordings.com\/es\/guia-para-encontrar-el-amor-con-solteros-cercanos\/","name":"Gu\u00eda para encontrar el amor con solteros cercanos - Adult Recordings","isPartOf":{"@id":"https:\/\/arbouserecordings.com\/nl\/#website"},"primaryImageOfPage":{"@id":"https:\/\/arbouserecordings.com\/es\/guia-para-encontrar-el-amor-con-solteros-cercanos\/#primaryimage"},"datePublished":"2022-08-28T10:16:24+00:00","dateModified":"2022-08-28T10:16:24+00:00","breadcrumb":{"@id":"https:\/\/arbouserecordings.com\/es\/guia-para-encontrar-el-amor-con-solteros-cercanos\/#breadcrumb"},"inLanguage":"es","potentialAction":[{"@type":"ReadAction","target":["https:\/\/arbouserecordings.com\/es\/guia-para-encontrar-el-amor-con-solteros-cercanos\/"]}]},{"@type":"BreadcrumbList","@id":"https:\/\/arbouserecordings.com\/es\/guia-para-encontrar-el-amor-con-solteros-cercanos\/#breadcrumb","itemListElement":[{"@type":"ListItem","position":1,"name":"Home","item":"https:\/\/arbouserecordings.com\/es\/"},{"@type":"ListItem","position":2,"name":"Gu\u00eda para encontrar el amor con solteros cercanos"}]}]}},"_links":{"self":[{"href":"https:\/\/arbouserecordings.com\/es\/wp-json\/wp\/v2\/pages\/302"}],"collection":[{"href":"https:\/\/arbouserecordings.com\/es\/wp-json\/wp\/v2\/pages"}],"about":[{"href":"https:\/\/arbouserecordings.com\/es\/wp-json\/wp\/v2\/types\/page"}],"author":[{"embeddable":true,"href":"https:\/\/arbouserecordings.com\/es\/wp-json\/wp\/v2\/users\/1"}],"replies":[{"embeddable":true,"href":"https:\/\/arbouserecordings.com\/es\/wp-json\/wp\/v2\/comments?post=302"}],"version-history":[{"count":0,"href":"https:\/\/arbouserecordings.com\/es\/wp-json\/wp\/v2\/pages\/302\/revisions"}],"wp:featuredmedia":[{"embeddable":true,"href":"https:\/\/arbouserecordings.com\/es\/wp-json\/wp\/v2\/media\/262"}],"wp:attachment":[{"href":"https:\/\/arbouserecordings.com\/es\/wp-json\/wp\/v2\/media?parent=302"}],"curies":[{"name":"wp","href":"https:\/\/api.w.org\/{rel}","templated":true}]}}