{"id":158,"date":"2022-08-27T12:42:49","date_gmt":"2022-08-27T11:42:49","guid":{"rendered":"http:\/\/arbouserecordings.com\/resenas-de-citas-casuales-sin-juegos-ni-pagos\/"},"modified":"2022-08-27T12:42:49","modified_gmt":"2022-08-27T11:42:49","slug":"resenas-de-citas-casuales-sin-juegos-ni-pagos","status":"publish","type":"page","link":"https:\/\/arbouserecordings.com\/es\/","title":{"rendered":"Rese\u00f1as de citas casuales (sin juegos ni pagos)"},"content":{"rendered":"<h1>Rese\u00f1as de citas casuales (sin juegos ni pagos)<\/h1>\n<p>Los mejores sitios de citas en l\u00ednea son aquellos que le ofrecen algo \u00fanico en comparaci\u00f3n con otros. Te brindan una mejor oportunidad de conocer a alguien especial porque atienden espec\u00edficamente a lo que quieres en una pareja. Cada sitio ofrece diferentes caracter\u00edsticas como salas de chat, videollamadas y eventos. Algunos incluso te permiten encontrar el amor mientras viajas. \u00a1Lea nuestras rese\u00f1as y elija la que mejor se adapte a sus necesidades!<\/p>\n<p>\u00bfEst\u00e1s aburrido de tratar de encontrar el amor con todas las aplicaciones de citas normales? \u00a1Lo hemos hecho f\u00e1cil!<\/p>\n<h2>\u00bfDeber\u00edas usar aplicaciones de citas para divertirte casualmente?<\/h2>\n<p>Las conexiones son excelentes porque son r\u00e1pidas, baratas y an\u00f3nimas. Pero conectarse no es para todos. Algunas personas prefieren salir en su lugar.<\/p>\n<p>Si no est\u00e1 interesado en las citas, hay muchas alternativas a los sitios de citas en l\u00ednea. Echa un vistazo a estas opciones:<\/p>\n<ul>\n<li>Grupos de Meetup: estas son reuniones locales donde los miembros generalmente comparten intereses. A menudo organizan eventos, fiestas y cenas.<\/li>\n<li>Redes sociales: hay toneladas de sitios web de redes sociales que atienden espec\u00edficamente a conocer gente. Facebook, Twitter, Instagram, Snapchat, etc.<\/li>\n<li>Aplicaciones de citas: Tinder, Bumble, Happn, OkCupid, etc.<\/li>\n<li>Personales en l\u00ednea: Craigslist, eHarmony, Match.com, PlentyOfFish, etc.<\/li>\n<li>Bares \/ clubes locales: los bares y clubes generalmente tienen noches de solteros.<\/li>\n<\/ul>\n<p>Hay muchas maneras de encontrar citas, ya sea que est\u00e9 buscando sexo casual o relaciones a largo plazo. Y recuerda, no importa qu\u00e9 m\u00e9todo elijas, \u00a1s\u00e9 seguro!<\/p>\n<h2>Nuestras mejores selecciones<\/h2>\n<p><img loading=\"lazy\" class=\"aligncenter size-large wp-image-38\" src=\"http:\/\/arbouserecordings.com\/wp-content\/uploads\/2022\/08\/online-looking-for-love-1024x683.webp\" alt=\"\" width=\"790\" height=\"527\" srcset=\"https:\/\/arbouserecordings.com\/wp-content\/uploads\/2022\/08\/online-looking-for-love-1024x683.webp 1024w, https:\/\/arbouserecordings.com\/wp-content\/uploads\/2022\/08\/online-looking-for-love-300x200.webp 300w, https:\/\/arbouserecordings.com\/wp-content\/uploads\/2022\/08\/online-looking-for-love-768x512.webp 768w, https:\/\/arbouserecordings.com\/wp-content\/uploads\/2022\/08\/online-looking-for-love.webp 1125w\" sizes=\"(max-width: 790px) 100vw, 790px\" \/><\/p>\n<h2>eHarmony<\/h2>\n<p>Con m\u00e1s de 30 millones de miembros en todo el mundo, eHarmony es un nombre de confianza en el mundo de las citas en l\u00ednea. Su algoritmo de emparejamiento analiza cientos de rasgos personales, incluida la personalidad, los valores, los intereses, el nivel de educaci\u00f3n, la religi\u00f3n y las opiniones pol\u00edticas, para ayudarlo a encontrar una relaci\u00f3n duradera. Puede usar su membres\u00eda gratuita para explorar miles de perfiles y enviar mensajes a posibles coincidencias. Si est\u00e1 listo para llevar las cosas m\u00e1s lejos, actualice a la membres\u00eda premium y disfrute de beneficios adicionales como acceso a coincidencias y mensajes ilimitados.<\/p>\n<h3>Seeking (Sugar Dating)<\/h3>\n<p>Si est\u00e1s buscando una relaci\u00f3n seria, Seeking es el lugar al que ir. Con millones de miembros en todo el mundo, es la red de citas m\u00e1s grande del mundo. El sitio le permite navegar por los perfiles de los miembros y configurar alertas para las personas que se ajustan a sus criterios. Cuando decida conocer a alguien, puede intercambiar fotos y videos a trav\u00e9s de la c\u00e1mara web y el texto. Adem\u00e1s, puede ver los puntajes de compatibilidad seg\u00fan sus preferencias y ver qu\u00e9 tan bien se compara su fecha con el resto de la poblaci\u00f3n.<\/p>\n<p>Para unirte a Seeking, tienes que ser bastante impresionante. Debes tener un trabajo en el que est\u00e9s ganando suficiente dinero para mantenerte a ti mismo y a una pareja. Ambos deben estar dispuestos a salir juntos. Y debe poder proporcionar alguna prueba de sus ingresos. Despu\u00e9s de todo, no quieres perder el tiempo de nadie. Una vez que ambos pasen las pruebas iniciales, recibir\u00e1n una puntuaci\u00f3n basada en su compatibilidad. Su puntaje depender\u00e1 de factores como sus rasgos de personalidad, pasatiempos, antecedentes profesionales, nivel de educaci\u00f3n e incluso su apariencia f\u00edsica.<\/p>\n<h3>Yesca<\/h3>\n<p>Tinder es otra aplicaci\u00f3n de citas popular que te conecta con nuevas personas cercanas. Sin embargo, a diferencia de OkCupid, Tinder se centra principalmente en conectarte con personas que est\u00e1n f\u00edsicamente cerca de ti. Para comenzar, descargue la aplicaci\u00f3n y registre una cuenta gratuita. Luego ingrese su ubicaci\u00f3n actual y seleccione el rango de distancia deseado. A continuaci\u00f3n, responder\u00e1 una serie de preguntas sobre sus preferencias, incluida su edad, g\u00e9nero, raza, religi\u00f3n y orientaci\u00f3n sexual. Si est\u00e1 interesado en alguien que vive cerca de usted, puede reducir a\u00fan m\u00e1s su b\u00fasqueda seleccionando su vecindario preferido. Finalmente, ver\u00e1 una lista de posibles coincidencias. Toca los que m\u00e1s te gusten y podr\u00e1s comunicarte con ellos a trav\u00e9s de mensajes de texto, llamadas de voz y videollamadas.<\/p>\n<h3>Zoosk<\/h3>\n<p>Zoosk es una de las aplicaciones de citas m\u00e1s populares. Es particularmente bueno para las personas que buscan salir con alguien que comparta sus valores y creencias. Para comenzar, primero debe descargar la aplicaci\u00f3n y registrar una cuenta. A continuaci\u00f3n, responder\u00e1s una serie de cuestionarios para ayudarte a comprender tus propios valores y creencias. Luego, tendr\u00e1 la oportunidad de explorar diferentes categor\u00edas, incluida la pol\u00edtica, la religi\u00f3n, la carrera y m\u00e1s. Cuando encuentres a alguien que comparta tus valores y creencias, puedes deslizar el dedo hacia la izquierda o hacia la derecha para indicar si te gustar\u00eda que fuera un amigo o un compa\u00f1ero potencial.<\/p>\n<h3>Ashley Madison<\/h3>\n<p>AshleyMadison.com es un sitio web de citas en l\u00ednea que atiende a personas casadas que buscan aventuras. Se ha informado que Ashley Madison ten\u00eda m\u00e1s de 30 millones de miembros en todo el mundo. Hay varios tipos de planes de membres\u00eda disponibles. Uno de ellos se llama \u00abMembres\u00eda Gold\u00bb. Este plan cuesta $ 59.99 \/ mes. Este plan le permite acceder al sitio las 24 horas del d\u00eda, los 7 d\u00edas de la semana. Si decide cancelar su suscripci\u00f3n, recibir\u00e1 un reembolso dentro de los 60 d\u00edas.<\/p>\n<p>Adem\u00e1s de proporcionar sus servicios a personas casadas, Ashley Madison ofrece una variedad de caracter\u00edsticas como salas de chat, foros, blogs, \u00e1lbumes de fotos, videoclips, programas de c\u00e1maras web, aplicaciones m\u00f3viles y cuentas de correo electr\u00f3nico.<\/p>\n<p>Todos los usuarios se registran para obtener una cuenta de prueba gratuita. Una vez que complete el proceso de registro, se le dar\u00e1 un nombre de usuario y una contrase\u00f1a. Despu\u00e9s de registrarse, se le pedir\u00e1 que complete un perfil. Aqu\u00ed es donde puede agregar informaci\u00f3n sobre usted. Cuando inicie sesi\u00f3n, ver\u00e1 su panel de control. Aqu\u00ed puede ver sus mensajes, enviar correos electr\u00f3nicos, buscar perfiles, navegar por las im\u00e1genes de los miembros y mucho m\u00e1s.<\/p>\n<h2>Lo mejor para el sexo casual &#8211; Adult Friend Finder<\/h2>\n<p>AdultFriendFinder es el sitio web de sexo y relaciones m\u00e1s grande del mundo. Actualmente hay m\u00e1s de 10 millones de usuarios registrados en el sitio.<\/p>\n<p>Se estima que m\u00e1s del 50% de esos usuarios son hombres solteros que buscan compa\u00f1\u00eda femenina. Otro 40% son parejas casadas que buscan asuntos discretos. Y el 10% restante son personas gays o lesbianas que buscan relaciones rom\u00e1nticas.<\/p>\n<h3>\u00bfC\u00f3mo funciona AFF?<\/h3>\n<p>Cuando te registres en AdultFriendFinder, recibir\u00e1s un nombre de usuario y una contrase\u00f1a. Esto le permite acceder al \u00e1rea privada de miembros del sitio.<\/p>\n<p>Aqu\u00ed, ver\u00e1 una lista de todos los miembros que est\u00e1n actualmente en l\u00ednea. Puede buscar miembros en funci\u00f3n de la ubicaci\u00f3n, el g\u00e9nero, los intereses, la orientaci\u00f3n sexual y mucho m\u00e1s.<\/p>\n<p>Una vez que haya encontrado una posible coincidencia, puede enviarse mensajes entre s\u00ed directamente por correo electr\u00f3nico. Si decide seguir adelante y chatear, puede hacerlo de forma privada dentro del \u00e1rea de miembros.<\/p>\n<p>Tambi\u00e9n puede ver fotos y videos de otros miembros. Puede calificar estas im\u00e1genes y videos, y dejar comentarios.<\/p>\n<p>Tambi\u00e9n hay foros disponibles donde puedes discutir temas relacionados con el amor, el sexo y las relaciones.<\/p>\n<h3>Reg\u00edstrese<\/h3>\n<p>Es una opci\u00f3n incre\u00edble para encontrar encuentros casuales. Ciertamente es mejor que Craigslist, pero est\u00e1 lejos de ser perfecto.<\/p>\n<p>Si bien puede parecer mucho dinero pagar por un sitio de citas, en realidad ahorrar\u00e1 dinero a largo plazo. Por lo tanto, si desea conocer a mujeres u hombres atractivos para conversaciones coquetas, entonces vale la pena echarle un vistazo a AdultFriendFinder. Pero si quieres algo serio, entonces probablemente deber\u00edas seguir con m\u00e9todos tradicionales como ir a bares, clubes o cafeter\u00edas.<\/p>\n<h3>\u00bfPagado vs. gratis?<\/h3>\n<p>Las conexiones son excelentes maneras de conocer gente nueva. Son r\u00e1pidos, convenientes y, por lo general, gratuitos. Pero, \u00bfdeber\u00edas pagar por las conexiones?<\/p>\n<p>Si est\u00e1s buscando una relaci\u00f3n a largo plazo, entonces s\u00ed, pagar por las conexiones tiene sentido. Sin embargo, si solo quieres encontrar una aventura r\u00e1pida, entonces no, no deber\u00edas pagar por las conexiones.<\/p>\n<p>Pagar por las conexiones no vale la pena porque la mayor\u00eda de los hombres que usan estos sitios no se toman en serio la b\u00fasqueda de una novia. En cambio, est\u00e1n buscando sexo. Entonces, cuando pagas por las conexiones, en realidad les est\u00e1s dando un descuento.<\/p>\n<p>Eso significa que no est\u00e1 obteniendo la calidad de persona que podr\u00eda atraer a trav\u00e9s de las citas en l\u00ednea. Y como solo conoces a extra\u00f1os, existe un mayor riesgo de ser estafado.<\/p>\n<p>En su lugar, pruebe los sitios web de citas en l\u00ednea donde puede conocer mujeres reales. Estos sitios son m\u00e1s seguros que los sitios de conexi\u00f3n porque puedes filtrar a los malos. Adem\u00e1s, puede conectarse con mujeres en funci\u00f3n de intereses mutuos en lugar de conexiones aleatorias.<\/p>\n","protected":false},"excerpt":{"rendered":"<p>Rese\u00f1as de citas casuales (sin juegos ni pagos) Los mejores sitios de citas en l\u00ednea son aquellos que le ofrecen algo \u00fanico en comparaci\u00f3n con otros. Te brindan una mejor [&hellip;]<\/p>\n","protected":false},"author":1,"featured_media":97,"parent":0,"menu_order":0,"comment_status":"closed","ping_status":"closed","template":"","meta":[],"yoast_head":"<!-- This site is optimized with the Yoast SEO plugin v17.7.1 - https:\/\/yoast.com\/wordpress\/plugins\/seo\/ -->\n<title>Rese\u00f1as de citas casuales (sin juegos ni pagos) - Adult Recordings<\/title>\n<meta name=\"description\" content=\"META Descripci\u00f3n\" \/>\n<meta name=\"robots\" content=\"index, follow, max-snippet:-1, max-image-preview:large, max-video-preview:-1\" \/>\n<link rel=\"canonical\" href=\"https:\/\/arbouserecordings.com\/es\/\" \/>\n<meta property=\"og:locale\" content=\"es_ES\" \/>\n<meta property=\"og:type\" content=\"article\" \/>\n<meta property=\"og:title\" content=\"Rese\u00f1as de citas casuales (sin juegos ni pagos) - Adult Recordings\" \/>\n<meta property=\"og:description\" content=\"META Descripci\u00f3n\" \/>\n<meta property=\"og:url\" content=\"https:\/\/arbouserecordings.com\/es\/\" \/>\n<meta property=\"og:site_name\" content=\"Adult Recordings\" \/>\n<meta property=\"og:image\" content=\"http:\/\/arbouserecordings.com\/wp-content\/uploads\/2022\/08\/best-adult-apps-for-casual-fun.jpeg\" \/>\n\t<meta property=\"og:image:width\" content=\"2250\" \/>\n\t<meta property=\"og:image:height\" content=\"1500\" \/>\n<meta name=\"twitter:card\" content=\"summary_large_image\" \/>\n<meta name=\"twitter:label1\" content=\"Tiempo de lectura\" \/>\n\t<meta name=\"twitter:data1\" content=\"8 minutos\" \/>\n<script type=\"application\/ld+json\" class=\"yoast-schema-graph\">{\"@context\":\"https:\/\/schema.org\",\"@graph\":[{\"@type\":\"WebSite\",\"@id\":\"https:\/\/arbouserecordings.com\/#website\",\"url\":\"https:\/\/arbouserecordings.com\/\",\"name\":\"Adult Recordings\",\"description\":\"Online Hookup Reviews\",\"potentialAction\":[{\"@type\":\"SearchAction\",\"target\":{\"@type\":\"EntryPoint\",\"urlTemplate\":\"https:\/\/arbouserecordings.com\/?s={search_term_string}\"},\"query-input\":\"required name=search_term_string\"}],\"inLanguage\":\"es\"},{\"@type\":\"ImageObject\",\"@id\":\"https:\/\/arbouserecordings.com\/es\/#primaryimage\",\"inLanguage\":\"es\",\"url\":\"https:\/\/arbouserecordings.com\/wp-content\/uploads\/2022\/08\/best-adult-apps-for-casual-fun.jpeg\",\"contentUrl\":\"https:\/\/arbouserecordings.com\/wp-content\/uploads\/2022\/08\/best-adult-apps-for-casual-fun.jpeg\",\"width\":2250,\"height\":1500},{\"@type\":\"WebPage\",\"@id\":\"https:\/\/arbouserecordings.com\/es\/#webpage\",\"url\":\"https:\/\/arbouserecordings.com\/es\/\",\"name\":\"Rese\\u00f1as de citas casuales (sin juegos ni pagos) - Adult Recordings\",\"isPartOf\":{\"@id\":\"https:\/\/arbouserecordings.com\/#website\"},\"primaryImageOfPage\":{\"@id\":\"https:\/\/arbouserecordings.com\/es\/#primaryimage\"},\"datePublished\":\"2022-08-27T11:42:49+00:00\",\"dateModified\":\"2022-08-27T11:42:49+00:00\",\"description\":\"META Descripci\\u00f3n\",\"breadcrumb\":{\"@id\":\"https:\/\/arbouserecordings.com\/es\/#breadcrumb\"},\"inLanguage\":\"es\",\"potentialAction\":[{\"@type\":\"ReadAction\",\"target\":[\"https:\/\/arbouserecordings.com\/es\/\"]}]},{\"@type\":\"BreadcrumbList\",\"@id\":\"https:\/\/arbouserecordings.com\/es\/#breadcrumb\",\"itemListElement\":[{\"@type\":\"ListItem\",\"position\":1,\"name\":\"Home\",\"item\":\"http:\/\/arbouserecordings.com\/es\/\"},{\"@type\":\"ListItem\",\"position\":2,\"name\":\"Rese\\u00f1as de citas casuales (sin juegos ni pagos)\"}]}]}<\/script>\n<!-- \/ Yoast SEO plugin. -->","yoast_head_json":{"title":"Rese\u00f1as de citas casuales (sin juegos ni pagos) - Adult Recordings","description":"META Descripci\u00f3n","robots":{"index":"index","follow":"follow","max-snippet":"max-snippet:-1","max-image-preview":"max-image-preview:large","max-video-preview":"max-video-preview:-1"},"canonical":"https:\/\/arbouserecordings.com\/es\/","og_locale":"es_ES","og_type":"article","og_title":"Rese\u00f1as de citas casuales (sin juegos ni pagos) - Adult Recordings","og_description":"META Descripci\u00f3n","og_url":"https:\/\/arbouserecordings.com\/es\/","og_site_name":"Adult Recordings","og_image":[{"width":2250,"height":1500,"url":"http:\/\/arbouserecordings.com\/wp-content\/uploads\/2022\/08\/best-adult-apps-for-casual-fun.jpeg","type":"image\/jpeg"}],"twitter_card":"summary_large_image","twitter_misc":{"Tiempo de lectura":"8 minutos"},"schema":{"@context":"https:\/\/schema.org","@graph":[{"@type":"WebSite","@id":"https:\/\/arbouserecordings.com\/#website","url":"https:\/\/arbouserecordings.com\/","name":"Adult Recordings","description":"Online Hookup Reviews","potentialAction":[{"@type":"SearchAction","target":{"@type":"EntryPoint","urlTemplate":"https:\/\/arbouserecordings.com\/?s={search_term_string}"},"query-input":"required name=search_term_string"}],"inLanguage":"es"},{"@type":"ImageObject","@id":"https:\/\/arbouserecordings.com\/es\/#primaryimage","inLanguage":"es","url":"https:\/\/arbouserecordings.com\/wp-content\/uploads\/2022\/08\/best-adult-apps-for-casual-fun.jpeg","contentUrl":"https:\/\/arbouserecordings.com\/wp-content\/uploads\/2022\/08\/best-adult-apps-for-casual-fun.jpeg","width":2250,"height":1500},{"@type":"WebPage","@id":"https:\/\/arbouserecordings.com\/es\/#webpage","url":"https:\/\/arbouserecordings.com\/es\/","name":"Rese\u00f1as de citas casuales (sin juegos ni pagos) - Adult Recordings","isPartOf":{"@id":"https:\/\/arbouserecordings.com\/#website"},"primaryImageOfPage":{"@id":"https:\/\/arbouserecordings.com\/es\/#primaryimage"},"datePublished":"2022-08-27T11:42:49+00:00","dateModified":"2022-08-27T11:42:49+00:00","description":"META Descripci\u00f3n","breadcrumb":{"@id":"https:\/\/arbouserecordings.com\/es\/#breadcrumb"},"inLanguage":"es","potentialAction":[{"@type":"ReadAction","target":["https:\/\/arbouserecordings.com\/es\/"]}]},{"@type":"BreadcrumbList","@id":"https:\/\/arbouserecordings.com\/es\/#breadcrumb","itemListElement":[{"@type":"ListItem","position":1,"name":"Home","item":"http:\/\/arbouserecordings.com\/es\/"},{"@type":"ListItem","position":2,"name":"Rese\u00f1as de citas casuales (sin juegos ni pagos)"}]}]}},"_links":{"self":[{"href":"https:\/\/arbouserecordings.com\/es\/wp-json\/wp\/v2\/pages\/158"}],"collection":[{"href":"https:\/\/arbouserecordings.com\/es\/wp-json\/wp\/v2\/pages"}],"about":[{"href":"https:\/\/arbouserecordings.com\/es\/wp-json\/wp\/v2\/types\/page"}],"author":[{"embeddable":true,"href":"https:\/\/arbouserecordings.com\/es\/wp-json\/wp\/v2\/users\/1"}],"replies":[{"embeddable":true,"href":"https:\/\/arbouserecordings.com\/es\/wp-json\/wp\/v2\/comments?post=158"}],"version-history":[{"count":0,"href":"https:\/\/arbouserecordings.com\/es\/wp-json\/wp\/v2\/pages\/158\/revisions"}],"wp:featuredmedia":[{"embeddable":true,"href":"https:\/\/arbouserecordings.com\/es\/wp-json\/wp\/v2\/media\/97"}],"wp:attachment":[{"href":"https:\/\/arbouserecordings.com\/es\/wp-json\/wp\/v2\/media?parent=158"}],"curies":[{"name":"wp","href":"https:\/\/api.w.org\/{rel}","templated":true}]}}