{"id":331,"date":"2022-08-28T10:49:05","date_gmt":"2022-08-28T09:49:05","guid":{"rendered":"http:\/\/arbouserecordings.com\/wie-finde-ich-lokale-verbindungen-in-ihrer-naehe\/"},"modified":"2022-09-08T13:11:40","modified_gmt":"2022-09-08T12:11:40","slug":"wie-finde-ich-lokale-verbindungen-in-ihrer-naehe","status":"publish","type":"page","link":"https:\/\/arbouserecordings.com\/de\/wie-finde-ich-lokale-verbindungen-in-ihrer-naehe\/","title":{"rendered":"Wie finde ich lokale Verbindungen in Ihrer N\u00e4he?"},"content":{"rendered":"<h1>Wie finde ich lokale Verbindungen in Ihrer N\u00e4he?<\/h1>\n<p>Willkommen bei der besten kostenlosen Dating-App im Internet. Wir wissen, dass sich Online-Dating manchmal <a href=\"https:\/\/www.singles-sites.com\/de\/sexting-websites-ohne-registrierung\/\">kostenlose sexting<\/a> wie eine entmutigende Aufgabe anf\u00fchlen kann, besonders wenn Sie an den falschen Orten nach Liebe suchen. Also haben wir unsere Website mit dem alleinigen Zweck erstellt, Online-Dating kostenlos, einfach und unterhaltsam f\u00fcr alle zu machen. Wir hoffen, dass es Ihnen genauso gut gef\u00e4llt wie uns. Wenn Sie Fragen haben, z\u00f6gern Sie nicht, uns zu kontaktieren. Wir sind hier, um Ihnen zu helfen!<\/p>\n<h2>Treffen Sie lokale Frauen f\u00fcr einen Anschluss<\/h2>\n<p>Die NSA bietet eine saubere Schnittstelle, die es einfach macht, mit anderen Mitgliedern zu navigieren und zu kommunizieren. Zus\u00e4tzlich zu den Standardfunktionen, die Sie in jeder anderen Online-Dating-App erwarten k\u00f6nnen, bietet die Website einige zus\u00e4tzliche Vorteile, die sie von der Masse abheben.<\/p>\n<p>Sobald Sie ein Profil ausgew\u00e4hlt haben, das Ihnen ins Auge f\u00e4llt <a href=\"http:\/\/www.jerkingresources.com\/de\/kostenlose-sexting-apps\/\">kostenloses sexting<\/a>, werden Sie zu einem Bildschirm weitergeleitet, auf dem Sie die Informationen des Mitglieds anzeigen k\u00f6nnen, einschlie\u00dflich Geschlecht, Alter, Standort, Interessen und vor allem seiner Fotogalerie. Von dort aus k\u00f6nnen Sie entweder die Profile weiter durchsuchen oder Sie k\u00f6nnen Kontakt aufnehmen, indem Sie ein Augenzwinkern an ein anderes Mitglied senden. So oder so, Sie m\u00fcssen nicht lange warten, da Nachrichten fast sofort zugestellt werden.<\/p>\n<p>Wenn Sie sich entscheiden, die Dinge weiter zu verfolgen, k\u00f6nnen Sie einen privaten <a href=\"http:\/\/arbouserecordings.com\/de\/finden-einer-besonderen-person-mit-hookup-sites\/\">Chatroom<\/a> einrichten, in dem Sie Bilder, Videos und alles, was Sie sonst noch zeigen m\u00f6chten, austauschen k\u00f6nnen. Sie k\u00f6nnen sogar Freunde \u00fcber Facebook, Twitter, Instagram, Kik und Viber hinzuf\u00fcgen. Im Gegensatz zu vielen Dating-Apps f\u00fcr Erwachsene verlangt NSa jedoch nicht, dass Sie Ihre Konten miteinander verkn\u00fcpfen. Stattdessen k\u00f6nnen Sie Ihre sozialen Netzwerke einfach separat verbinden.<\/p>\n<h2>Unser Rat<\/h2>\n<p>Dies ist ein Bewertungsaggregator und <a href=\"http:\/\/arbouserecordings.com\/de\/leitfaden-zum-finden-von-liebe-mit-singles-in-der-naehe\/\">Vergleichstool f\u00fcr Online-Dating-Sites<\/a> und mobile Anwendungen. Wir vergleichen die besten Dating-Sites und mobilen Apps basierend auf Daten, die aus dem Internet, sozialen Medien und unvoreingenommenen Dritten gesammelt wurden.<\/p>\n<p>Wir analysieren \u00fcber 20 verschiedene Kriterien, darunter Preis, Mitgliedschaftskosten, Anzahl der Mitglieder, Erfolgsgeschichten, Kundensupport, Sicherheit, Datenschutzrichtlinie, R\u00fcckerstattungsrichtlinie, Verf\u00fcgbarkeit mobiler Apps und vieles mehr.<\/p>\n<p>Um mehr dar\u00fcber zu erfahren, wie wir die besten Dating-Sites und Apps ausw\u00e4hlen, lesen Sie hier unsere Methodik.<\/p>\n<h2>Sollten Sie Sexting-Sites oder Dating-Apps verwenden?<\/h2>\n<p>Online-Dating-Apps werden bei Singles auf der ganzen Welt immer beliebter. Die Menschen benutzen sie, um Liebe, Freundschaft, Gelegenheitssex und sogar langfristige Beziehungen zu finden. Sie werden auch f\u00fcr lustige Dates, Freunde mit Vorteilen und einfach nur f\u00fcr alte Flirts verwendet. Es gibt viele verschiedene Arten von <a href=\"https:\/\/www.free-adult-cams.com\/de\/seiten-wie-cam4\/\">cam4 kostenlos<\/a>, einschlie\u00dflich solcher, die f\u00fcr bestimmte Zwecke entwickelt wurden, z. B. um ein Date zu finden, potenzielle Partner zu treffen oder einfach interessante Menschen kennenzulernen.<\/p>\n<p>Diese Art von Apps wird immer beliebter, weil sie es einfacher machen, ein Date zu finden, ohne stundenlang Social-Media-Profile durchsuchen zu m\u00fcssen. Es gibt jetzt Hunderte von verschiedenen Dating-Sites und Apps, von denen jede etwas anderes bietet. Hier schauen wir uns an, was sie anbieten, wie viel sie kosten und wie einfach es ist, sie zu benutzen.<\/p>\n<p>Sie sind eine gro\u00dfartige M\u00f6glichkeit, jemanden neu kennenzulernen, besonders wenn Sie nicht mit jemandem ausgehen m\u00f6chten.<\/p>\n","protected":false},"excerpt":{"rendered":"<p>Wie finde ich lokale Verbindungen in Ihrer N\u00e4he? Willkommen bei der besten kostenlosen Dating-App im Internet. Wir wissen, dass sich Online-Dating manchmal kostenlose sexting wie eine entmutigende Aufgabe anf\u00fchlen kann, [&hellip;]<\/p>\n","protected":false},"author":1,"featured_media":271,"parent":0,"menu_order":0,"comment_status":"closed","ping_status":"closed","template":"","meta":[],"yoast_head":"<!-- This site is optimized with the Yoast SEO plugin v17.7.1 - https:\/\/yoast.com\/wordpress\/plugins\/seo\/ -->\n<title>Wie finde ich lokale Verbindungen in Ihrer N\u00e4he? - Adult Recordings<\/title>\n<meta name=\"robots\" content=\"index, follow, max-snippet:-1, max-image-preview:large, max-video-preview:-1\" \/>\n<link rel=\"canonical\" href=\"https:\/\/arbouserecordings.com\/de\/wie-finde-ich-lokale-verbindungen-in-ihrer-naehe\/\" \/>\n<meta property=\"og:locale\" content=\"de_DE\" \/>\n<meta property=\"og:type\" content=\"article\" \/>\n<meta property=\"og:title\" content=\"Wie finde ich lokale Verbindungen in Ihrer N\u00e4he? - Adult Recordings\" \/>\n<meta property=\"og:description\" content=\"Wie finde ich lokale Verbindungen in Ihrer N\u00e4he? Willkommen bei der besten kostenlosen Dating-App im Internet. Wir wissen, dass sich Online-Dating manchmal kostenlose sexting wie eine entmutigende Aufgabe anf\u00fchlen kann, [&hellip;]\" \/>\n<meta property=\"og:url\" content=\"https:\/\/arbouserecordings.com\/de\/wie-finde-ich-lokale-verbindungen-in-ihrer-naehe\/\" \/>\n<meta property=\"og:site_name\" content=\"Adult Recordings\" \/>\n<meta property=\"article:modified_time\" content=\"2022-09-08T12:11:40+00:00\" \/>\n<meta property=\"og:image\" content=\"https:\/\/arbouserecordings.com\/wp-content\/uploads\/2022\/08\/read-reviews.jpeg\" \/>\n\t<meta property=\"og:image:width\" content=\"2250\" \/>\n\t<meta property=\"og:image:height\" content=\"1500\" \/>\n<meta name=\"twitter:card\" content=\"summary_large_image\" \/>\n<meta name=\"twitter:label1\" content=\"Gesch\u00e4tzte Lesezeit\" \/>\n\t<meta name=\"twitter:data1\" content=\"3\u00a0Minuten\" \/>\n<script type=\"application\/ld+json\" class=\"yoast-schema-graph\">{\"@context\":\"https:\/\/schema.org\",\"@graph\":[{\"@type\":\"WebSite\",\"@id\":\"https:\/\/arbouserecordings.com\/nl\/#website\",\"url\":\"https:\/\/arbouserecordings.com\/nl\/\",\"name\":\"Adult Recordings\",\"description\":\"Online Hookup Reviews\",\"potentialAction\":[{\"@type\":\"SearchAction\",\"target\":{\"@type\":\"EntryPoint\",\"urlTemplate\":\"https:\/\/arbouserecordings.com\/nl\/?s={search_term_string}\"},\"query-input\":\"required name=search_term_string\"}],\"inLanguage\":\"de\"},{\"@type\":\"ImageObject\",\"@id\":\"https:\/\/arbouserecordings.com\/de\/wie-finde-ich-lokale-verbindungen-in-ihrer-naehe\/#primaryimage\",\"inLanguage\":\"de\",\"url\":\"https:\/\/arbouserecordings.com\/wp-content\/uploads\/2022\/08\/read-reviews.jpeg\",\"contentUrl\":\"https:\/\/arbouserecordings.com\/wp-content\/uploads\/2022\/08\/read-reviews.jpeg\",\"width\":2250,\"height\":1500},{\"@type\":\"WebPage\",\"@id\":\"https:\/\/arbouserecordings.com\/de\/wie-finde-ich-lokale-verbindungen-in-ihrer-naehe\/#webpage\",\"url\":\"https:\/\/arbouserecordings.com\/de\/wie-finde-ich-lokale-verbindungen-in-ihrer-naehe\/\",\"name\":\"Wie finde ich lokale Verbindungen in Ihrer N\\u00e4he? - Adult Recordings\",\"isPartOf\":{\"@id\":\"https:\/\/arbouserecordings.com\/nl\/#website\"},\"primaryImageOfPage\":{\"@id\":\"https:\/\/arbouserecordings.com\/de\/wie-finde-ich-lokale-verbindungen-in-ihrer-naehe\/#primaryimage\"},\"datePublished\":\"2022-08-28T09:49:05+00:00\",\"dateModified\":\"2022-09-08T12:11:40+00:00\",\"breadcrumb\":{\"@id\":\"https:\/\/arbouserecordings.com\/de\/wie-finde-ich-lokale-verbindungen-in-ihrer-naehe\/#breadcrumb\"},\"inLanguage\":\"de\",\"potentialAction\":[{\"@type\":\"ReadAction\",\"target\":[\"https:\/\/arbouserecordings.com\/de\/wie-finde-ich-lokale-verbindungen-in-ihrer-naehe\/\"]}]},{\"@type\":\"BreadcrumbList\",\"@id\":\"https:\/\/arbouserecordings.com\/de\/wie-finde-ich-lokale-verbindungen-in-ihrer-naehe\/#breadcrumb\",\"itemListElement\":[{\"@type\":\"ListItem\",\"position\":1,\"name\":\"Home\",\"item\":\"https:\/\/arbouserecordings.com\/de\/\"},{\"@type\":\"ListItem\",\"position\":2,\"name\":\"Wie finde ich lokale Verbindungen in Ihrer N\\u00e4he?\"}]}]}<\/script>\n<!-- \/ Yoast SEO plugin. -->","yoast_head_json":{"title":"Wie finde ich lokale Verbindungen in Ihrer N\u00e4he? - Adult Recordings","robots":{"index":"index","follow":"follow","max-snippet":"max-snippet:-1","max-image-preview":"max-image-preview:large","max-video-preview":"max-video-preview:-1"},"canonical":"https:\/\/arbouserecordings.com\/de\/wie-finde-ich-lokale-verbindungen-in-ihrer-naehe\/","og_locale":"de_DE","og_type":"article","og_title":"Wie finde ich lokale Verbindungen in Ihrer N\u00e4he? - Adult Recordings","og_description":"Wie finde ich lokale Verbindungen in Ihrer N\u00e4he? Willkommen bei der besten kostenlosen Dating-App im Internet. Wir wissen, dass sich Online-Dating manchmal kostenlose sexting wie eine entmutigende Aufgabe anf\u00fchlen kann, [&hellip;]","og_url":"https:\/\/arbouserecordings.com\/de\/wie-finde-ich-lokale-verbindungen-in-ihrer-naehe\/","og_site_name":"Adult Recordings","article_modified_time":"2022-09-08T12:11:40+00:00","og_image":[{"width":2250,"height":1500,"url":"https:\/\/arbouserecordings.com\/wp-content\/uploads\/2022\/08\/read-reviews.jpeg","type":"image\/jpeg"}],"twitter_card":"summary_large_image","twitter_misc":{"Gesch\u00e4tzte Lesezeit":"3\u00a0Minuten"},"schema":{"@context":"https:\/\/schema.org","@graph":[{"@type":"WebSite","@id":"https:\/\/arbouserecordings.com\/nl\/#website","url":"https:\/\/arbouserecordings.com\/nl\/","name":"Adult Recordings","description":"Online Hookup Reviews","potentialAction":[{"@type":"SearchAction","target":{"@type":"EntryPoint","urlTemplate":"https:\/\/arbouserecordings.com\/nl\/?s={search_term_string}"},"query-input":"required name=search_term_string"}],"inLanguage":"de"},{"@type":"ImageObject","@id":"https:\/\/arbouserecordings.com\/de\/wie-finde-ich-lokale-verbindungen-in-ihrer-naehe\/#primaryimage","inLanguage":"de","url":"https:\/\/arbouserecordings.com\/wp-content\/uploads\/2022\/08\/read-reviews.jpeg","contentUrl":"https:\/\/arbouserecordings.com\/wp-content\/uploads\/2022\/08\/read-reviews.jpeg","width":2250,"height":1500},{"@type":"WebPage","@id":"https:\/\/arbouserecordings.com\/de\/wie-finde-ich-lokale-verbindungen-in-ihrer-naehe\/#webpage","url":"https:\/\/arbouserecordings.com\/de\/wie-finde-ich-lokale-verbindungen-in-ihrer-naehe\/","name":"Wie finde ich lokale Verbindungen in Ihrer N\u00e4he? - Adult Recordings","isPartOf":{"@id":"https:\/\/arbouserecordings.com\/nl\/#website"},"primaryImageOfPage":{"@id":"https:\/\/arbouserecordings.com\/de\/wie-finde-ich-lokale-verbindungen-in-ihrer-naehe\/#primaryimage"},"datePublished":"2022-08-28T09:49:05+00:00","dateModified":"2022-09-08T12:11:40+00:00","breadcrumb":{"@id":"https:\/\/arbouserecordings.com\/de\/wie-finde-ich-lokale-verbindungen-in-ihrer-naehe\/#breadcrumb"},"inLanguage":"de","potentialAction":[{"@type":"ReadAction","target":["https:\/\/arbouserecordings.com\/de\/wie-finde-ich-lokale-verbindungen-in-ihrer-naehe\/"]}]},{"@type":"BreadcrumbList","@id":"https:\/\/arbouserecordings.com\/de\/wie-finde-ich-lokale-verbindungen-in-ihrer-naehe\/#breadcrumb","itemListElement":[{"@type":"ListItem","position":1,"name":"Home","item":"https:\/\/arbouserecordings.com\/de\/"},{"@type":"ListItem","position":2,"name":"Wie finde ich lokale Verbindungen in Ihrer N\u00e4he?"}]}]}},"_links":{"self":[{"href":"https:\/\/arbouserecordings.com\/de\/wp-json\/wp\/v2\/pages\/331"}],"collection":[{"href":"https:\/\/arbouserecordings.com\/de\/wp-json\/wp\/v2\/pages"}],"about":[{"href":"https:\/\/arbouserecordings.com\/de\/wp-json\/wp\/v2\/types\/page"}],"author":[{"embeddable":true,"href":"https:\/\/arbouserecordings.com\/de\/wp-json\/wp\/v2\/users\/1"}],"replies":[{"embeddable":true,"href":"https:\/\/arbouserecordings.com\/de\/wp-json\/wp\/v2\/comments?post=331"}],"version-history":[{"count":2,"href":"https:\/\/arbouserecordings.com\/de\/wp-json\/wp\/v2\/pages\/331\/revisions"}],"predecessor-version":[{"id":413,"href":"https:\/\/arbouserecordings.com\/de\/wp-json\/wp\/v2\/pages\/331\/revisions\/413"}],"wp:featuredmedia":[{"embeddable":true,"href":"https:\/\/arbouserecordings.com\/de\/wp-json\/wp\/v2\/media\/271"}],"wp:attachment":[{"href":"https:\/\/arbouserecordings.com\/de\/wp-json\/wp\/v2\/media?parent=331"}],"curies":[{"name":"wp","href":"https:\/\/api.w.org\/{rel}","templated":true}]}}