{"id":319,"date":"2022-08-28T11:00:46","date_gmt":"2022-08-28T10:00:46","guid":{"rendered":"http:\/\/arbouserecordings.com\/finden-einer-besonderen-person-mit-hookup-sites\/"},"modified":"2022-09-08T13:12:18","modified_gmt":"2022-09-08T12:12:18","slug":"finden-einer-besonderen-person-mit-hookup-sites","status":"publish","type":"page","link":"https:\/\/arbouserecordings.com\/de\/finden-einer-besonderen-person-mit-hookup-sites\/","title":{"rendered":"Finden einer besonderen Person mit Hookup-Sites"},"content":{"rendered":"<h1>Finden einer besonderen Person mit Hookup-Sites<\/h1>\n<p>Es gibt viele Gr\u00fcnde, warum Sie eine Dating-App verwenden m\u00f6chten, sei es, weil Sie jemanden Besonderen treffen, Liebe finden oder einfach nur Freunde finden m\u00f6chten. Aber den richtigen zu finden, kann schwierig sein, zumal es so viele Optionen gibt. Hier ist unser Leitfaden, der Ihnen bei der Entscheidung hilft, welche Dating-App f\u00fcr Sie am besten geeignet ist.<\/p>\n<h2>Sie m\u00f6chten jemanden Besonderen treffen<\/h2>\n<p>Wenn Sie mit einer bestimmten Person <a href=\"http:\/\/arbouserecordings.com\/de\/wie-man-beim-online-dating-erfolgreich-ist-bringen-sie-ihr-profil-richtig-hin\/\">ausgehen<\/a> m\u00f6chten, sollten Sie wahrscheinlich damit beginnen, das Feld einzugrenzen. Auf diese Weise werden Sie nicht zu viel Zeit damit verschwenden, \u00dcbereinstimmungen mit Leuten zu finden, die nicht wirklich daran interessiert sind <a href=\"https:\/\/www.nsadating.net\/de\/kostenlose-sexspiele-auf-ios\/\">kostenlose sex spiele<\/a>, Sie besser kennenzulernen. Wenn Sie nach einer langfristigen Beziehung suchen, sollten Sie wahrscheinlich Apps wie Tinder, Bumble, Hinge, OkCupid, PlentyOfFish, Match, Zoosk, Coffee Meets Bagel, eHarmony, ChristianMingle und Match.com in Betracht ziehen. Wenn Sie jedoch nur einige zuf\u00e4llige Verbindungen herstellen m\u00f6chten, k\u00f6nnen Sie Apps wie Happn, Grinder, Badoo, Grindr, Hornet und Tango ausprobieren.<\/p>\n<h3>Du willst einfach nur Spa\u00df haben<\/h3>\n<p>Einige Dating-Apps sind darauf ausgerichtet, Freunde zu finden, w\u00e4hrend andere speziell f\u00fcr den Anschluss entwickelt wurden. Apps wie Tinder, Bumble und Whisper sind ideal f\u00fcr diejenigen, die Freunde finden m\u00f6chten, w\u00e4hrend Apps wie Scruff, Growlr und Blendr sich mehr darauf konzentrieren, sich sexuell zu verbinden. Wenn Sie sich sozial verbinden m\u00f6chten, k\u00f6nnen Sie Apps wie Facebook, Instagram, Snapchat, Twitter, LinkedIn, Viber, Kik, Whatsapp, WeChat, Line, Telegram, Skype, Yahoo Messenger, Pinterest, Tumblr, Reddit und Tumblr ausprobieren.<\/p>\n<h3>Sie wissen nicht, welche Art von Person Sie suchen<\/h3>\n<p>Egal wie gut Ihr Profil ist, es bedeutet nicht, dass Sie automatisch die Art von Person anziehen, die Sie suchen. Tats\u00e4chlich merken die meisten Menschen nicht einmal, dass sie sich zu bestimmten Arten von Menschen hingezogen f\u00fchlen. Es ist also wichtig, sich die Zeit zu nehmen, wirklich dar\u00fcber nachzudenken, wer Sie sind und wonach Sie in einem Partner suchen. Sobald Sie das herausgefunden haben <a href=\"http:\/\/www.dating-sites-for-sex.com\/de\/blowjobs-in-meiner-naehe-finden\/\">blowjob finden<\/a>, k\u00f6nnen Sie die Dinge weiter eingrenzen.<\/p>\n<h2>Beste App f\u00fcr eine ernsthafte Beziehung: OkCupid<\/h2>\n<p>OkCupid ist eine der beliebtesten kostenlosen Dating-Sites da drau\u00dfen. Es gibt es seit 2007 und es hat etwa 30 Millionen aktive Mitglieder weltweit. W\u00e4hrend viele Menschen dem <a href=\"http:\/\/arbouserecordings.com\/de\/wie-finde-ich-lokale-verbindungen-in-ihrer-naehe\/\">Online-Dating<\/a> skeptisch gegen\u00fcberstehen, ist OkCupid tats\u00e4chlich ziemlich erfolgreich. Sie haben Tausende von t\u00e4glichen Gespr\u00e4chen auf ihrer Website, und sie sagen, dass ihr Erfolg auf eine Sache hinausl\u00e4uft: viele Liebesbriefe.<\/p>\n<p>Die App stellt eine Website mit Fragen von einfachen Sachen bis ob, wie viele Daten Sie in der Regel in der Ukraine warten, bevor Sie mit jemandem schlafen. Je tiefer Sie jedoch gehen, desto genauer werden Ihre Profile laut OkCupid. Auf diese Weise kann die Website \u00dcbereinstimmungen basierend auf Ihren W\u00fcnschen und <a href=\"https:\/\/www.sextchat.net\/de\/pornospiele-fuer-mac\/\">online pornospiele<\/a> nicht nur auf Ihrem Standort finden.<\/p>\n<p>W\u00e4hrend OkCupid eine sehr starke Nutzerbasis von 30 Millionen aktiven Mitgliedern weltweit hat, variiert die Qualit\u00e4t der Spiele je nachdem, wo Sie leben. Wenn Sie sich nicht in einer Gro\u00dfstadt befinden, werden Sie wahrscheinlich weniger Optionen sehen.<\/p>\n","protected":false},"excerpt":{"rendered":"<p>Finden einer besonderen Person mit Hookup-Sites Es gibt viele Gr\u00fcnde, warum Sie eine Dating-App verwenden m\u00f6chten, sei es, weil Sie jemanden Besonderen treffen, Liebe finden oder einfach nur Freunde finden [&hellip;]<\/p>\n","protected":false},"author":1,"featured_media":241,"parent":0,"menu_order":0,"comment_status":"closed","ping_status":"closed","template":"","meta":[],"yoast_head":"<!-- This site is optimized with the Yoast SEO plugin v17.7.1 - https:\/\/yoast.com\/wordpress\/plugins\/seo\/ -->\n<title>Finden einer besonderen Person mit Hookup-Sites - Adult Recordings<\/title>\n<meta name=\"robots\" content=\"index, follow, max-snippet:-1, max-image-preview:large, max-video-preview:-1\" \/>\n<link rel=\"canonical\" href=\"https:\/\/arbouserecordings.com\/de\/finden-einer-besonderen-person-mit-hookup-sites\/\" \/>\n<meta property=\"og:locale\" content=\"de_DE\" \/>\n<meta property=\"og:type\" content=\"article\" \/>\n<meta property=\"og:title\" content=\"Finden einer besonderen Person mit Hookup-Sites - Adult Recordings\" \/>\n<meta property=\"og:description\" content=\"Finden einer besonderen Person mit Hookup-Sites Es gibt viele Gr\u00fcnde, warum Sie eine Dating-App verwenden m\u00f6chten, sei es, weil Sie jemanden Besonderen treffen, Liebe finden oder einfach nur Freunde finden [&hellip;]\" \/>\n<meta property=\"og:url\" content=\"https:\/\/arbouserecordings.com\/de\/finden-einer-besonderen-person-mit-hookup-sites\/\" \/>\n<meta property=\"og:site_name\" content=\"Adult Recordings\" \/>\n<meta property=\"article:modified_time\" content=\"2022-09-08T12:12:18+00:00\" \/>\n<meta property=\"og:image\" content=\"https:\/\/arbouserecordings.com\/wp-content\/uploads\/2022\/08\/free-adult-hookup-apps.jpeg\" \/>\n\t<meta property=\"og:image:width\" content=\"1125\" \/>\n\t<meta property=\"og:image:height\" content=\"750\" \/>\n<meta name=\"twitter:card\" content=\"summary_large_image\" \/>\n<meta name=\"twitter:label1\" content=\"Gesch\u00e4tzte Lesezeit\" \/>\n\t<meta name=\"twitter:data1\" content=\"3\u00a0Minuten\" \/>\n<script type=\"application\/ld+json\" class=\"yoast-schema-graph\">{\"@context\":\"https:\/\/schema.org\",\"@graph\":[{\"@type\":\"WebSite\",\"@id\":\"https:\/\/arbouserecordings.com\/nl\/#website\",\"url\":\"https:\/\/arbouserecordings.com\/nl\/\",\"name\":\"Adult Recordings\",\"description\":\"Online Hookup Reviews\",\"potentialAction\":[{\"@type\":\"SearchAction\",\"target\":{\"@type\":\"EntryPoint\",\"urlTemplate\":\"https:\/\/arbouserecordings.com\/nl\/?s={search_term_string}\"},\"query-input\":\"required name=search_term_string\"}],\"inLanguage\":\"de\"},{\"@type\":\"ImageObject\",\"@id\":\"https:\/\/arbouserecordings.com\/de\/finden-einer-besonderen-person-mit-hookup-sites\/#primaryimage\",\"inLanguage\":\"de\",\"url\":\"https:\/\/arbouserecordings.com\/wp-content\/uploads\/2022\/08\/free-adult-hookup-apps.jpeg\",\"contentUrl\":\"https:\/\/arbouserecordings.com\/wp-content\/uploads\/2022\/08\/free-adult-hookup-apps.jpeg\",\"width\":1125,\"height\":750},{\"@type\":\"WebPage\",\"@id\":\"https:\/\/arbouserecordings.com\/de\/finden-einer-besonderen-person-mit-hookup-sites\/#webpage\",\"url\":\"https:\/\/arbouserecordings.com\/de\/finden-einer-besonderen-person-mit-hookup-sites\/\",\"name\":\"Finden einer besonderen Person mit Hookup-Sites - Adult Recordings\",\"isPartOf\":{\"@id\":\"https:\/\/arbouserecordings.com\/nl\/#website\"},\"primaryImageOfPage\":{\"@id\":\"https:\/\/arbouserecordings.com\/de\/finden-einer-besonderen-person-mit-hookup-sites\/#primaryimage\"},\"datePublished\":\"2022-08-28T10:00:46+00:00\",\"dateModified\":\"2022-09-08T12:12:18+00:00\",\"breadcrumb\":{\"@id\":\"https:\/\/arbouserecordings.com\/de\/finden-einer-besonderen-person-mit-hookup-sites\/#breadcrumb\"},\"inLanguage\":\"de\",\"potentialAction\":[{\"@type\":\"ReadAction\",\"target\":[\"https:\/\/arbouserecordings.com\/de\/finden-einer-besonderen-person-mit-hookup-sites\/\"]}]},{\"@type\":\"BreadcrumbList\",\"@id\":\"https:\/\/arbouserecordings.com\/de\/finden-einer-besonderen-person-mit-hookup-sites\/#breadcrumb\",\"itemListElement\":[{\"@type\":\"ListItem\",\"position\":1,\"name\":\"Home\",\"item\":\"https:\/\/arbouserecordings.com\/de\/\"},{\"@type\":\"ListItem\",\"position\":2,\"name\":\"Finden einer besonderen Person mit Hookup-Sites\"}]}]}<\/script>\n<!-- \/ Yoast SEO plugin. -->","yoast_head_json":{"title":"Finden einer besonderen Person mit Hookup-Sites - Adult Recordings","robots":{"index":"index","follow":"follow","max-snippet":"max-snippet:-1","max-image-preview":"max-image-preview:large","max-video-preview":"max-video-preview:-1"},"canonical":"https:\/\/arbouserecordings.com\/de\/finden-einer-besonderen-person-mit-hookup-sites\/","og_locale":"de_DE","og_type":"article","og_title":"Finden einer besonderen Person mit Hookup-Sites - Adult Recordings","og_description":"Finden einer besonderen Person mit Hookup-Sites Es gibt viele Gr\u00fcnde, warum Sie eine Dating-App verwenden m\u00f6chten, sei es, weil Sie jemanden Besonderen treffen, Liebe finden oder einfach nur Freunde finden [&hellip;]","og_url":"https:\/\/arbouserecordings.com\/de\/finden-einer-besonderen-person-mit-hookup-sites\/","og_site_name":"Adult Recordings","article_modified_time":"2022-09-08T12:12:18+00:00","og_image":[{"width":1125,"height":750,"url":"https:\/\/arbouserecordings.com\/wp-content\/uploads\/2022\/08\/free-adult-hookup-apps.jpeg","type":"image\/jpeg"}],"twitter_card":"summary_large_image","twitter_misc":{"Gesch\u00e4tzte Lesezeit":"3\u00a0Minuten"},"schema":{"@context":"https:\/\/schema.org","@graph":[{"@type":"WebSite","@id":"https:\/\/arbouserecordings.com\/nl\/#website","url":"https:\/\/arbouserecordings.com\/nl\/","name":"Adult Recordings","description":"Online Hookup Reviews","potentialAction":[{"@type":"SearchAction","target":{"@type":"EntryPoint","urlTemplate":"https:\/\/arbouserecordings.com\/nl\/?s={search_term_string}"},"query-input":"required name=search_term_string"}],"inLanguage":"de"},{"@type":"ImageObject","@id":"https:\/\/arbouserecordings.com\/de\/finden-einer-besonderen-person-mit-hookup-sites\/#primaryimage","inLanguage":"de","url":"https:\/\/arbouserecordings.com\/wp-content\/uploads\/2022\/08\/free-adult-hookup-apps.jpeg","contentUrl":"https:\/\/arbouserecordings.com\/wp-content\/uploads\/2022\/08\/free-adult-hookup-apps.jpeg","width":1125,"height":750},{"@type":"WebPage","@id":"https:\/\/arbouserecordings.com\/de\/finden-einer-besonderen-person-mit-hookup-sites\/#webpage","url":"https:\/\/arbouserecordings.com\/de\/finden-einer-besonderen-person-mit-hookup-sites\/","name":"Finden einer besonderen Person mit Hookup-Sites - Adult Recordings","isPartOf":{"@id":"https:\/\/arbouserecordings.com\/nl\/#website"},"primaryImageOfPage":{"@id":"https:\/\/arbouserecordings.com\/de\/finden-einer-besonderen-person-mit-hookup-sites\/#primaryimage"},"datePublished":"2022-08-28T10:00:46+00:00","dateModified":"2022-09-08T12:12:18+00:00","breadcrumb":{"@id":"https:\/\/arbouserecordings.com\/de\/finden-einer-besonderen-person-mit-hookup-sites\/#breadcrumb"},"inLanguage":"de","potentialAction":[{"@type":"ReadAction","target":["https:\/\/arbouserecordings.com\/de\/finden-einer-besonderen-person-mit-hookup-sites\/"]}]},{"@type":"BreadcrumbList","@id":"https:\/\/arbouserecordings.com\/de\/finden-einer-besonderen-person-mit-hookup-sites\/#breadcrumb","itemListElement":[{"@type":"ListItem","position":1,"name":"Home","item":"https:\/\/arbouserecordings.com\/de\/"},{"@type":"ListItem","position":2,"name":"Finden einer besonderen Person mit Hookup-Sites"}]}]}},"_links":{"self":[{"href":"https:\/\/arbouserecordings.com\/de\/wp-json\/wp\/v2\/pages\/319"}],"collection":[{"href":"https:\/\/arbouserecordings.com\/de\/wp-json\/wp\/v2\/pages"}],"about":[{"href":"https:\/\/arbouserecordings.com\/de\/wp-json\/wp\/v2\/types\/page"}],"author":[{"embeddable":true,"href":"https:\/\/arbouserecordings.com\/de\/wp-json\/wp\/v2\/users\/1"}],"replies":[{"embeddable":true,"href":"https:\/\/arbouserecordings.com\/de\/wp-json\/wp\/v2\/comments?post=319"}],"version-history":[{"count":1,"href":"https:\/\/arbouserecordings.com\/de\/wp-json\/wp\/v2\/pages\/319\/revisions"}],"predecessor-version":[{"id":414,"href":"https:\/\/arbouserecordings.com\/de\/wp-json\/wp\/v2\/pages\/319\/revisions\/414"}],"wp:featuredmedia":[{"embeddable":true,"href":"https:\/\/arbouserecordings.com\/de\/wp-json\/wp\/v2\/media\/241"}],"wp:attachment":[{"href":"https:\/\/arbouserecordings.com\/de\/wp-json\/wp\/v2\/media?parent=319"}],"curies":[{"name":"wp","href":"https:\/\/api.w.org\/{rel}","templated":true}]}}