{"id":297,"date":"2022-08-28T11:16:24","date_gmt":"2022-08-28T10:16:24","guid":{"rendered":"http:\/\/arbouserecordings.com\/leitfaden-zum-finden-von-liebe-mit-singles-in-der-naehe\/"},"modified":"2022-09-08T13:11:13","modified_gmt":"2022-09-08T12:11:13","slug":"leitfaden-zum-finden-von-liebe-mit-singles-in-der-naehe","status":"publish","type":"page","link":"https:\/\/arbouserecordings.com\/de\/leitfaden-zum-finden-von-liebe-mit-singles-in-der-naehe\/","title":{"rendered":"Leitfaden zum Finden von Liebe mit Singles in der N\u00e4he"},"content":{"rendered":"<h1>Leitfaden zum Finden von Liebe mit Singles in der N\u00e4he<\/h1>\n<p>Es gibt heute viele Online-Dating-Websites, und die meisten von ihnen kosten Geld. Wenn Sie es ausprobieren m\u00f6chten <a href=\"http:\/\/www.jerkoffforme.com\/de\/sex-cam-roulette\/\">sex roulette chat<\/a>, ohne etwas zu bezahlen, m\u00fcssen Sie eine v\u00f6llig kostenlose Dating-Site finden. Es gibt einige v\u00f6llig kostenlose Dating-Websites da drau\u00dfen, aber sie sind nicht sehr beliebt. Dieser Artikel listet acht von ihnen auf, darunter die besten.<\/p>\n<p>Diese Websites bieten mehrere <a href=\"http:\/\/arbouserecordings.com\/de\/wie-man-beim-online-dating-erfolgreich-ist-bringen-sie-ihr-profil-richtig-hin\/\">Mitgliedschaftsstufen an<\/a> , je nachdem, wie viel Sie pro Monat bezahlen m\u00f6chten. Sie k\u00f6nnen entweder ein monatliches Abonnement oder einen Jahresplan w\u00e4hlen. Es gibt keine versteckten Geb\u00fchren f\u00fcr die meisten Apps; Alles ist klar im Voraus angeordnet. Als Mitglied k\u00f6nnen Sie Bewertungen von fr\u00fcheren Mitgliedern lesen, Fotos potenzieller \u00dcbereinstimmungen anzeigen und sogar live mit anderen Personen chatten. Wenn Sie sich f\u00fcr eine kostenpflichtige Mitgliedschaft entscheiden, k\u00f6nnen Sie Ihr Profil ver\u00f6ffentlichen. Auf diese Weise kann jeder Ihre Fotogalerie und Ihre pers\u00f6nlichen Informationen sehen. Sie k\u00f6nnen auch bestimmte Einstellungen wie Standort, Altersgruppe, Geschlecht und ethnische Zugeh\u00f6rigkeit festlegen. Es gibt jedoch keine M\u00f6glichkeit, zu entscheiden, ob Sie Ihr Interesse an jemandem aufgrund seines Aussehens oder seiner Pers\u00f6nlichkeitsmerkmale zeigen m\u00f6chten.<\/p>\n<h1>Sollten Sie anfangen, online zu daten &#8211; Welche Apps sollten Sie ausprobieren?<\/h1>\n<p>Kostenlose Dating-Sites und Apps werden immer beliebter, da sie keine Kreditkartennummer ben\u00f6tigen und in der Regel viele Verg\u00fcnstigungen bieten, ohne monatliche Geb\u00fchren zu erheben. Einige lassen dich sogar Liebe finden, ohne etwas im Voraus zu bezahlen. Es gibt jedoch einige Nachteile, wenn Sie sich f\u00fcr eine kostenlose Website oder App anmelden &#8211; wie weniger \u00dcbereinstimmungen zu haben und weniger wahrscheinlich mit jemandem in Kontakt zu treten, der Ihre Interessen teilt.<\/p>\n<h2>CMB<\/h2>\n<p>Coffee Meets Bagel ist eine Dating-App, mit der Mitglieder innerhalb von Sekunden die Profile und Nachrichten potenzieller Daten durchsuchen k\u00f6nnen. Benutzer k\u00f6nnen sehen, wie viele Likes jedes Profil erhalten hat und ob es aktuelle Nachrichten gibt. Sie k\u00f6nnen auch eine Nachricht senden, um mit einer Person zu chatten. Die App gibt Benutzern <a href=\"https:\/\/www.nsa-hookup.net\/de\/frauen-die-ficken-wollen\/\">frauen in der n\u00e4he ficken<\/a> auch die M\u00f6glichkeit, ein Kaffee-Date oder ein Treffen mit einem anderen Mitglied zu vereinbaren.<\/p>\n<p>Mit der App k\u00f6nnen Sie nach rechts wischen, wenn Sie sich mit einer anderen Person verbinden m\u00f6chten, oder nach links, wenn Sie dies nicht tun. Wenn beide Parteien interessiert sind, werden sie chatten.<\/p>\n<p>Bei heterosexuellen Paaren sendet die Frau zuerst ihr Profil. Bei gleichgeschlechtlichen Paaren kann derjenige, der Kontakt aufnimmt, dies tun.<\/p>\n<p>Sie k\u00f6nnen Profile durchsuchen, Verbindungen herstellen und Nachrichten senden.<\/p>\n<h2>Zunder<\/h2>\n<p>Tinder ist eine standortbasierte mobile App, mit der Benutzer mit anderen in der N\u00e4he chatten und Verbindungen \u00fcber Text oder Emojis herstellen k\u00f6nnen. Menschen nutzen die App, um sich mit Personen in der N\u00e4he zu verbinden, unabh\u00e4ngig von Alter oder Geschlecht. Benutzer k\u00f6nnen zus\u00e4tzliche Informationen \u00fcber sich selbst wie Interessen, Ausbildung, Karriere und Hobbys hinzuf\u00fcgen. Sie k\u00f6nnen auch ein Foto hochladen und einen Ort ausw\u00e4hlen, um ihren aktuellen Standort anzuzeigen. Nach dem Abgleich k\u00f6nnen Benutzer mit dem Messaging beginnen.<\/p>\n<h2>OkCupid<\/h2>\n<p>OkCupid ist eine <a href=\"http:\/\/arbouserecordings.com\/de\/finden-einer-besonderen-person-mit-hookup-sites\/\">kostenlose Dating-App<\/a> , die einen Kompatibilit\u00e4tsabgleich basierend auf Faktoren wie Pers\u00f6nlichkeitsmerkmalen, Werten, Lebensstil und gemeinsamen Aktivit\u00e4ten bietet. Ok Cupid verwendet einen Fragebogen, um Benutzern zu helfen, Gemeinsamkeiten und Unterschiede zwischen potenziellen Partnern zu entdecken. Wenn zwei Benutzer \u00fcbereinstimmen, k\u00f6nnen sie die Profile des anderen anzeigen und privat kommunizieren. Mit diesem kostenlosen Service k\u00f6nnen Sie ein Dating-Profil einrichten, das f\u00fcr niemanden au\u00dfer Ihnen sichtbar ist. Sie k\u00f6nnen w\u00e4hlen, ob Sie Ihr Profil \u00f6ffentlich machen oder ausgeblendet halten m\u00f6chten. Sie k\u00f6nnen sogar ein Titelbild hinzuf\u00fcgen.<\/p>\n<h2>Scharnier<\/h2>\n<p>Hinge ist eine mobile Anwendung, die Menschen basierend auf gemeinsamen Freunden verbindet. Hinge verwendet Facebook-Daten, um die Kompatibilit\u00e4t zu ermitteln. Nach der Registrierung k\u00f6nnen Benutzer Profile durchsuchen und Nachrichten an andere Benutzer senden. Wenn sich zwei Benutzer entscheiden, ein Match zu werden, k\u00f6nnen sie Telefonnummern austauschen und ein pers\u00f6nliches Treffen vereinbaren.<\/p>\n<p>Benutzer k\u00f6nnen auch Fotos, Videos und Standortdaten hinzuf\u00fcgen, um anderen zu helfen <a href=\"https:\/\/www.thedatingadvisor.com\/de\/\">kostenloses dating app<\/a>, Verbindungen herzustellen. Und w\u00e4hrend die App nicht erfordert, dass Benutzer umfangreiche Profile ausf\u00fcllen, stellt sie Fragen zu Dingen wie Religion, Politik und Bildung. All das mag ziemlich einfach erscheinen, aber Hinge sagt, dass es anders ist, weil es so konzipiert ist, dass sich die Menschen darauf konzentrieren k\u00f6nnen, Liebe in diesen Bereichen zu finden.<\/p>\n<h2>POF<\/h2>\n<p>Plenty of Fish ist eine kostenlose Online-Dating-Website, die sich an diejenigen richtet, die langfristige Beziehungen suchen. Plenty of Fish enth\u00e4lt Funktionen wie Live-Chat, Video-Chat und E-Mailing. Benutzer k\u00f6nnen auch die \u00f6ffentlichen Beitr\u00e4ge anderer Benutzer anzeigen und Nachrichten lesen, die von anderen Benutzern gesendet wurden. Weltweit gibt es \u00fcber 40 Millionen registrierte Nutzer.<\/p>\n<p>PlentyOfFish ist ein weiterer Oldie, aber Goodie. Es wurde 2003 gegr\u00fcndet und behauptet nun, 2 Millionen monatliche Besucher zu haben. Ihr Motto ist &#8222;Free To Browse&#8220;, und sie bieten Tonnen von Funktionen wie Chatrooms, Video-Chats usw.<\/p>\n<h2>Zoosk<\/h2>\n<p>Zoosk ist eine beliebte Dating-App, die sich darauf konzentriert, Benutzern zu helfen, die wahre Liebe zu finden. Zoosk kann kostenlos heruntergeladen und angemeldet werden. Benutzer k\u00f6nnen ein Profil erstellen, mehrere Bilder hochladen und grundlegende Informationen \u00fcber sich selbst angeben. Sie k\u00f6nnen auch Fragen anderer Benutzer beantworten, um kompatible \u00dcbereinstimmungen einzugrenzen. Zoosk ist ein relativ neuer Spieler im Online-Dating-Spiel, hat es aber bereits geschafft, einer der gr\u00f6\u00dften Spieler zu werden. Es wurde 2007 gegr\u00fcndet und behauptet heute, \u00fcber 20 Millionen registrierte Benutzer zu haben.<\/p>\n","protected":false},"excerpt":{"rendered":"<p>Leitfaden zum Finden von Liebe mit Singles in der N\u00e4he Es gibt heute viele Online-Dating-Websites, und die meisten von ihnen kosten Geld. Wenn Sie es ausprobieren m\u00f6chten sex roulette chat, [&hellip;]<\/p>\n","protected":false},"author":1,"featured_media":256,"parent":0,"menu_order":0,"comment_status":"closed","ping_status":"closed","template":"","meta":[],"yoast_head":"<!-- This site is optimized with the Yoast SEO plugin v17.7.1 - https:\/\/yoast.com\/wordpress\/plugins\/seo\/ -->\n<title>Leitfaden zum Finden von Liebe mit Singles in der N\u00e4he - Adult Recordings<\/title>\n<meta name=\"robots\" content=\"index, follow, max-snippet:-1, max-image-preview:large, max-video-preview:-1\" \/>\n<link rel=\"canonical\" href=\"https:\/\/arbouserecordings.com\/de\/leitfaden-zum-finden-von-liebe-mit-singles-in-der-naehe\/\" \/>\n<meta property=\"og:locale\" content=\"de_DE\" \/>\n<meta property=\"og:type\" content=\"article\" \/>\n<meta property=\"og:title\" content=\"Leitfaden zum Finden von Liebe mit Singles in der N\u00e4he - Adult Recordings\" \/>\n<meta property=\"og:description\" content=\"Leitfaden zum Finden von Liebe mit Singles in der N\u00e4he Es gibt heute viele Online-Dating-Websites, und die meisten von ihnen kosten Geld. Wenn Sie es ausprobieren m\u00f6chten sex roulette chat, [&hellip;]\" \/>\n<meta property=\"og:url\" content=\"https:\/\/arbouserecordings.com\/de\/leitfaden-zum-finden-von-liebe-mit-singles-in-der-naehe\/\" \/>\n<meta property=\"og:site_name\" content=\"Adult Recordings\" \/>\n<meta property=\"article:modified_time\" content=\"2022-09-08T12:11:13+00:00\" \/>\n<meta property=\"og:image\" content=\"https:\/\/arbouserecordings.com\/wp-content\/uploads\/2022\/08\/free-sexting.jpeg\" \/>\n\t<meta property=\"og:image:width\" content=\"1125\" \/>\n\t<meta property=\"og:image:height\" content=\"750\" \/>\n<meta name=\"twitter:card\" content=\"summary_large_image\" \/>\n<meta name=\"twitter:label1\" content=\"Gesch\u00e4tzte Lesezeit\" \/>\n\t<meta name=\"twitter:data1\" content=\"5\u00a0Minuten\" \/>\n<script type=\"application\/ld+json\" class=\"yoast-schema-graph\">{\"@context\":\"https:\/\/schema.org\",\"@graph\":[{\"@type\":\"WebSite\",\"@id\":\"https:\/\/arbouserecordings.com\/nl\/#website\",\"url\":\"https:\/\/arbouserecordings.com\/nl\/\",\"name\":\"Adult Recordings\",\"description\":\"Online Hookup Reviews\",\"potentialAction\":[{\"@type\":\"SearchAction\",\"target\":{\"@type\":\"EntryPoint\",\"urlTemplate\":\"https:\/\/arbouserecordings.com\/nl\/?s={search_term_string}\"},\"query-input\":\"required name=search_term_string\"}],\"inLanguage\":\"de\"},{\"@type\":\"ImageObject\",\"@id\":\"https:\/\/arbouserecordings.com\/de\/leitfaden-zum-finden-von-liebe-mit-singles-in-der-naehe\/#primaryimage\",\"inLanguage\":\"de\",\"url\":\"https:\/\/arbouserecordings.com\/wp-content\/uploads\/2022\/08\/free-sexting.jpeg\",\"contentUrl\":\"https:\/\/arbouserecordings.com\/wp-content\/uploads\/2022\/08\/free-sexting.jpeg\",\"width\":1125,\"height\":750},{\"@type\":\"WebPage\",\"@id\":\"https:\/\/arbouserecordings.com\/de\/leitfaden-zum-finden-von-liebe-mit-singles-in-der-naehe\/#webpage\",\"url\":\"https:\/\/arbouserecordings.com\/de\/leitfaden-zum-finden-von-liebe-mit-singles-in-der-naehe\/\",\"name\":\"Leitfaden zum Finden von Liebe mit Singles in der N\\u00e4he - Adult Recordings\",\"isPartOf\":{\"@id\":\"https:\/\/arbouserecordings.com\/nl\/#website\"},\"primaryImageOfPage\":{\"@id\":\"https:\/\/arbouserecordings.com\/de\/leitfaden-zum-finden-von-liebe-mit-singles-in-der-naehe\/#primaryimage\"},\"datePublished\":\"2022-08-28T10:16:24+00:00\",\"dateModified\":\"2022-09-08T12:11:13+00:00\",\"breadcrumb\":{\"@id\":\"https:\/\/arbouserecordings.com\/de\/leitfaden-zum-finden-von-liebe-mit-singles-in-der-naehe\/#breadcrumb\"},\"inLanguage\":\"de\",\"potentialAction\":[{\"@type\":\"ReadAction\",\"target\":[\"https:\/\/arbouserecordings.com\/de\/leitfaden-zum-finden-von-liebe-mit-singles-in-der-naehe\/\"]}]},{\"@type\":\"BreadcrumbList\",\"@id\":\"https:\/\/arbouserecordings.com\/de\/leitfaden-zum-finden-von-liebe-mit-singles-in-der-naehe\/#breadcrumb\",\"itemListElement\":[{\"@type\":\"ListItem\",\"position\":1,\"name\":\"Home\",\"item\":\"https:\/\/arbouserecordings.com\/de\/\"},{\"@type\":\"ListItem\",\"position\":2,\"name\":\"Leitfaden zum Finden von Liebe mit Singles in der N\\u00e4he\"}]}]}<\/script>\n<!-- \/ Yoast SEO plugin. -->","yoast_head_json":{"title":"Leitfaden zum Finden von Liebe mit Singles in der N\u00e4he - Adult Recordings","robots":{"index":"index","follow":"follow","max-snippet":"max-snippet:-1","max-image-preview":"max-image-preview:large","max-video-preview":"max-video-preview:-1"},"canonical":"https:\/\/arbouserecordings.com\/de\/leitfaden-zum-finden-von-liebe-mit-singles-in-der-naehe\/","og_locale":"de_DE","og_type":"article","og_title":"Leitfaden zum Finden von Liebe mit Singles in der N\u00e4he - Adult Recordings","og_description":"Leitfaden zum Finden von Liebe mit Singles in der N\u00e4he Es gibt heute viele Online-Dating-Websites, und die meisten von ihnen kosten Geld. Wenn Sie es ausprobieren m\u00f6chten sex roulette chat, [&hellip;]","og_url":"https:\/\/arbouserecordings.com\/de\/leitfaden-zum-finden-von-liebe-mit-singles-in-der-naehe\/","og_site_name":"Adult Recordings","article_modified_time":"2022-09-08T12:11:13+00:00","og_image":[{"width":1125,"height":750,"url":"https:\/\/arbouserecordings.com\/wp-content\/uploads\/2022\/08\/free-sexting.jpeg","type":"image\/jpeg"}],"twitter_card":"summary_large_image","twitter_misc":{"Gesch\u00e4tzte Lesezeit":"5\u00a0Minuten"},"schema":{"@context":"https:\/\/schema.org","@graph":[{"@type":"WebSite","@id":"https:\/\/arbouserecordings.com\/nl\/#website","url":"https:\/\/arbouserecordings.com\/nl\/","name":"Adult Recordings","description":"Online Hookup Reviews","potentialAction":[{"@type":"SearchAction","target":{"@type":"EntryPoint","urlTemplate":"https:\/\/arbouserecordings.com\/nl\/?s={search_term_string}"},"query-input":"required name=search_term_string"}],"inLanguage":"de"},{"@type":"ImageObject","@id":"https:\/\/arbouserecordings.com\/de\/leitfaden-zum-finden-von-liebe-mit-singles-in-der-naehe\/#primaryimage","inLanguage":"de","url":"https:\/\/arbouserecordings.com\/wp-content\/uploads\/2022\/08\/free-sexting.jpeg","contentUrl":"https:\/\/arbouserecordings.com\/wp-content\/uploads\/2022\/08\/free-sexting.jpeg","width":1125,"height":750},{"@type":"WebPage","@id":"https:\/\/arbouserecordings.com\/de\/leitfaden-zum-finden-von-liebe-mit-singles-in-der-naehe\/#webpage","url":"https:\/\/arbouserecordings.com\/de\/leitfaden-zum-finden-von-liebe-mit-singles-in-der-naehe\/","name":"Leitfaden zum Finden von Liebe mit Singles in der N\u00e4he - Adult Recordings","isPartOf":{"@id":"https:\/\/arbouserecordings.com\/nl\/#website"},"primaryImageOfPage":{"@id":"https:\/\/arbouserecordings.com\/de\/leitfaden-zum-finden-von-liebe-mit-singles-in-der-naehe\/#primaryimage"},"datePublished":"2022-08-28T10:16:24+00:00","dateModified":"2022-09-08T12:11:13+00:00","breadcrumb":{"@id":"https:\/\/arbouserecordings.com\/de\/leitfaden-zum-finden-von-liebe-mit-singles-in-der-naehe\/#breadcrumb"},"inLanguage":"de","potentialAction":[{"@type":"ReadAction","target":["https:\/\/arbouserecordings.com\/de\/leitfaden-zum-finden-von-liebe-mit-singles-in-der-naehe\/"]}]},{"@type":"BreadcrumbList","@id":"https:\/\/arbouserecordings.com\/de\/leitfaden-zum-finden-von-liebe-mit-singles-in-der-naehe\/#breadcrumb","itemListElement":[{"@type":"ListItem","position":1,"name":"Home","item":"https:\/\/arbouserecordings.com\/de\/"},{"@type":"ListItem","position":2,"name":"Leitfaden zum Finden von Liebe mit Singles in der N\u00e4he"}]}]}},"_links":{"self":[{"href":"https:\/\/arbouserecordings.com\/de\/wp-json\/wp\/v2\/pages\/297"}],"collection":[{"href":"https:\/\/arbouserecordings.com\/de\/wp-json\/wp\/v2\/pages"}],"about":[{"href":"https:\/\/arbouserecordings.com\/de\/wp-json\/wp\/v2\/types\/page"}],"author":[{"embeddable":true,"href":"https:\/\/arbouserecordings.com\/de\/wp-json\/wp\/v2\/users\/1"}],"replies":[{"embeddable":true,"href":"https:\/\/arbouserecordings.com\/de\/wp-json\/wp\/v2\/comments?post=297"}],"version-history":[{"count":1,"href":"https:\/\/arbouserecordings.com\/de\/wp-json\/wp\/v2\/pages\/297\/revisions"}],"predecessor-version":[{"id":411,"href":"https:\/\/arbouserecordings.com\/de\/wp-json\/wp\/v2\/pages\/297\/revisions\/411"}],"wp:featuredmedia":[{"embeddable":true,"href":"https:\/\/arbouserecordings.com\/de\/wp-json\/wp\/v2\/media\/256"}],"wp:attachment":[{"href":"https:\/\/arbouserecordings.com\/de\/wp-json\/wp\/v2\/media?parent=297"}],"curies":[{"name":"wp","href":"https:\/\/api.w.org\/{rel}","templated":true}]}}