{"id":339,"date":"2022-08-28T10:49:05","date_gmt":"2022-08-28T09:49:05","guid":{"rendered":"http:\/\/arbouserecordings.com\/hvordan-finder-man-lokale-tilslutninger-i-naerheden-af-dig\/"},"modified":"2022-08-28T10:49:05","modified_gmt":"2022-08-28T09:49:05","slug":"hvordan-finder-man-lokale-tilslutninger-i-naerheden-af-dig","status":"publish","type":"page","link":"https:\/\/arbouserecordings.com\/da\/hvordan-finder-man-lokale-tilslutninger-i-naerheden-af-dig\/","title":{"rendered":"Hvordan finder man lokale tilslutninger i n\u00e6rheden af dig?"},"content":{"rendered":"<h1>Hvordan finder man lokale tilslutninger i n\u00e6rheden af dig?<\/h1>\n<p>Velkommen til den bedste gratis dating app p\u00e5 nettet. Vi ved, at online dating nogle gange kan f\u00f8les som en skr\u00e6mmende opgave, is\u00e6r hvis du leder efter k\u00e6rlighed alle de forkerte steder. S\u00e5 vi byggede vores side med det ene form\u00e5l at g\u00f8re online dating gratis, nemt og sjovt for alle. Vi h\u00e5ber du nyder det lige s\u00e5 meget som vi g\u00f8r. Hvis der er sp\u00f8rgsm\u00e5l, t\u00f8v ikke med at kontakte os. Vi er her for at hj\u00e6lpe!<\/p>\n<h2>M\u00f8d lokale kvinder til en tilslutning<\/h2>\n<p>NSA giver en ren gr\u00e6nseflade, der g\u00f8r det nemt at navigere og kommunikere med andre medlemmer. Ud over de standardfunktioner, som du kan forvente at finde p\u00e5 enhver anden online dating app, tilbyder webstedet et par ekstra frynsegoder, der f\u00e5r det til at skille sig ud fra m\u00e6ngden.<\/p>\n<p>N\u00e5r du har valgt en profil, der fanger dit \u00f8je, f\u00f8res du til en sk\u00e6rm, hvor du kan se medlemmets oplysninger, herunder deres k\u00f8n, alder, placering, interesser og vigtigst af alt, deres fotogalleri. Derfra kan du enten forts\u00e6tte med at gennemse profilerne, eller du kan starte kontakten ved at sende et blink til et andet medlem. Uanset hvad beh\u00f8ver du ikke vente l\u00e6nge, fordi meddelelser leveres n\u00e6sten \u00f8jeblikkeligt.<\/p>\n<p>Hvis du beslutter dig for at tage tingene videre, kan du oprette et privat <a href=\"http:\/\/arbouserecordings.com\/da\/find-nogen-speciel-med-tilslutningssider\/\">chatrum<\/a> , hvor du kan udveksle billeder, videoer og hvad du ellers gerne vil vise frem. Du kan endda tilf\u00f8je venner via Facebook, Twitter, Instagram, Kik og Viber. Men i mods\u00e6tning til mange voksne dating apps kr\u00e6ver NSa ikke, at du linker dine konti sammen. I stedet kan du blot forbinde dine sociale netv\u00e6rk separat.<\/p>\n<h2>Vores r\u00e5dgivning<\/h2>\n<p>Dette er en anmeldelse aggregator og sammenligning v\u00e6rkt\u00f8j til <a href=\"http:\/\/arbouserecordings.com\/da\/guide-til-at-finde-kaerlighed-med-singler-i-naerheden\/\">online dating sites<\/a> og mobile applikationer. Vi sammenligner de bedste datingsider og mobilapps baseret p\u00e5 data indsamlet fra internettet, sociale medier og upartiske tredjeparter.<\/p>\n<p>Vi analyserer over 20 forskellige kriterier, herunder pris, medlemsomkostninger, antal medlemmer, succeshistorier, kundesupport, sikkerhed, privatlivspolitik, refusionspolitik, tilg\u00e6ngelighed af mobilapp og meget mere.<\/p>\n<p>For at l\u00e6re mere om, hvordan vi v\u00e6lger de bedste datingsider og apps, kan du l\u00e6se vores metode her.<\/p>\n<h2>Skal du bruge sextingsider eller datingapps?<\/h2>\n<p>Online dating apps bliver stadig mere popul\u00e6re blandt singler rundt om i verden. Folk bruger dem til at finde k\u00e6rlighed, venskab, afslappet sex og endda langsigtede forhold. De bliver ogs\u00e5 brugt til sjove dates, venner med fordele og bare almindelig gammel flirt. Der er mange forskellige typer online dating apps, herunder dem, der er designet til specifikke form\u00e5l, s\u00e5som at finde en dato, m\u00f8de potentielle partnere eller bare l\u00e6re interessante mennesker at kende.<\/p>\n<p>Denne type apps bliver stadig mere popul\u00e6re, fordi de g\u00f8r det lettere at finde en date uden at skulle bruge timer p\u00e5 at trawle profiler p\u00e5 sociale medier. Der er nu hundredvis af forskellige datingsider og apps derude, der hver is\u00e6r tilbyder noget lidt anderledes. Her ser vi p\u00e5, hvad de tilbyder, hvor meget de koster, og hvor nemt det er at bruge dem.<\/p>\n<p>De er en fantastisk m\u00e5de at m\u00f8de en ny p\u00e5, is\u00e6r hvis du ikke vil g\u00e5 ud p\u00e5 en date med hvem som helst.<\/p>\n","protected":false},"excerpt":{"rendered":"<p>Hvordan finder man lokale tilslutninger i n\u00e6rheden af dig? Velkommen til den bedste gratis dating app p\u00e5 nettet. Vi ved, at online dating nogle gange kan f\u00f8les som en skr\u00e6mmende [&hellip;]<\/p>\n","protected":false},"author":1,"featured_media":268,"parent":0,"menu_order":0,"comment_status":"closed","ping_status":"closed","template":"","meta":[],"yoast_head":"<!-- This site is optimized with the Yoast SEO plugin v17.7.1 - https:\/\/yoast.com\/wordpress\/plugins\/seo\/ -->\n<title>Hvordan finder man lokale tilslutninger i n\u00e6rheden af dig? - Adult Recordings<\/title>\n<meta name=\"robots\" content=\"index, follow, max-snippet:-1, max-image-preview:large, max-video-preview:-1\" \/>\n<link rel=\"canonical\" href=\"https:\/\/arbouserecordings.com\/da\/hvordan-finder-man-lokale-tilslutninger-i-naerheden-af-dig\/\" \/>\n<meta property=\"og:locale\" content=\"da_DK\" \/>\n<meta property=\"og:type\" content=\"article\" \/>\n<meta property=\"og:title\" content=\"Hvordan finder man lokale tilslutninger i n\u00e6rheden af dig? - Adult Recordings\" \/>\n<meta property=\"og:description\" content=\"Hvordan finder man lokale tilslutninger i n\u00e6rheden af dig? Velkommen til den bedste gratis dating app p\u00e5 nettet. Vi ved, at online dating nogle gange kan f\u00f8les som en skr\u00e6mmende [&hellip;]\" \/>\n<meta property=\"og:url\" content=\"https:\/\/arbouserecordings.com\/da\/hvordan-finder-man-lokale-tilslutninger-i-naerheden-af-dig\/\" \/>\n<meta property=\"og:site_name\" content=\"Adult Recordings\" \/>\n<meta property=\"og:image\" content=\"https:\/\/arbouserecordings.com\/wp-content\/uploads\/2022\/08\/read-reviews.jpeg\" \/>\n\t<meta property=\"og:image:width\" content=\"2250\" \/>\n\t<meta property=\"og:image:height\" content=\"1500\" \/>\n<meta name=\"twitter:card\" content=\"summary_large_image\" \/>\n<meta name=\"twitter:label1\" content=\"Estimeret l\u00e6setid\" \/>\n\t<meta name=\"twitter:data1\" content=\"3 minutter\" \/>\n<script type=\"application\/ld+json\" class=\"yoast-schema-graph\">{\"@context\":\"https:\/\/schema.org\",\"@graph\":[{\"@type\":\"WebSite\",\"@id\":\"https:\/\/arbouserecordings.com\/nl\/#website\",\"url\":\"https:\/\/arbouserecordings.com\/nl\/\",\"name\":\"Adult Recordings\",\"description\":\"Online Hookup Reviews\",\"potentialAction\":[{\"@type\":\"SearchAction\",\"target\":{\"@type\":\"EntryPoint\",\"urlTemplate\":\"https:\/\/arbouserecordings.com\/nl\/?s={search_term_string}\"},\"query-input\":\"required name=search_term_string\"}],\"inLanguage\":\"da-DK\"},{\"@type\":\"ImageObject\",\"@id\":\"https:\/\/arbouserecordings.com\/da\/hvordan-finder-man-lokale-tilslutninger-i-naerheden-af-dig\/#primaryimage\",\"inLanguage\":\"da-DK\",\"url\":\"https:\/\/arbouserecordings.com\/wp-content\/uploads\/2022\/08\/read-reviews.jpeg\",\"contentUrl\":\"https:\/\/arbouserecordings.com\/wp-content\/uploads\/2022\/08\/read-reviews.jpeg\",\"width\":2250,\"height\":1500},{\"@type\":\"WebPage\",\"@id\":\"https:\/\/arbouserecordings.com\/da\/hvordan-finder-man-lokale-tilslutninger-i-naerheden-af-dig\/#webpage\",\"url\":\"https:\/\/arbouserecordings.com\/da\/hvordan-finder-man-lokale-tilslutninger-i-naerheden-af-dig\/\",\"name\":\"Hvordan finder man lokale tilslutninger i n\\u00e6rheden af dig? - Adult Recordings\",\"isPartOf\":{\"@id\":\"https:\/\/arbouserecordings.com\/nl\/#website\"},\"primaryImageOfPage\":{\"@id\":\"https:\/\/arbouserecordings.com\/da\/hvordan-finder-man-lokale-tilslutninger-i-naerheden-af-dig\/#primaryimage\"},\"datePublished\":\"2022-08-28T09:49:05+00:00\",\"dateModified\":\"2022-08-28T09:49:05+00:00\",\"breadcrumb\":{\"@id\":\"https:\/\/arbouserecordings.com\/da\/hvordan-finder-man-lokale-tilslutninger-i-naerheden-af-dig\/#breadcrumb\"},\"inLanguage\":\"da-DK\",\"potentialAction\":[{\"@type\":\"ReadAction\",\"target\":[\"https:\/\/arbouserecordings.com\/da\/hvordan-finder-man-lokale-tilslutninger-i-naerheden-af-dig\/\"]}]},{\"@type\":\"BreadcrumbList\",\"@id\":\"https:\/\/arbouserecordings.com\/da\/hvordan-finder-man-lokale-tilslutninger-i-naerheden-af-dig\/#breadcrumb\",\"itemListElement\":[{\"@type\":\"ListItem\",\"position\":1,\"name\":\"Home\",\"item\":\"https:\/\/arbouserecordings.com\/da\/\"},{\"@type\":\"ListItem\",\"position\":2,\"name\":\"Hvordan finder man lokale tilslutninger i n\\u00e6rheden af dig?\"}]}]}<\/script>\n<!-- \/ Yoast SEO plugin. -->","yoast_head_json":{"title":"Hvordan finder man lokale tilslutninger i n\u00e6rheden af dig? - Adult Recordings","robots":{"index":"index","follow":"follow","max-snippet":"max-snippet:-1","max-image-preview":"max-image-preview:large","max-video-preview":"max-video-preview:-1"},"canonical":"https:\/\/arbouserecordings.com\/da\/hvordan-finder-man-lokale-tilslutninger-i-naerheden-af-dig\/","og_locale":"da_DK","og_type":"article","og_title":"Hvordan finder man lokale tilslutninger i n\u00e6rheden af dig? - Adult Recordings","og_description":"Hvordan finder man lokale tilslutninger i n\u00e6rheden af dig? Velkommen til den bedste gratis dating app p\u00e5 nettet. Vi ved, at online dating nogle gange kan f\u00f8les som en skr\u00e6mmende [&hellip;]","og_url":"https:\/\/arbouserecordings.com\/da\/hvordan-finder-man-lokale-tilslutninger-i-naerheden-af-dig\/","og_site_name":"Adult Recordings","og_image":[{"width":2250,"height":1500,"url":"https:\/\/arbouserecordings.com\/wp-content\/uploads\/2022\/08\/read-reviews.jpeg","type":"image\/jpeg"}],"twitter_card":"summary_large_image","twitter_misc":{"Estimeret l\u00e6setid":"3 minutter"},"schema":{"@context":"https:\/\/schema.org","@graph":[{"@type":"WebSite","@id":"https:\/\/arbouserecordings.com\/nl\/#website","url":"https:\/\/arbouserecordings.com\/nl\/","name":"Adult Recordings","description":"Online Hookup Reviews","potentialAction":[{"@type":"SearchAction","target":{"@type":"EntryPoint","urlTemplate":"https:\/\/arbouserecordings.com\/nl\/?s={search_term_string}"},"query-input":"required name=search_term_string"}],"inLanguage":"da-DK"},{"@type":"ImageObject","@id":"https:\/\/arbouserecordings.com\/da\/hvordan-finder-man-lokale-tilslutninger-i-naerheden-af-dig\/#primaryimage","inLanguage":"da-DK","url":"https:\/\/arbouserecordings.com\/wp-content\/uploads\/2022\/08\/read-reviews.jpeg","contentUrl":"https:\/\/arbouserecordings.com\/wp-content\/uploads\/2022\/08\/read-reviews.jpeg","width":2250,"height":1500},{"@type":"WebPage","@id":"https:\/\/arbouserecordings.com\/da\/hvordan-finder-man-lokale-tilslutninger-i-naerheden-af-dig\/#webpage","url":"https:\/\/arbouserecordings.com\/da\/hvordan-finder-man-lokale-tilslutninger-i-naerheden-af-dig\/","name":"Hvordan finder man lokale tilslutninger i n\u00e6rheden af dig? - Adult Recordings","isPartOf":{"@id":"https:\/\/arbouserecordings.com\/nl\/#website"},"primaryImageOfPage":{"@id":"https:\/\/arbouserecordings.com\/da\/hvordan-finder-man-lokale-tilslutninger-i-naerheden-af-dig\/#primaryimage"},"datePublished":"2022-08-28T09:49:05+00:00","dateModified":"2022-08-28T09:49:05+00:00","breadcrumb":{"@id":"https:\/\/arbouserecordings.com\/da\/hvordan-finder-man-lokale-tilslutninger-i-naerheden-af-dig\/#breadcrumb"},"inLanguage":"da-DK","potentialAction":[{"@type":"ReadAction","target":["https:\/\/arbouserecordings.com\/da\/hvordan-finder-man-lokale-tilslutninger-i-naerheden-af-dig\/"]}]},{"@type":"BreadcrumbList","@id":"https:\/\/arbouserecordings.com\/da\/hvordan-finder-man-lokale-tilslutninger-i-naerheden-af-dig\/#breadcrumb","itemListElement":[{"@type":"ListItem","position":1,"name":"Home","item":"https:\/\/arbouserecordings.com\/da\/"},{"@type":"ListItem","position":2,"name":"Hvordan finder man lokale tilslutninger i n\u00e6rheden af dig?"}]}]}},"_links":{"self":[{"href":"https:\/\/arbouserecordings.com\/da\/wp-json\/wp\/v2\/pages\/339"}],"collection":[{"href":"https:\/\/arbouserecordings.com\/da\/wp-json\/wp\/v2\/pages"}],"about":[{"href":"https:\/\/arbouserecordings.com\/da\/wp-json\/wp\/v2\/types\/page"}],"author":[{"embeddable":true,"href":"https:\/\/arbouserecordings.com\/da\/wp-json\/wp\/v2\/users\/1"}],"replies":[{"embeddable":true,"href":"https:\/\/arbouserecordings.com\/da\/wp-json\/wp\/v2\/comments?post=339"}],"version-history":[{"count":0,"href":"https:\/\/arbouserecordings.com\/da\/wp-json\/wp\/v2\/pages\/339\/revisions"}],"wp:featuredmedia":[{"embeddable":true,"href":"https:\/\/arbouserecordings.com\/da\/wp-json\/wp\/v2\/media\/268"}],"wp:attachment":[{"href":"https:\/\/arbouserecordings.com\/da\/wp-json\/wp\/v2\/media?parent=339"}],"curies":[{"name":"wp","href":"https:\/\/api.w.org\/{rel}","templated":true}]}}