{"id":321,"date":"2022-08-28T10:58:17","date_gmt":"2022-08-28T09:58:17","guid":{"rendered":"http:\/\/arbouserecordings.com\/saadan-faar-du-succes-med-online-dating-faa-din-profil-rigtigt\/"},"modified":"2022-08-28T10:58:17","modified_gmt":"2022-08-28T09:58:17","slug":"saadan-faar-du-succes-med-online-dating-faa-din-profil-rigtigt","status":"publish","type":"page","link":"https:\/\/arbouserecordings.com\/da\/saadan-faar-du-succes-med-online-dating-faa-din-profil-rigtigt\/","title":{"rendered":"S\u00e5dan f\u00e5r du succes med online dating: F\u00e5 din profil rigtigt"},"content":{"rendered":"<h1>S\u00e5dan f\u00e5r du succes med online dating: F\u00e5 din profil rigtigt<\/h1>\n<p>De mest popul\u00e6re datingsider inkluderer eHarmony, Match, OkCupid, PlentyOfFish og Tinder. De varierer alle med hensyn til funktioner, omkostninger og privatlivspolitikker. De f\u00f8lger dog generelt lignende regler. For eksempel kr\u00e6ver mange websteder, at brugerne udfylder sp\u00f8rgeskemaer om sig selv, herunder sp\u00f8rgsm\u00e5l om alder, k\u00f8n, uddannelsesniveau, religion, politisk tilh\u00f8rsforhold, seksuel orientering osv. Brugere besvarer ogs\u00e5 sp\u00f8rgsm\u00e5l om deres ideelle partner. Disse sp\u00f8rgsm\u00e5l hj\u00e6lper webstedet med at afg\u00f8re, om det passer godt til begge parter.<\/p>\n<h2>S\u00e5dan laver du de ultimative datingprofiler<\/h2>\n<p>N\u00e5r du har tilmeldt dig, modtager du e-mailnotifikationer, n\u00e5r der er nye kampe i n\u00e6rheden. Du kan gennemse profiler og sende beskeder direkte fra appen. De fleste websteder giver dig mulighed for at konfigurere dit profilbillede, coverbillede, bio og placering. Der kan v\u00e6re forskellige krav afh\u00e6ngigt af webstedet. Nogle websteder kan bede dig om at uploade billeder. Andre kan bede dig om at tage en selfie. Og andre kan simpelthen bede dig om at indtaste dit bynavn. Hvis du beslutter dig for at bruge et af disse websteder, skal du s\u00f8rge for at l\u00e6se det med sm\u00e5t omhyggeligt.<\/p>\n<p>Nogle websteder opkr\u00e6ver gebyrer for at kontakte potentielle partnere. Dette gebyr kan variere alt fra $ 0 &#8211; $ 10 pr. M\u00e5ned. Andre websteder giver dig adgang til ubegr\u00e6nset messaging uden at betale noget. Atter andre har slet ingen m\u00e5nedlige gebyrer. Tjek webstedets FAQ-sektion for at se, om der er skjulte gebyrer.<\/p>\n<p>Du skal muligvis betale for at kommunikere med bestemte personer. <a href=\"http:\/\/arbouserecordings.com\/da\/guide-til-at-finde-kaerlighed-med-singler-i-naerheden\/\">Mange websteder tilbyder premium-konti<\/a> , der giver dig mulighed for at chatte med medlemmer, der har betalt for medlemskab. Normalt skal du betale et lille bel\u00f8b for at tale med hver person individuelt. Andre websteder kan give dig mulighed for at chatte med alle, men du kan ikke sende e-mails til nogen.<\/p>\n<p>Hvis du helst ikke vil bruge penge p\u00e5 et abonnement p\u00e5 en datingside, kan du stadig finde masser af muligheder for at komme i kontakt med singler via sociale medier. Facebook-grupper, Twitter-chats, Instagram-historier og YouTube-videoer er blot nogle f\u00e5 m\u00e5der at interagere med andre mennesker, der bor i n\u00e6rheden af dig.<\/p>\n<h2>S\u00e5dan bruger du online dating sites<\/h2>\n<p>F\u00f8r du tilmelder dig en online datingside, er det vigtigt at overveje, hvad du vil have ud af din oplevelse. Foretr\u00e6kker du afslappede datoer, eller vil du have noget seri\u00f8st? Hvis du er interesseret i at finde k\u00e6rligheden, er der masser af muligheder derude. Nogle er bedre egnet til engangsknald, mens andre henvender sig til dem, der s\u00f8ger langsigtede forhold. Der er endda nichesider, der fokuserer p\u00e5 specifik demografi som seniorer eller folk i landdistrikterne.<\/p>\n<p>Den f\u00f8rste ting, du sandsynligvis vil finde ud af, er, hvilken type forhold du h\u00e5ber at finde. Er det meningen, at det bare skal v\u00e6re en sjov flirt, eller leder du efter noget mere seri\u00f8st? Denne beslutning vil hj\u00e6lpe med at indsn\u00e6vre dine valg. T\u00e6nk derefter over, hvilke funktioner der er vigtige for dig. For eksempel, hvis du er interesseret i sport, kan du kigge efter et websted, der giver dig mulighed for at filtrere kampe baseret p\u00e5 dit yndlingshold eller sport. Eller m\u00e5ske vil du hellere date nogen, der ligner dig med hensyn til interesser.<\/p>\n<h2>Er de det v\u00e6rd?<\/h2>\n<p>Endelig skal du kigge p\u00e5 de forskellige typer datingsider derude. Nogle er specielt designet til <a href=\"http:\/\/arbouserecordings.com\/da\/hvordan-finder-man-lokale-tilslutninger-i-naerheden-af-dig\/\">kortsigtede anliggender<\/a>, mens andre er fokuseret p\u00e5 langsigtede relationer. V\u00e6r ogs\u00e5 opm\u00e6rksom p\u00e5, hvor mange medlemmer hvert websted har. Websteder med st\u00f8rre medlemstal har tendens til at tiltr\u00e6kke mere opm\u00e6rksomhed.<\/p>\n<p>Den gennemsnitlige pris for en datingapp eller et webstedsabonnement varierer fra omkring $ 15- $ 200 pr. M\u00e5ned, afh\u00e6ngigt af hvor mange funktioner der er inkluderet. Der er nogle gode gratis muligheder derude, herunder Tinder og Bumble, men hvis du vil have adgang til alt, er det normalt bedst at v\u00e6lge betalt medlemskab.<\/p>\n<p>Du tror m\u00e5ske, at det er en no-brainer at deltage i et datingside &#8211; n\u00e5r alt kommer til alt ved alle, at det er let at finde k\u00e6rlighed online. Men bare fordi noget lyder som en god id\u00e9, betyder det ikke, at det faktisk er det. F\u00f8r du tilmelder dig noget, skal du unders\u00f8ge og s\u00f8rge for, at webstedet tilbyder det, du leder efter. Du \u00f8nsker ikke at ende med at spilde penge p\u00e5 et abonnement, der ikke er det v\u00e6rd.<\/p>\n","protected":false},"excerpt":{"rendered":"<p>S\u00e5dan f\u00e5r du succes med online dating: F\u00e5 din profil rigtigt De mest popul\u00e6re datingsider inkluderer eHarmony, Match, OkCupid, PlentyOfFish og Tinder. De varierer alle med hensyn til funktioner, omkostninger [&hellip;]<\/p>\n","protected":false},"author":1,"featured_media":223,"parent":0,"menu_order":0,"comment_status":"closed","ping_status":"closed","template":"","meta":[],"yoast_head":"<!-- This site is optimized with the Yoast SEO plugin v17.7.1 - https:\/\/yoast.com\/wordpress\/plugins\/seo\/ -->\n<title>S\u00e5dan f\u00e5r du succes med online dating: F\u00e5 din profil rigtigt - Adult Recordings<\/title>\n<meta name=\"robots\" content=\"index, follow, max-snippet:-1, max-image-preview:large, max-video-preview:-1\" \/>\n<link rel=\"canonical\" href=\"https:\/\/arbouserecordings.com\/da\/saadan-faar-du-succes-med-online-dating-faa-din-profil-rigtigt\/\" \/>\n<meta property=\"og:locale\" content=\"da_DK\" \/>\n<meta property=\"og:type\" content=\"article\" \/>\n<meta property=\"og:title\" content=\"S\u00e5dan f\u00e5r du succes med online dating: F\u00e5 din profil rigtigt - Adult Recordings\" \/>\n<meta property=\"og:description\" content=\"S\u00e5dan f\u00e5r du succes med online dating: F\u00e5 din profil rigtigt De mest popul\u00e6re datingsider inkluderer eHarmony, Match, OkCupid, PlentyOfFish og Tinder. De varierer alle med hensyn til funktioner, omkostninger [&hellip;]\" \/>\n<meta property=\"og:url\" content=\"https:\/\/arbouserecordings.com\/da\/saadan-faar-du-succes-med-online-dating-faa-din-profil-rigtigt\/\" \/>\n<meta property=\"og:site_name\" content=\"Adult Recordings\" \/>\n<meta property=\"og:image\" content=\"https:\/\/arbouserecordings.com\/wp-content\/uploads\/2022\/08\/online-dating.jpeg\" \/>\n\t<meta property=\"og:image:width\" content=\"500\" \/>\n\t<meta property=\"og:image:height\" content=\"750\" \/>\n<meta name=\"twitter:card\" content=\"summary_large_image\" \/>\n<meta name=\"twitter:label1\" content=\"Estimeret l\u00e6setid\" \/>\n\t<meta name=\"twitter:data1\" content=\"4 minutter\" \/>\n<script type=\"application\/ld+json\" class=\"yoast-schema-graph\">{\"@context\":\"https:\/\/schema.org\",\"@graph\":[{\"@type\":\"WebSite\",\"@id\":\"https:\/\/arbouserecordings.com\/nl\/#website\",\"url\":\"https:\/\/arbouserecordings.com\/nl\/\",\"name\":\"Adult Recordings\",\"description\":\"Online Hookup Reviews\",\"potentialAction\":[{\"@type\":\"SearchAction\",\"target\":{\"@type\":\"EntryPoint\",\"urlTemplate\":\"https:\/\/arbouserecordings.com\/nl\/?s={search_term_string}\"},\"query-input\":\"required name=search_term_string\"}],\"inLanguage\":\"da-DK\"},{\"@type\":\"ImageObject\",\"@id\":\"https:\/\/arbouserecordings.com\/da\/saadan-faar-du-succes-med-online-dating-faa-din-profil-rigtigt\/#primaryimage\",\"inLanguage\":\"da-DK\",\"url\":\"https:\/\/arbouserecordings.com\/wp-content\/uploads\/2022\/08\/online-dating.jpeg\",\"contentUrl\":\"https:\/\/arbouserecordings.com\/wp-content\/uploads\/2022\/08\/online-dating.jpeg\",\"width\":500,\"height\":750},{\"@type\":\"WebPage\",\"@id\":\"https:\/\/arbouserecordings.com\/da\/saadan-faar-du-succes-med-online-dating-faa-din-profil-rigtigt\/#webpage\",\"url\":\"https:\/\/arbouserecordings.com\/da\/saadan-faar-du-succes-med-online-dating-faa-din-profil-rigtigt\/\",\"name\":\"S\\u00e5dan f\\u00e5r du succes med online dating: F\\u00e5 din profil rigtigt - Adult Recordings\",\"isPartOf\":{\"@id\":\"https:\/\/arbouserecordings.com\/nl\/#website\"},\"primaryImageOfPage\":{\"@id\":\"https:\/\/arbouserecordings.com\/da\/saadan-faar-du-succes-med-online-dating-faa-din-profil-rigtigt\/#primaryimage\"},\"datePublished\":\"2022-08-28T09:58:17+00:00\",\"dateModified\":\"2022-08-28T09:58:17+00:00\",\"breadcrumb\":{\"@id\":\"https:\/\/arbouserecordings.com\/da\/saadan-faar-du-succes-med-online-dating-faa-din-profil-rigtigt\/#breadcrumb\"},\"inLanguage\":\"da-DK\",\"potentialAction\":[{\"@type\":\"ReadAction\",\"target\":[\"https:\/\/arbouserecordings.com\/da\/saadan-faar-du-succes-med-online-dating-faa-din-profil-rigtigt\/\"]}]},{\"@type\":\"BreadcrumbList\",\"@id\":\"https:\/\/arbouserecordings.com\/da\/saadan-faar-du-succes-med-online-dating-faa-din-profil-rigtigt\/#breadcrumb\",\"itemListElement\":[{\"@type\":\"ListItem\",\"position\":1,\"name\":\"Home\",\"item\":\"https:\/\/arbouserecordings.com\/da\/\"},{\"@type\":\"ListItem\",\"position\":2,\"name\":\"S\\u00e5dan f\\u00e5r du succes med online dating: F\\u00e5 din profil rigtigt\"}]}]}<\/script>\n<!-- \/ Yoast SEO plugin. -->","yoast_head_json":{"title":"S\u00e5dan f\u00e5r du succes med online dating: F\u00e5 din profil rigtigt - Adult Recordings","robots":{"index":"index","follow":"follow","max-snippet":"max-snippet:-1","max-image-preview":"max-image-preview:large","max-video-preview":"max-video-preview:-1"},"canonical":"https:\/\/arbouserecordings.com\/da\/saadan-faar-du-succes-med-online-dating-faa-din-profil-rigtigt\/","og_locale":"da_DK","og_type":"article","og_title":"S\u00e5dan f\u00e5r du succes med online dating: F\u00e5 din profil rigtigt - Adult Recordings","og_description":"S\u00e5dan f\u00e5r du succes med online dating: F\u00e5 din profil rigtigt De mest popul\u00e6re datingsider inkluderer eHarmony, Match, OkCupid, PlentyOfFish og Tinder. De varierer alle med hensyn til funktioner, omkostninger [&hellip;]","og_url":"https:\/\/arbouserecordings.com\/da\/saadan-faar-du-succes-med-online-dating-faa-din-profil-rigtigt\/","og_site_name":"Adult Recordings","og_image":[{"width":500,"height":750,"url":"https:\/\/arbouserecordings.com\/wp-content\/uploads\/2022\/08\/online-dating.jpeg","type":"image\/jpeg"}],"twitter_card":"summary_large_image","twitter_misc":{"Estimeret l\u00e6setid":"4 minutter"},"schema":{"@context":"https:\/\/schema.org","@graph":[{"@type":"WebSite","@id":"https:\/\/arbouserecordings.com\/nl\/#website","url":"https:\/\/arbouserecordings.com\/nl\/","name":"Adult Recordings","description":"Online Hookup Reviews","potentialAction":[{"@type":"SearchAction","target":{"@type":"EntryPoint","urlTemplate":"https:\/\/arbouserecordings.com\/nl\/?s={search_term_string}"},"query-input":"required name=search_term_string"}],"inLanguage":"da-DK"},{"@type":"ImageObject","@id":"https:\/\/arbouserecordings.com\/da\/saadan-faar-du-succes-med-online-dating-faa-din-profil-rigtigt\/#primaryimage","inLanguage":"da-DK","url":"https:\/\/arbouserecordings.com\/wp-content\/uploads\/2022\/08\/online-dating.jpeg","contentUrl":"https:\/\/arbouserecordings.com\/wp-content\/uploads\/2022\/08\/online-dating.jpeg","width":500,"height":750},{"@type":"WebPage","@id":"https:\/\/arbouserecordings.com\/da\/saadan-faar-du-succes-med-online-dating-faa-din-profil-rigtigt\/#webpage","url":"https:\/\/arbouserecordings.com\/da\/saadan-faar-du-succes-med-online-dating-faa-din-profil-rigtigt\/","name":"S\u00e5dan f\u00e5r du succes med online dating: F\u00e5 din profil rigtigt - Adult Recordings","isPartOf":{"@id":"https:\/\/arbouserecordings.com\/nl\/#website"},"primaryImageOfPage":{"@id":"https:\/\/arbouserecordings.com\/da\/saadan-faar-du-succes-med-online-dating-faa-din-profil-rigtigt\/#primaryimage"},"datePublished":"2022-08-28T09:58:17+00:00","dateModified":"2022-08-28T09:58:17+00:00","breadcrumb":{"@id":"https:\/\/arbouserecordings.com\/da\/saadan-faar-du-succes-med-online-dating-faa-din-profil-rigtigt\/#breadcrumb"},"inLanguage":"da-DK","potentialAction":[{"@type":"ReadAction","target":["https:\/\/arbouserecordings.com\/da\/saadan-faar-du-succes-med-online-dating-faa-din-profil-rigtigt\/"]}]},{"@type":"BreadcrumbList","@id":"https:\/\/arbouserecordings.com\/da\/saadan-faar-du-succes-med-online-dating-faa-din-profil-rigtigt\/#breadcrumb","itemListElement":[{"@type":"ListItem","position":1,"name":"Home","item":"https:\/\/arbouserecordings.com\/da\/"},{"@type":"ListItem","position":2,"name":"S\u00e5dan f\u00e5r du succes med online dating: F\u00e5 din profil rigtigt"}]}]}},"_links":{"self":[{"href":"https:\/\/arbouserecordings.com\/da\/wp-json\/wp\/v2\/pages\/321"}],"collection":[{"href":"https:\/\/arbouserecordings.com\/da\/wp-json\/wp\/v2\/pages"}],"about":[{"href":"https:\/\/arbouserecordings.com\/da\/wp-json\/wp\/v2\/types\/page"}],"author":[{"embeddable":true,"href":"https:\/\/arbouserecordings.com\/da\/wp-json\/wp\/v2\/users\/1"}],"replies":[{"embeddable":true,"href":"https:\/\/arbouserecordings.com\/da\/wp-json\/wp\/v2\/comments?post=321"}],"version-history":[{"count":0,"href":"https:\/\/arbouserecordings.com\/da\/wp-json\/wp\/v2\/pages\/321\/revisions"}],"wp:featuredmedia":[{"embeddable":true,"href":"https:\/\/arbouserecordings.com\/da\/wp-json\/wp\/v2\/media\/223"}],"wp:attachment":[{"href":"https:\/\/arbouserecordings.com\/da\/wp-json\/wp\/v2\/media?parent=321"}],"curies":[{"name":"wp","href":"https:\/\/api.w.org\/{rel}","templated":true}]}}