{"id":306,"date":"2022-08-28T11:00:46","date_gmt":"2022-08-28T10:00:46","guid":{"rendered":"http:\/\/arbouserecordings.com\/find-nogen-speciel-med-tilslutningssider\/"},"modified":"2022-08-28T11:00:46","modified_gmt":"2022-08-28T10:00:46","slug":"find-nogen-speciel-med-tilslutningssider","status":"publish","type":"page","link":"https:\/\/arbouserecordings.com\/da\/find-nogen-speciel-med-tilslutningssider\/","title":{"rendered":"Find nogen speciel med tilslutningssider"},"content":{"rendered":"<h1>Find nogen speciel med tilslutningssider<\/h1>\n<p>Der er mange grunde til, at du gerne vil bruge en datingapp, uanset om det er fordi du \u00f8nsker at m\u00f8de nogen speciel, finde k\u00e6rlighed eller bare f\u00e5 nogle venner. Men det kan v\u00e6re sv\u00e6rt at finde den rigtige, is\u00e6r da der er s\u00e5 mange muligheder derude. S\u00e5 her er vores guide til at hj\u00e6lpe dig med at beslutte, hvilken datingapp der er bedst for dig.<\/p>\n<h2>Du vil m\u00f8de nogen speciel<\/h2>\n<p>Hvis du <a href=\"http:\/\/arbouserecordings.com\/da\/saadan-faar-du-succes-med-online-dating-faa-din-profil-rigtigt\/\">\u00f8nsker at date<\/a> en bestemt person, vil du sandsynligvis starte med at indsn\u00e6vre feltet. P\u00e5 denne m\u00e5de spilder du ikke for meget tid p\u00e5 at pr\u00f8ve at finde kampe med folk, der faktisk ikke er interesserede i at l\u00e6re dig bedre at kende. Hvis du leder efter et langvarigt forhold, vil du sandsynligvis overveje apps som Tinder, Bumble, Hinge, OkCupid, PlentyOfFish, Match, Zoosk, Coffee Meets Bagel, eHarmony, ChristianMingle og Match.com. Men hvis du bare vil oprette nogle afslappede forbindelser, kan du pr\u00f8ve apps som Happn, Grinder, Badoo, Grindr, Hornet og Tango.<\/p>\n<h3>Du vil bare have noget sjovt<\/h3>\n<p>Nogle dating apps er rettet mod at f\u00e5 venner, mens andre er specielt designet til at tilslutte sig. Apps som Tinder, Bumble og Whisper er gode til dem, der \u00f8nsker at f\u00e5 venner, mens apps som Scruff, Growlr og Blendr er mere fokuserede p\u00e5 at forbinde seksuelt. Hvis du \u00f8nsker at oprette forbindelse socialt, kan du tjekke apps som Facebook, Instagram, Snapchat, Twitter, LinkedIn, Viber, Kik, Whatsapp, WeChat, Line, Telegram, Skype, Yahoo Messenger, Pinterest, Tumblr, Reddit og Tumblr.<\/p>\n<h3>Du ved ikke, hvilken slags person du leder efter<\/h3>\n<p>Uanset hvor god din profil er, betyder det ikke, at du automatisk tiltr\u00e6kker den type person, du s\u00f8ger. Faktisk er de fleste mennesker ikke engang klar over, at de er tiltrukket af bestemte typer mennesker. S\u00e5 det er vigtigt at tage sig tid til virkelig at t\u00e6nke over, hvem du er, og hvad du leder efter i en partner. N\u00e5r du f\u00f8rst har fundet ud af det, kan du indsn\u00e6vre tingene yderligere.<\/p>\n<h2>Bedste app til et seri\u00f8st forhold: OkCupid<\/h2>\n<p>OkCupid er en af de mest popul\u00e6re gratis datingsider derude. Det har eksisteret siden 2007, og det har omkring 30 millioner aktive medlemmer over hele verden. Mens mange mennesker er skeptiske over for <a href=\"http:\/\/arbouserecordings.com\/da\/hvordan-finder-man-lokale-tilslutninger-i-naerheden-af-dig\/\">online dating<\/a>, er OkCupid faktisk ret vellykket. De har tusindvis af daglige samtaler, der sker p\u00e5 deres websted, og de siger, at deres succes koger ned til en ting: en masse k\u00e6rlighedsbreve.<\/p>\n<p>Appen stiller et sted med sp\u00f8rgsm\u00e5l fra simple ting til, hvor mange dates du typisk venter, f\u00f8r du g\u00e5r i seng med nogen. Jo dybere du g\u00e5r, jo mere pr\u00e6cise bliver dine profiler, if\u00f8lge OkCupid. Dette giver webstedet mulighed for at finde kampe baseret p\u00e5, hvad du \u00f8nsker, snarere end kun din placering.<\/p>\n<p>Mens OkCupid har en meget st\u00e6rk brugerbase p\u00e5 30 millioner aktive medlemmer over hele verden, vil kvaliteten af kampene variere afh\u00e6ngigt af hvor du bor. Hvis du ikke er i en st\u00f8rre by, vil du sandsynligvis se f\u00e6rre muligheder.<\/p>\n","protected":false},"excerpt":{"rendered":"<p>Find nogen speciel med tilslutningssider Der er mange grunde til, at du gerne vil bruge en datingapp, uanset om det er fordi du \u00f8nsker at m\u00f8de nogen speciel, finde k\u00e6rlighed [&hellip;]<\/p>\n","protected":false},"author":1,"featured_media":238,"parent":0,"menu_order":0,"comment_status":"closed","ping_status":"closed","template":"","meta":[],"yoast_head":"<!-- This site is optimized with the Yoast SEO plugin v17.7.1 - https:\/\/yoast.com\/wordpress\/plugins\/seo\/ -->\n<title>Find nogen speciel med tilslutningssider - Adult Recordings<\/title>\n<meta name=\"robots\" content=\"index, follow, max-snippet:-1, max-image-preview:large, max-video-preview:-1\" \/>\n<link rel=\"canonical\" href=\"https:\/\/arbouserecordings.com\/da\/find-nogen-speciel-med-tilslutningssider\/\" \/>\n<meta property=\"og:locale\" content=\"da_DK\" \/>\n<meta property=\"og:type\" content=\"article\" \/>\n<meta property=\"og:title\" content=\"Find nogen speciel med tilslutningssider - Adult Recordings\" \/>\n<meta property=\"og:description\" content=\"Find nogen speciel med tilslutningssider Der er mange grunde til, at du gerne vil bruge en datingapp, uanset om det er fordi du \u00f8nsker at m\u00f8de nogen speciel, finde k\u00e6rlighed [&hellip;]\" \/>\n<meta property=\"og:url\" content=\"https:\/\/arbouserecordings.com\/da\/find-nogen-speciel-med-tilslutningssider\/\" \/>\n<meta property=\"og:site_name\" content=\"Adult Recordings\" \/>\n<meta property=\"og:image\" content=\"https:\/\/arbouserecordings.com\/wp-content\/uploads\/2022\/08\/free-adult-hookup-apps.jpeg\" \/>\n\t<meta property=\"og:image:width\" content=\"1125\" \/>\n\t<meta property=\"og:image:height\" content=\"750\" \/>\n<meta name=\"twitter:card\" content=\"summary_large_image\" \/>\n<meta name=\"twitter:label1\" content=\"Estimeret l\u00e6setid\" \/>\n\t<meta name=\"twitter:data1\" content=\"3 minutter\" \/>\n<script type=\"application\/ld+json\" class=\"yoast-schema-graph\">{\"@context\":\"https:\/\/schema.org\",\"@graph\":[{\"@type\":\"WebSite\",\"@id\":\"https:\/\/arbouserecordings.com\/nl\/#website\",\"url\":\"https:\/\/arbouserecordings.com\/nl\/\",\"name\":\"Adult Recordings\",\"description\":\"Online Hookup Reviews\",\"potentialAction\":[{\"@type\":\"SearchAction\",\"target\":{\"@type\":\"EntryPoint\",\"urlTemplate\":\"https:\/\/arbouserecordings.com\/nl\/?s={search_term_string}\"},\"query-input\":\"required name=search_term_string\"}],\"inLanguage\":\"da-DK\"},{\"@type\":\"ImageObject\",\"@id\":\"https:\/\/arbouserecordings.com\/da\/find-nogen-speciel-med-tilslutningssider\/#primaryimage\",\"inLanguage\":\"da-DK\",\"url\":\"https:\/\/arbouserecordings.com\/wp-content\/uploads\/2022\/08\/free-adult-hookup-apps.jpeg\",\"contentUrl\":\"https:\/\/arbouserecordings.com\/wp-content\/uploads\/2022\/08\/free-adult-hookup-apps.jpeg\",\"width\":1125,\"height\":750},{\"@type\":\"WebPage\",\"@id\":\"https:\/\/arbouserecordings.com\/da\/find-nogen-speciel-med-tilslutningssider\/#webpage\",\"url\":\"https:\/\/arbouserecordings.com\/da\/find-nogen-speciel-med-tilslutningssider\/\",\"name\":\"Find nogen speciel med tilslutningssider - Adult Recordings\",\"isPartOf\":{\"@id\":\"https:\/\/arbouserecordings.com\/nl\/#website\"},\"primaryImageOfPage\":{\"@id\":\"https:\/\/arbouserecordings.com\/da\/find-nogen-speciel-med-tilslutningssider\/#primaryimage\"},\"datePublished\":\"2022-08-28T10:00:46+00:00\",\"dateModified\":\"2022-08-28T10:00:46+00:00\",\"breadcrumb\":{\"@id\":\"https:\/\/arbouserecordings.com\/da\/find-nogen-speciel-med-tilslutningssider\/#breadcrumb\"},\"inLanguage\":\"da-DK\",\"potentialAction\":[{\"@type\":\"ReadAction\",\"target\":[\"https:\/\/arbouserecordings.com\/da\/find-nogen-speciel-med-tilslutningssider\/\"]}]},{\"@type\":\"BreadcrumbList\",\"@id\":\"https:\/\/arbouserecordings.com\/da\/find-nogen-speciel-med-tilslutningssider\/#breadcrumb\",\"itemListElement\":[{\"@type\":\"ListItem\",\"position\":1,\"name\":\"Home\",\"item\":\"https:\/\/arbouserecordings.com\/da\/\"},{\"@type\":\"ListItem\",\"position\":2,\"name\":\"Find nogen speciel med tilslutningssider\"}]}]}<\/script>\n<!-- \/ Yoast SEO plugin. -->","yoast_head_json":{"title":"Find nogen speciel med tilslutningssider - Adult Recordings","robots":{"index":"index","follow":"follow","max-snippet":"max-snippet:-1","max-image-preview":"max-image-preview:large","max-video-preview":"max-video-preview:-1"},"canonical":"https:\/\/arbouserecordings.com\/da\/find-nogen-speciel-med-tilslutningssider\/","og_locale":"da_DK","og_type":"article","og_title":"Find nogen speciel med tilslutningssider - Adult Recordings","og_description":"Find nogen speciel med tilslutningssider Der er mange grunde til, at du gerne vil bruge en datingapp, uanset om det er fordi du \u00f8nsker at m\u00f8de nogen speciel, finde k\u00e6rlighed [&hellip;]","og_url":"https:\/\/arbouserecordings.com\/da\/find-nogen-speciel-med-tilslutningssider\/","og_site_name":"Adult Recordings","og_image":[{"width":1125,"height":750,"url":"https:\/\/arbouserecordings.com\/wp-content\/uploads\/2022\/08\/free-adult-hookup-apps.jpeg","type":"image\/jpeg"}],"twitter_card":"summary_large_image","twitter_misc":{"Estimeret l\u00e6setid":"3 minutter"},"schema":{"@context":"https:\/\/schema.org","@graph":[{"@type":"WebSite","@id":"https:\/\/arbouserecordings.com\/nl\/#website","url":"https:\/\/arbouserecordings.com\/nl\/","name":"Adult Recordings","description":"Online Hookup Reviews","potentialAction":[{"@type":"SearchAction","target":{"@type":"EntryPoint","urlTemplate":"https:\/\/arbouserecordings.com\/nl\/?s={search_term_string}"},"query-input":"required name=search_term_string"}],"inLanguage":"da-DK"},{"@type":"ImageObject","@id":"https:\/\/arbouserecordings.com\/da\/find-nogen-speciel-med-tilslutningssider\/#primaryimage","inLanguage":"da-DK","url":"https:\/\/arbouserecordings.com\/wp-content\/uploads\/2022\/08\/free-adult-hookup-apps.jpeg","contentUrl":"https:\/\/arbouserecordings.com\/wp-content\/uploads\/2022\/08\/free-adult-hookup-apps.jpeg","width":1125,"height":750},{"@type":"WebPage","@id":"https:\/\/arbouserecordings.com\/da\/find-nogen-speciel-med-tilslutningssider\/#webpage","url":"https:\/\/arbouserecordings.com\/da\/find-nogen-speciel-med-tilslutningssider\/","name":"Find nogen speciel med tilslutningssider - Adult Recordings","isPartOf":{"@id":"https:\/\/arbouserecordings.com\/nl\/#website"},"primaryImageOfPage":{"@id":"https:\/\/arbouserecordings.com\/da\/find-nogen-speciel-med-tilslutningssider\/#primaryimage"},"datePublished":"2022-08-28T10:00:46+00:00","dateModified":"2022-08-28T10:00:46+00:00","breadcrumb":{"@id":"https:\/\/arbouserecordings.com\/da\/find-nogen-speciel-med-tilslutningssider\/#breadcrumb"},"inLanguage":"da-DK","potentialAction":[{"@type":"ReadAction","target":["https:\/\/arbouserecordings.com\/da\/find-nogen-speciel-med-tilslutningssider\/"]}]},{"@type":"BreadcrumbList","@id":"https:\/\/arbouserecordings.com\/da\/find-nogen-speciel-med-tilslutningssider\/#breadcrumb","itemListElement":[{"@type":"ListItem","position":1,"name":"Home","item":"https:\/\/arbouserecordings.com\/da\/"},{"@type":"ListItem","position":2,"name":"Find nogen speciel med tilslutningssider"}]}]}},"_links":{"self":[{"href":"https:\/\/arbouserecordings.com\/da\/wp-json\/wp\/v2\/pages\/306"}],"collection":[{"href":"https:\/\/arbouserecordings.com\/da\/wp-json\/wp\/v2\/pages"}],"about":[{"href":"https:\/\/arbouserecordings.com\/da\/wp-json\/wp\/v2\/types\/page"}],"author":[{"embeddable":true,"href":"https:\/\/arbouserecordings.com\/da\/wp-json\/wp\/v2\/users\/1"}],"replies":[{"embeddable":true,"href":"https:\/\/arbouserecordings.com\/da\/wp-json\/wp\/v2\/comments?post=306"}],"version-history":[{"count":0,"href":"https:\/\/arbouserecordings.com\/da\/wp-json\/wp\/v2\/pages\/306\/revisions"}],"wp:featuredmedia":[{"embeddable":true,"href":"https:\/\/arbouserecordings.com\/da\/wp-json\/wp\/v2\/media\/238"}],"wp:attachment":[{"href":"https:\/\/arbouserecordings.com\/da\/wp-json\/wp\/v2\/media?parent=306"}],"curies":[{"name":"wp","href":"https:\/\/api.w.org\/{rel}","templated":true}]}}