{"id":301,"date":"2022-08-28T11:16:24","date_gmt":"2022-08-28T10:16:24","guid":{"rendered":"http:\/\/arbouserecordings.com\/guide-til-at-finde-kaerlighed-med-singler-i-naerheden\/"},"modified":"2022-08-28T11:16:24","modified_gmt":"2022-08-28T10:16:24","slug":"guide-til-at-finde-kaerlighed-med-singler-i-naerheden","status":"publish","type":"page","link":"https:\/\/arbouserecordings.com\/da\/guide-til-at-finde-kaerlighed-med-singler-i-naerheden\/","title":{"rendered":"Guide til at finde k\u00e6rlighed med singler i n\u00e6rheden"},"content":{"rendered":"<h1>Guide til at finde k\u00e6rlighed med singler i n\u00e6rheden<\/h1>\n<p>Der er masser af online dating hjemmesider i dag, og de fleste af dem koster penge. Hvis du vil pr\u00f8ve det uden at betale noget, s\u00e5 skal du finde en helt gratis datingside. Der er nogle helt gratis datingwebsteder derude, men de er ikke s\u00e6rlig popul\u00e6re. Denne artikel viser otte af dem, inklusive de bedste.<\/p>\n<p>Disse websteder tilbyder flere medlemsniveauer <a href=\"http:\/\/arbouserecordings.com\/da\/saadan-faar-du-succes-med-online-dating-faa-din-profil-rigtigt\/\">afh\u00e6ngigt af<\/a> hvor meget du vil betale pr. M\u00e5ned. Du kan v\u00e6lge enten et m\u00e5nedligt abonnement eller en \u00e5rlig plan. Der er ingen skjulte gebyrer p\u00e5 de fleste apps; alt er tydeligt lagt ud p\u00e5 forh\u00e5nd. Som medlem kan du l\u00e6se anmeldelser skrevet af tidligere medlemmer, se billeder af potentielle kampe og endda chatte live med andre mennesker. Hvis du beslutter dig for at tilmelde dig et betalt medlemskab, kan du g\u00e5 videre og offentligg\u00f8re din profil. P\u00e5 denne m\u00e5de kan alle se dit fotogalleri og personlige oplysninger. Du kan ogs\u00e5 indstille visse pr\u00e6ferencer s\u00e5som placering, aldersgruppe, k\u00f8n og etnicitet. Der er dog ingen mulighed for at v\u00e6lge, om du vil vise din interesse for nogen baseret p\u00e5 deres udseende eller personlighedstr\u00e6k.<\/p>\n<h1>Skal du begynde at date online &#8211; hvilke apps skal du pr\u00f8ve?<\/h1>\n<p>Gratis datingsider og apps bliver stadig mere popul\u00e6re, fordi de ikke kr\u00e6ver et kreditkortnummer og normalt tilbyder mange frynsegoder uden at opkr\u00e6ve m\u00e5nedlige gebyrer. Nogle lader dig endda finde k\u00e6rlighed uden at betale noget p\u00e5 forh\u00e5nd. Men der er nogle ulemper ved at tilmelde sig et gratis websted eller en app &#8211; som at have f\u00e6rre kampe og v\u00e6re mindre tilb\u00f8jelige til at oprette forbindelse til nogen, der deler dine interesser.<\/p>\n<h2>K\u00f8benhavn.<\/h2>\n<p>Coffee Meets Bagel er en dating app, hvor medlemmer kan gennemse potentielle dates profiler og beskeder inden for f\u00e5 sekunder. Brugere kan se, hvor mange likes hver profil har modtaget, og om der er nogen nylige meddelelser. De kan ogs\u00e5 sende en besked for at begynde at chatte med en person. Appen giver ogs\u00e5 brugerne mulighed for at oprette en kaffedato eller m\u00f8des med et andet medlem.<\/p>\n<p>Appen giver dig mulighed for at stryge til h\u00f8jre, hvis du vil oprette forbindelse til en anden, eller venstre, hvis du ikke g\u00f8r det. Hvis begge parter er interesserede, chatter de.<\/p>\n<p>For heteroseksuelle par sender kvinden sin profil f\u00f8rst. Med par af samme k\u00f8n kan den, der indleder kontakt, g\u00f8re det.<\/p>\n<p>Du kan s\u00f8ge profiler, oprette forbindelser og sende beskeder.<\/p>\n<h2>Fyrsvamp<\/h2>\n<p>Tinder er en placeringsbaseret mobilapp, der giver brugerne mulighed for at chatte med andre i n\u00e6rheden og oprette forbindelser via tekst eller emojis. Folk bruger appen til at oprette forbindelse til alle i n\u00e6rheden, uanset alder eller k\u00f8n. Brugere kan tilf\u00f8je yderligere oplysninger om sig selv som interesser, uddannelse, karriere og hobbyer. De kan ogs\u00e5 uploade et billede og v\u00e6lge en placering for at vise deres aktuelle placering. N\u00e5r de er matchet, kan brugerne begynde at sende beskeder.<\/p>\n<h2>OkCupid<\/h2>\n<p>OkCupid er en <a href=\"http:\/\/arbouserecordings.com\/da\/find-nogen-speciel-med-tilslutningssider\/\">gratis dating app<\/a> , der tilbyder kompatibilitetsmatchning baseret p\u00e5 faktorer som personlighedstr\u00e6k, v\u00e6rdier, livsstil og f\u00e6lles aktiviteter. Ok Cupid bruger et sp\u00f8rgeskema til at hj\u00e6lpe brugerne med at opdage f\u00e6llestr\u00e6k og forskelle mellem potentielle partnere. N\u00e5r to brugere matcher, kan de se hinandens profiler og kommunikere privat. Med denne gratis service kan du oprette en datingprofil, der ikke er synlig for andre end dig. Du kan v\u00e6lge at g\u00f8re din profil offentlig eller holde den skjult. Du kan endda tilf\u00f8je et coverbillede.<\/p>\n<h2>H\u00e6ngsel<\/h2>\n<p>Hinge er en mobilapplikation, der forbinder mennesker baseret p\u00e5 f\u00e6lles venner. Hinge bruger Facebook-data til at bestemme kompatibilitet. Efter tilmelding kan brugerne gennemse profiler og sende beskeder til andre brugere. Hvis to brugere beslutter at blive et match, kan de udveksle telefonnumre og arrangere et ansigt til ansigt m\u00f8de.<\/p>\n<p>Brugere kan ogs\u00e5 tilf\u00f8je billeder, videoer og placeringsdata for at hj\u00e6lpe andre med at oprette forbindelser. Og selvom appen ikke kr\u00e6ver, at brugerne udfylder omfattende profiler, stiller den sp\u00f8rgsm\u00e5l om ting som religion, politik og uddannelse. Alt dette kan virke ret grundl\u00e6ggende, men Hinge siger, at det er anderledes, fordi det er designet til at lade folk fokusere p\u00e5 at finde k\u00e6rlighed inden for disse omr\u00e5der.<\/p>\n<h2>POF<\/h2>\n<p>Masser af fisk er et gratis online datingwebsted, der henvender sig til dem, der s\u00f8ger langsigtede forhold. Masser af fisk inkluderer funktioner som live chat, videochat og e-mail. Brugere kan ogs\u00e5 se andre brugeres offentlige indl\u00e6g og l\u00e6se meddelelser sendt af andre brugere. Der er over 40 millioner registrerede brugere over hele verden.<\/p>\n<p>PlentyOfFish er en anden oldie men goodie. Det blev grundlagt i 2003, og nu h\u00e6vder det at have 2 millioner m\u00e5nedlige bes\u00f8gende. Deres motto er &#8220;Gratis at gennemse&#8221;, og de tilbyder masser af funktioner s\u00e5som chatrum, videochats osv.<\/p>\n<h2>Zoosk<\/h2>\n<p>Zoosk er en popul\u00e6r datingapp, der fokuserer p\u00e5 at hj\u00e6lpe brugerne med at finde \u00e6gte k\u00e6rlighed. Zoosk er helt gratis at downloade og tilmelde sig. Brugere kan oprette en profil, uploade flere billeder og inkludere grundl\u00e6ggende oplysninger om sig selv. De kan ogs\u00e5 besvare sp\u00f8rgsm\u00e5l fra andre brugere for at hj\u00e6lpe med at indsn\u00e6vre kompatible kampe. Zoosk er en relativt ny spiller i online dating spil, men det har allerede form\u00e5et at blive en af de st\u00f8rste spillere. Det blev grundlagt i 2007, og i dag h\u00e6vder det at have over 20 millioner registrerede brugere.<\/p>\n","protected":false},"excerpt":{"rendered":"<p>Guide til at finde k\u00e6rlighed med singler i n\u00e6rheden Der er masser af online dating hjemmesider i dag, og de fleste af dem koster penge. Hvis du vil pr\u00f8ve det [&hellip;]<\/p>\n","protected":false},"author":1,"featured_media":253,"parent":0,"menu_order":0,"comment_status":"closed","ping_status":"closed","template":"","meta":[],"yoast_head":"<!-- This site is optimized with the Yoast SEO plugin v17.7.1 - https:\/\/yoast.com\/wordpress\/plugins\/seo\/ -->\n<title>Guide til at finde k\u00e6rlighed med singler i n\u00e6rheden - Adult Recordings<\/title>\n<meta name=\"robots\" content=\"index, follow, max-snippet:-1, max-image-preview:large, max-video-preview:-1\" \/>\n<link rel=\"canonical\" href=\"https:\/\/arbouserecordings.com\/da\/guide-til-at-finde-kaerlighed-med-singler-i-naerheden\/\" \/>\n<meta property=\"og:locale\" content=\"da_DK\" \/>\n<meta property=\"og:type\" content=\"article\" \/>\n<meta property=\"og:title\" content=\"Guide til at finde k\u00e6rlighed med singler i n\u00e6rheden - Adult Recordings\" \/>\n<meta property=\"og:description\" content=\"Guide til at finde k\u00e6rlighed med singler i n\u00e6rheden Der er masser af online dating hjemmesider i dag, og de fleste af dem koster penge. Hvis du vil pr\u00f8ve det [&hellip;]\" \/>\n<meta property=\"og:url\" content=\"https:\/\/arbouserecordings.com\/da\/guide-til-at-finde-kaerlighed-med-singler-i-naerheden\/\" \/>\n<meta property=\"og:site_name\" content=\"Adult Recordings\" \/>\n<meta property=\"og:image\" content=\"https:\/\/arbouserecordings.com\/wp-content\/uploads\/2022\/08\/free-sexting.jpeg\" \/>\n\t<meta property=\"og:image:width\" content=\"1125\" \/>\n\t<meta property=\"og:image:height\" content=\"750\" \/>\n<meta name=\"twitter:card\" content=\"summary_large_image\" \/>\n<meta name=\"twitter:label1\" content=\"Estimeret l\u00e6setid\" \/>\n\t<meta name=\"twitter:data1\" content=\"5 minutter\" \/>\n<script type=\"application\/ld+json\" class=\"yoast-schema-graph\">{\"@context\":\"https:\/\/schema.org\",\"@graph\":[{\"@type\":\"WebSite\",\"@id\":\"https:\/\/arbouserecordings.com\/nl\/#website\",\"url\":\"https:\/\/arbouserecordings.com\/nl\/\",\"name\":\"Adult Recordings\",\"description\":\"Online Hookup Reviews\",\"potentialAction\":[{\"@type\":\"SearchAction\",\"target\":{\"@type\":\"EntryPoint\",\"urlTemplate\":\"https:\/\/arbouserecordings.com\/nl\/?s={search_term_string}\"},\"query-input\":\"required name=search_term_string\"}],\"inLanguage\":\"da-DK\"},{\"@type\":\"ImageObject\",\"@id\":\"https:\/\/arbouserecordings.com\/da\/guide-til-at-finde-kaerlighed-med-singler-i-naerheden\/#primaryimage\",\"inLanguage\":\"da-DK\",\"url\":\"https:\/\/arbouserecordings.com\/wp-content\/uploads\/2022\/08\/free-sexting.jpeg\",\"contentUrl\":\"https:\/\/arbouserecordings.com\/wp-content\/uploads\/2022\/08\/free-sexting.jpeg\",\"width\":1125,\"height\":750},{\"@type\":\"WebPage\",\"@id\":\"https:\/\/arbouserecordings.com\/da\/guide-til-at-finde-kaerlighed-med-singler-i-naerheden\/#webpage\",\"url\":\"https:\/\/arbouserecordings.com\/da\/guide-til-at-finde-kaerlighed-med-singler-i-naerheden\/\",\"name\":\"Guide til at finde k\\u00e6rlighed med singler i n\\u00e6rheden - Adult Recordings\",\"isPartOf\":{\"@id\":\"https:\/\/arbouserecordings.com\/nl\/#website\"},\"primaryImageOfPage\":{\"@id\":\"https:\/\/arbouserecordings.com\/da\/guide-til-at-finde-kaerlighed-med-singler-i-naerheden\/#primaryimage\"},\"datePublished\":\"2022-08-28T10:16:24+00:00\",\"dateModified\":\"2022-08-28T10:16:24+00:00\",\"breadcrumb\":{\"@id\":\"https:\/\/arbouserecordings.com\/da\/guide-til-at-finde-kaerlighed-med-singler-i-naerheden\/#breadcrumb\"},\"inLanguage\":\"da-DK\",\"potentialAction\":[{\"@type\":\"ReadAction\",\"target\":[\"https:\/\/arbouserecordings.com\/da\/guide-til-at-finde-kaerlighed-med-singler-i-naerheden\/\"]}]},{\"@type\":\"BreadcrumbList\",\"@id\":\"https:\/\/arbouserecordings.com\/da\/guide-til-at-finde-kaerlighed-med-singler-i-naerheden\/#breadcrumb\",\"itemListElement\":[{\"@type\":\"ListItem\",\"position\":1,\"name\":\"Home\",\"item\":\"https:\/\/arbouserecordings.com\/da\/\"},{\"@type\":\"ListItem\",\"position\":2,\"name\":\"Guide til at finde k\\u00e6rlighed med singler i n\\u00e6rheden\"}]}]}<\/script>\n<!-- \/ Yoast SEO plugin. -->","yoast_head_json":{"title":"Guide til at finde k\u00e6rlighed med singler i n\u00e6rheden - Adult Recordings","robots":{"index":"index","follow":"follow","max-snippet":"max-snippet:-1","max-image-preview":"max-image-preview:large","max-video-preview":"max-video-preview:-1"},"canonical":"https:\/\/arbouserecordings.com\/da\/guide-til-at-finde-kaerlighed-med-singler-i-naerheden\/","og_locale":"da_DK","og_type":"article","og_title":"Guide til at finde k\u00e6rlighed med singler i n\u00e6rheden - Adult Recordings","og_description":"Guide til at finde k\u00e6rlighed med singler i n\u00e6rheden Der er masser af online dating hjemmesider i dag, og de fleste af dem koster penge. Hvis du vil pr\u00f8ve det [&hellip;]","og_url":"https:\/\/arbouserecordings.com\/da\/guide-til-at-finde-kaerlighed-med-singler-i-naerheden\/","og_site_name":"Adult Recordings","og_image":[{"width":1125,"height":750,"url":"https:\/\/arbouserecordings.com\/wp-content\/uploads\/2022\/08\/free-sexting.jpeg","type":"image\/jpeg"}],"twitter_card":"summary_large_image","twitter_misc":{"Estimeret l\u00e6setid":"5 minutter"},"schema":{"@context":"https:\/\/schema.org","@graph":[{"@type":"WebSite","@id":"https:\/\/arbouserecordings.com\/nl\/#website","url":"https:\/\/arbouserecordings.com\/nl\/","name":"Adult Recordings","description":"Online Hookup Reviews","potentialAction":[{"@type":"SearchAction","target":{"@type":"EntryPoint","urlTemplate":"https:\/\/arbouserecordings.com\/nl\/?s={search_term_string}"},"query-input":"required name=search_term_string"}],"inLanguage":"da-DK"},{"@type":"ImageObject","@id":"https:\/\/arbouserecordings.com\/da\/guide-til-at-finde-kaerlighed-med-singler-i-naerheden\/#primaryimage","inLanguage":"da-DK","url":"https:\/\/arbouserecordings.com\/wp-content\/uploads\/2022\/08\/free-sexting.jpeg","contentUrl":"https:\/\/arbouserecordings.com\/wp-content\/uploads\/2022\/08\/free-sexting.jpeg","width":1125,"height":750},{"@type":"WebPage","@id":"https:\/\/arbouserecordings.com\/da\/guide-til-at-finde-kaerlighed-med-singler-i-naerheden\/#webpage","url":"https:\/\/arbouserecordings.com\/da\/guide-til-at-finde-kaerlighed-med-singler-i-naerheden\/","name":"Guide til at finde k\u00e6rlighed med singler i n\u00e6rheden - Adult Recordings","isPartOf":{"@id":"https:\/\/arbouserecordings.com\/nl\/#website"},"primaryImageOfPage":{"@id":"https:\/\/arbouserecordings.com\/da\/guide-til-at-finde-kaerlighed-med-singler-i-naerheden\/#primaryimage"},"datePublished":"2022-08-28T10:16:24+00:00","dateModified":"2022-08-28T10:16:24+00:00","breadcrumb":{"@id":"https:\/\/arbouserecordings.com\/da\/guide-til-at-finde-kaerlighed-med-singler-i-naerheden\/#breadcrumb"},"inLanguage":"da-DK","potentialAction":[{"@type":"ReadAction","target":["https:\/\/arbouserecordings.com\/da\/guide-til-at-finde-kaerlighed-med-singler-i-naerheden\/"]}]},{"@type":"BreadcrumbList","@id":"https:\/\/arbouserecordings.com\/da\/guide-til-at-finde-kaerlighed-med-singler-i-naerheden\/#breadcrumb","itemListElement":[{"@type":"ListItem","position":1,"name":"Home","item":"https:\/\/arbouserecordings.com\/da\/"},{"@type":"ListItem","position":2,"name":"Guide til at finde k\u00e6rlighed med singler i n\u00e6rheden"}]}]}},"_links":{"self":[{"href":"https:\/\/arbouserecordings.com\/da\/wp-json\/wp\/v2\/pages\/301"}],"collection":[{"href":"https:\/\/arbouserecordings.com\/da\/wp-json\/wp\/v2\/pages"}],"about":[{"href":"https:\/\/arbouserecordings.com\/da\/wp-json\/wp\/v2\/types\/page"}],"author":[{"embeddable":true,"href":"https:\/\/arbouserecordings.com\/da\/wp-json\/wp\/v2\/users\/1"}],"replies":[{"embeddable":true,"href":"https:\/\/arbouserecordings.com\/da\/wp-json\/wp\/v2\/comments?post=301"}],"version-history":[{"count":0,"href":"https:\/\/arbouserecordings.com\/da\/wp-json\/wp\/v2\/pages\/301\/revisions"}],"wp:featuredmedia":[{"embeddable":true,"href":"https:\/\/arbouserecordings.com\/da\/wp-json\/wp\/v2\/media\/253"}],"wp:attachment":[{"href":"https:\/\/arbouserecordings.com\/da\/wp-json\/wp\/v2\/media?parent=301"}],"curies":[{"name":"wp","href":"https:\/\/api.w.org\/{rel}","templated":true}]}}