{"id":344,"date":"2022-08-28T10:58:17","date_gmt":"2022-08-28T09:58:17","guid":{"rendered":"http:\/\/arbouserecordings.com\/jak-uspet-na-online-seznamce-ziskejte-svuj-profil-spravne\/"},"modified":"2022-08-28T10:58:17","modified_gmt":"2022-08-28T09:58:17","slug":"jak-uspet-na-online-seznamce-ziskejte-svuj-profil-spravne","status":"publish","type":"page","link":"https:\/\/arbouserecordings.com\/cs\/jak-uspet-na-online-seznamce-ziskejte-svuj-profil-spravne\/","title":{"rendered":"Jak usp\u011bt na online seznamce: Z\u00edskejte sv\u016fj profil spr\u00e1vn\u011b"},"content":{"rendered":"<h1>Jak usp\u011bt na online seznamce: Z\u00edskejte sv\u016fj profil spr\u00e1vn\u011b<\/h1>\n<p>Mezi nejobl\u00edben\u011bj\u0161\u00ed seznamky pat\u0159\u00ed eHarmony, Match, OkCupid, PlentyOfFish a Tinder. V\u0161echny se li\u0161\u00ed, pokud jde o funkce, n\u00e1klady a z\u00e1sady ochrany osobn\u00edch \u00fadaj\u016f. Obecn\u011b se v\u0161ak \u0159\u00edd\u00ed podobn\u00fdmi pravidly. Mnoho web\u016f nap\u0159\u00edklad vy\u017eaduje, aby u\u017eivatel\u00e9 vyplnili dotazn\u00edky o sob\u011b, v\u010detn\u011b ot\u00e1zek t\u00fdkaj\u00edc\u00edch se v\u011bku, pohlav\u00ed, \u00farovn\u011b vzd\u011bl\u00e1n\u00ed, n\u00e1bo\u017eenstv\u00ed, politick\u00e9 p\u0159\u00edslu\u0161nosti, sexu\u00e1ln\u00ed orientace atd. U\u017eivatel\u00e9 tak\u00e9 odpov\u00eddaj\u00ed na ot\u00e1zky t\u00fdkaj\u00edc\u00ed se jejich ide\u00e1ln\u00edho partnera. Tyto ot\u00e1zky pom\u00e1haj\u00ed webu ur\u010dit, zda je vhodn\u00fd pro ob\u011b strany.<\/p>\n<h2>Jak vytvo\u0159it kone\u010dn\u00e9 seznamovac\u00ed profily<\/h2>\n<p>Jakmile se zaregistrujete, budete dost\u00e1vat e-mailov\u00e1 ozn\u00e1men\u00ed v\u017edy, kdy\u017e se v okol\u00ed objev\u00ed nov\u00e9 shody. M\u016f\u017eete proch\u00e1zet profily a odes\u00edlat zpr\u00e1vy p\u0159\u00edmo z aplikace. V\u011bt\u0161ina web\u016f umo\u017e\u0148uje nastavit profilov\u00fd obr\u00e1zek, \u00favodn\u00ed fotku, \u017eivotopis a polohu. V z\u00e1vislosti na lokalit\u011b mohou existovat r\u016fzn\u00e9 po\u017eadavky. N\u011bkter\u00e9 weby v\u00e1s mohou po\u017e\u00e1dat o nahr\u00e1n\u00ed fotek. Jin\u00ed v\u00e1s mohou po\u017e\u00e1dat, abyste si ud\u011blali selfie. A jin\u00ed v\u00e1s mohou jednodu\u0161e po\u017e\u00e1dat, abyste zadali n\u00e1zev sv\u00e9ho m\u011bsta. Pokud se rozhodnete pou\u017e\u00edt n\u011bkter\u00fd z t\u011bchto web\u016f, pe\u010dliv\u011b si p\u0159e\u010dt\u011bte drobn\u00fd tisk.<\/p>\n<p>N\u011bkter\u00e9 weby \u00fa\u010dtuj\u00ed poplatky za kontaktov\u00e1n\u00ed potenci\u00e1ln\u00edch partner\u016f. Tento poplatek se m\u016f\u017ee pohybovat kdekoli od $ 0 do $ 10 za m\u011bs\u00edc. Jin\u00e9 str\u00e1nky v\u00e1m poskytuj\u00ed p\u0159\u00edstup k neomezen\u00e9mu zas\u00edl\u00e1n\u00ed zpr\u00e1v bez placen\u00ed. Je\u0161t\u011b jin\u00ed nemaj\u00ed v\u016fbec \u017e\u00e1dn\u00e9 m\u011bs\u00ed\u010dn\u00ed poplatky. Pod\u00edvejte se do sekce NEJ\u010cAST\u011aJ\u0160\u00cd DOTAZY na webu a zjist\u011bte, zda neexistuj\u00ed n\u011bjak\u00e9 skryt\u00e9 poplatky.<\/p>\n<p>Mo\u017en\u00e1 budete muset zaplatit za komunikaci s konkr\u00e9tn\u00edmi jednotlivci. <a href=\"http:\/\/arbouserecordings.com\/cs\/pruvodce-hledanim-lasky-s-blizkymi-singly\/\">Mnoho str\u00e1nek nab\u00edz\u00ed pr\u00e9miov\u00e9 \u00fa\u010dty<\/a> , kter\u00e9 v\u00e1m umo\u017en\u00ed chatovat se \u010dleny, kte\u0159\u00ed zaplatili za \u010dlenstv\u00ed. Obvykle mus\u00edte zaplatit malou \u010d\u00e1stku, abyste mohli mluvit s ka\u017edou osobou individu\u00e1ln\u011b. Jin\u00e9 weby v\u00e1m mohou umo\u017enit chatovat se v\u0161emi, ale nebudete moci nikomu pos\u00edlat e-maily.<\/p>\n<p>Pokud byste rad\u011bji neutr\u00e1celi pen\u00edze za p\u0159edplatn\u00e9 seznamky, m\u016f\u017eete st\u00e1le naj\u00edt spoustu p\u0159\u00edle\u017eitost\u00ed, jak se spojit s nezadan\u00fdmi prost\u0159ednictv\u00edm soci\u00e1ln\u00edch m\u00e9di\u00ed. Facebook skupiny, twitterov\u00e9 chaty, p\u0159\u00edb\u011bhy na Instagramu a videa na YouTube jsou jen n\u011bkter\u00e9 zp\u016fsoby, jak komunikovat s ostatn\u00edmi lidmi, kte\u0159\u00ed \u017eij\u00ed ve va\u0161em okol\u00ed.<\/p>\n<h2>Jak pou\u017e\u00edvat online seznamky<\/h2>\n<p>Ne\u017e se zaregistrujete na online seznamku, je d\u016fle\u017eit\u00e9 zv\u00e1\u017eit, co chcete od sv\u00e9 zku\u0161enosti. D\u00e1v\u00e1te p\u0159ednost neform\u00e1ln\u00edm sch\u016fzk\u00e1m nebo chcete n\u011bco v\u00e1\u017en\u00e9ho? Pokud m\u00e1te z\u00e1jem o nalezen\u00ed l\u00e1sky, existuje spousta mo\u017enost\u00ed. N\u011bkter\u00e9 jsou vhodn\u011bj\u0161\u00ed pro sex na jednu noc, zat\u00edmco jin\u00e9 se staraj\u00ed o ty, kte\u0159\u00ed hledaj\u00ed dlouhodob\u00e9 vztahy. Existuj\u00ed dokonce specializovan\u00e9 str\u00e1nky, kter\u00e9 se zam\u011b\u0159uj\u00ed na konkr\u00e9tn\u00ed demografii, jako jsou senio\u0159i nebo lid\u00e9 ve venkovsk\u00fdch oblastech.<\/p>\n<p>Prvn\u00ed v\u011bc, kterou budete pravd\u011bpodobn\u011b cht\u00edt zjistit, je, jak\u00fd typ vztahu douf\u00e1te, \u017ee najdete. M\u00e1 to b\u00fdt jen z\u00e1bavn\u00fd flirt nebo hled\u00e1te n\u011bco v\u00e1\u017en\u011bj\u0161\u00edho? Toto rozhodnut\u00ed v\u00e1m pom\u016f\u017ee z\u00fa\u017eit va\u0161e mo\u017enosti. D\u00e1le p\u0159em\u00fd\u0161lejte o tom, jak\u00e9 funkce jsou pro v\u00e1s d\u016fle\u017eit\u00e9. Pokud m\u00e1te nap\u0159\u00edklad r\u00e1di sport, m\u016f\u017eete hledat web, kter\u00fd v\u00e1m umo\u017en\u00ed filtrovat z\u00e1pasy na z\u00e1klad\u011b va\u0161eho obl\u00edben\u00e9ho t\u00fdmu nebo sportu. Nebo byste rad\u011bji chodili s n\u011bk\u00fdm podobn\u00fdm v\u00e1m, pokud jde o z\u00e1jmy.<\/p>\n<h2>Stoj\u00ed to za to?<\/h2>\n<p>Nakonec se pod\u00edvejte na r\u016fzn\u00e9 typy seznamovac\u00edch web\u016f. N\u011bkter\u00e9 jsou speci\u00e1ln\u011b <a href=\"http:\/\/arbouserecordings.com\/cs\/jak-najit-mistni-pripojeni-ve-vasem-okoli\/\">navr\u017eeny pro kr\u00e1tkodob\u00e9 z\u00e1le\u017eitosti<\/a>, zat\u00edmco jin\u00e9 jsou zam\u011b\u0159eny na dlouhodob\u00e9 vztahy. Poznamenejte si, kolik \u010dlen\u016f m\u00e1 ka\u017ed\u00fd web. Str\u00e1nky s v\u011bt\u0161\u00edm po\u010dtem \u010dlen\u016f maj\u00ed tendenci p\u0159itahovat v\u011bt\u0161\u00ed pozornost.<\/p>\n<p>Pr\u016fm\u011brn\u00e1 cena seznamovac\u00ed aplikace nebo p\u0159edplatn\u00e9ho webu se pohybuje od p\u0159ibli\u017en\u011b $ 15 &#8211; $ 200 za m\u011bs\u00edc, v z\u00e1vislosti na tom, kolik funkc\u00ed je zahrnuto. Existuje n\u011bkolik skv\u011bl\u00fdch bezplatn\u00fdch mo\u017enost\u00ed, v\u010detn\u011b Tinder a Bumble, ale pokud chcete p\u0159\u00edstup ke v\u0161emu, je obvykle nejlep\u0161\u00ed se rozhodnout pro placen\u00e9 \u010dlenstv\u00ed.<\/p>\n<p>Mo\u017en\u00e1 si mysl\u00edte, \u017ee p\u0159ipojen\u00ed k seznamce je bez p\u0159em\u00fd\u0161len\u00ed &#8211; koneckonc\u016f, ka\u017ed\u00fd v\u00ed, \u017ee nalezen\u00ed l\u00e1sky online je snadn\u00e9. Ale jen proto, \u017ee n\u011bco zn\u00ed jako dobr\u00fd n\u00e1pad, neznamen\u00e1, \u017ee to skute\u010dn\u011b je. Ne\u017e se zaregistrujete k n\u011b\u010demu, prove\u010fte sv\u016fj v\u00fdzkum a ujist\u011bte se, \u017ee web nab\u00edz\u00ed to, co hled\u00e1te. Nechcete skon\u010dit pl\u00fdtv\u00e1n\u00edm pen\u011bzi na p\u0159edplatn\u00e9, kter\u00e9 nestoj\u00ed za to.<\/p>\n","protected":false},"excerpt":{"rendered":"<p>Jak usp\u011bt na online seznamce: Z\u00edskejte sv\u016fj profil spr\u00e1vn\u011b Mezi nejobl\u00edben\u011bj\u0161\u00ed seznamky pat\u0159\u00ed eHarmony, Match, OkCupid, PlentyOfFish a Tinder. V\u0161echny se li\u0161\u00ed, pokud jde o funkce, n\u00e1klady a z\u00e1sady ochrany [&hellip;]<\/p>\n","protected":false},"author":1,"featured_media":222,"parent":0,"menu_order":0,"comment_status":"closed","ping_status":"closed","template":"","meta":[],"yoast_head":"<!-- This site is optimized with the Yoast SEO plugin v17.7.1 - https:\/\/yoast.com\/wordpress\/plugins\/seo\/ -->\n<title>Jak usp\u011bt na online seznamce: Z\u00edskejte sv\u016fj profil spr\u00e1vn\u011b - Adult Recordings<\/title>\n<meta name=\"robots\" content=\"index, follow, max-snippet:-1, max-image-preview:large, max-video-preview:-1\" \/>\n<link rel=\"canonical\" href=\"https:\/\/arbouserecordings.com\/cs\/jak-uspet-na-online-seznamce-ziskejte-svuj-profil-spravne\/\" \/>\n<meta property=\"og:locale\" content=\"cs_CZ\" \/>\n<meta property=\"og:type\" content=\"article\" \/>\n<meta property=\"og:title\" content=\"Jak usp\u011bt na online seznamce: Z\u00edskejte sv\u016fj profil spr\u00e1vn\u011b - Adult Recordings\" \/>\n<meta property=\"og:description\" content=\"Jak usp\u011bt na online seznamce: Z\u00edskejte sv\u016fj profil spr\u00e1vn\u011b Mezi nejobl\u00edben\u011bj\u0161\u00ed seznamky pat\u0159\u00ed eHarmony, Match, OkCupid, PlentyOfFish a Tinder. V\u0161echny se li\u0161\u00ed, pokud jde o funkce, n\u00e1klady a z\u00e1sady ochrany [&hellip;]\" \/>\n<meta property=\"og:url\" content=\"https:\/\/arbouserecordings.com\/cs\/jak-uspet-na-online-seznamce-ziskejte-svuj-profil-spravne\/\" \/>\n<meta property=\"og:site_name\" content=\"Adult Recordings\" \/>\n<meta property=\"og:image\" content=\"https:\/\/arbouserecordings.com\/wp-content\/uploads\/2022\/08\/online-dating.jpeg\" \/>\n\t<meta property=\"og:image:width\" content=\"500\" \/>\n\t<meta property=\"og:image:height\" content=\"750\" \/>\n<meta name=\"twitter:card\" content=\"summary_large_image\" \/>\n<meta name=\"twitter:label1\" content=\"Odhadovan\u00e1 doba \u010dten\u00ed\" \/>\n\t<meta name=\"twitter:data1\" content=\"4 minuty\" \/>\n<script type=\"application\/ld+json\" class=\"yoast-schema-graph\">{\"@context\":\"https:\/\/schema.org\",\"@graph\":[{\"@type\":\"WebSite\",\"@id\":\"https:\/\/arbouserecordings.com\/#website\",\"url\":\"https:\/\/arbouserecordings.com\/\",\"name\":\"Adult Recordings\",\"description\":\"Online Hookup Reviews\",\"potentialAction\":[{\"@type\":\"SearchAction\",\"target\":{\"@type\":\"EntryPoint\",\"urlTemplate\":\"https:\/\/arbouserecordings.com\/?s={search_term_string}\"},\"query-input\":\"required name=search_term_string\"}],\"inLanguage\":\"cs\"},{\"@type\":\"ImageObject\",\"@id\":\"https:\/\/arbouserecordings.com\/cs\/jak-uspet-na-online-seznamce-ziskejte-svuj-profil-spravne\/#primaryimage\",\"inLanguage\":\"cs\",\"url\":\"https:\/\/arbouserecordings.com\/wp-content\/uploads\/2022\/08\/online-dating.jpeg\",\"contentUrl\":\"https:\/\/arbouserecordings.com\/wp-content\/uploads\/2022\/08\/online-dating.jpeg\",\"width\":500,\"height\":750},{\"@type\":\"WebPage\",\"@id\":\"https:\/\/arbouserecordings.com\/cs\/jak-uspet-na-online-seznamce-ziskejte-svuj-profil-spravne\/#webpage\",\"url\":\"https:\/\/arbouserecordings.com\/cs\/jak-uspet-na-online-seznamce-ziskejte-svuj-profil-spravne\/\",\"name\":\"Jak usp\\u011bt na online seznamce: Z\\u00edskejte sv\\u016fj profil spr\\u00e1vn\\u011b - Adult Recordings\",\"isPartOf\":{\"@id\":\"https:\/\/arbouserecordings.com\/#website\"},\"primaryImageOfPage\":{\"@id\":\"https:\/\/arbouserecordings.com\/cs\/jak-uspet-na-online-seznamce-ziskejte-svuj-profil-spravne\/#primaryimage\"},\"datePublished\":\"2022-08-28T09:58:17+00:00\",\"dateModified\":\"2022-08-28T09:58:17+00:00\",\"breadcrumb\":{\"@id\":\"https:\/\/arbouserecordings.com\/cs\/jak-uspet-na-online-seznamce-ziskejte-svuj-profil-spravne\/#breadcrumb\"},\"inLanguage\":\"cs\",\"potentialAction\":[{\"@type\":\"ReadAction\",\"target\":[\"https:\/\/arbouserecordings.com\/cs\/jak-uspet-na-online-seznamce-ziskejte-svuj-profil-spravne\/\"]}]},{\"@type\":\"BreadcrumbList\",\"@id\":\"https:\/\/arbouserecordings.com\/cs\/jak-uspet-na-online-seznamce-ziskejte-svuj-profil-spravne\/#breadcrumb\",\"itemListElement\":[{\"@type\":\"ListItem\",\"position\":1,\"name\":\"Home\",\"item\":\"http:\/\/arbouserecordings.com\/cs\/\"},{\"@type\":\"ListItem\",\"position\":2,\"name\":\"Jak usp\\u011bt na online seznamce: Z\\u00edskejte sv\\u016fj profil spr\\u00e1vn\\u011b\"}]}]}<\/script>\n<!-- \/ Yoast SEO plugin. -->","yoast_head_json":{"title":"Jak usp\u011bt na online seznamce: Z\u00edskejte sv\u016fj profil spr\u00e1vn\u011b - Adult Recordings","robots":{"index":"index","follow":"follow","max-snippet":"max-snippet:-1","max-image-preview":"max-image-preview:large","max-video-preview":"max-video-preview:-1"},"canonical":"https:\/\/arbouserecordings.com\/cs\/jak-uspet-na-online-seznamce-ziskejte-svuj-profil-spravne\/","og_locale":"cs_CZ","og_type":"article","og_title":"Jak usp\u011bt na online seznamce: Z\u00edskejte sv\u016fj profil spr\u00e1vn\u011b - Adult Recordings","og_description":"Jak usp\u011bt na online seznamce: Z\u00edskejte sv\u016fj profil spr\u00e1vn\u011b Mezi nejobl\u00edben\u011bj\u0161\u00ed seznamky pat\u0159\u00ed eHarmony, Match, OkCupid, PlentyOfFish a Tinder. V\u0161echny se li\u0161\u00ed, pokud jde o funkce, n\u00e1klady a z\u00e1sady ochrany [&hellip;]","og_url":"https:\/\/arbouserecordings.com\/cs\/jak-uspet-na-online-seznamce-ziskejte-svuj-profil-spravne\/","og_site_name":"Adult Recordings","og_image":[{"width":500,"height":750,"url":"https:\/\/arbouserecordings.com\/wp-content\/uploads\/2022\/08\/online-dating.jpeg","type":"image\/jpeg"}],"twitter_card":"summary_large_image","twitter_misc":{"Odhadovan\u00e1 doba \u010dten\u00ed":"4 minuty"},"schema":{"@context":"https:\/\/schema.org","@graph":[{"@type":"WebSite","@id":"https:\/\/arbouserecordings.com\/#website","url":"https:\/\/arbouserecordings.com\/","name":"Adult Recordings","description":"Online Hookup Reviews","potentialAction":[{"@type":"SearchAction","target":{"@type":"EntryPoint","urlTemplate":"https:\/\/arbouserecordings.com\/?s={search_term_string}"},"query-input":"required name=search_term_string"}],"inLanguage":"cs"},{"@type":"ImageObject","@id":"https:\/\/arbouserecordings.com\/cs\/jak-uspet-na-online-seznamce-ziskejte-svuj-profil-spravne\/#primaryimage","inLanguage":"cs","url":"https:\/\/arbouserecordings.com\/wp-content\/uploads\/2022\/08\/online-dating.jpeg","contentUrl":"https:\/\/arbouserecordings.com\/wp-content\/uploads\/2022\/08\/online-dating.jpeg","width":500,"height":750},{"@type":"WebPage","@id":"https:\/\/arbouserecordings.com\/cs\/jak-uspet-na-online-seznamce-ziskejte-svuj-profil-spravne\/#webpage","url":"https:\/\/arbouserecordings.com\/cs\/jak-uspet-na-online-seznamce-ziskejte-svuj-profil-spravne\/","name":"Jak usp\u011bt na online seznamce: Z\u00edskejte sv\u016fj profil spr\u00e1vn\u011b - Adult Recordings","isPartOf":{"@id":"https:\/\/arbouserecordings.com\/#website"},"primaryImageOfPage":{"@id":"https:\/\/arbouserecordings.com\/cs\/jak-uspet-na-online-seznamce-ziskejte-svuj-profil-spravne\/#primaryimage"},"datePublished":"2022-08-28T09:58:17+00:00","dateModified":"2022-08-28T09:58:17+00:00","breadcrumb":{"@id":"https:\/\/arbouserecordings.com\/cs\/jak-uspet-na-online-seznamce-ziskejte-svuj-profil-spravne\/#breadcrumb"},"inLanguage":"cs","potentialAction":[{"@type":"ReadAction","target":["https:\/\/arbouserecordings.com\/cs\/jak-uspet-na-online-seznamce-ziskejte-svuj-profil-spravne\/"]}]},{"@type":"BreadcrumbList","@id":"https:\/\/arbouserecordings.com\/cs\/jak-uspet-na-online-seznamce-ziskejte-svuj-profil-spravne\/#breadcrumb","itemListElement":[{"@type":"ListItem","position":1,"name":"Home","item":"http:\/\/arbouserecordings.com\/cs\/"},{"@type":"ListItem","position":2,"name":"Jak usp\u011bt na online seznamce: Z\u00edskejte sv\u016fj profil spr\u00e1vn\u011b"}]}]}},"_links":{"self":[{"href":"https:\/\/arbouserecordings.com\/cs\/wp-json\/wp\/v2\/pages\/344"}],"collection":[{"href":"https:\/\/arbouserecordings.com\/cs\/wp-json\/wp\/v2\/pages"}],"about":[{"href":"https:\/\/arbouserecordings.com\/cs\/wp-json\/wp\/v2\/types\/page"}],"author":[{"embeddable":true,"href":"https:\/\/arbouserecordings.com\/cs\/wp-json\/wp\/v2\/users\/1"}],"replies":[{"embeddable":true,"href":"https:\/\/arbouserecordings.com\/cs\/wp-json\/wp\/v2\/comments?post=344"}],"version-history":[{"count":0,"href":"https:\/\/arbouserecordings.com\/cs\/wp-json\/wp\/v2\/pages\/344\/revisions"}],"wp:featuredmedia":[{"embeddable":true,"href":"https:\/\/arbouserecordings.com\/cs\/wp-json\/wp\/v2\/media\/222"}],"wp:attachment":[{"href":"https:\/\/arbouserecordings.com\/cs\/wp-json\/wp\/v2\/media?parent=344"}],"curies":[{"name":"wp","href":"https:\/\/api.w.org\/{rel}","templated":true}]}}