{"id":337,"date":"2022-08-28T10:49:05","date_gmt":"2022-08-28T09:49:05","guid":{"rendered":"http:\/\/arbouserecordings.com\/jak-najit-mistni-pripojeni-ve-vasem-okoli\/"},"modified":"2022-08-28T10:49:05","modified_gmt":"2022-08-28T09:49:05","slug":"jak-najit-mistni-pripojeni-ve-vasem-okoli","status":"publish","type":"page","link":"https:\/\/arbouserecordings.com\/cs\/jak-najit-mistni-pripojeni-ve-vasem-okoli\/","title":{"rendered":"Jak naj\u00edt m\u00edstn\u00ed p\u0159ipojen\u00ed ve va\u0161em okol\u00ed?"},"content":{"rendered":"<h1>Jak naj\u00edt m\u00edstn\u00ed p\u0159ipojen\u00ed ve va\u0161em okol\u00ed?<\/h1>\n<p>V\u00edtejte v nejlep\u0161\u00ed bezplatn\u00e9 seznamovac\u00ed aplikaci na webu. V\u00edme, \u017ee online seznamov\u00e1n\u00ed se n\u011bkdy m\u016f\u017ee c\u00edtit jako skli\u010duj\u00edc\u00ed \u00fakol, zvl\u00e1\u0161t\u011b pokud hled\u00e1te l\u00e1sku na v\u0161ech \u0161patn\u00fdch m\u00edstech. Tak\u017ee jsme vytvo\u0159ili na\u0161e str\u00e1nky s jedin\u00fdm \u00fa\u010delem, aby online datov\u00e1n\u00ed zdarma, snadn\u00e9 a z\u00e1bavn\u00e9 pro ka\u017ed\u00e9ho. Douf\u00e1me, \u017ee se v\u00e1m bude l\u00edbit stejn\u011b jako n\u00e1m. V p\u0159\u00edpad\u011b jak\u00fdchkoliv dotaz\u016f n\u00e1s nev\u00e1hejte kontaktovat. Jsme tu, abychom v\u00e1m pomohli!<\/p>\n<h2>Seznamte se s m\u00edstn\u00edmi \u017eenami pro p\u0159ipojen\u00ed<\/h2>\n<p>NSA poskytuje \u010dist\u00e9 rozhran\u00ed, kter\u00e9 usnad\u0148uje navigaci a komunikaci s ostatn\u00edmi \u010dleny. Krom\u011b standardn\u00edch funkc\u00ed, kter\u00e9 m\u016f\u017eete o\u010dek\u00e1vat, \u017ee najdete na jak\u00e9koli jin\u00e9 online seznamovac\u00ed aplikaci, nab\u00edz\u00ed web n\u011bkolik dal\u0161\u00edch v\u00fdhod, d\u00edky nim\u017e vynik\u00e1 z davu.<\/p>\n<p>Jakmile vyberete profil, kter\u00fd v\u00e1s zaujme, dostanete se na obrazovku, kde si m\u016f\u017eete prohl\u00e9dnout informace o \u010dlenovi, v\u010detn\u011b jeho pohlav\u00ed, v\u011bku, um\u00edst\u011bn\u00ed, z\u00e1jm\u016f a co je nejd\u016fle\u017eit\u011bj\u0161\u00ed, jeho fotogalerie. Odtud m\u016f\u017eete bu\u010f pokra\u010dovat v proch\u00e1zen\u00ed profil\u016f, nebo m\u016f\u017eete zah\u00e1jit kontakt odesl\u00e1n\u00edm mrknut\u00ed jin\u00e9mu \u010dlenovi. A\u0165 tak \u010di onak, nebudete muset dlouho \u010dekat, proto\u017ee zpr\u00e1vy jsou doru\u010deny t\u00e9m\u011b\u0159 okam\u017eit\u011b.<\/p>\n<p>Pokud se rozhodnete j\u00edt d\u00e1l, m\u016f\u017eete si vytvo\u0159it soukromou <a href=\"http:\/\/arbouserecordings.com\/cs\/hledani-nekoho-zvlastniho-s-weby-pro-pripojeni\/\">chatovac\u00ed m\u00edstnost<\/a> , kde si m\u016f\u017eete vym\u011b\u0148ovat obr\u00e1zky, videa a cokoli jin\u00e9ho, \u010d\u00edm se chcete pochlubit. M\u016f\u017eete dokonce p\u0159idat p\u0159\u00e1tele p\u0159es Facebook, Twitter, Instagram, Kik a Viber. Na rozd\u00edl od mnoha seznamovac\u00edch aplikac\u00ed pro dosp\u011bl\u00e9 v\u0161ak NSa nevy\u017eaduje, abyste propojili sv\u00e9 \u00fa\u010dty dohromady. M\u00edsto toho m\u016f\u017eete jednodu\u0161e propojit sv\u00e9 soci\u00e1ln\u00ed s\u00edt\u011b samostatn\u011b.<\/p>\n<h2>Na\u0161e rady<\/h2>\n<p>Jedn\u00e1 se o agreg\u00e1tor recenz\u00ed a srovn\u00e1vac\u00ed n\u00e1stroj pro <a href=\"http:\/\/arbouserecordings.com\/cs\/pruvodce-hledanim-lasky-s-blizkymi-singly\/\">online seznamovac\u00ed str\u00e1nky<\/a> a mobiln\u00ed aplikace. Porovn\u00e1v\u00e1me nejlep\u0161\u00ed seznamovac\u00ed weby a mobiln\u00ed aplikace na z\u00e1klad\u011b \u00fadaj\u016f shrom\u00e1\u017ed\u011bn\u00fdch z webu, soci\u00e1ln\u00edch m\u00e9di\u00ed a nezaujat\u00fdch t\u0159et\u00edch stran.<\/p>\n<p>Analyzujeme v\u00edce ne\u017e 20 r\u016fzn\u00fdch krit\u00e9ri\u00ed, v\u010detn\u011b ceny, n\u00e1klad\u016f na \u010dlenstv\u00ed, po\u010dtu \u010dlen\u016f, \u00fasp\u011b\u0161n\u00fdch p\u0159\u00edb\u011bh\u016f, z\u00e1kaznick\u00e9 podpory, bezpe\u010dnosti, z\u00e1sad ochrany osobn\u00edch \u00fadaj\u016f, z\u00e1sad vracen\u00ed pen\u011bz, dostupnosti mobiln\u00edch aplikac\u00ed a mnoho dal\u0161\u00edho.<\/p>\n<p>Chcete-li se dozv\u011bd\u011bt v\u00edce o tom, jak vyb\u00edr\u00e1me nejlep\u0161\u00ed seznamovac\u00ed weby a aplikace, p\u0159e\u010dt\u011bte si na\u0161i metodiku zde.<\/p>\n<h2>M\u011bli byste pou\u017e\u00edvat sextingov\u00e9 str\u00e1nky nebo seznamovac\u00ed aplikace?<\/h2>\n<p>Online seznamovac\u00ed aplikace jsou st\u00e1le popul\u00e1rn\u011bj\u0161\u00ed mezi nezadan\u00fdmi po cel\u00e9m sv\u011bt\u011b. Lid\u00e9 je pou\u017e\u00edvaj\u00ed k nalezen\u00ed l\u00e1sky, p\u0159\u00e1telstv\u00ed, p\u0159\u00edle\u017eitostn\u00e9ho sexu a dokonce i dlouhodob\u00fdch vztah\u016f. Pou\u017e\u00edvaj\u00ed se tak\u00e9 pro z\u00e1bavn\u00e9 sch\u016fzky, p\u0159\u00e1tele s v\u00fdhodami a prost\u011b star\u00e9 flirtov\u00e1n\u00ed. Existuje mnoho r\u016fzn\u00fdch typ\u016f online seznamovac\u00edch aplikac\u00ed, v\u010detn\u011b t\u011bch, kter\u00e9 jsou ur\u010deny pro konkr\u00e9tn\u00ed \u00fa\u010dely, jako je nalezen\u00ed data, setk\u00e1n\u00ed s potenci\u00e1ln\u00edmi partnery nebo jednodu\u0161e sezn\u00e1men\u00ed se zaj\u00edmav\u00fdmi lidmi.<\/p>\n<p>Tyto typy aplikac\u00ed jsou st\u00e1le popul\u00e1rn\u011bj\u0161\u00ed, proto\u017ee usnad\u0148uj\u00ed nalezen\u00ed data, ani\u017e byste museli tr\u00e1vit hodiny proch\u00e1zen\u00edm profil\u016f soci\u00e1ln\u00edch m\u00e9di\u00ed. Nyn\u00ed existuj\u00ed stovky r\u016fzn\u00fdch seznamovac\u00edch web\u016f a aplikac\u00ed, z nich\u017e ka\u017ed\u00e1 nab\u00edz\u00ed n\u011bco trochu jin\u00e9ho. Zde se pod\u00edv\u00e1me na to, co nab\u00edzej\u00ed, kolik stoj\u00ed a jak snadn\u00e9 je pou\u017e\u00edvat.<\/p>\n<p>Jsou skv\u011bl\u00fdm zp\u016fsobem, jak se setkat s n\u011bk\u00fdm nov\u00fdm, zvl\u00e1\u0161t\u011b pokud nechcete j\u00edt na rande jen s n\u011bk\u00fdm.<\/p>\n","protected":false},"excerpt":{"rendered":"<p>Jak naj\u00edt m\u00edstn\u00ed p\u0159ipojen\u00ed ve va\u0161em okol\u00ed? V\u00edtejte v nejlep\u0161\u00ed bezplatn\u00e9 seznamovac\u00ed aplikaci na webu. V\u00edme, \u017ee online seznamov\u00e1n\u00ed se n\u011bkdy m\u016f\u017ee c\u00edtit jako skli\u010duj\u00edc\u00ed \u00fakol, zvl\u00e1\u0161t\u011b pokud hled\u00e1te l\u00e1sku [&hellip;]<\/p>\n","protected":false},"author":1,"featured_media":267,"parent":0,"menu_order":0,"comment_status":"closed","ping_status":"closed","template":"","meta":[],"yoast_head":"<!-- This site is optimized with the Yoast SEO plugin v17.7.1 - https:\/\/yoast.com\/wordpress\/plugins\/seo\/ -->\n<title>Jak naj\u00edt m\u00edstn\u00ed p\u0159ipojen\u00ed ve va\u0161em okol\u00ed? - Adult Recordings<\/title>\n<meta name=\"robots\" content=\"index, follow, max-snippet:-1, max-image-preview:large, max-video-preview:-1\" \/>\n<link rel=\"canonical\" href=\"https:\/\/arbouserecordings.com\/cs\/jak-najit-mistni-pripojeni-ve-vasem-okoli\/\" \/>\n<meta property=\"og:locale\" content=\"cs_CZ\" \/>\n<meta property=\"og:type\" content=\"article\" \/>\n<meta property=\"og:title\" content=\"Jak naj\u00edt m\u00edstn\u00ed p\u0159ipojen\u00ed ve va\u0161em okol\u00ed? - Adult Recordings\" \/>\n<meta property=\"og:description\" content=\"Jak naj\u00edt m\u00edstn\u00ed p\u0159ipojen\u00ed ve va\u0161em okol\u00ed? V\u00edtejte v nejlep\u0161\u00ed bezplatn\u00e9 seznamovac\u00ed aplikaci na webu. V\u00edme, \u017ee online seznamov\u00e1n\u00ed se n\u011bkdy m\u016f\u017ee c\u00edtit jako skli\u010duj\u00edc\u00ed \u00fakol, zvl\u00e1\u0161t\u011b pokud hled\u00e1te l\u00e1sku [&hellip;]\" \/>\n<meta property=\"og:url\" content=\"https:\/\/arbouserecordings.com\/cs\/jak-najit-mistni-pripojeni-ve-vasem-okoli\/\" \/>\n<meta property=\"og:site_name\" content=\"Adult Recordings\" \/>\n<meta property=\"og:image\" content=\"https:\/\/arbouserecordings.com\/wp-content\/uploads\/2022\/08\/read-reviews.jpeg\" \/>\n\t<meta property=\"og:image:width\" content=\"2250\" \/>\n\t<meta property=\"og:image:height\" content=\"1500\" \/>\n<meta name=\"twitter:card\" content=\"summary_large_image\" \/>\n<meta name=\"twitter:label1\" content=\"Odhadovan\u00e1 doba \u010dten\u00ed\" \/>\n\t<meta name=\"twitter:data1\" content=\"3 minuty\" \/>\n<script type=\"application\/ld+json\" class=\"yoast-schema-graph\">{\"@context\":\"https:\/\/schema.org\",\"@graph\":[{\"@type\":\"WebSite\",\"@id\":\"https:\/\/arbouserecordings.com\/nl\/#website\",\"url\":\"https:\/\/arbouserecordings.com\/nl\/\",\"name\":\"Adult Recordings\",\"description\":\"Online Hookup Reviews\",\"potentialAction\":[{\"@type\":\"SearchAction\",\"target\":{\"@type\":\"EntryPoint\",\"urlTemplate\":\"https:\/\/arbouserecordings.com\/nl\/?s={search_term_string}\"},\"query-input\":\"required name=search_term_string\"}],\"inLanguage\":\"cs\"},{\"@type\":\"ImageObject\",\"@id\":\"https:\/\/arbouserecordings.com\/cs\/jak-najit-mistni-pripojeni-ve-vasem-okoli\/#primaryimage\",\"inLanguage\":\"cs\",\"url\":\"https:\/\/arbouserecordings.com\/wp-content\/uploads\/2022\/08\/read-reviews.jpeg\",\"contentUrl\":\"https:\/\/arbouserecordings.com\/wp-content\/uploads\/2022\/08\/read-reviews.jpeg\",\"width\":2250,\"height\":1500},{\"@type\":\"WebPage\",\"@id\":\"https:\/\/arbouserecordings.com\/cs\/jak-najit-mistni-pripojeni-ve-vasem-okoli\/#webpage\",\"url\":\"https:\/\/arbouserecordings.com\/cs\/jak-najit-mistni-pripojeni-ve-vasem-okoli\/\",\"name\":\"Jak naj\\u00edt m\\u00edstn\\u00ed p\\u0159ipojen\\u00ed ve va\\u0161em okol\\u00ed? - Adult Recordings\",\"isPartOf\":{\"@id\":\"https:\/\/arbouserecordings.com\/nl\/#website\"},\"primaryImageOfPage\":{\"@id\":\"https:\/\/arbouserecordings.com\/cs\/jak-najit-mistni-pripojeni-ve-vasem-okoli\/#primaryimage\"},\"datePublished\":\"2022-08-28T09:49:05+00:00\",\"dateModified\":\"2022-08-28T09:49:05+00:00\",\"breadcrumb\":{\"@id\":\"https:\/\/arbouserecordings.com\/cs\/jak-najit-mistni-pripojeni-ve-vasem-okoli\/#breadcrumb\"},\"inLanguage\":\"cs\",\"potentialAction\":[{\"@type\":\"ReadAction\",\"target\":[\"https:\/\/arbouserecordings.com\/cs\/jak-najit-mistni-pripojeni-ve-vasem-okoli\/\"]}]},{\"@type\":\"BreadcrumbList\",\"@id\":\"https:\/\/arbouserecordings.com\/cs\/jak-najit-mistni-pripojeni-ve-vasem-okoli\/#breadcrumb\",\"itemListElement\":[{\"@type\":\"ListItem\",\"position\":1,\"name\":\"Home\",\"item\":\"http:\/\/arbouserecordings.com\/cs\/\"},{\"@type\":\"ListItem\",\"position\":2,\"name\":\"Jak naj\\u00edt m\\u00edstn\\u00ed p\\u0159ipojen\\u00ed ve va\\u0161em okol\\u00ed?\"}]}]}<\/script>\n<!-- \/ Yoast SEO plugin. -->","yoast_head_json":{"title":"Jak naj\u00edt m\u00edstn\u00ed p\u0159ipojen\u00ed ve va\u0161em okol\u00ed? - Adult Recordings","robots":{"index":"index","follow":"follow","max-snippet":"max-snippet:-1","max-image-preview":"max-image-preview:large","max-video-preview":"max-video-preview:-1"},"canonical":"https:\/\/arbouserecordings.com\/cs\/jak-najit-mistni-pripojeni-ve-vasem-okoli\/","og_locale":"cs_CZ","og_type":"article","og_title":"Jak naj\u00edt m\u00edstn\u00ed p\u0159ipojen\u00ed ve va\u0161em okol\u00ed? - Adult Recordings","og_description":"Jak naj\u00edt m\u00edstn\u00ed p\u0159ipojen\u00ed ve va\u0161em okol\u00ed? V\u00edtejte v nejlep\u0161\u00ed bezplatn\u00e9 seznamovac\u00ed aplikaci na webu. V\u00edme, \u017ee online seznamov\u00e1n\u00ed se n\u011bkdy m\u016f\u017ee c\u00edtit jako skli\u010duj\u00edc\u00ed \u00fakol, zvl\u00e1\u0161t\u011b pokud hled\u00e1te l\u00e1sku [&hellip;]","og_url":"https:\/\/arbouserecordings.com\/cs\/jak-najit-mistni-pripojeni-ve-vasem-okoli\/","og_site_name":"Adult Recordings","og_image":[{"width":2250,"height":1500,"url":"https:\/\/arbouserecordings.com\/wp-content\/uploads\/2022\/08\/read-reviews.jpeg","type":"image\/jpeg"}],"twitter_card":"summary_large_image","twitter_misc":{"Odhadovan\u00e1 doba \u010dten\u00ed":"3 minuty"},"schema":{"@context":"https:\/\/schema.org","@graph":[{"@type":"WebSite","@id":"https:\/\/arbouserecordings.com\/nl\/#website","url":"https:\/\/arbouserecordings.com\/nl\/","name":"Adult Recordings","description":"Online Hookup Reviews","potentialAction":[{"@type":"SearchAction","target":{"@type":"EntryPoint","urlTemplate":"https:\/\/arbouserecordings.com\/nl\/?s={search_term_string}"},"query-input":"required name=search_term_string"}],"inLanguage":"cs"},{"@type":"ImageObject","@id":"https:\/\/arbouserecordings.com\/cs\/jak-najit-mistni-pripojeni-ve-vasem-okoli\/#primaryimage","inLanguage":"cs","url":"https:\/\/arbouserecordings.com\/wp-content\/uploads\/2022\/08\/read-reviews.jpeg","contentUrl":"https:\/\/arbouserecordings.com\/wp-content\/uploads\/2022\/08\/read-reviews.jpeg","width":2250,"height":1500},{"@type":"WebPage","@id":"https:\/\/arbouserecordings.com\/cs\/jak-najit-mistni-pripojeni-ve-vasem-okoli\/#webpage","url":"https:\/\/arbouserecordings.com\/cs\/jak-najit-mistni-pripojeni-ve-vasem-okoli\/","name":"Jak naj\u00edt m\u00edstn\u00ed p\u0159ipojen\u00ed ve va\u0161em okol\u00ed? - Adult Recordings","isPartOf":{"@id":"https:\/\/arbouserecordings.com\/nl\/#website"},"primaryImageOfPage":{"@id":"https:\/\/arbouserecordings.com\/cs\/jak-najit-mistni-pripojeni-ve-vasem-okoli\/#primaryimage"},"datePublished":"2022-08-28T09:49:05+00:00","dateModified":"2022-08-28T09:49:05+00:00","breadcrumb":{"@id":"https:\/\/arbouserecordings.com\/cs\/jak-najit-mistni-pripojeni-ve-vasem-okoli\/#breadcrumb"},"inLanguage":"cs","potentialAction":[{"@type":"ReadAction","target":["https:\/\/arbouserecordings.com\/cs\/jak-najit-mistni-pripojeni-ve-vasem-okoli\/"]}]},{"@type":"BreadcrumbList","@id":"https:\/\/arbouserecordings.com\/cs\/jak-najit-mistni-pripojeni-ve-vasem-okoli\/#breadcrumb","itemListElement":[{"@type":"ListItem","position":1,"name":"Home","item":"http:\/\/arbouserecordings.com\/cs\/"},{"@type":"ListItem","position":2,"name":"Jak naj\u00edt m\u00edstn\u00ed p\u0159ipojen\u00ed ve va\u0161em okol\u00ed?"}]}]}},"_links":{"self":[{"href":"https:\/\/arbouserecordings.com\/cs\/wp-json\/wp\/v2\/pages\/337"}],"collection":[{"href":"https:\/\/arbouserecordings.com\/cs\/wp-json\/wp\/v2\/pages"}],"about":[{"href":"https:\/\/arbouserecordings.com\/cs\/wp-json\/wp\/v2\/types\/page"}],"author":[{"embeddable":true,"href":"https:\/\/arbouserecordings.com\/cs\/wp-json\/wp\/v2\/users\/1"}],"replies":[{"embeddable":true,"href":"https:\/\/arbouserecordings.com\/cs\/wp-json\/wp\/v2\/comments?post=337"}],"version-history":[{"count":0,"href":"https:\/\/arbouserecordings.com\/cs\/wp-json\/wp\/v2\/pages\/337\/revisions"}],"wp:featuredmedia":[{"embeddable":true,"href":"https:\/\/arbouserecordings.com\/cs\/wp-json\/wp\/v2\/media\/267"}],"wp:attachment":[{"href":"https:\/\/arbouserecordings.com\/cs\/wp-json\/wp\/v2\/media?parent=337"}],"curies":[{"name":"wp","href":"https:\/\/api.w.org\/{rel}","templated":true}]}}