{"id":300,"date":"2022-08-28T11:00:46","date_gmt":"2022-08-28T10:00:46","guid":{"rendered":"http:\/\/arbouserecordings.com\/hledani-nekoho-zvlastniho-s-weby-pro-pripojeni\/"},"modified":"2022-08-28T11:00:46","modified_gmt":"2022-08-28T10:00:46","slug":"hledani-nekoho-zvlastniho-s-weby-pro-pripojeni","status":"publish","type":"page","link":"https:\/\/arbouserecordings.com\/cs\/hledani-nekoho-zvlastniho-s-weby-pro-pripojeni\/","title":{"rendered":"Hled\u00e1n\u00ed n\u011bkoho zvl\u00e1\u0161tn\u00edho s weby pro p\u0159ipojen\u00ed"},"content":{"rendered":"<h1>Hled\u00e1n\u00ed n\u011bkoho zvl\u00e1\u0161tn\u00edho s weby pro p\u0159ipojen\u00ed<\/h1>\n<p>Existuje mnoho d\u016fvod\u016f, pro\u010d byste cht\u011bli pou\u017e\u00edt seznamovac\u00ed aplikaci, a\u0165 u\u017e je to proto, \u017ee se chcete setkat s n\u011bk\u00fdm zvl\u00e1\u0161tn\u00edm, naj\u00edt l\u00e1sku nebo prost\u011b naj\u00edt n\u011bjak\u00e9 p\u0159\u00e1tele. Ale naj\u00edt ten spr\u00e1vn\u00fd m\u016f\u017ee b\u00fdt obt\u00ed\u017en\u00e9, zejm\u00e9na proto, \u017ee existuje tolik mo\u017enost\u00ed. Tak\u017ee tady je n\u00e1\u0161 pr\u016fvodce, kter\u00fd v\u00e1m pom\u016f\u017ee rozhodnout, kter\u00e1 seznamovac\u00ed aplikace je pro v\u00e1s nejlep\u0161\u00ed.<\/p>\n<h2>Chcete poznat n\u011bkoho v\u00fdjime\u010dn\u00e9ho<\/h2>\n<p>Pokud <a href=\"http:\/\/arbouserecordings.com\/cs\/jak-uspet-na-online-seznamce-ziskejte-svuj-profil-spravne\/\">hled\u00e1te rande s<\/a> n\u011bk\u00fdm konkr\u00e9tn\u00edm, pravd\u011bpodobn\u011b budete cht\u00edt za\u010d\u00edt z\u00fa\u017een\u00edm pole. T\u00edmto zp\u016fsobem nebudete ztr\u00e1cet p\u0159\u00edli\u0161 mnoho \u010dasu hled\u00e1n\u00edm shod s lidmi, kte\u0159\u00ed ve skute\u010dnosti nemaj\u00ed z\u00e1jem v\u00e1s l\u00e9pe poznat. Pokud hled\u00e1te dlouhodob\u00fd vztah, pravd\u011bpodobn\u011b budete cht\u00edt zv\u00e1\u017eit aplikace jako Tinder, Bumble, Hinge, OkCupid, PlentyOfFish, Match, Zoosk, Coffee Meets Bagel, eHarmony, ChristianMingle a Match.com. Pokud v\u0161ak chcete vytvo\u0159it jen p\u0159\u00edle\u017eitostn\u00e1 spojen\u00ed, m\u016f\u017eete vyzkou\u0161et aplikace jako Happn, Grinder, Badoo, Grindr, Hornet a Tango.<\/p>\n<h3>Chcete jen trochu z\u00e1bavy<\/h3>\n<p>N\u011bkter\u00e9 seznamovac\u00ed aplikace jsou zam\u011b\u0159eny na vytv\u00e1\u0159en\u00ed p\u0159\u00e1tel, zat\u00edmco jin\u00e9 jsou speci\u00e1ln\u011b navr\u017eeny pro p\u0159ipojen\u00ed. Aplikace jako Tinder, Bumble a Whisper jsou skv\u011bl\u00e9 pro ty, kte\u0159\u00ed se cht\u011bj\u00ed sp\u0159\u00e1telit, zat\u00edmco aplikace jako Scruff, Growlr a Blendr jsou v\u00edce zam\u011b\u0159eny na sexu\u00e1ln\u00ed spojen\u00ed. Pokud se chcete spojit spole\u010densky, m\u016f\u017eete se pod\u00edvat na aplikace jako Facebook, Instagram, Snapchat, Twitter, LinkedIn, Viber, Kik, Whatsapp, WeChat, Line, Telegram, Skype, Yahoo Messenger, Pinterest, Tumblr, Reddit a Tumblr.<\/p>\n<h3>Nev\u00edte, jak\u00e9ho \u010dlov\u011bka hled\u00e1te<\/h3>\n<p>Bez ohledu na to, jak dobr\u00fd je v\u00e1\u0161 profil, neznamen\u00e1 to, \u017ee automaticky p\u0159il\u00e1k\u00e1te typ osoby, kterou hled\u00e1te. Ve skute\u010dnosti si v\u011bt\u0161ina lid\u00ed ani neuv\u011bdomuje, \u017ee jsou p\u0159itahov\u00e1ni k ur\u010dit\u00fdm typ\u016fm lid\u00ed. Tak\u017ee je d\u016fle\u017eit\u00e9 v\u011bnovat \u010das tomu, abyste opravdu p\u0159em\u00fd\u0161leli o tom, kdo jste a co hled\u00e1te v partnerovi. Pak, jakmile na to p\u0159ijdete, m\u016f\u017eete v\u011bci d\u00e1le z\u00fa\u017eit.<\/p>\n<h2>Nejlep\u0161\u00ed aplikace pro v\u00e1\u017en\u00fd vztah: OkCupid<\/h2>\n<p>OkCupid je jedn\u00edm z nejpopul\u00e1rn\u011bj\u0161\u00edch bezplatn\u00fdch seznamovac\u00edch web\u016f. Je to od roku 2007 a m\u00e1 asi 30 milion\u016f aktivn\u00edch \u010dlen\u016f po cel\u00e9m sv\u011bt\u011b. Zat\u00edmco mnoho lid\u00ed je skeptick\u00fdch ohledn\u011b <a href=\"http:\/\/arbouserecordings.com\/cs\/jak-najit-mistni-pripojeni-ve-vasem-okoli\/\">online datov\u00e1n\u00ed<\/a>, OkCupid je ve skute\u010dnosti docela \u00fasp\u011b\u0161n\u00fd. Na jejich str\u00e1nk\u00e1ch se d\u011bj\u00ed tis\u00edce ka\u017edodenn\u00edch konverzac\u00ed a \u0159\u00edkaj\u00ed, \u017ee jejich \u00fasp\u011bch se scvrk\u00e1v\u00e1 na jednu v\u011bc: spoustu milostn\u00fdch dopis\u016f.<\/p>\n<p>Aplikace se pt\u00e1 na str\u00e1nky ot\u00e1zek od jednoduch\u00fdch v\u011bc\u00ed a\u017e po to, kolik dat obvykle ukrajinsky \u010dek\u00e1te, ne\u017e se s n\u011bk\u00fdm vysp\u00edte. \u010c\u00edm hloub\u011bji v\u0161ak p\u016fjdete, t\u00edm p\u0159esn\u011bj\u0161\u00ed budou va\u0161e profily, podle OkCupid. To umo\u017e\u0148uje webu naj\u00edt shody na z\u00e1klad\u011b toho, co chcete, sp\u00ed\u0161e ne\u017e jen na va\u0161\u00ed poloze.<\/p>\n<p>Zat\u00edmco OkCupid m\u00e1 velmi silnou u\u017eivatelskou z\u00e1kladnu 30 milion\u016f aktivn\u00edch \u010dlen\u016f po cel\u00e9m sv\u011bt\u011b, kvalita z\u00e1pas\u016f se bude li\u0161it v z\u00e1vislosti na tom, kde \u017eijete. Pokud nejste ve velk\u00e9m m\u011bst\u011b, pravd\u011bpodobn\u011b uvid\u00edte m\u00e9n\u011b mo\u017enost\u00ed.<\/p>\n","protected":false},"excerpt":{"rendered":"<p>Hled\u00e1n\u00ed n\u011bkoho zvl\u00e1\u0161tn\u00edho s weby pro p\u0159ipojen\u00ed Existuje mnoho d\u016fvod\u016f, pro\u010d byste cht\u011bli pou\u017e\u00edt seznamovac\u00ed aplikaci, a\u0165 u\u017e je to proto, \u017ee se chcete setkat s n\u011bk\u00fdm zvl\u00e1\u0161tn\u00edm, naj\u00edt l\u00e1sku [&hellip;]<\/p>\n","protected":false},"author":1,"featured_media":237,"parent":0,"menu_order":0,"comment_status":"closed","ping_status":"closed","template":"","meta":[],"yoast_head":"<!-- This site is optimized with the Yoast SEO plugin v17.7.1 - https:\/\/yoast.com\/wordpress\/plugins\/seo\/ -->\n<title>Hled\u00e1n\u00ed n\u011bkoho zvl\u00e1\u0161tn\u00edho s weby pro p\u0159ipojen\u00ed - Adult Recordings<\/title>\n<meta name=\"robots\" content=\"index, follow, max-snippet:-1, max-image-preview:large, max-video-preview:-1\" \/>\n<link rel=\"canonical\" href=\"https:\/\/arbouserecordings.com\/cs\/hledani-nekoho-zvlastniho-s-weby-pro-pripojeni\/\" \/>\n<meta property=\"og:locale\" content=\"cs_CZ\" \/>\n<meta property=\"og:type\" content=\"article\" \/>\n<meta property=\"og:title\" content=\"Hled\u00e1n\u00ed n\u011bkoho zvl\u00e1\u0161tn\u00edho s weby pro p\u0159ipojen\u00ed - Adult Recordings\" \/>\n<meta property=\"og:description\" content=\"Hled\u00e1n\u00ed n\u011bkoho zvl\u00e1\u0161tn\u00edho s weby pro p\u0159ipojen\u00ed Existuje mnoho d\u016fvod\u016f, pro\u010d byste cht\u011bli pou\u017e\u00edt seznamovac\u00ed aplikaci, a\u0165 u\u017e je to proto, \u017ee se chcete setkat s n\u011bk\u00fdm zvl\u00e1\u0161tn\u00edm, naj\u00edt l\u00e1sku [&hellip;]\" \/>\n<meta property=\"og:url\" content=\"https:\/\/arbouserecordings.com\/cs\/hledani-nekoho-zvlastniho-s-weby-pro-pripojeni\/\" \/>\n<meta property=\"og:site_name\" content=\"Adult Recordings\" \/>\n<meta property=\"og:image\" content=\"https:\/\/arbouserecordings.com\/wp-content\/uploads\/2022\/08\/free-adult-hookup-apps.jpeg\" \/>\n\t<meta property=\"og:image:width\" content=\"1125\" \/>\n\t<meta property=\"og:image:height\" content=\"750\" \/>\n<meta name=\"twitter:card\" content=\"summary_large_image\" \/>\n<meta name=\"twitter:label1\" content=\"Odhadovan\u00e1 doba \u010dten\u00ed\" \/>\n\t<meta name=\"twitter:data1\" content=\"3 minuty\" \/>\n<script type=\"application\/ld+json\" class=\"yoast-schema-graph\">{\"@context\":\"https:\/\/schema.org\",\"@graph\":[{\"@type\":\"WebSite\",\"@id\":\"https:\/\/arbouserecordings.com\/nl\/#website\",\"url\":\"https:\/\/arbouserecordings.com\/nl\/\",\"name\":\"Adult Recordings\",\"description\":\"Online Hookup Reviews\",\"potentialAction\":[{\"@type\":\"SearchAction\",\"target\":{\"@type\":\"EntryPoint\",\"urlTemplate\":\"https:\/\/arbouserecordings.com\/nl\/?s={search_term_string}\"},\"query-input\":\"required name=search_term_string\"}],\"inLanguage\":\"cs\"},{\"@type\":\"ImageObject\",\"@id\":\"https:\/\/arbouserecordings.com\/cs\/hledani-nekoho-zvlastniho-s-weby-pro-pripojeni\/#primaryimage\",\"inLanguage\":\"cs\",\"url\":\"https:\/\/arbouserecordings.com\/wp-content\/uploads\/2022\/08\/free-adult-hookup-apps.jpeg\",\"contentUrl\":\"https:\/\/arbouserecordings.com\/wp-content\/uploads\/2022\/08\/free-adult-hookup-apps.jpeg\",\"width\":1125,\"height\":750},{\"@type\":\"WebPage\",\"@id\":\"https:\/\/arbouserecordings.com\/cs\/hledani-nekoho-zvlastniho-s-weby-pro-pripojeni\/#webpage\",\"url\":\"https:\/\/arbouserecordings.com\/cs\/hledani-nekoho-zvlastniho-s-weby-pro-pripojeni\/\",\"name\":\"Hled\\u00e1n\\u00ed n\\u011bkoho zvl\\u00e1\\u0161tn\\u00edho s weby pro p\\u0159ipojen\\u00ed - Adult Recordings\",\"isPartOf\":{\"@id\":\"https:\/\/arbouserecordings.com\/nl\/#website\"},\"primaryImageOfPage\":{\"@id\":\"https:\/\/arbouserecordings.com\/cs\/hledani-nekoho-zvlastniho-s-weby-pro-pripojeni\/#primaryimage\"},\"datePublished\":\"2022-08-28T10:00:46+00:00\",\"dateModified\":\"2022-08-28T10:00:46+00:00\",\"breadcrumb\":{\"@id\":\"https:\/\/arbouserecordings.com\/cs\/hledani-nekoho-zvlastniho-s-weby-pro-pripojeni\/#breadcrumb\"},\"inLanguage\":\"cs\",\"potentialAction\":[{\"@type\":\"ReadAction\",\"target\":[\"https:\/\/arbouserecordings.com\/cs\/hledani-nekoho-zvlastniho-s-weby-pro-pripojeni\/\"]}]},{\"@type\":\"BreadcrumbList\",\"@id\":\"https:\/\/arbouserecordings.com\/cs\/hledani-nekoho-zvlastniho-s-weby-pro-pripojeni\/#breadcrumb\",\"itemListElement\":[{\"@type\":\"ListItem\",\"position\":1,\"name\":\"Home\",\"item\":\"http:\/\/arbouserecordings.com\/cs\/\"},{\"@type\":\"ListItem\",\"position\":2,\"name\":\"Hled\\u00e1n\\u00ed n\\u011bkoho zvl\\u00e1\\u0161tn\\u00edho s weby pro p\\u0159ipojen\\u00ed\"}]}]}<\/script>\n<!-- \/ Yoast SEO plugin. -->","yoast_head_json":{"title":"Hled\u00e1n\u00ed n\u011bkoho zvl\u00e1\u0161tn\u00edho s weby pro p\u0159ipojen\u00ed - Adult Recordings","robots":{"index":"index","follow":"follow","max-snippet":"max-snippet:-1","max-image-preview":"max-image-preview:large","max-video-preview":"max-video-preview:-1"},"canonical":"https:\/\/arbouserecordings.com\/cs\/hledani-nekoho-zvlastniho-s-weby-pro-pripojeni\/","og_locale":"cs_CZ","og_type":"article","og_title":"Hled\u00e1n\u00ed n\u011bkoho zvl\u00e1\u0161tn\u00edho s weby pro p\u0159ipojen\u00ed - Adult Recordings","og_description":"Hled\u00e1n\u00ed n\u011bkoho zvl\u00e1\u0161tn\u00edho s weby pro p\u0159ipojen\u00ed Existuje mnoho d\u016fvod\u016f, pro\u010d byste cht\u011bli pou\u017e\u00edt seznamovac\u00ed aplikaci, a\u0165 u\u017e je to proto, \u017ee se chcete setkat s n\u011bk\u00fdm zvl\u00e1\u0161tn\u00edm, naj\u00edt l\u00e1sku [&hellip;]","og_url":"https:\/\/arbouserecordings.com\/cs\/hledani-nekoho-zvlastniho-s-weby-pro-pripojeni\/","og_site_name":"Adult Recordings","og_image":[{"width":1125,"height":750,"url":"https:\/\/arbouserecordings.com\/wp-content\/uploads\/2022\/08\/free-adult-hookup-apps.jpeg","type":"image\/jpeg"}],"twitter_card":"summary_large_image","twitter_misc":{"Odhadovan\u00e1 doba \u010dten\u00ed":"3 minuty"},"schema":{"@context":"https:\/\/schema.org","@graph":[{"@type":"WebSite","@id":"https:\/\/arbouserecordings.com\/nl\/#website","url":"https:\/\/arbouserecordings.com\/nl\/","name":"Adult Recordings","description":"Online Hookup Reviews","potentialAction":[{"@type":"SearchAction","target":{"@type":"EntryPoint","urlTemplate":"https:\/\/arbouserecordings.com\/nl\/?s={search_term_string}"},"query-input":"required name=search_term_string"}],"inLanguage":"cs"},{"@type":"ImageObject","@id":"https:\/\/arbouserecordings.com\/cs\/hledani-nekoho-zvlastniho-s-weby-pro-pripojeni\/#primaryimage","inLanguage":"cs","url":"https:\/\/arbouserecordings.com\/wp-content\/uploads\/2022\/08\/free-adult-hookup-apps.jpeg","contentUrl":"https:\/\/arbouserecordings.com\/wp-content\/uploads\/2022\/08\/free-adult-hookup-apps.jpeg","width":1125,"height":750},{"@type":"WebPage","@id":"https:\/\/arbouserecordings.com\/cs\/hledani-nekoho-zvlastniho-s-weby-pro-pripojeni\/#webpage","url":"https:\/\/arbouserecordings.com\/cs\/hledani-nekoho-zvlastniho-s-weby-pro-pripojeni\/","name":"Hled\u00e1n\u00ed n\u011bkoho zvl\u00e1\u0161tn\u00edho s weby pro p\u0159ipojen\u00ed - Adult Recordings","isPartOf":{"@id":"https:\/\/arbouserecordings.com\/nl\/#website"},"primaryImageOfPage":{"@id":"https:\/\/arbouserecordings.com\/cs\/hledani-nekoho-zvlastniho-s-weby-pro-pripojeni\/#primaryimage"},"datePublished":"2022-08-28T10:00:46+00:00","dateModified":"2022-08-28T10:00:46+00:00","breadcrumb":{"@id":"https:\/\/arbouserecordings.com\/cs\/hledani-nekoho-zvlastniho-s-weby-pro-pripojeni\/#breadcrumb"},"inLanguage":"cs","potentialAction":[{"@type":"ReadAction","target":["https:\/\/arbouserecordings.com\/cs\/hledani-nekoho-zvlastniho-s-weby-pro-pripojeni\/"]}]},{"@type":"BreadcrumbList","@id":"https:\/\/arbouserecordings.com\/cs\/hledani-nekoho-zvlastniho-s-weby-pro-pripojeni\/#breadcrumb","itemListElement":[{"@type":"ListItem","position":1,"name":"Home","item":"http:\/\/arbouserecordings.com\/cs\/"},{"@type":"ListItem","position":2,"name":"Hled\u00e1n\u00ed n\u011bkoho zvl\u00e1\u0161tn\u00edho s weby pro p\u0159ipojen\u00ed"}]}]}},"_links":{"self":[{"href":"https:\/\/arbouserecordings.com\/cs\/wp-json\/wp\/v2\/pages\/300"}],"collection":[{"href":"https:\/\/arbouserecordings.com\/cs\/wp-json\/wp\/v2\/pages"}],"about":[{"href":"https:\/\/arbouserecordings.com\/cs\/wp-json\/wp\/v2\/types\/page"}],"author":[{"embeddable":true,"href":"https:\/\/arbouserecordings.com\/cs\/wp-json\/wp\/v2\/users\/1"}],"replies":[{"embeddable":true,"href":"https:\/\/arbouserecordings.com\/cs\/wp-json\/wp\/v2\/comments?post=300"}],"version-history":[{"count":0,"href":"https:\/\/arbouserecordings.com\/cs\/wp-json\/wp\/v2\/pages\/300\/revisions"}],"wp:featuredmedia":[{"embeddable":true,"href":"https:\/\/arbouserecordings.com\/cs\/wp-json\/wp\/v2\/media\/237"}],"wp:attachment":[{"href":"https:\/\/arbouserecordings.com\/cs\/wp-json\/wp\/v2\/media?parent=300"}],"curies":[{"name":"wp","href":"https:\/\/api.w.org\/{rel}","templated":true}]}}