{"id":299,"date":"2022-08-28T11:16:24","date_gmt":"2022-08-28T10:16:24","guid":{"rendered":"http:\/\/arbouserecordings.com\/pruvodce-hledanim-lasky-s-blizkymi-singly\/"},"modified":"2022-08-28T11:16:24","modified_gmt":"2022-08-28T10:16:24","slug":"pruvodce-hledanim-lasky-s-blizkymi-singly","status":"publish","type":"page","link":"https:\/\/arbouserecordings.com\/cs\/pruvodce-hledanim-lasky-s-blizkymi-singly\/","title":{"rendered":"Pr\u016fvodce hled\u00e1n\u00edm l\u00e1sky s bl\u00edzk\u00fdmi singly"},"content":{"rendered":"<h1>Pr\u016fvodce hled\u00e1n\u00edm l\u00e1sky s bl\u00edzk\u00fdmi singly<\/h1>\n<p>Dnes existuje spousta online seznamovac\u00edch webov\u00fdch str\u00e1nek a v\u011bt\u0161ina z nich stoj\u00ed pen\u00edze. Pokud to chcete vyzkou\u0161et bez placen\u00ed \u010dehokoliv, mus\u00edte naj\u00edt zcela bezplatnou seznamku. Tam jsou n\u011bkter\u00e9 zcela zdarma seznamovac\u00ed webov\u00e9 str\u00e1nky tam, ale nejsou p\u0159\u00edli\u0161 popul\u00e1rn\u00ed. Tento \u010dl\u00e1nek uv\u00e1d\u00ed osm z nich, v\u010detn\u011b t\u011bch nejlep\u0161\u00edch.<\/p>\n<p>Tyto str\u00e1nky nab\u00edzej\u00ed n\u011bkolik \u00farovn\u00ed \u010dlenstv\u00ed <a href=\"http:\/\/arbouserecordings.com\/cs\/jak-uspet-na-online-seznamce-ziskejte-svuj-profil-spravne\/\">v z\u00e1vislosti na tom<\/a> , kolik chcete platit za m\u011bs\u00edc. M\u016f\u017eete si vybrat bu\u010f m\u011bs\u00ed\u010dn\u00ed p\u0159edplatn\u00e9, nebo ro\u010dn\u00ed pl\u00e1n. U v\u011bt\u0161iny aplikac\u00ed nejsou \u017e\u00e1dn\u00e9 skryt\u00e9 poplatky; v\u0161e je jasn\u011b stanoveno p\u0159edem. Jako \u010dlen si m\u016f\u017eete p\u0159e\u010d\u00edst recenze napsan\u00e9 p\u0159edchoz\u00edmi \u010dleny, prohl\u00ed\u017eet si fotografie potenci\u00e1ln\u00edch z\u00e1pas\u016f a dokonce chatovat \u017eiv\u011b s ostatn\u00edmi lidmi. Pokud se rozhodnete zaregistrovat k placen\u00e9mu \u010dlenstv\u00ed, m\u016f\u017eete pokra\u010dovat a zve\u0159ejnit sv\u016fj profil. T\u00edmto zp\u016fsobem m\u016f\u017ee kdokoli vid\u011bt va\u0161i fotogalerii a osobn\u00ed \u00fadaje. M\u016f\u017eete tak\u00e9 nastavit ur\u010dit\u00e9 p\u0159edvolby, nap\u0159\u00edklad polohu, v\u011bkov\u00e9 rozmez\u00ed, pohlav\u00ed a etnick\u00fd p\u016fvod. Neexistuje v\u0161ak \u017e\u00e1dn\u00e1 mo\u017enost, jak se rozhodnout, zda projev\u00edte sv\u016fj z\u00e1jem o n\u011bkoho na z\u00e1klad\u011b jeho vzhledu nebo osobnostn\u00edch rys\u016f.<\/p>\n<h1>M\u011bli byste za\u010d\u00edt chodit online &#8211; jak\u00e9 aplikace vyzkou\u0161et?<\/h1>\n<p>Bezplatn\u00e9 seznamovac\u00ed str\u00e1nky a aplikace jsou st\u00e1le popul\u00e1rn\u011bj\u0161\u00ed, proto\u017ee nevy\u017eaduj\u00ed \u010d\u00edslo kreditn\u00ed karty a obvykle nab\u00edzej\u00ed spoustu v\u00fdhod bez \u00fa\u010dtov\u00e1n\u00ed m\u011bs\u00ed\u010dn\u00edch poplatk\u016f. N\u011bkte\u0159\u00ed v\u00e1m dokonce umo\u017en\u00ed naj\u00edt l\u00e1sku, ani\u017e byste zaplatili n\u011bco p\u0159edem. Existuj\u00ed v\u0161ak ur\u010dit\u00e9 nev\u00fdhody p\u0159i registraci na bezplatn\u00fd web nebo aplikaci &#8211; nap\u0159\u00edklad m\u00edt m\u00e9n\u011b shod a je m\u00e9n\u011b pravd\u011bpodobn\u00e9, \u017ee se spoj\u00edte s n\u011bk\u00fdm, kdo sd\u00edl\u00ed va\u0161e z\u00e1jmy.<\/p>\n<h2>\u010cMB<\/h2>\n<p>Coffee Meets Bagel je seznamovac\u00ed aplikace, kde mohou \u010dlenov\u00e9 b\u011bhem n\u011bkolika sekund proch\u00e1zet profily a zpr\u00e1vy potenci\u00e1ln\u00edch dat. U\u017eivatel\u00e9 mohou vid\u011bt, kolik lajk\u016f ka\u017ed\u00fd profil obdr\u017eel a zda existuj\u00ed n\u011bjak\u00e9 ned\u00e1vn\u00e9 zpr\u00e1vy. Mohou tak\u00e9 poslat zpr\u00e1vu a za\u010d\u00edt chatovat s osobou. Aplikace tak\u00e9 d\u00e1v\u00e1 u\u017eivatel\u016fm mo\u017enost nastavit si rande u k\u00e1vy nebo setk\u00e1n\u00ed s jin\u00fdm \u010dlenem.<\/p>\n<p>Aplikace umo\u017e\u0148uje p\u0159ejet prstem doprava, pokud se chcete spojit s n\u011bk\u00fdm jin\u00fdm, nebo doleva, pokud nechcete. Pokud maj\u00ed ob\u011b strany z\u00e1jem, budou chatovat.<\/p>\n<p>U heterosexu\u00e1ln\u00edch p\u00e1r\u016f \u017eena nejprve ode\u0161le sv\u016fj profil. U p\u00e1r\u016f stejn\u00e9ho pohlav\u00ed m\u016f\u017ee kdokoli iniciovat kontakt.<\/p>\n<p>M\u016f\u017eete vyhled\u00e1vat profily, navazovat spojen\u00ed a odes\u00edlat zpr\u00e1vy.<\/p>\n<h2>Troud<\/h2>\n<p>Tinder je mobiln\u00ed aplikace zalo\u017een\u00e1 na poloze, kter\u00e1 umo\u017e\u0148uje u\u017eivatel\u016fm chatovat s ostatn\u00edmi v okol\u00ed a vytv\u00e1\u0159et spojen\u00ed prost\u0159ednictv\u00edm textu nebo emod\u017ei. Lid\u00e9 se pomoc\u00ed aplikace spojuj\u00ed s k\u00fdmkoli v okol\u00ed, bez ohledu na v\u011bk nebo pohlav\u00ed. U\u017eivatel\u00e9 mohou p\u0159idat dal\u0161\u00ed informace o sob\u011b, jako jsou z\u00e1jmy, vzd\u011bl\u00e1n\u00ed, kari\u00e9ra a kon\u00ed\u010dky. Mohou tak\u00e9 nahr\u00e1t fotku a vybrat m\u00edsto, kde se bude zobrazovat jejich aktu\u00e1ln\u00ed poloha. Po sp\u00e1rov\u00e1n\u00ed mohou u\u017eivatel\u00e9 za\u010d\u00edt pos\u00edlat zpr\u00e1vy.<\/p>\n<h2>OkCupid<\/h2>\n<p>OkCupid je <a href=\"http:\/\/arbouserecordings.com\/cs\/hledani-nekoho-zvlastniho-s-weby-pro-pripojeni\/\">bezplatn\u00e1 seznamovac\u00ed aplikace<\/a> , kter\u00e1 nab\u00edz\u00ed kompatibilitu na z\u00e1klad\u011b faktor\u016f, jako jsou osobnostn\u00ed rysy, hodnoty, \u017eivotn\u00ed styl a sd\u00edlen\u00e9 aktivity. Ok Cupid pou\u017e\u00edv\u00e1 dotazn\u00edk, kter\u00fd pom\u00e1h\u00e1 u\u017eivatel\u016fm objevovat spole\u010dn\u00e9 rysy a rozd\u00edly mezi potenci\u00e1ln\u00edmi partnery. Kdy\u017e se dva u\u017eivatel\u00e9 shoduj\u00ed, mohou si navz\u00e1jem prohl\u00ed\u017eet profily a soukrom\u011b komunikovat. S touto bezplatnou slu\u017ebou budete moci nastavit seznamovac\u00ed profil, kter\u00fd nen\u00ed viditeln\u00fd pro nikoho jin\u00e9ho ne\u017e pro v\u00e1s. Sv\u016fj profil m\u016f\u017eete nastavit jako ve\u0159ejn\u00fd nebo ho nechat skryt\u00fd. M\u016f\u017eete dokonce p\u0159idat \u00favodn\u00ed fotku.<\/p>\n<h2>Z\u00e1v\u011bs<\/h2>\n<p>Hinge je mobiln\u00ed aplikace, kter\u00e1 spojuje lidi na z\u00e1klad\u011b spole\u010dn\u00fdch p\u0159\u00e1tel. Hinge pou\u017e\u00edv\u00e1 data Facebooku k ur\u010den\u00ed kompatibility. Po registraci mohou u\u017eivatel\u00e9 proch\u00e1zet profily a odes\u00edlat zpr\u00e1vy ostatn\u00edm u\u017eivatel\u016fm. Pokud se dva u\u017eivatel\u00e9 rozhodnou st\u00e1t se shodou, mohou si vym\u011bnit telefonn\u00ed \u010d\u00edsla a domluvit si osobn\u00ed sch\u016fzku.<\/p>\n<p>U\u017eivatel\u00e9 mohou tak\u00e9 p\u0159id\u00e1vat fotografie, videa a \u00fadaje o poloze, aby pomohli ostatn\u00edm nav\u00e1zat spojen\u00ed. A zat\u00edmco aplikace nevy\u017eaduje, aby u\u017eivatel\u00e9 vypl\u0148ovali rozs\u00e1hl\u00e9 profily, klade ot\u00e1zky o v\u011bcech, jako je n\u00e1bo\u017eenstv\u00ed, politika a vzd\u011bl\u00e1v\u00e1n\u00ed. To v\u0161e se m\u016f\u017ee zd\u00e1t docela z\u00e1kladn\u00ed, ale Hinge \u0159\u00edk\u00e1, \u017ee je to jin\u00e9, proto\u017ee je navr\u017eeno tak, aby se lid\u00e9 mohli soust\u0159edit na hled\u00e1n\u00ed l\u00e1sky v t\u011bchto oblastech.<\/p>\n<h2>POF<\/h2>\n<p>Plenty of Fish je bezplatn\u00e1 online seznamka, kter\u00e1 se star\u00e1 o ty, kte\u0159\u00ed hledaj\u00ed dlouhodob\u00e9 vztahy. Spousta ryb obsahuje funkce, jako je \u017eiv\u00fd chat, videochat a e-mail. U\u017eivatel\u00e9 mohou tak\u00e9 zobrazit ve\u0159ejn\u00e9 p\u0159\u00edsp\u011bvky jin\u00fdch u\u017eivatel\u016f a \u010d\u00edst zpr\u00e1vy odeslan\u00e9 jin\u00fdmi u\u017eivateli. Na cel\u00e9m sv\u011bt\u011b je registrov\u00e1no v\u00edce ne\u017e 40 milion\u016f u\u017eivatel\u016f.<\/p>\n<p>PlentyOfFish je dal\u0161\u00ed star\u00fd, ale dobr\u00fd. Byla zalo\u017eena v roce 2003 a nyn\u00ed tvrd\u00ed, \u017ee m\u00e1 2 miliony n\u00e1v\u0161t\u011bvn\u00edk\u016f m\u011bs\u00ed\u010dn\u011b. Jejich motto je &#8222;Free To Browse&#8220; a nab\u00edzej\u00ed spoustu funkc\u00ed, jako jsou chatovac\u00ed m\u00edstnosti, videochaty atd.<\/p>\n<h2>Zoosk<\/h2>\n<p>Zoosk je popul\u00e1rn\u00ed seznamovac\u00ed aplikace, kter\u00e1 se zam\u011b\u0159uje na pomoc u\u017eivatel\u016fm naj\u00edt pravou l\u00e1sku. Zoosk je zcela zdarma ke sta\u017een\u00ed a registraci. U\u017eivatel\u00e9 si mohou vytvo\u0159it profil, nahr\u00e1t v\u00edce obr\u00e1zk\u016f a zahrnout z\u00e1kladn\u00ed informace o sob\u011b. Mohou tak\u00e9 odpov\u00eddat na ot\u00e1zky polo\u017een\u00e9 jin\u00fdmi u\u017eivateli, aby pomohli z\u00fa\u017eit kompatibiln\u00ed shody. Zoosk je relativn\u011b nov\u00fd hr\u00e1\u010d v online seznamovac\u00ed h\u0159e, ale ji\u017e se mu poda\u0159ilo st\u00e1t se jedn\u00edm z nejv\u011bt\u0161\u00edch hr\u00e1\u010d\u016f. Byla zalo\u017eena v roce 2007 a dnes tvrd\u00ed, \u017ee m\u00e1 v\u00edce ne\u017e 20 milion\u016f registrovan\u00fdch u\u017eivatel\u016f.<\/p>\n","protected":false},"excerpt":{"rendered":"<p>Pr\u016fvodce hled\u00e1n\u00edm l\u00e1sky s bl\u00edzk\u00fdmi singly Dnes existuje spousta online seznamovac\u00edch webov\u00fdch str\u00e1nek a v\u011bt\u0161ina z nich stoj\u00ed pen\u00edze. Pokud to chcete vyzkou\u0161et bez placen\u00ed \u010dehokoliv, mus\u00edte naj\u00edt zcela bezplatnou [&hellip;]<\/p>\n","protected":false},"author":1,"featured_media":252,"parent":0,"menu_order":0,"comment_status":"closed","ping_status":"closed","template":"","meta":[],"yoast_head":"<!-- This site is optimized with the Yoast SEO plugin v17.7.1 - https:\/\/yoast.com\/wordpress\/plugins\/seo\/ -->\n<title>Pr\u016fvodce hled\u00e1n\u00edm l\u00e1sky s bl\u00edzk\u00fdmi singly - Adult Recordings<\/title>\n<meta name=\"robots\" content=\"index, follow, max-snippet:-1, max-image-preview:large, max-video-preview:-1\" \/>\n<link rel=\"canonical\" href=\"https:\/\/arbouserecordings.com\/cs\/pruvodce-hledanim-lasky-s-blizkymi-singly\/\" \/>\n<meta property=\"og:locale\" content=\"cs_CZ\" \/>\n<meta property=\"og:type\" content=\"article\" \/>\n<meta property=\"og:title\" content=\"Pr\u016fvodce hled\u00e1n\u00edm l\u00e1sky s bl\u00edzk\u00fdmi singly - Adult Recordings\" \/>\n<meta property=\"og:description\" content=\"Pr\u016fvodce hled\u00e1n\u00edm l\u00e1sky s bl\u00edzk\u00fdmi singly Dnes existuje spousta online seznamovac\u00edch webov\u00fdch str\u00e1nek a v\u011bt\u0161ina z nich stoj\u00ed pen\u00edze. Pokud to chcete vyzkou\u0161et bez placen\u00ed \u010dehokoliv, mus\u00edte naj\u00edt zcela bezplatnou [&hellip;]\" \/>\n<meta property=\"og:url\" content=\"https:\/\/arbouserecordings.com\/cs\/pruvodce-hledanim-lasky-s-blizkymi-singly\/\" \/>\n<meta property=\"og:site_name\" content=\"Adult Recordings\" \/>\n<meta property=\"og:image\" content=\"https:\/\/arbouserecordings.com\/wp-content\/uploads\/2022\/08\/free-sexting.jpeg\" \/>\n\t<meta property=\"og:image:width\" content=\"1125\" \/>\n\t<meta property=\"og:image:height\" content=\"750\" \/>\n<meta name=\"twitter:card\" content=\"summary_large_image\" \/>\n<meta name=\"twitter:label1\" content=\"Odhadovan\u00e1 doba \u010dten\u00ed\" \/>\n\t<meta name=\"twitter:data1\" content=\"5 minut\" \/>\n<script type=\"application\/ld+json\" class=\"yoast-schema-graph\">{\"@context\":\"https:\/\/schema.org\",\"@graph\":[{\"@type\":\"WebSite\",\"@id\":\"https:\/\/arbouserecordings.com\/nl\/#website\",\"url\":\"https:\/\/arbouserecordings.com\/nl\/\",\"name\":\"Adult Recordings\",\"description\":\"Online Hookup Reviews\",\"potentialAction\":[{\"@type\":\"SearchAction\",\"target\":{\"@type\":\"EntryPoint\",\"urlTemplate\":\"https:\/\/arbouserecordings.com\/nl\/?s={search_term_string}\"},\"query-input\":\"required name=search_term_string\"}],\"inLanguage\":\"cs\"},{\"@type\":\"ImageObject\",\"@id\":\"https:\/\/arbouserecordings.com\/cs\/pruvodce-hledanim-lasky-s-blizkymi-singly\/#primaryimage\",\"inLanguage\":\"cs\",\"url\":\"https:\/\/arbouserecordings.com\/wp-content\/uploads\/2022\/08\/free-sexting.jpeg\",\"contentUrl\":\"https:\/\/arbouserecordings.com\/wp-content\/uploads\/2022\/08\/free-sexting.jpeg\",\"width\":1125,\"height\":750},{\"@type\":\"WebPage\",\"@id\":\"https:\/\/arbouserecordings.com\/cs\/pruvodce-hledanim-lasky-s-blizkymi-singly\/#webpage\",\"url\":\"https:\/\/arbouserecordings.com\/cs\/pruvodce-hledanim-lasky-s-blizkymi-singly\/\",\"name\":\"Pr\\u016fvodce hled\\u00e1n\\u00edm l\\u00e1sky s bl\\u00edzk\\u00fdmi singly - Adult Recordings\",\"isPartOf\":{\"@id\":\"https:\/\/arbouserecordings.com\/nl\/#website\"},\"primaryImageOfPage\":{\"@id\":\"https:\/\/arbouserecordings.com\/cs\/pruvodce-hledanim-lasky-s-blizkymi-singly\/#primaryimage\"},\"datePublished\":\"2022-08-28T10:16:24+00:00\",\"dateModified\":\"2022-08-28T10:16:24+00:00\",\"breadcrumb\":{\"@id\":\"https:\/\/arbouserecordings.com\/cs\/pruvodce-hledanim-lasky-s-blizkymi-singly\/#breadcrumb\"},\"inLanguage\":\"cs\",\"potentialAction\":[{\"@type\":\"ReadAction\",\"target\":[\"https:\/\/arbouserecordings.com\/cs\/pruvodce-hledanim-lasky-s-blizkymi-singly\/\"]}]},{\"@type\":\"BreadcrumbList\",\"@id\":\"https:\/\/arbouserecordings.com\/cs\/pruvodce-hledanim-lasky-s-blizkymi-singly\/#breadcrumb\",\"itemListElement\":[{\"@type\":\"ListItem\",\"position\":1,\"name\":\"Home\",\"item\":\"http:\/\/arbouserecordings.com\/cs\/\"},{\"@type\":\"ListItem\",\"position\":2,\"name\":\"Pr\\u016fvodce hled\\u00e1n\\u00edm l\\u00e1sky s bl\\u00edzk\\u00fdmi singly\"}]}]}<\/script>\n<!-- \/ Yoast SEO plugin. -->","yoast_head_json":{"title":"Pr\u016fvodce hled\u00e1n\u00edm l\u00e1sky s bl\u00edzk\u00fdmi singly - Adult Recordings","robots":{"index":"index","follow":"follow","max-snippet":"max-snippet:-1","max-image-preview":"max-image-preview:large","max-video-preview":"max-video-preview:-1"},"canonical":"https:\/\/arbouserecordings.com\/cs\/pruvodce-hledanim-lasky-s-blizkymi-singly\/","og_locale":"cs_CZ","og_type":"article","og_title":"Pr\u016fvodce hled\u00e1n\u00edm l\u00e1sky s bl\u00edzk\u00fdmi singly - Adult Recordings","og_description":"Pr\u016fvodce hled\u00e1n\u00edm l\u00e1sky s bl\u00edzk\u00fdmi singly Dnes existuje spousta online seznamovac\u00edch webov\u00fdch str\u00e1nek a v\u011bt\u0161ina z nich stoj\u00ed pen\u00edze. Pokud to chcete vyzkou\u0161et bez placen\u00ed \u010dehokoliv, mus\u00edte naj\u00edt zcela bezplatnou [&hellip;]","og_url":"https:\/\/arbouserecordings.com\/cs\/pruvodce-hledanim-lasky-s-blizkymi-singly\/","og_site_name":"Adult Recordings","og_image":[{"width":1125,"height":750,"url":"https:\/\/arbouserecordings.com\/wp-content\/uploads\/2022\/08\/free-sexting.jpeg","type":"image\/jpeg"}],"twitter_card":"summary_large_image","twitter_misc":{"Odhadovan\u00e1 doba \u010dten\u00ed":"5 minut"},"schema":{"@context":"https:\/\/schema.org","@graph":[{"@type":"WebSite","@id":"https:\/\/arbouserecordings.com\/nl\/#website","url":"https:\/\/arbouserecordings.com\/nl\/","name":"Adult Recordings","description":"Online Hookup Reviews","potentialAction":[{"@type":"SearchAction","target":{"@type":"EntryPoint","urlTemplate":"https:\/\/arbouserecordings.com\/nl\/?s={search_term_string}"},"query-input":"required name=search_term_string"}],"inLanguage":"cs"},{"@type":"ImageObject","@id":"https:\/\/arbouserecordings.com\/cs\/pruvodce-hledanim-lasky-s-blizkymi-singly\/#primaryimage","inLanguage":"cs","url":"https:\/\/arbouserecordings.com\/wp-content\/uploads\/2022\/08\/free-sexting.jpeg","contentUrl":"https:\/\/arbouserecordings.com\/wp-content\/uploads\/2022\/08\/free-sexting.jpeg","width":1125,"height":750},{"@type":"WebPage","@id":"https:\/\/arbouserecordings.com\/cs\/pruvodce-hledanim-lasky-s-blizkymi-singly\/#webpage","url":"https:\/\/arbouserecordings.com\/cs\/pruvodce-hledanim-lasky-s-blizkymi-singly\/","name":"Pr\u016fvodce hled\u00e1n\u00edm l\u00e1sky s bl\u00edzk\u00fdmi singly - Adult Recordings","isPartOf":{"@id":"https:\/\/arbouserecordings.com\/nl\/#website"},"primaryImageOfPage":{"@id":"https:\/\/arbouserecordings.com\/cs\/pruvodce-hledanim-lasky-s-blizkymi-singly\/#primaryimage"},"datePublished":"2022-08-28T10:16:24+00:00","dateModified":"2022-08-28T10:16:24+00:00","breadcrumb":{"@id":"https:\/\/arbouserecordings.com\/cs\/pruvodce-hledanim-lasky-s-blizkymi-singly\/#breadcrumb"},"inLanguage":"cs","potentialAction":[{"@type":"ReadAction","target":["https:\/\/arbouserecordings.com\/cs\/pruvodce-hledanim-lasky-s-blizkymi-singly\/"]}]},{"@type":"BreadcrumbList","@id":"https:\/\/arbouserecordings.com\/cs\/pruvodce-hledanim-lasky-s-blizkymi-singly\/#breadcrumb","itemListElement":[{"@type":"ListItem","position":1,"name":"Home","item":"http:\/\/arbouserecordings.com\/cs\/"},{"@type":"ListItem","position":2,"name":"Pr\u016fvodce hled\u00e1n\u00edm l\u00e1sky s bl\u00edzk\u00fdmi singly"}]}]}},"_links":{"self":[{"href":"https:\/\/arbouserecordings.com\/cs\/wp-json\/wp\/v2\/pages\/299"}],"collection":[{"href":"https:\/\/arbouserecordings.com\/cs\/wp-json\/wp\/v2\/pages"}],"about":[{"href":"https:\/\/arbouserecordings.com\/cs\/wp-json\/wp\/v2\/types\/page"}],"author":[{"embeddable":true,"href":"https:\/\/arbouserecordings.com\/cs\/wp-json\/wp\/v2\/users\/1"}],"replies":[{"embeddable":true,"href":"https:\/\/arbouserecordings.com\/cs\/wp-json\/wp\/v2\/comments?post=299"}],"version-history":[{"count":0,"href":"https:\/\/arbouserecordings.com\/cs\/wp-json\/wp\/v2\/pages\/299\/revisions"}],"wp:featuredmedia":[{"embeddable":true,"href":"https:\/\/arbouserecordings.com\/cs\/wp-json\/wp\/v2\/media\/252"}],"wp:attachment":[{"href":"https:\/\/arbouserecordings.com\/cs\/wp-json\/wp\/v2\/media?parent=299"}],"curies":[{"name":"wp","href":"https:\/\/api.w.org\/{rel}","templated":true}]}}